{"id":17110,"date":"2018-06-07T16:54:14","date_gmt":"2018-06-07T16:54:14","guid":{"rendered":"https:\/\/www.barnes-miami.com\/?page_id=17110"},"modified":"2018-06-07T16:54:14","modified_gmt":"2018-06-07T16:54:14","slug":"networking-2","status":"publish","type":"page","link":"https:\/\/www.barnes-miami.com\/en\/networking-2\/","title":{"rendered":"Linking"},"content":{"rendered":"<h1 style=\"text-align: justify;\"><b>Our network of real estate agents in Miami and around the world\u00a0<\/b><\/h1>\n<p style=\"text-align: justify;\"><span style=\"font-weight: 400;\">In order to meet the requirements of our customers and support you in your project of buying or selling abroad, the teams of our offices are composed of<a href=\"https:\/\/www.barnes-miami.com\/en\/notre-equipe\/\">specialized real estate agents<\/a> in luxury and exceptional properties. If you want to invest or live in Florida, our real estate agency located in Miami can help you in your search for an apartment or a house. Depending on your needs, we can put you in touch with an expert who can advise you and find the <a href=\"https:\/\/www.barnes-miami.com\/en\/nos-biens\/\">good of your dreams<\/a>. Similarly, if your project concerns another city, such as Paris, New York, Geneva or Saint-Barth, we can refer you to one of our specialists in these destinations. <\/span><\/p>\n<h2 style=\"text-align: justify;\"><b>Our strength: an international presence in many cities<\/b><\/h2>\n<p style=\"text-align: justify;\"><span style=\"font-weight: 400;\">Our real estate agency has been established in Miami, on the Southeast coast of the United States, for more than fifteen years. So we know the market, the neighborhoods and the communities of the city very well. But it is not our only antenna. Over the years, our network has grown and today we have several offices in <a href=\"https:\/\/www.barnes-international.com\">France<\/a> (Paris, Deauville, Biarritz, Cannes or Courchevel) and internationally (Geneva, London, New York). We also have correspondents and real estate agents in Russia or Asia. Therefore, whatever your project, we can offer you a personalized solution.<\/span><\/p>\n<h2 style=\"text-align: justify;\"><b>Experts at your service for your investment\u00a0<\/b><\/h2>\n<p style=\"text-align: justify;\"><span style=\"font-weight: 400;\">As specialists in luxury real estate in Miami, our agents are competent to deal with the sale, management, rental of a property and also, your search for a house, a apartment or villa as part of a purchase. You can contact us before or after your arrival in Florida. In addition, if you wish to be put in contact with our other international real estate agencies or our correspondents, simply contact us. After analyzing your file, we will direct you to the right contact. Thus, you can be advised by a real expert who knows his sector perfectly and who will select for you prestigious properties in the United States or in other countries of the world.<br \/>\n<\/span><\/p>\n<p><a href=\"https:\/\/www.barnes-miami.com\/en\/contact\/\">Contact Us<\/a> !<\/p>","protected":false},"excerpt":{"rendered":"<p>Notre r\u00e9seau d\u2019agents immobiliers \u00e0 Miami et partout dans le monde\u00a0 Afin de r\u00e9pondre aux exigences de nos clients et vous accompagner dans votre projet d\u2019achat ou de vente \u00e0 l\u2019\u00e9tranger, les \u00e9quipes de nos bureaux sont compos\u00e9s d\u2019agents immobiliers sp\u00e9cialis\u00e9s dans les propri\u00e9t\u00e9s de luxe et d\u2019exception. Si vous souhaitez investir ou vivre en [&hellip;]<\/p>\n","protected":false},"author":2,"featured_media":17111,"parent":0,"menu_order":0,"comment_status":"closed","ping_status":"closed","template":"","meta":{"inline_featured_image":false,"footnotes":""},"class_list":["post-17110","page","type-page","status-publish","has-post-thumbnail","hentry"],"yoast_head":"<!-- This site is optimized with the Yoast SEO plugin v27.4 - https:\/\/yoast.com\/product\/yoast-seo-wordpress\/ -->\n<title>International | Immobilier de prestige | BARNES MIAMI<\/title>\n<meta name=\"description\" content=\"Notre r\u00e9seau d\u2019agents immobiliers \u00e0 Miami et partout dans le monde. Contactez-nous !\" \/>\n<meta name=\"robots\" content=\"index, follow, max-snippet:-1, max-image-preview:large, max-video-preview:-1\" \/>\n<link rel=\"canonical\" href=\"https:\/\/www.barnes-miami.com\/en\/networking-2\/\" \/>\n<meta property=\"og:locale\" content=\"en_US\" \/>\n<meta property=\"og:type\" content=\"article\" \/>\n<meta property=\"og:title\" content=\"International | Immobilier de prestige | BARNES MIAMI\" \/>\n<meta property=\"og:description\" content=\"Notre r\u00e9seau d\u2019agents immobiliers \u00e0 Miami et partout dans le monde. Contactez-nous !\" \/>\n<meta property=\"og:url\" content=\"https:\/\/www.barnes-miami.com\/en\/networking-2\/\" \/>\n<meta property=\"og:site_name\" content=\"BARNES Miami\" \/>\n<meta property=\"article:publisher\" content=\"https:\/\/www.facebook.com\/barnesinternationalmiami\/\" \/>\n<meta property=\"og:image\" content=\"https:\/\/www.barnes-miami.com\/wp-content\/uploads\/2018\/06\/networking.jpg\" \/>\n\t<meta property=\"og:image:width\" content=\"1235\" \/>\n\t<meta property=\"og:image:height\" content=\"403\" \/>\n\t<meta property=\"og:image:type\" content=\"image\/jpeg\" \/>\n<meta name=\"twitter:card\" content=\"summary_large_image\" \/>\n<meta name=\"twitter:site\" content=\"@barnesmiami\" \/>\n<meta name=\"twitter:label1\" content=\"Est. reading time\" \/>\n\t<meta name=\"twitter:data1\" content=\"2 minutes\" \/>\n<script type=\"application\/ld+json\" class=\"yoast-schema-graph\">{\"@context\":\"https:\\\/\\\/schema.org\",\"@graph\":[{\"@type\":\"WebPage\",\"@id\":\"https:\\\/\\\/www.barnes-miami.com\\\/networking-2\\\/\",\"url\":\"https:\\\/\\\/www.barnes-miami.com\\\/networking-2\\\/\",\"name\":\"International | Immobilier de prestige | BARNES MIAMI\",\"isPartOf\":{\"@id\":\"https:\\\/\\\/www.barnes-miami.com\\\/#website\"},\"primaryImageOfPage\":{\"@id\":\"https:\\\/\\\/www.barnes-miami.com\\\/networking-2\\\/#primaryimage\"},\"image\":{\"@id\":\"https:\\\/\\\/www.barnes-miami.com\\\/networking-2\\\/#primaryimage\"},\"thumbnailUrl\":\"https:\\\/\\\/www.barnes-miami.com\\\/wp-content\\\/uploads\\\/2018\\\/06\\\/networking.jpg\",\"datePublished\":\"2018-06-07T16:54:14+00:00\",\"description\":\"Notre r\u00e9seau d\u2019agents immobiliers \u00e0 Miami et partout dans le monde. Contactez-nous !\",\"breadcrumb\":{\"@id\":\"https:\\\/\\\/www.barnes-miami.com\\\/networking-2\\\/#breadcrumb\"},\"inLanguage\":\"en-US\",\"potentialAction\":[{\"@type\":\"ReadAction\",\"target\":[\"https:\\\/\\\/www.barnes-miami.com\\\/networking-2\\\/\"]}]},{\"@type\":\"ImageObject\",\"inLanguage\":\"en-US\",\"@id\":\"https:\\\/\\\/www.barnes-miami.com\\\/networking-2\\\/#primaryimage\",\"url\":\"https:\\\/\\\/www.barnes-miami.com\\\/wp-content\\\/uploads\\\/2018\\\/06\\\/networking.jpg\",\"contentUrl\":\"https:\\\/\\\/www.barnes-miami.com\\\/wp-content\\\/uploads\\\/2018\\\/06\\\/networking.jpg\",\"width\":1235,\"height\":403},{\"@type\":\"BreadcrumbList\",\"@id\":\"https:\\\/\\\/www.barnes-miami.com\\\/networking-2\\\/#breadcrumb\",\"itemListElement\":[{\"@type\":\"ListItem\",\"position\":1,\"name\":\"Accueil\",\"item\":\"https:\\\/\\\/www.barnes-miami.com\\\/\"},{\"@type\":\"ListItem\",\"position\":2,\"name\":\"Mise en relation\"}]},{\"@type\":\"WebSite\",\"@id\":\"https:\\\/\\\/www.barnes-miami.com\\\/#website\",\"url\":\"https:\\\/\\\/www.barnes-miami.com\\\/\",\"name\":\"BARNES Miami\",\"description\":\"#1 International Real Estate Brokerage in South Florida\",\"publisher\":{\"@id\":\"https:\\\/\\\/www.barnes-miami.com\\\/#organization\"},\"potentialAction\":[{\"@type\":\"SearchAction\",\"target\":{\"@type\":\"EntryPoint\",\"urlTemplate\":\"https:\\\/\\\/www.barnes-miami.com\\\/?s={search_term_string}\"},\"query-input\":{\"@type\":\"PropertyValueSpecification\",\"valueRequired\":true,\"valueName\":\"search_term_string\"}}],\"inLanguage\":\"en-US\"},{\"@type\":\"Organization\",\"@id\":\"https:\\\/\\\/www.barnes-miami.com\\\/#organization\",\"name\":\"BARNES Miami\",\"url\":\"https:\\\/\\\/www.barnes-miami.com\\\/\",\"logo\":{\"@type\":\"ImageObject\",\"inLanguage\":\"en-US\",\"@id\":\"https:\\\/\\\/www.barnes-miami.com\\\/#\\\/schema\\\/logo\\\/image\\\/\",\"url\":\"https:\\\/\\\/www.barnes-miami.com\\\/wp-content\\\/uploads\\\/2026\\\/01\\\/logo-2.png\",\"contentUrl\":\"https:\\\/\\\/www.barnes-miami.com\\\/wp-content\\\/uploads\\\/2026\\\/01\\\/logo-2.png\",\"width\":1100,\"height\":1100,\"caption\":\"BARNES Miami\"},\"image\":{\"@id\":\"https:\\\/\\\/www.barnes-miami.com\\\/#\\\/schema\\\/logo\\\/image\\\/\"},\"sameAs\":[\"https:\\\/\\\/www.facebook.com\\\/barnesinternationalmiami\\\/\",\"https:\\\/\\\/x.com\\\/barnesmiami\",\"https:\\\/\\\/www.instagram.com\\\/barnesmiami\\\/\",\"https:\\\/\\\/www.linkedin.com\\\/company\\\/barnes-international-miami\\\/\",\"https:\\\/\\\/www.youtube.com\\\/user\\\/BarnesImmoMiami\\\/\"]}]}<\/script>\n<!-- \/ Yoast SEO plugin. -->","yoast_head_json":{"title":"International | Luxury real estate | BARNES MIAMI","description":"Our network of real estate agents in Miami and around the world. Contact us!","robots":{"index":"index","follow":"follow","max-snippet":"max-snippet:-1","max-image-preview":"max-image-preview:large","max-video-preview":"max-video-preview:-1"},"canonical":"https:\/\/www.barnes-miami.com\/en\/networking-2\/","og_locale":"en_US","og_type":"article","og_title":"International | Immobilier de prestige | BARNES MIAMI","og_description":"Notre r\u00e9seau d\u2019agents immobiliers \u00e0 Miami et partout dans le monde. Contactez-nous !","og_url":"https:\/\/www.barnes-miami.com\/en\/networking-2\/","og_site_name":"BARNES Miami","article_publisher":"https:\/\/www.facebook.com\/barnesinternationalmiami\/","og_image":[{"width":1235,"height":403,"url":"https:\/\/www.barnes-miami.com\/wp-content\/uploads\/2018\/06\/networking.jpg","type":"image\/jpeg"}],"twitter_card":"summary_large_image","twitter_site":"@barnesmiami","twitter_misc":{"Est. reading time":"2 minutes"},"schema":{"@context":"https:\/\/schema.org","@graph":[{"@type":"WebPage","@id":"https:\/\/www.barnes-miami.com\/networking-2\/","url":"https:\/\/www.barnes-miami.com\/networking-2\/","name":"International | Luxury real estate | BARNES MIAMI","isPartOf":{"@id":"https:\/\/www.barnes-miami.com\/#website"},"primaryImageOfPage":{"@id":"https:\/\/www.barnes-miami.com\/networking-2\/#primaryimage"},"image":{"@id":"https:\/\/www.barnes-miami.com\/networking-2\/#primaryimage"},"thumbnailUrl":"https:\/\/www.barnes-miami.com\/wp-content\/uploads\/2018\/06\/networking.jpg","datePublished":"2018-06-07T16:54:14+00:00","description":"Our network of real estate agents in Miami and around the world. Contact us!","breadcrumb":{"@id":"https:\/\/www.barnes-miami.com\/networking-2\/#breadcrumb"},"inLanguage":"en-US","potentialAction":[{"@type":"ReadAction","target":["https:\/\/www.barnes-miami.com\/networking-2\/"]}]},{"@type":"ImageObject","inLanguage":"en-US","@id":"https:\/\/www.barnes-miami.com\/networking-2\/#primaryimage","url":"https:\/\/www.barnes-miami.com\/wp-content\/uploads\/2018\/06\/networking.jpg","contentUrl":"https:\/\/www.barnes-miami.com\/wp-content\/uploads\/2018\/06\/networking.jpg","width":1235,"height":403},{"@type":"BreadcrumbList","@id":"https:\/\/www.barnes-miami.com\/networking-2\/#breadcrumb","itemListElement":[{"@type":"ListItem","position":1,"name":"Accueil","item":"https:\/\/www.barnes-miami.com\/"},{"@type":"ListItem","position":2,"name":"Mise en relation"}]},{"@type":"WebSite","@id":"https:\/\/www.barnes-miami.com\/#website","url":"https:\/\/www.barnes-miami.com\/","name":"BARNES Miami","description":"#1 International Real Estate Brokerage in South Florida","publisher":{"@id":"https:\/\/www.barnes-miami.com\/#organization"},"potentialAction":[{"@type":"SearchAction","target":{"@type":"EntryPoint","urlTemplate":"https:\/\/www.barnes-miami.com\/?s={search_term_string}"},"query-input":{"@type":"PropertyValueSpecification","valueRequired":true,"valueName":"search_term_string"}}],"inLanguage":"en-US"},{"@type":"Organization","@id":"https:\/\/www.barnes-miami.com\/#organization","name":"BARNES Miami","url":"https:\/\/www.barnes-miami.com\/","logo":{"@type":"ImageObject","inLanguage":"en-US","@id":"https:\/\/www.barnes-miami.com\/#\/schema\/logo\/image\/","url":"https:\/\/www.barnes-miami.com\/wp-content\/uploads\/2026\/01\/logo-2.png","contentUrl":"https:\/\/www.barnes-miami.com\/wp-content\/uploads\/2026\/01\/logo-2.png","width":1100,"height":1100,"caption":"BARNES Miami"},"image":{"@id":"https:\/\/www.barnes-miami.com\/#\/schema\/logo\/image\/"},"sameAs":["https:\/\/www.facebook.com\/barnesinternationalmiami\/","https:\/\/x.com\/barnesmiami","https:\/\/www.instagram.com\/barnesmiami\/","https:\/\/www.linkedin.com\/company\/barnes-international-miami\/","https:\/\/www.youtube.com\/user\/BarnesImmoMiami\/"]}]}},"_links":{"self":[{"href":"https:\/\/www.barnes-miami.com\/en\/wp-json\/wp\/v2\/pages\/17110","targetHints":{"allow":["GET"]}}],"collection":[{"href":"https:\/\/www.barnes-miami.com\/en\/wp-json\/wp\/v2\/pages"}],"about":[{"href":"https:\/\/www.barnes-miami.com\/en\/wp-json\/wp\/v2\/types\/page"}],"author":[{"embeddable":true,"href":"https:\/\/www.barnes-miami.com\/en\/wp-json\/wp\/v2\/users\/2"}],"replies":[{"embeddable":true,"href":"https:\/\/www.barnes-miami.com\/en\/wp-json\/wp\/v2\/comments?post=17110"}],"version-history":[{"count":0,"href":"https:\/\/www.barnes-miami.com\/en\/wp-json\/wp\/v2\/pages\/17110\/revisions"}],"wp:featuredmedia":[{"embeddable":true,"href":"https:\/\/www.barnes-miami.com\/en\/wp-json\/wp\/v2\/media\/17111"}],"wp:attachment":[{"href":"https:\/\/www.barnes-miami.com\/en\/wp-json\/wp\/v2\/media?parent=17110"}],"curies":[{"name":"wp","href":"https:\/\/api.w.org\/{rel}","templated":true}]}}