{"id":22407,"date":"2019-04-24T20:46:52","date_gmt":"2019-04-25T01:46:52","guid":{"rendered":"https:\/\/www.barnes-miami.com\/?p=22407"},"modified":"2019-11-15T08:18:31","modified_gmt":"2019-11-15T13:18:31","slug":"investing-in-real-estate-in-miami-florida","status":"publish","type":"page","link":"https:\/\/www.barnes-miami.com\/en\/investir-dans-limmobilier-a-miami-floride\/","title":{"rendered":"Invest in Real Estate in Miami, Florida"},"content":{"rendered":"<p><\/p>\n\n\n\n<p><\/p>\n\n\n\n<p><a href=\"https:\/\/www.barnes-miami.com\/en\/comment-miami-se-reinvente\/\">Miami<\/a>, a real crossroads of the Americas and a popular destination for its dynamism and climate, is attracting growing interest.\u00a0<br>Investors who are turning to\u00a0<a rel=\"noreferrer noopener\" aria-label=\" (opens in a new tab)\" href=\"https:\/\/www.barnes-miami.com\/en\/comment-financer-son-achat-a-miami-et-en-floride\/\" target=\"_blank\">real estate investment<\/a>  at\u00a0<a rel=\"noreferrer noopener\" aria-label=\" (opens in a new tab)\" href=\"https:\/\/www.barnes-miami.com\/en\/comment-miami-se-reinvente\/\" target=\"_blank\">Miami<\/a>  value the economic growth of the metropolis of Florida, its unique position on the national and international scene, a favorable job market that attracts more and more companies and young executives.\u00a0\u00a0<\/p>\n\n\n\n<h2 class=\"wp-block-heading\"><strong>Investing in Miami Real Estate: Still Affordable Market Access and Favorable Buyers\u00a0<\/strong><\/h2>\n\n\n\n<p><a rel=\"noreferrer noopener\" aria-label=\" (opens in a new tab)\" href=\"https:\/\/www.barnes-miami.com\/en\/comment-miami-se-reinvente\/\" target=\"_blank\">Miami<\/a>  offers the possibility to realize\u00a0<a href=\"https:\/\/www.barnes-miami.com\/en\/comment-financer-son-achat-a-miami-et-en-floride\/\">i<\/a><a rel=\"noreferrer noopener\" aria-label=\"long investments (opens in a new tab)\" href=\"https:\/\/www.barnes-miami.com\/en\/comment-financer-son-achat-a-miami-et-en-floride\/\" target=\"_blank\">nvestments<\/a> long term, both in residential real estate and commercial investment. One of the aspects that appeals to investors is the speed at which the right products, at the right price, are rented, especially in the city center. Rental demand is strong, holiday periods are limited. Also worth noting is the advantage of being a landlord in Florida: a market where a tenant who does not pay is evicted in a month, where one-year leases make it possible to review rents according to market trends , and where rental income can be amortized to limit taxation if the owner has established a limited liability company (LLC).\u00a0<\/p>\n\n\n\n<p><br>So, i<a href=\"https:\/\/www.barnes-miami.com\/en\/achat-a-miami\/\" target=\"_blank\" rel=\"noreferrer noopener\" aria-label=\" (opens in a new tab)\">invest in Miami<\/a>is positioning itself in a city that is both pleasant and very international, that moves fast, offers great opportunities, while also benefiting from the favorable tax climate of Florida.\u00a0<\/p>\n\n\n\n<h2 class=\"wp-block-heading\"><strong>Invest in Real Estate in Miami: Which Neighborhood to Choose?<\/strong><\/h2>\n\n\n\n<p>The diversity of Miami is no secret. The real estate investment will be as varied as the neighborhoods of the city.&nbsp;<\/p>\n\n\n\n<p>In a market where the offer is today very wide, and the tenants have many choices, if we look for profitability must bet on a &quot;premium location&quot; so a neighborhood that has reasons to be unavoidable , with one or more unique ingredients: a breathtaking view, a Penthouse (last floor), services and security 24\/24, walking access (beach, shopping center, urban center etc.) not to mention charges all inclusive controlled, a co-property well managed.&nbsp;<\/p>\n\n\n\n<p>For example, rental investments in a family home or flat will have to be located in a neighborhood where the international school map or the school offer attracts many clients like\u00a0<a rel=\"noreferrer noopener\" aria-label=\" (opens in a new tab)\" href=\"https:\/\/www.barnes-miami.com\/en\/coconut-grove\/\" target=\"_blank\">Coconut Grove<\/a>,\u00a0<a href=\"https:\/\/www.barnes-miami.com\/en\/coral-gables\/\">Coral Gables<\/a>,\u00a0<a href=\"https:\/\/www.barnes-miami.com\/en\/key-biscayne\/\" target=\"_blank\" rel=\"noreferrer noopener\" aria-label=\" (opens in a new tab)\">Key Biscayne<\/a>, Surfside ... to name a few.<\/p>\n\n\n\n<p>The  <a rel=\"noreferrer noopener\" aria-label=\" (opens in a new tab)\" href=\"https:\/\/www.barnes-miami.com\/en\/comment-financer-son-achat-a-miami-et-en-floride\/\" target=\"_blank\">real estate investments<\/a>  of Miami that can offer good seasonal rental yields are limited to buildings and neighborhoods where it is officially licensed as\u00a0<a rel=\"noreferrer noopener\" aria-label=\" (opens in a new tab)\" href=\"https:\/\/www.barnes-miami.com\/en\/building\/mondrian-south-beach-2\/#!for-sale\" target=\"_blank\">the Mondrian<\/a>, Decoplage,\u00a0<a href=\"https:\/\/www.barnes-miami.com\/en\/building\/setai-residences-2\/#!for-sale\">Setai<\/a>,<a rel=\"noreferrer noopener\" aria-label=\"W (opens in a new tab)\" href=\"https:\/\/www.barnes-miami.com\/en\/building\/w-south-beach-2\/#!for-sale\" target=\"_blank\">W<\/a>, One hotel,\u00a0<a rel=\"noreferrer noopener\" aria-label=\" (opens in a new tab)\" href=\"https:\/\/www.barnes-miami.com\/en\/building\/6080-collins-2\/#!for-sale\" target=\"_blank\">Collins<\/a>  in Miami Beach; Mutiny and Aria hotel in Coconut Grove; Hyde in Midtown Miami, Icon III in Brickell ... New off-plan projects such as the Yotel in downtown Miami offer excellent guaranteed returns, at very reasonable purchase prices, to meet strong tourism demand related to cruises . They were designed to be very officially proposed seasonal rentals, in a hotel management framework where the operator, who develops a fashion brand already proven, takes care of everything.<\/p>\n\n\n\n<div class=\"wp-block-image\"><figure class=\"aligncenter\"><img loading=\"lazy\" decoding=\"async\" width=\"1024\" height=\"577\" src=\"https:\/\/www.barnes-miami.com\/wp-content\/uploads\/2019\/04\/xw-100-1024x577.jpg\" alt=\"invest-miami\" class=\"wp-image-22410\" srcset=\"https:\/\/www.barnes-miami.com\/wp-content\/uploads\/2019\/04\/xw-100-1024x577.jpg 1024w, https:\/\/www.barnes-miami.com\/wp-content\/uploads\/2019\/04\/xw-100-300x169.jpg 300w, https:\/\/www.barnes-miami.com\/wp-content\/uploads\/2019\/04\/xw-100-768x433.jpg 768w, https:\/\/www.barnes-miami.com\/wp-content\/uploads\/2019\/04\/xw-100-1568x883.jpg 1568w, https:\/\/www.barnes-miami.com\/wp-content\/uploads\/2019\/04\/xw-100.jpg 1924w\" sizes=\"auto, (max-width: 1024px) 100vw, 1024px\" \/><\/figure><\/div>\n\n\n\n<p>Recent buildings of\u00a0<a rel=\"noreferrer noopener\" aria-label=\" (opens in a new tab)\" href=\"https:\/\/www.barnes-miami.com\/en\/brickell\/\" target=\"_blank\">Brickell<\/a>,\u00a0<a href=\"https:\/\/www.barnes-miami.com\/en\/edgewater\/\">Edgewater<\/a>,\u00a0<a rel=\"noreferrer noopener\" aria-label=\" (opens in a new tab)\" href=\"https:\/\/www.barnes-miami.com\/en\/downtown\/\" target=\"_blank\">Downtown Miami<\/a>, and even some vibrant residential neighborhoods\u00a0<a href=\"https:\/\/www.barnes-miami.com\/en\/miami-beach\/\">South Beach<\/a> like West avenue or\u00a0<a rel=\"noreferrer noopener\" aria-label=\" (opens in a new tab)\" href=\"https:\/\/communitynewspapers.com\/miami-beach\/sunset-harbour-the-ultimate-locals-guide-map\/\" target=\"_blank\">Sunset Harbor<\/a> attract many executive and executive tenants who work in the city center and are concerned with an exceptional quality of life (beach and \/ or sports, entertainment nearby).<\/p>\n\n\n\n<p><br>Off plan purchase for new developments in Downtown, heavenly home to\u00a0<a rel=\"noreferrer noopener\" aria-label=\" (opens in a new tab)\" href=\"https:\/\/www.barnes-miami.com\/en\/coconut-grove\/\" target=\"_blank\">Coconut Grove<\/a> or\u00a0<a rel=\"noreferrer noopener\" aria-label=\" (opens in a new tab)\" href=\"https:\/\/www.barnes-miami.com\/en\/coral-gables\/\" target=\"_blank\">Coral Gables<\/a>, art-deco condo-hotel in Miami Beach, or villas on the water, the choice is yours\u00a0<a rel=\"noreferrer noopener\" aria-label=\" (opens in a new tab)\" href=\"https:\/\/www.barnes-miami.com\/en\/notre-equipe\/\" target=\"_blank\">Barnes International teams<\/a>  have unequaled ground knowledge that will allow you to have in hand all the ingredients for the final decision. For all questions relating to a real estate project  <a rel=\"noreferrer noopener\" aria-label=\" (opens in a new tab)\" href=\"https:\/\/www.barnes-miami.com\/en\/contact\/\" target=\"_blank\">contact us<\/a>. Our experts will guide you to invest in Miami in the best conditions!\u00a0<\/p>\n\n\n\n<p><\/p>","protected":false},"excerpt":{"rendered":"<p>Miami, v\u00e9ritable carrefour des Am\u00e9riques et destination pris\u00e9e pour son dynamisme et son climat, suscite un int\u00e9r\u00eat grandissant.\u00a0Les investisseurs qui se tournent vers\u00a0l\u2019investissement immobilier \u00e0\u00a0Miami valorisent l\u2019essor \u00e9conomique de la m\u00e9tropole floridienne, sa place unique sur la sc\u00e8ne nationale et internationale, un march\u00e9 de l\u2019emploi favorable qui attire chaque fois plus d\u2019entreprises et de jeunes [&hellip;]<\/p>\n","protected":false},"author":2,"featured_media":22411,"parent":0,"menu_order":0,"comment_status":"open","ping_status":"open","template":"","meta":{"inline_featured_image":false,"footnotes":""},"class_list":["post-22407","page","type-page","status-publish","has-post-thumbnail","hentry"],"yoast_head":"<!-- This site is optimized with the Yoast SEO plugin v27.5 - https:\/\/yoast.com\/product\/yoast-seo-wordpress\/ -->\n<title>Investir dans l&#039;immobilier \u00e0 Miami - Articles - BARNES MIAMI<\/title>\n<meta name=\"description\" content=\"Miami, destination pris\u00e9e pour son dynamisme et son climat, suscite un int\u00e9r\u00eat grandissant pour les investissements immobiliers.\" \/>\n<meta name=\"robots\" content=\"index, follow, max-snippet:-1, max-image-preview:large, max-video-preview:-1\" \/>\n<link rel=\"canonical\" href=\"https:\/\/www.barnes-miami.com\/en\/investing-in-real-estate-in-miami-florida\/\" \/>\n<meta property=\"og:locale\" content=\"en_US\" \/>\n<meta property=\"og:type\" content=\"article\" \/>\n<meta property=\"og:title\" content=\"Investir dans l&#039;immobilier \u00e0 Miami - Articles - BARNES MIAMI\" \/>\n<meta property=\"og:description\" content=\"Miami, destination pris\u00e9e pour son dynamisme et son climat, suscite un int\u00e9r\u00eat grandissant pour les investissements immobiliers.\" \/>\n<meta property=\"og:url\" content=\"https:\/\/www.barnes-miami.com\/en\/investing-in-real-estate-in-miami-florida\/\" \/>\n<meta property=\"og:site_name\" content=\"BARNES Miami\" \/>\n<meta property=\"article:publisher\" content=\"https:\/\/www.facebook.com\/barnesinternationalmiami\/\" \/>\n<meta property=\"article:modified_time\" content=\"2019-11-15T13:18:31+00:00\" \/>\n<meta property=\"og:image\" content=\"https:\/\/www.barnes-miami.com\/wp-content\/uploads\/2019\/04\/miami-3915622_1920.jpg\" \/>\n\t<meta property=\"og:image:width\" content=\"1920\" \/>\n\t<meta property=\"og:image:height\" content=\"1079\" \/>\n\t<meta property=\"og:image:type\" content=\"image\/jpeg\" \/>\n<meta name=\"twitter:card\" content=\"summary_large_image\" \/>\n<meta name=\"twitter:site\" content=\"@barnesmiami\" \/>\n<meta name=\"twitter:label1\" content=\"Est. reading time\" \/>\n\t<meta name=\"twitter:data1\" content=\"3 minutes\" \/>\n<script type=\"application\/ld+json\" class=\"yoast-schema-graph\">{\"@context\":\"https:\\\/\\\/schema.org\",\"@graph\":[{\"@type\":\"WebPage\",\"@id\":\"https:\\\/\\\/www.barnes-miami.com\\\/investir-dans-limmobilier-a-miami-floride\\\/\",\"url\":\"https:\\\/\\\/www.barnes-miami.com\\\/investir-dans-limmobilier-a-miami-floride\\\/\",\"name\":\"Investir dans l'immobilier \u00e0 Miami - Articles - BARNES MIAMI\",\"isPartOf\":{\"@id\":\"https:\\\/\\\/www.barnes-miami.com\\\/#website\"},\"primaryImageOfPage\":{\"@id\":\"https:\\\/\\\/www.barnes-miami.com\\\/investir-dans-limmobilier-a-miami-floride\\\/#primaryimage\"},\"image\":{\"@id\":\"https:\\\/\\\/www.barnes-miami.com\\\/investir-dans-limmobilier-a-miami-floride\\\/#primaryimage\"},\"thumbnailUrl\":\"https:\\\/\\\/www.barnes-miami.com\\\/wp-content\\\/uploads\\\/2019\\\/04\\\/miami-3915622_1920.jpg\",\"datePublished\":\"2019-04-25T01:46:52+00:00\",\"dateModified\":\"2019-11-15T13:18:31+00:00\",\"description\":\"Miami, destination pris\u00e9e pour son dynamisme et son climat, suscite un int\u00e9r\u00eat grandissant pour les investissements immobiliers.\",\"breadcrumb\":{\"@id\":\"https:\\\/\\\/www.barnes-miami.com\\\/investir-dans-limmobilier-a-miami-floride\\\/#breadcrumb\"},\"inLanguage\":\"en-US\",\"potentialAction\":[{\"@type\":\"ReadAction\",\"target\":[\"https:\\\/\\\/www.barnes-miami.com\\\/investir-dans-limmobilier-a-miami-floride\\\/\"]}]},{\"@type\":\"ImageObject\",\"inLanguage\":\"en-US\",\"@id\":\"https:\\\/\\\/www.barnes-miami.com\\\/investir-dans-limmobilier-a-miami-floride\\\/#primaryimage\",\"url\":\"https:\\\/\\\/www.barnes-miami.com\\\/wp-content\\\/uploads\\\/2019\\\/04\\\/miami-3915622_1920.jpg\",\"contentUrl\":\"https:\\\/\\\/www.barnes-miami.com\\\/wp-content\\\/uploads\\\/2019\\\/04\\\/miami-3915622_1920.jpg\",\"width\":1920,\"height\":1079,\"caption\":\"investissement-miami\"},{\"@type\":\"BreadcrumbList\",\"@id\":\"https:\\\/\\\/www.barnes-miami.com\\\/investir-dans-limmobilier-a-miami-floride\\\/#breadcrumb\",\"itemListElement\":[{\"@type\":\"ListItem\",\"position\":1,\"name\":\"Accueil\",\"item\":\"https:\\\/\\\/www.barnes-miami.com\\\/\"},{\"@type\":\"ListItem\",\"position\":2,\"name\":\"Investir dans l\u2019immobilier \u00e0 Miami, Floride\"}]},{\"@type\":\"WebSite\",\"@id\":\"https:\\\/\\\/www.barnes-miami.com\\\/#website\",\"url\":\"https:\\\/\\\/www.barnes-miami.com\\\/\",\"name\":\"BARNES Miami\",\"description\":\"#1 International Real Estate Brokerage in South Florida\",\"publisher\":{\"@id\":\"https:\\\/\\\/www.barnes-miami.com\\\/#organization\"},\"potentialAction\":[{\"@type\":\"SearchAction\",\"target\":{\"@type\":\"EntryPoint\",\"urlTemplate\":\"https:\\\/\\\/www.barnes-miami.com\\\/?s={search_term_string}\"},\"query-input\":{\"@type\":\"PropertyValueSpecification\",\"valueRequired\":true,\"valueName\":\"search_term_string\"}}],\"inLanguage\":\"en-US\"},{\"@type\":\"Organization\",\"@id\":\"https:\\\/\\\/www.barnes-miami.com\\\/#organization\",\"name\":\"BARNES Miami\",\"url\":\"https:\\\/\\\/www.barnes-miami.com\\\/\",\"logo\":{\"@type\":\"ImageObject\",\"inLanguage\":\"en-US\",\"@id\":\"https:\\\/\\\/www.barnes-miami.com\\\/#\\\/schema\\\/logo\\\/image\\\/\",\"url\":\"https:\\\/\\\/www.barnes-miami.com\\\/wp-content\\\/uploads\\\/2026\\\/01\\\/logo-2.png\",\"contentUrl\":\"https:\\\/\\\/www.barnes-miami.com\\\/wp-content\\\/uploads\\\/2026\\\/01\\\/logo-2.png\",\"width\":1100,\"height\":1100,\"caption\":\"BARNES Miami\"},\"image\":{\"@id\":\"https:\\\/\\\/www.barnes-miami.com\\\/#\\\/schema\\\/logo\\\/image\\\/\"},\"sameAs\":[\"https:\\\/\\\/www.facebook.com\\\/barnesinternationalmiami\\\/\",\"https:\\\/\\\/x.com\\\/barnesmiami\",\"https:\\\/\\\/www.instagram.com\\\/barnesmiami\\\/\",\"https:\\\/\\\/www.linkedin.com\\\/company\\\/barnes-international-miami\\\/\",\"https:\\\/\\\/www.youtube.com\\\/user\\\/BarnesImmoMiami\\\/\"]}]}<\/script>\n<!-- \/ Yoast SEO plugin. -->","yoast_head_json":{"title":"Investing in real estate in Miami - Articles - BARNES MIAMI","description":"Miami, a destination prized for its dynamism and climate, is arousing growing interest in real estate investments.","robots":{"index":"index","follow":"follow","max-snippet":"max-snippet:-1","max-image-preview":"max-image-preview:large","max-video-preview":"max-video-preview:-1"},"canonical":"https:\/\/www.barnes-miami.com\/en\/investing-in-real-estate-in-miami-florida\/","og_locale":"en_US","og_type":"article","og_title":"Investir dans l'immobilier \u00e0 Miami - Articles - BARNES MIAMI","og_description":"Miami, destination pris\u00e9e pour son dynamisme et son climat, suscite un int\u00e9r\u00eat grandissant pour les investissements immobiliers.","og_url":"https:\/\/www.barnes-miami.com\/en\/investing-in-real-estate-in-miami-florida\/","og_site_name":"BARNES Miami","article_publisher":"https:\/\/www.facebook.com\/barnesinternationalmiami\/","article_modified_time":"2019-11-15T13:18:31+00:00","og_image":[{"width":1920,"height":1079,"url":"https:\/\/www.barnes-miami.com\/wp-content\/uploads\/2019\/04\/miami-3915622_1920.jpg","type":"image\/jpeg"}],"twitter_card":"summary_large_image","twitter_site":"@barnesmiami","twitter_misc":{"Est. reading time":"3 minutes"},"schema":{"@context":"https:\/\/schema.org","@graph":[{"@type":"WebPage","@id":"https:\/\/www.barnes-miami.com\/investir-dans-limmobilier-a-miami-floride\/","url":"https:\/\/www.barnes-miami.com\/investir-dans-limmobilier-a-miami-floride\/","name":"Investing in real estate in Miami - Articles - BARNES MIAMI","isPartOf":{"@id":"https:\/\/www.barnes-miami.com\/#website"},"primaryImageOfPage":{"@id":"https:\/\/www.barnes-miami.com\/investir-dans-limmobilier-a-miami-floride\/#primaryimage"},"image":{"@id":"https:\/\/www.barnes-miami.com\/investir-dans-limmobilier-a-miami-floride\/#primaryimage"},"thumbnailUrl":"https:\/\/www.barnes-miami.com\/wp-content\/uploads\/2019\/04\/miami-3915622_1920.jpg","datePublished":"2019-04-25T01:46:52+00:00","dateModified":"2019-11-15T13:18:31+00:00","description":"Miami, a destination prized for its dynamism and climate, is arousing growing interest in real estate investments.","breadcrumb":{"@id":"https:\/\/www.barnes-miami.com\/investir-dans-limmobilier-a-miami-floride\/#breadcrumb"},"inLanguage":"en-US","potentialAction":[{"@type":"ReadAction","target":["https:\/\/www.barnes-miami.com\/investir-dans-limmobilier-a-miami-floride\/"]}]},{"@type":"ImageObject","inLanguage":"en-US","@id":"https:\/\/www.barnes-miami.com\/investir-dans-limmobilier-a-miami-floride\/#primaryimage","url":"https:\/\/www.barnes-miami.com\/wp-content\/uploads\/2019\/04\/miami-3915622_1920.jpg","contentUrl":"https:\/\/www.barnes-miami.com\/wp-content\/uploads\/2019\/04\/miami-3915622_1920.jpg","width":1920,"height":1079,"caption":"investissement-miami"},{"@type":"BreadcrumbList","@id":"https:\/\/www.barnes-miami.com\/investir-dans-limmobilier-a-miami-floride\/#breadcrumb","itemListElement":[{"@type":"ListItem","position":1,"name":"Accueil","item":"https:\/\/www.barnes-miami.com\/"},{"@type":"ListItem","position":2,"name":"Investir dans l\u2019immobilier \u00e0 Miami, Floride"}]},{"@type":"WebSite","@id":"https:\/\/www.barnes-miami.com\/#website","url":"https:\/\/www.barnes-miami.com\/","name":"BARNES Miami","description":"#1 International Real Estate Brokerage in South Florida","publisher":{"@id":"https:\/\/www.barnes-miami.com\/#organization"},"potentialAction":[{"@type":"SearchAction","target":{"@type":"EntryPoint","urlTemplate":"https:\/\/www.barnes-miami.com\/?s={search_term_string}"},"query-input":{"@type":"PropertyValueSpecification","valueRequired":true,"valueName":"search_term_string"}}],"inLanguage":"en-US"},{"@type":"Organization","@id":"https:\/\/www.barnes-miami.com\/#organization","name":"BARNES Miami","url":"https:\/\/www.barnes-miami.com\/","logo":{"@type":"ImageObject","inLanguage":"en-US","@id":"https:\/\/www.barnes-miami.com\/#\/schema\/logo\/image\/","url":"https:\/\/www.barnes-miami.com\/wp-content\/uploads\/2026\/01\/logo-2.png","contentUrl":"https:\/\/www.barnes-miami.com\/wp-content\/uploads\/2026\/01\/logo-2.png","width":1100,"height":1100,"caption":"BARNES Miami"},"image":{"@id":"https:\/\/www.barnes-miami.com\/#\/schema\/logo\/image\/"},"sameAs":["https:\/\/www.facebook.com\/barnesinternationalmiami\/","https:\/\/x.com\/barnesmiami","https:\/\/www.instagram.com\/barnesmiami\/","https:\/\/www.linkedin.com\/company\/barnes-international-miami\/","https:\/\/www.youtube.com\/user\/BarnesImmoMiami\/"]}]}},"_links":{"self":[{"href":"https:\/\/www.barnes-miami.com\/en\/wp-json\/wp\/v2\/pages\/22407","targetHints":{"allow":["GET"]}}],"collection":[{"href":"https:\/\/www.barnes-miami.com\/en\/wp-json\/wp\/v2\/pages"}],"about":[{"href":"https:\/\/www.barnes-miami.com\/en\/wp-json\/wp\/v2\/types\/page"}],"author":[{"embeddable":true,"href":"https:\/\/www.barnes-miami.com\/en\/wp-json\/wp\/v2\/users\/2"}],"replies":[{"embeddable":true,"href":"https:\/\/www.barnes-miami.com\/en\/wp-json\/wp\/v2\/comments?post=22407"}],"version-history":[{"count":1,"href":"https:\/\/www.barnes-miami.com\/en\/wp-json\/wp\/v2\/pages\/22407\/revisions"}],"predecessor-version":[{"id":22847,"href":"https:\/\/www.barnes-miami.com\/en\/wp-json\/wp\/v2\/pages\/22407\/revisions\/22847"}],"wp:featuredmedia":[{"embeddable":true,"href":"https:\/\/www.barnes-miami.com\/en\/wp-json\/wp\/v2\/media\/22411"}],"wp:attachment":[{"href":"https:\/\/www.barnes-miami.com\/en\/wp-json\/wp\/v2\/media?parent=22407"}],"curies":[{"name":"wp","href":"https:\/\/api.w.org\/{rel}","templated":true}]}}