{"id":23090,"date":"2019-12-01T17:59:43","date_gmt":"2019-12-01T22:59:43","guid":{"rendered":"https:\/\/www.barnes-miami.com\/?page_id=23090"},"modified":"2019-12-01T17:59:43","modified_gmt":"2019-12-01T22:59:43","slug":"upper-east-side","status":"publish","type":"page","link":"https:\/\/www.barnes-miami.com\/en\/upper-east-side\/","title":{"rendered":"Upper East Side"},"content":{"rendered":"<figure class=\"wp-block-image size-large\"><img loading=\"lazy\" decoding=\"async\" width=\"732\" height=\"304\" src=\"https:\/\/www.barnes-miami.com\/wp-content\/uploads\/2019\/12\/upper-east-side.jpg\" alt=\"\" class=\"wp-image-23091\" srcset=\"https:\/\/www.barnes-miami.com\/wp-content\/uploads\/2019\/12\/upper-east-side.jpg 732w, https:\/\/www.barnes-miami.com\/wp-content\/uploads\/2019\/12\/upper-east-side-300x125.jpg 300w\" sizes=\"auto, (max-width: 732px) 100vw, 732px\" \/><\/figure>\n\n\n\n<p>The Upper East Side is the small neighborhood separating the dynamic Wynwood from peaceful North Miami. The place is known for its antagonisms. Between city and suburbs, classic architecture blends with the modernity of the new buildings and chic boutiques abound with residents with very casual looks.<\/p>\n\n\n\n<p>The MiMo Historic District, a portion of Biscayne Boulevard, features a unique collection of colorful, whimsical buildings painted in response to the sad post-war architecture.<\/p>\n\n\n\n<blockquote class=\"wp-block-quote is-layout-flow wp-block-quote-is-layout-flow\"><p>Classic and modern, residential and chic: Upper East Side cultivates its contradictions.<\/p><\/blockquote>\n\n\n\n<p>There are three very pleasant communities to live in:<\/p>\n\n\n\n<p><strong>Bay Point<\/strong>, with 250 homes, an inland lake, an island and access to the Bay, is one of the oldest private communities in Miami, where you can only return by invitation. For a long time, the &quot;Miami best kept secret of Miami&quot; because nobody knew what was hidden behind these big white walls. This small paradise in the city center, has been the object of a speculation noticed since the prices of the houses has sometimes more than tripled in 2 or 3 years.<\/p>\n\n\n\n<p><strong>Morningside<\/strong>, which adjoins Bay Point, is guarded but not private. The alleys are wide, the vegetation is superb and lush, and there is a charming architectural ensemble with houses from the 1930s, an example of the architecture -50 and even MIMO of the 60s. Part of the estate is also classified and protected. On the edge of the bay, a public park offers tennis and sports fields.<\/p>\n\n\n\n<p>A bit higher, <strong>Belle Meade<\/strong> is also kept but not private. The French had a crush on this very green and relaxed area and many of them bought a house on the water while the prices were much milder than in Miami Beach. Belle Meade takes advantage of neighborhood transformation <strong>MIMO<\/strong> where the old decommissioned motels are gradually transformed into a charming hotel, as if we were revisiting the American films of the 1960s. Under the impulse of some aficionados of that time, including the enterprising Avra Jain, the buildings dedicated to the destruction come alive and tell a forgotten story of Miami.<\/p>","protected":false},"excerpt":{"rendered":"<p>L\u2019Upper East Side est le petit quartier s\u00e9parant le dynamique Wynwood du paisible North Miami. L\u2019endroit est connu pour ses antagonismes. Entre ville et banlieue, l\u2019architecture classique se m\u00eale \u00e0 la modernit\u00e9 des nouveaux b\u00e2timents et les boutiques chics regorgent de r\u00e9sidents aux looks tr\u00e8s d\u00e9contract\u00e9s. On peut y d\u00e9couvrir le MiMo Historic District, une [&hellip;]<\/p>\n","protected":false},"author":1,"featured_media":0,"parent":0,"menu_order":0,"comment_status":"closed","ping_status":"closed","template":"","meta":{"inline_featured_image":false,"footnotes":""},"class_list":["post-23090","page","type-page","status-publish","hentry"],"yoast_head":"<!-- This site is optimized with the Yoast SEO plugin v27.4 - https:\/\/yoast.com\/product\/yoast-seo-wordpress\/ -->\n<title>Upper East Side - BARNES Miami<\/title>\n<meta name=\"robots\" content=\"index, follow, max-snippet:-1, max-image-preview:large, max-video-preview:-1\" \/>\n<link rel=\"canonical\" href=\"https:\/\/www.barnes-miami.com\/en\/upper-east-side\/\" \/>\n<meta property=\"og:locale\" content=\"en_US\" \/>\n<meta property=\"og:type\" content=\"article\" \/>\n<meta property=\"og:title\" content=\"Upper East Side - BARNES Miami\" \/>\n<meta property=\"og:description\" content=\"L\u2019Upper East Side est le petit quartier s\u00e9parant le dynamique Wynwood du paisible North Miami. L\u2019endroit est connu pour ses antagonismes. Entre ville et banlieue, l\u2019architecture classique se m\u00eale \u00e0 la modernit\u00e9 des nouveaux b\u00e2timents et les boutiques chics regorgent de r\u00e9sidents aux looks tr\u00e8s d\u00e9contract\u00e9s. On peut y d\u00e9couvrir le MiMo Historic District, une [&hellip;]\" \/>\n<meta property=\"og:url\" content=\"https:\/\/www.barnes-miami.com\/en\/upper-east-side\/\" \/>\n<meta property=\"og:site_name\" content=\"BARNES Miami\" \/>\n<meta property=\"article:publisher\" content=\"https:\/\/www.facebook.com\/barnesinternationalmiami\/\" \/>\n<meta property=\"og:image\" content=\"https:\/\/www.barnes-miami.com\/wp-content\/uploads\/2019\/12\/upper-east-side.jpg\" \/>\n<meta name=\"twitter:card\" content=\"summary_large_image\" \/>\n<meta name=\"twitter:site\" content=\"@barnesmiami\" \/>\n<meta name=\"twitter:label1\" content=\"Est. reading time\" \/>\n\t<meta name=\"twitter:data1\" content=\"2 minutes\" \/>\n<script type=\"application\/ld+json\" class=\"yoast-schema-graph\">{\"@context\":\"https:\\\/\\\/schema.org\",\"@graph\":[{\"@type\":\"WebPage\",\"@id\":\"https:\\\/\\\/www.barnes-miami.com\\\/en\\\/upper-east-side\\\/\",\"url\":\"https:\\\/\\\/www.barnes-miami.com\\\/en\\\/upper-east-side\\\/\",\"name\":\"Upper East Side - BARNES Miami\",\"isPartOf\":{\"@id\":\"https:\\\/\\\/www.barnes-miami.com\\\/#website\"},\"primaryImageOfPage\":{\"@id\":\"https:\\\/\\\/www.barnes-miami.com\\\/en\\\/upper-east-side\\\/#primaryimage\"},\"image\":{\"@id\":\"https:\\\/\\\/www.barnes-miami.com\\\/en\\\/upper-east-side\\\/#primaryimage\"},\"thumbnailUrl\":\"https:\\\/\\\/www.barnes-miami.com\\\/wp-content\\\/uploads\\\/2019\\\/12\\\/upper-east-side.jpg\",\"datePublished\":\"2019-12-01T22:59:43+00:00\",\"breadcrumb\":{\"@id\":\"https:\\\/\\\/www.barnes-miami.com\\\/en\\\/upper-east-side\\\/#breadcrumb\"},\"inLanguage\":\"en-US\",\"potentialAction\":[{\"@type\":\"ReadAction\",\"target\":[\"https:\\\/\\\/www.barnes-miami.com\\\/en\\\/upper-east-side\\\/\"]}]},{\"@type\":\"ImageObject\",\"inLanguage\":\"en-US\",\"@id\":\"https:\\\/\\\/www.barnes-miami.com\\\/en\\\/upper-east-side\\\/#primaryimage\",\"url\":\"https:\\\/\\\/www.barnes-miami.com\\\/wp-content\\\/uploads\\\/2019\\\/12\\\/upper-east-side.jpg\",\"contentUrl\":\"https:\\\/\\\/www.barnes-miami.com\\\/wp-content\\\/uploads\\\/2019\\\/12\\\/upper-east-side.jpg\"},{\"@type\":\"BreadcrumbList\",\"@id\":\"https:\\\/\\\/www.barnes-miami.com\\\/en\\\/upper-east-side\\\/#breadcrumb\",\"itemListElement\":[{\"@type\":\"ListItem\",\"position\":1,\"name\":\"Accueil\",\"item\":\"https:\\\/\\\/www.barnes-miami.com\\\/\"},{\"@type\":\"ListItem\",\"position\":2,\"name\":\"Upper East Side\"}]},{\"@type\":\"WebSite\",\"@id\":\"https:\\\/\\\/www.barnes-miami.com\\\/#website\",\"url\":\"https:\\\/\\\/www.barnes-miami.com\\\/\",\"name\":\"BARNES Miami\",\"description\":\"#1 International Real Estate Brokerage in South Florida\",\"publisher\":{\"@id\":\"https:\\\/\\\/www.barnes-miami.com\\\/#organization\"},\"potentialAction\":[{\"@type\":\"SearchAction\",\"target\":{\"@type\":\"EntryPoint\",\"urlTemplate\":\"https:\\\/\\\/www.barnes-miami.com\\\/?s={search_term_string}\"},\"query-input\":{\"@type\":\"PropertyValueSpecification\",\"valueRequired\":true,\"valueName\":\"search_term_string\"}}],\"inLanguage\":\"en-US\"},{\"@type\":\"Organization\",\"@id\":\"https:\\\/\\\/www.barnes-miami.com\\\/#organization\",\"name\":\"BARNES Miami\",\"url\":\"https:\\\/\\\/www.barnes-miami.com\\\/\",\"logo\":{\"@type\":\"ImageObject\",\"inLanguage\":\"en-US\",\"@id\":\"https:\\\/\\\/www.barnes-miami.com\\\/#\\\/schema\\\/logo\\\/image\\\/\",\"url\":\"https:\\\/\\\/www.barnes-miami.com\\\/wp-content\\\/uploads\\\/2026\\\/01\\\/logo-2.png\",\"contentUrl\":\"https:\\\/\\\/www.barnes-miami.com\\\/wp-content\\\/uploads\\\/2026\\\/01\\\/logo-2.png\",\"width\":1100,\"height\":1100,\"caption\":\"BARNES Miami\"},\"image\":{\"@id\":\"https:\\\/\\\/www.barnes-miami.com\\\/#\\\/schema\\\/logo\\\/image\\\/\"},\"sameAs\":[\"https:\\\/\\\/www.facebook.com\\\/barnesinternationalmiami\\\/\",\"https:\\\/\\\/x.com\\\/barnesmiami\",\"https:\\\/\\\/www.instagram.com\\\/barnesmiami\\\/\",\"https:\\\/\\\/www.linkedin.com\\\/company\\\/barnes-international-miami\\\/\",\"https:\\\/\\\/www.youtube.com\\\/user\\\/BarnesImmoMiami\\\/\"]}]}<\/script>\n<!-- \/ Yoast SEO plugin. -->","yoast_head_json":{"title":"Upper East Side - BARNES Miami","robots":{"index":"index","follow":"follow","max-snippet":"max-snippet:-1","max-image-preview":"max-image-preview:large","max-video-preview":"max-video-preview:-1"},"canonical":"https:\/\/www.barnes-miami.com\/en\/upper-east-side\/","og_locale":"en_US","og_type":"article","og_title":"Upper East Side - BARNES Miami","og_description":"L\u2019Upper East Side est le petit quartier s\u00e9parant le dynamique Wynwood du paisible North Miami. L\u2019endroit est connu pour ses antagonismes. Entre ville et banlieue, l\u2019architecture classique se m\u00eale \u00e0 la modernit\u00e9 des nouveaux b\u00e2timents et les boutiques chics regorgent de r\u00e9sidents aux looks tr\u00e8s d\u00e9contract\u00e9s. On peut y d\u00e9couvrir le MiMo Historic District, une [&hellip;]","og_url":"https:\/\/www.barnes-miami.com\/en\/upper-east-side\/","og_site_name":"BARNES Miami","article_publisher":"https:\/\/www.facebook.com\/barnesinternationalmiami\/","og_image":[{"url":"https:\/\/www.barnes-miami.com\/wp-content\/uploads\/2019\/12\/upper-east-side.jpg","type":"","width":"","height":""}],"twitter_card":"summary_large_image","twitter_site":"@barnesmiami","twitter_misc":{"Est. reading time":"2 minutes"},"schema":{"@context":"https:\/\/schema.org","@graph":[{"@type":"WebPage","@id":"https:\/\/www.barnes-miami.com\/en\/upper-east-side\/","url":"https:\/\/www.barnes-miami.com\/en\/upper-east-side\/","name":"Upper East Side - BARNES Miami","isPartOf":{"@id":"https:\/\/www.barnes-miami.com\/#website"},"primaryImageOfPage":{"@id":"https:\/\/www.barnes-miami.com\/en\/upper-east-side\/#primaryimage"},"image":{"@id":"https:\/\/www.barnes-miami.com\/en\/upper-east-side\/#primaryimage"},"thumbnailUrl":"https:\/\/www.barnes-miami.com\/wp-content\/uploads\/2019\/12\/upper-east-side.jpg","datePublished":"2019-12-01T22:59:43+00:00","breadcrumb":{"@id":"https:\/\/www.barnes-miami.com\/en\/upper-east-side\/#breadcrumb"},"inLanguage":"en-US","potentialAction":[{"@type":"ReadAction","target":["https:\/\/www.barnes-miami.com\/en\/upper-east-side\/"]}]},{"@type":"ImageObject","inLanguage":"en-US","@id":"https:\/\/www.barnes-miami.com\/en\/upper-east-side\/#primaryimage","url":"https:\/\/www.barnes-miami.com\/wp-content\/uploads\/2019\/12\/upper-east-side.jpg","contentUrl":"https:\/\/www.barnes-miami.com\/wp-content\/uploads\/2019\/12\/upper-east-side.jpg"},{"@type":"BreadcrumbList","@id":"https:\/\/www.barnes-miami.com\/en\/upper-east-side\/#breadcrumb","itemListElement":[{"@type":"ListItem","position":1,"name":"Accueil","item":"https:\/\/www.barnes-miami.com\/"},{"@type":"ListItem","position":2,"name":"Upper East Side"}]},{"@type":"WebSite","@id":"https:\/\/www.barnes-miami.com\/#website","url":"https:\/\/www.barnes-miami.com\/","name":"BARNES Miami","description":"#1 International Real Estate Brokerage in South Florida","publisher":{"@id":"https:\/\/www.barnes-miami.com\/#organization"},"potentialAction":[{"@type":"SearchAction","target":{"@type":"EntryPoint","urlTemplate":"https:\/\/www.barnes-miami.com\/?s={search_term_string}"},"query-input":{"@type":"PropertyValueSpecification","valueRequired":true,"valueName":"search_term_string"}}],"inLanguage":"en-US"},{"@type":"Organization","@id":"https:\/\/www.barnes-miami.com\/#organization","name":"BARNES Miami","url":"https:\/\/www.barnes-miami.com\/","logo":{"@type":"ImageObject","inLanguage":"en-US","@id":"https:\/\/www.barnes-miami.com\/#\/schema\/logo\/image\/","url":"https:\/\/www.barnes-miami.com\/wp-content\/uploads\/2026\/01\/logo-2.png","contentUrl":"https:\/\/www.barnes-miami.com\/wp-content\/uploads\/2026\/01\/logo-2.png","width":1100,"height":1100,"caption":"BARNES Miami"},"image":{"@id":"https:\/\/www.barnes-miami.com\/#\/schema\/logo\/image\/"},"sameAs":["https:\/\/www.facebook.com\/barnesinternationalmiami\/","https:\/\/x.com\/barnesmiami","https:\/\/www.instagram.com\/barnesmiami\/","https:\/\/www.linkedin.com\/company\/barnes-international-miami\/","https:\/\/www.youtube.com\/user\/BarnesImmoMiami\/"]}]}},"_links":{"self":[{"href":"https:\/\/www.barnes-miami.com\/en\/wp-json\/wp\/v2\/pages\/23090","targetHints":{"allow":["GET"]}}],"collection":[{"href":"https:\/\/www.barnes-miami.com\/en\/wp-json\/wp\/v2\/pages"}],"about":[{"href":"https:\/\/www.barnes-miami.com\/en\/wp-json\/wp\/v2\/types\/page"}],"author":[{"embeddable":true,"href":"https:\/\/www.barnes-miami.com\/en\/wp-json\/wp\/v2\/users\/1"}],"replies":[{"embeddable":true,"href":"https:\/\/www.barnes-miami.com\/en\/wp-json\/wp\/v2\/comments?post=23090"}],"version-history":[{"count":1,"href":"https:\/\/www.barnes-miami.com\/en\/wp-json\/wp\/v2\/pages\/23090\/revisions"}],"predecessor-version":[{"id":23092,"href":"https:\/\/www.barnes-miami.com\/en\/wp-json\/wp\/v2\/pages\/23090\/revisions\/23092"}],"wp:attachment":[{"href":"https:\/\/www.barnes-miami.com\/en\/wp-json\/wp\/v2\/media?parent=23090"}],"curies":[{"name":"wp","href":"https:\/\/api.w.org\/{rel}","templated":true}]}}