{"id":23096,"date":"2019-12-01T18:04:20","date_gmt":"2019-12-01T23:04:20","guid":{"rendered":"https:\/\/www.barnes-miami.com\/?page_id=23096"},"modified":"2019-12-01T18:04:20","modified_gmt":"2019-12-01T23:04:20","slug":"south-miami","status":"publish","type":"page","link":"https:\/\/www.barnes-miami.com\/en\/south-miami\/","title":{"rendered":"South Miami \/ Pinecrest"},"content":{"rendered":"<figure class=\"wp-block-image size-large\"><img loading=\"lazy\" decoding=\"async\" width=\"732\" height=\"304\" src=\"https:\/\/www.barnes-miami.com\/wp-content\/uploads\/2019\/12\/pinecrest.jpg\" alt=\"\" class=\"wp-image-23097\" srcset=\"https:\/\/www.barnes-miami.com\/wp-content\/uploads\/2019\/12\/pinecrest.jpg 732w, https:\/\/www.barnes-miami.com\/wp-content\/uploads\/2019\/12\/pinecrest-300x125.jpg 300w\" sizes=\"auto, (max-width: 732px) 100vw, 732px\" \/><\/figure>\n\n\n\n<p><strong>South Miami<\/strong>, as <strong>Pinecrest<\/strong> were at the origin of the areas reserved for the farms. In the 1990s, divisions (sometimes complicated to follow) were created to transform them into municipalities of human size and easier to manage. Today, for lovers of wide open spaces, tranquility, family-oriented sports with good surrounding schools, Pinecrest and South Miami offer a good quality of life. Here, one can afford a tennis court in its gardens and the proximity of green parks such as Matheson, Fairchild Tropical Gardens, Pinecrest Gardens, Deering Estates that make this area the ideal place for families and nature lovers . During the week-end, children criss-cross the cycle paths and practice many sports or educational activities within the competitive teams of the many schools around.<\/p>\n\n\n\n<p>For primary school, Pinecrest has a sought-after public school. Then the public system offers schools Palmetto Middle and Palmetto high school. The first primary campus of the Franco-American school of Miami EFAM is in this same district, just like <a href=\"https:\/\/internationalstudiesprep.net\" target=\"_blank\" rel=\"noreferrer noopener\">ISPA<\/a>, an international public high school including a bilingual French-English curriculum. Gulliver&#039;s private school offers an International Baccalaureate program (IB). The Lyc\u00e9es Epiphany, Westminster, Palmer Trinity (private religious schools) located in this district are also widely known.<\/p>\n\n\n\n<p>The village of Pinecrest, with less than 20,000 inhabitants, is also known for its safety since the police conduct rounds around the clock on a fairly small perimeter. The houses are bigger, more modern and luxurious, the last buildings having benefited from an affordable land.<\/p>\n\n\n\n<p>Here, we live with a car, to take advantage also of the gigantic malls: The Falls in the south, has more than 100 signs, cinemas and department stores. Dadeland and Sunset offer many options to shoppers.<\/p>\n\n\n\n<p>The Sunset district is also popular with the French because of the proximity of Sunset Elementary School (multiple French, English, Spanish, German programs) and EFAM. Today Pinecrest and South Miami offer an undeniable quality of life thanks to its many good surrounding schools, large parks and sports facilities, open spaces, greenery and tranquility. Around Sunset, has developed a small heart of the city with restaurants, entertainment, and independent shops.<\/p>","protected":false},"excerpt":{"rendered":"<p>South Miami, comme Pinecrest \u00e9taient \u00e0 l\u2019origine des \u00e9tendues r\u00e9serv\u00e9es aux fermes. Dans les ann\u00e9es 1990, des d\u00e9coupages (parfois compliqu\u00e9s \u00e0 suivre) ont \u00e9t\u00e9 cr\u00e9\u00e9s pour les transformer en municipalit\u00e9s de taille humaine et plus faciles \u00e0 g\u00e9rer. Aujourd\u2019hui, pour les amateurs de grands espaces, de tranquillit\u00e9, de vie familiale sportive avec de bonnes \u00e9coles [&hellip;]<\/p>\n","protected":false},"author":1,"featured_media":0,"parent":0,"menu_order":0,"comment_status":"closed","ping_status":"closed","template":"","meta":{"inline_featured_image":false,"footnotes":""},"class_list":["post-23096","page","type-page","status-publish","hentry"],"yoast_head":"<!-- This site is optimized with the Yoast SEO plugin v27.3 - https:\/\/yoast.com\/product\/yoast-seo-wordpress\/ -->\n<title>South Miami \/ Pinecrest - BARNES Miami<\/title>\n<meta name=\"robots\" content=\"index, follow, max-snippet:-1, max-image-preview:large, max-video-preview:-1\" \/>\n<link rel=\"canonical\" href=\"https:\/\/www.barnes-miami.com\/en\/south-miami\/\" \/>\n<meta property=\"og:locale\" content=\"en_US\" \/>\n<meta property=\"og:type\" content=\"article\" \/>\n<meta property=\"og:title\" content=\"South Miami \/ Pinecrest - BARNES Miami\" \/>\n<meta property=\"og:description\" content=\"South Miami, comme Pinecrest \u00e9taient \u00e0 l\u2019origine des \u00e9tendues r\u00e9serv\u00e9es aux fermes. Dans les ann\u00e9es 1990, des d\u00e9coupages (parfois compliqu\u00e9s \u00e0 suivre) ont \u00e9t\u00e9 cr\u00e9\u00e9s pour les transformer en municipalit\u00e9s de taille humaine et plus faciles \u00e0 g\u00e9rer. Aujourd\u2019hui, pour les amateurs de grands espaces, de tranquillit\u00e9, de vie familiale sportive avec de bonnes \u00e9coles [&hellip;]\" \/>\n<meta property=\"og:url\" content=\"https:\/\/www.barnes-miami.com\/en\/south-miami\/\" \/>\n<meta property=\"og:site_name\" content=\"BARNES Miami\" \/>\n<meta property=\"article:publisher\" content=\"https:\/\/www.facebook.com\/barnesinternationalmiami\/\" \/>\n<meta property=\"og:image\" content=\"https:\/\/www.barnes-miami.com\/wp-content\/uploads\/2019\/12\/pinecrest.jpg\" \/>\n<meta name=\"twitter:card\" content=\"summary_large_image\" \/>\n<meta name=\"twitter:site\" content=\"@barnesmiami\" \/>\n<meta name=\"twitter:label1\" content=\"Est. reading time\" \/>\n\t<meta name=\"twitter:data1\" content=\"2 minutes\" \/>\n<script type=\"application\/ld+json\" class=\"yoast-schema-graph\">{\"@context\":\"https:\\\/\\\/schema.org\",\"@graph\":[{\"@type\":\"WebPage\",\"@id\":\"https:\\\/\\\/www.barnes-miami.com\\\/en\\\/south-miami\\\/\",\"url\":\"https:\\\/\\\/www.barnes-miami.com\\\/en\\\/south-miami\\\/\",\"name\":\"South Miami \\\/ Pinecrest - BARNES Miami\",\"isPartOf\":{\"@id\":\"https:\\\/\\\/www.barnes-miami.com\\\/#website\"},\"primaryImageOfPage\":{\"@id\":\"https:\\\/\\\/www.barnes-miami.com\\\/en\\\/south-miami\\\/#primaryimage\"},\"image\":{\"@id\":\"https:\\\/\\\/www.barnes-miami.com\\\/en\\\/south-miami\\\/#primaryimage\"},\"thumbnailUrl\":\"https:\\\/\\\/www.barnes-miami.com\\\/wp-content\\\/uploads\\\/2019\\\/12\\\/pinecrest.jpg\",\"datePublished\":\"2019-12-01T23:04:20+00:00\",\"breadcrumb\":{\"@id\":\"https:\\\/\\\/www.barnes-miami.com\\\/en\\\/south-miami\\\/#breadcrumb\"},\"inLanguage\":\"en-US\",\"potentialAction\":[{\"@type\":\"ReadAction\",\"target\":[\"https:\\\/\\\/www.barnes-miami.com\\\/en\\\/south-miami\\\/\"]}]},{\"@type\":\"ImageObject\",\"inLanguage\":\"en-US\",\"@id\":\"https:\\\/\\\/www.barnes-miami.com\\\/en\\\/south-miami\\\/#primaryimage\",\"url\":\"https:\\\/\\\/www.barnes-miami.com\\\/wp-content\\\/uploads\\\/2019\\\/12\\\/pinecrest.jpg\",\"contentUrl\":\"https:\\\/\\\/www.barnes-miami.com\\\/wp-content\\\/uploads\\\/2019\\\/12\\\/pinecrest.jpg\"},{\"@type\":\"BreadcrumbList\",\"@id\":\"https:\\\/\\\/www.barnes-miami.com\\\/en\\\/south-miami\\\/#breadcrumb\",\"itemListElement\":[{\"@type\":\"ListItem\",\"position\":1,\"name\":\"Accueil\",\"item\":\"https:\\\/\\\/www.barnes-miami.com\\\/\"},{\"@type\":\"ListItem\",\"position\":2,\"name\":\"South Miami \\\/ Pinecrest\"}]},{\"@type\":\"WebSite\",\"@id\":\"https:\\\/\\\/www.barnes-miami.com\\\/#website\",\"url\":\"https:\\\/\\\/www.barnes-miami.com\\\/\",\"name\":\"BARNES Miami\",\"description\":\"#1 International Real Estate Brokerage in South Florida\",\"publisher\":{\"@id\":\"https:\\\/\\\/www.barnes-miami.com\\\/#organization\"},\"potentialAction\":[{\"@type\":\"SearchAction\",\"target\":{\"@type\":\"EntryPoint\",\"urlTemplate\":\"https:\\\/\\\/www.barnes-miami.com\\\/?s={search_term_string}\"},\"query-input\":{\"@type\":\"PropertyValueSpecification\",\"valueRequired\":true,\"valueName\":\"search_term_string\"}}],\"inLanguage\":\"en-US\"},{\"@type\":\"Organization\",\"@id\":\"https:\\\/\\\/www.barnes-miami.com\\\/#organization\",\"name\":\"BARNES Miami\",\"url\":\"https:\\\/\\\/www.barnes-miami.com\\\/\",\"logo\":{\"@type\":\"ImageObject\",\"inLanguage\":\"en-US\",\"@id\":\"https:\\\/\\\/www.barnes-miami.com\\\/#\\\/schema\\\/logo\\\/image\\\/\",\"url\":\"https:\\\/\\\/www.barnes-miami.com\\\/wp-content\\\/uploads\\\/2026\\\/01\\\/logo-2.png\",\"contentUrl\":\"https:\\\/\\\/www.barnes-miami.com\\\/wp-content\\\/uploads\\\/2026\\\/01\\\/logo-2.png\",\"width\":1100,\"height\":1100,\"caption\":\"BARNES Miami\"},\"image\":{\"@id\":\"https:\\\/\\\/www.barnes-miami.com\\\/#\\\/schema\\\/logo\\\/image\\\/\"},\"sameAs\":[\"https:\\\/\\\/www.facebook.com\\\/barnesinternationalmiami\\\/\",\"https:\\\/\\\/x.com\\\/barnesmiami\",\"https:\\\/\\\/www.instagram.com\\\/barnesmiami\\\/\",\"https:\\\/\\\/www.linkedin.com\\\/company\\\/barnes-international-miami\\\/\",\"https:\\\/\\\/www.youtube.com\\\/user\\\/BarnesImmoMiami\\\/\"]}]}<\/script>\n<!-- \/ Yoast SEO plugin. -->","yoast_head_json":{"title":"South Miami \/ Pinecrest - BARNES Miami","robots":{"index":"index","follow":"follow","max-snippet":"max-snippet:-1","max-image-preview":"max-image-preview:large","max-video-preview":"max-video-preview:-1"},"canonical":"https:\/\/www.barnes-miami.com\/en\/south-miami\/","og_locale":"en_US","og_type":"article","og_title":"South Miami \/ Pinecrest - BARNES Miami","og_description":"South Miami, comme Pinecrest \u00e9taient \u00e0 l\u2019origine des \u00e9tendues r\u00e9serv\u00e9es aux fermes. Dans les ann\u00e9es 1990, des d\u00e9coupages (parfois compliqu\u00e9s \u00e0 suivre) ont \u00e9t\u00e9 cr\u00e9\u00e9s pour les transformer en municipalit\u00e9s de taille humaine et plus faciles \u00e0 g\u00e9rer. Aujourd\u2019hui, pour les amateurs de grands espaces, de tranquillit\u00e9, de vie familiale sportive avec de bonnes \u00e9coles [&hellip;]","og_url":"https:\/\/www.barnes-miami.com\/en\/south-miami\/","og_site_name":"BARNES Miami","article_publisher":"https:\/\/www.facebook.com\/barnesinternationalmiami\/","og_image":[{"url":"https:\/\/www.barnes-miami.com\/wp-content\/uploads\/2019\/12\/pinecrest.jpg","type":"","width":"","height":""}],"twitter_card":"summary_large_image","twitter_site":"@barnesmiami","twitter_misc":{"Est. reading time":"2 minutes"},"schema":{"@context":"https:\/\/schema.org","@graph":[{"@type":"WebPage","@id":"https:\/\/www.barnes-miami.com\/en\/south-miami\/","url":"https:\/\/www.barnes-miami.com\/en\/south-miami\/","name":"South Miami \/ Pinecrest - BARNES Miami","isPartOf":{"@id":"https:\/\/www.barnes-miami.com\/#website"},"primaryImageOfPage":{"@id":"https:\/\/www.barnes-miami.com\/en\/south-miami\/#primaryimage"},"image":{"@id":"https:\/\/www.barnes-miami.com\/en\/south-miami\/#primaryimage"},"thumbnailUrl":"https:\/\/www.barnes-miami.com\/wp-content\/uploads\/2019\/12\/pinecrest.jpg","datePublished":"2019-12-01T23:04:20+00:00","breadcrumb":{"@id":"https:\/\/www.barnes-miami.com\/en\/south-miami\/#breadcrumb"},"inLanguage":"en-US","potentialAction":[{"@type":"ReadAction","target":["https:\/\/www.barnes-miami.com\/en\/south-miami\/"]}]},{"@type":"ImageObject","inLanguage":"en-US","@id":"https:\/\/www.barnes-miami.com\/en\/south-miami\/#primaryimage","url":"https:\/\/www.barnes-miami.com\/wp-content\/uploads\/2019\/12\/pinecrest.jpg","contentUrl":"https:\/\/www.barnes-miami.com\/wp-content\/uploads\/2019\/12\/pinecrest.jpg"},{"@type":"BreadcrumbList","@id":"https:\/\/www.barnes-miami.com\/en\/south-miami\/#breadcrumb","itemListElement":[{"@type":"ListItem","position":1,"name":"Accueil","item":"https:\/\/www.barnes-miami.com\/"},{"@type":"ListItem","position":2,"name":"South Miami \/ Pinecrest"}]},{"@type":"WebSite","@id":"https:\/\/www.barnes-miami.com\/#website","url":"https:\/\/www.barnes-miami.com\/","name":"BARNES Miami","description":"#1 International Real Estate Brokerage in South Florida","publisher":{"@id":"https:\/\/www.barnes-miami.com\/#organization"},"potentialAction":[{"@type":"SearchAction","target":{"@type":"EntryPoint","urlTemplate":"https:\/\/www.barnes-miami.com\/?s={search_term_string}"},"query-input":{"@type":"PropertyValueSpecification","valueRequired":true,"valueName":"search_term_string"}}],"inLanguage":"en-US"},{"@type":"Organization","@id":"https:\/\/www.barnes-miami.com\/#organization","name":"BARNES Miami","url":"https:\/\/www.barnes-miami.com\/","logo":{"@type":"ImageObject","inLanguage":"en-US","@id":"https:\/\/www.barnes-miami.com\/#\/schema\/logo\/image\/","url":"https:\/\/www.barnes-miami.com\/wp-content\/uploads\/2026\/01\/logo-2.png","contentUrl":"https:\/\/www.barnes-miami.com\/wp-content\/uploads\/2026\/01\/logo-2.png","width":1100,"height":1100,"caption":"BARNES Miami"},"image":{"@id":"https:\/\/www.barnes-miami.com\/#\/schema\/logo\/image\/"},"sameAs":["https:\/\/www.facebook.com\/barnesinternationalmiami\/","https:\/\/x.com\/barnesmiami","https:\/\/www.instagram.com\/barnesmiami\/","https:\/\/www.linkedin.com\/company\/barnes-international-miami\/","https:\/\/www.youtube.com\/user\/BarnesImmoMiami\/"]}]}},"_links":{"self":[{"href":"https:\/\/www.barnes-miami.com\/en\/wp-json\/wp\/v2\/pages\/23096","targetHints":{"allow":["GET"]}}],"collection":[{"href":"https:\/\/www.barnes-miami.com\/en\/wp-json\/wp\/v2\/pages"}],"about":[{"href":"https:\/\/www.barnes-miami.com\/en\/wp-json\/wp\/v2\/types\/page"}],"author":[{"embeddable":true,"href":"https:\/\/www.barnes-miami.com\/en\/wp-json\/wp\/v2\/users\/1"}],"replies":[{"embeddable":true,"href":"https:\/\/www.barnes-miami.com\/en\/wp-json\/wp\/v2\/comments?post=23096"}],"version-history":[{"count":1,"href":"https:\/\/www.barnes-miami.com\/en\/wp-json\/wp\/v2\/pages\/23096\/revisions"}],"predecessor-version":[{"id":23098,"href":"https:\/\/www.barnes-miami.com\/en\/wp-json\/wp\/v2\/pages\/23096\/revisions\/23098"}],"wp:attachment":[{"href":"https:\/\/www.barnes-miami.com\/en\/wp-json\/wp\/v2\/media?parent=23096"}],"curies":[{"name":"wp","href":"https:\/\/api.w.org\/{rel}","templated":true}]}}