{"id":23102,"date":"2019-12-01T18:06:32","date_gmt":"2019-12-01T23:06:32","guid":{"rendered":"https:\/\/www.barnes-miami.com\/?page_id=23102"},"modified":"2019-12-01T18:06:32","modified_gmt":"2019-12-01T23:06:32","slug":"key-biscayne","status":"publish","type":"page","link":"https:\/\/www.barnes-miami.com\/en\/key-biscayne\/","title":{"rendered":"Key Biscayne"},"content":{"rendered":"<figure class=\"wp-block-image size-large\"><img loading=\"lazy\" decoding=\"async\" width=\"825\" height=\"496\" src=\"https:\/\/www.barnes-miami.com\/wp-content\/uploads\/2019\/12\/key-biscayne.jpg\" alt=\"\" class=\"wp-image-23103\" srcset=\"https:\/\/www.barnes-miami.com\/wp-content\/uploads\/2019\/12\/key-biscayne.jpg 825w, https:\/\/www.barnes-miami.com\/wp-content\/uploads\/2019\/12\/key-biscayne-300x180.jpg 300w, https:\/\/www.barnes-miami.com\/wp-content\/uploads\/2019\/12\/key-biscayne-768x462.jpg 768w\" sizes=\"auto, (max-width: 825px) 100vw, 825px\" \/><\/figure>\n\n\n\n<p>Conveniently located 20 minutes from South Beach and central Miami, Key Biscayne is a prestigious residential island with a unique historical past. Its 11 kilometers long make this island a dream place for idleness, in contact with a preserved nature.<\/p>\n\n\n\n<p>It was in 1940 that this little corner of paradise and peace gained its nobility: the family of <a href=\"http:\/\/www.keyshistory.org\/Matheson-1.html\" target=\"_blank\" rel=\"noreferrer noopener\">William Matheson<\/a>, a wealthy owner of the former largest coconut plantation in North America, donated part of the island to create a public park: <a href=\"http:\/\/www.miamidade.gov\/parks\/crandon.asp\" target=\"_blank\" rel=\"noreferrer noopener\">the Crandon Park<\/a>.<\/p>\n\n\n\n<p>On more than 800 hectares, this natural park brings together the characteristic flora and fauna of Miami. In addition to beautiful beaches, this lush park, which hosts the world&#039;s greatest names in tennis at the end of March at the famous Masters tournament in Miami, will appeal to sports enthusiasts with its majestic golf course. For a sandy experience away from the hustle and bustle of Miami Beach, lounging fans can lounge on the long, white-sand beach, Crandon Park Beach, a peaceful and bustling beach with snacks, picnic areas -nique and beach volleyball courts.<\/p>\n\n\n\n<p>In the shade of coconut palms and palm trees, a ride on the bike paths that run through the island leads the locals to Bills Baggs Cape Florida State Park and its historic lighthouse erected in 1825. With its 109 steps, the oldest monument Miami Dade County offers breathtaking views of Key Biscayne and its luxurious millionaire condos and historic residences.<\/p>\n\n\n\n<p>Ideal destination for the weekend, far from the exuberance of Miami, the coconut plantation of origin has turned into a village with a privileged living environment offering a multitude of activities: Key Biscayne is a haven of peace to share with family.<\/p>","protected":false},"excerpt":{"rendered":"<p>Id\u00e9alement situ\u00e9e \u00e0 20 minutes de South Beach et du centre de Miami, Key Biscayne est une \u00eele r\u00e9sidentielle prestigieuse au pass\u00e9 historique unique. Ses 11 kilom\u00e8tres de long font de cette \u00eele un lieu r\u00eav\u00e9 pour le farniente, au contact d\u2019une nature pr\u00e9serv\u00e9e. C\u2019est en 1940 que ce petit coin de paradis et de [&hellip;]<\/p>\n","protected":false},"author":1,"featured_media":0,"parent":0,"menu_order":0,"comment_status":"closed","ping_status":"closed","template":"","meta":{"inline_featured_image":false,"footnotes":""},"class_list":["post-23102","page","type-page","status-publish","hentry"],"yoast_head":"<!-- This site is optimized with the Yoast SEO plugin v27.5 - https:\/\/yoast.com\/product\/yoast-seo-wordpress\/ -->\n<title>Key Biscayne - BARNES Miami<\/title>\n<meta name=\"robots\" content=\"index, follow, max-snippet:-1, max-image-preview:large, max-video-preview:-1\" \/>\n<link rel=\"canonical\" href=\"https:\/\/www.barnes-miami.com\/en\/key-biscayne\/\" \/>\n<meta property=\"og:locale\" content=\"en_US\" \/>\n<meta property=\"og:type\" content=\"article\" \/>\n<meta property=\"og:title\" content=\"Key Biscayne - BARNES Miami\" \/>\n<meta property=\"og:description\" content=\"Id\u00e9alement situ\u00e9e \u00e0 20 minutes de South Beach et du centre de Miami, Key Biscayne est une \u00eele r\u00e9sidentielle prestigieuse au pass\u00e9 historique unique. Ses 11 kilom\u00e8tres de long font de cette \u00eele un lieu r\u00eav\u00e9 pour le farniente, au contact d\u2019une nature pr\u00e9serv\u00e9e. C\u2019est en 1940 que ce petit coin de paradis et de [&hellip;]\" \/>\n<meta property=\"og:url\" content=\"https:\/\/www.barnes-miami.com\/en\/key-biscayne\/\" \/>\n<meta property=\"og:site_name\" content=\"BARNES Miami\" \/>\n<meta property=\"article:publisher\" content=\"https:\/\/www.facebook.com\/barnesinternationalmiami\/\" \/>\n<meta property=\"og:image\" content=\"https:\/\/www.barnes-miami.com\/wp-content\/uploads\/2019\/12\/key-biscayne.jpg\" \/>\n<meta name=\"twitter:card\" content=\"summary_large_image\" \/>\n<meta name=\"twitter:site\" content=\"@barnesmiami\" \/>\n<meta name=\"twitter:label1\" content=\"Est. reading time\" \/>\n\t<meta name=\"twitter:data1\" content=\"2 minutes\" \/>\n<script type=\"application\/ld+json\" class=\"yoast-schema-graph\">{\"@context\":\"https:\\\/\\\/schema.org\",\"@graph\":[{\"@type\":\"WebPage\",\"@id\":\"https:\\\/\\\/www.barnes-miami.com\\\/en\\\/key-biscayne\\\/\",\"url\":\"https:\\\/\\\/www.barnes-miami.com\\\/en\\\/key-biscayne\\\/\",\"name\":\"Key Biscayne - BARNES Miami\",\"isPartOf\":{\"@id\":\"https:\\\/\\\/www.barnes-miami.com\\\/#website\"},\"primaryImageOfPage\":{\"@id\":\"https:\\\/\\\/www.barnes-miami.com\\\/en\\\/key-biscayne\\\/#primaryimage\"},\"image\":{\"@id\":\"https:\\\/\\\/www.barnes-miami.com\\\/en\\\/key-biscayne\\\/#primaryimage\"},\"thumbnailUrl\":\"https:\\\/\\\/www.barnes-miami.com\\\/wp-content\\\/uploads\\\/2019\\\/12\\\/key-biscayne.jpg\",\"datePublished\":\"2019-12-01T23:06:32+00:00\",\"breadcrumb\":{\"@id\":\"https:\\\/\\\/www.barnes-miami.com\\\/en\\\/key-biscayne\\\/#breadcrumb\"},\"inLanguage\":\"en-US\",\"potentialAction\":[{\"@type\":\"ReadAction\",\"target\":[\"https:\\\/\\\/www.barnes-miami.com\\\/en\\\/key-biscayne\\\/\"]}]},{\"@type\":\"ImageObject\",\"inLanguage\":\"en-US\",\"@id\":\"https:\\\/\\\/www.barnes-miami.com\\\/en\\\/key-biscayne\\\/#primaryimage\",\"url\":\"https:\\\/\\\/www.barnes-miami.com\\\/wp-content\\\/uploads\\\/2019\\\/12\\\/key-biscayne.jpg\",\"contentUrl\":\"https:\\\/\\\/www.barnes-miami.com\\\/wp-content\\\/uploads\\\/2019\\\/12\\\/key-biscayne.jpg\"},{\"@type\":\"BreadcrumbList\",\"@id\":\"https:\\\/\\\/www.barnes-miami.com\\\/en\\\/key-biscayne\\\/#breadcrumb\",\"itemListElement\":[{\"@type\":\"ListItem\",\"position\":1,\"name\":\"Accueil\",\"item\":\"https:\\\/\\\/www.barnes-miami.com\\\/\"},{\"@type\":\"ListItem\",\"position\":2,\"name\":\"Key Biscayne\"}]},{\"@type\":\"WebSite\",\"@id\":\"https:\\\/\\\/www.barnes-miami.com\\\/#website\",\"url\":\"https:\\\/\\\/www.barnes-miami.com\\\/\",\"name\":\"BARNES Miami\",\"description\":\"#1 International Real Estate Brokerage in South Florida\",\"publisher\":{\"@id\":\"https:\\\/\\\/www.barnes-miami.com\\\/#organization\"},\"potentialAction\":[{\"@type\":\"SearchAction\",\"target\":{\"@type\":\"EntryPoint\",\"urlTemplate\":\"https:\\\/\\\/www.barnes-miami.com\\\/?s={search_term_string}\"},\"query-input\":{\"@type\":\"PropertyValueSpecification\",\"valueRequired\":true,\"valueName\":\"search_term_string\"}}],\"inLanguage\":\"en-US\"},{\"@type\":\"Organization\",\"@id\":\"https:\\\/\\\/www.barnes-miami.com\\\/#organization\",\"name\":\"BARNES Miami\",\"url\":\"https:\\\/\\\/www.barnes-miami.com\\\/\",\"logo\":{\"@type\":\"ImageObject\",\"inLanguage\":\"en-US\",\"@id\":\"https:\\\/\\\/www.barnes-miami.com\\\/#\\\/schema\\\/logo\\\/image\\\/\",\"url\":\"https:\\\/\\\/www.barnes-miami.com\\\/wp-content\\\/uploads\\\/2026\\\/01\\\/logo-2.png\",\"contentUrl\":\"https:\\\/\\\/www.barnes-miami.com\\\/wp-content\\\/uploads\\\/2026\\\/01\\\/logo-2.png\",\"width\":1100,\"height\":1100,\"caption\":\"BARNES Miami\"},\"image\":{\"@id\":\"https:\\\/\\\/www.barnes-miami.com\\\/#\\\/schema\\\/logo\\\/image\\\/\"},\"sameAs\":[\"https:\\\/\\\/www.facebook.com\\\/barnesinternationalmiami\\\/\",\"https:\\\/\\\/x.com\\\/barnesmiami\",\"https:\\\/\\\/www.instagram.com\\\/barnesmiami\\\/\",\"https:\\\/\\\/www.linkedin.com\\\/company\\\/barnes-international-miami\\\/\",\"https:\\\/\\\/www.youtube.com\\\/user\\\/BarnesImmoMiami\\\/\"]}]}<\/script>\n<!-- \/ Yoast SEO plugin. -->","yoast_head_json":{"title":"Key Biscayne - BARNES Miami","robots":{"index":"index","follow":"follow","max-snippet":"max-snippet:-1","max-image-preview":"max-image-preview:large","max-video-preview":"max-video-preview:-1"},"canonical":"https:\/\/www.barnes-miami.com\/en\/key-biscayne\/","og_locale":"en_US","og_type":"article","og_title":"Key Biscayne - BARNES Miami","og_description":"Id\u00e9alement situ\u00e9e \u00e0 20 minutes de South Beach et du centre de Miami, Key Biscayne est une \u00eele r\u00e9sidentielle prestigieuse au pass\u00e9 historique unique. Ses 11 kilom\u00e8tres de long font de cette \u00eele un lieu r\u00eav\u00e9 pour le farniente, au contact d\u2019une nature pr\u00e9serv\u00e9e. C\u2019est en 1940 que ce petit coin de paradis et de [&hellip;]","og_url":"https:\/\/www.barnes-miami.com\/en\/key-biscayne\/","og_site_name":"BARNES Miami","article_publisher":"https:\/\/www.facebook.com\/barnesinternationalmiami\/","og_image":[{"url":"https:\/\/www.barnes-miami.com\/wp-content\/uploads\/2019\/12\/key-biscayne.jpg","type":"","width":"","height":""}],"twitter_card":"summary_large_image","twitter_site":"@barnesmiami","twitter_misc":{"Est. reading time":"2 minutes"},"schema":{"@context":"https:\/\/schema.org","@graph":[{"@type":"WebPage","@id":"https:\/\/www.barnes-miami.com\/en\/key-biscayne\/","url":"https:\/\/www.barnes-miami.com\/en\/key-biscayne\/","name":"Key Biscayne - BARNES Miami","isPartOf":{"@id":"https:\/\/www.barnes-miami.com\/#website"},"primaryImageOfPage":{"@id":"https:\/\/www.barnes-miami.com\/en\/key-biscayne\/#primaryimage"},"image":{"@id":"https:\/\/www.barnes-miami.com\/en\/key-biscayne\/#primaryimage"},"thumbnailUrl":"https:\/\/www.barnes-miami.com\/wp-content\/uploads\/2019\/12\/key-biscayne.jpg","datePublished":"2019-12-01T23:06:32+00:00","breadcrumb":{"@id":"https:\/\/www.barnes-miami.com\/en\/key-biscayne\/#breadcrumb"},"inLanguage":"en-US","potentialAction":[{"@type":"ReadAction","target":["https:\/\/www.barnes-miami.com\/en\/key-biscayne\/"]}]},{"@type":"ImageObject","inLanguage":"en-US","@id":"https:\/\/www.barnes-miami.com\/en\/key-biscayne\/#primaryimage","url":"https:\/\/www.barnes-miami.com\/wp-content\/uploads\/2019\/12\/key-biscayne.jpg","contentUrl":"https:\/\/www.barnes-miami.com\/wp-content\/uploads\/2019\/12\/key-biscayne.jpg"},{"@type":"BreadcrumbList","@id":"https:\/\/www.barnes-miami.com\/en\/key-biscayne\/#breadcrumb","itemListElement":[{"@type":"ListItem","position":1,"name":"Accueil","item":"https:\/\/www.barnes-miami.com\/"},{"@type":"ListItem","position":2,"name":"Key Biscayne"}]},{"@type":"WebSite","@id":"https:\/\/www.barnes-miami.com\/#website","url":"https:\/\/www.barnes-miami.com\/","name":"BARNES Miami","description":"#1 International Real Estate Brokerage in South Florida","publisher":{"@id":"https:\/\/www.barnes-miami.com\/#organization"},"potentialAction":[{"@type":"SearchAction","target":{"@type":"EntryPoint","urlTemplate":"https:\/\/www.barnes-miami.com\/?s={search_term_string}"},"query-input":{"@type":"PropertyValueSpecification","valueRequired":true,"valueName":"search_term_string"}}],"inLanguage":"en-US"},{"@type":"Organization","@id":"https:\/\/www.barnes-miami.com\/#organization","name":"BARNES Miami","url":"https:\/\/www.barnes-miami.com\/","logo":{"@type":"ImageObject","inLanguage":"en-US","@id":"https:\/\/www.barnes-miami.com\/#\/schema\/logo\/image\/","url":"https:\/\/www.barnes-miami.com\/wp-content\/uploads\/2026\/01\/logo-2.png","contentUrl":"https:\/\/www.barnes-miami.com\/wp-content\/uploads\/2026\/01\/logo-2.png","width":1100,"height":1100,"caption":"BARNES Miami"},"image":{"@id":"https:\/\/www.barnes-miami.com\/#\/schema\/logo\/image\/"},"sameAs":["https:\/\/www.facebook.com\/barnesinternationalmiami\/","https:\/\/x.com\/barnesmiami","https:\/\/www.instagram.com\/barnesmiami\/","https:\/\/www.linkedin.com\/company\/barnes-international-miami\/","https:\/\/www.youtube.com\/user\/BarnesImmoMiami\/"]}]}},"_links":{"self":[{"href":"https:\/\/www.barnes-miami.com\/en\/wp-json\/wp\/v2\/pages\/23102","targetHints":{"allow":["GET"]}}],"collection":[{"href":"https:\/\/www.barnes-miami.com\/en\/wp-json\/wp\/v2\/pages"}],"about":[{"href":"https:\/\/www.barnes-miami.com\/en\/wp-json\/wp\/v2\/types\/page"}],"author":[{"embeddable":true,"href":"https:\/\/www.barnes-miami.com\/en\/wp-json\/wp\/v2\/users\/1"}],"replies":[{"embeddable":true,"href":"https:\/\/www.barnes-miami.com\/en\/wp-json\/wp\/v2\/comments?post=23102"}],"version-history":[{"count":1,"href":"https:\/\/www.barnes-miami.com\/en\/wp-json\/wp\/v2\/pages\/23102\/revisions"}],"predecessor-version":[{"id":23104,"href":"https:\/\/www.barnes-miami.com\/en\/wp-json\/wp\/v2\/pages\/23102\/revisions\/23104"}],"wp:attachment":[{"href":"https:\/\/www.barnes-miami.com\/en\/wp-json\/wp\/v2\/media?parent=23102"}],"curies":[{"name":"wp","href":"https:\/\/api.w.org\/{rel}","templated":true}]}}