{"id":23326,"date":"2019-12-18T10:19:15","date_gmt":"2019-12-18T15:19:15","guid":{"rendered":"https:\/\/www.barnes-miami.com\/?page_id=23326"},"modified":"2021-03-03T15:52:48","modified_gmt":"2021-03-03T20:52:48","slug":"seasonal-rental","status":"publish","type":"page","link":"https:\/\/www.barnes-miami.com\/en\/location-saisonniere\/","title":{"rendered":"Luxury Seasonal Rental"},"content":{"rendered":"<blockquote class=\"wp-block-quote is-layout-flow wp-block-quote-is-layout-flow\"><p>LIVE YOUR DREAM IN MIAMI<\/p><\/blockquote>\n\n\n\n<div class=\"wp-block-barnes-blocks-text-image-right\"><div class=\"textimg-container\"><div class=\"textimg-child1\"><h3 class=\"textimg-title\">BARNES Luxury Seasonal Rentals<\/h3><p class=\"textimg-text\">For your next vacation, BARNES offers you Excellence. We offer full concierge services as well as the finest Miami vacation villas and apartments.<\/p><p><a href=\"#\" class=\"textimg-link first hide\">Read more<\/a><\/p><\/div><div class=\"textimg-child2\"><div class=\"textimg-bg\"><figure><a href=\"#\" class=\"second\"><img class=\"textimg-image effect lazy\" data-src=\"https:\/\/res.cloudinary.com\/barnesmiami\/image\/fetch\/w_auto,dpr_auto,q_auto\/https:\/\/www.barnes-miami.com\/wp-content\/uploads\/2020\/02\/Living-Room-1.jpg\" alt=\"Living-Room\"><\/a><\/figure><div class=\"textimg-caption hide\"><\/div><\/div><\/div><\/div><\/div>\n\n\n\n<ul class=\"wp-block-list\"><li>Hand picked Miami villas and condos <\/li><li>24\/7 guest support<\/li><li>Best rate guarantee<\/li><li>Concierge services<\/li><\/ul>\n\n\n\n<div class=\"wp-block-barnes-blocks-contact\"><div class=\"contact_wrapper\"><h3>Contact Us<\/h3><form action=\"\"><div class=\"form-group\"><input type=\"text\" value=\"\" name=\"name\" pattern=\".{4,}\"\/><label>Name *<\/label><\/div><div class=\"form-group\"><input type=\"text\" value=\"\" name=\"email\" pattern=\".{4,}\"\/><label>E-mail *<\/label><\/div><div class=\"form-group\"><input type=\"text\" value=\"\" name=\"phone\" pattern=\".{8,}\"\/><label>Phone *<\/label><\/div><div class=\"form-group\"><textarea name=\"message\"><\/textarea><label>Message<\/label><\/div><div><input type=\"hidden\" name=\"referral\" class=\"referral\"\/><button class=\"contact_btn\">SEND<\/button><\/div><input type=\"hidden\" name=\"trp-form-language\" value=\"en\"\/><\/form><\/div><\/div>","protected":false},"excerpt":{"rendered":"<p>LIVE YOUR DREAM IN MIAMI BARNES Luxury Seasonal Rentals For your next vacation, BARNES offers you Excellence. We offer full concierge services as well as the finest Miami vacation villas and apartments. Read more Turnkey villas and apartments 24\/7 assistance Best rate guarantee Concierge services<\/p>","protected":false},"author":2,"featured_media":0,"parent":0,"menu_order":0,"comment_status":"closed","ping_status":"closed","template":"","meta":{"inline_featured_image":false,"footnotes":""},"class_list":["post-23326","page","type-page","status-publish","hentry"],"yoast_head":"<!-- This site is optimized with the Yoast SEO plugin v27.5 - https:\/\/yoast.com\/product\/yoast-seo-wordpress\/ -->\n<title>Location Saisonni\u00e8re | Immobilier de prestige | BARNES Miami<\/title>\n<meta name=\"description\" content=\"BARNES d\u00e9veloppe un d\u00e9partement d\u00e9di\u00e9 \u00e0 la location saisonni\u00e8re. Nos agents vous apporteront un service et un accompagnement adapt\u00e9 aux locations de courte dur\u00e9e.\" \/>\n<meta name=\"robots\" content=\"index, follow, max-snippet:-1, max-image-preview:large, max-video-preview:-1\" \/>\n<link rel=\"canonical\" href=\"https:\/\/www.barnes-miami.com\/en\/seasonal-rental\/\" \/>\n<meta property=\"og:locale\" content=\"en_US\" \/>\n<meta property=\"og:type\" content=\"article\" \/>\n<meta property=\"og:title\" content=\"Location Saisonni\u00e8re | Immobilier de prestige | BARNES Miami\" \/>\n<meta property=\"og:description\" content=\"BARNES d\u00e9veloppe un d\u00e9partement d\u00e9di\u00e9 \u00e0 la location saisonni\u00e8re. Nos agents vous apporteront un service et un accompagnement adapt\u00e9 aux locations de courte dur\u00e9e.\" \/>\n<meta property=\"og:url\" content=\"https:\/\/www.barnes-miami.com\/en\/seasonal-rental\/\" \/>\n<meta property=\"og:site_name\" content=\"BARNES Miami\" \/>\n<meta property=\"article:publisher\" content=\"https:\/\/www.facebook.com\/barnesinternationalmiami\/\" \/>\n<meta property=\"article:modified_time\" content=\"2021-03-03T20:52:48+00:00\" \/>\n<meta property=\"og:image\" content=\"https:\/\/res.cloudinary.com\/barnesmiami\/image\/fetch\/w_auto,dpr_auto,q_auto\/https:\/\/www.barnes-miami.com\/wp-content\/uploads\/2020\/02\/Living-Room-1.jpg\" \/>\n<meta name=\"twitter:card\" content=\"summary_large_image\" \/>\n<meta name=\"twitter:site\" content=\"@barnesmiami\" \/>\n<meta name=\"twitter:label1\" content=\"Est. reading time\" \/>\n\t<meta name=\"twitter:data1\" content=\"1 minute\" \/>\n<script type=\"application\/ld+json\" class=\"yoast-schema-graph\">{\"@context\":\"https:\\\/\\\/schema.org\",\"@graph\":[{\"@type\":\"WebPage\",\"@id\":\"https:\\\/\\\/www.barnes-miami.com\\\/location-saisonniere\\\/\",\"url\":\"https:\\\/\\\/www.barnes-miami.com\\\/location-saisonniere\\\/\",\"name\":\"Location Saisonni\u00e8re | Immobilier de prestige | BARNES Miami\",\"isPartOf\":{\"@id\":\"https:\\\/\\\/www.barnes-miami.com\\\/#website\"},\"primaryImageOfPage\":{\"@id\":\"https:\\\/\\\/www.barnes-miami.com\\\/location-saisonniere\\\/#primaryimage\"},\"image\":{\"@id\":\"https:\\\/\\\/www.barnes-miami.com\\\/location-saisonniere\\\/#primaryimage\"},\"thumbnailUrl\":\"https:\\\/\\\/res.cloudinary.com\\\/barnesmiami\\\/image\\\/fetch\\\/w_auto,dpr_auto,q_auto\\\/https:\\\/\\\/www.barnes-miami.com\\\/wp-content\\\/uploads\\\/2020\\\/02\\\/Living-Room-1.jpg\",\"datePublished\":\"2019-12-18T15:19:15+00:00\",\"dateModified\":\"2021-03-03T20:52:48+00:00\",\"description\":\"BARNES d\u00e9veloppe un d\u00e9partement d\u00e9di\u00e9 \u00e0 la location saisonni\u00e8re. Nos agents vous apporteront un service et un accompagnement adapt\u00e9 aux locations de courte dur\u00e9e.\",\"breadcrumb\":{\"@id\":\"https:\\\/\\\/www.barnes-miami.com\\\/location-saisonniere\\\/#breadcrumb\"},\"inLanguage\":\"en-US\",\"potentialAction\":[{\"@type\":\"ReadAction\",\"target\":[\"https:\\\/\\\/www.barnes-miami.com\\\/location-saisonniere\\\/\"]}]},{\"@type\":\"ImageObject\",\"inLanguage\":\"en-US\",\"@id\":\"https:\\\/\\\/www.barnes-miami.com\\\/location-saisonniere\\\/#primaryimage\",\"url\":\"https:\\\/\\\/res.cloudinary.com\\\/barnesmiami\\\/image\\\/fetch\\\/w_auto,dpr_auto,q_auto\\\/https:\\\/\\\/www.barnes-miami.com\\\/wp-content\\\/uploads\\\/2020\\\/02\\\/Living-Room-1.jpg\",\"contentUrl\":\"https:\\\/\\\/res.cloudinary.com\\\/barnesmiami\\\/image\\\/fetch\\\/w_auto,dpr_auto,q_auto\\\/https:\\\/\\\/www.barnes-miami.com\\\/wp-content\\\/uploads\\\/2020\\\/02\\\/Living-Room-1.jpg\"},{\"@type\":\"BreadcrumbList\",\"@id\":\"https:\\\/\\\/www.barnes-miami.com\\\/location-saisonniere\\\/#breadcrumb\",\"itemListElement\":[{\"@type\":\"ListItem\",\"position\":1,\"name\":\"Accueil\",\"item\":\"https:\\\/\\\/www.barnes-miami.com\\\/\"},{\"@type\":\"ListItem\",\"position\":2,\"name\":\"Location Saisonni\u00e8re de prestige\"}]},{\"@type\":\"WebSite\",\"@id\":\"https:\\\/\\\/www.barnes-miami.com\\\/#website\",\"url\":\"https:\\\/\\\/www.barnes-miami.com\\\/\",\"name\":\"BARNES Miami\",\"description\":\"#1 International Real Estate Brokerage in South Florida\",\"publisher\":{\"@id\":\"https:\\\/\\\/www.barnes-miami.com\\\/#organization\"},\"potentialAction\":[{\"@type\":\"SearchAction\",\"target\":{\"@type\":\"EntryPoint\",\"urlTemplate\":\"https:\\\/\\\/www.barnes-miami.com\\\/?s={search_term_string}\"},\"query-input\":{\"@type\":\"PropertyValueSpecification\",\"valueRequired\":true,\"valueName\":\"search_term_string\"}}],\"inLanguage\":\"en-US\"},{\"@type\":\"Organization\",\"@id\":\"https:\\\/\\\/www.barnes-miami.com\\\/#organization\",\"name\":\"BARNES Miami\",\"url\":\"https:\\\/\\\/www.barnes-miami.com\\\/\",\"logo\":{\"@type\":\"ImageObject\",\"inLanguage\":\"en-US\",\"@id\":\"https:\\\/\\\/www.barnes-miami.com\\\/#\\\/schema\\\/logo\\\/image\\\/\",\"url\":\"https:\\\/\\\/www.barnes-miami.com\\\/wp-content\\\/uploads\\\/2026\\\/01\\\/logo-2.png\",\"contentUrl\":\"https:\\\/\\\/www.barnes-miami.com\\\/wp-content\\\/uploads\\\/2026\\\/01\\\/logo-2.png\",\"width\":1100,\"height\":1100,\"caption\":\"BARNES Miami\"},\"image\":{\"@id\":\"https:\\\/\\\/www.barnes-miami.com\\\/#\\\/schema\\\/logo\\\/image\\\/\"},\"sameAs\":[\"https:\\\/\\\/www.facebook.com\\\/barnesinternationalmiami\\\/\",\"https:\\\/\\\/x.com\\\/barnesmiami\",\"https:\\\/\\\/www.instagram.com\\\/barnesmiami\\\/\",\"https:\\\/\\\/www.linkedin.com\\\/company\\\/barnes-international-miami\\\/\",\"https:\\\/\\\/www.youtube.com\\\/user\\\/BarnesImmoMiami\\\/\"]}]}<\/script>\n<!-- \/ Yoast SEO plugin. -->","yoast_head_json":{"title":"Seasonal Rental | Luxury Real Estate | BARNES Miami","description":"BARNES has developed a department dedicated to seasonal rentals. Our agents will provide you with a service and support adapted to short-term rentals.","robots":{"index":"index","follow":"follow","max-snippet":"max-snippet:-1","max-image-preview":"max-image-preview:large","max-video-preview":"max-video-preview:-1"},"canonical":"https:\/\/www.barnes-miami.com\/en\/seasonal-rental\/","og_locale":"en_US","og_type":"article","og_title":"Location Saisonni\u00e8re | Immobilier de prestige | BARNES Miami","og_description":"BARNES d\u00e9veloppe un d\u00e9partement d\u00e9di\u00e9 \u00e0 la location saisonni\u00e8re. Nos agents vous apporteront un service et un accompagnement adapt\u00e9 aux locations de courte dur\u00e9e.","og_url":"https:\/\/www.barnes-miami.com\/en\/seasonal-rental\/","og_site_name":"BARNES Miami","article_publisher":"https:\/\/www.facebook.com\/barnesinternationalmiami\/","article_modified_time":"2021-03-03T20:52:48+00:00","og_image":[{"url":"https:\/\/res.cloudinary.com\/barnesmiami\/image\/fetch\/w_auto,dpr_auto,q_auto\/https:\/\/www.barnes-miami.com\/wp-content\/uploads\/2020\/02\/Living-Room-1.jpg","type":"","width":"","height":""}],"twitter_card":"summary_large_image","twitter_site":"@barnesmiami","twitter_misc":{"Est. reading time":"1 minute"},"schema":{"@context":"https:\/\/schema.org","@graph":[{"@type":"WebPage","@id":"https:\/\/www.barnes-miami.com\/location-saisonniere\/","url":"https:\/\/www.barnes-miami.com\/location-saisonniere\/","name":"Seasonal Rental | Luxury Real Estate | BARNES Miami","isPartOf":{"@id":"https:\/\/www.barnes-miami.com\/#website"},"primaryImageOfPage":{"@id":"https:\/\/www.barnes-miami.com\/location-saisonniere\/#primaryimage"},"image":{"@id":"https:\/\/www.barnes-miami.com\/location-saisonniere\/#primaryimage"},"thumbnailUrl":"https:\/\/res.cloudinary.com\/barnesmiami\/image\/fetch\/w_auto,dpr_auto,q_auto\/https:\/\/www.barnes-miami.com\/wp-content\/uploads\/2020\/02\/Living-Room-1.jpg","datePublished":"2019-12-18T15:19:15+00:00","dateModified":"2021-03-03T20:52:48+00:00","description":"BARNES has developed a department dedicated to seasonal rentals. Our agents will provide you with a service and support adapted to short-term rentals.","breadcrumb":{"@id":"https:\/\/www.barnes-miami.com\/location-saisonniere\/#breadcrumb"},"inLanguage":"en-US","potentialAction":[{"@type":"ReadAction","target":["https:\/\/www.barnes-miami.com\/location-saisonniere\/"]}]},{"@type":"ImageObject","inLanguage":"en-US","@id":"https:\/\/www.barnes-miami.com\/location-saisonniere\/#primaryimage","url":"https:\/\/res.cloudinary.com\/barnesmiami\/image\/fetch\/w_auto,dpr_auto,q_auto\/https:\/\/www.barnes-miami.com\/wp-content\/uploads\/2020\/02\/Living-Room-1.jpg","contentUrl":"https:\/\/res.cloudinary.com\/barnesmiami\/image\/fetch\/w_auto,dpr_auto,q_auto\/https:\/\/www.barnes-miami.com\/wp-content\/uploads\/2020\/02\/Living-Room-1.jpg"},{"@type":"BreadcrumbList","@id":"https:\/\/www.barnes-miami.com\/location-saisonniere\/#breadcrumb","itemListElement":[{"@type":"ListItem","position":1,"name":"Accueil","item":"https:\/\/www.barnes-miami.com\/"},{"@type":"ListItem","position":2,"name":"Location Saisonni\u00e8re de prestige"}]},{"@type":"WebSite","@id":"https:\/\/www.barnes-miami.com\/#website","url":"https:\/\/www.barnes-miami.com\/","name":"BARNES Miami","description":"#1 International Real Estate Brokerage in South Florida","publisher":{"@id":"https:\/\/www.barnes-miami.com\/#organization"},"potentialAction":[{"@type":"SearchAction","target":{"@type":"EntryPoint","urlTemplate":"https:\/\/www.barnes-miami.com\/?s={search_term_string}"},"query-input":{"@type":"PropertyValueSpecification","valueRequired":true,"valueName":"search_term_string"}}],"inLanguage":"en-US"},{"@type":"Organization","@id":"https:\/\/www.barnes-miami.com\/#organization","name":"BARNES Miami","url":"https:\/\/www.barnes-miami.com\/","logo":{"@type":"ImageObject","inLanguage":"en-US","@id":"https:\/\/www.barnes-miami.com\/#\/schema\/logo\/image\/","url":"https:\/\/www.barnes-miami.com\/wp-content\/uploads\/2026\/01\/logo-2.png","contentUrl":"https:\/\/www.barnes-miami.com\/wp-content\/uploads\/2026\/01\/logo-2.png","width":1100,"height":1100,"caption":"BARNES Miami"},"image":{"@id":"https:\/\/www.barnes-miami.com\/#\/schema\/logo\/image\/"},"sameAs":["https:\/\/www.facebook.com\/barnesinternationalmiami\/","https:\/\/x.com\/barnesmiami","https:\/\/www.instagram.com\/barnesmiami\/","https:\/\/www.linkedin.com\/company\/barnes-international-miami\/","https:\/\/www.youtube.com\/user\/BarnesImmoMiami\/"]}]}},"_links":{"self":[{"href":"https:\/\/www.barnes-miami.com\/en\/wp-json\/wp\/v2\/pages\/23326","targetHints":{"allow":["GET"]}}],"collection":[{"href":"https:\/\/www.barnes-miami.com\/en\/wp-json\/wp\/v2\/pages"}],"about":[{"href":"https:\/\/www.barnes-miami.com\/en\/wp-json\/wp\/v2\/types\/page"}],"author":[{"embeddable":true,"href":"https:\/\/www.barnes-miami.com\/en\/wp-json\/wp\/v2\/users\/2"}],"replies":[{"embeddable":true,"href":"https:\/\/www.barnes-miami.com\/en\/wp-json\/wp\/v2\/comments?post=23326"}],"version-history":[{"count":8,"href":"https:\/\/www.barnes-miami.com\/en\/wp-json\/wp\/v2\/pages\/23326\/revisions"}],"predecessor-version":[{"id":24715,"href":"https:\/\/www.barnes-miami.com\/en\/wp-json\/wp\/v2\/pages\/23326\/revisions\/24715"}],"wp:attachment":[{"href":"https:\/\/www.barnes-miami.com\/en\/wp-json\/wp\/v2\/media?parent=23326"}],"curies":[{"name":"wp","href":"https:\/\/api.w.org\/{rel}","templated":true}]}}