{"id":23329,"date":"2019-12-18T10:16:45","date_gmt":"2019-12-18T15:16:45","guid":{"rendered":"https:\/\/www.barnes-miami.com\/?page_id=23329"},"modified":"2025-10-13T13:39:02","modified_gmt":"2025-10-13T18:39:02","slug":"himself","status":"publish","type":"page","link":"https:\/\/www.barnes-miami.com\/en\/se\/","title":{"rendered":"Sports &amp; Entertainment"},"content":{"rendered":"<div style=\"height:45px\" aria-hidden=\"true\" class=\"wp-block-spacer\"><\/div>\n\n\n\n<h4 class=\"wp-block-heading has-text-align-center has-text-color has-link-color has-medium-font-size wp-elements-fefe28be0c422efb7ed0a232062a9611\" style=\"color:#bcaa88\">TAILOR-MADE SOLUTIONS FOR DEMANDING CAREERS<\/h4>\n\n\n\n<p class=\"has-text-align-center p80 justify has-medium-font-size\">The Sports &amp; Entertainment division was established to address the real estate needs of elite athletes and entertainment professionals. Leveraging a multi-city, multi-service international network, we work alongside the industry\u2019s most trusted experts and consultants to deliver comprehensive, discreet, and personalized support.<\/p>\n\n\n\n<div style=\"height:51px\" aria-hidden=\"true\" class=\"wp-block-spacer\"><\/div>\n\n\n\n<div class=\"wp-block-buttons is-content-justification-center is-layout-flex wp-container-core-buttons-is-layout-16018d1d wp-block-buttons-is-layout-flex\">\n<div class=\"wp-block-button is-style-outline is-style-outline--1\"><a class=\"wp-block-button__link has-custom-font-size wp-element-button\" href=\"https:\/\/www.barnes-miami.com\/en\/to-rent-out\/\" style=\"border-radius:4px;font-size:16px\">CONTACT OUR TEAM<\/a><\/div>\n<\/div>\n\n\n\n<div style=\"height:66px\" aria-hidden=\"true\" class=\"wp-block-spacer\"><\/div>\n\n\n\n<div class=\"wp-block-cover\"><img loading=\"lazy\" decoding=\"async\" width=\"1920\" height=\"1100\" class=\"wp-block-cover__image-background wp-image-29807 size-full\" alt=\"\" src=\"https:\/\/www.barnes-miami.com\/wp-content\/uploads\/2025\/10\/portugal.jpg\" data-object-fit=\"cover\" srcset=\"https:\/\/www.barnes-miami.com\/wp-content\/uploads\/2025\/10\/portugal.jpg 1920w, https:\/\/www.barnes-miami.com\/wp-content\/uploads\/2025\/10\/portugal-300x172.jpg 300w, https:\/\/www.barnes-miami.com\/wp-content\/uploads\/2025\/10\/portugal-1024x587.jpg 1024w, https:\/\/www.barnes-miami.com\/wp-content\/uploads\/2025\/10\/portugal-768x440.jpg 768w, https:\/\/www.barnes-miami.com\/wp-content\/uploads\/2025\/10\/portugal-1536x880.jpg 1536w, https:\/\/www.barnes-miami.com\/wp-content\/uploads\/2025\/10\/portugal-18x10.jpg 18w\" sizes=\"auto, (max-width: 1920px) 100vw, 1920px\" \/><span aria-hidden=\"true\" class=\"wp-block-cover__background has-foreground-background-color has-background-dim\"><\/span><div class=\"wp-block-cover__inner-container is-layout-constrained wp-container-core-cover-is-layout-23fe5839 wp-block-cover-is-layout-constrained\">\n<div style=\"height:134px\" aria-hidden=\"true\" class=\"wp-block-spacer\"><\/div>\n\n\n\n<h2 class=\"wp-block-heading has-text-align-center scroll-animate has-large-font-size\"><br>Real estate, living up to your ambitions<\/h2>\n\n\n\n<div style=\"height:158px\" aria-hidden=\"true\" class=\"wp-block-spacer\"><\/div>\n<\/div><\/div>\n\n\n\n<div style=\"height:66px\" aria-hidden=\"true\" class=\"wp-block-spacer\"><\/div>\n\n\n\n<h4 class=\"wp-block-heading has-text-align-center\">By Your Side, Every Step of the Way<\/h4>\n\n\n\n<h2 class=\"wp-block-heading has-text-align-center has-text-color has-link-color has-large-font-size wp-elements-cc55739baa46d2b463421d9d17f3f16f\" style=\"color:#bcaa88\">EXCLUSIVE SERVICE, TAILORED TO YOUR NEEDS<\/h2>\n\n\n\n<p class=\"p80 justify has-medium-font-size\">The Sports &amp; Entertainment division leverages a prestigious, fully integrated network of bankers, tax lawyers, and managers renowned across the industry.<\/p>\n\n\n\n<p class=\"p80 justify has-medium-font-size\">Comprising former top athletes and seasoned entertainment professionals, our team has built a strong reputation and enduring credibility, providing daily, bespoke support to this discerning clientele.<\/p>\n\n\n\n<hr class=\"wp-block-separator has-text-color has-alpha-channel-opacity has-background is-style-default\" style=\"background-color:#bcaa88;color:#bcaa88\"\/>\n\n\n\n<p class=\"has-text-align-center p80 justify has-medium-font-size\">With our personalized concierge service, every project becomes a unique experience, from organizing travel and securing exceptional vehicles, to planning exclusive excursions or arranging a private chef at home. Every detail is designed to anticipate your needs and surpass your expectations.<\/p>\n\n\n\n<div style=\"height:89px\" aria-hidden=\"true\" class=\"wp-block-spacer\"><\/div>\n\n\n\n<h4 class=\"wp-block-heading has-text-align-center p80\">EXCLUSIVE PROPERTIES<\/h4>\n\n\n\n<h2 class=\"wp-block-heading has-text-align-center p80 has-text-color has-link-color has-large-font-size wp-elements-bf7b2bc794528a99686d1dc9f2f147ed\" style=\"color:#bcaa88\">OUR SELECTION OF PROPERTIES<\/h2>\n\n\n    <div class=\"wp-block-barnes-blocks-listings2\">\n        <div class=\"listings2-properties-wrapper\">\n            <div class=\"swiper-container swiper-listings2\">\n                <div class=\"swiper-wrapper\">\n                                            <a href=\"\/en\/property\/300-s-point-dr-mia454284255\/\" target=\"_blank\" rel=\"noopener\" class=\"swiper-slide listings2-property\">\n                            <div><img decoding=\"async\" src=\"https:\/\/res.cloudinary.com\/barnesmiami\/image\/fetch\/q_auto,f_auto\/https:\/\/bridj.io\/o\/mia\/255\/284\/MIA454284255\/1.jpg\" class=\"lazy swiper-lazy listings2\" alt=\"\" loading=\"lazy\"\/><\/div>\n                            <div class=\"address title\">300 S POINTE DR #PH-5 \u2013 MIAMI BEACH<\/div>\n                            <div class=\"subtitle\">4 BD | 7 BA | 5,680 SF<\/div>\n                            <div class=\"price\">$24,999,000<\/div>\n                        <\/a>\n                                            <a href=\"\/en\/property\/851-ne-1st-ave-mia427077477\/\" target=\"_blank\" rel=\"noopener\" class=\"swiper-slide listings2-property\">\n                            <div><img decoding=\"async\" src=\"https:\/\/res.cloudinary.com\/barnesmiami\/image\/fetch\/q_auto,f_auto\/https:\/\/bridj.io\/o\/mia\/477\/077\/MIA427077477\/1.jpg\" class=\"lazy swiper-lazy listings2\" alt=\"\" loading=\"lazy\"\/><\/div>\n                            <div class=\"address title\">851 NE 1ST AVE #5001 \u2013 MIAMI<\/div>\n                            <div class=\"subtitle\">4 BD | 5 BA | 3,814 SF<\/div>\n                            <div class=\"price\">$5,000,000<\/div>\n                        <\/a>\n                                            <a href=\"\/en\/property\/124-ne-96th-st-mia422658079\/\" target=\"_blank\" rel=\"noopener\" class=\"swiper-slide listings2-property\">\n                            <div><img decoding=\"async\" src=\"https:\/\/res.cloudinary.com\/barnesmiami\/image\/fetch\/q_auto,f_auto\/https:\/\/bridj.io\/o\/mia\/079\/658\/MIA422658079\/1.jpg\" class=\"lazy swiper-lazy listings2\" alt=\"\" loading=\"lazy\"\/><\/div>\n                            <div class=\"address title\">124 NE 96TH ST \u2013 MIAMI SHORES<\/div>\n                            <div class=\"subtitle\">5 BD | 5 BA | 4,086 SF<\/div>\n                            <div class=\"price\">$2,999,999<\/div>\n                        <\/a>\n                                            <a href=\"\/en\/property\/6365-collins-ave-mia421548919\/\" target=\"_blank\" rel=\"noopener\" class=\"swiper-slide listings2-property\">\n                            <div><img decoding=\"async\" src=\"https:\/\/res.cloudinary.com\/barnesmiami\/image\/fetch\/q_auto,f_auto\/https:\/\/bridj.io\/o\/mia\/919\/548\/MIA421548919\/1.jpg\" class=\"lazy swiper-lazy listings2\" alt=\"\" loading=\"lazy\"\/><\/div>\n                            <div class=\"address title\">6365 COLLINS AVE #2901 \u2013 MIAMI BEACH<\/div>\n                            <div class=\"subtitle\">3 BD | 3 BA | 1,761 SF<\/div>\n                            <div class=\"price\">$2,799,000<\/div>\n                        <\/a>\n                                            <a href=\"\/en\/property\/2301-collins-ave-mia422542864\/\" target=\"_blank\" rel=\"noopener\" class=\"swiper-slide listings2-property\">\n                            <div><img decoding=\"async\" src=\"https:\/\/res.cloudinary.com\/barnesmiami\/image\/fetch\/q_auto,f_auto\/https:\/\/bridj.io\/o\/mia\/864\/542\/MIA422542864\/1.jpg\" class=\"lazy swiper-lazy listings2\" alt=\"\" loading=\"lazy\"\/><\/div>\n                            <div class=\"address title\">2301 COLLINS AVE #1414\/1415 \u2013 MIAMI BEACH<\/div>\n                            <div class=\"subtitle\">2 BD | 2 BA | 1,640 SF<\/div>\n                            <div class=\"price\">$2,799,000<\/div>\n                        <\/a>\n                                            <a href=\"\/en\/property\/5225-collins-ave-mia424822413\/\" target=\"_blank\" rel=\"noopener\" class=\"swiper-slide listings2-property\">\n                            <div><img decoding=\"async\" src=\"https:\/\/res.cloudinary.com\/barnesmiami\/image\/fetch\/q_auto,f_auto\/https:\/\/bridj.io\/o\/mia\/413\/822\/MIA424822413\/1.jpg\" class=\"lazy swiper-lazy listings2\" alt=\"\" loading=\"lazy\"\/><\/div>\n                            <div class=\"address title\">5225 COLLINS AVE #1221 \u2013 MIAMI BEACH<\/div>\n                            <div class=\"subtitle\">4 BD | 3 BA | 1,800 SF<\/div>\n                            <div class=\"price\">$1,349,000<\/div>\n                        <\/a>\n                                            <a href=\"\/en\/property\/3411-indian-creek-dr-mia420471057\/\" target=\"_blank\" rel=\"noopener\" class=\"swiper-slide listings2-property\">\n                            <div><img decoding=\"async\" src=\"https:\/\/res.cloudinary.com\/barnesmiami\/image\/fetch\/q_auto,f_auto\/https:\/\/bridj.io\/o\/mia\/057\/471\/MIA420471057\/1.jpg\" class=\"lazy swiper-lazy listings2\" alt=\"\" loading=\"lazy\"\/><\/div>\n                            <div class=\"address title\">3411 INDIAN CREEK DR #704 \u2013 MIAMI BEACH<\/div>\n                            <div class=\"subtitle\">2 BD | 2 BA | 1,200 SF<\/div>\n                            <div class=\"price\">$1,249,500<\/div>\n                        <\/a>\n                                            <a href=\"\/en\/property\/3530-mystic-pointe-dr-mia448586660\/\" target=\"_blank\" rel=\"noopener\" class=\"swiper-slide listings2-property\">\n                            <div><img decoding=\"async\" src=\"https:\/\/res.cloudinary.com\/barnesmiami\/image\/fetch\/q_auto,f_auto\/https:\/\/bridj.io\/o\/mia\/660\/586\/MIA448586660\/1.jpg\" class=\"lazy swiper-lazy listings2\" alt=\"\" loading=\"lazy\"\/><\/div>\n                            <div class=\"address title\">3530 MYSTIC POINTE DR #2915 \u2013 AVENTURA<\/div>\n                            <div class=\"subtitle\">3 BD | 3 BA | 1,694 SF<\/div>\n                            <div class=\"price\">$1,195,000<\/div>\n                        <\/a>\n                                    <\/div>\n                <div class=\"swiper-listings2-button-prev\">\n                    <svg viewbox=\"0 0 800 800\" xmlns=\"http:\/\/www.w3.org\/2000\/svg\" width=\"30\" height=\"30\">\n                        <path d=\"m192.5 425.7 363.6 363.6c14.2 14.2 37.2 14.2 51.4 0s14.2-37.2 0-51.4l-337.9-337.9 337.9-337.9c14.2-14.2 14.2-37.2 0-51.4-7.1-7.2-16.4-10.7-25.7-10.7s-18.6 3.5-25.7 10.7l-363.6 363.6c-6.8 6.8-10.7 16.1-10.7 25.7s3.8 18.9 10.7 25.7z\" fill=\"currentColor\"><\/path>\n                    <\/svg>\n                <\/div>\n                <div class=\"swiper-listings2-button-next\">\n                    <svg viewbox=\"0 0 800 800\" xmlns=\"http:\/\/www.w3.org\/2000\/svg\" width=\"30\" height=\"30\">\n                        <path d=\"m607.5 374.3-363.6-363.7c-14.2-14.2-37.2-14.2-51.4 0s-14.2 37.2 0 51.4l337.9 337.9-337.9 337.9c-14.2 14.2-14.2 37.2 0 51.4 7.1 7.1 16.4 10.6 25.7 10.6s18.6-3.5 25.7-10.7l363.6-363.6c6.8-6.8 10.7-16.1 10.7-25.7s-3.8-18.9-10.7-25.7z\" fill=\"currentColor\"><\/path>\n                    <\/svg>\n                <\/div>\n            <\/div>\n        <\/div>\n    <\/div>\n    \n\n\n<div class=\"wp-block-buttons is-content-justification-center is-layout-flex wp-container-core-buttons-is-layout-16018d1d wp-block-buttons-is-layout-flex\">\n<div class=\"wp-block-button is-style-outline is-style-outline--2\"><a class=\"wp-block-button__link has-text-color has-link-color has-text-align-center has-custom-font-size wp-element-button\" href=\"https:\/\/www.barnes-miami.com\/en\/buy\/?near=Miami%2C%20FL&amp;transaction=sale&amp;center=-80.2295%2C25.7824&amp;limit=18&amp;exclu=&amp;agent_id=&amp;sold=&amp;view=&amp;sortby=price&amp;order=desc&amp;pmin=0&amp;offset=0&amp;viewport=25.8786%2C-80.0763%2C25.702%2C-80.3827&amp;outline=\" style=\"border-radius:3px;color:#848484;font-size:16px\" target=\"_blank\" rel=\"noreferrer noopener\">ALL PROPERTIES FOR SALE<\/a><\/div>\n<\/div>\n\n\n\n<div style=\"height:76px\" aria-hidden=\"true\" class=\"wp-block-spacer\"><\/div>","protected":false},"excerpt":{"rendered":"<p>SOLUTIONS SUR-MESURE POUR CARRI\u00c8RES EXIGEANTES Le d\u00e9partement Sports &amp; Entertainment a \u00e9t\u00e9 cr\u00e9\u00e9 pour r\u00e9pondre aux besoins immobiliers uniques des sportifs de haut niveau et des personnalit\u00e9s du monde du divertissement. Gr\u00e2ce \u00e0 un r\u00e9seau international multi-ville et multi-service, nous collaborons avec des experts et consultants parmi les plus comp\u00e9tents du secteur pour offrir un [&hellip;]<\/p>\n","protected":false},"author":2,"featured_media":27666,"parent":0,"menu_order":0,"comment_status":"closed","ping_status":"closed","template":"","meta":{"inline_featured_image":false,"footnotes":""},"class_list":["post-23329","page","type-page","status-publish","has-post-thumbnail","hentry"],"yoast_head":"<!-- This site is optimized with the Yoast SEO plugin v27.4 - https:\/\/yoast.com\/product\/yoast-seo-wordpress\/ -->\n<title>Sports &amp; Entertainment | Immobilier de prestige | BARNES Miami<\/title>\n<meta name=\"description\" content=\"Le d\u00e9partement Sports &amp; Entertainment a \u00e9t\u00e9 cr\u00e9\u00e9 afin de r\u00e9pondre aux besoins immobiliers si particuliers des sportifs de haut niveau.\" \/>\n<meta name=\"robots\" content=\"index, follow, max-snippet:-1, max-image-preview:large, max-video-preview:-1\" \/>\n<link rel=\"canonical\" href=\"https:\/\/www.barnes-miami.com\/en\/himself\/\" \/>\n<meta property=\"og:locale\" content=\"en_US\" \/>\n<meta property=\"og:type\" content=\"article\" \/>\n<meta property=\"og:title\" content=\"Sports &amp; Entertainment | Immobilier de prestige | BARNES Miami\" \/>\n<meta property=\"og:description\" content=\"Le d\u00e9partement Sports &amp; Entertainment a \u00e9t\u00e9 cr\u00e9\u00e9 afin de r\u00e9pondre aux besoins immobiliers si particuliers des sportifs de haut niveau.\" \/>\n<meta property=\"og:url\" content=\"https:\/\/www.barnes-miami.com\/en\/himself\/\" \/>\n<meta property=\"og:site_name\" content=\"BARNES Miami\" \/>\n<meta property=\"article:publisher\" content=\"https:\/\/www.facebook.com\/barnesinternationalmiami\/\" \/>\n<meta property=\"article:modified_time\" content=\"2025-10-13T18:39:02+00:00\" \/>\n<meta property=\"og:image\" content=\"https:\/\/www.barnes-miami.com\/wp-content\/uploads\/2024\/04\/foot-us-min.jpg\" \/>\n\t<meta property=\"og:image:width\" content=\"1200\" \/>\n\t<meta property=\"og:image:height\" content=\"600\" \/>\n\t<meta property=\"og:image:type\" content=\"image\/jpeg\" \/>\n<meta name=\"twitter:card\" content=\"summary_large_image\" \/>\n<meta name=\"twitter:site\" content=\"@barnesmiami\" \/>\n<meta name=\"twitter:label1\" content=\"Est. reading time\" \/>\n\t<meta name=\"twitter:data1\" content=\"3 minutes\" \/>\n<script type=\"application\/ld+json\" class=\"yoast-schema-graph\">{\"@context\":\"https:\\\/\\\/schema.org\",\"@graph\":[{\"@type\":\"WebPage\",\"@id\":\"https:\\\/\\\/www.barnes-miami.com\\\/se\\\/\",\"url\":\"https:\\\/\\\/www.barnes-miami.com\\\/se\\\/\",\"name\":\"Sports & Entertainment | Immobilier de prestige | BARNES Miami\",\"isPartOf\":{\"@id\":\"https:\\\/\\\/www.barnes-miami.com\\\/#website\"},\"primaryImageOfPage\":{\"@id\":\"https:\\\/\\\/www.barnes-miami.com\\\/se\\\/#primaryimage\"},\"image\":{\"@id\":\"https:\\\/\\\/www.barnes-miami.com\\\/se\\\/#primaryimage\"},\"thumbnailUrl\":\"https:\\\/\\\/www.barnes-miami.com\\\/wp-content\\\/uploads\\\/2024\\\/04\\\/foot-us-min.jpg\",\"datePublished\":\"2019-12-18T15:16:45+00:00\",\"dateModified\":\"2025-10-13T18:39:02+00:00\",\"description\":\"Le d\u00e9partement Sports & Entertainment a \u00e9t\u00e9 cr\u00e9\u00e9 afin de r\u00e9pondre aux besoins immobiliers si particuliers des sportifs de haut niveau.\",\"breadcrumb\":{\"@id\":\"https:\\\/\\\/www.barnes-miami.com\\\/se\\\/#breadcrumb\"},\"inLanguage\":\"en-US\",\"potentialAction\":[{\"@type\":\"ReadAction\",\"target\":[\"https:\\\/\\\/www.barnes-miami.com\\\/se\\\/\"]}]},{\"@type\":\"ImageObject\",\"inLanguage\":\"en-US\",\"@id\":\"https:\\\/\\\/www.barnes-miami.com\\\/se\\\/#primaryimage\",\"url\":\"https:\\\/\\\/www.barnes-miami.com\\\/wp-content\\\/uploads\\\/2024\\\/04\\\/foot-us-min.jpg\",\"contentUrl\":\"https:\\\/\\\/www.barnes-miami.com\\\/wp-content\\\/uploads\\\/2024\\\/04\\\/foot-us-min.jpg\",\"width\":1200,\"height\":600,\"caption\":\"relocation-professional-players-miami\"},{\"@type\":\"BreadcrumbList\",\"@id\":\"https:\\\/\\\/www.barnes-miami.com\\\/se\\\/#breadcrumb\",\"itemListElement\":[{\"@type\":\"ListItem\",\"position\":1,\"name\":\"Accueil\",\"item\":\"https:\\\/\\\/www.barnes-miami.com\\\/\"},{\"@type\":\"ListItem\",\"position\":2,\"name\":\"Sports &#038; Entertainment\"}]},{\"@type\":\"WebSite\",\"@id\":\"https:\\\/\\\/www.barnes-miami.com\\\/#website\",\"url\":\"https:\\\/\\\/www.barnes-miami.com\\\/\",\"name\":\"BARNES Miami\",\"description\":\"#1 International Real Estate Brokerage in South Florida\",\"publisher\":{\"@id\":\"https:\\\/\\\/www.barnes-miami.com\\\/#organization\"},\"potentialAction\":[{\"@type\":\"SearchAction\",\"target\":{\"@type\":\"EntryPoint\",\"urlTemplate\":\"https:\\\/\\\/www.barnes-miami.com\\\/?s={search_term_string}\"},\"query-input\":{\"@type\":\"PropertyValueSpecification\",\"valueRequired\":true,\"valueName\":\"search_term_string\"}}],\"inLanguage\":\"en-US\"},{\"@type\":\"Organization\",\"@id\":\"https:\\\/\\\/www.barnes-miami.com\\\/#organization\",\"name\":\"BARNES Miami\",\"url\":\"https:\\\/\\\/www.barnes-miami.com\\\/\",\"logo\":{\"@type\":\"ImageObject\",\"inLanguage\":\"en-US\",\"@id\":\"https:\\\/\\\/www.barnes-miami.com\\\/#\\\/schema\\\/logo\\\/image\\\/\",\"url\":\"https:\\\/\\\/www.barnes-miami.com\\\/wp-content\\\/uploads\\\/2026\\\/01\\\/logo-2.png\",\"contentUrl\":\"https:\\\/\\\/www.barnes-miami.com\\\/wp-content\\\/uploads\\\/2026\\\/01\\\/logo-2.png\",\"width\":1100,\"height\":1100,\"caption\":\"BARNES Miami\"},\"image\":{\"@id\":\"https:\\\/\\\/www.barnes-miami.com\\\/#\\\/schema\\\/logo\\\/image\\\/\"},\"sameAs\":[\"https:\\\/\\\/www.facebook.com\\\/barnesinternationalmiami\\\/\",\"https:\\\/\\\/x.com\\\/barnesmiami\",\"https:\\\/\\\/www.instagram.com\\\/barnesmiami\\\/\",\"https:\\\/\\\/www.linkedin.com\\\/company\\\/barnes-international-miami\\\/\",\"https:\\\/\\\/www.youtube.com\\\/user\\\/BarnesImmoMiami\\\/\"]}]}<\/script>\n<!-- \/ Yoast SEO plugin. -->","yoast_head_json":{"title":"Sports &amp; Entertainment | Luxury real estate | BARNES Miami","description":"The Sports &amp; Entertainment department was created to meet the very specific real estate needs of high-level athletes.","robots":{"index":"index","follow":"follow","max-snippet":"max-snippet:-1","max-image-preview":"max-image-preview:large","max-video-preview":"max-video-preview:-1"},"canonical":"https:\/\/www.barnes-miami.com\/en\/himself\/","og_locale":"en_US","og_type":"article","og_title":"Sports & Entertainment | Immobilier de prestige | BARNES Miami","og_description":"Le d\u00e9partement Sports & Entertainment a \u00e9t\u00e9 cr\u00e9\u00e9 afin de r\u00e9pondre aux besoins immobiliers si particuliers des sportifs de haut niveau.","og_url":"https:\/\/www.barnes-miami.com\/en\/himself\/","og_site_name":"BARNES Miami","article_publisher":"https:\/\/www.facebook.com\/barnesinternationalmiami\/","article_modified_time":"2025-10-13T18:39:02+00:00","og_image":[{"width":1200,"height":600,"url":"https:\/\/www.barnes-miami.com\/wp-content\/uploads\/2024\/04\/foot-us-min.jpg","type":"image\/jpeg"}],"twitter_card":"summary_large_image","twitter_site":"@barnesmiami","twitter_misc":{"Est. reading time":"3 minutes"},"schema":{"@context":"https:\/\/schema.org","@graph":[{"@type":"WebPage","@id":"https:\/\/www.barnes-miami.com\/se\/","url":"https:\/\/www.barnes-miami.com\/se\/","name":"Sports &amp; Entertainment | Luxury real estate | BARNES Miami","isPartOf":{"@id":"https:\/\/www.barnes-miami.com\/#website"},"primaryImageOfPage":{"@id":"https:\/\/www.barnes-miami.com\/se\/#primaryimage"},"image":{"@id":"https:\/\/www.barnes-miami.com\/se\/#primaryimage"},"thumbnailUrl":"https:\/\/www.barnes-miami.com\/wp-content\/uploads\/2024\/04\/foot-us-min.jpg","datePublished":"2019-12-18T15:16:45+00:00","dateModified":"2025-10-13T18:39:02+00:00","description":"The Sports &amp; Entertainment department was created to meet the very specific real estate needs of high-level athletes.","breadcrumb":{"@id":"https:\/\/www.barnes-miami.com\/se\/#breadcrumb"},"inLanguage":"en-US","potentialAction":[{"@type":"ReadAction","target":["https:\/\/www.barnes-miami.com\/se\/"]}]},{"@type":"ImageObject","inLanguage":"en-US","@id":"https:\/\/www.barnes-miami.com\/se\/#primaryimage","url":"https:\/\/www.barnes-miami.com\/wp-content\/uploads\/2024\/04\/foot-us-min.jpg","contentUrl":"https:\/\/www.barnes-miami.com\/wp-content\/uploads\/2024\/04\/foot-us-min.jpg","width":1200,"height":600,"caption":"relocation-professional-players-miami"},{"@type":"BreadcrumbList","@id":"https:\/\/www.barnes-miami.com\/se\/#breadcrumb","itemListElement":[{"@type":"ListItem","position":1,"name":"Accueil","item":"https:\/\/www.barnes-miami.com\/"},{"@type":"ListItem","position":2,"name":"Sports &#038; Entertainment"}]},{"@type":"WebSite","@id":"https:\/\/www.barnes-miami.com\/#website","url":"https:\/\/www.barnes-miami.com\/","name":"BARNES Miami","description":"#1 International Real Estate Brokerage in South Florida","publisher":{"@id":"https:\/\/www.barnes-miami.com\/#organization"},"potentialAction":[{"@type":"SearchAction","target":{"@type":"EntryPoint","urlTemplate":"https:\/\/www.barnes-miami.com\/?s={search_term_string}"},"query-input":{"@type":"PropertyValueSpecification","valueRequired":true,"valueName":"search_term_string"}}],"inLanguage":"en-US"},{"@type":"Organization","@id":"https:\/\/www.barnes-miami.com\/#organization","name":"BARNES Miami","url":"https:\/\/www.barnes-miami.com\/","logo":{"@type":"ImageObject","inLanguage":"en-US","@id":"https:\/\/www.barnes-miami.com\/#\/schema\/logo\/image\/","url":"https:\/\/www.barnes-miami.com\/wp-content\/uploads\/2026\/01\/logo-2.png","contentUrl":"https:\/\/www.barnes-miami.com\/wp-content\/uploads\/2026\/01\/logo-2.png","width":1100,"height":1100,"caption":"BARNES Miami"},"image":{"@id":"https:\/\/www.barnes-miami.com\/#\/schema\/logo\/image\/"},"sameAs":["https:\/\/www.facebook.com\/barnesinternationalmiami\/","https:\/\/x.com\/barnesmiami","https:\/\/www.instagram.com\/barnesmiami\/","https:\/\/www.linkedin.com\/company\/barnes-international-miami\/","https:\/\/www.youtube.com\/user\/BarnesImmoMiami\/"]}]}},"_links":{"self":[{"href":"https:\/\/www.barnes-miami.com\/en\/wp-json\/wp\/v2\/pages\/23329","targetHints":{"allow":["GET"]}}],"collection":[{"href":"https:\/\/www.barnes-miami.com\/en\/wp-json\/wp\/v2\/pages"}],"about":[{"href":"https:\/\/www.barnes-miami.com\/en\/wp-json\/wp\/v2\/types\/page"}],"author":[{"embeddable":true,"href":"https:\/\/www.barnes-miami.com\/en\/wp-json\/wp\/v2\/users\/2"}],"replies":[{"embeddable":true,"href":"https:\/\/www.barnes-miami.com\/en\/wp-json\/wp\/v2\/comments?post=23329"}],"version-history":[{"count":47,"href":"https:\/\/www.barnes-miami.com\/en\/wp-json\/wp\/v2\/pages\/23329\/revisions"}],"predecessor-version":[{"id":30111,"href":"https:\/\/www.barnes-miami.com\/en\/wp-json\/wp\/v2\/pages\/23329\/revisions\/30111"}],"wp:featuredmedia":[{"embeddable":true,"href":"https:\/\/www.barnes-miami.com\/en\/wp-json\/wp\/v2\/media\/27666"}],"wp:attachment":[{"href":"https:\/\/www.barnes-miami.com\/en\/wp-json\/wp\/v2\/media?parent=23329"}],"curies":[{"name":"wp","href":"https:\/\/api.w.org\/{rel}","templated":true}]}}