{"id":23381,"date":"2020-01-28T22:36:01","date_gmt":"2020-01-29T03:36:01","guid":{"rendered":"https:\/\/www.barnes-miami.com\/?page_id=23381"},"modified":"2025-10-09T21:06:34","modified_gmt":"2025-10-10T02:06:34","slug":"enzo-rosani-profile","status":"publish","type":"page","link":"https:\/\/www.barnes-miami.com\/en\/profil-enzo-rosani\/","title":{"rendered":"Profile Enzo ROSANI"},"content":{"rendered":"\n<div class=\"wp-block-columns is-layout-flex wp-container-core-columns-is-layout-9d6595d7 wp-block-columns-is-layout-flex\">\n<div class=\"wp-block-column is-vertically-aligned-center is-layout-flow wp-block-column-is-layout-flow\" style=\"flex-basis:65%\">\n<blockquote class=\"wp-block-quote is-layout-flow wp-block-quote-is-layout-flow\">\n<p>L&rsquo;immobilier n&rsquo;est pas un business, c&rsquo;est une passion<\/p>\n<\/blockquote>\n<\/div>\n\n\n\n<div class=\"wp-block-column is-layout-flow wp-block-column-is-layout-flow\" style=\"flex-basis:35%\">\n<figure class=\"wp-block-image size-full\"><img loading=\"lazy\" decoding=\"async\" width=\"1000\" height=\"1000\" src=\"https:\/\/www.barnes-miami.com\/wp-content\/uploads\/2024\/04\/Enzo-1.jpg\" alt=\"Enzo-rosani-real-estate-agent-miami\" class=\"wp-image-27700\" srcset=\"https:\/\/www.barnes-miami.com\/wp-content\/uploads\/2024\/04\/Enzo-1.jpg 1000w, https:\/\/www.barnes-miami.com\/wp-content\/uploads\/2024\/04\/Enzo-1-300x300.jpg 300w, https:\/\/www.barnes-miami.com\/wp-content\/uploads\/2024\/04\/Enzo-1-150x150.jpg 150w, https:\/\/www.barnes-miami.com\/wp-content\/uploads\/2024\/04\/Enzo-1-768x768.jpg 768w, https:\/\/www.barnes-miami.com\/wp-content\/uploads\/2024\/04\/Enzo-1-12x12.jpg 12w\" sizes=\"auto, (max-width: 1000px) 100vw, 1000px\" \/><\/figure>\n<\/div>\n<\/div>\n\n\n\n<div class=\"wp-block-columns is-layout-flex wp-container-core-columns-is-layout-9d6595d7 wp-block-columns-is-layout-flex\">\n<div class=\"wp-block-column is-layout-flow wp-block-column-is-layout-flow\" style=\"flex-basis:65%\">\n<div class=\"wp-block-barnes-blocks-signature\"><h2 class=\"name\">Enzo ROSANI<\/h2><p class=\"title\">Directeur G\u00e9n\u00e9ral | Partenaire<\/p><p class=\"phone\">+1 (786) 503 1818<\/p><p class=\"email\">e.rosani@barnes-international.com<\/p><a class=\"linkedin\" href=\"https:\/\/www.linkedin.com\/in\/enzo-rosani\/\" target=\"_blank\" rel=\"noopener nofollow noreferrer\"><\/a><a class=\"zillow\" href=\"https:\/\/www.zillow.com\/profile\/EnzoRosani\/\" target=\"_blank\" rel=\"noopener nofollow noreferrer\"><\/a><a class=\"website\" href=\"https:\/\/enzo.barnes-miami.com\" target=\"_blank\" rel=\"noopener nofollow noreferrer\"><\/a><a class=\"whatsapp hide\" href=\"#\" target=\"_blank\" rel=\"noopener nofollow noreferrer\"><\/a><a class=\"facebook hide\" href=\"#\" target=\"_blank\" rel=\"noopener nofollow noreferrer\"><\/a><a class=\"instagram hide\" href=\"#\" target=\"_blank\" rel=\"noopener nofollow noreferrer\"><\/a><\/div>\n<\/div>\n\n\n\n<div class=\"wp-block-column is-layout-flow wp-block-column-is-layout-flow\" style=\"flex-basis:35%\">\n<h5 class=\"wp-block-heading\">Langues Parl\u00e9es:<\/h5>\n\n\n\n<ul class=\"wp-block-list\">\n<li>Anglais<\/li>\n\n\n\n<li>Fran\u00e7ais<\/li>\n\n\n\n<li>Italien<\/li>\n<\/ul>\n<\/div>\n<\/div>\n\n\n\n<h5 class=\"wp-block-heading\">Exp\u00e9rience<\/h5>\n\n\n\n<p>Directeur g\u00e9n\u00e9ral et cofondateur de la division Sports &amp; Entertainment chez Barnes Miami. Pour Enzo, l&rsquo;immobilier n&rsquo;est pas un business, c&rsquo;est une passion. Enzo repr\u00e9sente des acheteurs et des vendeurs du monde entier. Originaire de Paris, Enzo s&rsquo;est install\u00e9 \u00e0 Miami en 2017 apr\u00e8s plusieurs ann\u00e9es de succ\u00e8s \u00e0 Paris et Chicago. Le march\u00e9 immobilier n&rsquo;a aucun secret pour lui. Son exp\u00e9rience internationale lui permet de nouer des relations solides avec ses clients. Sa curiosit\u00e9 et son esprit de comp\u00e9tition lui permettent d&rsquo;\u00eatre toujours inform\u00e9 des derni\u00e8res tendances afin de les guider au mieux.<\/p>\n\n\n\n<p>Enzo a b\u00e2ti son entreprise en nouant des relations durables avec ses clients gr\u00e2ce \u00e0 un service rigoureux et analytique, une connaissance irr\u00e9prochable du march\u00e9, un souci du d\u00e9tail et une \u00e9thique irr\u00e9prochable.<\/p>\n\n\n\n<p>Ancien athl\u00e8te, Enzo a une longue exp\u00e9rience de collaboration avec des athl\u00e8tes professionnels et des c\u00e9l\u00e9brit\u00e9s, et est r\u00e9put\u00e9 pour sa capacit\u00e9 \u00e0 r\u00e9pondre \u00e0 tous leurs besoins lors de leurs transactions.<\/p>\n\n\n\n<p>Qu&rsquo;il s&rsquo;agisse de trouver le bien id\u00e9al ou de n\u00e9gocier la meilleure affaire, Enzo comprend que l&rsquo;immobilier est un secteur tr\u00e8s concurrentiel o\u00f9 les r\u00e9sultats d\u00e9pendent directement du travail et de l&rsquo;engagement. Il d\u00e9finit ses objectifs et ne laisse aucun obstacle entraver la transaction.<\/p>\n\n\n\n<p>D\u00e9couvrez-en plus sur Enzo Rosani \u00e0 travers ces articles&nbsp;:<\/p>\n\n\n\n<p><a href=\"https:\/\/oceandrive.com\/enzo-rosani-talks-international-clients\">https:\/\/oceandrive.com\/enzo-rosani-talks-international-clients<\/a><\/p>\n\n\n\n<p><a href=\"https:\/\/www.khaleejtimes.com\/kt-network\/enzo-rosani-is-the-first-to-bring-crypto-to-dubai-and-miami-real-estate\">https:\/\/www.khaleejtimes.com\/kt-network\/enzo-rosani-is-the-first-to-bring-crypto-to-dubai-and-miami-real-estate<\/a><\/p>\n\n\n\n<p><a href=\"https:\/\/nl.mashable.com\/real-estate\/7216\/international-real-estate-prodigy-enzo-rosani-credits-success-to-pro-athlete-mentality\">https:\/\/nl.mashable.com\/real-estate\/7216\/international-real-estate-prodigy-enzo-rosani-credits-success-to-pro-athlete-mentality<\/a><\/p>\n\n\n\n<p><a href=\"https:\/\/archive.flaunt.com\/content\/enzo-rosani\">https:\/\/archive.flaunt.com\/content\/enzo-rosani<\/a><\/p>\n\n\n\n<p><a href=\"https:\/\/www.vanguardngr.com\/2022\/03\/%EF%BF%BChow-enzo-rosani-leverages-his-multicultural-background-to-attract-international-clients\">https:\/\/www.vanguardngr.com\/2022\/03\/%EF%BF%BChow-enzo-rosani-leverages-his-multicultural-background-to-attract-international-clients<\/a><\/p>\n\n\n\n<p><a href=\"https:\/\/africa.businessinsider.com\/local\/leaders\/barnes-international-realtys-enzo-rosani-brings-comprehensive-approach-to-miamis-real\/6h19y93\">https:\/\/africa.businessinsider.com\/local\/leaders\/barnes-international-realtys-enzo-rosani-brings-comprehensive-approach-to-miamis-real\/6h19y93<\/a><\/p>\n\n\n\n<p><a href=\"https:\/\/hudsonweekly.com\/why-enzo-rosani-maybe-the-future-of-miami-real-estate\/\">https:\/\/hudsonweekly.com\/why-enzo-rosani-maybe-the-future-of-miami-real-estate\/<\/a><\/p>\n\n\n\n<p><a href=\"https:\/\/www.business-standard.com\/content\/specials\/enzo-rosani-emerges-as-the-premier-french-realtor-in-miami-122030100934_1.html\">https:\/\/www.business-standard.com\/content\/specials\/enzo-rosani-emerges-as-the-premier-french-realtor-in-miami-122030100934_1.html<\/a><\/p>\n\n\n\n<p><a href=\"https:\/\/www.mensjournal.com\/entertainment\/enzo-rosani-is-working-with-digitized-exchanges-to-expand-miami-real-estate-audience\">https:\/\/www.mensjournal.com\/entertainment\/enzo-rosani-is-working-with-digitized-exchanges-to-expand-miami-real-estate-audience<\/a><\/p>\n\n\n\n<p><a href=\"https:\/\/editorialge.com\/real-estate-through-emerging-technology\/\">https:\/\/editorialge.com\/real-estate-through-emerging-technology\/<\/a><\/p>\n\n\n\n<div class=\"wp-block-barnes-blocks-contactme\"><div class=\"contactme_wrapper\"><h3>Contactez moi<\/h3><form><div class=\"form-group\"><input type=\"text\" value=\"\" name=\"name\" pattern=\".{4,}\"\/><label>Nom *<\/label><\/div><div class=\"form-group\"><input type=\"text\" value=\"\" name=\"email\" pattern=\".{4,}\"\/><label>Email *<\/label><\/div><div class=\"form-group\"><input type=\"text\" value=\"\" name=\"phone\" pattern=\".{8,}\"\/><label>T\u00e9l\u00e9phone *<\/label><\/div><div class=\"form-group\"><textarea name=\"message\"><\/textarea><label>Message<\/label><\/div><div><input type=\"hidden\" name=\"referral\" class=\"referral\" value=\"Enzo\"\/><input type=\"hidden\" name=\"phoneto\" class=\"phoneto\" value=\"\"\/><input type=\"hidden\" name=\"emailto\" class=\"emailto\" value=\"\"\/><button class=\"contactme_btn\">Envoyer<\/button><\/div><\/form><\/div><\/div>\n\n\n\n<h5 class=\"wp-block-heading\">Mes Biens<\/h5>\n\n\n\n<div class=\"wp-block-barnes-blocks-searchmap\"><script src=\"https:\/\/api.tiles.mapbox.com\/mapbox-gl-js\/v1.5.0\/mapbox-gl.js\"><\/script><link href=\"https:\/\/api.tiles.mapbox.com\/mapbox-gl-js\/v1.5.0\/mapbox-gl.css\" rel=\"stylesheet\"\/><script src=\"https:\/\/cdn.jsdelivr.net\/npm\/intersection-observer@0.7.0\/intersection-observer.js\"><\/script><script src=\"https:\/\/cdn.jsdelivr.net\/npm\/vanilla-lazyload@12.3.0\/dist\/lazyload.min.js\"><\/script><link href=\"\/wp-content\/themes\/barnes\/searchmap.css\" rel=\"stylesheet\"\/><script src=\"\/wp-content\/themes\/barnes\/searchmap.js\"><\/script><div id=\"search1\" class=\"blockmap\" data-bathmax=\"\" data-bed=\"\" data-bedmax=\"\" data-center=\"-80.2351, 25.7256\" data-detail_url=\"\" data-exclu=\"1\" data-limit=\"\" data-map_urls=\"\" data-mix_urls=\"\" data-mode=\"\" data-near=\"\" data-order=\"\" data-pitch=\"\" data-pmax=\"\" data-pmin=\"\" data-popup_urls=\"\" data-ratio=\"\" data-sold=\"\" data-sortby=\"\" data-transaction=\"\" data-type=\"\" data-zoom=\"\"><\/div><script>\n          var search;\n          document.addEventListener(\"DOMContentLoaded\", function() {\n            var config = {\n              'api': {\n                'near': \"\",\n                'transaction': \"\",\n                'center': [-80.2351, 25.7256],\n                'limit': 18,\n                'exclu': '1',\n                'agent_id': '',\n                'sold': '',\n                'view': '',\n                'sortby': \"price\",\n                'order': \"desc\",\n                'pmin': \"\",\n                'pmax': \"\",\n                'type': \"\",\n                'bed': \"\",\n                'bedmax': \"\",\n                'bathmax': \"\",\n              },\n              'pitch': 15,\n              'zoom': 11,\n              'ratio': \"50%\",\n              'mode': \"\",\n              'container': 'search1',\n              'locale': 'en_US',\n              'reverse': true,\n              'scrollzoom': false,\n              'mapbox_token': 'pk.eyJ1IjoiaG9tZTYxIiwiYSI6IkRSZVdLTzAifQ.j0DbHOgstXjXHYfR5e3jPA',\n              'mapbox_style': 'mapbox:\/\/styles\/home61\/ck115ahbu0d1i1crw5mggkbag?optimize=true',\n              'mapbox_satellite': 'mapbox:\/\/styles\/home61\/ck44sdmai1d4u1clti4rl3203?optimize=true',\n              'lazyload_data': 'data:image\/png;base64,iVBORw0KGgoAAAANSUhEUgAAAAMAAAACCAMAAACqqpYoAAAAA1BMVEX\/\/\/+nxBvIAAAAE0lEQVR42gEIAPf\/AAAAAAAAAAAACAABb5b2YgAAAABJRU5ErkJggg==',\n              'icon_image': 'barnes-gray-16',\n              'icon_image_hover': 'barnes-red-16',\n              'dot_color': \"#222222\"\n            };\n            config['container'] = document.querySelector(\".blockmap\").id || \"search1\";\n            config['api']['agent_id'] = document.querySelector(\".blockmap\").dataset.agent_id || \"\";\n            config['api']['bathmax'] = document.querySelector(\".blockmap\").dataset.bathmax || \"\";\n            config['api']['bed'] = document.querySelector(\".blockmap\").dataset.bed || \"\";\n            config['api']['bedmax'] = document.querySelector(\".blockmap\").dataset.bedmax || \"\";\n            config['api']['center'] = (document.querySelector(\".blockmap\").dataset.center || \"-80.2351, 25.7256\").replace(\/ \/g,\"\").split(\",\");\n            config['detail_url'] = !!document.querySelector(\".blockmap\").dataset.detail_url ? document.querySelector(\".blockmap\").dataset.detail_url : null;\n            config['api']['exclu'] = document.querySelector(\".blockmap\").dataset.exclu || \"\";\n            config['api']['limit'] = !!document.querySelector(\".blockmap\").dataset.limit ? parseInt(document.querySelector(\".blockmap\").dataset.limit) : 18;\n            config['map_urls'] = !!document.querySelector(\".blockmap\").dataset.map_urls ? [document.querySelector(\".blockmap\").dataset.map_urls] : null;\n            config['mix_urls'] = !!document.querySelector(\".blockmap\").dataset.mix_urls ? [document.querySelector(\".blockmap\").dataset.mix_urls] : null;\n            config['mode'] = !!document.querySelector(\".blockmap\").dataset.mode ? document.querySelector(\".blockmap\").dataset.mode : \"\";\n            config['api']['near'] = document.querySelector(\".blockmap\").dataset.near || \"\";\n            config['api']['order'] = document.querySelector(\".blockmap\").dataset.order || \"desc\";\n            config['pitch'] = document.querySelector(\".blockmap\").dataset.pitch || 15;\n            config['api']['pmax'] = document.querySelector(\".blockmap\").dataset.pmax || \"\";\n            config['api']['pmin'] = document.querySelector(\".blockmap\").dataset.pmin || \"\";\n            config['popup_urls'] = !!document.querySelector(\".blockmap\").dataset.popup_urls ? [document.querySelector(\".blockmap\").dataset.popup_urls] : null;\n            config['ratio'] = document.querySelector(\".blockmap\").dataset.ratio || \"50%\";\n            config['api']['sold'] = document.querySelector(\".blockmap\").dataset.sold || \"\";\n            config['api']['sortby'] = document.querySelector(\".blockmap\").dataset.sortby || \"price\";\n            config['api']['transaction'] = document.querySelector(\".blockmap\").dataset.transaction || \"\";\n            config['api']['type'] = document.querySelector(\".blockmap\").dataset.type || \"\";\n            config['zoom'] = document.querySelector(\".blockmap\").dataset.zoom || 11;\n            if(typeof document.documentElement.lang != \"undefined\") {\n              config['locale'] = document.documentElement.lang.replace(\"-\",\"_\");\n            }\n            if(typeof trp_data != \"undefined\") {\n              config['locale'] = trp_data.trp_current_language;\n            }\n            search = new SearchMap(config);\n          });\n        <\/script><\/div>\n","protected":false},"excerpt":{"rendered":"<p>L&rsquo;immobilier n&rsquo;est pas un business, c&rsquo;est une passion Langues Parl\u00e9es: Exp\u00e9rience Directeur g\u00e9n\u00e9ral et cofondateur de la division Sports &amp; Entertainment chez Barnes Miami. Pour Enzo, l&rsquo;immobilier n&rsquo;est pas un business, c&rsquo;est une passion. Enzo repr\u00e9sente des acheteurs et des vendeurs du monde entier. Originaire de Paris, Enzo s&rsquo;est install\u00e9 \u00e0 Miami en 2017 apr\u00e8s [&hellip;]<\/p>\n","protected":false},"author":2,"featured_media":0,"parent":0,"menu_order":0,"comment_status":"closed","ping_status":"closed","template":"","meta":{"inline_featured_image":false,"footnotes":""},"class_list":["post-23381","page","type-page","status-publish","hentry"],"yoast_head":"<!-- This site is optimized with the Yoast SEO plugin v27.4 - https:\/\/yoast.com\/product\/yoast-seo-wordpress\/ -->\n<title>Enzo Rosani | Notre \u00e9quipe | BARNES Miami<\/title>\n<meta name=\"description\" content=\"Originaire de Paris, Enzo a d\u00e9m\u00e9nag\u00e9 \u00e0 Miami en 2017 apr\u00e8s plusieurs ann\u00e9es de succ\u00e8s en tant qu&#039;agent \u00e0 Paris et \u00e0 Chicago.\" \/>\n<meta name=\"robots\" content=\"index, follow, max-snippet:-1, max-image-preview:large, max-video-preview:-1\" \/>\n<link rel=\"canonical\" href=\"https:\/\/www.barnes-miami.com\/en\/enzo-rosani-profile\/\" \/>\n<meta property=\"og:locale\" content=\"en_US\" \/>\n<meta property=\"og:type\" content=\"article\" \/>\n<meta property=\"og:title\" content=\"Enzo Rosani | Notre \u00e9quipe | BARNES Miami\" \/>\n<meta property=\"og:description\" content=\"Originaire de Paris, Enzo a d\u00e9m\u00e9nag\u00e9 \u00e0 Miami en 2017 apr\u00e8s plusieurs ann\u00e9es de succ\u00e8s en tant qu&#039;agent \u00e0 Paris et \u00e0 Chicago.\" \/>\n<meta property=\"og:url\" content=\"https:\/\/www.barnes-miami.com\/en\/enzo-rosani-profile\/\" \/>\n<meta property=\"og:site_name\" content=\"BARNES Miami\" \/>\n<meta property=\"article:publisher\" content=\"https:\/\/www.facebook.com\/barnesinternationalmiami\/\" \/>\n<meta property=\"article:modified_time\" content=\"2025-10-10T02:06:34+00:00\" \/>\n<meta property=\"og:image\" content=\"https:\/\/www.barnes-miami.com\/wp-content\/uploads\/2024\/04\/Enzo-1.jpg\" \/>\n\t<meta property=\"og:image:width\" content=\"1000\" \/>\n\t<meta property=\"og:image:height\" content=\"1000\" \/>\n\t<meta property=\"og:image:type\" content=\"image\/jpeg\" \/>\n<meta name=\"twitter:card\" content=\"summary_large_image\" \/>\n<meta name=\"twitter:site\" content=\"@barnesmiami\" \/>\n<meta name=\"twitter:label1\" content=\"Est. reading time\" \/>\n\t<meta name=\"twitter:data1\" content=\"2 minutes\" \/>\n<script type=\"application\/ld+json\" class=\"yoast-schema-graph\">{\"@context\":\"https:\\\/\\\/schema.org\",\"@graph\":[{\"@type\":\"WebPage\",\"@id\":\"https:\\\/\\\/www.barnes-miami.com\\\/profil-enzo-rosani\\\/\",\"url\":\"https:\\\/\\\/www.barnes-miami.com\\\/profil-enzo-rosani\\\/\",\"name\":\"Enzo Rosani | Notre \u00e9quipe | BARNES Miami\",\"isPartOf\":{\"@id\":\"https:\\\/\\\/www.barnes-miami.com\\\/#website\"},\"primaryImageOfPage\":{\"@id\":\"https:\\\/\\\/www.barnes-miami.com\\\/profil-enzo-rosani\\\/#primaryimage\"},\"image\":{\"@id\":\"https:\\\/\\\/www.barnes-miami.com\\\/profil-enzo-rosani\\\/#primaryimage\"},\"thumbnailUrl\":\"https:\\\/\\\/www.barnes-miami.com\\\/wp-content\\\/uploads\\\/2024\\\/04\\\/Enzo-1.jpg\",\"datePublished\":\"2020-01-29T03:36:01+00:00\",\"dateModified\":\"2025-10-10T02:06:34+00:00\",\"description\":\"Originaire de Paris, Enzo a d\u00e9m\u00e9nag\u00e9 \u00e0 Miami en 2017 apr\u00e8s plusieurs ann\u00e9es de succ\u00e8s en tant qu'agent \u00e0 Paris et \u00e0 Chicago.\",\"breadcrumb\":{\"@id\":\"https:\\\/\\\/www.barnes-miami.com\\\/profil-enzo-rosani\\\/#breadcrumb\"},\"inLanguage\":\"en-US\",\"potentialAction\":[{\"@type\":\"ReadAction\",\"target\":[\"https:\\\/\\\/www.barnes-miami.com\\\/profil-enzo-rosani\\\/\"]}]},{\"@type\":\"ImageObject\",\"inLanguage\":\"en-US\",\"@id\":\"https:\\\/\\\/www.barnes-miami.com\\\/profil-enzo-rosani\\\/#primaryimage\",\"url\":\"https:\\\/\\\/www.barnes-miami.com\\\/wp-content\\\/uploads\\\/2024\\\/04\\\/Enzo-1.jpg\",\"contentUrl\":\"https:\\\/\\\/www.barnes-miami.com\\\/wp-content\\\/uploads\\\/2024\\\/04\\\/Enzo-1.jpg\"},{\"@type\":\"BreadcrumbList\",\"@id\":\"https:\\\/\\\/www.barnes-miami.com\\\/profil-enzo-rosani\\\/#breadcrumb\",\"itemListElement\":[{\"@type\":\"ListItem\",\"position\":1,\"name\":\"Accueil\",\"item\":\"https:\\\/\\\/www.barnes-miami.com\\\/\"},{\"@type\":\"ListItem\",\"position\":2,\"name\":\"Profil Enzo ROSANI\"}]},{\"@type\":\"WebSite\",\"@id\":\"https:\\\/\\\/www.barnes-miami.com\\\/#website\",\"url\":\"https:\\\/\\\/www.barnes-miami.com\\\/\",\"name\":\"BARNES Miami\",\"description\":\"#1 International Real Estate Brokerage in South Florida\",\"publisher\":{\"@id\":\"https:\\\/\\\/www.barnes-miami.com\\\/#organization\"},\"potentialAction\":[{\"@type\":\"SearchAction\",\"target\":{\"@type\":\"EntryPoint\",\"urlTemplate\":\"https:\\\/\\\/www.barnes-miami.com\\\/?s={search_term_string}\"},\"query-input\":{\"@type\":\"PropertyValueSpecification\",\"valueRequired\":true,\"valueName\":\"search_term_string\"}}],\"inLanguage\":\"en-US\"},{\"@type\":\"Organization\",\"@id\":\"https:\\\/\\\/www.barnes-miami.com\\\/#organization\",\"name\":\"BARNES Miami\",\"url\":\"https:\\\/\\\/www.barnes-miami.com\\\/\",\"logo\":{\"@type\":\"ImageObject\",\"inLanguage\":\"en-US\",\"@id\":\"https:\\\/\\\/www.barnes-miami.com\\\/#\\\/schema\\\/logo\\\/image\\\/\",\"url\":\"https:\\\/\\\/www.barnes-miami.com\\\/wp-content\\\/uploads\\\/2026\\\/01\\\/logo-2.png\",\"contentUrl\":\"https:\\\/\\\/www.barnes-miami.com\\\/wp-content\\\/uploads\\\/2026\\\/01\\\/logo-2.png\",\"width\":1100,\"height\":1100,\"caption\":\"BARNES Miami\"},\"image\":{\"@id\":\"https:\\\/\\\/www.barnes-miami.com\\\/#\\\/schema\\\/logo\\\/image\\\/\"},\"sameAs\":[\"https:\\\/\\\/www.facebook.com\\\/barnesinternationalmiami\\\/\",\"https:\\\/\\\/x.com\\\/barnesmiami\",\"https:\\\/\\\/www.instagram.com\\\/barnesmiami\\\/\",\"https:\\\/\\\/www.linkedin.com\\\/company\\\/barnes-international-miami\\\/\",\"https:\\\/\\\/www.youtube.com\\\/user\\\/BarnesImmoMiami\\\/\"]}]}<\/script>\n<!-- \/ Yoast SEO plugin. -->","yoast_head_json":{"title":"Enzo Rosani | Our team | BARNES Miami","description":"Originally from Paris, Enzo moved to Miami in 2017 after several successful years as an agent in Paris and Chicago.","robots":{"index":"index","follow":"follow","max-snippet":"max-snippet:-1","max-image-preview":"max-image-preview:large","max-video-preview":"max-video-preview:-1"},"canonical":"https:\/\/www.barnes-miami.com\/en\/enzo-rosani-profile\/","og_locale":"en_US","og_type":"article","og_title":"Enzo Rosani | Notre \u00e9quipe | BARNES Miami","og_description":"Originaire de Paris, Enzo a d\u00e9m\u00e9nag\u00e9 \u00e0 Miami en 2017 apr\u00e8s plusieurs ann\u00e9es de succ\u00e8s en tant qu'agent \u00e0 Paris et \u00e0 Chicago.","og_url":"https:\/\/www.barnes-miami.com\/en\/enzo-rosani-profile\/","og_site_name":"BARNES Miami","article_publisher":"https:\/\/www.facebook.com\/barnesinternationalmiami\/","article_modified_time":"2025-10-10T02:06:34+00:00","og_image":[{"width":1000,"height":1000,"url":"https:\/\/www.barnes-miami.com\/wp-content\/uploads\/2024\/04\/Enzo-1.jpg","type":"image\/jpeg"}],"twitter_card":"summary_large_image","twitter_site":"@barnesmiami","twitter_misc":{"Est. reading time":"2 minutes"},"schema":{"@context":"https:\/\/schema.org","@graph":[{"@type":"WebPage","@id":"https:\/\/www.barnes-miami.com\/profil-enzo-rosani\/","url":"https:\/\/www.barnes-miami.com\/profil-enzo-rosani\/","name":"Enzo Rosani | Our team | BARNES Miami","isPartOf":{"@id":"https:\/\/www.barnes-miami.com\/#website"},"primaryImageOfPage":{"@id":"https:\/\/www.barnes-miami.com\/profil-enzo-rosani\/#primaryimage"},"image":{"@id":"https:\/\/www.barnes-miami.com\/profil-enzo-rosani\/#primaryimage"},"thumbnailUrl":"https:\/\/www.barnes-miami.com\/wp-content\/uploads\/2024\/04\/Enzo-1.jpg","datePublished":"2020-01-29T03:36:01+00:00","dateModified":"2025-10-10T02:06:34+00:00","description":"Originally from Paris, Enzo moved to Miami in 2017 after several successful years as an agent in Paris and Chicago.","breadcrumb":{"@id":"https:\/\/www.barnes-miami.com\/profil-enzo-rosani\/#breadcrumb"},"inLanguage":"en-US","potentialAction":[{"@type":"ReadAction","target":["https:\/\/www.barnes-miami.com\/profil-enzo-rosani\/"]}]},{"@type":"ImageObject","inLanguage":"en-US","@id":"https:\/\/www.barnes-miami.com\/profil-enzo-rosani\/#primaryimage","url":"https:\/\/www.barnes-miami.com\/wp-content\/uploads\/2024\/04\/Enzo-1.jpg","contentUrl":"https:\/\/www.barnes-miami.com\/wp-content\/uploads\/2024\/04\/Enzo-1.jpg"},{"@type":"BreadcrumbList","@id":"https:\/\/www.barnes-miami.com\/profil-enzo-rosani\/#breadcrumb","itemListElement":[{"@type":"ListItem","position":1,"name":"Accueil","item":"https:\/\/www.barnes-miami.com\/"},{"@type":"ListItem","position":2,"name":"Profil Enzo ROSANI"}]},{"@type":"WebSite","@id":"https:\/\/www.barnes-miami.com\/#website","url":"https:\/\/www.barnes-miami.com\/","name":"BARNES Miami","description":"#1 International Real Estate Brokerage in South Florida","publisher":{"@id":"https:\/\/www.barnes-miami.com\/#organization"},"potentialAction":[{"@type":"SearchAction","target":{"@type":"EntryPoint","urlTemplate":"https:\/\/www.barnes-miami.com\/?s={search_term_string}"},"query-input":{"@type":"PropertyValueSpecification","valueRequired":true,"valueName":"search_term_string"}}],"inLanguage":"en-US"},{"@type":"Organization","@id":"https:\/\/www.barnes-miami.com\/#organization","name":"BARNES Miami","url":"https:\/\/www.barnes-miami.com\/","logo":{"@type":"ImageObject","inLanguage":"en-US","@id":"https:\/\/www.barnes-miami.com\/#\/schema\/logo\/image\/","url":"https:\/\/www.barnes-miami.com\/wp-content\/uploads\/2026\/01\/logo-2.png","contentUrl":"https:\/\/www.barnes-miami.com\/wp-content\/uploads\/2026\/01\/logo-2.png","width":1100,"height":1100,"caption":"BARNES Miami"},"image":{"@id":"https:\/\/www.barnes-miami.com\/#\/schema\/logo\/image\/"},"sameAs":["https:\/\/www.facebook.com\/barnesinternationalmiami\/","https:\/\/x.com\/barnesmiami","https:\/\/www.instagram.com\/barnesmiami\/","https:\/\/www.linkedin.com\/company\/barnes-international-miami\/","https:\/\/www.youtube.com\/user\/BarnesImmoMiami\/"]}]}},"_links":{"self":[{"href":"https:\/\/www.barnes-miami.com\/en\/wp-json\/wp\/v2\/pages\/23381","targetHints":{"allow":["GET"]}}],"collection":[{"href":"https:\/\/www.barnes-miami.com\/en\/wp-json\/wp\/v2\/pages"}],"about":[{"href":"https:\/\/www.barnes-miami.com\/en\/wp-json\/wp\/v2\/types\/page"}],"author":[{"embeddable":true,"href":"https:\/\/www.barnes-miami.com\/en\/wp-json\/wp\/v2\/users\/2"}],"replies":[{"embeddable":true,"href":"https:\/\/www.barnes-miami.com\/en\/wp-json\/wp\/v2\/comments?post=23381"}],"version-history":[{"count":65,"href":"https:\/\/www.barnes-miami.com\/en\/wp-json\/wp\/v2\/pages\/23381\/revisions"}],"predecessor-version":[{"id":29645,"href":"https:\/\/www.barnes-miami.com\/en\/wp-json\/wp\/v2\/pages\/23381\/revisions\/29645"}],"wp:attachment":[{"href":"https:\/\/www.barnes-miami.com\/en\/wp-json\/wp\/v2\/media?parent=23381"}],"curies":[{"name":"wp","href":"https:\/\/api.w.org\/{rel}","templated":true}]}}