{"id":25697,"date":"2022-04-08T13:47:53","date_gmt":"2022-04-08T18:47:53","guid":{"rendered":"https:\/\/www.barnes-miami.com\/?page_id=25697"},"modified":"2022-04-19T14:35:37","modified_gmt":"2022-04-19T19:35:37","slug":"buy-a-property-in-miami-beach","status":"publish","type":"page","link":"https:\/\/www.barnes-miami.com\/en\/acheter-une-propriete-a-miami-beach\/","title":{"rendered":"Buy a Property in Miami Beach"},"content":{"rendered":"<figure class=\"wp-block-image size-large\"><img loading=\"lazy\" decoding=\"async\" width=\"1024\" height=\"591\" src=\"https:\/\/www.barnes-miami.com\/wp-content\/uploads\/2022\/04\/acheter-propriete-miami-beach-1024x591.jpg\" alt=\"\" class=\"wp-image-25519\" srcset=\"https:\/\/www.barnes-miami.com\/wp-content\/uploads\/2022\/04\/acheter-propriete-miami-beach-1024x591.jpg 1024w, https:\/\/www.barnes-miami.com\/wp-content\/uploads\/2022\/04\/acheter-propriete-miami-beach-300x173.jpg 300w, https:\/\/www.barnes-miami.com\/wp-content\/uploads\/2022\/04\/acheter-propriete-miami-beach-768x443.jpg 768w, https:\/\/www.barnes-miami.com\/wp-content\/uploads\/2022\/04\/acheter-propriete-miami-beach-18x10.jpg 18w, https:\/\/www.barnes-miami.com\/wp-content\/uploads\/2022\/04\/acheter-propriete-miami-beach.jpg 1200w\" sizes=\"auto, (max-width: 1024px) 100vw, 1024px\" \/><figcaption>53263141 \u2013 wonderful skyline of miami at sunset, aerial view.<\/figcaption><\/figure>\n\n\n\n<p>Considered the &quot;Gateway to the Americas&quot;, the city of Miami, the economic capital of the state of Florida, attracts tourists from all over the world throughout the year. Sunny, dynamic, made up of young international profiles and diverse cultural events, Miami, and in particular the island of Miami Beach, charm real estate investors.<\/p>\n\n\n\n<div class=\"wp-block-barnes-blocks-contact\"><div class=\"contact_wrapper\"><h3>Contact Us<\/h3><form action=\"\"><div class=\"form-group\"><input type=\"text\" value=\"\" name=\"name\" pattern=\".{4,}\"\/><label>Name *<\/label><\/div><div class=\"form-group\"><input type=\"text\" value=\"\" name=\"email\" pattern=\".{4,}\"\/><label>E-mail *<\/label><\/div><div class=\"form-group\"><input type=\"text\" value=\"\" name=\"phone\" pattern=\".{8,}\"\/><label>Phone *<\/label><\/div><div class=\"form-group\"><textarea name=\"message\"><\/textarea><label>Message<\/label><\/div><div><input type=\"hidden\" name=\"referral\" class=\"referral\" value=\"ads\"\/><button class=\"contact_btn\">SEND<\/button><\/div><input type=\"hidden\" name=\"trp-form-language\" value=\"en\"\/><\/form><\/div><\/div>\n\n\n\n<h2 class=\"has-text-align-center wp-block-heading\">Real estate in Miami Beach, between beach and luxury<\/h2>\n\n\n\n<p>BARNES Miami can offer you exclusive properties, which are not yet available on the real estate market in Miami Beach. These properties are part of our many assets: in this way, you have the guarantee that you are visiting a luxury property in preview, which corresponds to your expectations.<\/p>\n\n\n\n<div class=\"wp-block-barnes-blocks-text-image-right\"><div class=\"textimg-container\"><div class=\"textimg-child1\"><h3 class=\"textimg-title\">Panoramic ocean view from Collins Avenue<\/h3><p class=\"textimg-text\">This apartment with panoramic views of the crystal clear ocean has 2 private balconies, and benefits from the amenities of its exclusive residence: gym, sauna, swimming pool, spa, games room, children&#039;s playground, as well as direct access on the beach.<\/p><p><a href=\"#contact\" class=\"textimg-link first\">LEARN MORE<\/a><\/p><\/div><div class=\"textimg-child2\"><div class=\"textimg-bg\"><figure><a href=\"#contact\" class=\"second\"><img class=\"textimg-image effect lazy\" data-src=\"https:\/\/res.cloudinary.com\/barnesmiami\/image\/fetch\/w_auto,dpr_auto,f_auto,q_auto\/https:\/\/www.barnes-miami.com\/wp-content\/uploads\/2022\/04\/acheter-propriete-miami-beach-3.jpg\" alt=\"\"\/><\/a><\/figure><div class=\"textimg-caption\">1,380,000 | 2 bedrooms | 2 bathrooms | 1,440 sqft<\/div><\/div><\/div><\/div><\/div>\n\n\n\n<div class=\"wp-block-barnes-blocks-text-image-left\"><div class=\"textimg-container left\"><div class=\"textimg-child1\"><div class=\"textimg-bg\"><figure><a href=\"#contact\" class=\"second\"><img class=\"textimg-image effect lazy\" data-src=\"https:\/\/res.cloudinary.com\/barnesmiami\/image\/fetch\/w_auto,dpr_auto,f_auto,q_auto\/https:\/\/www.barnes-miami.com\/wp-content\/uploads\/2022\/04\/acheter-propriete-miami-beach-1.jpg\" alt=\"\"\/><\/a><\/figure><div class=\"textimg-caption\">$2,450,000 | 3 bedrooms | 3 bathrooms | 1,728 sqft<\/div><\/div><\/div><div class=\"textimg-child2\"><h3 class=\"textimg-title\">The tropical charm of Miami Beach<\/h3><p class=\"textimg-text\">This 3-bedroom apartment, located in a fully renovated boutique building in the Sunset Harbor neighborhood, offers over 1700 square feet of living space, two spacious balconies, and water views overlooking the islands at sunset.<\/p><p><a href=\"#contact\" class=\"textimg-link first\">LEARN MORE<\/a><\/p><\/div><\/div><\/div>\n\n\n\n<div class=\"wp-block-barnes-blocks-text-image-right\"><div class=\"textimg-container\"><div class=\"textimg-child1\"><h3 class=\"textimg-title\">An architectural masterpiece on a prestigious island<\/h3><p class=\"textimg-text\">Located on prestigious Hibiscus Island, this 5 bedroom\/5.5 bath villa boasts over 9000 square feet of land. The high ceilings of the house combined with the open living and kitchen areas provide exceptional daily light.<\/p><p><a href=\"#contact\" class=\"textimg-link first\">LEARN MORE<\/a><\/p><\/div><div class=\"textimg-child2\"><div class=\"textimg-bg\"><figure><a href=\"#contact\" class=\"second\"><img class=\"textimg-image effect lazy\" data-src=\"https:\/\/res.cloudinary.com\/barnesmiami\/image\/fetch\/w_auto,dpr_auto,f_auto,q_auto\/https:\/\/www.barnes-miami.com\/wp-content\/uploads\/2022\/04\/acheter-propriete-miami-beach.webp\" alt=\"\"\/><\/a><\/figure><div class=\"textimg-caption\">$6,500,000 | 4 bedrooms | 5 bathrooms | 4,000 sqft<\/div><\/div><\/div><\/div><\/div>\n\n\n\n<blockquote class=\"wp-block-quote is-layout-flow wp-block-quote-is-layout-flow\"><p>BARNES Miami, a multilingual and multicultural team attentive to your needs for tailor-made and unique support. <\/p><\/blockquote>\n\n\n\n<div class=\"wp-block-buttons is-layout-flex wp-block-buttons-is-layout-flex\"><\/div>\n\n\n\n<div class=\"wp-block-columns is-layout-flex wp-container-core-columns-is-layout-9d6595d7 wp-block-columns-is-layout-flex\">\n<div class=\"wp-block-column is-layout-flow wp-block-column-is-layout-flow\" style=\"flex-basis:100%\">\n<figure class=\"wp-block-image size-large\"><img loading=\"lazy\" decoding=\"async\" width=\"1024\" height=\"683\" src=\"https:\/\/www.barnes-miami.com\/wp-content\/uploads\/2022\/04\/Group-1-scaled-nb-1024x683.jpg\" alt=\"\" class=\"wp-image-25492\" srcset=\"https:\/\/www.barnes-miami.com\/wp-content\/uploads\/2022\/04\/Group-1-scaled-nb-1024x683.jpg 1024w, https:\/\/www.barnes-miami.com\/wp-content\/uploads\/2022\/04\/Group-1-scaled-nb-300x200.jpg 300w, https:\/\/www.barnes-miami.com\/wp-content\/uploads\/2022\/04\/Group-1-scaled-nb-768x512.jpg 768w, https:\/\/www.barnes-miami.com\/wp-content\/uploads\/2022\/04\/Group-1-scaled-nb-1536x1024.jpg 1536w, https:\/\/www.barnes-miami.com\/wp-content\/uploads\/2022\/04\/Group-1-scaled-nb-18x12.jpg 18w, https:\/\/www.barnes-miami.com\/wp-content\/uploads\/2022\/04\/Group-1-scaled-nb.jpg 1920w\" sizes=\"auto, (max-width: 1024px) 100vw, 1024px\" \/><\/figure>\n<\/div>\n<\/div>\n\n\n\n<div class=\"wp-block-barnes-blocks-text-image-left\"><div class=\"textimg-container left\"><div class=\"textimg-child1\"><div class=\"textimg-bg\"><figure><a href=\"#contact\" class=\"second\"><img class=\"textimg-image effect lazy\" data-src=\"https:\/\/res.cloudinary.com\/barnesmiami\/image\/fetch\/w_auto,dpr_auto,f_auto,q_auto\/https:\/\/www.barnes-miami.com\/wp-content\/uploads\/2021\/01\/Relocation-Pic.png\" alt=\"\"\/><\/a><\/figure><div class=\"textimg-caption\">$1,390,000 | 3 bedrooms | 2 bathrooms | 1,330 sqft<\/div><\/div><\/div><div class=\"textimg-child2\"><h3 class=\"textimg-title\">A move project in Miami?<\/h3><p class=\"textimg-text\">BARNES offers its French and international customers a unique and personalized service through its Relocation department.<\/p><p><a href=\"#contact\" class=\"textimg-link first\">LEARN MORE<\/a><\/p><\/div><\/div><\/div>\n\n\n\n<hp id=\"contact\"><p><\/p><\/hp>\n\n\n\n<div class=\"wp-block-barnes-blocks-contact\"><div class=\"contact_wrapper\"><h3>Contact Us<\/h3><form action=\"\"><div class=\"form-group\"><input type=\"text\" value=\"\" name=\"name\" pattern=\".{4,}\"\/><label>Name *<\/label><\/div><div class=\"form-group\"><input type=\"text\" value=\"\" name=\"email\" pattern=\".{4,}\"\/><label>E-mail *<\/label><\/div><div class=\"form-group\"><input type=\"text\" value=\"\" name=\"phone\" pattern=\".{8,}\"\/><label>Phone *<\/label><\/div><div class=\"form-group\"><textarea name=\"message\"><\/textarea><label>Message<\/label><\/div><div><input type=\"hidden\" name=\"referral\" class=\"referral\" value=\"ads\"\/><button class=\"contact_btn\">SEND<\/button><\/div><input type=\"hidden\" name=\"trp-form-language\" value=\"en\"\/><\/form><\/div><\/div>\n\n\n\n<p><\/p>","protected":false},"excerpt":{"rendered":"<p>Consid\u00e9r\u00e9e comme la \u00ab Porte des Am\u00e9riques \u00bb, la ville de Miami, capitale \u00e9conomique de l\u2019\u00e9tat de Floride, attire les touristes du monde entier tout au long de l\u2019ann\u00e9e. Ensoleill\u00e9e, dynamique, compos\u00e9e de jeunes profils internationaux et d\u2019une actualit\u00e9 culturelle diversifi\u00e9e, Miami, et notamment l\u2019\u00eele de Miami Beach, charment les investisseurs immobiliers. L\u2019immobilier \u00e0 Miami [&hellip;]<\/p>\n","protected":false},"author":10,"featured_media":0,"parent":0,"menu_order":0,"comment_status":"closed","ping_status":"closed","template":"","meta":{"inline_featured_image":false,"footnotes":""},"class_list":["post-25697","page","type-page","status-publish","hentry"],"yoast_head":"<!-- This site is optimized with the Yoast SEO plugin v27.3 - https:\/\/yoast.com\/product\/yoast-seo-wordpress\/ -->\n<title>Acheter une propri\u00e9t\u00e9 \u00e0 Miami Beach - BARNES Miami<\/title>\n<meta name=\"robots\" content=\"index, follow, max-snippet:-1, max-image-preview:large, max-video-preview:-1\" \/>\n<link rel=\"canonical\" href=\"https:\/\/www.barnes-miami.com\/en\/buy-a-property-in-miami-beach\/\" \/>\n<meta property=\"og:locale\" content=\"en_US\" \/>\n<meta property=\"og:type\" content=\"article\" \/>\n<meta property=\"og:title\" content=\"Acheter une propri\u00e9t\u00e9 \u00e0 Miami Beach - BARNES Miami\" \/>\n<meta property=\"og:description\" content=\"Consid\u00e9r\u00e9e comme la \u00ab Porte des Am\u00e9riques \u00bb, la ville de Miami, capitale \u00e9conomique de l\u2019\u00e9tat de Floride, attire les touristes du monde entier tout au long de l\u2019ann\u00e9e. Ensoleill\u00e9e, dynamique, compos\u00e9e de jeunes profils internationaux et d\u2019une actualit\u00e9 culturelle diversifi\u00e9e, Miami, et notamment l\u2019\u00eele de Miami Beach, charment les investisseurs immobiliers. L\u2019immobilier \u00e0 Miami [&hellip;]\" \/>\n<meta property=\"og:url\" content=\"https:\/\/www.barnes-miami.com\/en\/buy-a-property-in-miami-beach\/\" \/>\n<meta property=\"og:site_name\" content=\"BARNES Miami\" \/>\n<meta property=\"article:publisher\" content=\"https:\/\/www.facebook.com\/barnesinternationalmiami\/\" \/>\n<meta property=\"article:modified_time\" content=\"2022-04-19T19:35:37+00:00\" \/>\n<meta property=\"og:image\" content=\"https:\/\/www.barnes-miami.com\/wp-content\/uploads\/2022\/04\/acheter-propriete-miami-beach-1024x591.jpg\" \/>\n<meta name=\"twitter:card\" content=\"summary_large_image\" \/>\n<meta name=\"twitter:site\" content=\"@barnesmiami\" \/>\n<meta name=\"twitter:label1\" content=\"Est. reading time\" \/>\n\t<meta name=\"twitter:data1\" content=\"4 minutes\" \/>\n<script type=\"application\/ld+json\" class=\"yoast-schema-graph\">{\"@context\":\"https:\\\/\\\/schema.org\",\"@graph\":[{\"@type\":\"WebPage\",\"@id\":\"https:\\\/\\\/www.barnes-miami.com\\\/acheter-une-propriete-a-miami-beach\\\/\",\"url\":\"https:\\\/\\\/www.barnes-miami.com\\\/acheter-une-propriete-a-miami-beach\\\/\",\"name\":\"Acheter une propri\u00e9t\u00e9 \u00e0 Miami Beach - BARNES Miami\",\"isPartOf\":{\"@id\":\"https:\\\/\\\/www.barnes-miami.com\\\/#website\"},\"primaryImageOfPage\":{\"@id\":\"https:\\\/\\\/www.barnes-miami.com\\\/acheter-une-propriete-a-miami-beach\\\/#primaryimage\"},\"image\":{\"@id\":\"https:\\\/\\\/www.barnes-miami.com\\\/acheter-une-propriete-a-miami-beach\\\/#primaryimage\"},\"thumbnailUrl\":\"https:\\\/\\\/www.barnes-miami.com\\\/wp-content\\\/uploads\\\/2022\\\/04\\\/acheter-propriete-miami-beach-1024x591.jpg\",\"datePublished\":\"2022-04-08T18:47:53+00:00\",\"dateModified\":\"2022-04-19T19:35:37+00:00\",\"breadcrumb\":{\"@id\":\"https:\\\/\\\/www.barnes-miami.com\\\/acheter-une-propriete-a-miami-beach\\\/#breadcrumb\"},\"inLanguage\":\"en-US\",\"potentialAction\":[{\"@type\":\"ReadAction\",\"target\":[\"https:\\\/\\\/www.barnes-miami.com\\\/acheter-une-propriete-a-miami-beach\\\/\"]}]},{\"@type\":\"ImageObject\",\"inLanguage\":\"en-US\",\"@id\":\"https:\\\/\\\/www.barnes-miami.com\\\/acheter-une-propriete-a-miami-beach\\\/#primaryimage\",\"url\":\"https:\\\/\\\/www.barnes-miami.com\\\/wp-content\\\/uploads\\\/2022\\\/04\\\/acheter-propriete-miami-beach-1024x591.jpg\",\"contentUrl\":\"https:\\\/\\\/www.barnes-miami.com\\\/wp-content\\\/uploads\\\/2022\\\/04\\\/acheter-propriete-miami-beach-1024x591.jpg\"},{\"@type\":\"BreadcrumbList\",\"@id\":\"https:\\\/\\\/www.barnes-miami.com\\\/acheter-une-propriete-a-miami-beach\\\/#breadcrumb\",\"itemListElement\":[{\"@type\":\"ListItem\",\"position\":1,\"name\":\"Accueil\",\"item\":\"https:\\\/\\\/www.barnes-miami.com\\\/\"},{\"@type\":\"ListItem\",\"position\":2,\"name\":\"Acheter une propri\u00e9t\u00e9 \u00e0 Miami Beach\"}]},{\"@type\":\"WebSite\",\"@id\":\"https:\\\/\\\/www.barnes-miami.com\\\/#website\",\"url\":\"https:\\\/\\\/www.barnes-miami.com\\\/\",\"name\":\"BARNES Miami\",\"description\":\"#1 International Real Estate Brokerage in South Florida\",\"publisher\":{\"@id\":\"https:\\\/\\\/www.barnes-miami.com\\\/#organization\"},\"potentialAction\":[{\"@type\":\"SearchAction\",\"target\":{\"@type\":\"EntryPoint\",\"urlTemplate\":\"https:\\\/\\\/www.barnes-miami.com\\\/?s={search_term_string}\"},\"query-input\":{\"@type\":\"PropertyValueSpecification\",\"valueRequired\":true,\"valueName\":\"search_term_string\"}}],\"inLanguage\":\"en-US\"},{\"@type\":\"Organization\",\"@id\":\"https:\\\/\\\/www.barnes-miami.com\\\/#organization\",\"name\":\"BARNES Miami\",\"url\":\"https:\\\/\\\/www.barnes-miami.com\\\/\",\"logo\":{\"@type\":\"ImageObject\",\"inLanguage\":\"en-US\",\"@id\":\"https:\\\/\\\/www.barnes-miami.com\\\/#\\\/schema\\\/logo\\\/image\\\/\",\"url\":\"https:\\\/\\\/www.barnes-miami.com\\\/wp-content\\\/uploads\\\/2026\\\/01\\\/logo-2.png\",\"contentUrl\":\"https:\\\/\\\/www.barnes-miami.com\\\/wp-content\\\/uploads\\\/2026\\\/01\\\/logo-2.png\",\"width\":1100,\"height\":1100,\"caption\":\"BARNES Miami\"},\"image\":{\"@id\":\"https:\\\/\\\/www.barnes-miami.com\\\/#\\\/schema\\\/logo\\\/image\\\/\"},\"sameAs\":[\"https:\\\/\\\/www.facebook.com\\\/barnesinternationalmiami\\\/\",\"https:\\\/\\\/x.com\\\/barnesmiami\",\"https:\\\/\\\/www.instagram.com\\\/barnesmiami\\\/\",\"https:\\\/\\\/www.linkedin.com\\\/company\\\/barnes-international-miami\\\/\",\"https:\\\/\\\/www.youtube.com\\\/user\\\/BarnesImmoMiami\\\/\"]}]}<\/script>\n<!-- \/ Yoast SEO plugin. -->","yoast_head_json":{"title":"Buying property in Miami Beach - BARNES Miami","robots":{"index":"index","follow":"follow","max-snippet":"max-snippet:-1","max-image-preview":"max-image-preview:large","max-video-preview":"max-video-preview:-1"},"canonical":"https:\/\/www.barnes-miami.com\/en\/buy-a-property-in-miami-beach\/","og_locale":"en_US","og_type":"article","og_title":"Acheter une propri\u00e9t\u00e9 \u00e0 Miami Beach - BARNES Miami","og_description":"Consid\u00e9r\u00e9e comme la \u00ab Porte des Am\u00e9riques \u00bb, la ville de Miami, capitale \u00e9conomique de l\u2019\u00e9tat de Floride, attire les touristes du monde entier tout au long de l\u2019ann\u00e9e. Ensoleill\u00e9e, dynamique, compos\u00e9e de jeunes profils internationaux et d\u2019une actualit\u00e9 culturelle diversifi\u00e9e, Miami, et notamment l\u2019\u00eele de Miami Beach, charment les investisseurs immobiliers. L\u2019immobilier \u00e0 Miami [&hellip;]","og_url":"https:\/\/www.barnes-miami.com\/en\/buy-a-property-in-miami-beach\/","og_site_name":"BARNES Miami","article_publisher":"https:\/\/www.facebook.com\/barnesinternationalmiami\/","article_modified_time":"2022-04-19T19:35:37+00:00","og_image":[{"url":"https:\/\/www.barnes-miami.com\/wp-content\/uploads\/2022\/04\/acheter-propriete-miami-beach-1024x591.jpg","type":"","width":"","height":""}],"twitter_card":"summary_large_image","twitter_site":"@barnesmiami","twitter_misc":{"Est. reading time":"4 minutes"},"schema":{"@context":"https:\/\/schema.org","@graph":[{"@type":"WebPage","@id":"https:\/\/www.barnes-miami.com\/acheter-une-propriete-a-miami-beach\/","url":"https:\/\/www.barnes-miami.com\/acheter-une-propriete-a-miami-beach\/","name":"Buying property in Miami Beach - BARNES Miami","isPartOf":{"@id":"https:\/\/www.barnes-miami.com\/#website"},"primaryImageOfPage":{"@id":"https:\/\/www.barnes-miami.com\/acheter-une-propriete-a-miami-beach\/#primaryimage"},"image":{"@id":"https:\/\/www.barnes-miami.com\/acheter-une-propriete-a-miami-beach\/#primaryimage"},"thumbnailUrl":"https:\/\/www.barnes-miami.com\/wp-content\/uploads\/2022\/04\/acheter-propriete-miami-beach-1024x591.jpg","datePublished":"2022-04-08T18:47:53+00:00","dateModified":"2022-04-19T19:35:37+00:00","breadcrumb":{"@id":"https:\/\/www.barnes-miami.com\/acheter-une-propriete-a-miami-beach\/#breadcrumb"},"inLanguage":"en-US","potentialAction":[{"@type":"ReadAction","target":["https:\/\/www.barnes-miami.com\/acheter-une-propriete-a-miami-beach\/"]}]},{"@type":"ImageObject","inLanguage":"en-US","@id":"https:\/\/www.barnes-miami.com\/acheter-une-propriete-a-miami-beach\/#primaryimage","url":"https:\/\/www.barnes-miami.com\/wp-content\/uploads\/2022\/04\/acheter-propriete-miami-beach-1024x591.jpg","contentUrl":"https:\/\/www.barnes-miami.com\/wp-content\/uploads\/2022\/04\/acheter-propriete-miami-beach-1024x591.jpg"},{"@type":"BreadcrumbList","@id":"https:\/\/www.barnes-miami.com\/acheter-une-propriete-a-miami-beach\/#breadcrumb","itemListElement":[{"@type":"ListItem","position":1,"name":"Accueil","item":"https:\/\/www.barnes-miami.com\/"},{"@type":"ListItem","position":2,"name":"Acheter une propri\u00e9t\u00e9 \u00e0 Miami Beach"}]},{"@type":"WebSite","@id":"https:\/\/www.barnes-miami.com\/#website","url":"https:\/\/www.barnes-miami.com\/","name":"BARNES Miami","description":"#1 International Real Estate Brokerage in South Florida","publisher":{"@id":"https:\/\/www.barnes-miami.com\/#organization"},"potentialAction":[{"@type":"SearchAction","target":{"@type":"EntryPoint","urlTemplate":"https:\/\/www.barnes-miami.com\/?s={search_term_string}"},"query-input":{"@type":"PropertyValueSpecification","valueRequired":true,"valueName":"search_term_string"}}],"inLanguage":"en-US"},{"@type":"Organization","@id":"https:\/\/www.barnes-miami.com\/#organization","name":"BARNES Miami","url":"https:\/\/www.barnes-miami.com\/","logo":{"@type":"ImageObject","inLanguage":"en-US","@id":"https:\/\/www.barnes-miami.com\/#\/schema\/logo\/image\/","url":"https:\/\/www.barnes-miami.com\/wp-content\/uploads\/2026\/01\/logo-2.png","contentUrl":"https:\/\/www.barnes-miami.com\/wp-content\/uploads\/2026\/01\/logo-2.png","width":1100,"height":1100,"caption":"BARNES Miami"},"image":{"@id":"https:\/\/www.barnes-miami.com\/#\/schema\/logo\/image\/"},"sameAs":["https:\/\/www.facebook.com\/barnesinternationalmiami\/","https:\/\/x.com\/barnesmiami","https:\/\/www.instagram.com\/barnesmiami\/","https:\/\/www.linkedin.com\/company\/barnes-international-miami\/","https:\/\/www.youtube.com\/user\/BarnesImmoMiami\/"]}]}},"_links":{"self":[{"href":"https:\/\/www.barnes-miami.com\/en\/wp-json\/wp\/v2\/pages\/25697","targetHints":{"allow":["GET"]}}],"collection":[{"href":"https:\/\/www.barnes-miami.com\/en\/wp-json\/wp\/v2\/pages"}],"about":[{"href":"https:\/\/www.barnes-miami.com\/en\/wp-json\/wp\/v2\/types\/page"}],"author":[{"embeddable":true,"href":"https:\/\/www.barnes-miami.com\/en\/wp-json\/wp\/v2\/users\/10"}],"replies":[{"embeddable":true,"href":"https:\/\/www.barnes-miami.com\/en\/wp-json\/wp\/v2\/comments?post=25697"}],"version-history":[{"count":3,"href":"https:\/\/www.barnes-miami.com\/en\/wp-json\/wp\/v2\/pages\/25697\/revisions"}],"predecessor-version":[{"id":25756,"href":"https:\/\/www.barnes-miami.com\/en\/wp-json\/wp\/v2\/pages\/25697\/revisions\/25756"}],"wp:attachment":[{"href":"https:\/\/www.barnes-miami.com\/en\/wp-json\/wp\/v2\/media?parent=25697"}],"curies":[{"name":"wp","href":"https:\/\/api.w.org\/{rel}","templated":true}]}}