{"id":25745,"date":"2022-04-15T13:32:35","date_gmt":"2022-04-15T18:32:35","guid":{"rendered":"https:\/\/www.barnes-miami.com\/?page_id=25745"},"modified":"2025-10-13T13:44:26","modified_gmt":"2025-10-13T18:44:26","slug":"receive-a-list-of-properties","status":"publish","type":"page","link":"https:\/\/www.barnes-miami.com\/en\/recevez-liste-proprietes\/","title":{"rendered":"Receive a list of our exclusive properties"},"content":{"rendered":"<div style=\"height:45px\" aria-hidden=\"true\" class=\"wp-block-spacer\"><\/div>\n\n\n\n<h4 class=\"wp-block-heading has-text-align-center has-text-color has-link-color has-medium-font-size wp-elements-2ff1a890e2063ff5266d9b4de0b51592\" style=\"color:#bcaa88\">RECEIVE OUR OFF-MARKET PROPERTIES<\/h4>\n\n\n\n<div style=\"height:31px\" aria-hidden=\"true\" class=\"wp-block-spacer\"><\/div>\n\n\n\n<p class=\"has-text-align-center p80\">BARNES Miami can offer you exclusive properties, which are not yet available on the real estate market in Miami. These properties are part of our many assets: in this way, you have the guarantee that you are visiting a luxury property in preview, which corresponds to your expectations.<\/p>\n\n\n\n<div style=\"height:15px\" aria-hidden=\"true\" class=\"wp-block-spacer\"><\/div>\n\n\n\n<div class=\"wp-block-barnes-blocks-contactfull\"><div class=\"contactfull_wrapper\"><h3>Contact Us<\/h3><form action=\"\"><div class=\"form-group\"><input type=\"text\" value=\"\" name=\"name\" pattern=\".{4,}\"\/><label>Name *<\/label><\/div><div class=\"form-group\"><input type=\"text\" value=\"\" name=\"email\" pattern=\".{4,}\"\/><label>E-mail *<\/label><\/div><div class=\"form-group\"><input type=\"text\" value=\"\" name=\"projet\"\/><label>Project (Buy, Rent, Sell, etc.)<\/label><\/div><div class=\"form-group\"><input type=\"text\" value=\"\" name=\"budget\"\/><label>Budget<\/label><\/div><div class=\"form-group\"><div class=\"phone-wrapper\"><div class=\"phone-ext\"><select class=\"phonePrefix\"><option>United States: +1<\/option><option>France: +33<\/option><option>Afghanistan: +93<\/option><option>Albania: +355<\/option><option>Algeria: +213<\/option><option>Andorra: +376<\/option><option>Angola: +244<\/option><option>Antigua and Barbuda: +1-268<\/option><option>Argentina: +54<\/option><option>Armenia: +374<\/option><option>Australia: +61<\/option><option>Austria: +43<\/option><option>Azerbaijan: +994<\/option><option>Bahamas: +1-242<\/option><option>Bahrain: +973<\/option><option>Bangladesh: +880<\/option><option>Barbados: +1-246<\/option><option>Belarus: +375<\/option><option>Belgium: +32<\/option><option>Belize: +501<\/option><option>Benin: +229<\/option><option>Bhutan: +975<\/option><option>Bolivia: +591<\/option><option>Bosnia and Herzegovina: +387<\/option><option>Botswana: +267<\/option><option>Brazil: +55<\/option><option>Brunei: +673<\/option><option>Bulgaria: +359<\/option><option>Burkina Faso: +226<\/option><option>Burundi: +257<\/option><option>Cambodia: +855<\/option><option>Cameroon: +237<\/option><option>Canada: +1<\/option><option>Cape Verde: +238<\/option><option>Central African Republic: +236<\/option><option>Chad: +235<\/option><option>Chile: +56<\/option><option>China: +86<\/option><option>Colombia: +57<\/option><option>Comoros: +269<\/option><option>Congo DRC: +243<\/option><option>Republic of Congo: +242<\/option><option>Costa Rica: +506<\/option><option>Croatia: +385<\/option><option>Cuba: +53<\/option><option>Cyprus: +357<\/option><option>Czech Republic: +420<\/option><option>Denmark: +45<\/option><option>Djibouti: +253<\/option><option>Dominica: +1-767<\/option><option>Dominican Republic: +1-809<\/option><option>East Timor: +670<\/option><option>Ecuador: +593<\/option><option>Egypt: +20<\/option><option>El Salvador: +503<\/option><option>Equatorial Guinea: +240<\/option><option>Eritrea: +291<\/option><option>Estonia: +372<\/option><option>Swaziland: +268<\/option><option>Ethiopia: +251<\/option><option>Fiji: +679<\/option><option>Finland: +358<\/option><option>France: +33<\/option><option>Gabon: +241<\/option><option>Gambia: +220<\/option><option>Georgia: +995<\/option><option>Germany: +49<\/option><option>Ghana: +233<\/option><option>Greece: +30<\/option><option>Grenada: +1-473<\/option><option>Guatemala: +502<\/option><option>Guinea: +224<\/option><option>Guinea-Bissau: +245<\/option><option>Guyana: +592<\/option><option>Haiti: +509<\/option><option>Honduras: +504<\/option><option>Hungary: +36<\/option><option>Iceland: +354<\/option><option>India: +91<\/option><option>Indonesia: +62<\/option><option>Iran: +98<\/option><option>Iraq: +964<\/option><option>Ireland: +353<\/option><option>Israel: +972<\/option><option>Italy: +39<\/option><option>Ivory Coast: +225<\/option><option>Jamaica: +1-876<\/option><option>Japan: +81<\/option><option>Jordan: +962<\/option><option>Kazakhstan: +7<\/option><option>Kenya: +254<\/option><option>Kiribati: +686<\/option><option>Kuwait: +965<\/option><option>Kyrgyzstan: +996<\/option><option>Laos: +856<\/option><option>Latvia: +371<\/option><option>Lebanon: +961<\/option><option>Lesotho: +266<\/option><option>Liberia: +231<\/option><option>Libya: +218<\/option><option>Liechtenstein: +423<\/option><option>Lithuania: +370<\/option><option>Luxembourg: +352<\/option><option>Madagascar: +261<\/option><option>Malawi: +265<\/option><option>Malaysia: +60<\/option><option>Maldives: +960<\/option><option>Mali: +223<\/option><option>Malta: +356<\/option><option>Marshall Islands: +692<\/option><option>Mauritania: +222<\/option><option>Mauritius: +230<\/option><option>Mexico: +52<\/option><option>Micronesia: +691<\/option><option>Moldova: +373<\/option><option>Monaco: +377<\/option><option>Mongolia: +976<\/option><option>Montenegro: +382<\/option><option>Morocco: +212<\/option><option>Mozambique: +258<\/option><option>Myanmar: +95<\/option><option>Namibia: +264<\/option><option>Nauru: +674<\/option><option>Nepal: +977<\/option><option>Netherlands: +31<\/option><option>New Zealand: +64<\/option><option>Nicaragua: +505<\/option><option>Niger: +227<\/option><option>Nigeria: +234<\/option><option>North Korea: +850<\/option><option>North Macedonia: +389<\/option><option>Norway: +47<\/option><option>Oman: +968<\/option><option>Pakistan: +92<\/option><option>Palau: +680<\/option><option>Panama: +507<\/option><option>Papua New Guinea: +675<\/option><option>Paraguay: +595<\/option><option>Peru: +51<\/option><option>Philippines: +63<\/option><option>Poland: +48<\/option><option>Portugal: +351<\/option><option>Qatar: +974<\/option><option>Romania: +40<\/option><option>Russia: +7<\/option><option>Rwanda: +250<\/option><option>Saint Kitts and Nevis: +1-869<\/option><option>Saint Lucia: +1-758<\/option><option>Saint Vincent and the Grenadines: +1-784<\/option><option>Samoa: +685<\/option><option>San Marino: +378<\/option><option>Sao Tome and Principe: +239<\/option><option>Saudi Arabia: +966<\/option><option>Senegal: +221<\/option><option>Serbia: +381<\/option><option>Seychelles: +248<\/option><option>Sierra Leone: +232<\/option><option>Singapore: +65<\/option><option>Slovakia: +421<\/option><option>Slovenia: +386<\/option><option>Solomon Islands: +677<\/option><option>Somalia: +252<\/option><option>South Africa: +27<\/option><option>South Korea: +82<\/option><option>South Sudan: +211<\/option><option>Spain: +34<\/option><option>Sri Lanka: +94<\/option><option>Sudan: +249<\/option><option>Suriname: +597<\/option><option>Sweden: +46<\/option><option>Switzerland: +41<\/option><option>Syria: +963<\/option><option>Taiwan: +886<\/option><option>Tajikistan: +992<\/option><option>Tanzania: +255<\/option><option>Thailand: +66<\/option><option>Togo: +228<\/option><option>Tonga: +676<\/option><option>Trinidad and Tobago: +1-868<\/option><option>Tunisia: +216<\/option><option>T\u00fcrkiye: +90<\/option><option>Turkmenistan: +993<\/option><option>Tuvalu: +688<\/option><option>Uganda: +256<\/option><option>Ukraine: +380<\/option><option>United Arab Emirates: +971<\/option><option>United Kingdom: +44<\/option><option>United States: +1<\/option><option>Uruguay: +598<\/option><option>Uzbekistan: +998<\/option><option>Vanuatu: +678<\/option><option>Vatican City: +379<\/option><option>Venezuela: +58<\/option><option>Vietnam: +84<\/option><option>Yemen: +967<\/option><option>Zambia: +260<\/option><option>Zimbabwe: +263<\/option><\/select><\/div><div class=\"phone-phone\"><input type=\"text\" value=\"\" name=\"phone\" pattern=\".{8,}\"\/><label>Phone *<\/label><\/div><\/div><\/div><div class=\"form-group\"><textarea name=\"message\"><\/textarea><label>Message<\/label><\/div><div><input type=\"hidden\" name=\"referral\" class=\"referral\"\/><button class=\"contactfull_btn\">SEND<\/button><\/div><input type=\"hidden\" name=\"trp-form-language\" value=\"en\"\/><\/form><\/div><\/div>\n\n\n\n<div style=\"height:129px\" aria-hidden=\"true\" class=\"wp-block-spacer\"><\/div>\n\n\n\n<div class=\"wp-block-columns is-layout-flex wp-container-core-columns-is-layout-9d6595d7 wp-block-columns-is-layout-flex\">\n<div class=\"wp-block-column is-layout-flow wp-block-column-is-layout-flow\" style=\"flex-basis:100%\"><\/div>\n<\/div>","protected":false},"excerpt":{"rendered":"<p>RECEIVE OUR OFF-MARKET PROPERTIES Are you looking for a property to rent or buy in Miami and the surrounding area? Our team is at your disposal and will send you a list of properties tailored to your search criteria and budget as soon as possible.<\/p>","protected":false},"author":10,"featured_media":28470,"parent":0,"menu_order":0,"comment_status":"closed","ping_status":"closed","template":"","meta":{"inline_featured_image":false,"footnotes":""},"class_list":["post-25745","page","type-page","status-publish","has-post-thumbnail","hentry"],"yoast_head":"<!-- This site is optimized with the Yoast SEO plugin v27.4 - https:\/\/yoast.com\/product\/yoast-seo-wordpress\/ -->\n<title>Recevez une liste de propri\u00e9t\u00e9s correspondant \u00e0 vos crit\u00e8res - BARNES Miami<\/title>\n<meta name=\"robots\" content=\"index, follow, max-snippet:-1, max-image-preview:large, max-video-preview:-1\" \/>\n<link rel=\"canonical\" href=\"https:\/\/www.barnes-miami.com\/en\/receive-a-list-of-properties\/\" \/>\n<meta property=\"og:locale\" content=\"en_US\" \/>\n<meta property=\"og:type\" content=\"article\" \/>\n<meta property=\"og:title\" content=\"Recevez une liste de propri\u00e9t\u00e9s correspondant \u00e0 vos crit\u00e8res - BARNES Miami\" \/>\n<meta property=\"og:description\" content=\"RECEVEZ NOS PROPRI\u00c9T\u00c9S HORS MARCH\u00c9 Vous \u00eates \u00e0 la recherche d&rsquo;un bien \u00e0 louer ou acheter \u00e0 Miami et ses environs ? Notre \u00e9quipe se tient \u00e0 votre disposition et vous fera parvenir une liste de propri\u00e9t\u00e9s adapt\u00e9e \u00e0 vos crit\u00e8res de recherche et budget dans les meilleurs d\u00e9lais.\" \/>\n<meta property=\"og:url\" content=\"https:\/\/www.barnes-miami.com\/en\/receive-a-list-of-properties\/\" \/>\n<meta property=\"og:site_name\" content=\"BARNES Miami\" \/>\n<meta property=\"article:publisher\" content=\"https:\/\/www.facebook.com\/barnesinternationalmiami\/\" \/>\n<meta property=\"article:modified_time\" content=\"2025-10-13T18:44:26+00:00\" \/>\n<meta property=\"og:image\" content=\"https:\/\/www.barnes-miami.com\/wp-content\/uploads\/2024\/07\/LHCpSnow-min.jpg\" \/>\n\t<meta property=\"og:image:width\" content=\"2048\" \/>\n\t<meta property=\"og:image:height\" content=\"1365\" \/>\n\t<meta property=\"og:image:type\" content=\"image\/jpeg\" \/>\n<meta name=\"twitter:card\" content=\"summary_large_image\" \/>\n<meta name=\"twitter:site\" content=\"@barnesmiami\" \/>\n<meta name=\"twitter:label1\" content=\"Est. reading time\" \/>\n\t<meta name=\"twitter:data1\" content=\"1 minute\" \/>\n<script type=\"application\/ld+json\" class=\"yoast-schema-graph\">{\"@context\":\"https:\\\/\\\/schema.org\",\"@graph\":[{\"@type\":\"WebPage\",\"@id\":\"https:\\\/\\\/www.barnes-miami.com\\\/recevez-liste-proprietes\\\/\",\"url\":\"https:\\\/\\\/www.barnes-miami.com\\\/recevez-liste-proprietes\\\/\",\"name\":\"Recevez une liste de propri\u00e9t\u00e9s correspondant \u00e0 vos crit\u00e8res - BARNES Miami\",\"isPartOf\":{\"@id\":\"https:\\\/\\\/www.barnes-miami.com\\\/#website\"},\"primaryImageOfPage\":{\"@id\":\"https:\\\/\\\/www.barnes-miami.com\\\/recevez-liste-proprietes\\\/#primaryimage\"},\"image\":{\"@id\":\"https:\\\/\\\/www.barnes-miami.com\\\/recevez-liste-proprietes\\\/#primaryimage\"},\"thumbnailUrl\":\"https:\\\/\\\/www.barnes-miami.com\\\/wp-content\\\/uploads\\\/2024\\\/07\\\/LHCpSnow-min.jpg\",\"datePublished\":\"2022-04-15T18:32:35+00:00\",\"dateModified\":\"2025-10-13T18:44:26+00:00\",\"breadcrumb\":{\"@id\":\"https:\\\/\\\/www.barnes-miami.com\\\/recevez-liste-proprietes\\\/#breadcrumb\"},\"inLanguage\":\"en-US\",\"potentialAction\":[{\"@type\":\"ReadAction\",\"target\":[\"https:\\\/\\\/www.barnes-miami.com\\\/recevez-liste-proprietes\\\/\"]}]},{\"@type\":\"ImageObject\",\"inLanguage\":\"en-US\",\"@id\":\"https:\\\/\\\/www.barnes-miami.com\\\/recevez-liste-proprietes\\\/#primaryimage\",\"url\":\"https:\\\/\\\/www.barnes-miami.com\\\/wp-content\\\/uploads\\\/2024\\\/07\\\/LHCpSnow-min.jpg\",\"contentUrl\":\"https:\\\/\\\/www.barnes-miami.com\\\/wp-content\\\/uploads\\\/2024\\\/07\\\/LHCpSnow-min.jpg\",\"width\":2048,\"height\":1365},{\"@type\":\"BreadcrumbList\",\"@id\":\"https:\\\/\\\/www.barnes-miami.com\\\/recevez-liste-proprietes\\\/#breadcrumb\",\"itemListElement\":[{\"@type\":\"ListItem\",\"position\":1,\"name\":\"Accueil\",\"item\":\"https:\\\/\\\/www.barnes-miami.com\\\/\"},{\"@type\":\"ListItem\",\"position\":2,\"name\":\"Recevez une liste de propri\u00e9t\u00e9s correspondant \u00e0 vos crit\u00e8res\"}]},{\"@type\":\"WebSite\",\"@id\":\"https:\\\/\\\/www.barnes-miami.com\\\/#website\",\"url\":\"https:\\\/\\\/www.barnes-miami.com\\\/\",\"name\":\"BARNES Miami\",\"description\":\"#1 International Real Estate Brokerage in South Florida\",\"publisher\":{\"@id\":\"https:\\\/\\\/www.barnes-miami.com\\\/#organization\"},\"potentialAction\":[{\"@type\":\"SearchAction\",\"target\":{\"@type\":\"EntryPoint\",\"urlTemplate\":\"https:\\\/\\\/www.barnes-miami.com\\\/?s={search_term_string}\"},\"query-input\":{\"@type\":\"PropertyValueSpecification\",\"valueRequired\":true,\"valueName\":\"search_term_string\"}}],\"inLanguage\":\"en-US\"},{\"@type\":\"Organization\",\"@id\":\"https:\\\/\\\/www.barnes-miami.com\\\/#organization\",\"name\":\"BARNES Miami\",\"url\":\"https:\\\/\\\/www.barnes-miami.com\\\/\",\"logo\":{\"@type\":\"ImageObject\",\"inLanguage\":\"en-US\",\"@id\":\"https:\\\/\\\/www.barnes-miami.com\\\/#\\\/schema\\\/logo\\\/image\\\/\",\"url\":\"https:\\\/\\\/www.barnes-miami.com\\\/wp-content\\\/uploads\\\/2026\\\/01\\\/logo-2.png\",\"contentUrl\":\"https:\\\/\\\/www.barnes-miami.com\\\/wp-content\\\/uploads\\\/2026\\\/01\\\/logo-2.png\",\"width\":1100,\"height\":1100,\"caption\":\"BARNES Miami\"},\"image\":{\"@id\":\"https:\\\/\\\/www.barnes-miami.com\\\/#\\\/schema\\\/logo\\\/image\\\/\"},\"sameAs\":[\"https:\\\/\\\/www.facebook.com\\\/barnesinternationalmiami\\\/\",\"https:\\\/\\\/x.com\\\/barnesmiami\",\"https:\\\/\\\/www.instagram.com\\\/barnesmiami\\\/\",\"https:\\\/\\\/www.linkedin.com\\\/company\\\/barnes-international-miami\\\/\",\"https:\\\/\\\/www.youtube.com\\\/user\\\/BarnesImmoMiami\\\/\"]}]}<\/script>\n<!-- \/ Yoast SEO plugin. -->","yoast_head_json":{"title":"Receive a list of properties matching your criteria - BARNES Miami","robots":{"index":"index","follow":"follow","max-snippet":"max-snippet:-1","max-image-preview":"max-image-preview:large","max-video-preview":"max-video-preview:-1"},"canonical":"https:\/\/www.barnes-miami.com\/en\/receive-a-list-of-properties\/","og_locale":"en_US","og_type":"article","og_title":"Recevez une liste de propri\u00e9t\u00e9s correspondant \u00e0 vos crit\u00e8res - BARNES Miami","og_description":"RECEVEZ NOS PROPRI\u00c9T\u00c9S HORS MARCH\u00c9 Vous \u00eates \u00e0 la recherche d&rsquo;un bien \u00e0 louer ou acheter \u00e0 Miami et ses environs ? Notre \u00e9quipe se tient \u00e0 votre disposition et vous fera parvenir une liste de propri\u00e9t\u00e9s adapt\u00e9e \u00e0 vos crit\u00e8res de recherche et budget dans les meilleurs d\u00e9lais.","og_url":"https:\/\/www.barnes-miami.com\/en\/receive-a-list-of-properties\/","og_site_name":"BARNES Miami","article_publisher":"https:\/\/www.facebook.com\/barnesinternationalmiami\/","article_modified_time":"2025-10-13T18:44:26+00:00","og_image":[{"width":2048,"height":1365,"url":"https:\/\/www.barnes-miami.com\/wp-content\/uploads\/2024\/07\/LHCpSnow-min.jpg","type":"image\/jpeg"}],"twitter_card":"summary_large_image","twitter_site":"@barnesmiami","twitter_misc":{"Est. reading time":"1 minute"},"schema":{"@context":"https:\/\/schema.org","@graph":[{"@type":"WebPage","@id":"https:\/\/www.barnes-miami.com\/recevez-liste-proprietes\/","url":"https:\/\/www.barnes-miami.com\/recevez-liste-proprietes\/","name":"Receive a list of properties matching your criteria - BARNES Miami","isPartOf":{"@id":"https:\/\/www.barnes-miami.com\/#website"},"primaryImageOfPage":{"@id":"https:\/\/www.barnes-miami.com\/recevez-liste-proprietes\/#primaryimage"},"image":{"@id":"https:\/\/www.barnes-miami.com\/recevez-liste-proprietes\/#primaryimage"},"thumbnailUrl":"https:\/\/www.barnes-miami.com\/wp-content\/uploads\/2024\/07\/LHCpSnow-min.jpg","datePublished":"2022-04-15T18:32:35+00:00","dateModified":"2025-10-13T18:44:26+00:00","breadcrumb":{"@id":"https:\/\/www.barnes-miami.com\/recevez-liste-proprietes\/#breadcrumb"},"inLanguage":"en-US","potentialAction":[{"@type":"ReadAction","target":["https:\/\/www.barnes-miami.com\/recevez-liste-proprietes\/"]}]},{"@type":"ImageObject","inLanguage":"en-US","@id":"https:\/\/www.barnes-miami.com\/recevez-liste-proprietes\/#primaryimage","url":"https:\/\/www.barnes-miami.com\/wp-content\/uploads\/2024\/07\/LHCpSnow-min.jpg","contentUrl":"https:\/\/www.barnes-miami.com\/wp-content\/uploads\/2024\/07\/LHCpSnow-min.jpg","width":2048,"height":1365},{"@type":"BreadcrumbList","@id":"https:\/\/www.barnes-miami.com\/recevez-liste-proprietes\/#breadcrumb","itemListElement":[{"@type":"ListItem","position":1,"name":"Accueil","item":"https:\/\/www.barnes-miami.com\/"},{"@type":"ListItem","position":2,"name":"Recevez une liste de propri\u00e9t\u00e9s correspondant \u00e0 vos crit\u00e8res"}]},{"@type":"WebSite","@id":"https:\/\/www.barnes-miami.com\/#website","url":"https:\/\/www.barnes-miami.com\/","name":"BARNES Miami","description":"#1 International Real Estate Brokerage in South Florida","publisher":{"@id":"https:\/\/www.barnes-miami.com\/#organization"},"potentialAction":[{"@type":"SearchAction","target":{"@type":"EntryPoint","urlTemplate":"https:\/\/www.barnes-miami.com\/?s={search_term_string}"},"query-input":{"@type":"PropertyValueSpecification","valueRequired":true,"valueName":"search_term_string"}}],"inLanguage":"en-US"},{"@type":"Organization","@id":"https:\/\/www.barnes-miami.com\/#organization","name":"BARNES Miami","url":"https:\/\/www.barnes-miami.com\/","logo":{"@type":"ImageObject","inLanguage":"en-US","@id":"https:\/\/www.barnes-miami.com\/#\/schema\/logo\/image\/","url":"https:\/\/www.barnes-miami.com\/wp-content\/uploads\/2026\/01\/logo-2.png","contentUrl":"https:\/\/www.barnes-miami.com\/wp-content\/uploads\/2026\/01\/logo-2.png","width":1100,"height":1100,"caption":"BARNES Miami"},"image":{"@id":"https:\/\/www.barnes-miami.com\/#\/schema\/logo\/image\/"},"sameAs":["https:\/\/www.facebook.com\/barnesinternationalmiami\/","https:\/\/x.com\/barnesmiami","https:\/\/www.instagram.com\/barnesmiami\/","https:\/\/www.linkedin.com\/company\/barnes-international-miami\/","https:\/\/www.youtube.com\/user\/BarnesImmoMiami\/"]}]}},"_links":{"self":[{"href":"https:\/\/www.barnes-miami.com\/en\/wp-json\/wp\/v2\/pages\/25745","targetHints":{"allow":["GET"]}}],"collection":[{"href":"https:\/\/www.barnes-miami.com\/en\/wp-json\/wp\/v2\/pages"}],"about":[{"href":"https:\/\/www.barnes-miami.com\/en\/wp-json\/wp\/v2\/types\/page"}],"author":[{"embeddable":true,"href":"https:\/\/www.barnes-miami.com\/en\/wp-json\/wp\/v2\/users\/10"}],"replies":[{"embeddable":true,"href":"https:\/\/www.barnes-miami.com\/en\/wp-json\/wp\/v2\/comments?post=25745"}],"version-history":[{"count":16,"href":"https:\/\/www.barnes-miami.com\/en\/wp-json\/wp\/v2\/pages\/25745\/revisions"}],"predecessor-version":[{"id":30124,"href":"https:\/\/www.barnes-miami.com\/en\/wp-json\/wp\/v2\/pages\/25745\/revisions\/30124"}],"wp:featuredmedia":[{"embeddable":true,"href":"https:\/\/www.barnes-miami.com\/en\/wp-json\/wp\/v2\/media\/28470"}],"wp:attachment":[{"href":"https:\/\/www.barnes-miami.com\/en\/wp-json\/wp\/v2\/media?parent=25745"}],"curies":[{"name":"wp","href":"https:\/\/api.w.org\/{rel}","templated":true}]}}