{"id":29150,"date":"2025-04-28T10:33:40","date_gmt":"2025-04-28T15:33:40","guid":{"rendered":"https:\/\/www.barnes-miami.com\/?page_id=29150"},"modified":"2025-10-13T19:29:02","modified_gmt":"2025-10-14T00:29:02","slug":"carlos-isaac-benmamans-profile","status":"publish","type":"page","link":"https:\/\/www.barnes-miami.com\/en\/profil-carlos-isaac-benmaman\/","title":{"rendered":"Profile of Carlos Isaac BENMAMAN"},"content":{"rendered":"\n<div class=\"wp-block-columns is-layout-flex wp-container-core-columns-is-layout-9d6595d7 wp-block-columns-is-layout-flex\">\n<div class=\"wp-block-column is-vertically-aligned-center is-layout-flow wp-block-column-is-layout-flow\" style=\"flex-basis:65%\">\n<blockquote class=\"wp-block-quote is-layout-flow wp-block-quote-is-layout-flow\">\n<p><em>Luxury Real Estate \/ Art Advisor<\/em><\/p>\n<\/blockquote>\n<\/div>\n\n\n\n<div class=\"wp-block-column is-layout-flow wp-block-column-is-layout-flow\" style=\"flex-basis:35%\">\n<figure class=\"wp-block-image size-full\"><img loading=\"lazy\" decoding=\"async\" width=\"1000\" height=\"1000\" src=\"https:\/\/www.barnes-miami.com\/wp-content\/uploads\/2025\/04\/Carlos-1-bw.jpg\" alt=\"\" class=\"wp-image-29147\" srcset=\"https:\/\/www.barnes-miami.com\/wp-content\/uploads\/2025\/04\/Carlos-1-bw.jpg 1000w, https:\/\/www.barnes-miami.com\/wp-content\/uploads\/2025\/04\/Carlos-1-bw-300x300.jpg 300w, https:\/\/www.barnes-miami.com\/wp-content\/uploads\/2025\/04\/Carlos-1-bw-150x150.jpg 150w, https:\/\/www.barnes-miami.com\/wp-content\/uploads\/2025\/04\/Carlos-1-bw-768x768.jpg 768w, https:\/\/www.barnes-miami.com\/wp-content\/uploads\/2025\/04\/Carlos-1-bw-12x12.jpg 12w\" sizes=\"auto, (max-width: 1000px) 100vw, 1000px\" \/><\/figure>\n<\/div>\n<\/div>\n\n\n\n<div class=\"wp-block-columns is-layout-flex wp-container-core-columns-is-layout-9d6595d7 wp-block-columns-is-layout-flex\">\n<div class=\"wp-block-column is-layout-flow wp-block-column-is-layout-flow\" style=\"flex-basis:65%\">\n<div class=\"wp-block-columns is-layout-flex wp-container-core-columns-is-layout-9d6595d7 wp-block-columns-is-layout-flex\">\n<div class=\"wp-block-column is-layout-flow wp-block-column-is-layout-flow\" style=\"flex-basis:100%\">\n<div class=\"wp-block-barnes-blocks-signature\"><h2 class=\"name\">Carlos Isaac Benmaman<\/h2><p class=\"title\">Consultant<\/p><p class=\"phone\">(863) 266-7613<\/p><p class=\"email\">ci.benmaman@barnes-international.com<\/p><a class=\"linkedin\" href=\"https:\/\/linktr.ee\/Carlosbenmaman\" target=\"_blank\" rel=\"noopener nofollow noreferrer\"><\/a><a class=\"zillow hide\" href=\"#\" target=\"_blank\" rel=\"noopener nofollow noreferrer\"><\/a><a class=\"website\" href=\"https:\/\/carlos.barnes-miami.com\/\" target=\"_blank\" rel=\"noopener nofollow noreferrer\"><\/a><a class=\"whatsapp hide\" href=\"#\" target=\"_blank\" rel=\"noopener nofollow noreferrer\"><\/a><a class=\"facebook hide\" href=\"#\" target=\"_blank\" rel=\"noopener nofollow noreferrer\"><\/a><a class=\"instagram hide\" href=\"#\" target=\"_blank\" rel=\"noopener nofollow noreferrer\"><\/a><\/div>\n<\/div>\n<\/div>\n<\/div>\n\n\n\n<div class=\"wp-block-column is-layout-flow wp-block-column-is-layout-flow\" style=\"flex-basis:35%\">\n<h5 class=\"wp-block-heading\" id=\"langues-parlees\">Langues Parl\u00e9es:<\/h5>\n\n\n\n<ul class=\"wp-block-list\">\n<li>Anglais<\/li>\n\n\n\n<li>Espagnol<\/li>\n<\/ul>\n<\/div>\n<\/div>\n\n\n\n<p class=\"has-text-align-center\">Fort de plus de dix ans d&rsquo;exp\u00e9rience sur le march\u00e9 dynamique du luxe \u00e0 Miami et d&rsquo;une solide expertise en conseil en beaux-arts, Carlos fait le lien entre l&rsquo;immobilier haut de gamme, l&rsquo;investissement artistique et l&rsquo;acquisition de biens de luxe. Consultant exp\u00e9riment\u00e9, sp\u00e9cialis\u00e9 dans la gestion d&rsquo;acquisitions de plusieurs millions de dollars et la gestion de portefeuilles, il est sp\u00e9cialis\u00e9 dans la s\u00e9lection d&rsquo;investissements strat\u00e9giques pour les particuliers fortun\u00e9s, les collectionneurs d&rsquo;art et les acheteurs internationaux.<\/p>\n\n\n\n<p>Sa vaste exp\u00e9rience en conservation mus\u00e9ale, direction artistique et conseil en art lui permet d&rsquo;offrir une perspective unique sur le march\u00e9 du luxe, conseillant ses clients sur des acquisitions alliant prestige architectural et valeur artistique. Il repr\u00e9sente actuellement de nombreux artistes, des mandats exclusifs et des \u0153uvres d&rsquo;art de premier ordre, s&rsquo;adressant aux collectionneurs souhaitant int\u00e9grer les beaux-arts \u00e0 leurs investissements immobiliers.<\/p>\n\n\n\n<p>Fort d&rsquo;une connaissance approfondie des cultures latino-am\u00e9ricaine, fran\u00e7aise et am\u00e9ricaine sur les march\u00e9s internationaux, Carlos apporte une approche internationale \u00e0 BARNES International Realty, guidant une client\u00e8le d&rsquo;\u00e9lite dans des transactions hors march\u00e9, des ventes priv\u00e9es et des acquisitions sur mesure. En mati\u00e8re d&rsquo;annonces et de ventes, son exp\u00e9rience en communication immobili\u00e8re et en strat\u00e9gie de marque garantit que chaque transaction est r\u00e9alis\u00e9e avec discr\u00e9tion, strat\u00e9gie et une visibilit\u00e9 maximale aupr\u00e8s du public cibl\u00e9.<\/p>\n\n\n\n<p class=\"has-text-align-center\">Qu&rsquo;il s&rsquo;agisse d&rsquo;acqu\u00e9rir une propri\u00e9t\u00e9 en bord de mer, un bien d&rsquo;investissement ou une collection d&rsquo;art digne d&rsquo;un mus\u00e9e, Carlos offre une expertise in\u00e9gal\u00e9e et une exp\u00e9rience personnalis\u00e9e et haut de gamme qui transcende l&rsquo;immobilier traditionnel.<\/p>\n\n\n\n<div class=\"wp-block-barnes-blocks-contactme\"><div class=\"contactme_wrapper\"><h3>Contactez moi<\/h3><form><div class=\"form-group\"><input type=\"text\" value=\"\" name=\"name\" pattern=\".{4,}\"\/><label>Nom *<\/label><\/div><div class=\"form-group\"><input type=\"text\" value=\"\" name=\"email\" pattern=\".{4,}\"\/><label>Email *<\/label><\/div><div class=\"form-group\"><input type=\"text\" value=\"\" name=\"phone\" pattern=\".{8,}\"\/><label>T\u00e9l\u00e9phone *<\/label><\/div><div class=\"form-group\"><textarea name=\"message\"><\/textarea><label>Message<\/label><\/div><div><input type=\"hidden\" name=\"referral\" class=\"referral\" value=\"Carlos\"\/><input type=\"hidden\" name=\"phoneto\" class=\"phoneto\" value=\"\"\/><input type=\"hidden\" name=\"emailto\" class=\"emailto\" value=\"\"\/><button class=\"contactme_btn\">Envoyer<\/button><\/div><\/form><\/div><\/div>\n\n\n\n<h5 class=\"wp-block-heading\" id=\"mes-biens\">Mes Biens<\/h5>\n\n\n\n<div class=\"wp-block-barnes-blocks-searchmap\"><script src=\"https:\/\/api.tiles.mapbox.com\/mapbox-gl-js\/v1.5.0\/mapbox-gl.js\"><\/script><link href=\"https:\/\/api.tiles.mapbox.com\/mapbox-gl-js\/v1.5.0\/mapbox-gl.css\" rel=\"stylesheet\"\/><script src=\"https:\/\/cdn.jsdelivr.net\/npm\/intersection-observer@0.7.0\/intersection-observer.js\"><\/script><script src=\"https:\/\/cdn.jsdelivr.net\/npm\/vanilla-lazyload@12.3.0\/dist\/lazyload.min.js\"><\/script><link href=\"\/wp-content\/themes\/barnes\/searchmap.css\" rel=\"stylesheet\"\/><script src=\"\/wp-content\/themes\/barnes\/searchmap.js\"><\/script><div id=\"search1\" class=\"blockmap\" data-near=\"\" data-exclu=\"1\" data-center=\"-80.1300, 25.7907\" data-zoom=\"11\"><\/div><script>\n          var search;\n          document.addEventListener(\"DOMContentLoaded\", function() {\n            var config = {\n              'api': {\n                'near': \"\",\n                'transaction': \"\",\n                'center': [-80.2351, 25.7256],\n                'limit': 18,\n                'exclu': '1',\n                'agent_id': '',\n                'sold': '',\n                'view': '',\n                'sortby': \"price\",\n                'order': \"desc\",\n                'pmin': \"\",\n                'pmax': \"\",\n                'type': \"\",\n                'bed': \"\",\n                'bedmax': \"\",\n                'bathmax': \"\",\n              },\n              'pitch': 15,\n              'zoom': 11,\n              'ratio': \"50%\",\n              'mode': \"\",\n              'container': 'search1',\n              'locale': 'en_US',\n              'reverse': true,\n              'scrollzoom': false,\n              'mapbox_token': 'pk.eyJ1IjoiaG9tZTYxIiwiYSI6IkRSZVdLTzAifQ.j0DbHOgstXjXHYfR5e3jPA',\n              'mapbox_style': 'mapbox:\/\/styles\/home61\/ck115ahbu0d1i1crw5mggkbag?optimize=true',\n              'mapbox_satellite': 'mapbox:\/\/styles\/home61\/ck44sdmai1d4u1clti4rl3203?optimize=true',\n              'lazyload_data': 'data:image\/png;base64,iVBORw0KGgoAAAANSUhEUgAAAAMAAAACCAMAAACqqpYoAAAAA1BMVEX\/\/\/+nxBvIAAAAE0lEQVR42gEIAPf\/AAAAAAAAAAAACAABb5b2YgAAAABJRU5ErkJggg==',\n              'icon_image': 'barnes-16',\n              'icon_image_hover': 'barnes-gray-16',\n              'dot_color': \"#B4002F\"\n            };\n            config['container'] = document.querySelector(\".blockmap\").id || \"search1\";\n            config['api']['near'] = document.querySelector(\".blockmap\").dataset.near || \"\";\n            config['api']['agent_id'] = document.querySelector(\".blockmap\").dataset.agent_id || \"\";\n            config['api']['sold'] = document.querySelector(\".blockmap\").dataset.sold || \"\";\n            config['api']['exclu'] = document.querySelector(\".blockmap\").dataset.exclu || \"\";\n            config['api']['transaction'] = document.querySelector(\".blockmap\").dataset.transaction || \"\";\n            config['api']['sortby'] = document.querySelector(\".blockmap\").dataset.sortby || \"price\";\n            config['api']['order'] = document.querySelector(\".blockmap\").dataset.order || \"desc\";\n            config['mode'] = document.querySelector(\".blockmap\").dataset.mode || \"\";\n            config['zoom'] = document.querySelector(\".blockmap\").dataset.zoom || 11;\n            config['pitch'] = document.querySelector(\".blockmap\").dataset.pitch || 15;\n            config['ratio'] = document.querySelector(\".blockmap\").dataset.ratio || \"50%\";\n            config['api']['pmin'] = document.querySelector(\".blockmap\").dataset.pmin || \"\";\n            config['api']['pmax'] = document.querySelector(\".blockmap\").dataset.pmax || \"\";\n            config['api']['type'] = document.querySelector(\".blockmap\").dataset.type || \"\";\n            config['api']['bed'] = document.querySelector(\".blockmap\").dataset.bed || \"\";\n            config['api']['bedmax'] = document.querySelector(\".blockmap\").dataset.bedmax || \"\";\n            config['api']['bathmax'] = document.querySelector(\".blockmap\").dataset.bathmax || \"\";\n            config['api']['center'] = (document.querySelector(\".blockmap\").dataset.center || \"-80.2351, 25.7256\").replace(\/ \/g,\"\").split(\",\");\n            if(typeof document.documentElement.lang != \"undefined\") {\n              config['locale'] = document.documentElement.lang.replace(\"-\",\"_\");\n            }\n            if(typeof trp_data != \"undefined\") { \n              config['locale'] = trp_data.trp_current_language;\n            }\n            search = new SearchMap(config);\n          });\n        <\/script><\/div>\n","protected":false},"excerpt":{"rendered":"<p>Luxury Real Estate \/ Art Advisor Langues Parl\u00e9es: Fort de plus de dix ans d&rsquo;exp\u00e9rience sur le march\u00e9 dynamique du luxe \u00e0 Miami et d&rsquo;une solide expertise en conseil en beaux-arts, Carlos fait le lien entre l&rsquo;immobilier haut de gamme, l&rsquo;investissement artistique et l&rsquo;acquisition de biens de luxe. Consultant exp\u00e9riment\u00e9, sp\u00e9cialis\u00e9 dans la gestion d&rsquo;acquisitions [&hellip;]<\/p>\n","protected":false},"author":1,"featured_media":0,"parent":0,"menu_order":0,"comment_status":"closed","ping_status":"closed","template":"","meta":{"inline_featured_image":false,"footnotes":""},"class_list":["post-29150","page","type-page","status-publish","hentry"],"yoast_head":"<!-- This site is optimized with the Yoast SEO plugin v27.4 - https:\/\/yoast.com\/product\/yoast-seo-wordpress\/ -->\n<title>Profil Carlos Isaac BENMAMAN - BARNES Miami<\/title>\n<meta name=\"robots\" content=\"index, follow, max-snippet:-1, max-image-preview:large, max-video-preview:-1\" \/>\n<link rel=\"canonical\" href=\"https:\/\/www.barnes-miami.com\/en\/carlos-isaac-benmamans-profile\/\" \/>\n<meta property=\"og:locale\" content=\"en_US\" \/>\n<meta property=\"og:type\" content=\"article\" \/>\n<meta property=\"og:title\" content=\"Profil Carlos Isaac BENMAMAN - BARNES Miami\" \/>\n<meta property=\"og:description\" content=\"Luxury Real Estate \/ Art Advisor Langues Parl\u00e9es: Fort de plus de dix ans d&rsquo;exp\u00e9rience sur le march\u00e9 dynamique du luxe \u00e0 Miami et d&rsquo;une solide expertise en conseil en beaux-arts, Carlos fait le lien entre l&rsquo;immobilier haut de gamme, l&rsquo;investissement artistique et l&rsquo;acquisition de biens de luxe. Consultant exp\u00e9riment\u00e9, sp\u00e9cialis\u00e9 dans la gestion d&rsquo;acquisitions [&hellip;]\" \/>\n<meta property=\"og:url\" content=\"https:\/\/www.barnes-miami.com\/en\/carlos-isaac-benmamans-profile\/\" \/>\n<meta property=\"og:site_name\" content=\"BARNES Miami\" \/>\n<meta property=\"article:publisher\" content=\"https:\/\/www.facebook.com\/barnesinternationalmiami\/\" \/>\n<meta property=\"article:modified_time\" content=\"2025-10-14T00:29:02+00:00\" \/>\n<meta property=\"og:image\" content=\"https:\/\/www.barnes-miami.com\/wp-content\/uploads\/2025\/04\/Carlos-1-bw.jpg\" \/>\n\t<meta property=\"og:image:width\" content=\"1000\" \/>\n\t<meta property=\"og:image:height\" content=\"1000\" \/>\n\t<meta property=\"og:image:type\" content=\"image\/jpeg\" \/>\n<meta name=\"twitter:card\" content=\"summary_large_image\" \/>\n<meta name=\"twitter:site\" content=\"@barnesmiami\" \/>\n<meta name=\"twitter:label1\" content=\"Est. reading time\" \/>\n\t<meta name=\"twitter:data1\" content=\"3 minutes\" \/>\n<script type=\"application\/ld+json\" class=\"yoast-schema-graph\">{\"@context\":\"https:\\\/\\\/schema.org\",\"@graph\":[{\"@type\":\"WebPage\",\"@id\":\"https:\\\/\\\/www.barnes-miami.com\\\/profil-carlos-isaac-benmaman\\\/\",\"url\":\"https:\\\/\\\/www.barnes-miami.com\\\/profil-carlos-isaac-benmaman\\\/\",\"name\":\"Profil Carlos Isaac BENMAMAN - BARNES Miami\",\"isPartOf\":{\"@id\":\"https:\\\/\\\/www.barnes-miami.com\\\/#website\"},\"primaryImageOfPage\":{\"@id\":\"https:\\\/\\\/www.barnes-miami.com\\\/profil-carlos-isaac-benmaman\\\/#primaryimage\"},\"image\":{\"@id\":\"https:\\\/\\\/www.barnes-miami.com\\\/profil-carlos-isaac-benmaman\\\/#primaryimage\"},\"thumbnailUrl\":\"https:\\\/\\\/www.barnes-miami.com\\\/wp-content\\\/uploads\\\/2025\\\/04\\\/Carlos-1-bw.jpg\",\"datePublished\":\"2025-04-28T15:33:40+00:00\",\"dateModified\":\"2025-10-14T00:29:02+00:00\",\"breadcrumb\":{\"@id\":\"https:\\\/\\\/www.barnes-miami.com\\\/profil-carlos-isaac-benmaman\\\/#breadcrumb\"},\"inLanguage\":\"en-US\",\"potentialAction\":[{\"@type\":\"ReadAction\",\"target\":[\"https:\\\/\\\/www.barnes-miami.com\\\/profil-carlos-isaac-benmaman\\\/\"]}]},{\"@type\":\"ImageObject\",\"inLanguage\":\"en-US\",\"@id\":\"https:\\\/\\\/www.barnes-miami.com\\\/profil-carlos-isaac-benmaman\\\/#primaryimage\",\"url\":\"https:\\\/\\\/www.barnes-miami.com\\\/wp-content\\\/uploads\\\/2025\\\/04\\\/Carlos-1-bw.jpg\",\"contentUrl\":\"https:\\\/\\\/www.barnes-miami.com\\\/wp-content\\\/uploads\\\/2025\\\/04\\\/Carlos-1-bw.jpg\"},{\"@type\":\"BreadcrumbList\",\"@id\":\"https:\\\/\\\/www.barnes-miami.com\\\/profil-carlos-isaac-benmaman\\\/#breadcrumb\",\"itemListElement\":[{\"@type\":\"ListItem\",\"position\":1,\"name\":\"Accueil\",\"item\":\"https:\\\/\\\/www.barnes-miami.com\\\/\"},{\"@type\":\"ListItem\",\"position\":2,\"name\":\"Profil Carlos Isaac BENMAMAN\"}]},{\"@type\":\"WebSite\",\"@id\":\"https:\\\/\\\/www.barnes-miami.com\\\/#website\",\"url\":\"https:\\\/\\\/www.barnes-miami.com\\\/\",\"name\":\"BARNES Miami\",\"description\":\"#1 International Real Estate Brokerage in South Florida\",\"publisher\":{\"@id\":\"https:\\\/\\\/www.barnes-miami.com\\\/#organization\"},\"potentialAction\":[{\"@type\":\"SearchAction\",\"target\":{\"@type\":\"EntryPoint\",\"urlTemplate\":\"https:\\\/\\\/www.barnes-miami.com\\\/?s={search_term_string}\"},\"query-input\":{\"@type\":\"PropertyValueSpecification\",\"valueRequired\":true,\"valueName\":\"search_term_string\"}}],\"inLanguage\":\"en-US\"},{\"@type\":\"Organization\",\"@id\":\"https:\\\/\\\/www.barnes-miami.com\\\/#organization\",\"name\":\"BARNES Miami\",\"url\":\"https:\\\/\\\/www.barnes-miami.com\\\/\",\"logo\":{\"@type\":\"ImageObject\",\"inLanguage\":\"en-US\",\"@id\":\"https:\\\/\\\/www.barnes-miami.com\\\/#\\\/schema\\\/logo\\\/image\\\/\",\"url\":\"https:\\\/\\\/www.barnes-miami.com\\\/wp-content\\\/uploads\\\/2026\\\/01\\\/logo-2.png\",\"contentUrl\":\"https:\\\/\\\/www.barnes-miami.com\\\/wp-content\\\/uploads\\\/2026\\\/01\\\/logo-2.png\",\"width\":1100,\"height\":1100,\"caption\":\"BARNES Miami\"},\"image\":{\"@id\":\"https:\\\/\\\/www.barnes-miami.com\\\/#\\\/schema\\\/logo\\\/image\\\/\"},\"sameAs\":[\"https:\\\/\\\/www.facebook.com\\\/barnesinternationalmiami\\\/\",\"https:\\\/\\\/x.com\\\/barnesmiami\",\"https:\\\/\\\/www.instagram.com\\\/barnesmiami\\\/\",\"https:\\\/\\\/www.linkedin.com\\\/company\\\/barnes-international-miami\\\/\",\"https:\\\/\\\/www.youtube.com\\\/user\\\/BarnesImmoMiami\\\/\"]}]}<\/script>\n<!-- \/ Yoast SEO plugin. -->","yoast_head_json":{"title":"Profile Carlos Isaac BENMAMAN - BARNES Miami","robots":{"index":"index","follow":"follow","max-snippet":"max-snippet:-1","max-image-preview":"max-image-preview:large","max-video-preview":"max-video-preview:-1"},"canonical":"https:\/\/www.barnes-miami.com\/en\/carlos-isaac-benmamans-profile\/","og_locale":"en_US","og_type":"article","og_title":"Profil Carlos Isaac BENMAMAN - BARNES Miami","og_description":"Luxury Real Estate \/ Art Advisor Langues Parl\u00e9es: Fort de plus de dix ans d&rsquo;exp\u00e9rience sur le march\u00e9 dynamique du luxe \u00e0 Miami et d&rsquo;une solide expertise en conseil en beaux-arts, Carlos fait le lien entre l&rsquo;immobilier haut de gamme, l&rsquo;investissement artistique et l&rsquo;acquisition de biens de luxe. Consultant exp\u00e9riment\u00e9, sp\u00e9cialis\u00e9 dans la gestion d&rsquo;acquisitions [&hellip;]","og_url":"https:\/\/www.barnes-miami.com\/en\/carlos-isaac-benmamans-profile\/","og_site_name":"BARNES Miami","article_publisher":"https:\/\/www.facebook.com\/barnesinternationalmiami\/","article_modified_time":"2025-10-14T00:29:02+00:00","og_image":[{"width":1000,"height":1000,"url":"https:\/\/www.barnes-miami.com\/wp-content\/uploads\/2025\/04\/Carlos-1-bw.jpg","type":"image\/jpeg"}],"twitter_card":"summary_large_image","twitter_site":"@barnesmiami","twitter_misc":{"Est. reading time":"3 minutes"},"schema":{"@context":"https:\/\/schema.org","@graph":[{"@type":"WebPage","@id":"https:\/\/www.barnes-miami.com\/profil-carlos-isaac-benmaman\/","url":"https:\/\/www.barnes-miami.com\/profil-carlos-isaac-benmaman\/","name":"Profile Carlos Isaac BENMAMAN - BARNES Miami","isPartOf":{"@id":"https:\/\/www.barnes-miami.com\/#website"},"primaryImageOfPage":{"@id":"https:\/\/www.barnes-miami.com\/profil-carlos-isaac-benmaman\/#primaryimage"},"image":{"@id":"https:\/\/www.barnes-miami.com\/profil-carlos-isaac-benmaman\/#primaryimage"},"thumbnailUrl":"https:\/\/www.barnes-miami.com\/wp-content\/uploads\/2025\/04\/Carlos-1-bw.jpg","datePublished":"2025-04-28T15:33:40+00:00","dateModified":"2025-10-14T00:29:02+00:00","breadcrumb":{"@id":"https:\/\/www.barnes-miami.com\/profil-carlos-isaac-benmaman\/#breadcrumb"},"inLanguage":"en-US","potentialAction":[{"@type":"ReadAction","target":["https:\/\/www.barnes-miami.com\/profil-carlos-isaac-benmaman\/"]}]},{"@type":"ImageObject","inLanguage":"en-US","@id":"https:\/\/www.barnes-miami.com\/profil-carlos-isaac-benmaman\/#primaryimage","url":"https:\/\/www.barnes-miami.com\/wp-content\/uploads\/2025\/04\/Carlos-1-bw.jpg","contentUrl":"https:\/\/www.barnes-miami.com\/wp-content\/uploads\/2025\/04\/Carlos-1-bw.jpg"},{"@type":"BreadcrumbList","@id":"https:\/\/www.barnes-miami.com\/profil-carlos-isaac-benmaman\/#breadcrumb","itemListElement":[{"@type":"ListItem","position":1,"name":"Accueil","item":"https:\/\/www.barnes-miami.com\/"},{"@type":"ListItem","position":2,"name":"Profil Carlos Isaac BENMAMAN"}]},{"@type":"WebSite","@id":"https:\/\/www.barnes-miami.com\/#website","url":"https:\/\/www.barnes-miami.com\/","name":"BARNES Miami","description":"#1 International Real Estate Brokerage in South Florida","publisher":{"@id":"https:\/\/www.barnes-miami.com\/#organization"},"potentialAction":[{"@type":"SearchAction","target":{"@type":"EntryPoint","urlTemplate":"https:\/\/www.barnes-miami.com\/?s={search_term_string}"},"query-input":{"@type":"PropertyValueSpecification","valueRequired":true,"valueName":"search_term_string"}}],"inLanguage":"en-US"},{"@type":"Organization","@id":"https:\/\/www.barnes-miami.com\/#organization","name":"BARNES Miami","url":"https:\/\/www.barnes-miami.com\/","logo":{"@type":"ImageObject","inLanguage":"en-US","@id":"https:\/\/www.barnes-miami.com\/#\/schema\/logo\/image\/","url":"https:\/\/www.barnes-miami.com\/wp-content\/uploads\/2026\/01\/logo-2.png","contentUrl":"https:\/\/www.barnes-miami.com\/wp-content\/uploads\/2026\/01\/logo-2.png","width":1100,"height":1100,"caption":"BARNES Miami"},"image":{"@id":"https:\/\/www.barnes-miami.com\/#\/schema\/logo\/image\/"},"sameAs":["https:\/\/www.facebook.com\/barnesinternationalmiami\/","https:\/\/x.com\/barnesmiami","https:\/\/www.instagram.com\/barnesmiami\/","https:\/\/www.linkedin.com\/company\/barnes-international-miami\/","https:\/\/www.youtube.com\/user\/BarnesImmoMiami\/"]}]}},"_links":{"self":[{"href":"https:\/\/www.barnes-miami.com\/en\/wp-json\/wp\/v2\/pages\/29150","targetHints":{"allow":["GET"]}}],"collection":[{"href":"https:\/\/www.barnes-miami.com\/en\/wp-json\/wp\/v2\/pages"}],"about":[{"href":"https:\/\/www.barnes-miami.com\/en\/wp-json\/wp\/v2\/types\/page"}],"author":[{"embeddable":true,"href":"https:\/\/www.barnes-miami.com\/en\/wp-json\/wp\/v2\/users\/1"}],"replies":[{"embeddable":true,"href":"https:\/\/www.barnes-miami.com\/en\/wp-json\/wp\/v2\/comments?post=29150"}],"version-history":[{"count":3,"href":"https:\/\/www.barnes-miami.com\/en\/wp-json\/wp\/v2\/pages\/29150\/revisions"}],"predecessor-version":[{"id":29153,"href":"https:\/\/www.barnes-miami.com\/en\/wp-json\/wp\/v2\/pages\/29150\/revisions\/29153"}],"wp:attachment":[{"href":"https:\/\/www.barnes-miami.com\/en\/wp-json\/wp\/v2\/media?parent=29150"}],"curies":[{"name":"wp","href":"https:\/\/api.w.org\/{rel}","templated":true}]}}