{"id":29245,"date":"2025-08-19T18:53:13","date_gmt":"2025-08-19T23:53:13","guid":{"rendered":"https:\/\/www.barnes-miami.com\/?page_id=29245"},"modified":"2025-11-24T10:03:12","modified_gmt":"2025-11-24T15:03:12","slug":"lisandra-martinez-profile","status":"publish","type":"page","link":"https:\/\/www.barnes-miami.com\/en\/profil-lisandra-martinez\/","title":{"rendered":"Lisandra Martinez Profile"},"content":{"rendered":"\n<div class=\"wp-block-columns is-layout-flex wp-container-core-columns-is-layout-9d6595d7 wp-block-columns-is-layout-flex\">\n<div class=\"wp-block-column is-vertically-aligned-center is-layout-flow wp-block-column-is-layout-flow\" style=\"flex-basis:65%\">\n<blockquote class=\"wp-block-quote is-layout-flow wp-block-quote-is-layout-flow\">\n<p><\/p>\n<\/blockquote>\n<\/div>\n\n\n\n<div class=\"wp-block-column is-layout-flow wp-block-column-is-layout-flow\" style=\"flex-basis:35%\">\n<figure class=\"wp-block-image size-full\"><img loading=\"lazy\" decoding=\"async\" width=\"1000\" height=\"1000\" src=\"https:\/\/www.barnes-miami.com\/wp-content\/uploads\/2025\/08\/Lisandra.jpg\" alt=\"\" class=\"wp-image-29242\" srcset=\"https:\/\/www.barnes-miami.com\/wp-content\/uploads\/2025\/08\/Lisandra.jpg 1000w, https:\/\/www.barnes-miami.com\/wp-content\/uploads\/2025\/08\/Lisandra-300x300.jpg 300w, https:\/\/www.barnes-miami.com\/wp-content\/uploads\/2025\/08\/Lisandra-150x150.jpg 150w, https:\/\/www.barnes-miami.com\/wp-content\/uploads\/2025\/08\/Lisandra-768x768.jpg 768w, https:\/\/www.barnes-miami.com\/wp-content\/uploads\/2025\/08\/Lisandra-12x12.jpg 12w\" sizes=\"auto, (max-width: 1000px) 100vw, 1000px\" \/><\/figure>\n<\/div>\n<\/div>\n\n\n\n<div class=\"wp-block-columns is-layout-flex wp-container-core-columns-is-layout-9d6595d7 wp-block-columns-is-layout-flex\">\n<div class=\"wp-block-column is-layout-flow wp-block-column-is-layout-flow\" style=\"flex-basis:65%\">\n<div class=\"wp-block-columns is-layout-flex wp-container-core-columns-is-layout-9d6595d7 wp-block-columns-is-layout-flex\">\n<div class=\"wp-block-column is-layout-flow wp-block-column-is-layout-flow\" style=\"flex-basis:100%\">\n<div class=\"wp-block-barnes-blocks-signature\"><h2 class=\"name\">Lisandra Martinez<\/h2><p class=\"title\">Consultant Immobilier | Fondatrice du Mansions Group<\/p><p class=\"phone\">+1 (305) 399-5799<\/p><p class=\"email\">l.martinez@barnes-international.com<\/p><a class=\"linkedin\" href=\"https:\/\/www.linkedin.com\/company\/barnes-international-miami\/\" target=\"_blank\" rel=\"noopener nofollow noreferrer\"><\/a><a class=\"zillow hide\" href=\"#\" target=\"_blank\" rel=\"noopener nofollow noreferrer\"><\/a><a class=\"website\" href=\"https:\/\/lisandra.barnes-miami.com\/\" target=\"_blank\" rel=\"noopener nofollow noreferrer\"><\/a><a class=\"whatsapp hide\" href=\"#\" target=\"_blank\" rel=\"noopener nofollow noreferrer\"><\/a><a class=\"facebook hide\" href=\"#\" target=\"_blank\" rel=\"noopener nofollow noreferrer\"><\/a><a class=\"instagram\" href=\"https:\/\/www.instagram.com\/lisandramansions\/\" target=\"_blank\" rel=\"noopener nofollow noreferrer\"><\/a><\/div>\n<\/div>\n<\/div>\n<\/div>\n\n\n\n<div class=\"wp-block-column is-layout-flow wp-block-column-is-layout-flow\" style=\"flex-basis:35%\">\n<h5 class=\"wp-block-heading\" id=\"langues-parlees\">Langues Parl\u00e9es:<\/h5>\n\n\n\n<ul class=\"wp-block-list\">\n<li>Anglais<\/li>\n\n\n\n<li>Espagnol<\/li>\n<\/ul>\n<\/div>\n<\/div>\n\n\n\n<p>N\u00e9e \u00e0 La Havane et install\u00e9e \u00e0 Miami depuis pr\u00e8s de trois d\u00e9cennies, Lisandra poss\u00e8de une connaissance intime des quartiers, de la culture et de l\u2019\u00e9volution de la ville. Elle apporte \u00e9galement une compr\u00e9hension directe des dynamiques migratoires qui red\u00e9finissent aujourd\u2019hui son march\u00e9 du luxe. Forte de plus de 14 ans d\u2019exp\u00e9rience combin\u00e9e en ventes immobili\u00e8res et en n\u00e9gociation de contrats \u00e0 forts enjeux, elle offre une expertise qui d\u00e9passe largement son anciennet\u00e9 en tant qu\u2019agente licenci\u00e9e.<\/p>\n\n\n\n<p>Fondatrice du<strong> <\/strong>Mansions Group au sein de Barnes International Realty Miami, Lisandra dirige une \u00e9quipe boutique, f\u00e9minine et engag\u00e9e, fond\u00e9e sur la confiance, la loyaut\u00e9 et un service d\u2019exception. Gr\u00e2ce \u00e0 des ann\u00e9es de collaboration avec une client\u00e8le fortun\u00e9e, elle a d\u00e9velopp\u00e9 une ma\u00eetrise approfondie de l\u2019ensemble des march\u00e9s r\u00e9sidentiels haut de gamme du sud de la Floride, de Boca Raton \u00e0 Pinecrest. Plut\u00f4t que de se sp\u00e9cialiser dans un seul quartier, elle a choisi d\u2019adopter une vision r\u00e9gionale afin d\u2019accompagner au mieux les acheteurs internationaux et les familles qui s\u2019installent dans la r\u00e9gion.<\/p>\n\n\n\n<p>Elle est \u00e9galement reconnue pour la cr\u00e9ation d\u2019\u00e9v\u00e9nements premium dans l\u2019univers de l\u2019immobilier de luxe \u00e0 Miami. \u00c0 travers des collaborations avec des marques internationales, elle transforme ses propri\u00e9t\u00e9s exclusives en exp\u00e9riences immersives, refl\u00e9tant sa conviction que l\u2019immobilier ne se r\u00e9sume pas \u00e0 un bien \u2014 mais qu\u2019il incarne v\u00e9ritablement un Art de Vivre.<\/p>\n\n\n\n<p>Ambitieuse, exigeante et profond\u00e9ment attach\u00e9e aux valeurs de confiance et de loyaut\u00e9, Lisandra apporte un regard aff\u00fbt\u00e9 sur l\u2019architecture, l\u2019int\u00e9rieur et le lifestyle, r\u00e9v\u00e9lant souvent des atouts que d\u2019autres ne d\u00e9tectent pas. En lan\u00e7ant The Mansions Group, elle a concr\u00e9tis\u00e9 sa vision : b\u00e2tir une \u00e9quipe de femmes ambitieuses, fiables et empathiques qui \u00e9l\u00e8vent chaque exp\u00e9rience client \u00e0 un niveau sup\u00e9rieur.<\/p>\n\n\n\n<p>Avant de fonder son propre groupe, Lisandra a pass\u00e9 sept ans au sein de l\u2019une des \u00e9quipes immobili\u00e8res de luxe les plus influentes du sud de la Floride, contribuant \u00e0 plusieurs milliards de dollars de ventes. Cette exp\u00e9rience lui a permis de d\u00e9velopper une rigueur, une pr\u00e9cision et une ma\u00eetrise de la n\u00e9gociation qui font d\u2019elle l\u2019une des agentes les plus strat\u00e9giques et structur\u00e9es du march\u00e9.<\/p>\n\n\n\n<p>Aujourd\u2019hui, elle s\u2019impose comme l\u2019une des voix f\u00e9minines montantes de l\u2019immobilier de luxe \u00e0 Miami, guidant ses clients dans un march\u00e9 caract\u00e9ris\u00e9 par une demande internationale soutenue, une vision long terme et l\u2019\u00e9volution de Miami en v\u00e9ritable hub mondial du lifestyle.<\/p>\n\n\n\n<p><\/p>\n\n\n\n<p><\/p>\n\n\n\n<p><\/p>\n\n\n\n<p><\/p>\n\n\n\n<div class=\"wp-block-barnes-blocks-contactme\"><div class=\"contactme_wrapper\"><h3>Contactez moi<\/h3><form><div class=\"form-group\"><input type=\"text\" value=\"\" name=\"name\" pattern=\".{4,}\"\/><label>Nom *<\/label><\/div><div class=\"form-group\"><input type=\"text\" value=\"\" name=\"email\" pattern=\".{4,}\"\/><label>Email *<\/label><\/div><div class=\"form-group\"><input type=\"text\" value=\"\" name=\"phone\" pattern=\".{8,}\"\/><label>T\u00e9l\u00e9phone *<\/label><\/div><div class=\"form-group\"><textarea name=\"message\"><\/textarea><label>Message<\/label><\/div><div><input type=\"hidden\" name=\"referral\" class=\"referral\" value=\"Daniela\"\/><input type=\"hidden\" name=\"phoneto\" class=\"phoneto\" value=\"\"\/><input type=\"hidden\" name=\"emailto\" class=\"emailto\" value=\"\"\/><button class=\"contactme_btn\">Envoyer<\/button><\/div><\/form><\/div><\/div>\n\n\n\n<h5 class=\"wp-block-heading\" id=\"mes-biens\">Mes Biens<\/h5>\n\n\n\n<div class=\"wp-block-barnes-blocks-searchmap\"><script src=\"https:\/\/api.tiles.mapbox.com\/mapbox-gl-js\/v1.5.0\/mapbox-gl.js\"><\/script><link href=\"https:\/\/api.tiles.mapbox.com\/mapbox-gl-js\/v1.5.0\/mapbox-gl.css\" rel=\"stylesheet\"\/><script src=\"https:\/\/cdn.jsdelivr.net\/npm\/intersection-observer@0.7.0\/intersection-observer.js\"><\/script><script src=\"https:\/\/cdn.jsdelivr.net\/npm\/vanilla-lazyload@12.3.0\/dist\/lazyload.min.js\"><\/script><link href=\"\/wp-content\/themes\/barnes\/searchmap.css\" rel=\"stylesheet\"\/><script src=\"\/wp-content\/themes\/barnes\/searchmap.js\"><\/script><div id=\"search1\" class=\"blockmap\" data-near=\"\" data-exclu=\"1\" data-center=\"-80.1300, 25.7907\" data-zoom=\"11\"><\/div><script>\n          var search;\n          document.addEventListener(\"DOMContentLoaded\", function() {\n            var config = {\n              'api': {\n                'near': \"\",\n                'transaction': \"\",\n                'center': [-80.2351, 25.7256],\n                'limit': 18,\n                'exclu': '1',\n                'agent_id': '',\n                'sold': '',\n                'view': '',\n                'sortby': \"price\",\n                'order': \"desc\",\n                'pmin': \"\",\n                'pmax': \"\",\n                'type': \"\",\n                'bed': \"\",\n                'bedmax': \"\",\n                'bathmax': \"\",\n              },\n              'pitch': 15,\n              'zoom': 11,\n              'ratio': \"50%\",\n              'mode': \"\",\n              'container': 'search1',\n              'locale': 'en_US',\n              'reverse': true,\n              'scrollzoom': false,\n              'mapbox_token': 'pk.eyJ1IjoiaG9tZTYxIiwiYSI6IkRSZVdLTzAifQ.j0DbHOgstXjXHYfR5e3jPA',\n              'mapbox_style': 'mapbox:\/\/styles\/home61\/ck115ahbu0d1i1crw5mggkbag?optimize=true',\n              'mapbox_satellite': 'mapbox:\/\/styles\/home61\/ck44sdmai1d4u1clti4rl3203?optimize=true',\n              'lazyload_data': 'data:image\/png;base64,iVBORw0KGgoAAAANSUhEUgAAAAMAAAACCAMAAACqqpYoAAAAA1BMVEX\/\/\/+nxBvIAAAAE0lEQVR42gEIAPf\/AAAAAAAAAAAACAABb5b2YgAAAABJRU5ErkJggg==',\n              'icon_image': 'barnes-16',\n              'icon_image_hover': 'barnes-gray-16',\n              'dot_color': \"#B4002F\"\n            };\n            config['container'] = document.querySelector(\".blockmap\").id || \"search1\";\n            config['api']['near'] = document.querySelector(\".blockmap\").dataset.near || \"\";\n            config['api']['agent_id'] = document.querySelector(\".blockmap\").dataset.agent_id || \"\";\n            config['api']['sold'] = document.querySelector(\".blockmap\").dataset.sold || \"\";\n            config['api']['exclu'] = document.querySelector(\".blockmap\").dataset.exclu || \"\";\n            config['api']['transaction'] = document.querySelector(\".blockmap\").dataset.transaction || \"\";\n            config['api']['sortby'] = document.querySelector(\".blockmap\").dataset.sortby || \"price\";\n            config['api']['order'] = document.querySelector(\".blockmap\").dataset.order || \"desc\";\n            config['mode'] = document.querySelector(\".blockmap\").dataset.mode || \"\";\n            config['zoom'] = document.querySelector(\".blockmap\").dataset.zoom || 11;\n            config['pitch'] = document.querySelector(\".blockmap\").dataset.pitch || 15;\n            config['ratio'] = document.querySelector(\".blockmap\").dataset.ratio || \"50%\";\n            config['api']['pmin'] = document.querySelector(\".blockmap\").dataset.pmin || \"\";\n            config['api']['pmax'] = document.querySelector(\".blockmap\").dataset.pmax || \"\";\n            config['api']['type'] = document.querySelector(\".blockmap\").dataset.type || \"\";\n            config['api']['bed'] = document.querySelector(\".blockmap\").dataset.bed || \"\";\n            config['api']['bedmax'] = document.querySelector(\".blockmap\").dataset.bedmax || \"\";\n            config['api']['bathmax'] = document.querySelector(\".blockmap\").dataset.bathmax || \"\";\n            config['api']['center'] = (document.querySelector(\".blockmap\").dataset.center || \"-80.2351, 25.7256\").replace(\/ \/g,\"\").split(\",\");\n            if(typeof document.documentElement.lang != \"undefined\") {\n              config['locale'] = document.documentElement.lang.replace(\"-\",\"_\");\n            }\n            if(typeof trp_data != \"undefined\") { \n              config['locale'] = trp_data.trp_current_language;\n            }\n            search = new SearchMap(config);\n          });\n        <\/script><\/div>\n","protected":false},"excerpt":{"rendered":"<p>Langues Parl\u00e9es: N\u00e9e \u00e0 La Havane et install\u00e9e \u00e0 Miami depuis pr\u00e8s de trois d\u00e9cennies, Lisandra poss\u00e8de une connaissance intime des quartiers, de la culture et de l\u2019\u00e9volution de la ville. Elle apporte \u00e9galement une compr\u00e9hension directe des dynamiques migratoires qui red\u00e9finissent aujourd\u2019hui son march\u00e9 du luxe. Forte de plus de 14 ans d\u2019exp\u00e9rience combin\u00e9e [&hellip;]<\/p>\n","protected":false},"author":1,"featured_media":0,"parent":0,"menu_order":0,"comment_status":"closed","ping_status":"closed","template":"","meta":{"inline_featured_image":false,"footnotes":""},"class_list":["post-29245","page","type-page","status-publish","hentry"],"yoast_head":"<!-- This site is optimized with the Yoast SEO plugin v27.4 - https:\/\/yoast.com\/product\/yoast-seo-wordpress\/ -->\n<title>Profil Lisandra Martinez - BARNES Miami<\/title>\n<meta name=\"robots\" content=\"index, follow, max-snippet:-1, max-image-preview:large, max-video-preview:-1\" \/>\n<link rel=\"canonical\" href=\"https:\/\/www.barnes-miami.com\/en\/lisandra-martinez-profile\/\" \/>\n<meta property=\"og:locale\" content=\"en_US\" \/>\n<meta property=\"og:type\" content=\"article\" \/>\n<meta property=\"og:title\" content=\"Profil Lisandra Martinez - BARNES Miami\" \/>\n<meta property=\"og:description\" content=\"Langues Parl\u00e9es: N\u00e9e \u00e0 La Havane et install\u00e9e \u00e0 Miami depuis pr\u00e8s de trois d\u00e9cennies, Lisandra poss\u00e8de une connaissance intime des quartiers, de la culture et de l\u2019\u00e9volution de la ville. Elle apporte \u00e9galement une compr\u00e9hension directe des dynamiques migratoires qui red\u00e9finissent aujourd\u2019hui son march\u00e9 du luxe. Forte de plus de 14 ans d\u2019exp\u00e9rience combin\u00e9e [&hellip;]\" \/>\n<meta property=\"og:url\" content=\"https:\/\/www.barnes-miami.com\/en\/lisandra-martinez-profile\/\" \/>\n<meta property=\"og:site_name\" content=\"BARNES Miami\" \/>\n<meta property=\"article:publisher\" content=\"https:\/\/www.facebook.com\/barnesinternationalmiami\/\" \/>\n<meta property=\"article:modified_time\" content=\"2025-11-24T15:03:12+00:00\" \/>\n<meta property=\"og:image\" content=\"https:\/\/www.barnes-miami.com\/wp-content\/uploads\/2025\/08\/Lisandra.jpg\" \/>\n\t<meta property=\"og:image:width\" content=\"1000\" \/>\n\t<meta property=\"og:image:height\" content=\"1000\" \/>\n\t<meta property=\"og:image:type\" content=\"image\/jpeg\" \/>\n<meta name=\"twitter:card\" content=\"summary_large_image\" \/>\n<meta name=\"twitter:site\" content=\"@barnesmiami\" \/>\n<meta name=\"twitter:label1\" content=\"Est. reading time\" \/>\n\t<meta name=\"twitter:data1\" content=\"3 minutes\" \/>\n<script type=\"application\/ld+json\" class=\"yoast-schema-graph\">{\"@context\":\"https:\\\/\\\/schema.org\",\"@graph\":[{\"@type\":\"WebPage\",\"@id\":\"https:\\\/\\\/www.barnes-miami.com\\\/profil-lisandra-martinez\\\/\",\"url\":\"https:\\\/\\\/www.barnes-miami.com\\\/profil-lisandra-martinez\\\/\",\"name\":\"Profil Lisandra Martinez - BARNES Miami\",\"isPartOf\":{\"@id\":\"https:\\\/\\\/www.barnes-miami.com\\\/#website\"},\"primaryImageOfPage\":{\"@id\":\"https:\\\/\\\/www.barnes-miami.com\\\/profil-lisandra-martinez\\\/#primaryimage\"},\"image\":{\"@id\":\"https:\\\/\\\/www.barnes-miami.com\\\/profil-lisandra-martinez\\\/#primaryimage\"},\"thumbnailUrl\":\"https:\\\/\\\/www.barnes-miami.com\\\/wp-content\\\/uploads\\\/2025\\\/08\\\/Lisandra.jpg\",\"datePublished\":\"2025-08-19T23:53:13+00:00\",\"dateModified\":\"2025-11-24T15:03:12+00:00\",\"breadcrumb\":{\"@id\":\"https:\\\/\\\/www.barnes-miami.com\\\/profil-lisandra-martinez\\\/#breadcrumb\"},\"inLanguage\":\"en-US\",\"potentialAction\":[{\"@type\":\"ReadAction\",\"target\":[\"https:\\\/\\\/www.barnes-miami.com\\\/profil-lisandra-martinez\\\/\"]}]},{\"@type\":\"ImageObject\",\"inLanguage\":\"en-US\",\"@id\":\"https:\\\/\\\/www.barnes-miami.com\\\/profil-lisandra-martinez\\\/#primaryimage\",\"url\":\"https:\\\/\\\/www.barnes-miami.com\\\/wp-content\\\/uploads\\\/2025\\\/08\\\/Lisandra.jpg\",\"contentUrl\":\"https:\\\/\\\/www.barnes-miami.com\\\/wp-content\\\/uploads\\\/2025\\\/08\\\/Lisandra.jpg\"},{\"@type\":\"BreadcrumbList\",\"@id\":\"https:\\\/\\\/www.barnes-miami.com\\\/profil-lisandra-martinez\\\/#breadcrumb\",\"itemListElement\":[{\"@type\":\"ListItem\",\"position\":1,\"name\":\"Accueil\",\"item\":\"https:\\\/\\\/www.barnes-miami.com\\\/\"},{\"@type\":\"ListItem\",\"position\":2,\"name\":\"Profil Lisandra Martinez\"}]},{\"@type\":\"WebSite\",\"@id\":\"https:\\\/\\\/www.barnes-miami.com\\\/#website\",\"url\":\"https:\\\/\\\/www.barnes-miami.com\\\/\",\"name\":\"BARNES Miami\",\"description\":\"#1 International Real Estate Brokerage in South Florida\",\"publisher\":{\"@id\":\"https:\\\/\\\/www.barnes-miami.com\\\/#organization\"},\"potentialAction\":[{\"@type\":\"SearchAction\",\"target\":{\"@type\":\"EntryPoint\",\"urlTemplate\":\"https:\\\/\\\/www.barnes-miami.com\\\/?s={search_term_string}\"},\"query-input\":{\"@type\":\"PropertyValueSpecification\",\"valueRequired\":true,\"valueName\":\"search_term_string\"}}],\"inLanguage\":\"en-US\"},{\"@type\":\"Organization\",\"@id\":\"https:\\\/\\\/www.barnes-miami.com\\\/#organization\",\"name\":\"BARNES Miami\",\"url\":\"https:\\\/\\\/www.barnes-miami.com\\\/\",\"logo\":{\"@type\":\"ImageObject\",\"inLanguage\":\"en-US\",\"@id\":\"https:\\\/\\\/www.barnes-miami.com\\\/#\\\/schema\\\/logo\\\/image\\\/\",\"url\":\"https:\\\/\\\/www.barnes-miami.com\\\/wp-content\\\/uploads\\\/2026\\\/01\\\/logo-2.png\",\"contentUrl\":\"https:\\\/\\\/www.barnes-miami.com\\\/wp-content\\\/uploads\\\/2026\\\/01\\\/logo-2.png\",\"width\":1100,\"height\":1100,\"caption\":\"BARNES Miami\"},\"image\":{\"@id\":\"https:\\\/\\\/www.barnes-miami.com\\\/#\\\/schema\\\/logo\\\/image\\\/\"},\"sameAs\":[\"https:\\\/\\\/www.facebook.com\\\/barnesinternationalmiami\\\/\",\"https:\\\/\\\/x.com\\\/barnesmiami\",\"https:\\\/\\\/www.instagram.com\\\/barnesmiami\\\/\",\"https:\\\/\\\/www.linkedin.com\\\/company\\\/barnes-international-miami\\\/\",\"https:\\\/\\\/www.youtube.com\\\/user\\\/BarnesImmoMiami\\\/\"]}]}<\/script>\n<!-- \/ Yoast SEO plugin. -->","yoast_head_json":{"title":"Lisandra Martinez Profile - BARNES Miami","robots":{"index":"index","follow":"follow","max-snippet":"max-snippet:-1","max-image-preview":"max-image-preview:large","max-video-preview":"max-video-preview:-1"},"canonical":"https:\/\/www.barnes-miami.com\/en\/lisandra-martinez-profile\/","og_locale":"en_US","og_type":"article","og_title":"Profil Lisandra Martinez - BARNES Miami","og_description":"Langues Parl\u00e9es: N\u00e9e \u00e0 La Havane et install\u00e9e \u00e0 Miami depuis pr\u00e8s de trois d\u00e9cennies, Lisandra poss\u00e8de une connaissance intime des quartiers, de la culture et de l\u2019\u00e9volution de la ville. Elle apporte \u00e9galement une compr\u00e9hension directe des dynamiques migratoires qui red\u00e9finissent aujourd\u2019hui son march\u00e9 du luxe. Forte de plus de 14 ans d\u2019exp\u00e9rience combin\u00e9e [&hellip;]","og_url":"https:\/\/www.barnes-miami.com\/en\/lisandra-martinez-profile\/","og_site_name":"BARNES Miami","article_publisher":"https:\/\/www.facebook.com\/barnesinternationalmiami\/","article_modified_time":"2025-11-24T15:03:12+00:00","og_image":[{"width":1000,"height":1000,"url":"https:\/\/www.barnes-miami.com\/wp-content\/uploads\/2025\/08\/Lisandra.jpg","type":"image\/jpeg"}],"twitter_card":"summary_large_image","twitter_site":"@barnesmiami","twitter_misc":{"Est. reading time":"3 minutes"},"schema":{"@context":"https:\/\/schema.org","@graph":[{"@type":"WebPage","@id":"https:\/\/www.barnes-miami.com\/profil-lisandra-martinez\/","url":"https:\/\/www.barnes-miami.com\/profil-lisandra-martinez\/","name":"Lisandra Martinez Profile - BARNES Miami","isPartOf":{"@id":"https:\/\/www.barnes-miami.com\/#website"},"primaryImageOfPage":{"@id":"https:\/\/www.barnes-miami.com\/profil-lisandra-martinez\/#primaryimage"},"image":{"@id":"https:\/\/www.barnes-miami.com\/profil-lisandra-martinez\/#primaryimage"},"thumbnailUrl":"https:\/\/www.barnes-miami.com\/wp-content\/uploads\/2025\/08\/Lisandra.jpg","datePublished":"2025-08-19T23:53:13+00:00","dateModified":"2025-11-24T15:03:12+00:00","breadcrumb":{"@id":"https:\/\/www.barnes-miami.com\/profil-lisandra-martinez\/#breadcrumb"},"inLanguage":"en-US","potentialAction":[{"@type":"ReadAction","target":["https:\/\/www.barnes-miami.com\/profil-lisandra-martinez\/"]}]},{"@type":"ImageObject","inLanguage":"en-US","@id":"https:\/\/www.barnes-miami.com\/profil-lisandra-martinez\/#primaryimage","url":"https:\/\/www.barnes-miami.com\/wp-content\/uploads\/2025\/08\/Lisandra.jpg","contentUrl":"https:\/\/www.barnes-miami.com\/wp-content\/uploads\/2025\/08\/Lisandra.jpg"},{"@type":"BreadcrumbList","@id":"https:\/\/www.barnes-miami.com\/profil-lisandra-martinez\/#breadcrumb","itemListElement":[{"@type":"ListItem","position":1,"name":"Accueil","item":"https:\/\/www.barnes-miami.com\/"},{"@type":"ListItem","position":2,"name":"Profil Lisandra Martinez"}]},{"@type":"WebSite","@id":"https:\/\/www.barnes-miami.com\/#website","url":"https:\/\/www.barnes-miami.com\/","name":"BARNES Miami","description":"#1 International Real Estate Brokerage in South Florida","publisher":{"@id":"https:\/\/www.barnes-miami.com\/#organization"},"potentialAction":[{"@type":"SearchAction","target":{"@type":"EntryPoint","urlTemplate":"https:\/\/www.barnes-miami.com\/?s={search_term_string}"},"query-input":{"@type":"PropertyValueSpecification","valueRequired":true,"valueName":"search_term_string"}}],"inLanguage":"en-US"},{"@type":"Organization","@id":"https:\/\/www.barnes-miami.com\/#organization","name":"BARNES Miami","url":"https:\/\/www.barnes-miami.com\/","logo":{"@type":"ImageObject","inLanguage":"en-US","@id":"https:\/\/www.barnes-miami.com\/#\/schema\/logo\/image\/","url":"https:\/\/www.barnes-miami.com\/wp-content\/uploads\/2026\/01\/logo-2.png","contentUrl":"https:\/\/www.barnes-miami.com\/wp-content\/uploads\/2026\/01\/logo-2.png","width":1100,"height":1100,"caption":"BARNES Miami"},"image":{"@id":"https:\/\/www.barnes-miami.com\/#\/schema\/logo\/image\/"},"sameAs":["https:\/\/www.facebook.com\/barnesinternationalmiami\/","https:\/\/x.com\/barnesmiami","https:\/\/www.instagram.com\/barnesmiami\/","https:\/\/www.linkedin.com\/company\/barnes-international-miami\/","https:\/\/www.youtube.com\/user\/BarnesImmoMiami\/"]}]}},"_links":{"self":[{"href":"https:\/\/www.barnes-miami.com\/en\/wp-json\/wp\/v2\/pages\/29245","targetHints":{"allow":["GET"]}}],"collection":[{"href":"https:\/\/www.barnes-miami.com\/en\/wp-json\/wp\/v2\/pages"}],"about":[{"href":"https:\/\/www.barnes-miami.com\/en\/wp-json\/wp\/v2\/types\/page"}],"author":[{"embeddable":true,"href":"https:\/\/www.barnes-miami.com\/en\/wp-json\/wp\/v2\/users\/1"}],"replies":[{"embeddable":true,"href":"https:\/\/www.barnes-miami.com\/en\/wp-json\/wp\/v2\/comments?post=29245"}],"version-history":[{"count":4,"href":"https:\/\/www.barnes-miami.com\/en\/wp-json\/wp\/v2\/pages\/29245\/revisions"}],"predecessor-version":[{"id":30948,"href":"https:\/\/www.barnes-miami.com\/en\/wp-json\/wp\/v2\/pages\/29245\/revisions\/30948"}],"wp:attachment":[{"href":"https:\/\/www.barnes-miami.com\/en\/wp-json\/wp\/v2\/media?parent=29245"}],"curies":[{"name":"wp","href":"https:\/\/api.w.org\/{rel}","templated":true}]}}