{"id":29253,"date":"2025-09-01T21:04:00","date_gmt":"2025-09-02T02:04:00","guid":{"rendered":"https:\/\/www.barnes-miami.com\/?page_id=29253"},"modified":"2025-10-13T19:28:18","modified_gmt":"2025-10-14T00:28:18","slug":"gabrielle-ayzen-profile","status":"publish","type":"page","link":"https:\/\/www.barnes-miami.com\/en\/profil-gabrielle-ayzen\/","title":{"rendered":"Gabrielle Ayzen Profile"},"content":{"rendered":"\n<div class=\"wp-block-columns is-layout-flex wp-container-core-columns-is-layout-9d6595d7 wp-block-columns-is-layout-flex\">\n<div class=\"wp-block-column is-vertically-aligned-center is-layout-flow wp-block-column-is-layout-flow\" style=\"flex-basis:65%\">\n<blockquote class=\"wp-block-quote is-layout-flow wp-block-quote-is-layout-flow\">\n<p>Fondatrice de Travel Fwrd<\/p>\n<\/blockquote>\n<\/div>\n\n\n\n<div class=\"wp-block-column is-layout-flow wp-block-column-is-layout-flow\" style=\"flex-basis:35%\">\n<figure class=\"wp-block-image size-full\"><img loading=\"lazy\" decoding=\"async\" width=\"1000\" height=\"1000\" src=\"https:\/\/www.barnes-miami.com\/wp-content\/uploads\/2025\/09\/Gabrielle.jpg\" alt=\"\" class=\"wp-image-29251\" srcset=\"https:\/\/www.barnes-miami.com\/wp-content\/uploads\/2025\/09\/Gabrielle.jpg 1000w, https:\/\/www.barnes-miami.com\/wp-content\/uploads\/2025\/09\/Gabrielle-300x300.jpg 300w, https:\/\/www.barnes-miami.com\/wp-content\/uploads\/2025\/09\/Gabrielle-150x150.jpg 150w, https:\/\/www.barnes-miami.com\/wp-content\/uploads\/2025\/09\/Gabrielle-768x768.jpg 768w, https:\/\/www.barnes-miami.com\/wp-content\/uploads\/2025\/09\/Gabrielle-12x12.jpg 12w\" sizes=\"auto, (max-width: 1000px) 100vw, 1000px\" \/><\/figure>\n<\/div>\n<\/div>\n\n\n\n<div class=\"wp-block-columns is-layout-flex wp-container-core-columns-is-layout-9d6595d7 wp-block-columns-is-layout-flex\">\n<div class=\"wp-block-column is-layout-flow wp-block-column-is-layout-flow\" style=\"flex-basis:65%\">\n<div class=\"wp-block-columns is-layout-flex wp-container-core-columns-is-layout-9d6595d7 wp-block-columns-is-layout-flex\">\n<div class=\"wp-block-column is-layout-flow wp-block-column-is-layout-flow\" style=\"flex-basis:100%\">\n<div class=\"wp-block-barnes-blocks-signature\"><h2 class=\"name\">Gabrielle Ayzen<\/h2><p class=\"title\">Luxury Real Estate Strategist &amp; Lifestyle Curator<\/p><p class=\"phone\">+1 (305) 766-3374<\/p><p class=\"email\">g.ayzen@barnes-international.com<\/p><a class=\"linkedin\" href=\"https:\/\/www.linkedin.com\/company\/barnes-international-miami\/\" target=\"_blank\" rel=\"noopener nofollow noreferrer\"><\/a><a class=\"zillow hide\" href=\"#\" target=\"_blank\" rel=\"noopener nofollow noreferrer\"><\/a><a class=\"website\" href=\"https:\/\/gabrielle.barnes-miami.com\/\" target=\"_blank\" rel=\"noopener nofollow noreferrer\"><\/a><a class=\"whatsapp hide\" href=\"#\" target=\"_blank\" rel=\"noopener nofollow noreferrer\"><\/a><a class=\"facebook hide\" href=\"#\" target=\"_blank\" rel=\"noopener nofollow noreferrer\"><\/a><a class=\"instagram hide\" href=\"#\" target=\"_blank\" rel=\"noopener nofollow noreferrer\"><\/a><\/div>\n<\/div>\n<\/div>\n<\/div>\n\n\n\n<div class=\"wp-block-column is-layout-flow wp-block-column-is-layout-flow\" style=\"flex-basis:35%\">\n<h5 class=\"wp-block-heading\" id=\"langues-parlees\">Langues Parl\u00e9es:<\/h5>\n\n\n\n<ul class=\"wp-block-list\">\n<li>Anglais<\/li>\n\n\n\n<li>Russe<\/li>\n<\/ul>\n<\/div>\n<\/div>\n\n\n\n<p>Gabrielle Ayzen est une conseill\u00e8re en immobilier de luxe renomm\u00e9e chez Barnes International Realty, sp\u00e9cialis\u00e9e dans la mise en relation des acheteurs et vendeurs les plus exigeants du monde avec des biens d&rsquo;exception. Avec un sens aigu de l&rsquo;excellence architecturale, du potentiel d&rsquo;investissement et de l&rsquo;ad\u00e9quation avec le style de vie, elle propose des exp\u00e9riences qui transcendent les transactions.<\/p>\n\n\n\n<p>Fondatrice de Travel Fwrd, agence de voyages de luxe sur mesure, Gabrielle a b\u00e2ti sa carri\u00e8re sur la cr\u00e9ation d&rsquo;exp\u00e9riences fluides et de classe mondiale. Cette perspective internationale nourrit sa pratique immobili\u00e8re, lui permettant d&rsquo;anticiper les besoins des clients, de cr\u00e9er des transitions fluides et d&rsquo;optimiser chaque aspect du processus d&rsquo;achat et de vente.<\/p>\n\n\n\n<p>Forte de plus de dix ans d&rsquo;exp\u00e9rience dans le voyage et l&rsquo;immobilier, Gabrielle est reconnue pour sa discr\u00e9tion, sa fiabilit\u00e9 et sa perspicacit\u00e9 strat\u00e9gique. Plus qu&rsquo;une simple agente, Gabrielle est une conseill\u00e8re de confiance. Ses clients appr\u00e9cient sa capacit\u00e9 \u00e0 allier expertise du march\u00e9 et service personnalis\u00e9, offrant des r\u00e9sultats qui vont au-del\u00e0 des transactions et d\u00e9finissent des styles de vie impeccables.<\/p>\n\n\n\n<p><\/p>\n\n\n\n<p><\/p>\n\n\n\n<p><\/p>\n\n\n\n<p><\/p>\n\n\n\n<p><\/p>\n\n\n\n<div class=\"wp-block-barnes-blocks-contactme\"><div class=\"contactme_wrapper\"><h3>Contactez moi<\/h3><form><div class=\"form-group\"><input type=\"text\" value=\"\" name=\"name\" pattern=\".{4,}\"\/><label>Nom *<\/label><\/div><div class=\"form-group\"><input type=\"text\" value=\"\" name=\"email\" pattern=\".{4,}\"\/><label>Email *<\/label><\/div><div class=\"form-group\"><input type=\"text\" value=\"\" name=\"phone\" pattern=\".{8,}\"\/><label>T\u00e9l\u00e9phone *<\/label><\/div><div class=\"form-group\"><textarea name=\"message\"><\/textarea><label>Message<\/label><\/div><div><input type=\"hidden\" name=\"referral\" class=\"referral\" value=\"Vanessa Santillana\"\/><input type=\"hidden\" name=\"phoneto\" class=\"phoneto\" value=\"\"\/><input type=\"hidden\" name=\"emailto\" class=\"emailto\" value=\"\"\/><button class=\"contactme_btn\">Envoyer<\/button><\/div><\/form><\/div><\/div>\n\n\n\n<h5 class=\"wp-block-heading\" id=\"mes-biens\">Mes Biens<\/h5>\n\n\n\n<div class=\"wp-block-barnes-blocks-searchmap\"><script src=\"https:\/\/api.tiles.mapbox.com\/mapbox-gl-js\/v1.5.0\/mapbox-gl.js\"><\/script><link href=\"https:\/\/api.tiles.mapbox.com\/mapbox-gl-js\/v1.5.0\/mapbox-gl.css\" rel=\"stylesheet\"\/><script src=\"https:\/\/cdn.jsdelivr.net\/npm\/intersection-observer@0.7.0\/intersection-observer.js\"><\/script><script src=\"https:\/\/cdn.jsdelivr.net\/npm\/vanilla-lazyload@12.3.0\/dist\/lazyload.min.js\"><\/script><link href=\"\/wp-content\/themes\/barnes\/searchmap.css\" rel=\"stylesheet\"\/><script src=\"\/wp-content\/themes\/barnes\/searchmap.js\"><\/script><div id=\"search1\" class=\"blockmap\" data-near=\"\" data-exclu=\"1\" data-center=\"-80.1300, 25.7907\" data-zoom=\"11\"><\/div><script>\n          var search;\n          document.addEventListener(\"DOMContentLoaded\", function() {\n            var config = {\n              'api': {\n                'near': \"\",\n                'transaction': \"\",\n                'center': [-80.2351, 25.7256],\n                'limit': 18,\n                'exclu': '1',\n                'agent_id': '',\n                'sold': '',\n                'view': '',\n                'sortby': \"price\",\n                'order': \"desc\",\n                'pmin': \"\",\n                'pmax': \"\",\n                'type': \"\",\n                'bed': \"\",\n                'bedmax': \"\",\n                'bathmax': \"\",\n              },\n              'pitch': 15,\n              'zoom': 11,\n              'ratio': \"50%\",\n              'mode': \"\",\n              'container': 'search1',\n              'locale': 'en_US',\n              'reverse': true,\n              'scrollzoom': false,\n              'mapbox_token': 'pk.eyJ1IjoiaG9tZTYxIiwiYSI6IkRSZVdLTzAifQ.j0DbHOgstXjXHYfR5e3jPA',\n              'mapbox_style': 'mapbox:\/\/styles\/home61\/ck115ahbu0d1i1crw5mggkbag?optimize=true',\n              'mapbox_satellite': 'mapbox:\/\/styles\/home61\/ck44sdmai1d4u1clti4rl3203?optimize=true',\n              'lazyload_data': 'data:image\/png;base64,iVBORw0KGgoAAAANSUhEUgAAAAMAAAACCAMAAACqqpYoAAAAA1BMVEX\/\/\/+nxBvIAAAAE0lEQVR42gEIAPf\/AAAAAAAAAAAACAABb5b2YgAAAABJRU5ErkJggg==',\n              'icon_image': 'barnes-16',\n              'icon_image_hover': 'barnes-gray-16',\n              'dot_color': \"#B4002F\"\n            };\n            config['container'] = document.querySelector(\".blockmap\").id || \"search1\";\n            config['api']['near'] = document.querySelector(\".blockmap\").dataset.near || \"\";\n            config['api']['agent_id'] = document.querySelector(\".blockmap\").dataset.agent_id || \"\";\n            config['api']['sold'] = document.querySelector(\".blockmap\").dataset.sold || \"\";\n            config['api']['exclu'] = document.querySelector(\".blockmap\").dataset.exclu || \"\";\n            config['api']['transaction'] = document.querySelector(\".blockmap\").dataset.transaction || \"\";\n            config['api']['sortby'] = document.querySelector(\".blockmap\").dataset.sortby || \"price\";\n            config['api']['order'] = document.querySelector(\".blockmap\").dataset.order || \"desc\";\n            config['mode'] = document.querySelector(\".blockmap\").dataset.mode || \"\";\n            config['zoom'] = document.querySelector(\".blockmap\").dataset.zoom || 11;\n            config['pitch'] = document.querySelector(\".blockmap\").dataset.pitch || 15;\n            config['ratio'] = document.querySelector(\".blockmap\").dataset.ratio || \"50%\";\n            config['api']['pmin'] = document.querySelector(\".blockmap\").dataset.pmin || \"\";\n            config['api']['pmax'] = document.querySelector(\".blockmap\").dataset.pmax || \"\";\n            config['api']['type'] = document.querySelector(\".blockmap\").dataset.type || \"\";\n            config['api']['bed'] = document.querySelector(\".blockmap\").dataset.bed || \"\";\n            config['api']['bedmax'] = document.querySelector(\".blockmap\").dataset.bedmax || \"\";\n            config['api']['bathmax'] = document.querySelector(\".blockmap\").dataset.bathmax || \"\";\n            config['api']['center'] = (document.querySelector(\".blockmap\").dataset.center || \"-80.2351, 25.7256\").replace(\/ \/g,\"\").split(\",\");\n            if(typeof document.documentElement.lang != \"undefined\") {\n              config['locale'] = document.documentElement.lang.replace(\"-\",\"_\");\n            }\n            if(typeof trp_data != \"undefined\") { \n              config['locale'] = trp_data.trp_current_language;\n            }\n            search = new SearchMap(config);\n          });\n        <\/script><\/div>\n","protected":false},"excerpt":{"rendered":"<p>Fondatrice de Travel Fwrd Langues Parl\u00e9es: Gabrielle Ayzen est une conseill\u00e8re en immobilier de luxe renomm\u00e9e chez Barnes International Realty, sp\u00e9cialis\u00e9e dans la mise en relation des acheteurs et vendeurs les plus exigeants du monde avec des biens d&rsquo;exception. Avec un sens aigu de l&rsquo;excellence architecturale, du potentiel d&rsquo;investissement et de l&rsquo;ad\u00e9quation avec le style [&hellip;]<\/p>\n","protected":false},"author":1,"featured_media":0,"parent":0,"menu_order":0,"comment_status":"closed","ping_status":"closed","template":"","meta":{"inline_featured_image":false,"footnotes":""},"class_list":["post-29253","page","type-page","status-publish","hentry"],"yoast_head":"<!-- This site is optimized with the Yoast SEO plugin v27.4 - https:\/\/yoast.com\/product\/yoast-seo-wordpress\/ -->\n<title>Profil Gabrielle Ayzen - BARNES Miami<\/title>\n<meta name=\"robots\" content=\"index, follow, max-snippet:-1, max-image-preview:large, max-video-preview:-1\" \/>\n<link rel=\"canonical\" href=\"https:\/\/www.barnes-miami.com\/en\/gabrielle-ayzen-profile\/\" \/>\n<meta property=\"og:locale\" content=\"en_US\" \/>\n<meta property=\"og:type\" content=\"article\" \/>\n<meta property=\"og:title\" content=\"Profil Gabrielle Ayzen - BARNES Miami\" \/>\n<meta property=\"og:description\" content=\"Fondatrice de Travel Fwrd Langues Parl\u00e9es: Gabrielle Ayzen est une conseill\u00e8re en immobilier de luxe renomm\u00e9e chez Barnes International Realty, sp\u00e9cialis\u00e9e dans la mise en relation des acheteurs et vendeurs les plus exigeants du monde avec des biens d&rsquo;exception. Avec un sens aigu de l&rsquo;excellence architecturale, du potentiel d&rsquo;investissement et de l&rsquo;ad\u00e9quation avec le style [&hellip;]\" \/>\n<meta property=\"og:url\" content=\"https:\/\/www.barnes-miami.com\/en\/gabrielle-ayzen-profile\/\" \/>\n<meta property=\"og:site_name\" content=\"BARNES Miami\" \/>\n<meta property=\"article:publisher\" content=\"https:\/\/www.facebook.com\/barnesinternationalmiami\/\" \/>\n<meta property=\"article:modified_time\" content=\"2025-10-14T00:28:18+00:00\" \/>\n<meta property=\"og:image\" content=\"https:\/\/www.barnes-miami.com\/wp-content\/uploads\/2025\/09\/Gabrielle.jpg\" \/>\n\t<meta property=\"og:image:width\" content=\"1000\" \/>\n\t<meta property=\"og:image:height\" content=\"1000\" \/>\n\t<meta property=\"og:image:type\" content=\"image\/jpeg\" \/>\n<meta name=\"twitter:card\" content=\"summary_large_image\" \/>\n<meta name=\"twitter:site\" content=\"@barnesmiami\" \/>\n<meta name=\"twitter:label1\" content=\"Est. reading time\" \/>\n\t<meta name=\"twitter:data1\" content=\"3 minutes\" \/>\n<script type=\"application\/ld+json\" class=\"yoast-schema-graph\">{\"@context\":\"https:\\\/\\\/schema.org\",\"@graph\":[{\"@type\":\"WebPage\",\"@id\":\"https:\\\/\\\/www.barnes-miami.com\\\/profil-gabrielle-ayzen\\\/\",\"url\":\"https:\\\/\\\/www.barnes-miami.com\\\/profil-gabrielle-ayzen\\\/\",\"name\":\"Profil Gabrielle Ayzen - BARNES Miami\",\"isPartOf\":{\"@id\":\"https:\\\/\\\/www.barnes-miami.com\\\/#website\"},\"primaryImageOfPage\":{\"@id\":\"https:\\\/\\\/www.barnes-miami.com\\\/profil-gabrielle-ayzen\\\/#primaryimage\"},\"image\":{\"@id\":\"https:\\\/\\\/www.barnes-miami.com\\\/profil-gabrielle-ayzen\\\/#primaryimage\"},\"thumbnailUrl\":\"https:\\\/\\\/www.barnes-miami.com\\\/wp-content\\\/uploads\\\/2025\\\/09\\\/Gabrielle.jpg\",\"datePublished\":\"2025-09-02T02:04:00+00:00\",\"dateModified\":\"2025-10-14T00:28:18+00:00\",\"breadcrumb\":{\"@id\":\"https:\\\/\\\/www.barnes-miami.com\\\/profil-gabrielle-ayzen\\\/#breadcrumb\"},\"inLanguage\":\"en-US\",\"potentialAction\":[{\"@type\":\"ReadAction\",\"target\":[\"https:\\\/\\\/www.barnes-miami.com\\\/profil-gabrielle-ayzen\\\/\"]}]},{\"@type\":\"ImageObject\",\"inLanguage\":\"en-US\",\"@id\":\"https:\\\/\\\/www.barnes-miami.com\\\/profil-gabrielle-ayzen\\\/#primaryimage\",\"url\":\"https:\\\/\\\/www.barnes-miami.com\\\/wp-content\\\/uploads\\\/2025\\\/09\\\/Gabrielle.jpg\",\"contentUrl\":\"https:\\\/\\\/www.barnes-miami.com\\\/wp-content\\\/uploads\\\/2025\\\/09\\\/Gabrielle.jpg\"},{\"@type\":\"BreadcrumbList\",\"@id\":\"https:\\\/\\\/www.barnes-miami.com\\\/profil-gabrielle-ayzen\\\/#breadcrumb\",\"itemListElement\":[{\"@type\":\"ListItem\",\"position\":1,\"name\":\"Accueil\",\"item\":\"https:\\\/\\\/www.barnes-miami.com\\\/\"},{\"@type\":\"ListItem\",\"position\":2,\"name\":\"Profil Gabrielle Ayzen\"}]},{\"@type\":\"WebSite\",\"@id\":\"https:\\\/\\\/www.barnes-miami.com\\\/#website\",\"url\":\"https:\\\/\\\/www.barnes-miami.com\\\/\",\"name\":\"BARNES Miami\",\"description\":\"#1 International Real Estate Brokerage in South Florida\",\"publisher\":{\"@id\":\"https:\\\/\\\/www.barnes-miami.com\\\/#organization\"},\"potentialAction\":[{\"@type\":\"SearchAction\",\"target\":{\"@type\":\"EntryPoint\",\"urlTemplate\":\"https:\\\/\\\/www.barnes-miami.com\\\/?s={search_term_string}\"},\"query-input\":{\"@type\":\"PropertyValueSpecification\",\"valueRequired\":true,\"valueName\":\"search_term_string\"}}],\"inLanguage\":\"en-US\"},{\"@type\":\"Organization\",\"@id\":\"https:\\\/\\\/www.barnes-miami.com\\\/#organization\",\"name\":\"BARNES Miami\",\"url\":\"https:\\\/\\\/www.barnes-miami.com\\\/\",\"logo\":{\"@type\":\"ImageObject\",\"inLanguage\":\"en-US\",\"@id\":\"https:\\\/\\\/www.barnes-miami.com\\\/#\\\/schema\\\/logo\\\/image\\\/\",\"url\":\"https:\\\/\\\/www.barnes-miami.com\\\/wp-content\\\/uploads\\\/2026\\\/01\\\/logo-2.png\",\"contentUrl\":\"https:\\\/\\\/www.barnes-miami.com\\\/wp-content\\\/uploads\\\/2026\\\/01\\\/logo-2.png\",\"width\":1100,\"height\":1100,\"caption\":\"BARNES Miami\"},\"image\":{\"@id\":\"https:\\\/\\\/www.barnes-miami.com\\\/#\\\/schema\\\/logo\\\/image\\\/\"},\"sameAs\":[\"https:\\\/\\\/www.facebook.com\\\/barnesinternationalmiami\\\/\",\"https:\\\/\\\/x.com\\\/barnesmiami\",\"https:\\\/\\\/www.instagram.com\\\/barnesmiami\\\/\",\"https:\\\/\\\/www.linkedin.com\\\/company\\\/barnes-international-miami\\\/\",\"https:\\\/\\\/www.youtube.com\\\/user\\\/BarnesImmoMiami\\\/\"]}]}<\/script>\n<!-- \/ Yoast SEO plugin. -->","yoast_head_json":{"title":"Gabrielle Ayzen Profile - BARNES Miami","robots":{"index":"index","follow":"follow","max-snippet":"max-snippet:-1","max-image-preview":"max-image-preview:large","max-video-preview":"max-video-preview:-1"},"canonical":"https:\/\/www.barnes-miami.com\/en\/gabrielle-ayzen-profile\/","og_locale":"en_US","og_type":"article","og_title":"Profil Gabrielle Ayzen - BARNES Miami","og_description":"Fondatrice de Travel Fwrd Langues Parl\u00e9es: Gabrielle Ayzen est une conseill\u00e8re en immobilier de luxe renomm\u00e9e chez Barnes International Realty, sp\u00e9cialis\u00e9e dans la mise en relation des acheteurs et vendeurs les plus exigeants du monde avec des biens d&rsquo;exception. Avec un sens aigu de l&rsquo;excellence architecturale, du potentiel d&rsquo;investissement et de l&rsquo;ad\u00e9quation avec le style [&hellip;]","og_url":"https:\/\/www.barnes-miami.com\/en\/gabrielle-ayzen-profile\/","og_site_name":"BARNES Miami","article_publisher":"https:\/\/www.facebook.com\/barnesinternationalmiami\/","article_modified_time":"2025-10-14T00:28:18+00:00","og_image":[{"width":1000,"height":1000,"url":"https:\/\/www.barnes-miami.com\/wp-content\/uploads\/2025\/09\/Gabrielle.jpg","type":"image\/jpeg"}],"twitter_card":"summary_large_image","twitter_site":"@barnesmiami","twitter_misc":{"Est. reading time":"3 minutes"},"schema":{"@context":"https:\/\/schema.org","@graph":[{"@type":"WebPage","@id":"https:\/\/www.barnes-miami.com\/profil-gabrielle-ayzen\/","url":"https:\/\/www.barnes-miami.com\/profil-gabrielle-ayzen\/","name":"Gabrielle Ayzen Profile - BARNES Miami","isPartOf":{"@id":"https:\/\/www.barnes-miami.com\/#website"},"primaryImageOfPage":{"@id":"https:\/\/www.barnes-miami.com\/profil-gabrielle-ayzen\/#primaryimage"},"image":{"@id":"https:\/\/www.barnes-miami.com\/profil-gabrielle-ayzen\/#primaryimage"},"thumbnailUrl":"https:\/\/www.barnes-miami.com\/wp-content\/uploads\/2025\/09\/Gabrielle.jpg","datePublished":"2025-09-02T02:04:00+00:00","dateModified":"2025-10-14T00:28:18+00:00","breadcrumb":{"@id":"https:\/\/www.barnes-miami.com\/profil-gabrielle-ayzen\/#breadcrumb"},"inLanguage":"en-US","potentialAction":[{"@type":"ReadAction","target":["https:\/\/www.barnes-miami.com\/profil-gabrielle-ayzen\/"]}]},{"@type":"ImageObject","inLanguage":"en-US","@id":"https:\/\/www.barnes-miami.com\/profil-gabrielle-ayzen\/#primaryimage","url":"https:\/\/www.barnes-miami.com\/wp-content\/uploads\/2025\/09\/Gabrielle.jpg","contentUrl":"https:\/\/www.barnes-miami.com\/wp-content\/uploads\/2025\/09\/Gabrielle.jpg"},{"@type":"BreadcrumbList","@id":"https:\/\/www.barnes-miami.com\/profil-gabrielle-ayzen\/#breadcrumb","itemListElement":[{"@type":"ListItem","position":1,"name":"Accueil","item":"https:\/\/www.barnes-miami.com\/"},{"@type":"ListItem","position":2,"name":"Profil Gabrielle Ayzen"}]},{"@type":"WebSite","@id":"https:\/\/www.barnes-miami.com\/#website","url":"https:\/\/www.barnes-miami.com\/","name":"BARNES Miami","description":"#1 International Real Estate Brokerage in South Florida","publisher":{"@id":"https:\/\/www.barnes-miami.com\/#organization"},"potentialAction":[{"@type":"SearchAction","target":{"@type":"EntryPoint","urlTemplate":"https:\/\/www.barnes-miami.com\/?s={search_term_string}"},"query-input":{"@type":"PropertyValueSpecification","valueRequired":true,"valueName":"search_term_string"}}],"inLanguage":"en-US"},{"@type":"Organization","@id":"https:\/\/www.barnes-miami.com\/#organization","name":"BARNES Miami","url":"https:\/\/www.barnes-miami.com\/","logo":{"@type":"ImageObject","inLanguage":"en-US","@id":"https:\/\/www.barnes-miami.com\/#\/schema\/logo\/image\/","url":"https:\/\/www.barnes-miami.com\/wp-content\/uploads\/2026\/01\/logo-2.png","contentUrl":"https:\/\/www.barnes-miami.com\/wp-content\/uploads\/2026\/01\/logo-2.png","width":1100,"height":1100,"caption":"BARNES Miami"},"image":{"@id":"https:\/\/www.barnes-miami.com\/#\/schema\/logo\/image\/"},"sameAs":["https:\/\/www.facebook.com\/barnesinternationalmiami\/","https:\/\/x.com\/barnesmiami","https:\/\/www.instagram.com\/barnesmiami\/","https:\/\/www.linkedin.com\/company\/barnes-international-miami\/","https:\/\/www.youtube.com\/user\/BarnesImmoMiami\/"]}]}},"_links":{"self":[{"href":"https:\/\/www.barnes-miami.com\/en\/wp-json\/wp\/v2\/pages\/29253","targetHints":{"allow":["GET"]}}],"collection":[{"href":"https:\/\/www.barnes-miami.com\/en\/wp-json\/wp\/v2\/pages"}],"about":[{"href":"https:\/\/www.barnes-miami.com\/en\/wp-json\/wp\/v2\/types\/page"}],"author":[{"embeddable":true,"href":"https:\/\/www.barnes-miami.com\/en\/wp-json\/wp\/v2\/users\/1"}],"replies":[{"embeddable":true,"href":"https:\/\/www.barnes-miami.com\/en\/wp-json\/wp\/v2\/comments?post=29253"}],"version-history":[{"count":3,"href":"https:\/\/www.barnes-miami.com\/en\/wp-json\/wp\/v2\/pages\/29253\/revisions"}],"predecessor-version":[{"id":29260,"href":"https:\/\/www.barnes-miami.com\/en\/wp-json\/wp\/v2\/pages\/29253\/revisions\/29260"}],"wp:attachment":[{"href":"https:\/\/www.barnes-miami.com\/en\/wp-json\/wp\/v2\/media?parent=29253"}],"curies":[{"name":"wp","href":"https:\/\/api.w.org\/{rel}","templated":true}]}}