{"id":30933,"date":"2025-11-20T08:59:34","date_gmt":"2025-11-20T13:59:34","guid":{"rendered":"https:\/\/www.barnes-miami.com\/?page_id=30933"},"modified":"2025-12-01T10:21:58","modified_gmt":"2025-12-01T15:21:58","slug":"benjamin-tepers-profile","status":"publish","type":"page","link":"https:\/\/www.barnes-miami.com\/en\/profil-benjamin-teper\/","title":{"rendered":"Benjamin Teper&#039;s Profile"},"content":{"rendered":"\n<div class=\"wp-block-columns is-layout-flex wp-container-core-columns-is-layout-9d6595d7 wp-block-columns-is-layout-flex\">\n<div class=\"wp-block-column is-vertically-aligned-center is-layout-flow wp-block-column-is-layout-flow\" style=\"flex-basis:65%\">\n<blockquote class=\"wp-block-quote is-layout-flow wp-block-quote-is-layout-flow\">\n<p><\/p>\n<\/blockquote>\n<\/div>\n\n\n\n<div class=\"wp-block-column is-layout-flow wp-block-column-is-layout-flow\" style=\"flex-basis:35%\">\n<figure class=\"wp-block-gallery has-nested-images columns-default is-cropped wp-block-gallery-1 is-layout-flex wp-block-gallery-is-layout-flex\">\n<figure class=\"wp-block-image size-full\"><img loading=\"lazy\" decoding=\"async\" width=\"1000\" height=\"1000\" data-id=\"30961\" src=\"https:\/\/www.barnes-miami.com\/wp-content\/uploads\/2025\/12\/benjamin-teper-barnes.jpg\" alt=\"\" class=\"wp-image-30961\" srcset=\"https:\/\/www.barnes-miami.com\/wp-content\/uploads\/2025\/12\/benjamin-teper-barnes.jpg 1000w, https:\/\/www.barnes-miami.com\/wp-content\/uploads\/2025\/12\/benjamin-teper-barnes-300x300.jpg 300w, https:\/\/www.barnes-miami.com\/wp-content\/uploads\/2025\/12\/benjamin-teper-barnes-150x150.jpg 150w, https:\/\/www.barnes-miami.com\/wp-content\/uploads\/2025\/12\/benjamin-teper-barnes-768x768.jpg 768w, https:\/\/www.barnes-miami.com\/wp-content\/uploads\/2025\/12\/benjamin-teper-barnes-12x12.jpg 12w\" sizes=\"auto, (max-width: 1000px) 100vw, 1000px\" \/><\/figure>\n<\/figure>\n<\/div>\n<\/div>\n\n\n\n<div class=\"wp-block-columns is-layout-flex wp-container-core-columns-is-layout-9d6595d7 wp-block-columns-is-layout-flex\">\n<div class=\"wp-block-column is-layout-flow wp-block-column-is-layout-flow\" style=\"flex-basis:65%\">\n<div class=\"wp-block-barnes-blocks-signature\"><h2 class=\"name\">Benjamin Teper<\/h2><p class=\"title\">Consultant<\/p><p class=\"phone\">+1 (646) 416-2103<\/p><p class=\"email\">b.teper@barnes-international.com<\/p><a class=\"linkedin hide\" href=\"#\" target=\"_blank\" rel=\"noopener nofollow noreferrer\"><\/a><a class=\"zillow hide\" href=\"#\" target=\"_blank\" rel=\"noopener nofollow noreferrer\"><\/a><a class=\"website\" href=\"https:\/\/benjamin.barnes-miami.com\/\" target=\"_blank\" rel=\"noopener nofollow noreferrer\"><\/a><a class=\"whatsapp hide\" href=\"#\" target=\"_blank\" rel=\"noopener nofollow noreferrer\"><\/a><a class=\"facebook hide\" href=\"#\" target=\"_blank\" rel=\"noopener nofollow noreferrer\"><\/a><a class=\"instagram hide\" href=\"#\" target=\"_blank\" rel=\"noopener nofollow noreferrer\"><\/a><\/div>\n<\/div>\n\n\n\n<div class=\"wp-block-column is-layout-flow wp-block-column-is-layout-flow\" style=\"flex-basis:35%\">\n<h5 class=\"wp-block-heading\">Langues Parl\u00e9es:<\/h5>\n\n\n\n<ul class=\"wp-block-list\">\n<li>Anglais<\/li>\n\n\n\n<li>Fran\u00e7ais<\/li>\n<\/ul>\n<\/div>\n<\/div>\n\n\n\n<h5 class=\"wp-block-heading\">Pr\u00e9sentation<\/h5>\n\n\n\n<p>Membre du r\u00e9seau international Barnes, Benjamin met \u00e0 profit une vision globale et un conseil hautement personnalis\u00e9 pour accompagner une client\u00e8le vari\u00e9e \u2014 des familles UHNWI et investisseurs aguerris aux acqu\u00e9reurs de premi\u00e8res ou secondes r\u00e9sidences recherchant un accompagnement \u00e9clair\u00e9. \u00c9lev\u00e9 entre Paris et New York, et fort d\u2019exp\u00e9riences \u00e0 Lausanne, Boston, Los Angeles et Tel-Aviv, il a fait de Miami son lieu de r\u00e9sidence depuis six ans.<\/p>\n\n\n\n<p>Son parcours dans l\u2019h\u00f4tellerie, le branding, les m\u00e9dias et l\u2019organisation d\u2019\u00e9v\u00e9nements a fa\u00e7onn\u00e9 une exigence de service irr\u00e9prochable et une approche centr\u00e9e sur l\u2019excellence de l\u2019exp\u00e9rience client. Benjamin a entam\u00e9 sa carri\u00e8re immobili\u00e8re \u00e0 New York il y a huit ans avant de l\u2019\u00e9tendre \u00e0 Miami six ans plus tard, o\u00f9 il a rapidement su gagner la confiance d\u2019une client\u00e8le haut de gamme sur les deux march\u00e9s.<\/p>\n\n\n\n<div class=\"wp-block-barnes-blocks-contactme\"><div class=\"contactme_wrapper\"><h3>Contactez moi<\/h3><form><div class=\"form-group\"><input type=\"text\" value=\"\" name=\"name\" pattern=\".{4,}\"\/><label>Nom *<\/label><\/div><div class=\"form-group\"><input type=\"text\" value=\"\" name=\"email\" pattern=\".{4,}\"\/><label>Email *<\/label><\/div><div class=\"form-group\"><input type=\"text\" value=\"\" name=\"phone\" pattern=\".{8,}\"\/><label>T\u00e9l\u00e9phone *<\/label><\/div><div class=\"form-group\"><textarea name=\"message\"><\/textarea><label>Message<\/label><\/div><div><input type=\"hidden\" name=\"referral\" class=\"referral\" value=\"Benjamin Teper\"\/><input type=\"hidden\" name=\"phoneto\" class=\"phoneto\" value=\"+1 (646) 416-2103\"\/><input type=\"hidden\" name=\"emailto\" class=\"emailto\" value=\"b.teper@barnes-international.com\"\/><button class=\"contactme_btn\">Envoyer<\/button><\/div><\/form><\/div><\/div>\n\n\n\n<h5 class=\"wp-block-heading\">Mes Biens<\/h5>\n\n\n\n<div class=\"wp-block-barnes-blocks-searchmap\"><script src=\"https:\/\/api.tiles.mapbox.com\/mapbox-gl-js\/v1.5.0\/mapbox-gl.js\"><\/script><link href=\"https:\/\/api.tiles.mapbox.com\/mapbox-gl-js\/v1.5.0\/mapbox-gl.css\" rel=\"stylesheet\"\/><script src=\"https:\/\/cdn.jsdelivr.net\/npm\/intersection-observer@0.7.0\/intersection-observer.js\"><\/script><script src=\"https:\/\/cdn.jsdelivr.net\/npm\/vanilla-lazyload@12.3.0\/dist\/lazyload.min.js\"><\/script><link href=\"\/wp-content\/themes\/barnes\/searchmap.css\" rel=\"stylesheet\"\/><script src=\"\/wp-content\/themes\/barnes\/searchmap.js\"><\/script><div id=\"search1\" class=\"blockmap\" data-bathmax=\"\" data-bed=\"\" data-bedmax=\"\" data-center=\"-80.2351, 25.7256\" data-detail_url=\"\" data-exclu=\"1\" data-limit=\"\" data-map_urls=\"\" data-mix_urls=\"\" data-mode=\"\" data-near=\"\" data-order=\"\" data-pitch=\"\" data-pmax=\"\" data-pmin=\"\" data-popup_urls=\"\" data-ratio=\"\" data-sold=\"\" data-sortby=\"\" data-transaction=\"\" data-type=\"\" data-zoom=\"\"><\/div><script>\n          var search;\n          document.addEventListener(\"DOMContentLoaded\", function() {\n            var config = {\n              'api': {\n                'near': \"\",\n                'transaction': \"\",\n                'center': [-80.2351, 25.7256],\n                'limit': 18,\n                'exclu': '1',\n                'agent_id': '',\n                'sold': '',\n                'view': '',\n                'sortby': \"price\",\n                'order': \"desc\",\n                'pmin': \"\",\n                'pmax': \"\",\n                'type': \"\",\n                'bed': \"\",\n                'bedmax': \"\",\n                'bathmax': \"\",\n              },\n              'pitch': 15,\n              'zoom': 11,\n              'ratio': \"50%\",\n              'mode': \"\",\n              'container': 'search1',\n              'locale': 'en_US',\n              'reverse': true,\n              'scrollzoom': false,\n              'mapbox_token': 'pk.eyJ1IjoiaG9tZTYxIiwiYSI6IkRSZVdLTzAifQ.j0DbHOgstXjXHYfR5e3jPA',\n              'mapbox_style': 'mapbox:\/\/styles\/home61\/ck115ahbu0d1i1crw5mggkbag?optimize=true',\n              'mapbox_satellite': 'mapbox:\/\/styles\/home61\/ck44sdmai1d4u1clti4rl3203?optimize=true',\n              'lazyload_data': 'data:image\/png;base64,iVBORw0KGgoAAAANSUhEUgAAAAMAAAACCAMAAACqqpYoAAAAA1BMVEX\/\/\/+nxBvIAAAAE0lEQVR42gEIAPf\/AAAAAAAAAAAACAABb5b2YgAAAABJRU5ErkJggg==',\n              'icon_image': 'barnes-gray-16',\n              'icon_image_hover': 'barnes-red-16',\n              'dot_color': \"#222222\"\n            };\n            config['container'] = document.querySelector(\".blockmap\").id || \"search1\";\n            config['api']['agent_id'] = document.querySelector(\".blockmap\").dataset.agent_id || \"\";\n            config['api']['bathmax'] = document.querySelector(\".blockmap\").dataset.bathmax || \"\";\n            config['api']['bed'] = document.querySelector(\".blockmap\").dataset.bed || \"\";\n            config['api']['bedmax'] = document.querySelector(\".blockmap\").dataset.bedmax || \"\";\n            config['api']['center'] = (document.querySelector(\".blockmap\").dataset.center || \"-80.2351, 25.7256\").replace(\/ \/g,\"\").split(\",\");\n            config['detail_url'] = !!document.querySelector(\".blockmap\").dataset.detail_url ? document.querySelector(\".blockmap\").dataset.detail_url : null;\n            config['api']['exclu'] = document.querySelector(\".blockmap\").dataset.exclu || \"\";\n            config['api']['limit'] = !!document.querySelector(\".blockmap\").dataset.limit ? parseInt(document.querySelector(\".blockmap\").dataset.limit) : 18;\n            config['map_urls'] = !!document.querySelector(\".blockmap\").dataset.map_urls ? [document.querySelector(\".blockmap\").dataset.map_urls] : null;\n            config['mix_urls'] = !!document.querySelector(\".blockmap\").dataset.mix_urls ? [document.querySelector(\".blockmap\").dataset.mix_urls] : null;\n            config['mode'] = !!document.querySelector(\".blockmap\").dataset.mode ? document.querySelector(\".blockmap\").dataset.mode : \"\";\n            config['api']['near'] = document.querySelector(\".blockmap\").dataset.near || \"\";\n            config['api']['order'] = document.querySelector(\".blockmap\").dataset.order || \"desc\";\n            config['pitch'] = document.querySelector(\".blockmap\").dataset.pitch || 15;\n            config['api']['pmax'] = document.querySelector(\".blockmap\").dataset.pmax || \"\";\n            config['api']['pmin'] = document.querySelector(\".blockmap\").dataset.pmin || \"\";\n            config['popup_urls'] = !!document.querySelector(\".blockmap\").dataset.popup_urls ? [document.querySelector(\".blockmap\").dataset.popup_urls] : null;\n            config['ratio'] = document.querySelector(\".blockmap\").dataset.ratio || \"50%\";\n            config['api']['sold'] = document.querySelector(\".blockmap\").dataset.sold || \"\";\n            config['api']['sortby'] = document.querySelector(\".blockmap\").dataset.sortby || \"price\";\n            config['api']['transaction'] = document.querySelector(\".blockmap\").dataset.transaction || \"\";\n            config['api']['type'] = document.querySelector(\".blockmap\").dataset.type || \"\";\n            config['zoom'] = document.querySelector(\".blockmap\").dataset.zoom || 11;\n            if(typeof document.documentElement.lang != \"undefined\") {\n              config['locale'] = document.documentElement.lang.replace(\"-\",\"_\");\n            }\n            if(typeof trp_data != \"undefined\") {\n              config['locale'] = trp_data.trp_current_language;\n            }\n            search = new SearchMap(config);\n          });\n        <\/script><\/div>\n","protected":false},"excerpt":{"rendered":"<p>Langues Parl\u00e9es: Pr\u00e9sentation Membre du r\u00e9seau international Barnes, Benjamin met \u00e0 profit une vision globale et un conseil hautement personnalis\u00e9 pour accompagner une client\u00e8le vari\u00e9e \u2014 des familles UHNWI et investisseurs aguerris aux acqu\u00e9reurs de premi\u00e8res ou secondes r\u00e9sidences recherchant un accompagnement \u00e9clair\u00e9. \u00c9lev\u00e9 entre Paris et New York, et fort d\u2019exp\u00e9riences \u00e0 Lausanne, Boston, [&hellip;]<\/p>\n","protected":false},"author":1,"featured_media":0,"parent":0,"menu_order":0,"comment_status":"closed","ping_status":"closed","template":"","meta":{"inline_featured_image":false,"footnotes":""},"class_list":["post-30933","page","type-page","status-publish","hentry"],"yoast_head":"<!-- This site is optimized with the Yoast SEO plugin v27.4 - https:\/\/yoast.com\/product\/yoast-seo-wordpress\/ -->\n<title>Profil Benjamin Teper - BARNES Miami<\/title>\n<meta name=\"robots\" content=\"index, follow, max-snippet:-1, max-image-preview:large, max-video-preview:-1\" \/>\n<link rel=\"canonical\" href=\"https:\/\/www.barnes-miami.com\/en\/benjamin-tepers-profile\/\" \/>\n<meta property=\"og:locale\" content=\"en_US\" \/>\n<meta property=\"og:type\" content=\"article\" \/>\n<meta property=\"og:title\" content=\"Profil Benjamin Teper - BARNES Miami\" \/>\n<meta property=\"og:description\" content=\"Langues Parl\u00e9es: Pr\u00e9sentation Membre du r\u00e9seau international Barnes, Benjamin met \u00e0 profit une vision globale et un conseil hautement personnalis\u00e9 pour accompagner une client\u00e8le vari\u00e9e \u2014 des familles UHNWI et investisseurs aguerris aux acqu\u00e9reurs de premi\u00e8res ou secondes r\u00e9sidences recherchant un accompagnement \u00e9clair\u00e9. \u00c9lev\u00e9 entre Paris et New York, et fort d\u2019exp\u00e9riences \u00e0 Lausanne, Boston, [&hellip;]\" \/>\n<meta property=\"og:url\" content=\"https:\/\/www.barnes-miami.com\/en\/benjamin-tepers-profile\/\" \/>\n<meta property=\"og:site_name\" content=\"BARNES Miami\" \/>\n<meta property=\"article:publisher\" content=\"https:\/\/www.facebook.com\/barnesinternationalmiami\/\" \/>\n<meta property=\"article:modified_time\" content=\"2025-12-01T15:21:58+00:00\" \/>\n<meta property=\"og:image\" content=\"https:\/\/www.barnes-miami.com\/wp-content\/uploads\/2025\/12\/benjamin-teper-barnes.jpg\" \/>\n\t<meta property=\"og:image:width\" content=\"1000\" \/>\n\t<meta property=\"og:image:height\" content=\"1000\" \/>\n\t<meta property=\"og:image:type\" content=\"image\/jpeg\" \/>\n<meta name=\"twitter:card\" content=\"summary_large_image\" \/>\n<meta name=\"twitter:site\" content=\"@barnesmiami\" \/>\n<meta name=\"twitter:label1\" content=\"Est. reading time\" \/>\n\t<meta name=\"twitter:data1\" content=\"1 minute\" \/>\n<script type=\"application\/ld+json\" class=\"yoast-schema-graph\">{\"@context\":\"https:\\\/\\\/schema.org\",\"@graph\":[{\"@type\":\"WebPage\",\"@id\":\"https:\\\/\\\/www.barnes-miami.com\\\/profil-benjamin-teper\\\/\",\"url\":\"https:\\\/\\\/www.barnes-miami.com\\\/profil-benjamin-teper\\\/\",\"name\":\"Profil Benjamin Teper - BARNES Miami\",\"isPartOf\":{\"@id\":\"https:\\\/\\\/www.barnes-miami.com\\\/#website\"},\"primaryImageOfPage\":{\"@id\":\"https:\\\/\\\/www.barnes-miami.com\\\/profil-benjamin-teper\\\/#primaryimage\"},\"image\":{\"@id\":\"https:\\\/\\\/www.barnes-miami.com\\\/profil-benjamin-teper\\\/#primaryimage\"},\"thumbnailUrl\":\"https:\\\/\\\/www.barnes-miami.com\\\/wp-content\\\/uploads\\\/2025\\\/12\\\/benjamin-teper-barnes.jpg\",\"datePublished\":\"2025-11-20T13:59:34+00:00\",\"dateModified\":\"2025-12-01T15:21:58+00:00\",\"breadcrumb\":{\"@id\":\"https:\\\/\\\/www.barnes-miami.com\\\/profil-benjamin-teper\\\/#breadcrumb\"},\"inLanguage\":\"en-US\",\"potentialAction\":[{\"@type\":\"ReadAction\",\"target\":[\"https:\\\/\\\/www.barnes-miami.com\\\/profil-benjamin-teper\\\/\"]}]},{\"@type\":\"ImageObject\",\"inLanguage\":\"en-US\",\"@id\":\"https:\\\/\\\/www.barnes-miami.com\\\/profil-benjamin-teper\\\/#primaryimage\",\"url\":\"https:\\\/\\\/www.barnes-miami.com\\\/wp-content\\\/uploads\\\/2025\\\/12\\\/benjamin-teper-barnes.jpg\",\"contentUrl\":\"https:\\\/\\\/www.barnes-miami.com\\\/wp-content\\\/uploads\\\/2025\\\/12\\\/benjamin-teper-barnes.jpg\"},{\"@type\":\"BreadcrumbList\",\"@id\":\"https:\\\/\\\/www.barnes-miami.com\\\/profil-benjamin-teper\\\/#breadcrumb\",\"itemListElement\":[{\"@type\":\"ListItem\",\"position\":1,\"name\":\"Accueil\",\"item\":\"https:\\\/\\\/www.barnes-miami.com\\\/\"},{\"@type\":\"ListItem\",\"position\":2,\"name\":\"Profil Benjamin Teper\"}]},{\"@type\":\"WebSite\",\"@id\":\"https:\\\/\\\/www.barnes-miami.com\\\/#website\",\"url\":\"https:\\\/\\\/www.barnes-miami.com\\\/\",\"name\":\"BARNES Miami\",\"description\":\"#1 International Real Estate Brokerage in South Florida\",\"publisher\":{\"@id\":\"https:\\\/\\\/www.barnes-miami.com\\\/#organization\"},\"potentialAction\":[{\"@type\":\"SearchAction\",\"target\":{\"@type\":\"EntryPoint\",\"urlTemplate\":\"https:\\\/\\\/www.barnes-miami.com\\\/?s={search_term_string}\"},\"query-input\":{\"@type\":\"PropertyValueSpecification\",\"valueRequired\":true,\"valueName\":\"search_term_string\"}}],\"inLanguage\":\"en-US\"},{\"@type\":\"Organization\",\"@id\":\"https:\\\/\\\/www.barnes-miami.com\\\/#organization\",\"name\":\"BARNES Miami\",\"url\":\"https:\\\/\\\/www.barnes-miami.com\\\/\",\"logo\":{\"@type\":\"ImageObject\",\"inLanguage\":\"en-US\",\"@id\":\"https:\\\/\\\/www.barnes-miami.com\\\/#\\\/schema\\\/logo\\\/image\\\/\",\"url\":\"https:\\\/\\\/www.barnes-miami.com\\\/wp-content\\\/uploads\\\/2026\\\/01\\\/logo-2.png\",\"contentUrl\":\"https:\\\/\\\/www.barnes-miami.com\\\/wp-content\\\/uploads\\\/2026\\\/01\\\/logo-2.png\",\"width\":1100,\"height\":1100,\"caption\":\"BARNES Miami\"},\"image\":{\"@id\":\"https:\\\/\\\/www.barnes-miami.com\\\/#\\\/schema\\\/logo\\\/image\\\/\"},\"sameAs\":[\"https:\\\/\\\/www.facebook.com\\\/barnesinternationalmiami\\\/\",\"https:\\\/\\\/x.com\\\/barnesmiami\",\"https:\\\/\\\/www.instagram.com\\\/barnesmiami\\\/\",\"https:\\\/\\\/www.linkedin.com\\\/company\\\/barnes-international-miami\\\/\",\"https:\\\/\\\/www.youtube.com\\\/user\\\/BarnesImmoMiami\\\/\"]}]}<\/script>\n<!-- \/ Yoast SEO plugin. -->","yoast_head_json":{"title":"Benjamin Teper Profile - BARNES Miami","robots":{"index":"index","follow":"follow","max-snippet":"max-snippet:-1","max-image-preview":"max-image-preview:large","max-video-preview":"max-video-preview:-1"},"canonical":"https:\/\/www.barnes-miami.com\/en\/benjamin-tepers-profile\/","og_locale":"en_US","og_type":"article","og_title":"Profil Benjamin Teper - BARNES Miami","og_description":"Langues Parl\u00e9es: Pr\u00e9sentation Membre du r\u00e9seau international Barnes, Benjamin met \u00e0 profit une vision globale et un conseil hautement personnalis\u00e9 pour accompagner une client\u00e8le vari\u00e9e \u2014 des familles UHNWI et investisseurs aguerris aux acqu\u00e9reurs de premi\u00e8res ou secondes r\u00e9sidences recherchant un accompagnement \u00e9clair\u00e9. \u00c9lev\u00e9 entre Paris et New York, et fort d\u2019exp\u00e9riences \u00e0 Lausanne, Boston, [&hellip;]","og_url":"https:\/\/www.barnes-miami.com\/en\/benjamin-tepers-profile\/","og_site_name":"BARNES Miami","article_publisher":"https:\/\/www.facebook.com\/barnesinternationalmiami\/","article_modified_time":"2025-12-01T15:21:58+00:00","og_image":[{"width":1000,"height":1000,"url":"https:\/\/www.barnes-miami.com\/wp-content\/uploads\/2025\/12\/benjamin-teper-barnes.jpg","type":"image\/jpeg"}],"twitter_card":"summary_large_image","twitter_site":"@barnesmiami","twitter_misc":{"Est. reading time":"1 minute"},"schema":{"@context":"https:\/\/schema.org","@graph":[{"@type":"WebPage","@id":"https:\/\/www.barnes-miami.com\/profil-benjamin-teper\/","url":"https:\/\/www.barnes-miami.com\/profil-benjamin-teper\/","name":"Benjamin Teper Profile - BARNES Miami","isPartOf":{"@id":"https:\/\/www.barnes-miami.com\/#website"},"primaryImageOfPage":{"@id":"https:\/\/www.barnes-miami.com\/profil-benjamin-teper\/#primaryimage"},"image":{"@id":"https:\/\/www.barnes-miami.com\/profil-benjamin-teper\/#primaryimage"},"thumbnailUrl":"https:\/\/www.barnes-miami.com\/wp-content\/uploads\/2025\/12\/benjamin-teper-barnes.jpg","datePublished":"2025-11-20T13:59:34+00:00","dateModified":"2025-12-01T15:21:58+00:00","breadcrumb":{"@id":"https:\/\/www.barnes-miami.com\/profil-benjamin-teper\/#breadcrumb"},"inLanguage":"en-US","potentialAction":[{"@type":"ReadAction","target":["https:\/\/www.barnes-miami.com\/profil-benjamin-teper\/"]}]},{"@type":"ImageObject","inLanguage":"en-US","@id":"https:\/\/www.barnes-miami.com\/profil-benjamin-teper\/#primaryimage","url":"https:\/\/www.barnes-miami.com\/wp-content\/uploads\/2025\/12\/benjamin-teper-barnes.jpg","contentUrl":"https:\/\/www.barnes-miami.com\/wp-content\/uploads\/2025\/12\/benjamin-teper-barnes.jpg"},{"@type":"BreadcrumbList","@id":"https:\/\/www.barnes-miami.com\/profil-benjamin-teper\/#breadcrumb","itemListElement":[{"@type":"ListItem","position":1,"name":"Accueil","item":"https:\/\/www.barnes-miami.com\/"},{"@type":"ListItem","position":2,"name":"Profil Benjamin Teper"}]},{"@type":"WebSite","@id":"https:\/\/www.barnes-miami.com\/#website","url":"https:\/\/www.barnes-miami.com\/","name":"BARNES Miami","description":"#1 International Real Estate Brokerage in South Florida","publisher":{"@id":"https:\/\/www.barnes-miami.com\/#organization"},"potentialAction":[{"@type":"SearchAction","target":{"@type":"EntryPoint","urlTemplate":"https:\/\/www.barnes-miami.com\/?s={search_term_string}"},"query-input":{"@type":"PropertyValueSpecification","valueRequired":true,"valueName":"search_term_string"}}],"inLanguage":"en-US"},{"@type":"Organization","@id":"https:\/\/www.barnes-miami.com\/#organization","name":"BARNES Miami","url":"https:\/\/www.barnes-miami.com\/","logo":{"@type":"ImageObject","inLanguage":"en-US","@id":"https:\/\/www.barnes-miami.com\/#\/schema\/logo\/image\/","url":"https:\/\/www.barnes-miami.com\/wp-content\/uploads\/2026\/01\/logo-2.png","contentUrl":"https:\/\/www.barnes-miami.com\/wp-content\/uploads\/2026\/01\/logo-2.png","width":1100,"height":1100,"caption":"BARNES Miami"},"image":{"@id":"https:\/\/www.barnes-miami.com\/#\/schema\/logo\/image\/"},"sameAs":["https:\/\/www.facebook.com\/barnesinternationalmiami\/","https:\/\/x.com\/barnesmiami","https:\/\/www.instagram.com\/barnesmiami\/","https:\/\/www.linkedin.com\/company\/barnes-international-miami\/","https:\/\/www.youtube.com\/user\/BarnesImmoMiami\/"]}]}},"_links":{"self":[{"href":"https:\/\/www.barnes-miami.com\/en\/wp-json\/wp\/v2\/pages\/30933","targetHints":{"allow":["GET"]}}],"collection":[{"href":"https:\/\/www.barnes-miami.com\/en\/wp-json\/wp\/v2\/pages"}],"about":[{"href":"https:\/\/www.barnes-miami.com\/en\/wp-json\/wp\/v2\/types\/page"}],"author":[{"embeddable":true,"href":"https:\/\/www.barnes-miami.com\/en\/wp-json\/wp\/v2\/users\/1"}],"replies":[{"embeddable":true,"href":"https:\/\/www.barnes-miami.com\/en\/wp-json\/wp\/v2\/comments?post=30933"}],"version-history":[{"count":2,"href":"https:\/\/www.barnes-miami.com\/en\/wp-json\/wp\/v2\/pages\/30933\/revisions"}],"predecessor-version":[{"id":30963,"href":"https:\/\/www.barnes-miami.com\/en\/wp-json\/wp\/v2\/pages\/30933\/revisions\/30963"}],"wp:attachment":[{"href":"https:\/\/www.barnes-miami.com\/en\/wp-json\/wp\/v2\/media?parent=30933"}],"curies":[{"name":"wp","href":"https:\/\/api.w.org\/{rel}","templated":true}]}}