{"id":14,"date":"2018-01-18T15:32:51","date_gmt":"2018-01-18T15:32:51","guid":{"rendered":"https:\/\/www.barnes-miami.com\/?page_id=14"},"modified":"2025-12-18T14:19:31","modified_gmt":"2025-12-18T19:19:31","slug":"contactar","status":"publish","type":"page","link":"https:\/\/www.barnes-miami.com\/es\/contact\/","title":{"rendered":"Contacte con su agencia BARNES"},"content":{"rendered":"<div style=\"height:45px\" aria-hidden=\"true\" class=\"wp-block-spacer\"><\/div>\n\n\n\n<h4 class=\"wp-block-heading has-text-align-center has-text-color has-link-color has-medium-font-size wp-elements-04efae875b88ab1183fabb2983c9d4c4\" style=\"color:#bcaa88\">LAS PROPIEDADES M\u00c1S HERMOSAS DE MIAMI<\/h4>\n\n\n\n<p class=\"has-text-align-center p80\">BARNES Miami est\u00e1 a su disposici\u00f3n y le ofrece sus servicios relacionados con el sector inmobiliario de lujo. Con una clientela internacional y una reputaci\u00f3n global, Barnes International Miami se esfuerza por brindarle un nivel de experiencia y servicios dignos de los lugares m\u00e1s exclusivos en los que est\u00e1 presente. Con serenidad y confidencialidad, podemos acompa\u00f1arle en todos sus proyectos inmobiliarios.<\/p>\n\n\n\n<div style=\"height:46px\" aria-hidden=\"true\" class=\"wp-block-spacer\"><\/div>\n\n\n\n<div class=\"wp-block-columns is-layout-flex wp-container-core-columns-is-layout-9d6595d7 wp-block-columns-is-layout-flex\">\n<div class=\"wp-block-column is-layout-flow wp-block-column-is-layout-flow\">\n<h2 class=\"wp-block-heading has-text-align-center\">BARNES Miami<\/h2>\n\n\n\n<p class=\"has-text-align-center\">1150 SW 22nd St, Miami FL 33129 EE. UU.<\/p>\n<\/div>\n\n\n\n<div class=\"wp-block-column is-vertically-aligned-center is-layout-flow wp-block-column-is-layout-flow\">\n<h2 class=\"wp-block-heading has-text-align-center\">BARNES Aventura<\/h2>\n\n\n\n<p class=\"has-text-align-center\">3565 Mystic Pointe Dr, Aventura, FL 33180 EE. UU.<\/p>\n<\/div>\n<\/div>\n\n\n\n<div style=\"height:36px\" aria-hidden=\"true\" class=\"wp-block-spacer\"><\/div>\n\n\n\n<div class=\"wp-block-barnes-blocks-contact\"><div class=\"contact_wrapper\"><h3>Cont\u00e1ctenos<\/h3><form action=\"\"><div class=\"form-group\"><input type=\"text\" value=\"\" name=\"name\" pattern=\".{4,}\"\/><label>Apellido *<\/label><\/div><div class=\"form-group\"><input type=\"text\" value=\"\" name=\"email\" pattern=\".{4,}\"\/><label>Correo electr\u00f3nico *<\/label><\/div><div class=\"form-group\"><div class=\"phone-wrapper\"><div class=\"phone-ext\"><select class=\"phonePrefix\"><option>Estados Unidos: +1<\/option><option>Francia: +33<\/option><option>Afganist\u00e1n: +93<\/option><option>Albania: +355<\/option><option>Argelia: +213<\/option><option>Andorra: +376<\/option><option>Angola: +244<\/option><option>Antigua y Barbuda: +1-268<\/option><option>Argentina: +54<\/option><option>Armenia: +374<\/option><option>Australia: +61<\/option><option>Austria: +43<\/option><option>Azerbaiy\u00e1n: +994<\/option><option>Bahamas: +1-242<\/option><option>Bahr\u00e9in: +973<\/option><option>Bangladesh: +880<\/option><option>Barbados: +1-246<\/option><option>Bielorrusia: +375<\/option><option>B\u00e9lgica: +32<\/option><option>Belice: +501<\/option><option>Ben\u00edn: +229<\/option><option>But\u00e1n: +975<\/option><option>Bolivia: +591<\/option><option>Bosnia y Herzegovina: +387<\/option><option>Botsuana: +267<\/option><option>Brasil: +55<\/option><option>Brun\u00e9i: +673<\/option><option>Bulgaria: +359<\/option><option>Burkina Faso: +226<\/option><option>Burundi: +257<\/option><option>Camboya: +855<\/option><option>Camer\u00fan: +237<\/option><option>Canad\u00e1: +1<\/option><option>Cabo Verde: +238<\/option><option>Rep\u00fablica Centroafricana: +236<\/option><option>Chad: +235<\/option><option>Chile: +56<\/option><option>China: +86<\/option><option>Colombia: +57<\/option><option>Comoras: +269<\/option><option>Congo RDC: +243<\/option><option>Rep\u00fablica del Congo: +242<\/option><option>Costa Rica: +506<\/option><option>Croacia: +385<\/option><option>Cuba: +53<\/option><option>Chipre: +357<\/option><option>Rep\u00fablica Checa: +420<\/option><option>Dinamarca: +45<\/option><option>Yibuti: +253<\/option><option>Dominica: +1-767<\/option><option>Rep\u00fablica Dominicana: +1-809<\/option><option>Timor Oriental: +670<\/option><option>Ecuador: +593<\/option><option>Egipto: +20<\/option><option>Salvador: +503<\/option><option>Guinea Ecuatorial: +240<\/option><option>Eritrea: +291<\/option><option>Estonia: +372<\/option><option>Suazilandia: +268<\/option><option>Etiop\u00eda: +251<\/option><option>Fiyi: +679<\/option><option>Finlandia: +358<\/option><option>Francia: +33<\/option><option>Gab\u00f3n: +241<\/option><option>Gambia: +220<\/option><option>Georgia: +995<\/option><option>Alemania: +49<\/option><option>Ghana: +233<\/option><option>Grecia: +30<\/option><option>Granada: +1-473<\/option><option>Guatemala: +502<\/option><option>Guinea: +224<\/option><option>Guinea-Bis\u00e1u: +245<\/option><option>Guayana: +592<\/option><option>Hait\u00ed: +509<\/option><option>Honduras: +504<\/option><option>Hungr\u00eda: +36<\/option><option>Islandia: +354<\/option><option>India: +91<\/option><option>Indonesia: +62<\/option><option>Ir\u00e1n: +98<\/option><option>Irak: +964<\/option><option>Irlanda: +353<\/option><option>Israel: +972<\/option><option>Italia: +39<\/option><option>Costa de Marfil: +225<\/option><option>Jamaica: +1-876<\/option><option>Jap\u00f3n: +81<\/option><option>Jordania: +962<\/option><option>Kazajst\u00e1n: +7<\/option><option>Kenia: +254<\/option><option>Kiribati: +686<\/option><option>Kuwait: +965<\/option><option>Kirguist\u00e1n: +996<\/option><option>Laos: +856<\/option><option>Letonia: +371<\/option><option>L\u00edbano: +961<\/option><option>Lesoto: +266<\/option><option>Liberia: +231<\/option><option>Libia: +218<\/option><option>Liechtenstein: +423<\/option><option>Lituania: +370<\/option><option>Luxemburgo: +352<\/option><option>Madagascar: +261<\/option><option>Malaui: +265<\/option><option>Malasia: +60<\/option><option>Maldivas: +960<\/option><option>Mal\u00ed: +223<\/option><option>Malta: +356<\/option><option>Islas Marshall: +692<\/option><option>Mauritania: +222<\/option><option>Mauricio: +230<\/option><option>M\u00e9xico: +52<\/option><option>Micronesia: +691<\/option><option>Moldavia: +373<\/option><option>M\u00f3naco: +377<\/option><option>Mongolia: +976<\/option><option>Montenegro: +382<\/option><option>Marruecos: +212<\/option><option>Mozambique: +258<\/option><option>Birmania: +95<\/option><option>Namibia: +264<\/option><option>Nauru: +674<\/option><option>Nepal: +977<\/option><option>Pa\u00edses Bajos: +31<\/option><option>Nueva Zelanda: +64<\/option><option>Nicaragua: +505<\/option><option>N\u00edger: +227<\/option><option>Nigeria: +234<\/option><option>Corea del Norte: +850<\/option><option>Macedonia del Norte: +389<\/option><option>Noruega: +47<\/option><option>Om\u00e1n: +968<\/option><option>Pakist\u00e1n: +92<\/option><option>Palaos: +680<\/option><option>Panam\u00e1: +507<\/option><option>Pap\u00faa Nueva Guinea: +675<\/option><option>Paraguay: +595<\/option><option>Per\u00fa: +51<\/option><option>Filipinas: +63<\/option><option>Polonia: +48<\/option><option>Portugal: +351<\/option><option>Catar: +974<\/option><option>Rumania: +40<\/option><option>Rusia: +7<\/option><option>Ruanda: +250<\/option><option>San Crist\u00f3bal y Nieves: +1-869<\/option><option>Santa Luc\u00eda: +1-758<\/option><option>San Vicente y las Granadinas: +1-784<\/option><option>Samoa: +685<\/option><option>San Marino: +378<\/option><option>Santo Tom\u00e9 y Pr\u00edncipe: +239<\/option><option>Arabia Saudita: +966<\/option><option>Senegal: +221<\/option><option>Serbia: +381<\/option><option>Seychelles: +248<\/option><option>Sierra Leona: +232<\/option><option>Singapur: +65<\/option><option>Eslovaquia: +421<\/option><option>Eslovenia: +386<\/option><option>Islas Salom\u00f3n: +677<\/option><option>Somalia: +252<\/option><option>Sud\u00e1frica: +27<\/option><option>Corea del Sur: +82<\/option><option>Sud\u00e1n del Sur: +211<\/option><option>Espa\u00f1a: +34<\/option><option>Sri Lanka: +94<\/option><option>Sud\u00e1n: +249<\/option><option>Surinam: +597<\/option><option>Suecia: +46<\/option><option>Suiza: +41<\/option><option>Siria: +963<\/option><option>Taiw\u00e1n: +886<\/option><option>Tayikist\u00e1n: +992<\/option><option>Tanzan\u00eda: +255<\/option><option>Tailandia: +66<\/option><option>Togo: +228<\/option><option>Tonga: +676<\/option><option>Trinidad y Tobago: +1-868<\/option><option>T\u00fanez: +216<\/option><option>Turqu\u00eda: +90<\/option><option>Turkmenist\u00e1n: +993<\/option><option>Tuvalu: +688<\/option><option>Uganda: +256<\/option><option>Ucrania: +380<\/option><option>Emiratos \u00c1rabes Unidos: +971<\/option><option>Reino Unido: +44<\/option><option>Estados Unidos: +1<\/option><option>Uruguay: +598<\/option><option>Uzbekist\u00e1n: +998<\/option><option>Vanuatu: +678<\/option><option>Ciudad del Vaticano: +379<\/option><option>Venezuela: +58<\/option><option>Vietnam: +84<\/option><option>Yemen: +967<\/option><option>Zambia: +260<\/option><option>Zimbabue: +263<\/option><\/select><\/div><div class=\"phone-phone\"><input type=\"text\" value=\"\" name=\"phone\" pattern=\".{8,}\"\/><label>Tel\u00e9fono *<\/label><\/div><\/div><\/div><div class=\"form-group\"><textarea name=\"message\"><\/textarea><label>Mensaje<\/label><\/div><div><input type=\"hidden\" name=\"referral\" class=\"referral\" value=\"contact\"\/><button class=\"contact_btn\">enviar a<\/button><\/div><input type=\"hidden\" name=\"trp-form-language\" value=\"es\"\/><\/form><\/div><\/div>\n\n\n\n<div style=\"height:46px\" aria-hidden=\"true\" class=\"wp-block-spacer\"><\/div>\n\n\n\n<p class=\"has-text-align-center\">Venta, compra, inversi\u00f3n, alquiler o reubicaci\u00f3n: nuestra <a href=\"https:\/\/www.barnes-miami.com\/es\/\">agencia inmobiliaria<\/a> te acompa\u00f1a en el camino de una vida, en todos tus grandes proyectos. Ya sea entrando en nuestra agencia boutique en la Golden Square Mile, escribi\u00e9ndonos o llam\u00e1ndonos, reg\u00e1late una experiencia inmobiliaria de lujo a tu medida. \u00c1brete a un mundo de posibilidades.<\/p>\n\n\n\n<p><\/p>\n\n\n\n<div class=\"wp-block-barnes-blocks-newsletter-en\"><div class=\"newsletter_wrapper\"><h3>Suscr\u00edbete al bolet\u00edn mensual<\/h3><form action=\"\"><div class=\"form-group\"><input type=\"text\" value=\"\" name=\"email\" pattern=\".{4,}\"\/><label>Correo electr\u00f3nico *<\/label><\/div><div><button class=\"newsletter_btn\">enviar a<\/button><\/div><input type=\"hidden\" name=\"trp-form-language\" value=\"es\"\/><\/form><\/div><\/div>\n\n\n\n<p><\/p>","protected":false},"excerpt":{"rendered":"<p>LES PLUS BELLES PROPRI\u00c9T\u00c9S DE MIAMI BARNES Miami est \u00e0 votre disposition et vous propose ses services li\u00e9s \u00e0 l&rsquo;immobilier de luxe. Avec une client\u00e8le internationale et une r\u00e9putation mondiale, Barnes International Miami s&rsquo;efforce de vous apporter un niveau d&rsquo;expertise et de services digne des lieux les plus exclusifs dans lesquels il est pr\u00e9sent. Avec [&hellip;]<\/p>\n","protected":false},"author":2,"featured_media":30353,"parent":0,"menu_order":0,"comment_status":"closed","ping_status":"closed","template":"","meta":{"inline_featured_image":false,"footnotes":""},"class_list":["post-14","page","type-page","status-publish","has-post-thumbnail","hentry"],"yoast_head":"<!-- This site is optimized with the Yoast SEO plugin v27.4 - https:\/\/yoast.com\/product\/yoast-seo-wordpress\/ -->\n<title>Contact | Immobilier de prestige | BARNES Miami<\/title>\n<meta name=\"description\" content=\"BARNES Miami vous propose ses services li\u00e9s \u00e0 l&#039;immobilier de luxe. Notre agence est votre point de contact de confiance en Floride.\" \/>\n<meta name=\"robots\" content=\"index, follow, max-snippet:-1, max-image-preview:large, max-video-preview:-1\" \/>\n<link rel=\"canonical\" href=\"https:\/\/www.barnes-miami.com\/es\/contactar\/\" \/>\n<meta property=\"og:locale\" content=\"es_ES\" \/>\n<meta property=\"og:type\" content=\"article\" \/>\n<meta property=\"og:title\" content=\"Contact | Immobilier de prestige | BARNES Miami\" \/>\n<meta property=\"og:description\" content=\"BARNES Miami vous propose ses services li\u00e9s \u00e0 l&#039;immobilier de luxe. Notre agence est votre point de contact de confiance en Floride.\" \/>\n<meta property=\"og:url\" content=\"https:\/\/www.barnes-miami.com\/es\/contactar\/\" \/>\n<meta property=\"og:site_name\" content=\"BARNES Miami\" \/>\n<meta property=\"article:publisher\" content=\"https:\/\/www.facebook.com\/barnesinternationalmiami\/\" \/>\n<meta property=\"article:modified_time\" content=\"2025-12-18T19:19:31+00:00\" \/>\n<meta property=\"og:image\" content=\"https:\/\/www.barnes-miami.com\/wp-content\/uploads\/2025\/10\/BINYAN_RTG2446_BrickellAve_S033_EXT_Hummingbird3_FINAL_5k_Disclaimer.jpeg\" \/>\n\t<meta property=\"og:image:width\" content=\"1920\" \/>\n\t<meta property=\"og:image:height\" content=\"1169\" \/>\n\t<meta property=\"og:image:type\" content=\"image\/jpeg\" \/>\n<meta name=\"twitter:card\" content=\"summary_large_image\" \/>\n<meta name=\"twitter:site\" content=\"@barnesmiami\" \/>\n<meta name=\"twitter:label1\" content=\"Tiempo de lectura\" \/>\n\t<meta name=\"twitter:data1\" content=\"1 minuto\" \/>\n<script type=\"application\/ld+json\" class=\"yoast-schema-graph\">{\"@context\":\"https:\\\/\\\/schema.org\",\"@graph\":[{\"@type\":\"WebPage\",\"@id\":\"https:\\\/\\\/www.barnes-miami.com\\\/contact\\\/\",\"url\":\"https:\\\/\\\/www.barnes-miami.com\\\/contact\\\/\",\"name\":\"Contact | Immobilier de prestige | BARNES Miami\",\"isPartOf\":{\"@id\":\"https:\\\/\\\/www.barnes-miami.com\\\/#website\"},\"primaryImageOfPage\":{\"@id\":\"https:\\\/\\\/www.barnes-miami.com\\\/contact\\\/#primaryimage\"},\"image\":{\"@id\":\"https:\\\/\\\/www.barnes-miami.com\\\/contact\\\/#primaryimage\"},\"thumbnailUrl\":\"https:\\\/\\\/www.barnes-miami.com\\\/wp-content\\\/uploads\\\/2025\\\/10\\\/BINYAN_RTG2446_BrickellAve_S033_EXT_Hummingbird3_FINAL_5k_Disclaimer.jpeg\",\"datePublished\":\"2018-01-18T15:32:51+00:00\",\"dateModified\":\"2025-12-18T19:19:31+00:00\",\"description\":\"BARNES Miami vous propose ses services li\u00e9s \u00e0 l'immobilier de luxe. Notre agence est votre point de contact de confiance en Floride.\",\"breadcrumb\":{\"@id\":\"https:\\\/\\\/www.barnes-miami.com\\\/contact\\\/#breadcrumb\"},\"inLanguage\":\"es\",\"potentialAction\":[{\"@type\":\"ReadAction\",\"target\":[\"https:\\\/\\\/www.barnes-miami.com\\\/contact\\\/\"]}]},{\"@type\":\"ImageObject\",\"inLanguage\":\"es\",\"@id\":\"https:\\\/\\\/www.barnes-miami.com\\\/contact\\\/#primaryimage\",\"url\":\"https:\\\/\\\/www.barnes-miami.com\\\/wp-content\\\/uploads\\\/2025\\\/10\\\/BINYAN_RTG2446_BrickellAve_S033_EXT_Hummingbird3_FINAL_5k_Disclaimer.jpeg\",\"contentUrl\":\"https:\\\/\\\/www.barnes-miami.com\\\/wp-content\\\/uploads\\\/2025\\\/10\\\/BINYAN_RTG2446_BrickellAve_S033_EXT_Hummingbird3_FINAL_5k_Disclaimer.jpeg\",\"width\":1920,\"height\":1169},{\"@type\":\"BreadcrumbList\",\"@id\":\"https:\\\/\\\/www.barnes-miami.com\\\/contact\\\/#breadcrumb\",\"itemListElement\":[{\"@type\":\"ListItem\",\"position\":1,\"name\":\"Accueil\",\"item\":\"https:\\\/\\\/www.barnes-miami.com\\\/\"},{\"@type\":\"ListItem\",\"position\":2,\"name\":\"Contactez votre agence BARNES\"}]},{\"@type\":\"WebSite\",\"@id\":\"https:\\\/\\\/www.barnes-miami.com\\\/#website\",\"url\":\"https:\\\/\\\/www.barnes-miami.com\\\/\",\"name\":\"BARNES Miami\",\"description\":\"#1 International Real Estate Brokerage in South Florida\",\"publisher\":{\"@id\":\"https:\\\/\\\/www.barnes-miami.com\\\/#organization\"},\"potentialAction\":[{\"@type\":\"SearchAction\",\"target\":{\"@type\":\"EntryPoint\",\"urlTemplate\":\"https:\\\/\\\/www.barnes-miami.com\\\/?s={search_term_string}\"},\"query-input\":{\"@type\":\"PropertyValueSpecification\",\"valueRequired\":true,\"valueName\":\"search_term_string\"}}],\"inLanguage\":\"es\"},{\"@type\":\"Organization\",\"@id\":\"https:\\\/\\\/www.barnes-miami.com\\\/#organization\",\"name\":\"BARNES Miami\",\"url\":\"https:\\\/\\\/www.barnes-miami.com\\\/\",\"logo\":{\"@type\":\"ImageObject\",\"inLanguage\":\"es\",\"@id\":\"https:\\\/\\\/www.barnes-miami.com\\\/#\\\/schema\\\/logo\\\/image\\\/\",\"url\":\"https:\\\/\\\/www.barnes-miami.com\\\/wp-content\\\/uploads\\\/2026\\\/01\\\/logo-2.png\",\"contentUrl\":\"https:\\\/\\\/www.barnes-miami.com\\\/wp-content\\\/uploads\\\/2026\\\/01\\\/logo-2.png\",\"width\":1100,\"height\":1100,\"caption\":\"BARNES Miami\"},\"image\":{\"@id\":\"https:\\\/\\\/www.barnes-miami.com\\\/#\\\/schema\\\/logo\\\/image\\\/\"},\"sameAs\":[\"https:\\\/\\\/www.facebook.com\\\/barnesinternationalmiami\\\/\",\"https:\\\/\\\/x.com\\\/barnesmiami\",\"https:\\\/\\\/www.instagram.com\\\/barnesmiami\\\/\",\"https:\\\/\\\/www.linkedin.com\\\/company\\\/barnes-international-miami\\\/\",\"https:\\\/\\\/www.youtube.com\\\/user\\\/BarnesImmoMiami\\\/\"]}]}<\/script>\n<!-- \/ Yoast SEO plugin. -->","yoast_head_json":{"title":"Contacto | Bienes inmuebles de lujo | BARNES Miami","description":"BARNES Miami le ofrece sus servicios relacionados con el sector inmobiliario de lujo. Nuestra agencia es su punto de contacto de confianza en Florida.","robots":{"index":"index","follow":"follow","max-snippet":"max-snippet:-1","max-image-preview":"max-image-preview:large","max-video-preview":"max-video-preview:-1"},"canonical":"https:\/\/www.barnes-miami.com\/es\/contactar\/","og_locale":"es_ES","og_type":"article","og_title":"Contact | Immobilier de prestige | BARNES Miami","og_description":"BARNES Miami vous propose ses services li\u00e9s \u00e0 l'immobilier de luxe. Notre agence est votre point de contact de confiance en Floride.","og_url":"https:\/\/www.barnes-miami.com\/es\/contactar\/","og_site_name":"BARNES Miami","article_publisher":"https:\/\/www.facebook.com\/barnesinternationalmiami\/","article_modified_time":"2025-12-18T19:19:31+00:00","og_image":[{"width":1920,"height":1169,"url":"https:\/\/www.barnes-miami.com\/wp-content\/uploads\/2025\/10\/BINYAN_RTG2446_BrickellAve_S033_EXT_Hummingbird3_FINAL_5k_Disclaimer.jpeg","type":"image\/jpeg"}],"twitter_card":"summary_large_image","twitter_site":"@barnesmiami","twitter_misc":{"Tiempo de lectura":"1 minuto"},"schema":{"@context":"https:\/\/schema.org","@graph":[{"@type":"WebPage","@id":"https:\/\/www.barnes-miami.com\/contact\/","url":"https:\/\/www.barnes-miami.com\/contact\/","name":"Contacto | Bienes inmuebles de lujo | BARNES Miami","isPartOf":{"@id":"https:\/\/www.barnes-miami.com\/#website"},"primaryImageOfPage":{"@id":"https:\/\/www.barnes-miami.com\/contact\/#primaryimage"},"image":{"@id":"https:\/\/www.barnes-miami.com\/contact\/#primaryimage"},"thumbnailUrl":"https:\/\/www.barnes-miami.com\/wp-content\/uploads\/2025\/10\/BINYAN_RTG2446_BrickellAve_S033_EXT_Hummingbird3_FINAL_5k_Disclaimer.jpeg","datePublished":"2018-01-18T15:32:51+00:00","dateModified":"2025-12-18T19:19:31+00:00","description":"BARNES Miami le ofrece sus servicios relacionados con el sector inmobiliario de lujo. Nuestra agencia es su punto de contacto de confianza en Florida.","breadcrumb":{"@id":"https:\/\/www.barnes-miami.com\/contact\/#breadcrumb"},"inLanguage":"es","potentialAction":[{"@type":"ReadAction","target":["https:\/\/www.barnes-miami.com\/contact\/"]}]},{"@type":"ImageObject","inLanguage":"es","@id":"https:\/\/www.barnes-miami.com\/contact\/#primaryimage","url":"https:\/\/www.barnes-miami.com\/wp-content\/uploads\/2025\/10\/BINYAN_RTG2446_BrickellAve_S033_EXT_Hummingbird3_FINAL_5k_Disclaimer.jpeg","contentUrl":"https:\/\/www.barnes-miami.com\/wp-content\/uploads\/2025\/10\/BINYAN_RTG2446_BrickellAve_S033_EXT_Hummingbird3_FINAL_5k_Disclaimer.jpeg","width":1920,"height":1169},{"@type":"BreadcrumbList","@id":"https:\/\/www.barnes-miami.com\/contact\/#breadcrumb","itemListElement":[{"@type":"ListItem","position":1,"name":"Accueil","item":"https:\/\/www.barnes-miami.com\/"},{"@type":"ListItem","position":2,"name":"Contactez votre agence BARNES"}]},{"@type":"WebSite","@id":"https:\/\/www.barnes-miami.com\/#website","url":"https:\/\/www.barnes-miami.com\/","name":"BARNES Miami","description":"#1 Corretaje internacional de bienes ra\u00edces en el sur de Florida","publisher":{"@id":"https:\/\/www.barnes-miami.com\/#organization"},"potentialAction":[{"@type":"SearchAction","target":{"@type":"EntryPoint","urlTemplate":"https:\/\/www.barnes-miami.com\/?s={search_term_string}"},"query-input":{"@type":"PropertyValueSpecification","valueRequired":true,"valueName":"search_term_string"}}],"inLanguage":"es"},{"@type":"Organization","@id":"https:\/\/www.barnes-miami.com\/#organization","name":"BARNES Miami","url":"https:\/\/www.barnes-miami.com\/","logo":{"@type":"ImageObject","inLanguage":"es","@id":"https:\/\/www.barnes-miami.com\/#\/schema\/logo\/image\/","url":"https:\/\/www.barnes-miami.com\/wp-content\/uploads\/2026\/01\/logo-2.png","contentUrl":"https:\/\/www.barnes-miami.com\/wp-content\/uploads\/2026\/01\/logo-2.png","width":1100,"height":1100,"caption":"BARNES Miami"},"image":{"@id":"https:\/\/www.barnes-miami.com\/#\/schema\/logo\/image\/"},"sameAs":["https:\/\/www.facebook.com\/barnesinternationalmiami\/","https:\/\/x.com\/barnesmiami","https:\/\/www.instagram.com\/barnesmiami\/","https:\/\/www.linkedin.com\/company\/barnes-international-miami\/","https:\/\/www.youtube.com\/user\/BarnesImmoMiami\/"]}]}},"_links":{"self":[{"href":"https:\/\/www.barnes-miami.com\/es\/wp-json\/wp\/v2\/pages\/14","targetHints":{"allow":["GET"]}}],"collection":[{"href":"https:\/\/www.barnes-miami.com\/es\/wp-json\/wp\/v2\/pages"}],"about":[{"href":"https:\/\/www.barnes-miami.com\/es\/wp-json\/wp\/v2\/types\/page"}],"author":[{"embeddable":true,"href":"https:\/\/www.barnes-miami.com\/es\/wp-json\/wp\/v2\/users\/2"}],"replies":[{"embeddable":true,"href":"https:\/\/www.barnes-miami.com\/es\/wp-json\/wp\/v2\/comments?post=14"}],"version-history":[{"count":47,"href":"https:\/\/www.barnes-miami.com\/es\/wp-json\/wp\/v2\/pages\/14\/revisions"}],"predecessor-version":[{"id":30988,"href":"https:\/\/www.barnes-miami.com\/es\/wp-json\/wp\/v2\/pages\/14\/revisions\/30988"}],"wp:featuredmedia":[{"embeddable":true,"href":"https:\/\/www.barnes-miami.com\/es\/wp-json\/wp\/v2\/media\/30353"}],"wp:attachment":[{"href":"https:\/\/www.barnes-miami.com\/es\/wp-json\/wp\/v2\/media?parent=14"}],"curies":[{"name":"gracias","href":"https:\/\/api.w.org\/{rel}","templated":true}]}}