{"id":17110,"date":"2018-06-07T16:54:14","date_gmt":"2018-06-07T16:54:14","guid":{"rendered":"https:\/\/www.barnes-miami.com\/?page_id=17110"},"modified":"2018-06-07T16:54:14","modified_gmt":"2018-06-07T16:54:14","slug":"redes-2","status":"publish","type":"page","link":"https:\/\/www.barnes-miami.com\/es\/networking-2\/","title":{"rendered":"Enlace"},"content":{"rendered":"<h1 style=\"text-align: justify;\"><b>Nuestra red de agentes inmobiliarios en Miami y en todo el mundo\u00a0<\/b><\/h1>\n<p style=\"text-align: justify;\"><span style=\"font-weight: 400;\">Con el fin de atender los requerimientos de nuestros clientes y apoyarlo en su proyecto de compra o venta en el exterior, nuestros equipos de oficina est\u00e1n conformados por<a href=\"https:\/\/www.barnes-miami.com\/es\/notre-equipe\/\">agentes inmobiliarios especializados<\/a> en propiedades de lujo y excepcionales. Si desea invertir o vivir en Florida, nuestra agencia inmobiliaria ubicada en Miami puede ayudarlo en su b\u00fasqueda de un apartamento o una casa. Dependiendo de tus necesidades, podemos ponerte en contacto con un experto que podr\u00e1 asesorarte y encontrar la <a href=\"https:\/\/www.barnes-miami.com\/es\/nos-biens\/\">bien de tus sue\u00f1os<\/a>. Asimismo, si su proyecto se refiere a otra ciudad, como Par\u00eds, Nueva York, Ginebra o Saint-Barth, podemos derivarlo a uno de nuestros especialistas para estos destinos. <\/span><\/p>\n<h2 style=\"text-align: justify;\"><b>Nuestra fuerza: una presencia internacional en muchas ciudades<\/b><\/h2>\n<p style=\"text-align: justify;\"><span style=\"font-weight: 400;\">Nuestra agencia inmobiliaria tiene su sede en Miami, en la costa sureste de los Estados Unidos, desde hace m\u00e1s de quince a\u00f1os. Entonces conocemos muy bien el mercado, los barrios y las comunidades de la ciudad. Pero no es nuestra \u00fanica antena. A lo largo de los a\u00f1os, nuestra red ha crecido y hoy contamos con varias oficinas en <a href=\"https:\/\/www.barnes-international.com\">Francia<\/a> (Par\u00eds, Deauville, Biarritz, Cannes o incluso Courchevel) e internacional (Ginebra, Londres, Nueva York). Tambi\u00e9n disponemos de corresponsales y agentes inmobiliarios en Rusia o Asia. Por eso, sea cual sea tu proyecto, podemos ofrecerte una soluci\u00f3n personalizada.<\/span><\/p>\n<h2 style=\"text-align: justify;\"><b>Expertos a su servicio para su inversi\u00f3n\u00a0<\/b><\/h2>\n<p style=\"text-align: justify;\"><span style=\"font-weight: 400;\">Como especialistas en bienes ra\u00edces de lujo en Miami, nuestros agentes son competentes para encargarse de la venta, la administraci\u00f3n, el alquiler de una propiedad y tambi\u00e9n, su b\u00fasqueda de una casa, un apartamento o villa como parte de una compra. Puede comunicarse con nosotros antes de llegar a Florida o despu\u00e9s. Adem\u00e1s, si desea ponerse en contacto con nuestras otras agencias inmobiliarias internacionales o con nuestros corresponsales, solo tiene que ponerse en contacto con nosotros. Despu\u00e9s de analizar su archivo, lo dirigiremos a la persona adecuada. As\u00ed, podr\u00e1 ser asesorado por un verdadero experto que conoce perfectamente su sector de actividad y que seleccionar\u00e1 para usted propiedades de prestigio en Estados Unidos o en otros pa\u00edses del mundo.<br \/>\n<\/span><\/p>\n<p><a href=\"https:\/\/www.barnes-miami.com\/es\/contactar\/\">Cont\u00e1ctenos<\/a> !<\/p>","protected":false},"excerpt":{"rendered":"<p>Notre r\u00e9seau d\u2019agents immobiliers \u00e0 Miami et partout dans le monde\u00a0 Afin de r\u00e9pondre aux exigences de nos clients et vous accompagner dans votre projet d\u2019achat ou de vente \u00e0 l\u2019\u00e9tranger, les \u00e9quipes de nos bureaux sont compos\u00e9s d\u2019agents immobiliers sp\u00e9cialis\u00e9s dans les propri\u00e9t\u00e9s de luxe et d\u2019exception. Si vous souhaitez investir ou vivre en [&hellip;]<\/p>\n","protected":false},"author":2,"featured_media":17111,"parent":0,"menu_order":0,"comment_status":"closed","ping_status":"closed","template":"","meta":{"inline_featured_image":false,"footnotes":""},"class_list":["post-17110","page","type-page","status-publish","has-post-thumbnail","hentry"],"yoast_head":"<!-- This site is optimized with the Yoast SEO plugin v27.4 - https:\/\/yoast.com\/product\/yoast-seo-wordpress\/ -->\n<title>International | Immobilier de prestige | BARNES MIAMI<\/title>\n<meta name=\"description\" content=\"Notre r\u00e9seau d\u2019agents immobiliers \u00e0 Miami et partout dans le monde. Contactez-nous !\" \/>\n<meta name=\"robots\" content=\"index, follow, max-snippet:-1, max-image-preview:large, max-video-preview:-1\" \/>\n<link rel=\"canonical\" href=\"https:\/\/www.barnes-miami.com\/es\/redes-2\/\" \/>\n<meta property=\"og:locale\" content=\"es_ES\" \/>\n<meta property=\"og:type\" content=\"article\" \/>\n<meta property=\"og:title\" content=\"International | Immobilier de prestige | BARNES MIAMI\" \/>\n<meta property=\"og:description\" content=\"Notre r\u00e9seau d\u2019agents immobiliers \u00e0 Miami et partout dans le monde. Contactez-nous !\" \/>\n<meta property=\"og:url\" content=\"https:\/\/www.barnes-miami.com\/es\/redes-2\/\" \/>\n<meta property=\"og:site_name\" content=\"BARNES Miami\" \/>\n<meta property=\"article:publisher\" content=\"https:\/\/www.facebook.com\/barnesinternationalmiami\/\" \/>\n<meta property=\"og:image\" content=\"https:\/\/www.barnes-miami.com\/wp-content\/uploads\/2018\/06\/networking.jpg\" \/>\n\t<meta property=\"og:image:width\" content=\"1235\" \/>\n\t<meta property=\"og:image:height\" content=\"403\" \/>\n\t<meta property=\"og:image:type\" content=\"image\/jpeg\" \/>\n<meta name=\"twitter:card\" content=\"summary_large_image\" \/>\n<meta name=\"twitter:site\" content=\"@barnesmiami\" \/>\n<meta name=\"twitter:label1\" content=\"Tiempo de lectura\" \/>\n\t<meta name=\"twitter:data1\" content=\"2 minutos\" \/>\n<script type=\"application\/ld+json\" class=\"yoast-schema-graph\">{\"@context\":\"https:\\\/\\\/schema.org\",\"@graph\":[{\"@type\":\"WebPage\",\"@id\":\"https:\\\/\\\/www.barnes-miami.com\\\/networking-2\\\/\",\"url\":\"https:\\\/\\\/www.barnes-miami.com\\\/networking-2\\\/\",\"name\":\"International | Immobilier de prestige | BARNES MIAMI\",\"isPartOf\":{\"@id\":\"https:\\\/\\\/www.barnes-miami.com\\\/#website\"},\"primaryImageOfPage\":{\"@id\":\"https:\\\/\\\/www.barnes-miami.com\\\/networking-2\\\/#primaryimage\"},\"image\":{\"@id\":\"https:\\\/\\\/www.barnes-miami.com\\\/networking-2\\\/#primaryimage\"},\"thumbnailUrl\":\"https:\\\/\\\/www.barnes-miami.com\\\/wp-content\\\/uploads\\\/2018\\\/06\\\/networking.jpg\",\"datePublished\":\"2018-06-07T16:54:14+00:00\",\"description\":\"Notre r\u00e9seau d\u2019agents immobiliers \u00e0 Miami et partout dans le monde. Contactez-nous !\",\"breadcrumb\":{\"@id\":\"https:\\\/\\\/www.barnes-miami.com\\\/networking-2\\\/#breadcrumb\"},\"inLanguage\":\"es\",\"potentialAction\":[{\"@type\":\"ReadAction\",\"target\":[\"https:\\\/\\\/www.barnes-miami.com\\\/networking-2\\\/\"]}]},{\"@type\":\"ImageObject\",\"inLanguage\":\"es\",\"@id\":\"https:\\\/\\\/www.barnes-miami.com\\\/networking-2\\\/#primaryimage\",\"url\":\"https:\\\/\\\/www.barnes-miami.com\\\/wp-content\\\/uploads\\\/2018\\\/06\\\/networking.jpg\",\"contentUrl\":\"https:\\\/\\\/www.barnes-miami.com\\\/wp-content\\\/uploads\\\/2018\\\/06\\\/networking.jpg\",\"width\":1235,\"height\":403},{\"@type\":\"BreadcrumbList\",\"@id\":\"https:\\\/\\\/www.barnes-miami.com\\\/networking-2\\\/#breadcrumb\",\"itemListElement\":[{\"@type\":\"ListItem\",\"position\":1,\"name\":\"Accueil\",\"item\":\"https:\\\/\\\/www.barnes-miami.com\\\/\"},{\"@type\":\"ListItem\",\"position\":2,\"name\":\"Mise en relation\"}]},{\"@type\":\"WebSite\",\"@id\":\"https:\\\/\\\/www.barnes-miami.com\\\/#website\",\"url\":\"https:\\\/\\\/www.barnes-miami.com\\\/\",\"name\":\"BARNES Miami\",\"description\":\"#1 International Real Estate Brokerage in South Florida\",\"publisher\":{\"@id\":\"https:\\\/\\\/www.barnes-miami.com\\\/#organization\"},\"potentialAction\":[{\"@type\":\"SearchAction\",\"target\":{\"@type\":\"EntryPoint\",\"urlTemplate\":\"https:\\\/\\\/www.barnes-miami.com\\\/?s={search_term_string}\"},\"query-input\":{\"@type\":\"PropertyValueSpecification\",\"valueRequired\":true,\"valueName\":\"search_term_string\"}}],\"inLanguage\":\"es\"},{\"@type\":\"Organization\",\"@id\":\"https:\\\/\\\/www.barnes-miami.com\\\/#organization\",\"name\":\"BARNES Miami\",\"url\":\"https:\\\/\\\/www.barnes-miami.com\\\/\",\"logo\":{\"@type\":\"ImageObject\",\"inLanguage\":\"es\",\"@id\":\"https:\\\/\\\/www.barnes-miami.com\\\/#\\\/schema\\\/logo\\\/image\\\/\",\"url\":\"https:\\\/\\\/www.barnes-miami.com\\\/wp-content\\\/uploads\\\/2026\\\/01\\\/logo-2.png\",\"contentUrl\":\"https:\\\/\\\/www.barnes-miami.com\\\/wp-content\\\/uploads\\\/2026\\\/01\\\/logo-2.png\",\"width\":1100,\"height\":1100,\"caption\":\"BARNES Miami\"},\"image\":{\"@id\":\"https:\\\/\\\/www.barnes-miami.com\\\/#\\\/schema\\\/logo\\\/image\\\/\"},\"sameAs\":[\"https:\\\/\\\/www.facebook.com\\\/barnesinternationalmiami\\\/\",\"https:\\\/\\\/x.com\\\/barnesmiami\",\"https:\\\/\\\/www.instagram.com\\\/barnesmiami\\\/\",\"https:\\\/\\\/www.linkedin.com\\\/company\\\/barnes-international-miami\\\/\",\"https:\\\/\\\/www.youtube.com\\\/user\\\/BarnesImmoMiami\\\/\"]}]}<\/script>\n<!-- \/ Yoast SEO plugin. -->","yoast_head_json":{"title":"Internacional | Bienes inmuebles de lujo | BARNES MIAMI","description":"Nuestra red de agentes inmobiliarios en Miami y en todo el mundo. \u00a1Cont\u00e1ctenos!","robots":{"index":"index","follow":"follow","max-snippet":"max-snippet:-1","max-image-preview":"max-image-preview:large","max-video-preview":"max-video-preview:-1"},"canonical":"https:\/\/www.barnes-miami.com\/es\/redes-2\/","og_locale":"es_ES","og_type":"article","og_title":"International | Immobilier de prestige | BARNES MIAMI","og_description":"Notre r\u00e9seau d\u2019agents immobiliers \u00e0 Miami et partout dans le monde. Contactez-nous !","og_url":"https:\/\/www.barnes-miami.com\/es\/redes-2\/","og_site_name":"BARNES Miami","article_publisher":"https:\/\/www.facebook.com\/barnesinternationalmiami\/","og_image":[{"width":1235,"height":403,"url":"https:\/\/www.barnes-miami.com\/wp-content\/uploads\/2018\/06\/networking.jpg","type":"image\/jpeg"}],"twitter_card":"summary_large_image","twitter_site":"@barnesmiami","twitter_misc":{"Tiempo de lectura":"2 minutos"},"schema":{"@context":"https:\/\/schema.org","@graph":[{"@type":"WebPage","@id":"https:\/\/www.barnes-miami.com\/networking-2\/","url":"https:\/\/www.barnes-miami.com\/networking-2\/","name":"Internacional | Bienes inmuebles de lujo | BARNES MIAMI","isPartOf":{"@id":"https:\/\/www.barnes-miami.com\/#website"},"primaryImageOfPage":{"@id":"https:\/\/www.barnes-miami.com\/networking-2\/#primaryimage"},"image":{"@id":"https:\/\/www.barnes-miami.com\/networking-2\/#primaryimage"},"thumbnailUrl":"https:\/\/www.barnes-miami.com\/wp-content\/uploads\/2018\/06\/networking.jpg","datePublished":"2018-06-07T16:54:14+00:00","description":"Nuestra red de agentes inmobiliarios en Miami y en todo el mundo. \u00a1Cont\u00e1ctenos!","breadcrumb":{"@id":"https:\/\/www.barnes-miami.com\/networking-2\/#breadcrumb"},"inLanguage":"es","potentialAction":[{"@type":"ReadAction","target":["https:\/\/www.barnes-miami.com\/networking-2\/"]}]},{"@type":"ImageObject","inLanguage":"es","@id":"https:\/\/www.barnes-miami.com\/networking-2\/#primaryimage","url":"https:\/\/www.barnes-miami.com\/wp-content\/uploads\/2018\/06\/networking.jpg","contentUrl":"https:\/\/www.barnes-miami.com\/wp-content\/uploads\/2018\/06\/networking.jpg","width":1235,"height":403},{"@type":"BreadcrumbList","@id":"https:\/\/www.barnes-miami.com\/networking-2\/#breadcrumb","itemListElement":[{"@type":"ListItem","position":1,"name":"Accueil","item":"https:\/\/www.barnes-miami.com\/"},{"@type":"ListItem","position":2,"name":"Mise en relation"}]},{"@type":"WebSite","@id":"https:\/\/www.barnes-miami.com\/#website","url":"https:\/\/www.barnes-miami.com\/","name":"BARNES Miami","description":"#1 Corretaje internacional de bienes ra\u00edces en el sur de Florida","publisher":{"@id":"https:\/\/www.barnes-miami.com\/#organization"},"potentialAction":[{"@type":"SearchAction","target":{"@type":"EntryPoint","urlTemplate":"https:\/\/www.barnes-miami.com\/?s={search_term_string}"},"query-input":{"@type":"PropertyValueSpecification","valueRequired":true,"valueName":"search_term_string"}}],"inLanguage":"es"},{"@type":"Organization","@id":"https:\/\/www.barnes-miami.com\/#organization","name":"BARNES Miami","url":"https:\/\/www.barnes-miami.com\/","logo":{"@type":"ImageObject","inLanguage":"es","@id":"https:\/\/www.barnes-miami.com\/#\/schema\/logo\/image\/","url":"https:\/\/www.barnes-miami.com\/wp-content\/uploads\/2026\/01\/logo-2.png","contentUrl":"https:\/\/www.barnes-miami.com\/wp-content\/uploads\/2026\/01\/logo-2.png","width":1100,"height":1100,"caption":"BARNES Miami"},"image":{"@id":"https:\/\/www.barnes-miami.com\/#\/schema\/logo\/image\/"},"sameAs":["https:\/\/www.facebook.com\/barnesinternationalmiami\/","https:\/\/x.com\/barnesmiami","https:\/\/www.instagram.com\/barnesmiami\/","https:\/\/www.linkedin.com\/company\/barnes-international-miami\/","https:\/\/www.youtube.com\/user\/BarnesImmoMiami\/"]}]}},"_links":{"self":[{"href":"https:\/\/www.barnes-miami.com\/es\/wp-json\/wp\/v2\/pages\/17110","targetHints":{"allow":["GET"]}}],"collection":[{"href":"https:\/\/www.barnes-miami.com\/es\/wp-json\/wp\/v2\/pages"}],"about":[{"href":"https:\/\/www.barnes-miami.com\/es\/wp-json\/wp\/v2\/types\/page"}],"author":[{"embeddable":true,"href":"https:\/\/www.barnes-miami.com\/es\/wp-json\/wp\/v2\/users\/2"}],"replies":[{"embeddable":true,"href":"https:\/\/www.barnes-miami.com\/es\/wp-json\/wp\/v2\/comments?post=17110"}],"version-history":[{"count":0,"href":"https:\/\/www.barnes-miami.com\/es\/wp-json\/wp\/v2\/pages\/17110\/revisions"}],"wp:featuredmedia":[{"embeddable":true,"href":"https:\/\/www.barnes-miami.com\/es\/wp-json\/wp\/v2\/media\/17111"}],"wp:attachment":[{"href":"https:\/\/www.barnes-miami.com\/es\/wp-json\/wp\/v2\/media?parent=17110"}],"curies":[{"name":"gracias","href":"https:\/\/api.w.org\/{rel}","templated":true}]}}