{"id":20355,"date":"2018-11-26T20:08:11","date_gmt":"2018-11-26T20:08:11","guid":{"rendered":"https:\/\/www.barnes-miami.com\/?page_id=20355"},"modified":"2018-11-26T20:08:11","modified_gmt":"2018-11-26T20:08:11","slug":"mandatos-exclusivos-de-barnes-2","status":"publish","type":"page","link":"https:\/\/www.barnes-miami.com\/es\/mandats-exclusifs-barnes-2\/","title":{"rendered":"Mandatos exclusivos de BARNES"},"content":{"rendered":"<p>[flex_idx_filter type=\u00a0\u00bb2&Prime; sale_type=\u00a0\u00bbfor-sale\u00a0\u00bb ]<\/p>\n","protected":false},"excerpt":{"rendered":"<p>[flex_idx_filter type=\u00a0\u00bb2&Prime; sale_type=\u00a0\u00bbfor-sale\u00a0\u00bb ]<\/p>\n","protected":false},"author":2,"featured_media":13547,"parent":0,"menu_order":0,"comment_status":"closed","ping_status":"closed","template":"","meta":{"inline_featured_image":false,"footnotes":""},"class_list":["post-20355","page","type-page","status-publish","has-post-thumbnail","hentry"],"yoast_head":"<!-- This site is optimized with the Yoast SEO plugin v27.6 - https:\/\/yoast.com\/product\/yoast-seo-wordpress\/ -->\n<title>mandats exclusifs | Immobilier de prestige | BARNES MIAMI<\/title>\n<meta name=\"description\" content=\"D\u00e9couvrez les mandats exclusifs de Barnes Miami. Contactez nos experts pour en savoir plus !\" \/>\n<meta name=\"robots\" content=\"index, follow, max-snippet:-1, max-image-preview:large, max-video-preview:-1\" \/>\n<link rel=\"canonical\" href=\"https:\/\/www.barnes-miami.com\/es\/mandatos-exclusivos-de-barnes-2\/\" \/>\n<meta property=\"og:locale\" content=\"es_ES\" \/>\n<meta property=\"og:type\" content=\"article\" \/>\n<meta property=\"og:title\" content=\"mandats exclusifs | Immobilier de prestige | BARNES MIAMI\" \/>\n<meta property=\"og:description\" content=\"D\u00e9couvrez les mandats exclusifs de Barnes Miami. Contactez nos experts pour en savoir plus !\" \/>\n<meta property=\"og:url\" content=\"https:\/\/www.barnes-miami.com\/es\/mandatos-exclusivos-de-barnes-2\/\" \/>\n<meta property=\"og:site_name\" content=\"BARNES Miami\" \/>\n<meta property=\"article:publisher\" content=\"https:\/\/www.facebook.com\/barnesinternationalmiami\/\" \/>\n<meta property=\"og:image\" content=\"https:\/\/www.barnes-miami.com\/wp-content\/uploads\/2016\/03\/Capture-d\u2019e\u0301cran-2016-03-10-a\u0300-14.02.34.png\" \/>\n\t<meta property=\"og:image:width\" content=\"1920\" \/>\n\t<meta property=\"og:image:height\" content=\"1018\" \/>\n\t<meta property=\"og:image:type\" content=\"image\/png\" \/>\n<meta name=\"twitter:card\" content=\"summary_large_image\" \/>\n<meta name=\"twitter:site\" content=\"@barnesmiami\" \/>\n<script type=\"application\/ld+json\" class=\"yoast-schema-graph\">{\"@context\":\"https:\\\/\\\/schema.org\",\"@graph\":[{\"@type\":\"WebPage\",\"@id\":\"https:\\\/\\\/www.barnes-miami.com\\\/mandats-exclusifs-barnes-2\\\/\",\"url\":\"https:\\\/\\\/www.barnes-miami.com\\\/mandats-exclusifs-barnes-2\\\/\",\"name\":\"mandats exclusifs | Immobilier de prestige | BARNES MIAMI\",\"isPartOf\":{\"@id\":\"https:\\\/\\\/www.barnes-miami.com\\\/#website\"},\"primaryImageOfPage\":{\"@id\":\"https:\\\/\\\/www.barnes-miami.com\\\/mandats-exclusifs-barnes-2\\\/#primaryimage\"},\"image\":{\"@id\":\"https:\\\/\\\/www.barnes-miami.com\\\/mandats-exclusifs-barnes-2\\\/#primaryimage\"},\"thumbnailUrl\":\"https:\\\/\\\/www.barnes-miami.com\\\/wp-content\\\/uploads\\\/2016\\\/03\\\/Capture-d\u2019e\u0301cran-2016-03-10-a\u0300-14.02.34.png\",\"datePublished\":\"2018-11-26T20:08:11+00:00\",\"description\":\"D\u00e9couvrez les mandats exclusifs de Barnes Miami. Contactez nos experts pour en savoir plus !\",\"breadcrumb\":{\"@id\":\"https:\\\/\\\/www.barnes-miami.com\\\/mandats-exclusifs-barnes-2\\\/#breadcrumb\"},\"inLanguage\":\"es\",\"potentialAction\":[{\"@type\":\"ReadAction\",\"target\":[\"https:\\\/\\\/www.barnes-miami.com\\\/mandats-exclusifs-barnes-2\\\/\"]}]},{\"@type\":\"ImageObject\",\"inLanguage\":\"es\",\"@id\":\"https:\\\/\\\/www.barnes-miami.com\\\/mandats-exclusifs-barnes-2\\\/#primaryimage\",\"url\":\"https:\\\/\\\/www.barnes-miami.com\\\/wp-content\\\/uploads\\\/2016\\\/03\\\/Capture-d\u2019e\u0301cran-2016-03-10-a\u0300-14.02.34.png\",\"contentUrl\":\"https:\\\/\\\/www.barnes-miami.com\\\/wp-content\\\/uploads\\\/2016\\\/03\\\/Capture-d\u2019e\u0301cran-2016-03-10-a\u0300-14.02.34.png\",\"width\":1920,\"height\":1018,\"caption\":\"Miami un cadre privil\u00e9gi\u00e9 pour l'achat r\u00e9sidentiel\"},{\"@type\":\"BreadcrumbList\",\"@id\":\"https:\\\/\\\/www.barnes-miami.com\\\/mandats-exclusifs-barnes-2\\\/#breadcrumb\",\"itemListElement\":[{\"@type\":\"ListItem\",\"position\":1,\"name\":\"Accueil\",\"item\":\"https:\\\/\\\/www.barnes-miami.com\\\/\"},{\"@type\":\"ListItem\",\"position\":2,\"name\":\"Mandats exclusifs BARNES\"}]},{\"@type\":\"WebSite\",\"@id\":\"https:\\\/\\\/www.barnes-miami.com\\\/#website\",\"url\":\"https:\\\/\\\/www.barnes-miami.com\\\/\",\"name\":\"BARNES Miami\",\"description\":\"#1 International Real Estate Brokerage in South Florida\",\"publisher\":{\"@id\":\"https:\\\/\\\/www.barnes-miami.com\\\/#organization\"},\"potentialAction\":[{\"@type\":\"SearchAction\",\"target\":{\"@type\":\"EntryPoint\",\"urlTemplate\":\"https:\\\/\\\/www.barnes-miami.com\\\/?s={search_term_string}\"},\"query-input\":{\"@type\":\"PropertyValueSpecification\",\"valueRequired\":true,\"valueName\":\"search_term_string\"}}],\"inLanguage\":\"es\"},{\"@type\":\"Organization\",\"@id\":\"https:\\\/\\\/www.barnes-miami.com\\\/#organization\",\"name\":\"BARNES Miami\",\"url\":\"https:\\\/\\\/www.barnes-miami.com\\\/\",\"logo\":{\"@type\":\"ImageObject\",\"inLanguage\":\"es\",\"@id\":\"https:\\\/\\\/www.barnes-miami.com\\\/#\\\/schema\\\/logo\\\/image\\\/\",\"url\":\"https:\\\/\\\/www.barnes-miami.com\\\/wp-content\\\/uploads\\\/2026\\\/01\\\/logo-2.png\",\"contentUrl\":\"https:\\\/\\\/www.barnes-miami.com\\\/wp-content\\\/uploads\\\/2026\\\/01\\\/logo-2.png\",\"width\":1100,\"height\":1100,\"caption\":\"BARNES Miami\"},\"image\":{\"@id\":\"https:\\\/\\\/www.barnes-miami.com\\\/#\\\/schema\\\/logo\\\/image\\\/\"},\"sameAs\":[\"https:\\\/\\\/www.facebook.com\\\/barnesinternationalmiami\\\/\",\"https:\\\/\\\/x.com\\\/barnesmiami\",\"https:\\\/\\\/www.instagram.com\\\/barnesmiami\\\/\",\"https:\\\/\\\/www.linkedin.com\\\/company\\\/barnes-international-miami\\\/\",\"https:\\\/\\\/www.youtube.com\\\/user\\\/BarnesImmoMiami\\\/\"]}]}<\/script>\n<!-- \/ Yoast SEO plugin. -->","yoast_head_json":{"title":"mandatos exclusivos | Bienes inmuebles de lujo | BARNES MIAMI","description":"Descubra los mandatos exclusivos de Barnes Miami. \u00a1P\u00f3ngase en contacto con nuestros expertos para obtener m\u00e1s informaci\u00f3n!","robots":{"index":"index","follow":"follow","max-snippet":"max-snippet:-1","max-image-preview":"max-image-preview:large","max-video-preview":"max-video-preview:-1"},"canonical":"https:\/\/www.barnes-miami.com\/es\/mandatos-exclusivos-de-barnes-2\/","og_locale":"es_ES","og_type":"article","og_title":"mandats exclusifs | Immobilier de prestige | BARNES MIAMI","og_description":"D\u00e9couvrez les mandats exclusifs de Barnes Miami. Contactez nos experts pour en savoir plus !","og_url":"https:\/\/www.barnes-miami.com\/es\/mandatos-exclusivos-de-barnes-2\/","og_site_name":"BARNES Miami","article_publisher":"https:\/\/www.facebook.com\/barnesinternationalmiami\/","og_image":[{"width":1920,"height":1018,"url":"https:\/\/www.barnes-miami.com\/wp-content\/uploads\/2016\/03\/Capture-d\u2019e\u0301cran-2016-03-10-a\u0300-14.02.34.png","type":"image\/png"}],"twitter_card":"summary_large_image","twitter_site":"@barnesmiami","schema":{"@context":"https:\/\/schema.org","@graph":[{"@type":"WebPage","@id":"https:\/\/www.barnes-miami.com\/mandats-exclusifs-barnes-2\/","url":"https:\/\/www.barnes-miami.com\/mandats-exclusifs-barnes-2\/","name":"mandatos exclusivos | Bienes inmuebles de lujo | BARNES MIAMI","isPartOf":{"@id":"https:\/\/www.barnes-miami.com\/#website"},"primaryImageOfPage":{"@id":"https:\/\/www.barnes-miami.com\/mandats-exclusifs-barnes-2\/#primaryimage"},"image":{"@id":"https:\/\/www.barnes-miami.com\/mandats-exclusifs-barnes-2\/#primaryimage"},"thumbnailUrl":"https:\/\/www.barnes-miami.com\/wp-content\/uploads\/2016\/03\/Capture-d\u2019e\u0301cran-2016-03-10-a\u0300-14.02.34.png","datePublished":"2018-11-26T20:08:11+00:00","description":"Descubra los mandatos exclusivos de Barnes Miami. \u00a1P\u00f3ngase en contacto con nuestros expertos para obtener m\u00e1s informaci\u00f3n!","breadcrumb":{"@id":"https:\/\/www.barnes-miami.com\/mandats-exclusifs-barnes-2\/#breadcrumb"},"inLanguage":"es","potentialAction":[{"@type":"ReadAction","target":["https:\/\/www.barnes-miami.com\/mandats-exclusifs-barnes-2\/"]}]},{"@type":"ImageObject","inLanguage":"es","@id":"https:\/\/www.barnes-miami.com\/mandats-exclusifs-barnes-2\/#primaryimage","url":"https:\/\/www.barnes-miami.com\/wp-content\/uploads\/2016\/03\/Capture-d\u2019e\u0301cran-2016-03-10-a\u0300-14.02.34.png","contentUrl":"https:\/\/www.barnes-miami.com\/wp-content\/uploads\/2016\/03\/Capture-d\u2019e\u0301cran-2016-03-10-a\u0300-14.02.34.png","width":1920,"height":1018,"caption":"Miami un cadre privil\u00e9gi\u00e9 pour l'achat r\u00e9sidentiel"},{"@type":"BreadcrumbList","@id":"https:\/\/www.barnes-miami.com\/mandats-exclusifs-barnes-2\/#breadcrumb","itemListElement":[{"@type":"ListItem","position":1,"name":"Accueil","item":"https:\/\/www.barnes-miami.com\/"},{"@type":"ListItem","position":2,"name":"Mandats exclusifs BARNES"}]},{"@type":"WebSite","@id":"https:\/\/www.barnes-miami.com\/#website","url":"https:\/\/www.barnes-miami.com\/","name":"BARNES Miami","description":"#1 Corretaje internacional de bienes ra\u00edces en el sur de Florida","publisher":{"@id":"https:\/\/www.barnes-miami.com\/#organization"},"potentialAction":[{"@type":"SearchAction","target":{"@type":"EntryPoint","urlTemplate":"https:\/\/www.barnes-miami.com\/?s={search_term_string}"},"query-input":{"@type":"PropertyValueSpecification","valueRequired":true,"valueName":"search_term_string"}}],"inLanguage":"es"},{"@type":"Organization","@id":"https:\/\/www.barnes-miami.com\/#organization","name":"BARNES Miami","url":"https:\/\/www.barnes-miami.com\/","logo":{"@type":"ImageObject","inLanguage":"es","@id":"https:\/\/www.barnes-miami.com\/#\/schema\/logo\/image\/","url":"https:\/\/www.barnes-miami.com\/wp-content\/uploads\/2026\/01\/logo-2.png","contentUrl":"https:\/\/www.barnes-miami.com\/wp-content\/uploads\/2026\/01\/logo-2.png","width":1100,"height":1100,"caption":"BARNES Miami"},"image":{"@id":"https:\/\/www.barnes-miami.com\/#\/schema\/logo\/image\/"},"sameAs":["https:\/\/www.facebook.com\/barnesinternationalmiami\/","https:\/\/x.com\/barnesmiami","https:\/\/www.instagram.com\/barnesmiami\/","https:\/\/www.linkedin.com\/company\/barnes-international-miami\/","https:\/\/www.youtube.com\/user\/BarnesImmoMiami\/"]}]}},"_links":{"self":[{"href":"https:\/\/www.barnes-miami.com\/es\/wp-json\/wp\/v2\/pages\/20355","targetHints":{"allow":["GET"]}}],"collection":[{"href":"https:\/\/www.barnes-miami.com\/es\/wp-json\/wp\/v2\/pages"}],"about":[{"href":"https:\/\/www.barnes-miami.com\/es\/wp-json\/wp\/v2\/types\/page"}],"author":[{"embeddable":true,"href":"https:\/\/www.barnes-miami.com\/es\/wp-json\/wp\/v2\/users\/2"}],"replies":[{"embeddable":true,"href":"https:\/\/www.barnes-miami.com\/es\/wp-json\/wp\/v2\/comments?post=20355"}],"version-history":[{"count":0,"href":"https:\/\/www.barnes-miami.com\/es\/wp-json\/wp\/v2\/pages\/20355\/revisions"}],"wp:featuredmedia":[{"embeddable":true,"href":"https:\/\/www.barnes-miami.com\/es\/wp-json\/wp\/v2\/media\/13547"}],"wp:attachment":[{"href":"https:\/\/www.barnes-miami.com\/es\/wp-json\/wp\/v2\/media?parent=20355"}],"curies":[{"name":"gracias","href":"https:\/\/api.w.org\/{rel}","templated":true}]}}