{"id":22407,"date":"2019-04-24T20:46:52","date_gmt":"2019-04-25T01:46:52","guid":{"rendered":"https:\/\/www.barnes-miami.com\/?p=22407"},"modified":"2019-11-15T08:18:31","modified_gmt":"2019-11-15T13:18:31","slug":"invertir-en-bienes-raices-en-miami-florida","status":"publish","type":"page","link":"https:\/\/www.barnes-miami.com\/es\/investir-dans-limmobilier-a-miami-floride\/","title":{"rendered":"Invertir en bienes ra\u00edces en Miami, Florida"},"content":{"rendered":"<p><\/p>\n\n\n\n<p><\/p>\n\n\n\n<p><a href=\"https:\/\/www.barnes-miami.com\/es\/comment-miami-se-reinvente\/\">miami<\/a>, un verdadero cruce de caminos de las Am\u00e9ricas y destino popular por su dinamismo y clima, est\u00e1 atrayendo un inter\u00e9s creciente.\u00a0<br>inversores que buscan\u00a0<a rel=\"noreferrer noopener\" aria-label=\" (se abre en una nueva pesta\u00f1a)\" href=\"https:\/\/www.barnes-miami.com\/es\/comment-financer-son-achat-a-miami-et-en-floride\/\" target=\"_blank\">inversi\u00f3n inmobiliaria<\/a>  en\u00a0<a rel=\"noreferrer noopener\" aria-label=\" (se abre en una nueva pesta\u00f1a)\" href=\"https:\/\/www.barnes-miami.com\/es\/comment-miami-se-reinvente\/\" target=\"_blank\">miami<\/a>  impulsar el crecimiento econ\u00f3mico de la metr\u00f3polis de Florida, su lugar \u00fanico en el panorama nacional e internacional, un mercado laboral propicio que atrae cada vez a m\u00e1s empresas y j\u00f3venes ejecutivos.\u00a0\u00a0<\/p>\n\n\n\n<h2 class=\"wp-block-heading\"><strong>Invertir en bienes ra\u00edces en Miami: el acceso al mercado sigue siendo asequible y favorable para los compradores\u00a0<\/strong><\/h2>\n\n\n\n<p><a rel=\"noreferrer noopener\" aria-label=\" (se abre en una nueva pesta\u00f1a)\" href=\"https:\/\/www.barnes-miami.com\/es\/comment-miami-se-reinvente\/\" target=\"_blank\">miami<\/a>  ofrece la posibilidad de hacer\u00a0<a href=\"https:\/\/www.barnes-miami.com\/es\/comment-financer-son-achat-a-miami-et-en-floride\/\">yo<\/a><a rel=\"noreferrer noopener\" aria-label=\"inversiones largas (se abre en una nueva pesta\u00f1a)\" href=\"https:\/\/www.barnes-miami.com\/es\/comment-financer-son-achat-a-miami-et-en-floride\/\" target=\"_blank\">inversiones<\/a> largo plazo, tanto en bienes ra\u00edces residenciales como en inversi\u00f3n comercial. Uno de los aspectos que atrae a los inversores es la rapidez con la que se alquilan los productos adecuados, al precio adecuado, especialmente en el centro de la ciudad. La demanda de alquiler es fuerte, los per\u00edodos de vacaciones son limitados. F\u00edjate tambi\u00e9n en la ventaja de ser arrendador en Florida: un mercado donde el inquilino que no paga es desalojado en un mes, donde los contratos de alquiler de un a\u00f1o permiten revisar las rentas seg\u00fan la evoluci\u00f3n del mercado, y donde los ingresos por alquiler pueden amortizarse para limitar la tributaci\u00f3n si el propietario ha creado una empresa del tipo SCI con responsabilidad limitada (una LLC).\u00a0<\/p>\n\n\n\n<p><br>Por lo tanto, yo<a href=\"https:\/\/www.barnes-miami.com\/es\/achat-a-miami\/\" target=\"_blank\" rel=\"noreferrer noopener\" aria-label=\" (se abre en una nueva pesta\u00f1a)\">Invertir en Miami<\/a>, significa posicionarse en una ciudad a la vez agradable y muy internacional, que se mueve r\u00e1pidamente, que ofrece grandes perspectivas, al mismo tiempo que se beneficia del clima fiscal ventajoso de Florida.\u00a0<\/p>\n\n\n\n<h2 class=\"wp-block-heading\"><strong>Invertir en bienes ra\u00edces en Miami: \u00bfQu\u00e9 barrio elegir?<\/strong><\/h2>\n\n\n\n<p>La diversidad de Miami no es ning\u00fan secreto. La inversi\u00f3n inmobiliaria ser\u00e1, por tanto, tan variada como los distritos de la ciudad.&nbsp;<\/p>\n\n\n\n<p>En un mercado donde la oferta es muy amplia hoy en d\u00eda, y los inquilinos tienen mucho donde elegir, si buscas rentabilidad tienes que apostar por un &quot;alquiler prime&quot; por tanto un barrio que tiene razones para ser imprescindible, con una o varias ingredientes: una vista impresionante, un Penthouse (\u00faltimo piso), servicios y seguridad las 24 horas, acceso a pie (playa, centro comercial, centro urbano, etc.) sin olvidar cargos todo incluido dominado, una copropiedad bien administrada.&nbsp;<\/p>\n\n\n\n<p>Por ejemplo, las inversiones de alquiler en una casa o apartamento familiar deben estar ubicadas en un distrito donde el mapa escolar internacional o la oferta escolar atraiga a muchos clientes, como\u00a0<a rel=\"noreferrer noopener\" aria-label=\" (se abre en una nueva pesta\u00f1a)\" href=\"https:\/\/www.barnes-miami.com\/es\/coconut-grove\/\" target=\"_blank\">Coconut Grove<\/a>,\u00a0<a href=\"https:\/\/www.barnes-miami.com\/es\/coral-gables\/\">Coral Gables<\/a>,\u00a0<a href=\"https:\/\/www.barnes-miami.com\/es\/cayo-vizcaino\/\" target=\"_blank\" rel=\"noreferrer noopener\" aria-label=\" (se abre en una nueva pesta\u00f1a)\">Key Biscayne<\/a>, Surfside\u2026 solo por nombrar algunos.<\/p>\n\n\n\n<p>los  <a rel=\"noreferrer noopener\" aria-label=\" (se abre en una nueva pesta\u00f1a)\" href=\"https:\/\/www.barnes-miami.com\/es\/comment-financer-son-achat-a-miami-et-en-floride\/\" target=\"_blank\">inversiones inmobiliarias<\/a>  de Miami que pueden ofrecer buenos rendimientos para alquileres vacacionales se limitan a edificios y vecindarios donde est\u00e1 oficialmente permitido como\u00a0<a rel=\"noreferrer noopener\" aria-label=\" (se abre en una nueva pesta\u00f1a)\" href=\"https:\/\/www.barnes-miami.com\/es\/edificio\/mondrian-south-beach-2\/#!for-sale\" target=\"_blank\">el Mondrian<\/a>, Decobeach,\u00a0<a href=\"https:\/\/www.barnes-miami.com\/es\/edificio\/setai-residences-2\/#!for-sale\">setai<\/a>,<a rel=\"noreferrer noopener\" aria-label=\"W (se abre en una nueva pesta\u00f1a)\" href=\"https:\/\/www.barnes-miami.com\/es\/edificio\/w-south-beach-2\/#!for-sale\" target=\"_blank\">W<\/a>, Un hotel,\u00a0<a rel=\"noreferrer noopener\" aria-label=\" (se abre en una nueva pesta\u00f1a)\" href=\"https:\/\/www.barnes-miami.com\/es\/edificio\/6080-collins-2\/#!for-sale\" target=\"_blank\">collins<\/a>  en Miami Beach; hotel Mutiny y Aria en Coconut Grove; Hyde en Midtown Miami, Icon III en Brickell\u2026 Nuevos proyectos sobre plano como el Yotel en el centro de Miami ofrecen excelentes rentabilidades garantizadas, a precios de compra muy razonables, para atender la fuerte demanda tur\u00edstica ligada en particular a los cruceros. Fueron dise\u00f1ados para ser ofrecidos muy oficialmente como alquileres de temporada, dentro de un marco de gesti\u00f3n hotelera donde el operador, que est\u00e1 desarrollando una marca de moda que ya ha demostrado su eficacia, se encarga de todo.<\/p>\n\n\n\n<div class=\"wp-block-image\"><figure class=\"aligncenter\"><img loading=\"lazy\" decoding=\"async\" width=\"1024\" height=\"577\" src=\"https:\/\/www.barnes-miami.com\/wp-content\/uploads\/2019\/04\/xw-100-1024x577.jpg\" alt=\"invertir-miami\" class=\"wp-image-22410\" srcset=\"https:\/\/www.barnes-miami.com\/wp-content\/uploads\/2019\/04\/xw-100-1024x577.jpg 1024w, https:\/\/www.barnes-miami.com\/wp-content\/uploads\/2019\/04\/xw-100-300x169.jpg 300w, https:\/\/www.barnes-miami.com\/wp-content\/uploads\/2019\/04\/xw-100-768x433.jpg 768w, https:\/\/www.barnes-miami.com\/wp-content\/uploads\/2019\/04\/xw-100-1568x883.jpg 1568w, https:\/\/www.barnes-miami.com\/wp-content\/uploads\/2019\/04\/xw-100.jpg 1924w\" sizes=\"auto, (max-width: 1024px) 100vw, 1024px\" \/><\/figure><\/div>\n\n\n\n<p>Los edificios recientes de\u00a0<a rel=\"noreferrer noopener\" aria-label=\" (se abre en una nueva pesta\u00f1a)\" href=\"https:\/\/www.barnes-miami.com\/es\/ladrillo\/\" target=\"_blank\">Brickell<\/a>,\u00a0<a href=\"https:\/\/www.barnes-miami.com\/es\/edgewater\/\">borde de agua<\/a>,\u00a0<a rel=\"noreferrer noopener\" aria-label=\" (se abre en una nueva pesta\u00f1a)\" href=\"https:\/\/www.barnes-miami.com\/es\/centro\/\" target=\"_blank\">centro de miami<\/a>, e incluso algunas zonas residenciales animadas de\u00a0<a href=\"https:\/\/www.barnes-miami.com\/es\/miami-beach\/\">playa Sur<\/a> como West Avenue o\u00a0<a rel=\"noreferrer noopener\" aria-label=\" (se abre en una nueva pesta\u00f1a)\" href=\"https:\/\/communitynewspapers.com\/miami-beach\/sunset-harbour-the-ultimate-locals-guide-map\/\" target=\"_blank\">Puerto al atardecer<\/a> atraer a muchos inquilinos ejecutivos y ejecutivos que trabajan en el centro de la ciudad y est\u00e1n preocupados por una calidad de vida excepcional (playa y\/o deportes, entretenimiento cercano).<\/p>\n\n\n\n<p><br>Compra sobre plano para obra nueva en Downtown, casa paradis\u00edaca en\u00a0<a rel=\"noreferrer noopener\" aria-label=\" (se abre en una nueva pesta\u00f1a)\" href=\"https:\/\/www.barnes-miami.com\/es\/coconut-grove\/\" target=\"_blank\">Coconut Grove<\/a> Donde\u00a0<a rel=\"noreferrer noopener\" aria-label=\" (se abre en una nueva pesta\u00f1a)\" href=\"https:\/\/www.barnes-miami.com\/es\/coral-gables\/\" target=\"_blank\">Coral Gables<\/a>, condo-hotel art-deco en Miami Beach, o villas sobre el agua, la elecci\u00f3n es suya.\u00a0<a rel=\"noreferrer noopener\" aria-label=\" (se abre en una nueva pesta\u00f1a)\" href=\"https:\/\/www.barnes-miami.com\/es\/notre-equipe\/\" target=\"_blank\">Equipos internacionales de Barnes<\/a>  tener un conocimiento inigualable del campo que le permitir\u00e1 tener todos los ingredientes para la decisi\u00f3n final. Para todas las preguntas relacionadas con un proyecto inmobiliario  <a rel=\"noreferrer noopener\" aria-label=\" (se abre en una nueva pesta\u00f1a)\" href=\"https:\/\/www.barnes-miami.com\/es\/contactar\/\" target=\"_blank\">Cont\u00e1ctenos<\/a>. \u00a1Nuestros expertos lo guiar\u00e1n para invertir en Miami en las mejores condiciones!\u00a0<\/p>\n\n\n\n<p><\/p>","protected":false},"excerpt":{"rendered":"<p>Miami, v\u00e9ritable carrefour des Am\u00e9riques et destination pris\u00e9e pour son dynamisme et son climat, suscite un int\u00e9r\u00eat grandissant.\u00a0Les investisseurs qui se tournent vers\u00a0l\u2019investissement immobilier \u00e0\u00a0Miami valorisent l\u2019essor \u00e9conomique de la m\u00e9tropole floridienne, sa place unique sur la sc\u00e8ne nationale et internationale, un march\u00e9 de l\u2019emploi favorable qui attire chaque fois plus d\u2019entreprises et de jeunes [&hellip;]<\/p>\n","protected":false},"author":2,"featured_media":22411,"parent":0,"menu_order":0,"comment_status":"open","ping_status":"open","template":"","meta":{"inline_featured_image":false,"footnotes":""},"class_list":["post-22407","page","type-page","status-publish","has-post-thumbnail","hentry"],"yoast_head":"<!-- This site is optimized with the Yoast SEO plugin v27.5 - https:\/\/yoast.com\/product\/yoast-seo-wordpress\/ -->\n<title>Investir dans l&#039;immobilier \u00e0 Miami - Articles - BARNES MIAMI<\/title>\n<meta name=\"description\" content=\"Miami, destination pris\u00e9e pour son dynamisme et son climat, suscite un int\u00e9r\u00eat grandissant pour les investissements immobiliers.\" \/>\n<meta name=\"robots\" content=\"index, follow, max-snippet:-1, max-image-preview:large, max-video-preview:-1\" \/>\n<link rel=\"canonical\" href=\"https:\/\/www.barnes-miami.com\/es\/invertir-en-bienes-raices-en-miami-florida\/\" \/>\n<meta property=\"og:locale\" content=\"es_ES\" \/>\n<meta property=\"og:type\" content=\"article\" \/>\n<meta property=\"og:title\" content=\"Investir dans l&#039;immobilier \u00e0 Miami - Articles - BARNES MIAMI\" \/>\n<meta property=\"og:description\" content=\"Miami, destination pris\u00e9e pour son dynamisme et son climat, suscite un int\u00e9r\u00eat grandissant pour les investissements immobiliers.\" \/>\n<meta property=\"og:url\" content=\"https:\/\/www.barnes-miami.com\/es\/invertir-en-bienes-raices-en-miami-florida\/\" \/>\n<meta property=\"og:site_name\" content=\"BARNES Miami\" \/>\n<meta property=\"article:publisher\" content=\"https:\/\/www.facebook.com\/barnesinternationalmiami\/\" \/>\n<meta property=\"article:modified_time\" content=\"2019-11-15T13:18:31+00:00\" \/>\n<meta property=\"og:image\" content=\"https:\/\/www.barnes-miami.com\/wp-content\/uploads\/2019\/04\/miami-3915622_1920.jpg\" \/>\n\t<meta property=\"og:image:width\" content=\"1920\" \/>\n\t<meta property=\"og:image:height\" content=\"1079\" \/>\n\t<meta property=\"og:image:type\" content=\"image\/jpeg\" \/>\n<meta name=\"twitter:card\" content=\"summary_large_image\" \/>\n<meta name=\"twitter:site\" content=\"@barnesmiami\" \/>\n<meta name=\"twitter:label1\" content=\"Tiempo de lectura\" \/>\n\t<meta name=\"twitter:data1\" content=\"3 minutos\" \/>\n<script type=\"application\/ld+json\" class=\"yoast-schema-graph\">{\"@context\":\"https:\\\/\\\/schema.org\",\"@graph\":[{\"@type\":\"WebPage\",\"@id\":\"https:\\\/\\\/www.barnes-miami.com\\\/investir-dans-limmobilier-a-miami-floride\\\/\",\"url\":\"https:\\\/\\\/www.barnes-miami.com\\\/investir-dans-limmobilier-a-miami-floride\\\/\",\"name\":\"Investir dans l'immobilier \u00e0 Miami - Articles - BARNES MIAMI\",\"isPartOf\":{\"@id\":\"https:\\\/\\\/www.barnes-miami.com\\\/#website\"},\"primaryImageOfPage\":{\"@id\":\"https:\\\/\\\/www.barnes-miami.com\\\/investir-dans-limmobilier-a-miami-floride\\\/#primaryimage\"},\"image\":{\"@id\":\"https:\\\/\\\/www.barnes-miami.com\\\/investir-dans-limmobilier-a-miami-floride\\\/#primaryimage\"},\"thumbnailUrl\":\"https:\\\/\\\/www.barnes-miami.com\\\/wp-content\\\/uploads\\\/2019\\\/04\\\/miami-3915622_1920.jpg\",\"datePublished\":\"2019-04-25T01:46:52+00:00\",\"dateModified\":\"2019-11-15T13:18:31+00:00\",\"description\":\"Miami, destination pris\u00e9e pour son dynamisme et son climat, suscite un int\u00e9r\u00eat grandissant pour les investissements immobiliers.\",\"breadcrumb\":{\"@id\":\"https:\\\/\\\/www.barnes-miami.com\\\/investir-dans-limmobilier-a-miami-floride\\\/#breadcrumb\"},\"inLanguage\":\"es\",\"potentialAction\":[{\"@type\":\"ReadAction\",\"target\":[\"https:\\\/\\\/www.barnes-miami.com\\\/investir-dans-limmobilier-a-miami-floride\\\/\"]}]},{\"@type\":\"ImageObject\",\"inLanguage\":\"es\",\"@id\":\"https:\\\/\\\/www.barnes-miami.com\\\/investir-dans-limmobilier-a-miami-floride\\\/#primaryimage\",\"url\":\"https:\\\/\\\/www.barnes-miami.com\\\/wp-content\\\/uploads\\\/2019\\\/04\\\/miami-3915622_1920.jpg\",\"contentUrl\":\"https:\\\/\\\/www.barnes-miami.com\\\/wp-content\\\/uploads\\\/2019\\\/04\\\/miami-3915622_1920.jpg\",\"width\":1920,\"height\":1079,\"caption\":\"investissement-miami\"},{\"@type\":\"BreadcrumbList\",\"@id\":\"https:\\\/\\\/www.barnes-miami.com\\\/investir-dans-limmobilier-a-miami-floride\\\/#breadcrumb\",\"itemListElement\":[{\"@type\":\"ListItem\",\"position\":1,\"name\":\"Accueil\",\"item\":\"https:\\\/\\\/www.barnes-miami.com\\\/\"},{\"@type\":\"ListItem\",\"position\":2,\"name\":\"Investir dans l\u2019immobilier \u00e0 Miami, Floride\"}]},{\"@type\":\"WebSite\",\"@id\":\"https:\\\/\\\/www.barnes-miami.com\\\/#website\",\"url\":\"https:\\\/\\\/www.barnes-miami.com\\\/\",\"name\":\"BARNES Miami\",\"description\":\"#1 International Real Estate Brokerage in South Florida\",\"publisher\":{\"@id\":\"https:\\\/\\\/www.barnes-miami.com\\\/#organization\"},\"potentialAction\":[{\"@type\":\"SearchAction\",\"target\":{\"@type\":\"EntryPoint\",\"urlTemplate\":\"https:\\\/\\\/www.barnes-miami.com\\\/?s={search_term_string}\"},\"query-input\":{\"@type\":\"PropertyValueSpecification\",\"valueRequired\":true,\"valueName\":\"search_term_string\"}}],\"inLanguage\":\"es\"},{\"@type\":\"Organization\",\"@id\":\"https:\\\/\\\/www.barnes-miami.com\\\/#organization\",\"name\":\"BARNES Miami\",\"url\":\"https:\\\/\\\/www.barnes-miami.com\\\/\",\"logo\":{\"@type\":\"ImageObject\",\"inLanguage\":\"es\",\"@id\":\"https:\\\/\\\/www.barnes-miami.com\\\/#\\\/schema\\\/logo\\\/image\\\/\",\"url\":\"https:\\\/\\\/www.barnes-miami.com\\\/wp-content\\\/uploads\\\/2026\\\/01\\\/logo-2.png\",\"contentUrl\":\"https:\\\/\\\/www.barnes-miami.com\\\/wp-content\\\/uploads\\\/2026\\\/01\\\/logo-2.png\",\"width\":1100,\"height\":1100,\"caption\":\"BARNES Miami\"},\"image\":{\"@id\":\"https:\\\/\\\/www.barnes-miami.com\\\/#\\\/schema\\\/logo\\\/image\\\/\"},\"sameAs\":[\"https:\\\/\\\/www.facebook.com\\\/barnesinternationalmiami\\\/\",\"https:\\\/\\\/x.com\\\/barnesmiami\",\"https:\\\/\\\/www.instagram.com\\\/barnesmiami\\\/\",\"https:\\\/\\\/www.linkedin.com\\\/company\\\/barnes-international-miami\\\/\",\"https:\\\/\\\/www.youtube.com\\\/user\\\/BarnesImmoMiami\\\/\"]}]}<\/script>\n<!-- \/ Yoast SEO plugin. -->","yoast_head_json":{"title":"Invertir en bienes ra\u00edces en Miami - Art\u00edculos - BARNES MIAMI","description":"Miami, un destino popular por su dinamismo y clima, est\u00e1 atrayendo un inter\u00e9s creciente en las inversiones inmobiliarias.","robots":{"index":"index","follow":"follow","max-snippet":"max-snippet:-1","max-image-preview":"max-image-preview:large","max-video-preview":"max-video-preview:-1"},"canonical":"https:\/\/www.barnes-miami.com\/es\/invertir-en-bienes-raices-en-miami-florida\/","og_locale":"es_ES","og_type":"article","og_title":"Investir dans l'immobilier \u00e0 Miami - Articles - BARNES MIAMI","og_description":"Miami, destination pris\u00e9e pour son dynamisme et son climat, suscite un int\u00e9r\u00eat grandissant pour les investissements immobiliers.","og_url":"https:\/\/www.barnes-miami.com\/es\/invertir-en-bienes-raices-en-miami-florida\/","og_site_name":"BARNES Miami","article_publisher":"https:\/\/www.facebook.com\/barnesinternationalmiami\/","article_modified_time":"2019-11-15T13:18:31+00:00","og_image":[{"width":1920,"height":1079,"url":"https:\/\/www.barnes-miami.com\/wp-content\/uploads\/2019\/04\/miami-3915622_1920.jpg","type":"image\/jpeg"}],"twitter_card":"summary_large_image","twitter_site":"@barnesmiami","twitter_misc":{"Tiempo de lectura":"3 minutos"},"schema":{"@context":"https:\/\/schema.org","@graph":[{"@type":"WebPage","@id":"https:\/\/www.barnes-miami.com\/investir-dans-limmobilier-a-miami-floride\/","url":"https:\/\/www.barnes-miami.com\/investir-dans-limmobilier-a-miami-floride\/","name":"Invertir en bienes ra\u00edces en Miami - Art\u00edculos - BARNES MIAMI","isPartOf":{"@id":"https:\/\/www.barnes-miami.com\/#website"},"primaryImageOfPage":{"@id":"https:\/\/www.barnes-miami.com\/investir-dans-limmobilier-a-miami-floride\/#primaryimage"},"image":{"@id":"https:\/\/www.barnes-miami.com\/investir-dans-limmobilier-a-miami-floride\/#primaryimage"},"thumbnailUrl":"https:\/\/www.barnes-miami.com\/wp-content\/uploads\/2019\/04\/miami-3915622_1920.jpg","datePublished":"2019-04-25T01:46:52+00:00","dateModified":"2019-11-15T13:18:31+00:00","description":"Miami, un destino popular por su dinamismo y clima, est\u00e1 atrayendo un inter\u00e9s creciente en las inversiones inmobiliarias.","breadcrumb":{"@id":"https:\/\/www.barnes-miami.com\/investir-dans-limmobilier-a-miami-floride\/#breadcrumb"},"inLanguage":"es","potentialAction":[{"@type":"ReadAction","target":["https:\/\/www.barnes-miami.com\/investir-dans-limmobilier-a-miami-floride\/"]}]},{"@type":"ImageObject","inLanguage":"es","@id":"https:\/\/www.barnes-miami.com\/investir-dans-limmobilier-a-miami-floride\/#primaryimage","url":"https:\/\/www.barnes-miami.com\/wp-content\/uploads\/2019\/04\/miami-3915622_1920.jpg","contentUrl":"https:\/\/www.barnes-miami.com\/wp-content\/uploads\/2019\/04\/miami-3915622_1920.jpg","width":1920,"height":1079,"caption":"investissement-miami"},{"@type":"BreadcrumbList","@id":"https:\/\/www.barnes-miami.com\/investir-dans-limmobilier-a-miami-floride\/#breadcrumb","itemListElement":[{"@type":"ListItem","position":1,"name":"Accueil","item":"https:\/\/www.barnes-miami.com\/"},{"@type":"ListItem","position":2,"name":"Investir dans l\u2019immobilier \u00e0 Miami, Floride"}]},{"@type":"WebSite","@id":"https:\/\/www.barnes-miami.com\/#website","url":"https:\/\/www.barnes-miami.com\/","name":"BARNES Miami","description":"#1 Corretaje internacional de bienes ra\u00edces en el sur de Florida","publisher":{"@id":"https:\/\/www.barnes-miami.com\/#organization"},"potentialAction":[{"@type":"SearchAction","target":{"@type":"EntryPoint","urlTemplate":"https:\/\/www.barnes-miami.com\/?s={search_term_string}"},"query-input":{"@type":"PropertyValueSpecification","valueRequired":true,"valueName":"search_term_string"}}],"inLanguage":"es"},{"@type":"Organization","@id":"https:\/\/www.barnes-miami.com\/#organization","name":"BARNES Miami","url":"https:\/\/www.barnes-miami.com\/","logo":{"@type":"ImageObject","inLanguage":"es","@id":"https:\/\/www.barnes-miami.com\/#\/schema\/logo\/image\/","url":"https:\/\/www.barnes-miami.com\/wp-content\/uploads\/2026\/01\/logo-2.png","contentUrl":"https:\/\/www.barnes-miami.com\/wp-content\/uploads\/2026\/01\/logo-2.png","width":1100,"height":1100,"caption":"BARNES Miami"},"image":{"@id":"https:\/\/www.barnes-miami.com\/#\/schema\/logo\/image\/"},"sameAs":["https:\/\/www.facebook.com\/barnesinternationalmiami\/","https:\/\/x.com\/barnesmiami","https:\/\/www.instagram.com\/barnesmiami\/","https:\/\/www.linkedin.com\/company\/barnes-international-miami\/","https:\/\/www.youtube.com\/user\/BarnesImmoMiami\/"]}]}},"_links":{"self":[{"href":"https:\/\/www.barnes-miami.com\/es\/wp-json\/wp\/v2\/pages\/22407","targetHints":{"allow":["GET"]}}],"collection":[{"href":"https:\/\/www.barnes-miami.com\/es\/wp-json\/wp\/v2\/pages"}],"about":[{"href":"https:\/\/www.barnes-miami.com\/es\/wp-json\/wp\/v2\/types\/page"}],"author":[{"embeddable":true,"href":"https:\/\/www.barnes-miami.com\/es\/wp-json\/wp\/v2\/users\/2"}],"replies":[{"embeddable":true,"href":"https:\/\/www.barnes-miami.com\/es\/wp-json\/wp\/v2\/comments?post=22407"}],"version-history":[{"count":1,"href":"https:\/\/www.barnes-miami.com\/es\/wp-json\/wp\/v2\/pages\/22407\/revisions"}],"predecessor-version":[{"id":22847,"href":"https:\/\/www.barnes-miami.com\/es\/wp-json\/wp\/v2\/pages\/22407\/revisions\/22847"}],"wp:featuredmedia":[{"embeddable":true,"href":"https:\/\/www.barnes-miami.com\/es\/wp-json\/wp\/v2\/media\/22411"}],"wp:attachment":[{"href":"https:\/\/www.barnes-miami.com\/es\/wp-json\/wp\/v2\/media?parent=22407"}],"curies":[{"name":"gracias","href":"https:\/\/api.w.org\/{rel}","templated":true}]}}