{"id":22520,"date":"2019-11-12T10:31:23","date_gmt":"2019-11-12T15:31:23","guid":{"rendered":"https:\/\/www.barnes-miami.com\/?page_id=22520"},"modified":"2025-10-13T13:40:03","modified_gmt":"2025-10-13T18:40:03","slug":"yates-barnes","status":"publish","type":"page","link":"https:\/\/www.barnes-miami.com\/es\/a-propos\/barnes-yachts\/","title":{"rendered":"DE YATES"},"content":{"rendered":"<div style=\"height:45px\" aria-hidden=\"true\" class=\"wp-block-spacer\"><\/div>\n\n\n\n<h4 class=\"wp-block-heading has-text-align-center has-text-color has-link-color has-medium-font-size wp-elements-27a878244dcb3a37d55597a760e30f06\" style=\"color:#bcaa88\">ELEGANCIA EN EL MAR<\/h4>\n\n\n\n<p class=\"has-text-align-center p80 justify has-medium-font-size\">Impulsados por el estilo de vida de BARNES, BARNES Yachting invita a sus clientes a explorar un nuevo horizonte de prestigio. Especializados en la venta, alquiler y gesti\u00f3n de yates excepcionales, nuestra divisi\u00f3n mar\u00edtima encarna la misma filosof\u00eda que BARNES: excelencia, discreci\u00f3n y servicio a medida.<\/p>\n\n\n\n<div style=\"height:51px\" aria-hidden=\"true\" class=\"wp-block-spacer\"><\/div>\n\n\n\n<div class=\"wp-block-buttons is-content-justification-center is-layout-flex wp-container-core-buttons-is-layout-16018d1d wp-block-buttons-is-layout-flex\">\n<div class=\"wp-block-button is-style-outline is-style-outline--1\"><a class=\"wp-block-button__link has-custom-font-size wp-element-button\" href=\"https:\/\/www.barnes-yachting.com\/\" style=\"border-radius:4px;font-size:16px\">COMIENZA TU EXPERIENCIA<\/a><\/div>\n<\/div>\n\n\n\n<div style=\"height:148px\" aria-hidden=\"true\" class=\"wp-block-spacer\"><\/div>\n\n\n\n<h4 class=\"wp-block-heading has-text-align-center\">SABER HACER \u00daNICO<\/h4>\n\n\n\n<h2 class=\"wp-block-heading has-text-align-center has-text-color has-link-color has-large-font-size wp-elements-1d324cd6ff1b29d0e280c739224c637f\" style=\"color:#bcaa88\">CUMPLIENDO TUS AMBICIONES<\/h2>\n\n\n\n<p class=\"p80 justify has-medium-font-size\">Gracias a la red internacional de BARNES, nuestro equipo le ofrece una amplia experiencia en el mercado n\u00e1utico, combinando conocimientos t\u00e9cnicos, atenci\u00f3n al detalle y pasi\u00f3n por el mar. Nuestro enfoque se basa en tres pilares esenciales: atenci\u00f3n, personalizaci\u00f3n y un servicio excelente.<\/p>\n\n\n\n<p class=\"p80 justify has-medium-font-size\">Ya sea que est\u00e9 buscando comprar, vender o alquilar un yate, nuestros expertos est\u00e1n disponibles para ayudarlo a dise\u00f1ar la experiencia mar\u00edtima que mejor se adapte a sus necesidades.<\/p>\n\n\n\n<div style=\"height:24px\" aria-hidden=\"true\" class=\"wp-block-spacer\"><\/div>\n\n\n\n<div class=\"wp-block-columns are-vertically-aligned-top is-layout-flex wp-container-core-columns-is-layout-9d6595d7 wp-block-columns-is-layout-flex\">\n<div class=\"wp-block-column is-layout-flow wp-block-column-is-layout-flow\" style=\"flex-basis:12%\"><\/div>\n\n\n\n<div class=\"wp-block-column is-vertically-aligned-top has-background-background-color has-background is-layout-flow wp-block-column-is-layout-flow\" style=\"flex-basis:40%\">\n<div class=\"wp-block-cover banniere\" style=\"min-height:200px;aspect-ratio:unset;\"><img loading=\"lazy\" decoding=\"async\" width=\"1920\" height=\"1218\" class=\"wp-block-cover__image-background wp-image-29932 size-full\" alt=\"\" src=\"https:\/\/www.barnes-miami.com\/wp-content\/uploads\/2025\/10\/acquisition.jpg\" data-object-fit=\"cover\" srcset=\"https:\/\/www.barnes-miami.com\/wp-content\/uploads\/2025\/10\/acquisition.jpg 1920w, https:\/\/www.barnes-miami.com\/wp-content\/uploads\/2025\/10\/acquisition-300x190.jpg 300w, https:\/\/www.barnes-miami.com\/wp-content\/uploads\/2025\/10\/acquisition-1024x650.jpg 1024w, https:\/\/www.barnes-miami.com\/wp-content\/uploads\/2025\/10\/acquisition-768x487.jpg 768w, https:\/\/www.barnes-miami.com\/wp-content\/uploads\/2025\/10\/acquisition-1536x974.jpg 1536w, https:\/\/www.barnes-miami.com\/wp-content\/uploads\/2025\/10\/acquisition-18x12.jpg 18w\" sizes=\"auto, (max-width: 1920px) 100vw, 1920px\" \/><span aria-hidden=\"true\" class=\"wp-block-cover__background has-background-dim\"><\/span><div class=\"wp-block-cover__inner-container is-layout-flow wp-block-cover-is-layout-flow\">\n<h3 class=\"wp-block-heading has-text-align-center\" style=\"font-size:24px\">Adquisici\u00f3n<\/h3>\n<\/div><\/div>\n<\/div>\n\n\n\n<div class=\"wp-block-column is-vertically-aligned-top has-background-background-color has-background is-layout-flow wp-block-column-is-layout-flow\" style=\"flex-basis:40%\">\n<div class=\"wp-block-cover banniere\" style=\"min-height:200px;aspect-ratio:unset;\"><img loading=\"lazy\" decoding=\"async\" width=\"1024\" height=\"882\" class=\"wp-block-cover__image-background wp-image-29931 size-large\" alt=\"\" src=\"https:\/\/www.barnes-miami.com\/wp-content\/uploads\/2025\/10\/deck-1024x882.jpg\" data-object-fit=\"cover\" srcset=\"https:\/\/www.barnes-miami.com\/wp-content\/uploads\/2025\/10\/deck-1024x882.jpg 1024w, https:\/\/www.barnes-miami.com\/wp-content\/uploads\/2025\/10\/deck-300x258.jpg 300w, https:\/\/www.barnes-miami.com\/wp-content\/uploads\/2025\/10\/deck-768x662.jpg 768w, https:\/\/www.barnes-miami.com\/wp-content\/uploads\/2025\/10\/deck-1536x1323.jpg 1536w, https:\/\/www.barnes-miami.com\/wp-content\/uploads\/2025\/10\/deck-2048x1764.jpg 2048w, https:\/\/www.barnes-miami.com\/wp-content\/uploads\/2025\/10\/deck-14x12.jpg 14w\" sizes=\"auto, (max-width: 1024px) 100vw, 1024px\" \/><span aria-hidden=\"true\" class=\"wp-block-cover__background has-background-dim-40 has-background-dim\"><\/span><div class=\"wp-block-cover__inner-container is-layout-flow wp-block-cover-is-layout-flow\">\n<h3 class=\"wp-block-heading has-text-align-center\" style=\"font-size:24px\">Alquiler<\/h3>\n<\/div><\/div>\n<\/div>\n\n\n\n<div class=\"wp-block-column is-layout-flow wp-block-column-is-layout-flow\" style=\"flex-basis:12%\"><\/div>\n<\/div>\n\n\n\n<div style=\"height:24px\" aria-hidden=\"true\" class=\"wp-block-spacer\"><\/div>\n\n\n\n<div class=\"wp-block-columns are-vertically-aligned-top is-layout-flex wp-container-core-columns-is-layout-9d6595d7 wp-block-columns-is-layout-flex\">\n<div class=\"wp-block-column is-layout-flow wp-block-column-is-layout-flow\" style=\"flex-basis:12%\"><\/div>\n\n\n\n<div class=\"wp-block-column is-vertically-aligned-top has-background-background-color has-background is-layout-flow wp-block-column-is-layout-flow\" style=\"flex-basis:40%\">\n<div class=\"wp-block-cover banniere\" style=\"min-height:200px;aspect-ratio:unset;\"><img loading=\"lazy\" decoding=\"async\" width=\"1024\" height=\"706\" class=\"wp-block-cover__image-background wp-image-29933 size-large\" alt=\"\" src=\"https:\/\/www.barnes-miami.com\/wp-content\/uploads\/2025\/10\/boat-up-1024x706.jpg\" data-object-fit=\"cover\" srcset=\"https:\/\/www.barnes-miami.com\/wp-content\/uploads\/2025\/10\/boat-up-1024x706.jpg 1024w, https:\/\/www.barnes-miami.com\/wp-content\/uploads\/2025\/10\/boat-up-300x207.jpg 300w, https:\/\/www.barnes-miami.com\/wp-content\/uploads\/2025\/10\/boat-up-768x530.jpg 768w, https:\/\/www.barnes-miami.com\/wp-content\/uploads\/2025\/10\/boat-up-1536x1059.jpg 1536w, https:\/\/www.barnes-miami.com\/wp-content\/uploads\/2025\/10\/boat-up-18x12.jpg 18w, https:\/\/www.barnes-miami.com\/wp-content\/uploads\/2025\/10\/boat-up.jpg 2000w\" sizes=\"auto, (max-width: 1024px) 100vw, 1024px\" \/><span aria-hidden=\"true\" class=\"wp-block-cover__background has-background-dim-40 has-background-dim\"><\/span><div class=\"wp-block-cover__inner-container is-layout-flow wp-block-cover-is-layout-flow\">\n<h3 class=\"wp-block-heading has-text-align-center\" style=\"font-size:24px\">Rebaja<\/h3>\n<\/div><\/div>\n<\/div>\n\n\n\n<div class=\"wp-block-column is-vertically-aligned-top has-background-background-color has-background is-layout-flow wp-block-column-is-layout-flow\" style=\"flex-basis:40%\">\n<div class=\"wp-block-cover banniere\" style=\"min-height:200px;aspect-ratio:unset;\"><img loading=\"lazy\" decoding=\"async\" width=\"1024\" height=\"647\" class=\"wp-block-cover__image-background wp-image-29934 size-large\" alt=\"\" src=\"https:\/\/www.barnes-miami.com\/wp-content\/uploads\/2025\/10\/copropriete-low-1024x647.jpg\" data-object-fit=\"cover\" srcset=\"https:\/\/www.barnes-miami.com\/wp-content\/uploads\/2025\/10\/copropriete-low-1024x647.jpg 1024w, https:\/\/www.barnes-miami.com\/wp-content\/uploads\/2025\/10\/copropriete-low-300x189.jpg 300w, https:\/\/www.barnes-miami.com\/wp-content\/uploads\/2025\/10\/copropriete-low-768x485.jpg 768w, https:\/\/www.barnes-miami.com\/wp-content\/uploads\/2025\/10\/copropriete-low-1536x970.jpg 1536w, https:\/\/www.barnes-miami.com\/wp-content\/uploads\/2025\/10\/copropriete-low-18x12.jpg 18w, https:\/\/www.barnes-miami.com\/wp-content\/uploads\/2025\/10\/copropriete-low.jpg 1900w\" sizes=\"auto, (max-width: 1024px) 100vw, 1024px\" \/><span aria-hidden=\"true\" class=\"wp-block-cover__background has-background-dim-40 has-background-dim\"><\/span><div class=\"wp-block-cover__inner-container is-layout-flow wp-block-cover-is-layout-flow\">\n<h3 class=\"wp-block-heading has-text-align-center\" style=\"font-size:24px\">Copropiedad<\/h3>\n<\/div><\/div>\n<\/div>\n\n\n\n<div class=\"wp-block-column is-layout-flow wp-block-column-is-layout-flow\" style=\"flex-basis:12%\"><\/div>\n<\/div>\n\n\n\n<div style=\"height:102px\" aria-hidden=\"true\" class=\"wp-block-spacer\"><\/div>\n\n\n\n<h4 class=\"wp-block-heading has-text-align-center\">EL ARTE DE NAVEGAR<\/h4>\n\n\n\n<h2 class=\"wp-block-heading has-text-align-center has-text-color has-link-color has-large-font-size wp-elements-4cc199f2774ccc0d5f54d1a58fd42f8d\" style=\"color:#bcaa88\">UNA COLECCI\u00d3N EXCEPCIONAL<\/h2>\n\n\n\n<p class=\"has-text-align-center p80 justify has-medium-font-size\">BARNES Yachting le abre las puertas a una exclusiva selecci\u00f3n de algunos de los yates m\u00e1s famosos del mundo. Con dise\u00f1os ic\u00f3nicos, embarcaciones hechas a medida y acabados refinados, cada embarcaci\u00f3n ha sido elegida por su car\u00e1cter \u00fanico y su impecable nivel de confort. Ya sea que sue\u00f1e con un crucero por el Mediterr\u00e1neo, una traves\u00eda por el Caribe o un verano en Capri, nuestros expertos le ayudar\u00e1n a crear un viaje a la altura de sus expectativas.<\/p>\n\n\n\n<div style=\"height:51px\" aria-hidden=\"true\" class=\"wp-block-spacer\"><\/div>\n\n\n\n<div class=\"wp-block-buttons is-content-justification-center is-layout-flex wp-container-core-buttons-is-layout-16018d1d wp-block-buttons-is-layout-flex\">\n<div class=\"wp-block-button is-style-outline is-style-outline--2\"><a class=\"wp-block-button__link has-custom-font-size wp-element-button\" href=\"https:\/\/www.barnes-miami.com\/es\/contactar\/\" style=\"border-radius:4px;font-size:16px\">CONTACTO BARNES YACHTING<\/a><\/div>\n<\/div>\n\n\n\n<div style=\"height:73px\" aria-hidden=\"true\" class=\"wp-block-spacer\"><\/div>\n\n\n\n<div class=\"wp-block-cover has-parallax\"><div class=\"wp-block-cover__image-background wp-image-29941 size-full has-parallax\" style=\"background-position:50% 50%;background-image:url(https:\/\/www.barnes-miami.com\/wp-content\/uploads\/2025\/10\/deck-side-scaled.jpg)\"><\/div><span aria-hidden=\"true\" class=\"wp-block-cover__background has-foreground-background-color has-background-dim-70 has-background-dim\"><\/span><div class=\"wp-block-cover__inner-container is-layout-constrained wp-container-core-cover-is-layout-23fe5839 wp-block-cover-is-layout-constrained\">\n<h2 class=\"wp-block-heading has-text-align-center scroll-animate has-large-font-size\"><br>Cada viaje, un momento excepcional<\/h2>\n<\/div><\/div>","protected":false},"excerpt":{"rendered":"<p>L\u2019ELEGANCE EN MER Port\u00e9e par l\u2019art de vivre BARNES, BARNES Yachting invite ses clients \u00e0 explorer un nouvel horizon de prestige. Sp\u00e9cialis\u00e9e dans la vente, la location et la gestion de yachts d\u2019exception, notre division maritime incarne la m\u00eame philosophie que la Maison BARNES : excellence, discr\u00e9tion et service sur mesure. SAVOIR-FAIRE UNIQUE \u00c0 LA [&hellip;]<\/p>\n","protected":false},"author":2,"featured_media":29930,"parent":22777,"menu_order":0,"comment_status":"closed","ping_status":"closed","template":"","meta":{"inline_featured_image":false,"footnotes":""},"class_list":["post-22520","page","type-page","status-publish","has-post-thumbnail","hentry"],"yoast_head":"<!-- This site is optimized with the Yoast SEO plugin v27.4 - https:\/\/yoast.com\/product\/yoast-seo-wordpress\/ -->\n<title>BARNES Yachting | Art de Vivre | BARNES Miami<\/title>\n<meta name=\"description\" content=\"BARNES Yachting s\u2019appuie sur le r\u00e9seau BARNES pour offrir des\u00a0services\u00a0vari\u00e9s dans les destinations o\u00f9 le yachting est un art de vivre.\" \/>\n<meta name=\"robots\" content=\"index, follow, max-snippet:-1, max-image-preview:large, max-video-preview:-1\" \/>\n<link rel=\"canonical\" href=\"https:\/\/www.barnes-miami.com\/es\/acerca-de\/yates-barnes\/\" \/>\n<meta property=\"og:locale\" content=\"es_ES\" \/>\n<meta property=\"og:type\" content=\"article\" \/>\n<meta property=\"og:title\" content=\"BARNES Yachting | Art de Vivre | BARNES Miami\" \/>\n<meta property=\"og:description\" content=\"BARNES Yachting s\u2019appuie sur le r\u00e9seau BARNES pour offrir des\u00a0services\u00a0vari\u00e9s dans les destinations o\u00f9 le yachting est un art de vivre.\" \/>\n<meta property=\"og:url\" content=\"https:\/\/www.barnes-miami.com\/es\/acerca-de\/yates-barnes\/\" \/>\n<meta property=\"og:site_name\" content=\"BARNES Miami\" \/>\n<meta property=\"article:publisher\" content=\"https:\/\/www.facebook.com\/barnesinternationalmiami\/\" \/>\n<meta property=\"article:modified_time\" content=\"2025-10-13T18:40:03+00:00\" \/>\n<meta property=\"og:image\" content=\"https:\/\/www.barnes-miami.com\/wp-content\/uploads\/2025\/10\/boat-deck.jpg\" \/>\n\t<meta property=\"og:image:width\" content=\"2048\" \/>\n\t<meta property=\"og:image:height\" content=\"1365\" \/>\n\t<meta property=\"og:image:type\" content=\"image\/jpeg\" \/>\n<meta name=\"twitter:card\" content=\"summary_large_image\" \/>\n<meta name=\"twitter:site\" content=\"@barnesmiami\" \/>\n<meta name=\"twitter:label1\" content=\"Tiempo de lectura\" \/>\n\t<meta name=\"twitter:data1\" content=\"2 minutos\" \/>\n<script type=\"application\/ld+json\" class=\"yoast-schema-graph\">{\"@context\":\"https:\\\/\\\/schema.org\",\"@graph\":[{\"@type\":\"WebPage\",\"@id\":\"https:\\\/\\\/www.barnes-miami.com\\\/a-propos\\\/barnes-yachts\\\/\",\"url\":\"https:\\\/\\\/www.barnes-miami.com\\\/a-propos\\\/barnes-yachts\\\/\",\"name\":\"BARNES Yachting | Art de Vivre | BARNES Miami\",\"isPartOf\":{\"@id\":\"https:\\\/\\\/www.barnes-miami.com\\\/#website\"},\"primaryImageOfPage\":{\"@id\":\"https:\\\/\\\/www.barnes-miami.com\\\/a-propos\\\/barnes-yachts\\\/#primaryimage\"},\"image\":{\"@id\":\"https:\\\/\\\/www.barnes-miami.com\\\/a-propos\\\/barnes-yachts\\\/#primaryimage\"},\"thumbnailUrl\":\"https:\\\/\\\/www.barnes-miami.com\\\/wp-content\\\/uploads\\\/2025\\\/10\\\/boat-deck.jpg\",\"datePublished\":\"2019-11-12T15:31:23+00:00\",\"dateModified\":\"2025-10-13T18:40:03+00:00\",\"description\":\"BARNES Yachting s\u2019appuie sur le r\u00e9seau BARNES pour offrir des\u00a0services\u00a0vari\u00e9s dans les destinations o\u00f9 le yachting est un art de vivre.\",\"breadcrumb\":{\"@id\":\"https:\\\/\\\/www.barnes-miami.com\\\/a-propos\\\/barnes-yachts\\\/#breadcrumb\"},\"inLanguage\":\"es\",\"potentialAction\":[{\"@type\":\"ReadAction\",\"target\":[\"https:\\\/\\\/www.barnes-miami.com\\\/a-propos\\\/barnes-yachts\\\/\"]}]},{\"@type\":\"ImageObject\",\"inLanguage\":\"es\",\"@id\":\"https:\\\/\\\/www.barnes-miami.com\\\/a-propos\\\/barnes-yachts\\\/#primaryimage\",\"url\":\"https:\\\/\\\/www.barnes-miami.com\\\/wp-content\\\/uploads\\\/2025\\\/10\\\/boat-deck.jpg\",\"contentUrl\":\"https:\\\/\\\/www.barnes-miami.com\\\/wp-content\\\/uploads\\\/2025\\\/10\\\/boat-deck.jpg\",\"width\":2048,\"height\":1365},{\"@type\":\"BreadcrumbList\",\"@id\":\"https:\\\/\\\/www.barnes-miami.com\\\/a-propos\\\/barnes-yachts\\\/#breadcrumb\",\"itemListElement\":[{\"@type\":\"ListItem\",\"position\":1,\"name\":\"Accueil\",\"item\":\"https:\\\/\\\/www.barnes-miami.com\\\/\"},{\"@type\":\"ListItem\",\"position\":2,\"name\":\"A PROPOS DE BARNES\",\"item\":\"https:\\\/\\\/www.barnes-miami.com\\\/a-propos\\\/\"},{\"@type\":\"ListItem\",\"position\":3,\"name\":\"YACHTING\"}]},{\"@type\":\"WebSite\",\"@id\":\"https:\\\/\\\/www.barnes-miami.com\\\/#website\",\"url\":\"https:\\\/\\\/www.barnes-miami.com\\\/\",\"name\":\"BARNES Miami\",\"description\":\"#1 International Real Estate Brokerage in South Florida\",\"publisher\":{\"@id\":\"https:\\\/\\\/www.barnes-miami.com\\\/#organization\"},\"potentialAction\":[{\"@type\":\"SearchAction\",\"target\":{\"@type\":\"EntryPoint\",\"urlTemplate\":\"https:\\\/\\\/www.barnes-miami.com\\\/?s={search_term_string}\"},\"query-input\":{\"@type\":\"PropertyValueSpecification\",\"valueRequired\":true,\"valueName\":\"search_term_string\"}}],\"inLanguage\":\"es\"},{\"@type\":\"Organization\",\"@id\":\"https:\\\/\\\/www.barnes-miami.com\\\/#organization\",\"name\":\"BARNES Miami\",\"url\":\"https:\\\/\\\/www.barnes-miami.com\\\/\",\"logo\":{\"@type\":\"ImageObject\",\"inLanguage\":\"es\",\"@id\":\"https:\\\/\\\/www.barnes-miami.com\\\/#\\\/schema\\\/logo\\\/image\\\/\",\"url\":\"https:\\\/\\\/www.barnes-miami.com\\\/wp-content\\\/uploads\\\/2026\\\/01\\\/logo-2.png\",\"contentUrl\":\"https:\\\/\\\/www.barnes-miami.com\\\/wp-content\\\/uploads\\\/2026\\\/01\\\/logo-2.png\",\"width\":1100,\"height\":1100,\"caption\":\"BARNES Miami\"},\"image\":{\"@id\":\"https:\\\/\\\/www.barnes-miami.com\\\/#\\\/schema\\\/logo\\\/image\\\/\"},\"sameAs\":[\"https:\\\/\\\/www.facebook.com\\\/barnesinternationalmiami\\\/\",\"https:\\\/\\\/x.com\\\/barnesmiami\",\"https:\\\/\\\/www.instagram.com\\\/barnesmiami\\\/\",\"https:\\\/\\\/www.linkedin.com\\\/company\\\/barnes-international-miami\\\/\",\"https:\\\/\\\/www.youtube.com\\\/user\\\/BarnesImmoMiami\\\/\"]}]}<\/script>\n<!-- \/ Yoast SEO plugin. -->","yoast_head_json":{"title":"BARNES Navegaci\u00f3n | Arte de Vivir | BARNES Miami","description":"BARNES Yachting conf\u00eda en la red BARNES para ofrecer servicios variados en destinos donde la navegaci\u00f3n a vela es una forma de vida.","robots":{"index":"index","follow":"follow","max-snippet":"max-snippet:-1","max-image-preview":"max-image-preview:large","max-video-preview":"max-video-preview:-1"},"canonical":"https:\/\/www.barnes-miami.com\/es\/acerca-de\/yates-barnes\/","og_locale":"es_ES","og_type":"article","og_title":"BARNES Yachting | Art de Vivre | BARNES Miami","og_description":"BARNES Yachting s\u2019appuie sur le r\u00e9seau BARNES pour offrir des\u00a0services\u00a0vari\u00e9s dans les destinations o\u00f9 le yachting est un art de vivre.","og_url":"https:\/\/www.barnes-miami.com\/es\/acerca-de\/yates-barnes\/","og_site_name":"BARNES Miami","article_publisher":"https:\/\/www.facebook.com\/barnesinternationalmiami\/","article_modified_time":"2025-10-13T18:40:03+00:00","og_image":[{"width":2048,"height":1365,"url":"https:\/\/www.barnes-miami.com\/wp-content\/uploads\/2025\/10\/boat-deck.jpg","type":"image\/jpeg"}],"twitter_card":"summary_large_image","twitter_site":"@barnesmiami","twitter_misc":{"Tiempo de lectura":"2 minutos"},"schema":{"@context":"https:\/\/schema.org","@graph":[{"@type":"WebPage","@id":"https:\/\/www.barnes-miami.com\/a-propos\/barnes-yachts\/","url":"https:\/\/www.barnes-miami.com\/a-propos\/barnes-yachts\/","name":"BARNES Navegaci\u00f3n | Arte de Vivir | BARNES Miami","isPartOf":{"@id":"https:\/\/www.barnes-miami.com\/#website"},"primaryImageOfPage":{"@id":"https:\/\/www.barnes-miami.com\/a-propos\/barnes-yachts\/#primaryimage"},"image":{"@id":"https:\/\/www.barnes-miami.com\/a-propos\/barnes-yachts\/#primaryimage"},"thumbnailUrl":"https:\/\/www.barnes-miami.com\/wp-content\/uploads\/2025\/10\/boat-deck.jpg","datePublished":"2019-11-12T15:31:23+00:00","dateModified":"2025-10-13T18:40:03+00:00","description":"BARNES Yachting conf\u00eda en la red BARNES para ofrecer servicios variados en destinos donde la navegaci\u00f3n a vela es una forma de vida.","breadcrumb":{"@id":"https:\/\/www.barnes-miami.com\/a-propos\/barnes-yachts\/#breadcrumb"},"inLanguage":"es","potentialAction":[{"@type":"ReadAction","target":["https:\/\/www.barnes-miami.com\/a-propos\/barnes-yachts\/"]}]},{"@type":"ImageObject","inLanguage":"es","@id":"https:\/\/www.barnes-miami.com\/a-propos\/barnes-yachts\/#primaryimage","url":"https:\/\/www.barnes-miami.com\/wp-content\/uploads\/2025\/10\/boat-deck.jpg","contentUrl":"https:\/\/www.barnes-miami.com\/wp-content\/uploads\/2025\/10\/boat-deck.jpg","width":2048,"height":1365},{"@type":"BreadcrumbList","@id":"https:\/\/www.barnes-miami.com\/a-propos\/barnes-yachts\/#breadcrumb","itemListElement":[{"@type":"ListItem","position":1,"name":"Accueil","item":"https:\/\/www.barnes-miami.com\/"},{"@type":"ListItem","position":2,"name":"A PROPOS DE BARNES","item":"https:\/\/www.barnes-miami.com\/a-propos\/"},{"@type":"ListItem","position":3,"name":"YACHTING"}]},{"@type":"WebSite","@id":"https:\/\/www.barnes-miami.com\/#website","url":"https:\/\/www.barnes-miami.com\/","name":"BARNES Miami","description":"#1 Corretaje internacional de bienes ra\u00edces en el sur de Florida","publisher":{"@id":"https:\/\/www.barnes-miami.com\/#organization"},"potentialAction":[{"@type":"SearchAction","target":{"@type":"EntryPoint","urlTemplate":"https:\/\/www.barnes-miami.com\/?s={search_term_string}"},"query-input":{"@type":"PropertyValueSpecification","valueRequired":true,"valueName":"search_term_string"}}],"inLanguage":"es"},{"@type":"Organization","@id":"https:\/\/www.barnes-miami.com\/#organization","name":"BARNES Miami","url":"https:\/\/www.barnes-miami.com\/","logo":{"@type":"ImageObject","inLanguage":"es","@id":"https:\/\/www.barnes-miami.com\/#\/schema\/logo\/image\/","url":"https:\/\/www.barnes-miami.com\/wp-content\/uploads\/2026\/01\/logo-2.png","contentUrl":"https:\/\/www.barnes-miami.com\/wp-content\/uploads\/2026\/01\/logo-2.png","width":1100,"height":1100,"caption":"BARNES Miami"},"image":{"@id":"https:\/\/www.barnes-miami.com\/#\/schema\/logo\/image\/"},"sameAs":["https:\/\/www.facebook.com\/barnesinternationalmiami\/","https:\/\/x.com\/barnesmiami","https:\/\/www.instagram.com\/barnesmiami\/","https:\/\/www.linkedin.com\/company\/barnes-international-miami\/","https:\/\/www.youtube.com\/user\/BarnesImmoMiami\/"]}]}},"_links":{"self":[{"href":"https:\/\/www.barnes-miami.com\/es\/wp-json\/wp\/v2\/pages\/22520","targetHints":{"allow":["GET"]}}],"collection":[{"href":"https:\/\/www.barnes-miami.com\/es\/wp-json\/wp\/v2\/pages"}],"about":[{"href":"https:\/\/www.barnes-miami.com\/es\/wp-json\/wp\/v2\/types\/page"}],"author":[{"embeddable":true,"href":"https:\/\/www.barnes-miami.com\/es\/wp-json\/wp\/v2\/users\/2"}],"replies":[{"embeddable":true,"href":"https:\/\/www.barnes-miami.com\/es\/wp-json\/wp\/v2\/comments?post=22520"}],"version-history":[{"count":49,"href":"https:\/\/www.barnes-miami.com\/es\/wp-json\/wp\/v2\/pages\/22520\/revisions"}],"predecessor-version":[{"id":30114,"href":"https:\/\/www.barnes-miami.com\/es\/wp-json\/wp\/v2\/pages\/22520\/revisions\/30114"}],"up":[{"embeddable":true,"href":"https:\/\/www.barnes-miami.com\/es\/wp-json\/wp\/v2\/pages\/22777"}],"wp:featuredmedia":[{"embeddable":true,"href":"https:\/\/www.barnes-miami.com\/es\/wp-json\/wp\/v2\/media\/29930"}],"wp:attachment":[{"href":"https:\/\/www.barnes-miami.com\/es\/wp-json\/wp\/v2\/media?parent=22520"}],"curies":[{"name":"gracias","href":"https:\/\/api.w.org\/{rel}","templated":true}]}}