{"id":22526,"date":"2019-11-12T09:56:21","date_gmt":"2019-11-12T14:56:21","guid":{"rendered":"https:\/\/www.barnes-miami.com\/?page_id=22526"},"modified":"2025-10-20T15:58:40","modified_gmt":"2025-10-20T20:58:40","slug":"asesoria-de-arte-de-barnes","status":"publish","type":"page","link":"https:\/\/www.barnes-miami.com\/es\/a-propos\/barnes-art-advisory\/","title":{"rendered":"ARTE + DISE\u00d1O"},"content":{"rendered":"<div style=\"height:45px\" aria-hidden=\"true\" class=\"wp-block-spacer\"><\/div>\n\n\n\n<h4 class=\"wp-block-heading has-text-align-center has-text-color has-link-color has-medium-font-size wp-elements-a1daeee955428e653681c161ae88e5d4\" style=\"color:#bcaa88\">EL ARTE REINVENTADO<\/h4>\n\n\n\n<p class=\"has-text-align-center p80 justify\">El arte de vivir adquiere una nueva dimensi\u00f3n, donde el prestigio y la pasi\u00f3n se encuentran. <strong>BARNES Arte + Dise\u00f1o<\/strong> acompa\u00f1a a sus clientes con excelencia y discreci\u00f3n, en cada etapa de su recorrido art\u00edstico: ya sea para la adquisici\u00f3n de obras, la venta de piezas excepcionales o la gesti\u00f3n completa de una colecci\u00f3n, en el mercado primario o secundario.<\/p>\n\n\n\n<div style=\"height:39px\" aria-hidden=\"true\" class=\"wp-block-spacer\"><\/div>\n\n\n\n<div class=\"wp-block-columns is-layout-flex wp-container-core-columns-is-layout-9d6595d7 wp-block-columns-is-layout-flex\">\n<div class=\"wp-block-column is-layout-flow wp-block-column-is-layout-flow\"><\/div>\n\n\n\n<div class=\"wp-block-column is-layout-flow wp-block-column-is-layout-flow\" style=\"flex-basis:60%\">\n<div class=\"wp-block-buttons is-content-justification-center is-layout-flex wp-container-core-buttons-is-layout-16018d1d wp-block-buttons-is-layout-flex\">\n<div class=\"wp-block-button has-custom-width wp-block-button__width-50 is-style-outline is-style-outline--1\"><a class=\"wp-block-button__link has-text-align-center has-custom-font-size wp-element-button\" href=\"https:\/\/www.barnes-miami.com\/es\/contactar\/\" style=\"border-radius:4px;font-size:16px\">TU COLECCI\u00d3N A MEDIDA<\/a><\/div>\n<\/div>\n<\/div>\n\n\n\n<div class=\"wp-block-column is-layout-flow wp-block-column-is-layout-flow\"><\/div>\n<\/div>\n\n\n\n<div style=\"height:124px\" aria-hidden=\"true\" class=\"wp-block-spacer\"><\/div>\n\n\n\n<h4 class=\"wp-block-heading has-text-align-center\">SERVICIO A MEDIDA<\/h4>\n\n\n\n<h2 class=\"wp-block-heading has-text-align-center has-text-color has-link-color has-large-font-size wp-elements-d31f495bb17cfeb5d73b1a61ba2fafad\" style=\"color:#bcaa88\">LA EXCELENCIA A TU ALCANCE<\/h2>\n\n\n\n<p class=\"has-text-align-center p80 justify\">Nuestro equipo transforma sus proyectos art\u00edsticos en experiencias \u00fanicas, con experiencia, eficiencia y apoyo personalizado. Desde la creaci\u00f3n de colecciones hasta la venta de obras de arte, incluyendo la restauraci\u00f3n y conservaci\u00f3n, cada detalle est\u00e1 dise\u00f1ado pensando en sus ambiciones y tranquilidad.<\/p>\n\n\n\n<div style=\"height:40px\" aria-hidden=\"true\" class=\"wp-block-spacer\"><\/div>\n\n\n\n<h3 class=\"wp-block-heading has-text-align-center\"><br>Asesoramiento y creaci\u00f3n de colecciones<\/h3>\n\n\n\n<hr class=\"wp-block-separator has-text-color has-alpha-channel-opacity has-background is-style-default\" style=\"background-color:#bcaa88;color:#bcaa88\"\/>\n\n\n\n<h3 class=\"wp-block-heading has-text-align-center\"><br>An\u00e1lisis de mercado y seguimiento de artistas<\/h3>\n\n\n\n<hr class=\"wp-block-separator has-text-color has-alpha-channel-opacity has-background is-style-default\" style=\"background-color:#bcaa88;color:#bcaa88\"\/>\n\n\n\n<h3 class=\"wp-block-heading has-text-align-center\"><br>Venta de obras y apoyo inmobiliario<\/h3>\n\n\n\n<hr class=\"wp-block-separator has-text-color has-alpha-channel-opacity has-background is-style-default\" style=\"background-color:#bcaa88;color:#bcaa88\"\/>\n\n\n\n<h3 class=\"wp-block-heading has-text-align-center\"><br>Restauraci\u00f3n y conservaci\u00f3n<\/h3>\n\n\n\n<hr class=\"wp-block-separator has-text-color has-alpha-channel-opacity has-background is-style-default\" style=\"background-color:#bcaa88;color:#bcaa88\"\/>\n\n\n\n<h3 class=\"wp-block-heading has-text-align-center\"><br>Seguros, almacenaje, transporte e instalaci\u00f3n<\/h3>\n\n\n\n<div style=\"height:40px\" aria-hidden=\"true\" class=\"wp-block-spacer\"><\/div>\n\n\n\n<div class=\"wp-block-cover has-parallax\"><div class=\"wp-block-cover__image-background wp-image-29908 size-full has-parallax\" style=\"background-position:50% 50%;background-image:url(https:\/\/www.barnes-miami.com\/wp-content\/uploads\/2025\/10\/art.jpg)\"><\/div><span aria-hidden=\"true\" class=\"wp-block-cover__background has-foreground-background-color has-background-dim\"><\/span><div class=\"wp-block-cover__inner-container is-layout-constrained wp-container-core-cover-is-layout-23fe5839 wp-block-cover-is-layout-constrained\">\n<div style=\"height:172px\" aria-hidden=\"true\" class=\"wp-block-spacer\"><\/div>\n\n\n\n<h2 class=\"wp-block-heading has-text-align-center scroll-animate has-large-font-size\"><br>Desde la visi\u00f3n hasta la finalizaci\u00f3n, cada paso est\u00e1 dise\u00f1ado para usted.<\/h2>\n\n\n\n<div style=\"height:184px\" aria-hidden=\"true\" class=\"wp-block-spacer\"><\/div>\n<\/div><\/div>\n\n\n\n<div style=\"height:40px\" aria-hidden=\"true\" class=\"wp-block-spacer\"><\/div>\n\n\n\n<h4 class=\"wp-block-heading has-text-align-center\"><br>EXPOSICIONES Y ASOCIACIONES<\/h4>\n\n\n\n<h2 class=\"wp-block-heading has-text-align-center has-text-color has-link-color has-large-font-size wp-elements-50810a6ad5205b85a9dca5c4d71df2b5\" style=\"color:#bcaa88\">ARTE CONTEMPOR\u00c1NEO EXCLUSIVO<\/h2>\n\n\n\n<p class=\"has-text-align-center p80 justify\">BARNES Art Advisory est\u00e1 plenamente comprometido con el arte contempor\u00e1neo, organizando y apoyando prestigiosas exposiciones en lugares emblem\u00e1ticos de Francia y del mundo. Gracias a estas colaboraciones, ofrecemos a nuestros clientes un acceso privilegiado a las tendencias y talentos m\u00e1s prometedores del mercado del arte.<\/p>\n\n\n\n<p class=\"has-text-align-center p80 justify\">Nuestra presencia en grandes eventos como FIAC, Art Basel Miami o Paris Photo nos permite conectar a coleccionistas, artistas y expertos, a la vez que ofrecemos una visibilidad \u00f3ptima a las obras y colecciones que apoyamos.<\/p>\n\n\n\n<div style=\"height:53px\" aria-hidden=\"true\" class=\"wp-block-spacer\"><\/div>\n\n\n\n<div class=\"wp-block-columns is-layout-flex wp-container-core-columns-is-layout-9d6595d7 wp-block-columns-is-layout-flex\">\n<div class=\"wp-block-column is-layout-flow wp-block-column-is-layout-flow\"><\/div>\n\n\n\n<div class=\"wp-block-column is-layout-flow wp-block-column-is-layout-flow\" style=\"flex-basis:60%\">\n<div class=\"wp-block-buttons is-content-justification-center is-layout-flex wp-container-core-buttons-is-layout-16018d1d wp-block-buttons-is-layout-flex\">\n<div class=\"wp-block-button has-custom-width wp-block-button__width-50 is-style-outline is-style-outline--2\"><a class=\"wp-block-button__link has-text-align-center has-custom-font-size wp-element-button\" href=\"https:\/\/www.barnes-miami.com\/es\/contactar\/\" style=\"border-radius:4px;font-size:16px\">CONSULTA EXCLUSIVA<\/a><\/div>\n<\/div>\n<\/div>\n\n\n\n<div class=\"wp-block-column is-layout-flow wp-block-column-is-layout-flow\"><\/div>\n<\/div>\n\n\n\n<div style=\"height:105px\" aria-hidden=\"true\" class=\"wp-block-spacer\"><\/div>\n\n\n\n<div class=\"wp-block-barnes-blocks-carousel\"><div class=\"carousel2-properties-wrapper\"><div class=\"swiper-container swiper-carousel2\"><div class=\"swiper-wrapper\"><a href=\"\" target=\"_blank\" rel=\"noopener\" class=\"a-prop1 swiper-slide carousel2-property\"><div><img decoding=\"async\" src=\"https:\/\/www.barnes-miami.com\/wp-content\/uploads\/2025\/10\/16_Tg0fP.jpg\" class=\"lazy swiper-lazy carousel2 img-prop1\" alt=\"\" loading=\"lazy\"\/><\/div><div class=\"title title-prop1\"><\/div><div class=\"subtitle subtitle-prop1\">\u00a9 Etienne Moyatat en BARNES Bonaparte<\/div><\/a><a href=\"\" target=\"_blank\" rel=\"noopener\" class=\"a-prop2 swiper-slide carousel2-property\"><div><img decoding=\"async\" src=\"https:\/\/www.barnes-miami.com\/wp-content\/uploads\/2025\/10\/16_vc2jn.jpg\" class=\"lazy swiper-lazy carousel2 img-prop2\" alt=\"\" loading=\"lazy\"\/><\/div><div class=\"title title-prop2\"><\/div><div class=\"subtitle subtitle-prop2\">\u00a9 Visita privada \u2013 Exposiciones de la Fundaci\u00f3n Cartier \u2013 Fot\u00f3grafo Luc Boegly<\/div><\/a><a href=\"\" target=\"_blank\" rel=\"noopener\" class=\"a-prop3 swiper-slide carousel2-property\"><div><img decoding=\"async\" src=\"https:\/\/www.barnes-miami.com\/wp-content\/uploads\/2025\/10\/16_BKhZ7.jpg\" class=\"lazy swiper-lazy carousel2 img-prop3\" alt=\"\" loading=\"lazy\"\/><\/div><div class=\"title title-prop3\"><\/div><div class=\"subtitle subtitle-prop3\">\u00a9 Aur\u00e9lie Quentin<\/div><\/a><a href=\"\" target=\"_blank\" rel=\"noopener\" class=\"a-prop4 swiper-slide carousel2-property\"><div><img decoding=\"async\" src=\"https:\/\/www.barnes-miami.com\/wp-content\/uploads\/2025\/10\/16_scB0z.jpg\" class=\"lazy swiper-lazy carousel2 img-prop4\" alt=\"\" loading=\"lazy\"\/><\/div><div class=\"title title-prop4\"><\/div><div class=\"subtitle subtitle-prop4\">\u00a9 Jousse Sieff<\/div><\/a><a href=\"\" target=\"_blank\" rel=\"noopener\" class=\"a-prop5 swiper-slide carousel2-property\"><div><img decoding=\"async\" src=\"https:\/\/www.barnes-miami.com\/wp-content\/uploads\/2025\/10\/16_8DemK.jpg\" class=\"lazy swiper-lazy carousel2 img-prop5\" alt=\"\" loading=\"lazy\"\/><\/div><div class=\"title title-prop5\"><\/div><div class=\"subtitle subtitle-prop5\">\u00a9 Olivier Dassault, \u201cCirculaci\u00f3n del arte\u201d<\/div><\/a><a href=\"\" target=\"_blank\" rel=\"noopener\" class=\"a-prop6 swiper-slide carousel2-property\"><div><img decoding=\"async\" src=\"https:\/\/www.barnes-miami.com\/wp-content\/uploads\/2025\/10\/16_fpoz7.jpg\" class=\"lazy swiper-lazy carousel2 img-prop6\" alt=\"\" loading=\"lazy\"\/><\/div><div class=\"title title-prop6\"><\/div><div class=\"subtitle subtitle-prop6\">\u00a9 Gabriela Meuni\u00e9<\/div><\/a><a href=\"\" target=\"_blank\" rel=\"noopener\" class=\"a-prop7 swiper-slide carousel2-property\"><div><img decoding=\"async\" src=\"https:\/\/www.barnes-miami.com\/wp-content\/uploads\/2025\/10\/16_EBtPO.jpg\" class=\"lazy swiper-lazy carousel2 img-prop7\" alt=\"\" loading=\"lazy\"\/><\/div><div class=\"title title-prop7\"><\/div><div class=\"subtitle subtitle-prop7\">\u00a9 Falcone \u2013 Guitarra Infinity<\/div><\/a><a href=\"\" target=\"_blank\" rel=\"noopener\" class=\"a-prop8 swiper-slide carousel2-property\"><div><img decoding=\"async\" src=\"https:\/\/www.barnes-miami.com\/wp-content\/uploads\/2025\/10\/16_dQ60L.jpg\" class=\"lazy swiper-lazy carousel2 img-prop8\" alt=\"\" loading=\"lazy\"\/><\/div><div class=\"title title-prop8\"><\/div><div class=\"subtitle subtitle-prop8\">\u00a9 Karen Knorr en BARNES Londres<\/div><\/a><a href=\"\" target=\"_blank\" rel=\"noopener\" class=\"a-prop9 swiper-slide carousel2-property\"><div><img decoding=\"async\" src=\"https:\/\/www.barnes-miami.com\/wp-content\/uploads\/2025\/10\/16_G6IGR.jpg\" class=\"lazy swiper-lazy carousel2 img-prop9\" alt=\"\" loading=\"lazy\"\/><\/div><div class=\"title title-prop9\"><\/div><div class=\"subtitle subtitle-prop9\">\u00a9 Claude Viallat en BARNES Valbonne<\/div><\/a><\/div><div class=\"swiper-carousel2-button-prev\"><svg viewbox=\"0 0 800 800\" xmlns=\"http:\/\/www.w3.org\/2000\/svg\" width=\"30\" height=\"30\"><path d=\"m192.5 425.7 363.6 363.6c14.2 14.2 37.2 14.2 51.4 0s14.2-37.2 0-51.4l-337.9-337.9 337.9-337.9c14.2-14.2 14.2-37.2 0-51.4-7.1-7.2-16.4-10.7-25.7-10.7s-18.6 3.5-25.7 10.7l-363.6 363.6c-6.8 6.8-10.7 16.1-10.7 25.7s3.8 18.9 10.7 25.7z\" fill=\"currentColor\"><\/path><\/svg><\/div><div class=\"swiper-carousel2-button-next\"><svg viewbox=\"0 0 800 800\" xmlns=\"http:\/\/www.w3.org\/2000\/svg\" width=\"30\" height=\"30\"><path d=\"m607.5 374.3-363.6-363.7c-14.2-14.2-37.2-14.2-51.4 0s-14.2 37.2 0 51.4l337.9 337.9-337.9 337.9c-14.2 14.2-14.2 37.2 0 51.4 7.1 7.1 16.4 10.6 25.7 10.6s18.6-3.5 25.7-10.7l363.6-363.6c6.8-6.8 10.7-16.1 10.7-25.7s-3.8-18.9-10.7-25.7z\" fill=\"currentColor\"><\/path><\/svg><\/div><\/div><\/div><\/div>\n\n\n\n<p><\/p>","protected":false},"excerpt":{"rendered":"<p>L\u2019ART R\u00c9INVENT\u00c9 L \u2019art de vivre prend une nouvelle dimension, o\u00f9 prestige et passion se rencontrent. BARNES Art + Design accompagne ses clients avec excellence et discr\u00e9tion, \u00e0 chaque \u00e9tape de leur parcours artistique : que ce soit pour l\u2019acquisition d\u2019\u0153uvres, la vente de pi\u00e8ces exceptionnelles ou la gestion compl\u00e8te d\u2019une collection, sur le premier [&hellip;]<\/p>\n","protected":false},"author":2,"featured_media":29902,"parent":22777,"menu_order":0,"comment_status":"closed","ping_status":"closed","template":"","meta":{"inline_featured_image":false,"footnotes":""},"class_list":["post-22526","page","type-page","status-publish","has-post-thumbnail","hentry"],"yoast_head":"<!-- This site is optimized with the Yoast SEO plugin v27.4 - https:\/\/yoast.com\/product\/yoast-seo-wordpress\/ -->\n<title>BARNES ART ADVISORY | Art de Vivre | BARNES Miami<\/title>\n<meta name=\"description\" content=\"L&#039;immobilier de Prestige et l&#039;Art s&#039;allient pour cr\u00e9er \u00e0 BARNES Art Advisory afin d&#039;offrir des services uniques \u00e0 une client\u00e8le d&#039;exception.\" \/>\n<meta name=\"robots\" content=\"index, follow, max-snippet:-1, max-image-preview:large, max-video-preview:-1\" \/>\n<link rel=\"canonical\" href=\"https:\/\/www.barnes-miami.com\/es\/acerca-de\/asesoria-de-arte-de-barnes\/\" \/>\n<meta property=\"og:locale\" content=\"es_ES\" \/>\n<meta property=\"og:type\" content=\"article\" \/>\n<meta property=\"og:title\" content=\"BARNES ART ADVISORY | Art de Vivre | BARNES Miami\" \/>\n<meta property=\"og:description\" content=\"L&#039;immobilier de Prestige et l&#039;Art s&#039;allient pour cr\u00e9er \u00e0 BARNES Art Advisory afin d&#039;offrir des services uniques \u00e0 une client\u00e8le d&#039;exception.\" \/>\n<meta property=\"og:url\" content=\"https:\/\/www.barnes-miami.com\/es\/acerca-de\/asesoria-de-arte-de-barnes\/\" \/>\n<meta property=\"og:site_name\" content=\"BARNES Miami\" \/>\n<meta property=\"article:publisher\" content=\"https:\/\/www.facebook.com\/barnesinternationalmiami\/\" \/>\n<meta property=\"article:modified_time\" content=\"2025-10-20T20:58:40+00:00\" \/>\n<meta property=\"og:image\" content=\"https:\/\/www.barnes-miami.com\/wp-content\/uploads\/2025\/10\/barnes-art-scaled.jpg\" \/>\n\t<meta property=\"og:image:width\" content=\"2560\" \/>\n\t<meta property=\"og:image:height\" content=\"1177\" \/>\n\t<meta property=\"og:image:type\" content=\"image\/jpeg\" \/>\n<meta name=\"twitter:card\" content=\"summary_large_image\" \/>\n<meta name=\"twitter:site\" content=\"@barnesmiami\" \/>\n<meta name=\"twitter:label1\" content=\"Tiempo de lectura\" \/>\n\t<meta name=\"twitter:data1\" content=\"1 minuto\" \/>\n<script type=\"application\/ld+json\" class=\"yoast-schema-graph\">{\"@context\":\"https:\\\/\\\/schema.org\",\"@graph\":[{\"@type\":\"WebPage\",\"@id\":\"https:\\\/\\\/www.barnes-miami.com\\\/a-propos\\\/barnes-art-advisory\\\/\",\"url\":\"https:\\\/\\\/www.barnes-miami.com\\\/a-propos\\\/barnes-art-advisory\\\/\",\"name\":\"BARNES ART ADVISORY | Art de Vivre | BARNES Miami\",\"isPartOf\":{\"@id\":\"https:\\\/\\\/www.barnes-miami.com\\\/#website\"},\"primaryImageOfPage\":{\"@id\":\"https:\\\/\\\/www.barnes-miami.com\\\/a-propos\\\/barnes-art-advisory\\\/#primaryimage\"},\"image\":{\"@id\":\"https:\\\/\\\/www.barnes-miami.com\\\/a-propos\\\/barnes-art-advisory\\\/#primaryimage\"},\"thumbnailUrl\":\"https:\\\/\\\/www.barnes-miami.com\\\/wp-content\\\/uploads\\\/2025\\\/10\\\/barnes-art-scaled.jpg\",\"datePublished\":\"2019-11-12T14:56:21+00:00\",\"dateModified\":\"2025-10-20T20:58:40+00:00\",\"description\":\"L'immobilier de Prestige et l'Art s'allient pour cr\u00e9er \u00e0 BARNES Art Advisory afin d'offrir des services uniques \u00e0 une client\u00e8le d'exception.\",\"breadcrumb\":{\"@id\":\"https:\\\/\\\/www.barnes-miami.com\\\/a-propos\\\/barnes-art-advisory\\\/#breadcrumb\"},\"inLanguage\":\"es\",\"potentialAction\":[{\"@type\":\"ReadAction\",\"target\":[\"https:\\\/\\\/www.barnes-miami.com\\\/a-propos\\\/barnes-art-advisory\\\/\"]}]},{\"@type\":\"ImageObject\",\"inLanguage\":\"es\",\"@id\":\"https:\\\/\\\/www.barnes-miami.com\\\/a-propos\\\/barnes-art-advisory\\\/#primaryimage\",\"url\":\"https:\\\/\\\/www.barnes-miami.com\\\/wp-content\\\/uploads\\\/2025\\\/10\\\/barnes-art-scaled.jpg\",\"contentUrl\":\"https:\\\/\\\/www.barnes-miami.com\\\/wp-content\\\/uploads\\\/2025\\\/10\\\/barnes-art-scaled.jpg\",\"width\":2560,\"height\":1177},{\"@type\":\"BreadcrumbList\",\"@id\":\"https:\\\/\\\/www.barnes-miami.com\\\/a-propos\\\/barnes-art-advisory\\\/#breadcrumb\",\"itemListElement\":[{\"@type\":\"ListItem\",\"position\":1,\"name\":\"Accueil\",\"item\":\"https:\\\/\\\/www.barnes-miami.com\\\/\"},{\"@type\":\"ListItem\",\"position\":2,\"name\":\"A PROPOS DE BARNES\",\"item\":\"https:\\\/\\\/www.barnes-miami.com\\\/a-propos\\\/\"},{\"@type\":\"ListItem\",\"position\":3,\"name\":\"ART + DESIGN\"}]},{\"@type\":\"WebSite\",\"@id\":\"https:\\\/\\\/www.barnes-miami.com\\\/#website\",\"url\":\"https:\\\/\\\/www.barnes-miami.com\\\/\",\"name\":\"BARNES Miami\",\"description\":\"#1 International Real Estate Brokerage in South Florida\",\"publisher\":{\"@id\":\"https:\\\/\\\/www.barnes-miami.com\\\/#organization\"},\"potentialAction\":[{\"@type\":\"SearchAction\",\"target\":{\"@type\":\"EntryPoint\",\"urlTemplate\":\"https:\\\/\\\/www.barnes-miami.com\\\/?s={search_term_string}\"},\"query-input\":{\"@type\":\"PropertyValueSpecification\",\"valueRequired\":true,\"valueName\":\"search_term_string\"}}],\"inLanguage\":\"es\"},{\"@type\":\"Organization\",\"@id\":\"https:\\\/\\\/www.barnes-miami.com\\\/#organization\",\"name\":\"BARNES Miami\",\"url\":\"https:\\\/\\\/www.barnes-miami.com\\\/\",\"logo\":{\"@type\":\"ImageObject\",\"inLanguage\":\"es\",\"@id\":\"https:\\\/\\\/www.barnes-miami.com\\\/#\\\/schema\\\/logo\\\/image\\\/\",\"url\":\"https:\\\/\\\/www.barnes-miami.com\\\/wp-content\\\/uploads\\\/2026\\\/01\\\/logo-2.png\",\"contentUrl\":\"https:\\\/\\\/www.barnes-miami.com\\\/wp-content\\\/uploads\\\/2026\\\/01\\\/logo-2.png\",\"width\":1100,\"height\":1100,\"caption\":\"BARNES Miami\"},\"image\":{\"@id\":\"https:\\\/\\\/www.barnes-miami.com\\\/#\\\/schema\\\/logo\\\/image\\\/\"},\"sameAs\":[\"https:\\\/\\\/www.facebook.com\\\/barnesinternationalmiami\\\/\",\"https:\\\/\\\/x.com\\\/barnesmiami\",\"https:\\\/\\\/www.instagram.com\\\/barnesmiami\\\/\",\"https:\\\/\\\/www.linkedin.com\\\/company\\\/barnes-international-miami\\\/\",\"https:\\\/\\\/www.youtube.com\\\/user\\\/BarnesImmoMiami\\\/\"]}]}<\/script>\n<!-- \/ Yoast SEO plugin. -->","yoast_head_json":{"title":"CONSEJO DE ARTE DE BARNES | Arte de Vivir | BARNES Miami","description":"El prestigio inmobiliario y el arte se combinan para crear BARNES Art Advisory con el fin de ofrecer servicios \u00fanicos a una clientela excepcional.","robots":{"index":"index","follow":"follow","max-snippet":"max-snippet:-1","max-image-preview":"max-image-preview:large","max-video-preview":"max-video-preview:-1"},"canonical":"https:\/\/www.barnes-miami.com\/es\/acerca-de\/asesoria-de-arte-de-barnes\/","og_locale":"es_ES","og_type":"article","og_title":"BARNES ART ADVISORY | Art de Vivre | BARNES Miami","og_description":"L'immobilier de Prestige et l'Art s'allient pour cr\u00e9er \u00e0 BARNES Art Advisory afin d'offrir des services uniques \u00e0 une client\u00e8le d'exception.","og_url":"https:\/\/www.barnes-miami.com\/es\/acerca-de\/asesoria-de-arte-de-barnes\/","og_site_name":"BARNES Miami","article_publisher":"https:\/\/www.facebook.com\/barnesinternationalmiami\/","article_modified_time":"2025-10-20T20:58:40+00:00","og_image":[{"width":2560,"height":1177,"url":"https:\/\/www.barnes-miami.com\/wp-content\/uploads\/2025\/10\/barnes-art-scaled.jpg","type":"image\/jpeg"}],"twitter_card":"summary_large_image","twitter_site":"@barnesmiami","twitter_misc":{"Tiempo de lectura":"1 minuto"},"schema":{"@context":"https:\/\/schema.org","@graph":[{"@type":"WebPage","@id":"https:\/\/www.barnes-miami.com\/a-propos\/barnes-art-advisory\/","url":"https:\/\/www.barnes-miami.com\/a-propos\/barnes-art-advisory\/","name":"CONSEJO DE ARTE DE BARNES | Arte de Vivir | BARNES Miami","isPartOf":{"@id":"https:\/\/www.barnes-miami.com\/#website"},"primaryImageOfPage":{"@id":"https:\/\/www.barnes-miami.com\/a-propos\/barnes-art-advisory\/#primaryimage"},"image":{"@id":"https:\/\/www.barnes-miami.com\/a-propos\/barnes-art-advisory\/#primaryimage"},"thumbnailUrl":"https:\/\/www.barnes-miami.com\/wp-content\/uploads\/2025\/10\/barnes-art-scaled.jpg","datePublished":"2019-11-12T14:56:21+00:00","dateModified":"2025-10-20T20:58:40+00:00","description":"El prestigio inmobiliario y el arte se combinan para crear BARNES Art Advisory con el fin de ofrecer servicios \u00fanicos a una clientela excepcional.","breadcrumb":{"@id":"https:\/\/www.barnes-miami.com\/a-propos\/barnes-art-advisory\/#breadcrumb"},"inLanguage":"es","potentialAction":[{"@type":"ReadAction","target":["https:\/\/www.barnes-miami.com\/a-propos\/barnes-art-advisory\/"]}]},{"@type":"ImageObject","inLanguage":"es","@id":"https:\/\/www.barnes-miami.com\/a-propos\/barnes-art-advisory\/#primaryimage","url":"https:\/\/www.barnes-miami.com\/wp-content\/uploads\/2025\/10\/barnes-art-scaled.jpg","contentUrl":"https:\/\/www.barnes-miami.com\/wp-content\/uploads\/2025\/10\/barnes-art-scaled.jpg","width":2560,"height":1177},{"@type":"BreadcrumbList","@id":"https:\/\/www.barnes-miami.com\/a-propos\/barnes-art-advisory\/#breadcrumb","itemListElement":[{"@type":"ListItem","position":1,"name":"Accueil","item":"https:\/\/www.barnes-miami.com\/"},{"@type":"ListItem","position":2,"name":"A PROPOS DE BARNES","item":"https:\/\/www.barnes-miami.com\/a-propos\/"},{"@type":"ListItem","position":3,"name":"ART + DESIGN"}]},{"@type":"WebSite","@id":"https:\/\/www.barnes-miami.com\/#website","url":"https:\/\/www.barnes-miami.com\/","name":"BARNES Miami","description":"#1 Corretaje internacional de bienes ra\u00edces en el sur de Florida","publisher":{"@id":"https:\/\/www.barnes-miami.com\/#organization"},"potentialAction":[{"@type":"SearchAction","target":{"@type":"EntryPoint","urlTemplate":"https:\/\/www.barnes-miami.com\/?s={search_term_string}"},"query-input":{"@type":"PropertyValueSpecification","valueRequired":true,"valueName":"search_term_string"}}],"inLanguage":"es"},{"@type":"Organization","@id":"https:\/\/www.barnes-miami.com\/#organization","name":"BARNES Miami","url":"https:\/\/www.barnes-miami.com\/","logo":{"@type":"ImageObject","inLanguage":"es","@id":"https:\/\/www.barnes-miami.com\/#\/schema\/logo\/image\/","url":"https:\/\/www.barnes-miami.com\/wp-content\/uploads\/2026\/01\/logo-2.png","contentUrl":"https:\/\/www.barnes-miami.com\/wp-content\/uploads\/2026\/01\/logo-2.png","width":1100,"height":1100,"caption":"BARNES Miami"},"image":{"@id":"https:\/\/www.barnes-miami.com\/#\/schema\/logo\/image\/"},"sameAs":["https:\/\/www.facebook.com\/barnesinternationalmiami\/","https:\/\/x.com\/barnesmiami","https:\/\/www.instagram.com\/barnesmiami\/","https:\/\/www.linkedin.com\/company\/barnes-international-miami\/","https:\/\/www.youtube.com\/user\/BarnesImmoMiami\/"]}]}},"_links":{"self":[{"href":"https:\/\/www.barnes-miami.com\/es\/wp-json\/wp\/v2\/pages\/22526","targetHints":{"allow":["GET"]}}],"collection":[{"href":"https:\/\/www.barnes-miami.com\/es\/wp-json\/wp\/v2\/pages"}],"about":[{"href":"https:\/\/www.barnes-miami.com\/es\/wp-json\/wp\/v2\/types\/page"}],"author":[{"embeddable":true,"href":"https:\/\/www.barnes-miami.com\/es\/wp-json\/wp\/v2\/users\/2"}],"replies":[{"embeddable":true,"href":"https:\/\/www.barnes-miami.com\/es\/wp-json\/wp\/v2\/comments?post=22526"}],"version-history":[{"count":39,"href":"https:\/\/www.barnes-miami.com\/es\/wp-json\/wp\/v2\/pages\/22526\/revisions"}],"predecessor-version":[{"id":30713,"href":"https:\/\/www.barnes-miami.com\/es\/wp-json\/wp\/v2\/pages\/22526\/revisions\/30713"}],"up":[{"embeddable":true,"href":"https:\/\/www.barnes-miami.com\/es\/wp-json\/wp\/v2\/pages\/22777"}],"wp:featuredmedia":[{"embeddable":true,"href":"https:\/\/www.barnes-miami.com\/es\/wp-json\/wp\/v2\/media\/29902"}],"wp:attachment":[{"href":"https:\/\/www.barnes-miami.com\/es\/wp-json\/wp\/v2\/media?parent=22526"}],"curies":[{"name":"gracias","href":"https:\/\/api.w.org\/{rel}","templated":true}]}}