{"id":22745,"date":"2019-11-08T00:16:45","date_gmt":"2019-11-08T05:16:45","guid":{"rendered":"https:\/\/www.barnes-miami.com\/?page_id=22745"},"modified":"2025-10-20T16:10:08","modified_gmt":"2025-10-20T21:10:08","slug":"barnes-america","status":"publish","type":"page","link":"https:\/\/www.barnes-miami.com\/es\/barnes-amerique\/","title":{"rendered":"BARNES Am\u00e9rica del Norte"},"content":{"rendered":"<div style=\"height:45px\" aria-hidden=\"true\" class=\"wp-block-spacer\"><\/div>\n\n\n\n<h4 class=\"wp-block-heading has-text-align-center has-text-color has-link-color has-medium-font-size wp-elements-c13efbba7544dbdc1a3f924d10aff9e8\" style=\"color:#bcaa88\">UNA RED EN COMPLETA EXPANSI\u00d3N<\/h4>\n\n\n\n<p class=\"has-text-align-center p80 justify\">Presente en ciudades emblem\u00e1ticas como Miami, Nueva York, Montreal y San Bartolom\u00e9, BARNES atrae a inversores franc\u00f3fonos y a una clientela internacional. Gracias a su experiencia en bienes ra\u00edces de lujo y su singular conocimiento del Arte de Vivir, la red contin\u00faa expandi\u00e9ndose por todo el continente, abriendo nuevas oportunidades y consolidando su presencia en los destinos m\u00e1s codiciados. Con BARNES, cada propiedad se convierte en mucho m\u00e1s que un lugar: un aut\u00e9ntico estilo de vida que combina lujo, refinamiento y un servicio excelente.<\/p>\n\n\n\n<p class=\"has-text-align-center p80 justify\">Desde emblem\u00e1ticos puertos deportivos hasta las galer\u00edas de arte m\u00e1s prestigiosas y experiencias culinarias inolvidables, cada momento con BARNES encarna la elegancia, el refinamiento y la excelencia. Aqu\u00ed, la excepci\u00f3n no es un lujo: es una forma de vida.<\/p>\n\n\n\n<div style=\"height:18px\" aria-hidden=\"true\" class=\"wp-block-spacer\"><\/div>\n\n\n\n<div class=\"wp-block-columns is-layout-flex wp-container-core-columns-is-layout-9d6595d7 wp-block-columns-is-layout-flex\">\n<div class=\"wp-block-column is-layout-flow wp-block-column-is-layout-flow\"><\/div>\n\n\n\n<div class=\"wp-block-column is-layout-flow wp-block-column-is-layout-flow\">\n<div class=\"wp-block-buttons is-content-justification-center is-layout-flex wp-container-core-buttons-is-layout-16018d1d wp-block-buttons-is-layout-flex\">\n<div class=\"wp-block-button is-style-outline is-style-outline--1\"><a class=\"wp-block-button__link has-text-align-center has-custom-font-size wp-element-button\" href=\"https:\/\/www.barnes-international.com\/fr\/agences.html\" style=\"border-radius:4px;font-size:16px\">DESCUBRE NUESTRAS AGENCIAS<\/a><\/div>\n<\/div>\n<\/div>\n\n\n\n<div class=\"wp-block-column is-layout-flow wp-block-column-is-layout-flow\"><\/div>\n<\/div>\n\n\n\n<div style=\"height:83px\" aria-hidden=\"true\" class=\"wp-block-spacer\"><\/div>\n\n\n\n<h4 class=\"wp-block-heading has-text-align-center\">BARNES NORTEAM\u00c9RICA<\/h4>\n\n\n\n<h2 class=\"wp-block-heading has-text-align-center has-text-color has-link-color has-large-font-size wp-elements-7cc388246f12ca4ca553ae69582cc2d3\" style=\"color:#bcaa88\">NUESTROS DESTINOS<\/h2>\n\n\n\n<div style=\"height:24px\" aria-hidden=\"true\" class=\"wp-block-spacer\"><\/div>\n\n\n\n<div class=\"wp-block-columns are-vertically-aligned-top is-layout-flex wp-container-core-columns-is-layout-9d6595d7 wp-block-columns-is-layout-flex\">\n<div class=\"wp-block-column is-layout-flow wp-block-column-is-layout-flow\" style=\"flex-basis:15%\"><\/div>\n\n\n\n<div class=\"wp-block-column is-vertically-aligned-top has-background-background-color has-background is-layout-flow wp-block-column-is-layout-flow\" style=\"flex-basis:70%\">\n<div class=\"wp-block-cover banniere\" style=\"min-height:200px;aspect-ratio:unset;\"><img loading=\"lazy\" decoding=\"async\" width=\"1634\" height=\"800\" class=\"wp-block-cover__image-background wp-image-29837 size-full\" alt=\"\" src=\"https:\/\/www.barnes-miami.com\/wp-content\/uploads\/2025\/10\/miami-channel.jpg\" data-object-fit=\"cover\" srcset=\"https:\/\/www.barnes-miami.com\/wp-content\/uploads\/2025\/10\/miami-channel.jpg 1634w, https:\/\/www.barnes-miami.com\/wp-content\/uploads\/2025\/10\/miami-channel-300x147.jpg 300w, https:\/\/www.barnes-miami.com\/wp-content\/uploads\/2025\/10\/miami-channel-1024x501.jpg 1024w, https:\/\/www.barnes-miami.com\/wp-content\/uploads\/2025\/10\/miami-channel-768x376.jpg 768w, https:\/\/www.barnes-miami.com\/wp-content\/uploads\/2025\/10\/miami-channel-1536x752.jpg 1536w, https:\/\/www.barnes-miami.com\/wp-content\/uploads\/2025\/10\/miami-channel-18x9.jpg 18w\" sizes=\"auto, (max-width: 1634px) 100vw, 1634px\" \/><span aria-hidden=\"true\" class=\"wp-block-cover__background has-background-dim-20 has-background-dim\"><\/span><div class=\"wp-block-cover__inner-container is-layout-flow wp-block-cover-is-layout-flow\">\n<h3 class=\"wp-block-heading has-text-align-center nounderline has-background-color has-text-color has-link-color wp-elements-44a88ea7f315eb27596dc7cdd367aad7\" style=\"font-size:24px\"><a href=\"https:\/\/www.barnes-miami.com\/es\/\">miami<\/a><\/h3>\n<\/div><\/div>\n<\/div>\n\n\n\n<div class=\"wp-block-column is-layout-flow wp-block-column-is-layout-flow\" style=\"flex-basis:15%\"><\/div>\n<\/div>\n\n\n\n<div style=\"height:24px\" aria-hidden=\"true\" class=\"wp-block-spacer\"><\/div>\n\n\n\n<div class=\"wp-block-columns are-vertically-aligned-top is-layout-flex wp-container-core-columns-is-layout-9d6595d7 wp-block-columns-is-layout-flex\">\n<div class=\"wp-block-column is-layout-flow wp-block-column-is-layout-flow\" style=\"flex-basis:15%\"><\/div>\n\n\n\n<div class=\"wp-block-column is-vertically-aligned-top has-background-background-color has-background is-layout-flow wp-block-column-is-layout-flow\" style=\"flex-basis:34%\">\n<div class=\"wp-block-cover banniere\" style=\"min-height:200px;aspect-ratio:unset;\"><img loading=\"lazy\" decoding=\"async\" width=\"1800\" height=\"1201\" class=\"wp-block-cover__image-background wp-image-29847 size-full\" alt=\"\" src=\"https:\/\/www.barnes-miami.com\/wp-content\/uploads\/2025\/10\/new-york.jpg\" data-object-fit=\"cover\" srcset=\"https:\/\/www.barnes-miami.com\/wp-content\/uploads\/2025\/10\/new-york.jpg 1800w, https:\/\/www.barnes-miami.com\/wp-content\/uploads\/2025\/10\/new-york-300x200.jpg 300w, https:\/\/www.barnes-miami.com\/wp-content\/uploads\/2025\/10\/new-york-1024x683.jpg 1024w, https:\/\/www.barnes-miami.com\/wp-content\/uploads\/2025\/10\/new-york-768x512.jpg 768w, https:\/\/www.barnes-miami.com\/wp-content\/uploads\/2025\/10\/new-york-1536x1025.jpg 1536w, https:\/\/www.barnes-miami.com\/wp-content\/uploads\/2025\/10\/new-york-18x12.jpg 18w\" sizes=\"auto, (max-width: 1800px) 100vw, 1800px\" \/><span aria-hidden=\"true\" class=\"wp-block-cover__background has-background-dim-20 has-background-dim\"><\/span><div class=\"wp-block-cover__inner-container is-layout-flow wp-block-cover-is-layout-flow\">\n<h3 class=\"wp-block-heading has-text-align-center nounderline has-background-color has-text-color has-link-color wp-elements-aab21b05b1934cd7f7dd98e10afd54ed\" style=\"font-size:24px\"><a href=\"https:\/\/barnes-newyork.com\">Nueva York<\/a><\/h3>\n<\/div><\/div>\n<\/div>\n\n\n\n<div class=\"wp-block-column is-vertically-aligned-top has-background-background-color has-background is-layout-flow wp-block-column-is-layout-flow\" style=\"flex-basis:34%\">\n<div class=\"wp-block-cover banniere\" style=\"min-height:200px;aspect-ratio:unset;\"><img loading=\"lazy\" decoding=\"async\" width=\"1600\" height=\"1067\" class=\"wp-block-cover__image-background wp-image-29849 size-full\" alt=\"\" src=\"https:\/\/www.barnes-miami.com\/wp-content\/uploads\/2025\/10\/portland-or.jpg\" data-object-fit=\"cover\" srcset=\"https:\/\/www.barnes-miami.com\/wp-content\/uploads\/2025\/10\/portland-or.jpg 1600w, https:\/\/www.barnes-miami.com\/wp-content\/uploads\/2025\/10\/portland-or-300x200.jpg 300w, https:\/\/www.barnes-miami.com\/wp-content\/uploads\/2025\/10\/portland-or-1024x683.jpg 1024w, https:\/\/www.barnes-miami.com\/wp-content\/uploads\/2025\/10\/portland-or-768x512.jpg 768w, https:\/\/www.barnes-miami.com\/wp-content\/uploads\/2025\/10\/portland-or-1536x1024.jpg 1536w, https:\/\/www.barnes-miami.com\/wp-content\/uploads\/2025\/10\/portland-or-18x12.jpg 18w\" sizes=\"auto, (max-width: 1600px) 100vw, 1600px\" \/><span aria-hidden=\"true\" class=\"wp-block-cover__background has-background-dim-30 has-background-dim\"><\/span><div class=\"wp-block-cover__inner-container is-layout-flow wp-block-cover-is-layout-flow\">\n<h3 class=\"wp-block-heading has-text-align-center nounderline has-background-color has-text-color has-link-color wp-elements-11554075408889f6bb6102cb866d2559\" style=\"font-size:24px\"><a href=\"https:\/\/www.barnes-portland.com\/\">Portland<\/a><\/h3>\n<\/div><\/div>\n<\/div>\n\n\n\n<div class=\"wp-block-column is-layout-flow wp-block-column-is-layout-flow\" style=\"flex-basis:15%\"><\/div>\n<\/div>\n\n\n\n<div style=\"height:24px\" aria-hidden=\"true\" class=\"wp-block-spacer\"><\/div>\n\n\n\n<div class=\"wp-block-columns are-vertically-aligned-top is-layout-flex wp-container-core-columns-is-layout-9d6595d7 wp-block-columns-is-layout-flex\">\n<div class=\"wp-block-column is-layout-flow wp-block-column-is-layout-flow\" style=\"flex-basis:15%\"><\/div>\n\n\n\n<div class=\"wp-block-column is-vertically-aligned-top has-background-background-color has-background is-layout-flow wp-block-column-is-layout-flow\" style=\"flex-basis:34%\">\n<div class=\"wp-block-cover banniere\" style=\"min-height:200px;aspect-ratio:unset;\"><img loading=\"lazy\" decoding=\"async\" width=\"2100\" height=\"1200\" class=\"wp-block-cover__image-background wp-image-29850 size-full\" alt=\"\" src=\"https:\/\/www.barnes-miami.com\/wp-content\/uploads\/2025\/10\/st-barth.jpg\" data-object-fit=\"cover\" srcset=\"https:\/\/www.barnes-miami.com\/wp-content\/uploads\/2025\/10\/st-barth.jpg 2100w, https:\/\/www.barnes-miami.com\/wp-content\/uploads\/2025\/10\/st-barth-300x171.jpg 300w, https:\/\/www.barnes-miami.com\/wp-content\/uploads\/2025\/10\/st-barth-1024x585.jpg 1024w, https:\/\/www.barnes-miami.com\/wp-content\/uploads\/2025\/10\/st-barth-768x439.jpg 768w, https:\/\/www.barnes-miami.com\/wp-content\/uploads\/2025\/10\/st-barth-1536x878.jpg 1536w, https:\/\/www.barnes-miami.com\/wp-content\/uploads\/2025\/10\/st-barth-2048x1170.jpg 2048w, https:\/\/www.barnes-miami.com\/wp-content\/uploads\/2025\/10\/st-barth-18x10.jpg 18w\" sizes=\"auto, (max-width: 2100px) 100vw, 2100px\" \/><span aria-hidden=\"true\" class=\"wp-block-cover__background has-background-dim-40 has-background-dim\"><\/span><div class=\"wp-block-cover__inner-container is-layout-flow wp-block-cover-is-layout-flow\">\n<h3 class=\"wp-block-heading has-text-align-center nounderline has-background-color has-text-color has-link-color wp-elements-100713205de98b2bb252e2026336d0d3\" style=\"font-size:24px\"><a href=\"https:\/\/www.barnes-stbarth.com\/\">San Bartolom\u00e9<\/a><\/h3>\n<\/div><\/div>\n<\/div>\n\n\n\n<div class=\"wp-block-column is-vertically-aligned-top has-background-background-color has-background is-layout-flow wp-block-column-is-layout-flow\" style=\"flex-basis:34%\">\n<div class=\"wp-block-cover banniere\" style=\"min-height:200px;aspect-ratio:unset;\"><img loading=\"lazy\" decoding=\"async\" width=\"1600\" height=\"1200\" class=\"wp-block-cover__image-background wp-image-29851 size-full\" alt=\"\" src=\"https:\/\/www.barnes-miami.com\/wp-content\/uploads\/2025\/10\/quebec-ca.jpg\" data-object-fit=\"cover\" srcset=\"https:\/\/www.barnes-miami.com\/wp-content\/uploads\/2025\/10\/quebec-ca.jpg 1600w, https:\/\/www.barnes-miami.com\/wp-content\/uploads\/2025\/10\/quebec-ca-300x225.jpg 300w, https:\/\/www.barnes-miami.com\/wp-content\/uploads\/2025\/10\/quebec-ca-1024x768.jpg 1024w, https:\/\/www.barnes-miami.com\/wp-content\/uploads\/2025\/10\/quebec-ca-768x576.jpg 768w, https:\/\/www.barnes-miami.com\/wp-content\/uploads\/2025\/10\/quebec-ca-1536x1152.jpg 1536w, https:\/\/www.barnes-miami.com\/wp-content\/uploads\/2025\/10\/quebec-ca-16x12.jpg 16w\" sizes=\"auto, (max-width: 1600px) 100vw, 1600px\" \/><span aria-hidden=\"true\" class=\"wp-block-cover__background has-background-dim-20 has-background-dim\"><\/span><div class=\"wp-block-cover__inner-container is-layout-flow wp-block-cover-is-layout-flow\">\n<h3 class=\"wp-block-heading has-text-align-center nounderline has-background-color has-text-color has-link-color wp-elements-d7903c8f8a59aaf181077a4b7a6990c6\" style=\"font-size:24px\"><a href=\"https:\/\/barnes-quebec.com\/\">Quebec<\/a><\/h3>\n<\/div><\/div>\n<\/div>\n\n\n\n<div class=\"wp-block-column is-layout-flow wp-block-column-is-layout-flow\" style=\"flex-basis:15%\"><\/div>\n<\/div>\n\n\n\n<div style=\"height:61px\" aria-hidden=\"true\" class=\"wp-block-spacer\"><\/div>\n\n\n\n<div style=\"height:18px\" aria-hidden=\"true\" class=\"wp-block-spacer\"><\/div>\n\n\n\n<div class=\"wp-block-columns is-layout-flex wp-container-core-columns-is-layout-9d6595d7 wp-block-columns-is-layout-flex\">\n<div class=\"wp-block-column is-layout-flow wp-block-column-is-layout-flow\"><\/div>\n\n\n\n<div class=\"wp-block-column is-layout-flow wp-block-column-is-layout-flow\">\n<div class=\"wp-block-buttons is-content-justification-center is-layout-flex wp-container-core-buttons-is-layout-16018d1d wp-block-buttons-is-layout-flex\">\n<div class=\"wp-block-button is-style-outline is-style-outline--2\"><a class=\"wp-block-button__link has-text-align-center has-custom-font-size wp-element-button\" href=\"https:\/\/www.barnes-miami.com\/es\/contactar\/\" style=\"border-radius:4px;font-size:16px\">CONOZCA A NUESTROS EXPERTOS<\/a><\/div>\n<\/div>\n<\/div>\n\n\n\n<div class=\"wp-block-column is-layout-flow wp-block-column-is-layout-flow\"><\/div>\n<\/div>\n\n\n\n<div style=\"height:83px\" aria-hidden=\"true\" class=\"wp-block-spacer\"><\/div>\n\n\n\n<div class=\"wp-block-cover has-parallax\"><div class=\"wp-block-cover__image-background wp-image-29855 size-full has-parallax\" style=\"background-position:50% 50%;background-image:url(https:\/\/www.barnes-miami.com\/wp-content\/uploads\/2025\/10\/modern-interior.jpg)\"><\/div><span aria-hidden=\"true\" class=\"wp-block-cover__background has-foreground-background-color has-background-dim-70 has-background-dim\"><\/span><div class=\"wp-block-cover__inner-container is-layout-constrained wp-container-core-cover-is-layout-23fe5839 wp-block-cover-is-layout-constrained\">\n<div style=\"height:121px\" aria-hidden=\"true\" class=\"wp-block-spacer\"><\/div>\n\n\n\n<h2 class=\"wp-block-heading has-text-align-center scroll-animate has-large-font-size\">Una red internacional al servicio de su proyecto en Am\u00e9rica del Norte<\/h2>\n\n\n\n<div style=\"height:159px\" aria-hidden=\"true\" class=\"wp-block-spacer\"><\/div>\n<\/div><\/div>","protected":false},"excerpt":{"rendered":"<p>UN RESEAU EN PLEINE EXPANSION Pr\u00e9sent dans des villes embl\u00e9matiques comme Miami, New York, Montr\u00e9al et Saint- Barth\u00e9lemy, BARNES attire investisseurs francophones et client\u00e8le internationale. Fort de son expertise dans l\u2019immobilier de prestige et de son savoir-faire unique dans l\u2019Art de Vivre, le r\u00e9seau continue de se d\u00e9velopper \u00e0 travers le continent, ouvrant de nouvelles [&hellip;]<\/p>\n","protected":false},"author":1,"featured_media":29830,"parent":0,"menu_order":0,"comment_status":"closed","ping_status":"closed","template":"","meta":{"inline_featured_image":false,"footnotes":""},"class_list":["post-22745","page","type-page","status-publish","has-post-thumbnail","hentry"],"yoast_head":"<!-- This site is optimized with the Yoast SEO plugin v27.4 - https:\/\/yoast.com\/product\/yoast-seo-wordpress\/ -->\n<title>BARNES Am\u00e9rique | Immobilier de prestige | BARNES Miami<\/title>\n<meta name=\"description\" content=\"Pr\u00e9sent dans les villes internationales en Am\u00e9rique, BARNES attire de nombreux investisseurs francophones et \u00e9toffe sa client\u00e8le am\u00e9ricaine.\" \/>\n<meta name=\"robots\" content=\"index, follow, max-snippet:-1, max-image-preview:large, max-video-preview:-1\" \/>\n<link rel=\"canonical\" href=\"https:\/\/www.barnes-miami.com\/es\/barnes-america\/\" \/>\n<meta property=\"og:locale\" content=\"es_ES\" \/>\n<meta property=\"og:type\" content=\"article\" \/>\n<meta property=\"og:title\" content=\"BARNES Am\u00e9rique | Immobilier de prestige | BARNES Miami\" \/>\n<meta property=\"og:description\" content=\"Pr\u00e9sent dans les villes internationales en Am\u00e9rique, BARNES attire de nombreux investisseurs francophones et \u00e9toffe sa client\u00e8le am\u00e9ricaine.\" \/>\n<meta property=\"og:url\" content=\"https:\/\/www.barnes-miami.com\/es\/barnes-america\/\" \/>\n<meta property=\"og:site_name\" content=\"BARNES Miami\" \/>\n<meta property=\"article:publisher\" content=\"https:\/\/www.facebook.com\/barnesinternationalmiami\/\" \/>\n<meta property=\"article:modified_time\" content=\"2025-10-20T21:10:08+00:00\" \/>\n<meta property=\"og:image\" content=\"https:\/\/www.barnes-miami.com\/wp-content\/uploads\/2025\/10\/north-america.jpg\" \/>\n\t<meta property=\"og:image:width\" content=\"2400\" \/>\n\t<meta property=\"og:image:height\" content=\"1600\" \/>\n\t<meta property=\"og:image:type\" content=\"image\/jpeg\" \/>\n<meta name=\"twitter:card\" content=\"summary_large_image\" \/>\n<meta name=\"twitter:site\" content=\"@barnesmiami\" \/>\n<meta name=\"twitter:label1\" content=\"Tiempo de lectura\" \/>\n\t<meta name=\"twitter:data1\" content=\"2 minutos\" \/>\n<script type=\"application\/ld+json\" class=\"yoast-schema-graph\">{\"@context\":\"https:\\\/\\\/schema.org\",\"@graph\":[{\"@type\":\"WebPage\",\"@id\":\"https:\\\/\\\/www.barnes-miami.com\\\/barnes-amerique\\\/\",\"url\":\"https:\\\/\\\/www.barnes-miami.com\\\/barnes-amerique\\\/\",\"name\":\"BARNES Am\u00e9rique | Immobilier de prestige | BARNES Miami\",\"isPartOf\":{\"@id\":\"https:\\\/\\\/www.barnes-miami.com\\\/#website\"},\"primaryImageOfPage\":{\"@id\":\"https:\\\/\\\/www.barnes-miami.com\\\/barnes-amerique\\\/#primaryimage\"},\"image\":{\"@id\":\"https:\\\/\\\/www.barnes-miami.com\\\/barnes-amerique\\\/#primaryimage\"},\"thumbnailUrl\":\"https:\\\/\\\/www.barnes-miami.com\\\/wp-content\\\/uploads\\\/2025\\\/10\\\/north-america.jpg\",\"datePublished\":\"2019-11-08T05:16:45+00:00\",\"dateModified\":\"2025-10-20T21:10:08+00:00\",\"description\":\"Pr\u00e9sent dans les villes internationales en Am\u00e9rique, BARNES attire de nombreux investisseurs francophones et \u00e9toffe sa client\u00e8le am\u00e9ricaine.\",\"breadcrumb\":{\"@id\":\"https:\\\/\\\/www.barnes-miami.com\\\/barnes-amerique\\\/#breadcrumb\"},\"inLanguage\":\"es\",\"potentialAction\":[{\"@type\":\"ReadAction\",\"target\":[\"https:\\\/\\\/www.barnes-miami.com\\\/barnes-amerique\\\/\"]}]},{\"@type\":\"ImageObject\",\"inLanguage\":\"es\",\"@id\":\"https:\\\/\\\/www.barnes-miami.com\\\/barnes-amerique\\\/#primaryimage\",\"url\":\"https:\\\/\\\/www.barnes-miami.com\\\/wp-content\\\/uploads\\\/2025\\\/10\\\/north-america.jpg\",\"contentUrl\":\"https:\\\/\\\/www.barnes-miami.com\\\/wp-content\\\/uploads\\\/2025\\\/10\\\/north-america.jpg\",\"width\":2400,\"height\":1600},{\"@type\":\"BreadcrumbList\",\"@id\":\"https:\\\/\\\/www.barnes-miami.com\\\/barnes-amerique\\\/#breadcrumb\",\"itemListElement\":[{\"@type\":\"ListItem\",\"position\":1,\"name\":\"Accueil\",\"item\":\"https:\\\/\\\/www.barnes-miami.com\\\/\"},{\"@type\":\"ListItem\",\"position\":2,\"name\":\"BARNES North America\"}]},{\"@type\":\"WebSite\",\"@id\":\"https:\\\/\\\/www.barnes-miami.com\\\/#website\",\"url\":\"https:\\\/\\\/www.barnes-miami.com\\\/\",\"name\":\"BARNES Miami\",\"description\":\"#1 International Real Estate Brokerage in South Florida\",\"publisher\":{\"@id\":\"https:\\\/\\\/www.barnes-miami.com\\\/#organization\"},\"potentialAction\":[{\"@type\":\"SearchAction\",\"target\":{\"@type\":\"EntryPoint\",\"urlTemplate\":\"https:\\\/\\\/www.barnes-miami.com\\\/?s={search_term_string}\"},\"query-input\":{\"@type\":\"PropertyValueSpecification\",\"valueRequired\":true,\"valueName\":\"search_term_string\"}}],\"inLanguage\":\"es\"},{\"@type\":\"Organization\",\"@id\":\"https:\\\/\\\/www.barnes-miami.com\\\/#organization\",\"name\":\"BARNES Miami\",\"url\":\"https:\\\/\\\/www.barnes-miami.com\\\/\",\"logo\":{\"@type\":\"ImageObject\",\"inLanguage\":\"es\",\"@id\":\"https:\\\/\\\/www.barnes-miami.com\\\/#\\\/schema\\\/logo\\\/image\\\/\",\"url\":\"https:\\\/\\\/www.barnes-miami.com\\\/wp-content\\\/uploads\\\/2026\\\/01\\\/logo-2.png\",\"contentUrl\":\"https:\\\/\\\/www.barnes-miami.com\\\/wp-content\\\/uploads\\\/2026\\\/01\\\/logo-2.png\",\"width\":1100,\"height\":1100,\"caption\":\"BARNES Miami\"},\"image\":{\"@id\":\"https:\\\/\\\/www.barnes-miami.com\\\/#\\\/schema\\\/logo\\\/image\\\/\"},\"sameAs\":[\"https:\\\/\\\/www.facebook.com\\\/barnesinternationalmiami\\\/\",\"https:\\\/\\\/x.com\\\/barnesmiami\",\"https:\\\/\\\/www.instagram.com\\\/barnesmiami\\\/\",\"https:\\\/\\\/www.linkedin.com\\\/company\\\/barnes-international-miami\\\/\",\"https:\\\/\\\/www.youtube.com\\\/user\\\/BarnesImmoMiami\\\/\"]}]}<\/script>\n<!-- \/ Yoast SEO plugin. -->","yoast_head_json":{"title":"BARNES Am\u00e9rica | Bienes inmuebles de lujo | BARNES Miami","description":"Presente en ciudades internacionales de Am\u00e9rica, BARNES atrae a numerosos inversores franc\u00f3fonos y ampl\u00eda su clientela americana.","robots":{"index":"index","follow":"follow","max-snippet":"max-snippet:-1","max-image-preview":"max-image-preview:large","max-video-preview":"max-video-preview:-1"},"canonical":"https:\/\/www.barnes-miami.com\/es\/barnes-america\/","og_locale":"es_ES","og_type":"article","og_title":"BARNES Am\u00e9rique | Immobilier de prestige | BARNES Miami","og_description":"Pr\u00e9sent dans les villes internationales en Am\u00e9rique, BARNES attire de nombreux investisseurs francophones et \u00e9toffe sa client\u00e8le am\u00e9ricaine.","og_url":"https:\/\/www.barnes-miami.com\/es\/barnes-america\/","og_site_name":"BARNES Miami","article_publisher":"https:\/\/www.facebook.com\/barnesinternationalmiami\/","article_modified_time":"2025-10-20T21:10:08+00:00","og_image":[{"width":2400,"height":1600,"url":"https:\/\/www.barnes-miami.com\/wp-content\/uploads\/2025\/10\/north-america.jpg","type":"image\/jpeg"}],"twitter_card":"summary_large_image","twitter_site":"@barnesmiami","twitter_misc":{"Tiempo de lectura":"2 minutos"},"schema":{"@context":"https:\/\/schema.org","@graph":[{"@type":"WebPage","@id":"https:\/\/www.barnes-miami.com\/barnes-amerique\/","url":"https:\/\/www.barnes-miami.com\/barnes-amerique\/","name":"BARNES Am\u00e9rica | Bienes inmuebles de lujo | BARNES Miami","isPartOf":{"@id":"https:\/\/www.barnes-miami.com\/#website"},"primaryImageOfPage":{"@id":"https:\/\/www.barnes-miami.com\/barnes-amerique\/#primaryimage"},"image":{"@id":"https:\/\/www.barnes-miami.com\/barnes-amerique\/#primaryimage"},"thumbnailUrl":"https:\/\/www.barnes-miami.com\/wp-content\/uploads\/2025\/10\/north-america.jpg","datePublished":"2019-11-08T05:16:45+00:00","dateModified":"2025-10-20T21:10:08+00:00","description":"Presente en ciudades internacionales de Am\u00e9rica, BARNES atrae a numerosos inversores franc\u00f3fonos y ampl\u00eda su clientela americana.","breadcrumb":{"@id":"https:\/\/www.barnes-miami.com\/barnes-amerique\/#breadcrumb"},"inLanguage":"es","potentialAction":[{"@type":"ReadAction","target":["https:\/\/www.barnes-miami.com\/barnes-amerique\/"]}]},{"@type":"ImageObject","inLanguage":"es","@id":"https:\/\/www.barnes-miami.com\/barnes-amerique\/#primaryimage","url":"https:\/\/www.barnes-miami.com\/wp-content\/uploads\/2025\/10\/north-america.jpg","contentUrl":"https:\/\/www.barnes-miami.com\/wp-content\/uploads\/2025\/10\/north-america.jpg","width":2400,"height":1600},{"@type":"BreadcrumbList","@id":"https:\/\/www.barnes-miami.com\/barnes-amerique\/#breadcrumb","itemListElement":[{"@type":"ListItem","position":1,"name":"Accueil","item":"https:\/\/www.barnes-miami.com\/"},{"@type":"ListItem","position":2,"name":"BARNES North America"}]},{"@type":"WebSite","@id":"https:\/\/www.barnes-miami.com\/#website","url":"https:\/\/www.barnes-miami.com\/","name":"BARNES Miami","description":"#1 Corretaje internacional de bienes ra\u00edces en el sur de Florida","publisher":{"@id":"https:\/\/www.barnes-miami.com\/#organization"},"potentialAction":[{"@type":"SearchAction","target":{"@type":"EntryPoint","urlTemplate":"https:\/\/www.barnes-miami.com\/?s={search_term_string}"},"query-input":{"@type":"PropertyValueSpecification","valueRequired":true,"valueName":"search_term_string"}}],"inLanguage":"es"},{"@type":"Organization","@id":"https:\/\/www.barnes-miami.com\/#organization","name":"BARNES Miami","url":"https:\/\/www.barnes-miami.com\/","logo":{"@type":"ImageObject","inLanguage":"es","@id":"https:\/\/www.barnes-miami.com\/#\/schema\/logo\/image\/","url":"https:\/\/www.barnes-miami.com\/wp-content\/uploads\/2026\/01\/logo-2.png","contentUrl":"https:\/\/www.barnes-miami.com\/wp-content\/uploads\/2026\/01\/logo-2.png","width":1100,"height":1100,"caption":"BARNES Miami"},"image":{"@id":"https:\/\/www.barnes-miami.com\/#\/schema\/logo\/image\/"},"sameAs":["https:\/\/www.facebook.com\/barnesinternationalmiami\/","https:\/\/x.com\/barnesmiami","https:\/\/www.instagram.com\/barnesmiami\/","https:\/\/www.linkedin.com\/company\/barnes-international-miami\/","https:\/\/www.youtube.com\/user\/BarnesImmoMiami\/"]}]}},"_links":{"self":[{"href":"https:\/\/www.barnes-miami.com\/es\/wp-json\/wp\/v2\/pages\/22745","targetHints":{"allow":["GET"]}}],"collection":[{"href":"https:\/\/www.barnes-miami.com\/es\/wp-json\/wp\/v2\/pages"}],"about":[{"href":"https:\/\/www.barnes-miami.com\/es\/wp-json\/wp\/v2\/types\/page"}],"author":[{"embeddable":true,"href":"https:\/\/www.barnes-miami.com\/es\/wp-json\/wp\/v2\/users\/1"}],"replies":[{"embeddable":true,"href":"https:\/\/www.barnes-miami.com\/es\/wp-json\/wp\/v2\/comments?post=22745"}],"version-history":[{"count":53,"href":"https:\/\/www.barnes-miami.com\/es\/wp-json\/wp\/v2\/pages\/22745\/revisions"}],"predecessor-version":[{"id":30714,"href":"https:\/\/www.barnes-miami.com\/es\/wp-json\/wp\/v2\/pages\/22745\/revisions\/30714"}],"wp:featuredmedia":[{"embeddable":true,"href":"https:\/\/www.barnes-miami.com\/es\/wp-json\/wp\/v2\/media\/29830"}],"wp:attachment":[{"href":"https:\/\/www.barnes-miami.com\/es\/wp-json\/wp\/v2\/media?parent=22745"}],"curies":[{"name":"gracias","href":"https:\/\/api.w.org\/{rel}","templated":true}]}}