{"id":23055,"date":"2019-12-01T17:40:46","date_gmt":"2019-12-01T22:40:46","guid":{"rendered":"https:\/\/www.barnes-miami.com\/?page_id=23055"},"modified":"2019-12-01T17:47:29","modified_gmt":"2019-12-01T22:47:29","slug":"islas-del-puerto-de-la-bahia","status":"publish","type":"page","link":"https:\/\/www.barnes-miami.com\/es\/bay-harbor-islands\/","title":{"rendered":"Islas del puerto de la bah\u00eda"},"content":{"rendered":"<figure class=\"wp-block-image size-large\"><img loading=\"lazy\" decoding=\"async\" width=\"732\" height=\"304\" src=\"https:\/\/www.barnes-miami.com\/wp-content\/uploads\/2019\/12\/Bay-Harbour-Island.jpg\" alt=\"\" class=\"wp-image-23070\" srcset=\"https:\/\/www.barnes-miami.com\/wp-content\/uploads\/2019\/12\/Bay-Harbour-Island.jpg 732w, https:\/\/www.barnes-miami.com\/wp-content\/uploads\/2019\/12\/Bay-Harbour-Island-300x125.jpg 300w\" sizes=\"auto, (max-width: 732px) 100vw, 732px\" \/><\/figure>\n\n\n\n<p>Bay Harbor Islands es un pueblo de unas 6.000 personas, que abarca dos islas en la Bah\u00eda de Biscayne.<\/p>\n\n\n\n<p>La isla m\u00e1s occidental, <strong>vista amplia<\/strong>, es exclusivamente residencial, con casas cada vez m\u00e1s lujosas por encima de las reformas y construcciones.<\/p>\n\n\n\n<p>La isla m\u00e1s al este tiene un peque\u00f1o distrito de negocios a lo largo de &#039;Kane Concourse&#039; y ha sido objeto de un intenso desarrollo inmobiliario en los \u00faltimos 5 a\u00f1os. Al ser limitada la altura de la construcci\u00f3n, los nuevos edificios son peque\u00f1os, de muy buena posici\u00f3n, en un estilo m\u00e1s bien &quot; <a href=\"http:\/\/www.barnes-miami.com\/es\/newsletter-octobre-2017\/\" target=\"_blank\" rel=\"noreferrer noopener\">edificio boutique<\/a> &quot;. Sus piscinas en la azotea ofrecen vistas y puestas de sol \u00fanicas sobre la bah\u00eda, el oc\u00e9ano y, a veces, incluso <a href=\"http:\/\/www.barnes-miami.com\/es\/quartier\/centro\/\" target=\"_blank\" rel=\"noreferrer noopener\">Centro<\/a> en el horizonte.<\/p>\n\n\n\n<p>Aqu\u00ed nuevamente, el lujo y la calma impregnan el lugar. Los residentes tienen todo lo que necesitan en el lugar: restaurantes, edificios de oficinas, tiendas de lujo y hasta el bote al pie de su edificio, ya que algunos tienen pontones. La escuela p\u00fablica Ruth K Broad (escuela primaria y secundaria) es muy popular all\u00ed.<\/p>","protected":false},"excerpt":{"rendered":"<p>Bay Harbor Islands est un village de quelques 6 000 habitants, englobant deux iles dans la baie de Biscayne. L\u2019ile la plus \u00e0 l\u2019ouest, Broadview, est exclusivement r\u00e9sidentielle, avec des maisons de plus en plus luxueuses au fil des r\u00e9novations et constructions. L\u2019ile la plus \u00e0 l\u2019est comporte un petit quartier d\u2019affaire le long de [&hellip;]<\/p>\n","protected":false},"author":1,"featured_media":0,"parent":0,"menu_order":0,"comment_status":"closed","ping_status":"closed","template":"","meta":{"inline_featured_image":false,"footnotes":""},"class_list":["post-23055","page","type-page","status-publish","hentry"],"yoast_head":"<!-- This site is optimized with the Yoast SEO plugin v27.5 - https:\/\/yoast.com\/product\/yoast-seo-wordpress\/ -->\n<title>Bay Harbor Islands - BARNES Miami<\/title>\n<meta name=\"robots\" content=\"index, follow, max-snippet:-1, max-image-preview:large, max-video-preview:-1\" \/>\n<link rel=\"canonical\" href=\"https:\/\/www.barnes-miami.com\/es\/islas-del-puerto-de-la-bahia\/\" \/>\n<meta property=\"og:locale\" content=\"es_ES\" \/>\n<meta property=\"og:type\" content=\"article\" \/>\n<meta property=\"og:title\" content=\"Bay Harbor Islands - BARNES Miami\" \/>\n<meta property=\"og:description\" content=\"Bay Harbor Islands est un village de quelques 6 000 habitants, englobant deux iles dans la baie de Biscayne. L\u2019ile la plus \u00e0 l\u2019ouest, Broadview, est exclusivement r\u00e9sidentielle, avec des maisons de plus en plus luxueuses au fil des r\u00e9novations et constructions. L\u2019ile la plus \u00e0 l\u2019est comporte un petit quartier d\u2019affaire le long de [&hellip;]\" \/>\n<meta property=\"og:url\" content=\"https:\/\/www.barnes-miami.com\/es\/islas-del-puerto-de-la-bahia\/\" \/>\n<meta property=\"og:site_name\" content=\"BARNES Miami\" \/>\n<meta property=\"article:publisher\" content=\"https:\/\/www.facebook.com\/barnesinternationalmiami\/\" \/>\n<meta property=\"article:modified_time\" content=\"2019-12-01T22:47:29+00:00\" \/>\n<meta property=\"og:image\" content=\"https:\/\/www.barnes-miami.com\/wp-content\/uploads\/2019\/12\/Bay-Harbour-Island.jpg\" \/>\n<meta name=\"twitter:card\" content=\"summary_large_image\" \/>\n<meta name=\"twitter:site\" content=\"@barnesmiami\" \/>\n<meta name=\"twitter:label1\" content=\"Tiempo de lectura\" \/>\n\t<meta name=\"twitter:data1\" content=\"1 minuto\" \/>\n<script type=\"application\/ld+json\" class=\"yoast-schema-graph\">{\"@context\":\"https:\\\/\\\/schema.org\",\"@graph\":[{\"@type\":\"WebPage\",\"@id\":\"https:\\\/\\\/www.barnes-miami.com\\\/bay-harbor-islands\\\/\",\"url\":\"https:\\\/\\\/www.barnes-miami.com\\\/bay-harbor-islands\\\/\",\"name\":\"Bay Harbor Islands - BARNES Miami\",\"isPartOf\":{\"@id\":\"https:\\\/\\\/www.barnes-miami.com\\\/#website\"},\"primaryImageOfPage\":{\"@id\":\"https:\\\/\\\/www.barnes-miami.com\\\/bay-harbor-islands\\\/#primaryimage\"},\"image\":{\"@id\":\"https:\\\/\\\/www.barnes-miami.com\\\/bay-harbor-islands\\\/#primaryimage\"},\"thumbnailUrl\":\"https:\\\/\\\/www.barnes-miami.com\\\/wp-content\\\/uploads\\\/2019\\\/12\\\/Bay-Harbour-Island.jpg\",\"datePublished\":\"2019-12-01T22:40:46+00:00\",\"dateModified\":\"2019-12-01T22:47:29+00:00\",\"breadcrumb\":{\"@id\":\"https:\\\/\\\/www.barnes-miami.com\\\/bay-harbor-islands\\\/#breadcrumb\"},\"inLanguage\":\"es\",\"potentialAction\":[{\"@type\":\"ReadAction\",\"target\":[\"https:\\\/\\\/www.barnes-miami.com\\\/bay-harbor-islands\\\/\"]}]},{\"@type\":\"ImageObject\",\"inLanguage\":\"es\",\"@id\":\"https:\\\/\\\/www.barnes-miami.com\\\/bay-harbor-islands\\\/#primaryimage\",\"url\":\"https:\\\/\\\/www.barnes-miami.com\\\/wp-content\\\/uploads\\\/2019\\\/12\\\/Bay-Harbour-Island.jpg\",\"contentUrl\":\"https:\\\/\\\/www.barnes-miami.com\\\/wp-content\\\/uploads\\\/2019\\\/12\\\/Bay-Harbour-Island.jpg\"},{\"@type\":\"BreadcrumbList\",\"@id\":\"https:\\\/\\\/www.barnes-miami.com\\\/bay-harbor-islands\\\/#breadcrumb\",\"itemListElement\":[{\"@type\":\"ListItem\",\"position\":1,\"name\":\"Accueil\",\"item\":\"https:\\\/\\\/www.barnes-miami.com\\\/\"},{\"@type\":\"ListItem\",\"position\":2,\"name\":\"Bay Harbor Islands\"}]},{\"@type\":\"WebSite\",\"@id\":\"https:\\\/\\\/www.barnes-miami.com\\\/#website\",\"url\":\"https:\\\/\\\/www.barnes-miami.com\\\/\",\"name\":\"BARNES Miami\",\"description\":\"#1 International Real Estate Brokerage in South Florida\",\"publisher\":{\"@id\":\"https:\\\/\\\/www.barnes-miami.com\\\/#organization\"},\"potentialAction\":[{\"@type\":\"SearchAction\",\"target\":{\"@type\":\"EntryPoint\",\"urlTemplate\":\"https:\\\/\\\/www.barnes-miami.com\\\/?s={search_term_string}\"},\"query-input\":{\"@type\":\"PropertyValueSpecification\",\"valueRequired\":true,\"valueName\":\"search_term_string\"}}],\"inLanguage\":\"es\"},{\"@type\":\"Organization\",\"@id\":\"https:\\\/\\\/www.barnes-miami.com\\\/#organization\",\"name\":\"BARNES Miami\",\"url\":\"https:\\\/\\\/www.barnes-miami.com\\\/\",\"logo\":{\"@type\":\"ImageObject\",\"inLanguage\":\"es\",\"@id\":\"https:\\\/\\\/www.barnes-miami.com\\\/#\\\/schema\\\/logo\\\/image\\\/\",\"url\":\"https:\\\/\\\/www.barnes-miami.com\\\/wp-content\\\/uploads\\\/2026\\\/01\\\/logo-2.png\",\"contentUrl\":\"https:\\\/\\\/www.barnes-miami.com\\\/wp-content\\\/uploads\\\/2026\\\/01\\\/logo-2.png\",\"width\":1100,\"height\":1100,\"caption\":\"BARNES Miami\"},\"image\":{\"@id\":\"https:\\\/\\\/www.barnes-miami.com\\\/#\\\/schema\\\/logo\\\/image\\\/\"},\"sameAs\":[\"https:\\\/\\\/www.facebook.com\\\/barnesinternationalmiami\\\/\",\"https:\\\/\\\/x.com\\\/barnesmiami\",\"https:\\\/\\\/www.instagram.com\\\/barnesmiami\\\/\",\"https:\\\/\\\/www.linkedin.com\\\/company\\\/barnes-international-miami\\\/\",\"https:\\\/\\\/www.youtube.com\\\/user\\\/BarnesImmoMiami\\\/\"]}]}<\/script>\n<!-- \/ Yoast SEO plugin. -->","yoast_head_json":{"title":"Islas de Bay Harbor - BARNES Miami","robots":{"index":"index","follow":"follow","max-snippet":"max-snippet:-1","max-image-preview":"max-image-preview:large","max-video-preview":"max-video-preview:-1"},"canonical":"https:\/\/www.barnes-miami.com\/es\/islas-del-puerto-de-la-bahia\/","og_locale":"es_ES","og_type":"article","og_title":"Bay Harbor Islands - BARNES Miami","og_description":"Bay Harbor Islands est un village de quelques 6 000 habitants, englobant deux iles dans la baie de Biscayne. L\u2019ile la plus \u00e0 l\u2019ouest, Broadview, est exclusivement r\u00e9sidentielle, avec des maisons de plus en plus luxueuses au fil des r\u00e9novations et constructions. L\u2019ile la plus \u00e0 l\u2019est comporte un petit quartier d\u2019affaire le long de [&hellip;]","og_url":"https:\/\/www.barnes-miami.com\/es\/islas-del-puerto-de-la-bahia\/","og_site_name":"BARNES Miami","article_publisher":"https:\/\/www.facebook.com\/barnesinternationalmiami\/","article_modified_time":"2019-12-01T22:47:29+00:00","og_image":[{"url":"https:\/\/www.barnes-miami.com\/wp-content\/uploads\/2019\/12\/Bay-Harbour-Island.jpg","type":"","width":"","height":""}],"twitter_card":"summary_large_image","twitter_site":"@barnesmiami","twitter_misc":{"Tiempo de lectura":"1 minuto"},"schema":{"@context":"https:\/\/schema.org","@graph":[{"@type":"WebPage","@id":"https:\/\/www.barnes-miami.com\/bay-harbor-islands\/","url":"https:\/\/www.barnes-miami.com\/bay-harbor-islands\/","name":"Islas de Bay Harbor - BARNES Miami","isPartOf":{"@id":"https:\/\/www.barnes-miami.com\/#website"},"primaryImageOfPage":{"@id":"https:\/\/www.barnes-miami.com\/bay-harbor-islands\/#primaryimage"},"image":{"@id":"https:\/\/www.barnes-miami.com\/bay-harbor-islands\/#primaryimage"},"thumbnailUrl":"https:\/\/www.barnes-miami.com\/wp-content\/uploads\/2019\/12\/Bay-Harbour-Island.jpg","datePublished":"2019-12-01T22:40:46+00:00","dateModified":"2019-12-01T22:47:29+00:00","breadcrumb":{"@id":"https:\/\/www.barnes-miami.com\/bay-harbor-islands\/#breadcrumb"},"inLanguage":"es","potentialAction":[{"@type":"ReadAction","target":["https:\/\/www.barnes-miami.com\/bay-harbor-islands\/"]}]},{"@type":"ImageObject","inLanguage":"es","@id":"https:\/\/www.barnes-miami.com\/bay-harbor-islands\/#primaryimage","url":"https:\/\/www.barnes-miami.com\/wp-content\/uploads\/2019\/12\/Bay-Harbour-Island.jpg","contentUrl":"https:\/\/www.barnes-miami.com\/wp-content\/uploads\/2019\/12\/Bay-Harbour-Island.jpg"},{"@type":"BreadcrumbList","@id":"https:\/\/www.barnes-miami.com\/bay-harbor-islands\/#breadcrumb","itemListElement":[{"@type":"ListItem","position":1,"name":"Accueil","item":"https:\/\/www.barnes-miami.com\/"},{"@type":"ListItem","position":2,"name":"Bay Harbor Islands"}]},{"@type":"WebSite","@id":"https:\/\/www.barnes-miami.com\/#website","url":"https:\/\/www.barnes-miami.com\/","name":"BARNES Miami","description":"#1 Corretaje internacional de bienes ra\u00edces en el sur de Florida","publisher":{"@id":"https:\/\/www.barnes-miami.com\/#organization"},"potentialAction":[{"@type":"SearchAction","target":{"@type":"EntryPoint","urlTemplate":"https:\/\/www.barnes-miami.com\/?s={search_term_string}"},"query-input":{"@type":"PropertyValueSpecification","valueRequired":true,"valueName":"search_term_string"}}],"inLanguage":"es"},{"@type":"Organization","@id":"https:\/\/www.barnes-miami.com\/#organization","name":"BARNES Miami","url":"https:\/\/www.barnes-miami.com\/","logo":{"@type":"ImageObject","inLanguage":"es","@id":"https:\/\/www.barnes-miami.com\/#\/schema\/logo\/image\/","url":"https:\/\/www.barnes-miami.com\/wp-content\/uploads\/2026\/01\/logo-2.png","contentUrl":"https:\/\/www.barnes-miami.com\/wp-content\/uploads\/2026\/01\/logo-2.png","width":1100,"height":1100,"caption":"BARNES Miami"},"image":{"@id":"https:\/\/www.barnes-miami.com\/#\/schema\/logo\/image\/"},"sameAs":["https:\/\/www.facebook.com\/barnesinternationalmiami\/","https:\/\/x.com\/barnesmiami","https:\/\/www.instagram.com\/barnesmiami\/","https:\/\/www.linkedin.com\/company\/barnes-international-miami\/","https:\/\/www.youtube.com\/user\/BarnesImmoMiami\/"]}]}},"_links":{"self":[{"href":"https:\/\/www.barnes-miami.com\/es\/wp-json\/wp\/v2\/pages\/23055","targetHints":{"allow":["GET"]}}],"collection":[{"href":"https:\/\/www.barnes-miami.com\/es\/wp-json\/wp\/v2\/pages"}],"about":[{"href":"https:\/\/www.barnes-miami.com\/es\/wp-json\/wp\/v2\/types\/page"}],"author":[{"embeddable":true,"href":"https:\/\/www.barnes-miami.com\/es\/wp-json\/wp\/v2\/users\/1"}],"replies":[{"embeddable":true,"href":"https:\/\/www.barnes-miami.com\/es\/wp-json\/wp\/v2\/comments?post=23055"}],"version-history":[{"count":2,"href":"https:\/\/www.barnes-miami.com\/es\/wp-json\/wp\/v2\/pages\/23055\/revisions"}],"predecessor-version":[{"id":23071,"href":"https:\/\/www.barnes-miami.com\/es\/wp-json\/wp\/v2\/pages\/23055\/revisions\/23071"}],"wp:attachment":[{"href":"https:\/\/www.barnes-miami.com\/es\/wp-json\/wp\/v2\/media?parent=23055"}],"curies":[{"name":"gracias","href":"https:\/\/api.w.org\/{rel}","templated":true}]}}