{"id":23090,"date":"2019-12-01T17:59:43","date_gmt":"2019-12-01T22:59:43","guid":{"rendered":"https:\/\/www.barnes-miami.com\/?page_id=23090"},"modified":"2019-12-01T17:59:43","modified_gmt":"2019-12-01T22:59:43","slug":"lado-este-superior","status":"publish","type":"page","link":"https:\/\/www.barnes-miami.com\/es\/upper-east-side\/","title":{"rendered":"Lado este superior"},"content":{"rendered":"<figure class=\"wp-block-image size-large\"><img loading=\"lazy\" decoding=\"async\" width=\"732\" height=\"304\" src=\"https:\/\/www.barnes-miami.com\/wp-content\/uploads\/2019\/12\/upper-east-side.jpg\" alt=\"\" class=\"wp-image-23091\" srcset=\"https:\/\/www.barnes-miami.com\/wp-content\/uploads\/2019\/12\/upper-east-side.jpg 732w, https:\/\/www.barnes-miami.com\/wp-content\/uploads\/2019\/12\/upper-east-side-300x125.jpg 300w\" sizes=\"auto, (max-width: 732px) 100vw, 732px\" \/><\/figure>\n\n\n\n<p>El Upper East Side es el peque\u00f1o barrio que separa el vibrante Wynwood del pac\u00edfico norte de Miami. El lugar es conocido por sus antagonismos. Entre la ciudad y los suburbios, la arquitectura cl\u00e1sica se mezcla con la modernidad de los nuevos edificios y las boutiques chic se llenan de residentes con looks muy relajados.<\/p>\n\n\n\n<p>Puede descubrir el distrito hist\u00f3rico de MiMo, una parte de Biscayne Boulevard que comprende un conjunto \u00fanico de edificios con frescos coloridos y extravagantes, pintados en reacci\u00f3n a la triste arquitectura de la posguerra.<\/p>\n\n\n\n<blockquote class=\"wp-block-quote is-layout-flow wp-block-quote-is-layout-flow\"><p>Cl\u00e1sico y moderno, residencial y chic: Upper East Side cultiva sus contradicciones.<\/p><\/blockquote>\n\n\n\n<p>Hay tres comunidades muy agradables para vivir:<\/p>\n\n\n\n<p><strong>punto de la bah\u00eda<\/strong>, con 250 casas, un lago interior, una isla y acceso a la bah\u00eda, es una de las comunidades privadas m\u00e1s antiguas de Miami, solo por invitaci\u00f3n. Durante mucho tiempo, el &quot;Miami secreto mejor guardado de Miami&quot; porque nadie sab\u00eda lo que se escond\u00eda detr\u00e1s de estas grandes paredes blancas. Este peque\u00f1o para\u00edso en el centro de la ciudad ha sido objeto de notable especulaci\u00f3n ya que los precios de la vivienda a veces se han m\u00e1s que triplicado en 2 o 3 a\u00f1os.<\/p>\n\n\n\n<p><strong>lado de la ma\u00f1ana<\/strong>, que linda con Bay Point, est\u00e1 vigilado pero no es privado. Los caminos son anchos, la vegetaci\u00f3n soberbia y frondosa, y hay un conjunto arquitect\u00f3nico encantador con casas de los a\u00f1os 30, ejemplo de arquitectura de los a\u00f1os 50 e incluso MIMO de los a\u00f1os 60. Parte del patrimonio tambi\u00e9n est\u00e1 clasificado y protegido. En el borde de la bah\u00eda, un parque p\u00fablico ofrece canchas de tenis y campos deportivos.<\/p>\n\n\n\n<p>Un poco m\u00e1s alto, <strong>hermosa hidromiel<\/strong> tambi\u00e9n est\u00e1 vigilado pero no privado. Los franceses se enamoraron de este barrio tan verde y relajado y muchos de ellos compraron una casa sobre el agua all\u00ed cuando los precios eran mucho m\u00e1s bajos que en Miami Beach. Belle Meade aprovecha la transformaci\u00f3n del vecindario <strong>MIMO<\/strong> donde viejos moteles destartalados se transforman poco a poco en hoteles con encanto, como si revis\u00e1ramos pel\u00edculas americanas de los a\u00f1os 60. La destrucci\u00f3n cobra vida y cuenta una historia olvidada de Miami.<\/p>","protected":false},"excerpt":{"rendered":"<p>L\u2019Upper East Side est le petit quartier s\u00e9parant le dynamique Wynwood du paisible North Miami. L\u2019endroit est connu pour ses antagonismes. Entre ville et banlieue, l\u2019architecture classique se m\u00eale \u00e0 la modernit\u00e9 des nouveaux b\u00e2timents et les boutiques chics regorgent de r\u00e9sidents aux looks tr\u00e8s d\u00e9contract\u00e9s. On peut y d\u00e9couvrir le MiMo Historic District, une [&hellip;]<\/p>\n","protected":false},"author":1,"featured_media":0,"parent":0,"menu_order":0,"comment_status":"closed","ping_status":"closed","template":"","meta":{"inline_featured_image":false,"footnotes":""},"class_list":["post-23090","page","type-page","status-publish","hentry"],"yoast_head":"<!-- This site is optimized with the Yoast SEO plugin v27.4 - https:\/\/yoast.com\/product\/yoast-seo-wordpress\/ -->\n<title>Upper East Side - BARNES Miami<\/title>\n<meta name=\"robots\" content=\"index, follow, max-snippet:-1, max-image-preview:large, max-video-preview:-1\" \/>\n<link rel=\"canonical\" href=\"https:\/\/www.barnes-miami.com\/es\/lado-este-superior\/\" \/>\n<meta property=\"og:locale\" content=\"es_ES\" \/>\n<meta property=\"og:type\" content=\"article\" \/>\n<meta property=\"og:title\" content=\"Upper East Side - BARNES Miami\" \/>\n<meta property=\"og:description\" content=\"L\u2019Upper East Side est le petit quartier s\u00e9parant le dynamique Wynwood du paisible North Miami. L\u2019endroit est connu pour ses antagonismes. Entre ville et banlieue, l\u2019architecture classique se m\u00eale \u00e0 la modernit\u00e9 des nouveaux b\u00e2timents et les boutiques chics regorgent de r\u00e9sidents aux looks tr\u00e8s d\u00e9contract\u00e9s. On peut y d\u00e9couvrir le MiMo Historic District, une [&hellip;]\" \/>\n<meta property=\"og:url\" content=\"https:\/\/www.barnes-miami.com\/es\/lado-este-superior\/\" \/>\n<meta property=\"og:site_name\" content=\"BARNES Miami\" \/>\n<meta property=\"article:publisher\" content=\"https:\/\/www.facebook.com\/barnesinternationalmiami\/\" \/>\n<meta property=\"og:image\" content=\"https:\/\/www.barnes-miami.com\/wp-content\/uploads\/2019\/12\/upper-east-side.jpg\" \/>\n<meta name=\"twitter:card\" content=\"summary_large_image\" \/>\n<meta name=\"twitter:site\" content=\"@barnesmiami\" \/>\n<meta name=\"twitter:label1\" content=\"Tiempo de lectura\" \/>\n\t<meta name=\"twitter:data1\" content=\"2 minutos\" \/>\n<script type=\"application\/ld+json\" class=\"yoast-schema-graph\">{\"@context\":\"https:\\\/\\\/schema.org\",\"@graph\":[{\"@type\":\"WebPage\",\"@id\":\"https:\\\/\\\/www.barnes-miami.com\\\/en\\\/upper-east-side\\\/\",\"url\":\"https:\\\/\\\/www.barnes-miami.com\\\/en\\\/upper-east-side\\\/\",\"name\":\"Upper East Side - BARNES Miami\",\"isPartOf\":{\"@id\":\"https:\\\/\\\/www.barnes-miami.com\\\/#website\"},\"primaryImageOfPage\":{\"@id\":\"https:\\\/\\\/www.barnes-miami.com\\\/en\\\/upper-east-side\\\/#primaryimage\"},\"image\":{\"@id\":\"https:\\\/\\\/www.barnes-miami.com\\\/en\\\/upper-east-side\\\/#primaryimage\"},\"thumbnailUrl\":\"https:\\\/\\\/www.barnes-miami.com\\\/wp-content\\\/uploads\\\/2019\\\/12\\\/upper-east-side.jpg\",\"datePublished\":\"2019-12-01T22:59:43+00:00\",\"breadcrumb\":{\"@id\":\"https:\\\/\\\/www.barnes-miami.com\\\/en\\\/upper-east-side\\\/#breadcrumb\"},\"inLanguage\":\"es\",\"potentialAction\":[{\"@type\":\"ReadAction\",\"target\":[\"https:\\\/\\\/www.barnes-miami.com\\\/en\\\/upper-east-side\\\/\"]}]},{\"@type\":\"ImageObject\",\"inLanguage\":\"es\",\"@id\":\"https:\\\/\\\/www.barnes-miami.com\\\/en\\\/upper-east-side\\\/#primaryimage\",\"url\":\"https:\\\/\\\/www.barnes-miami.com\\\/wp-content\\\/uploads\\\/2019\\\/12\\\/upper-east-side.jpg\",\"contentUrl\":\"https:\\\/\\\/www.barnes-miami.com\\\/wp-content\\\/uploads\\\/2019\\\/12\\\/upper-east-side.jpg\"},{\"@type\":\"BreadcrumbList\",\"@id\":\"https:\\\/\\\/www.barnes-miami.com\\\/en\\\/upper-east-side\\\/#breadcrumb\",\"itemListElement\":[{\"@type\":\"ListItem\",\"position\":1,\"name\":\"Accueil\",\"item\":\"https:\\\/\\\/www.barnes-miami.com\\\/\"},{\"@type\":\"ListItem\",\"position\":2,\"name\":\"Upper East Side\"}]},{\"@type\":\"WebSite\",\"@id\":\"https:\\\/\\\/www.barnes-miami.com\\\/#website\",\"url\":\"https:\\\/\\\/www.barnes-miami.com\\\/\",\"name\":\"BARNES Miami\",\"description\":\"#1 International Real Estate Brokerage in South Florida\",\"publisher\":{\"@id\":\"https:\\\/\\\/www.barnes-miami.com\\\/#organization\"},\"potentialAction\":[{\"@type\":\"SearchAction\",\"target\":{\"@type\":\"EntryPoint\",\"urlTemplate\":\"https:\\\/\\\/www.barnes-miami.com\\\/?s={search_term_string}\"},\"query-input\":{\"@type\":\"PropertyValueSpecification\",\"valueRequired\":true,\"valueName\":\"search_term_string\"}}],\"inLanguage\":\"es\"},{\"@type\":\"Organization\",\"@id\":\"https:\\\/\\\/www.barnes-miami.com\\\/#organization\",\"name\":\"BARNES Miami\",\"url\":\"https:\\\/\\\/www.barnes-miami.com\\\/\",\"logo\":{\"@type\":\"ImageObject\",\"inLanguage\":\"es\",\"@id\":\"https:\\\/\\\/www.barnes-miami.com\\\/#\\\/schema\\\/logo\\\/image\\\/\",\"url\":\"https:\\\/\\\/www.barnes-miami.com\\\/wp-content\\\/uploads\\\/2026\\\/01\\\/logo-2.png\",\"contentUrl\":\"https:\\\/\\\/www.barnes-miami.com\\\/wp-content\\\/uploads\\\/2026\\\/01\\\/logo-2.png\",\"width\":1100,\"height\":1100,\"caption\":\"BARNES Miami\"},\"image\":{\"@id\":\"https:\\\/\\\/www.barnes-miami.com\\\/#\\\/schema\\\/logo\\\/image\\\/\"},\"sameAs\":[\"https:\\\/\\\/www.facebook.com\\\/barnesinternationalmiami\\\/\",\"https:\\\/\\\/x.com\\\/barnesmiami\",\"https:\\\/\\\/www.instagram.com\\\/barnesmiami\\\/\",\"https:\\\/\\\/www.linkedin.com\\\/company\\\/barnes-international-miami\\\/\",\"https:\\\/\\\/www.youtube.com\\\/user\\\/BarnesImmoMiami\\\/\"]}]}<\/script>\n<!-- \/ Yoast SEO plugin. -->","yoast_head_json":{"title":"Upper East Side - BARNES Miami","robots":{"index":"index","follow":"follow","max-snippet":"max-snippet:-1","max-image-preview":"max-image-preview:large","max-video-preview":"max-video-preview:-1"},"canonical":"https:\/\/www.barnes-miami.com\/es\/lado-este-superior\/","og_locale":"es_ES","og_type":"article","og_title":"Upper East Side - BARNES Miami","og_description":"L\u2019Upper East Side est le petit quartier s\u00e9parant le dynamique Wynwood du paisible North Miami. L\u2019endroit est connu pour ses antagonismes. Entre ville et banlieue, l\u2019architecture classique se m\u00eale \u00e0 la modernit\u00e9 des nouveaux b\u00e2timents et les boutiques chics regorgent de r\u00e9sidents aux looks tr\u00e8s d\u00e9contract\u00e9s. On peut y d\u00e9couvrir le MiMo Historic District, une [&hellip;]","og_url":"https:\/\/www.barnes-miami.com\/es\/lado-este-superior\/","og_site_name":"BARNES Miami","article_publisher":"https:\/\/www.facebook.com\/barnesinternationalmiami\/","og_image":[{"url":"https:\/\/www.barnes-miami.com\/wp-content\/uploads\/2019\/12\/upper-east-side.jpg","type":"","width":"","height":""}],"twitter_card":"summary_large_image","twitter_site":"@barnesmiami","twitter_misc":{"Tiempo de lectura":"2 minutos"},"schema":{"@context":"https:\/\/schema.org","@graph":[{"@type":"WebPage","@id":"https:\/\/www.barnes-miami.com\/en\/upper-east-side\/","url":"https:\/\/www.barnes-miami.com\/en\/upper-east-side\/","name":"Upper East Side - BARNES Miami","isPartOf":{"@id":"https:\/\/www.barnes-miami.com\/#website"},"primaryImageOfPage":{"@id":"https:\/\/www.barnes-miami.com\/en\/upper-east-side\/#primaryimage"},"image":{"@id":"https:\/\/www.barnes-miami.com\/en\/upper-east-side\/#primaryimage"},"thumbnailUrl":"https:\/\/www.barnes-miami.com\/wp-content\/uploads\/2019\/12\/upper-east-side.jpg","datePublished":"2019-12-01T22:59:43+00:00","breadcrumb":{"@id":"https:\/\/www.barnes-miami.com\/en\/upper-east-side\/#breadcrumb"},"inLanguage":"es","potentialAction":[{"@type":"ReadAction","target":["https:\/\/www.barnes-miami.com\/en\/upper-east-side\/"]}]},{"@type":"ImageObject","inLanguage":"es","@id":"https:\/\/www.barnes-miami.com\/en\/upper-east-side\/#primaryimage","url":"https:\/\/www.barnes-miami.com\/wp-content\/uploads\/2019\/12\/upper-east-side.jpg","contentUrl":"https:\/\/www.barnes-miami.com\/wp-content\/uploads\/2019\/12\/upper-east-side.jpg"},{"@type":"BreadcrumbList","@id":"https:\/\/www.barnes-miami.com\/en\/upper-east-side\/#breadcrumb","itemListElement":[{"@type":"ListItem","position":1,"name":"Accueil","item":"https:\/\/www.barnes-miami.com\/"},{"@type":"ListItem","position":2,"name":"Upper East Side"}]},{"@type":"WebSite","@id":"https:\/\/www.barnes-miami.com\/#website","url":"https:\/\/www.barnes-miami.com\/","name":"BARNES Miami","description":"#1 Corretaje internacional de bienes ra\u00edces en el sur de Florida","publisher":{"@id":"https:\/\/www.barnes-miami.com\/#organization"},"potentialAction":[{"@type":"SearchAction","target":{"@type":"EntryPoint","urlTemplate":"https:\/\/www.barnes-miami.com\/?s={search_term_string}"},"query-input":{"@type":"PropertyValueSpecification","valueRequired":true,"valueName":"search_term_string"}}],"inLanguage":"es"},{"@type":"Organization","@id":"https:\/\/www.barnes-miami.com\/#organization","name":"BARNES Miami","url":"https:\/\/www.barnes-miami.com\/","logo":{"@type":"ImageObject","inLanguage":"es","@id":"https:\/\/www.barnes-miami.com\/#\/schema\/logo\/image\/","url":"https:\/\/www.barnes-miami.com\/wp-content\/uploads\/2026\/01\/logo-2.png","contentUrl":"https:\/\/www.barnes-miami.com\/wp-content\/uploads\/2026\/01\/logo-2.png","width":1100,"height":1100,"caption":"BARNES Miami"},"image":{"@id":"https:\/\/www.barnes-miami.com\/#\/schema\/logo\/image\/"},"sameAs":["https:\/\/www.facebook.com\/barnesinternationalmiami\/","https:\/\/x.com\/barnesmiami","https:\/\/www.instagram.com\/barnesmiami\/","https:\/\/www.linkedin.com\/company\/barnes-international-miami\/","https:\/\/www.youtube.com\/user\/BarnesImmoMiami\/"]}]}},"_links":{"self":[{"href":"https:\/\/www.barnes-miami.com\/es\/wp-json\/wp\/v2\/pages\/23090","targetHints":{"allow":["GET"]}}],"collection":[{"href":"https:\/\/www.barnes-miami.com\/es\/wp-json\/wp\/v2\/pages"}],"about":[{"href":"https:\/\/www.barnes-miami.com\/es\/wp-json\/wp\/v2\/types\/page"}],"author":[{"embeddable":true,"href":"https:\/\/www.barnes-miami.com\/es\/wp-json\/wp\/v2\/users\/1"}],"replies":[{"embeddable":true,"href":"https:\/\/www.barnes-miami.com\/es\/wp-json\/wp\/v2\/comments?post=23090"}],"version-history":[{"count":1,"href":"https:\/\/www.barnes-miami.com\/es\/wp-json\/wp\/v2\/pages\/23090\/revisions"}],"predecessor-version":[{"id":23092,"href":"https:\/\/www.barnes-miami.com\/es\/wp-json\/wp\/v2\/pages\/23090\/revisions\/23092"}],"wp:attachment":[{"href":"https:\/\/www.barnes-miami.com\/es\/wp-json\/wp\/v2\/media?parent=23090"}],"curies":[{"name":"gracias","href":"https:\/\/api.w.org\/{rel}","templated":true}]}}