{"id":23096,"date":"2019-12-01T18:04:20","date_gmt":"2019-12-01T23:04:20","guid":{"rendered":"https:\/\/www.barnes-miami.com\/?page_id=23096"},"modified":"2019-12-01T18:04:20","modified_gmt":"2019-12-01T23:04:20","slug":"sur-de-miami","status":"publish","type":"page","link":"https:\/\/www.barnes-miami.com\/es\/south-miami\/","title":{"rendered":"Sur de Miami\/Pinecrest"},"content":{"rendered":"<figure class=\"wp-block-image size-large\"><img loading=\"lazy\" decoding=\"async\" width=\"732\" height=\"304\" src=\"https:\/\/www.barnes-miami.com\/wp-content\/uploads\/2019\/12\/pinecrest.jpg\" alt=\"\" class=\"wp-image-23097\" srcset=\"https:\/\/www.barnes-miami.com\/wp-content\/uploads\/2019\/12\/pinecrest.jpg 732w, https:\/\/www.barnes-miami.com\/wp-content\/uploads\/2019\/12\/pinecrest-300x125.jpg 300w\" sizes=\"auto, (max-width: 732px) 100vw, 732px\" \/><\/figure>\n\n\n\n<p><strong>Sur de Miami<\/strong>, como <strong>Pinecrest<\/strong> originalmente eran \u00e1reas reservadas para granjas. En la d\u00e9cada de 1990 se crearon divisiones (a veces complicadas de seguir) para transformarlos en municipios a escala humana y m\u00e1s f\u00e1ciles de gestionar. Hoy, para los amantes de los espacios abiertos, la tranquilidad, la vida familiar deportiva con buenas escuelas aleda\u00f1as, Pinecrest y South Miami ofrecen una buena calidad de vida. Aqu\u00ed, puedes permitirte una cancha de tenis en sus jardines y la cercan\u00eda de parques verdes como Matheson, Fairchild Tropical Gardens, Pinecrest Gardens, Deering estates que hacen de esta zona el lugar ideal para familias y amantes de la naturaleza. . Los fines de semana, los ni\u00f1os recorren las ciclov\u00edas y practican numerosas actividades deportivas o educativas dentro de los equipos competitivos de los numerosos colegios de los alrededores.<\/p>\n\n\n\n<p>Para primaria, Pinecrest tiene una escuela p\u00fablica codiciada. Luego, el sistema p\u00fablico ofrece escuelas de Palmetto Middle y Palmetto High School. El primer campus de primaria del colegio franco-americano de Miami EFAM se encuentra en este mismo distrito, al igual que <a href=\"https:\/\/internationalstudiesprep.net\" target=\"_blank\" rel=\"noreferrer noopener\">ISPA<\/a>, una escuela secundaria p\u00fablica internacional que incluye un curso biling\u00fce franc\u00e9s-ingl\u00e9s. Gulliver Private School ofrece un programa de Bachillerato Internacional (IB). Los Lyc\u00e9es Epiphany, Westminster, Palmer Trinity (escuelas religiosas privadas) ubicadas en este distrito tambi\u00e9n tienen una amplia reputaci\u00f3n.<\/p>\n\n\n\n<p>El pueblo de Pinecrest, de menos de 20.000 habitantes, tambi\u00e9n destaca por su seguridad ya que la polic\u00eda realiza rondas las 24 horas en un per\u00edmetro bastante restringido. Las casas all\u00ed son cada vez m\u00e1s grandes, modernas y lujosas, las \u00faltimas construcciones se han beneficiado de terrenos asequibles.<\/p>\n\n\n\n<p>Aqu\u00ed se vive con auto, para disfrutar tambi\u00e9n de los gigantescos centros comerciales: The Falls al sur, cuenta con m\u00e1s de 100 marcas, cines y tiendas departamentales. Dadeland y Sunset ofrecen tantas opciones para los entusiastas de las compras.<\/p>\n\n\n\n<p>El distrito de Sunset tambi\u00e9n es muy popular entre los franceses debido a la proximidad de la escuela primaria Sunset (m\u00faltiples programas de franc\u00e9s, ingl\u00e9s, espa\u00f1ol y alem\u00e1n) y EFAM. Hoy, Pinecrest y South Miami ofrecen una calidad de vida innegable gracias a sus muchas buenas escuelas circundantes, sus grandes parques e instalaciones deportivas, sus amplios espacios abiertos, su vegetaci\u00f3n y su tranquilidad. Alrededor de Sunset, se ha desarrollado todo un peque\u00f1o coraz\u00f3n de la ciudad con restaurantes, entretenimiento y tiendas independientes.<\/p>","protected":false},"excerpt":{"rendered":"<p>South Miami, comme Pinecrest \u00e9taient \u00e0 l\u2019origine des \u00e9tendues r\u00e9serv\u00e9es aux fermes. Dans les ann\u00e9es 1990, des d\u00e9coupages (parfois compliqu\u00e9s \u00e0 suivre) ont \u00e9t\u00e9 cr\u00e9\u00e9s pour les transformer en municipalit\u00e9s de taille humaine et plus faciles \u00e0 g\u00e9rer. Aujourd\u2019hui, pour les amateurs de grands espaces, de tranquillit\u00e9, de vie familiale sportive avec de bonnes \u00e9coles [&hellip;]<\/p>\n","protected":false},"author":1,"featured_media":0,"parent":0,"menu_order":0,"comment_status":"closed","ping_status":"closed","template":"","meta":{"inline_featured_image":false,"footnotes":""},"class_list":["post-23096","page","type-page","status-publish","hentry"],"yoast_head":"<!-- This site is optimized with the Yoast SEO plugin v27.3 - https:\/\/yoast.com\/product\/yoast-seo-wordpress\/ -->\n<title>South Miami \/ Pinecrest - BARNES Miami<\/title>\n<meta name=\"robots\" content=\"index, follow, max-snippet:-1, max-image-preview:large, max-video-preview:-1\" \/>\n<link rel=\"canonical\" href=\"https:\/\/www.barnes-miami.com\/es\/sur-de-miami\/\" \/>\n<meta property=\"og:locale\" content=\"es_ES\" \/>\n<meta property=\"og:type\" content=\"article\" \/>\n<meta property=\"og:title\" content=\"South Miami \/ Pinecrest - BARNES Miami\" \/>\n<meta property=\"og:description\" content=\"South Miami, comme Pinecrest \u00e9taient \u00e0 l\u2019origine des \u00e9tendues r\u00e9serv\u00e9es aux fermes. Dans les ann\u00e9es 1990, des d\u00e9coupages (parfois compliqu\u00e9s \u00e0 suivre) ont \u00e9t\u00e9 cr\u00e9\u00e9s pour les transformer en municipalit\u00e9s de taille humaine et plus faciles \u00e0 g\u00e9rer. Aujourd\u2019hui, pour les amateurs de grands espaces, de tranquillit\u00e9, de vie familiale sportive avec de bonnes \u00e9coles [&hellip;]\" \/>\n<meta property=\"og:url\" content=\"https:\/\/www.barnes-miami.com\/es\/sur-de-miami\/\" \/>\n<meta property=\"og:site_name\" content=\"BARNES Miami\" \/>\n<meta property=\"article:publisher\" content=\"https:\/\/www.facebook.com\/barnesinternationalmiami\/\" \/>\n<meta property=\"og:image\" content=\"https:\/\/www.barnes-miami.com\/wp-content\/uploads\/2019\/12\/pinecrest.jpg\" \/>\n<meta name=\"twitter:card\" content=\"summary_large_image\" \/>\n<meta name=\"twitter:site\" content=\"@barnesmiami\" \/>\n<meta name=\"twitter:label1\" content=\"Tiempo de lectura\" \/>\n\t<meta name=\"twitter:data1\" content=\"2 minutos\" \/>\n<script type=\"application\/ld+json\" class=\"yoast-schema-graph\">{\"@context\":\"https:\\\/\\\/schema.org\",\"@graph\":[{\"@type\":\"WebPage\",\"@id\":\"https:\\\/\\\/www.barnes-miami.com\\\/en\\\/south-miami\\\/\",\"url\":\"https:\\\/\\\/www.barnes-miami.com\\\/en\\\/south-miami\\\/\",\"name\":\"South Miami \\\/ Pinecrest - BARNES Miami\",\"isPartOf\":{\"@id\":\"https:\\\/\\\/www.barnes-miami.com\\\/#website\"},\"primaryImageOfPage\":{\"@id\":\"https:\\\/\\\/www.barnes-miami.com\\\/en\\\/south-miami\\\/#primaryimage\"},\"image\":{\"@id\":\"https:\\\/\\\/www.barnes-miami.com\\\/en\\\/south-miami\\\/#primaryimage\"},\"thumbnailUrl\":\"https:\\\/\\\/www.barnes-miami.com\\\/wp-content\\\/uploads\\\/2019\\\/12\\\/pinecrest.jpg\",\"datePublished\":\"2019-12-01T23:04:20+00:00\",\"breadcrumb\":{\"@id\":\"https:\\\/\\\/www.barnes-miami.com\\\/en\\\/south-miami\\\/#breadcrumb\"},\"inLanguage\":\"es\",\"potentialAction\":[{\"@type\":\"ReadAction\",\"target\":[\"https:\\\/\\\/www.barnes-miami.com\\\/en\\\/south-miami\\\/\"]}]},{\"@type\":\"ImageObject\",\"inLanguage\":\"es\",\"@id\":\"https:\\\/\\\/www.barnes-miami.com\\\/en\\\/south-miami\\\/#primaryimage\",\"url\":\"https:\\\/\\\/www.barnes-miami.com\\\/wp-content\\\/uploads\\\/2019\\\/12\\\/pinecrest.jpg\",\"contentUrl\":\"https:\\\/\\\/www.barnes-miami.com\\\/wp-content\\\/uploads\\\/2019\\\/12\\\/pinecrest.jpg\"},{\"@type\":\"BreadcrumbList\",\"@id\":\"https:\\\/\\\/www.barnes-miami.com\\\/en\\\/south-miami\\\/#breadcrumb\",\"itemListElement\":[{\"@type\":\"ListItem\",\"position\":1,\"name\":\"Accueil\",\"item\":\"https:\\\/\\\/www.barnes-miami.com\\\/\"},{\"@type\":\"ListItem\",\"position\":2,\"name\":\"South Miami \\\/ Pinecrest\"}]},{\"@type\":\"WebSite\",\"@id\":\"https:\\\/\\\/www.barnes-miami.com\\\/#website\",\"url\":\"https:\\\/\\\/www.barnes-miami.com\\\/\",\"name\":\"BARNES Miami\",\"description\":\"#1 International Real Estate Brokerage in South Florida\",\"publisher\":{\"@id\":\"https:\\\/\\\/www.barnes-miami.com\\\/#organization\"},\"potentialAction\":[{\"@type\":\"SearchAction\",\"target\":{\"@type\":\"EntryPoint\",\"urlTemplate\":\"https:\\\/\\\/www.barnes-miami.com\\\/?s={search_term_string}\"},\"query-input\":{\"@type\":\"PropertyValueSpecification\",\"valueRequired\":true,\"valueName\":\"search_term_string\"}}],\"inLanguage\":\"es\"},{\"@type\":\"Organization\",\"@id\":\"https:\\\/\\\/www.barnes-miami.com\\\/#organization\",\"name\":\"BARNES Miami\",\"url\":\"https:\\\/\\\/www.barnes-miami.com\\\/\",\"logo\":{\"@type\":\"ImageObject\",\"inLanguage\":\"es\",\"@id\":\"https:\\\/\\\/www.barnes-miami.com\\\/#\\\/schema\\\/logo\\\/image\\\/\",\"url\":\"https:\\\/\\\/www.barnes-miami.com\\\/wp-content\\\/uploads\\\/2026\\\/01\\\/logo-2.png\",\"contentUrl\":\"https:\\\/\\\/www.barnes-miami.com\\\/wp-content\\\/uploads\\\/2026\\\/01\\\/logo-2.png\",\"width\":1100,\"height\":1100,\"caption\":\"BARNES Miami\"},\"image\":{\"@id\":\"https:\\\/\\\/www.barnes-miami.com\\\/#\\\/schema\\\/logo\\\/image\\\/\"},\"sameAs\":[\"https:\\\/\\\/www.facebook.com\\\/barnesinternationalmiami\\\/\",\"https:\\\/\\\/x.com\\\/barnesmiami\",\"https:\\\/\\\/www.instagram.com\\\/barnesmiami\\\/\",\"https:\\\/\\\/www.linkedin.com\\\/company\\\/barnes-international-miami\\\/\",\"https:\\\/\\\/www.youtube.com\\\/user\\\/BarnesImmoMiami\\\/\"]}]}<\/script>\n<!-- \/ Yoast SEO plugin. -->","yoast_head_json":{"title":"Sur de Miami \/ Pinecrest - BARNES Miami","robots":{"index":"index","follow":"follow","max-snippet":"max-snippet:-1","max-image-preview":"max-image-preview:large","max-video-preview":"max-video-preview:-1"},"canonical":"https:\/\/www.barnes-miami.com\/es\/sur-de-miami\/","og_locale":"es_ES","og_type":"article","og_title":"South Miami \/ Pinecrest - BARNES Miami","og_description":"South Miami, comme Pinecrest \u00e9taient \u00e0 l\u2019origine des \u00e9tendues r\u00e9serv\u00e9es aux fermes. Dans les ann\u00e9es 1990, des d\u00e9coupages (parfois compliqu\u00e9s \u00e0 suivre) ont \u00e9t\u00e9 cr\u00e9\u00e9s pour les transformer en municipalit\u00e9s de taille humaine et plus faciles \u00e0 g\u00e9rer. Aujourd\u2019hui, pour les amateurs de grands espaces, de tranquillit\u00e9, de vie familiale sportive avec de bonnes \u00e9coles [&hellip;]","og_url":"https:\/\/www.barnes-miami.com\/es\/sur-de-miami\/","og_site_name":"BARNES Miami","article_publisher":"https:\/\/www.facebook.com\/barnesinternationalmiami\/","og_image":[{"url":"https:\/\/www.barnes-miami.com\/wp-content\/uploads\/2019\/12\/pinecrest.jpg","type":"","width":"","height":""}],"twitter_card":"summary_large_image","twitter_site":"@barnesmiami","twitter_misc":{"Tiempo de lectura":"2 minutos"},"schema":{"@context":"https:\/\/schema.org","@graph":[{"@type":"WebPage","@id":"https:\/\/www.barnes-miami.com\/en\/south-miami\/","url":"https:\/\/www.barnes-miami.com\/en\/south-miami\/","name":"Sur de Miami \/ Pinecrest - BARNES Miami","isPartOf":{"@id":"https:\/\/www.barnes-miami.com\/#website"},"primaryImageOfPage":{"@id":"https:\/\/www.barnes-miami.com\/en\/south-miami\/#primaryimage"},"image":{"@id":"https:\/\/www.barnes-miami.com\/en\/south-miami\/#primaryimage"},"thumbnailUrl":"https:\/\/www.barnes-miami.com\/wp-content\/uploads\/2019\/12\/pinecrest.jpg","datePublished":"2019-12-01T23:04:20+00:00","breadcrumb":{"@id":"https:\/\/www.barnes-miami.com\/en\/south-miami\/#breadcrumb"},"inLanguage":"es","potentialAction":[{"@type":"ReadAction","target":["https:\/\/www.barnes-miami.com\/en\/south-miami\/"]}]},{"@type":"ImageObject","inLanguage":"es","@id":"https:\/\/www.barnes-miami.com\/en\/south-miami\/#primaryimage","url":"https:\/\/www.barnes-miami.com\/wp-content\/uploads\/2019\/12\/pinecrest.jpg","contentUrl":"https:\/\/www.barnes-miami.com\/wp-content\/uploads\/2019\/12\/pinecrest.jpg"},{"@type":"BreadcrumbList","@id":"https:\/\/www.barnes-miami.com\/en\/south-miami\/#breadcrumb","itemListElement":[{"@type":"ListItem","position":1,"name":"Accueil","item":"https:\/\/www.barnes-miami.com\/"},{"@type":"ListItem","position":2,"name":"South Miami \/ Pinecrest"}]},{"@type":"WebSite","@id":"https:\/\/www.barnes-miami.com\/#website","url":"https:\/\/www.barnes-miami.com\/","name":"BARNES Miami","description":"#1 Corretaje internacional de bienes ra\u00edces en el sur de Florida","publisher":{"@id":"https:\/\/www.barnes-miami.com\/#organization"},"potentialAction":[{"@type":"SearchAction","target":{"@type":"EntryPoint","urlTemplate":"https:\/\/www.barnes-miami.com\/?s={search_term_string}"},"query-input":{"@type":"PropertyValueSpecification","valueRequired":true,"valueName":"search_term_string"}}],"inLanguage":"es"},{"@type":"Organization","@id":"https:\/\/www.barnes-miami.com\/#organization","name":"BARNES Miami","url":"https:\/\/www.barnes-miami.com\/","logo":{"@type":"ImageObject","inLanguage":"es","@id":"https:\/\/www.barnes-miami.com\/#\/schema\/logo\/image\/","url":"https:\/\/www.barnes-miami.com\/wp-content\/uploads\/2026\/01\/logo-2.png","contentUrl":"https:\/\/www.barnes-miami.com\/wp-content\/uploads\/2026\/01\/logo-2.png","width":1100,"height":1100,"caption":"BARNES Miami"},"image":{"@id":"https:\/\/www.barnes-miami.com\/#\/schema\/logo\/image\/"},"sameAs":["https:\/\/www.facebook.com\/barnesinternationalmiami\/","https:\/\/x.com\/barnesmiami","https:\/\/www.instagram.com\/barnesmiami\/","https:\/\/www.linkedin.com\/company\/barnes-international-miami\/","https:\/\/www.youtube.com\/user\/BarnesImmoMiami\/"]}]}},"_links":{"self":[{"href":"https:\/\/www.barnes-miami.com\/es\/wp-json\/wp\/v2\/pages\/23096","targetHints":{"allow":["GET"]}}],"collection":[{"href":"https:\/\/www.barnes-miami.com\/es\/wp-json\/wp\/v2\/pages"}],"about":[{"href":"https:\/\/www.barnes-miami.com\/es\/wp-json\/wp\/v2\/types\/page"}],"author":[{"embeddable":true,"href":"https:\/\/www.barnes-miami.com\/es\/wp-json\/wp\/v2\/users\/1"}],"replies":[{"embeddable":true,"href":"https:\/\/www.barnes-miami.com\/es\/wp-json\/wp\/v2\/comments?post=23096"}],"version-history":[{"count":1,"href":"https:\/\/www.barnes-miami.com\/es\/wp-json\/wp\/v2\/pages\/23096\/revisions"}],"predecessor-version":[{"id":23098,"href":"https:\/\/www.barnes-miami.com\/es\/wp-json\/wp\/v2\/pages\/23096\/revisions\/23098"}],"wp:attachment":[{"href":"https:\/\/www.barnes-miami.com\/es\/wp-json\/wp\/v2\/media?parent=23096"}],"curies":[{"name":"gracias","href":"https:\/\/api.w.org\/{rel}","templated":true}]}}