{"id":23102,"date":"2019-12-01T18:06:32","date_gmt":"2019-12-01T23:06:32","guid":{"rendered":"https:\/\/www.barnes-miami.com\/?page_id=23102"},"modified":"2019-12-01T18:06:32","modified_gmt":"2019-12-01T23:06:32","slug":"cayo-vizcaino","status":"publish","type":"page","link":"https:\/\/www.barnes-miami.com\/es\/key-biscayne\/","title":{"rendered":"Key Biscayne"},"content":{"rendered":"<figure class=\"wp-block-image size-large\"><img loading=\"lazy\" decoding=\"async\" width=\"825\" height=\"496\" src=\"https:\/\/www.barnes-miami.com\/wp-content\/uploads\/2019\/12\/key-biscayne.jpg\" alt=\"\" class=\"wp-image-23103\" srcset=\"https:\/\/www.barnes-miami.com\/wp-content\/uploads\/2019\/12\/key-biscayne.jpg 825w, https:\/\/www.barnes-miami.com\/wp-content\/uploads\/2019\/12\/key-biscayne-300x180.jpg 300w, https:\/\/www.barnes-miami.com\/wp-content\/uploads\/2019\/12\/key-biscayne-768x462.jpg 768w\" sizes=\"auto, (max-width: 825px) 100vw, 825px\" \/><\/figure>\n\n\n\n<p>Con una ubicaci\u00f3n ideal a 20 minutos de South Beach y del centro de Miami, Key Biscayne es una prestigiosa isla residencial con un pasado hist\u00f3rico \u00fanico. Sus 11 kil\u00f3metros de extensi\u00f3n hacen de esta isla un lugar de ensue\u00f1o para el ocio, en contacto con la naturaleza virgen.<\/p>\n\n\n\n<p>Fue en 1940 cuando este peque\u00f1o rinc\u00f3n de para\u00edso y tranquilidad obtuvo sus cartas de nobleza: la familia de <a href=\"http:\/\/www.keyshistory.org\/Matheson-1.html\" target=\"_blank\" rel=\"noreferrer noopener\">william mateson<\/a>, el rico propietario de la antigua plantaci\u00f3n de cocos m\u00e1s grande de Am\u00e9rica del Norte, don\u00f3 parte de la isla para que all\u00ed se pudiera crear un parque p\u00fablico: <a href=\"http:\/\/www.miamidade.gov\/parks\/crandon.asp\" target=\"_blank\" rel=\"noreferrer noopener\">Parque Crandon<\/a>.<\/p>\n\n\n\n<p>En m\u00e1s de 800 hect\u00e1reas, este parque natural re\u00fane la fauna y flora caracter\u00edsticas de Miami. Adem\u00e1s de magn\u00edficas playas, este exuberante parque, que a finales de marzo da la bienvenida a los nombres m\u00e1s importantes del tenis mundial con motivo del famoso torneo Miami Masters, seducir\u00e1 a los amantes del deporte con su majestuoso campo de golf. Para una experiencia de arena fina lejos del bullicio de Miami Beach, los amantes del ocio pueden disfrutar de la larga playa de arena blanca, Crandon Park Beach, una playa a la vez tranquila y animada donde se sirven aperitivos, merenderos y merendero y playa. canchas de voleibol.<\/p>\n\n\n\n<p>A la sombra de cocoteros y palmeras, un paseo por las ciclov\u00edas que recorren la isla lleva a los habitantes al Parque Estatal Bills Baggs Cape Florida y su hist\u00f3rico faro erigido en 1825. Con sus 109 escalones, el monumento m\u00e1s antiguo de Miami Dade El condado ofrece impresionantes vistas de Key Biscayne y sus lujosos condominios e hist\u00f3ricas residencias millonarias.<\/p>\n\n\n\n<p>Destino ideal de fin de semana, lejos de la exuberancia de Miami, la plantaci\u00f3n de cocoteros original se ha transformado en un pueblo dotado de un entorno de vida privilegiado que ofrece multitud de actividades: Key Biscayne es un remanso de paz para compartir en familia.<\/p>","protected":false},"excerpt":{"rendered":"<p>Id\u00e9alement situ\u00e9e \u00e0 20 minutes de South Beach et du centre de Miami, Key Biscayne est une \u00eele r\u00e9sidentielle prestigieuse au pass\u00e9 historique unique. Ses 11 kilom\u00e8tres de long font de cette \u00eele un lieu r\u00eav\u00e9 pour le farniente, au contact d\u2019une nature pr\u00e9serv\u00e9e. C\u2019est en 1940 que ce petit coin de paradis et de [&hellip;]<\/p>\n","protected":false},"author":1,"featured_media":0,"parent":0,"menu_order":0,"comment_status":"closed","ping_status":"closed","template":"","meta":{"inline_featured_image":false,"footnotes":""},"class_list":["post-23102","page","type-page","status-publish","hentry"],"yoast_head":"<!-- This site is optimized with the Yoast SEO plugin v27.5 - https:\/\/yoast.com\/product\/yoast-seo-wordpress\/ -->\n<title>Key Biscayne - BARNES Miami<\/title>\n<meta name=\"robots\" content=\"index, follow, max-snippet:-1, max-image-preview:large, max-video-preview:-1\" \/>\n<link rel=\"canonical\" href=\"https:\/\/www.barnes-miami.com\/es\/cayo-vizcaino\/\" \/>\n<meta property=\"og:locale\" content=\"es_ES\" \/>\n<meta property=\"og:type\" content=\"article\" \/>\n<meta property=\"og:title\" content=\"Key Biscayne - BARNES Miami\" \/>\n<meta property=\"og:description\" content=\"Id\u00e9alement situ\u00e9e \u00e0 20 minutes de South Beach et du centre de Miami, Key Biscayne est une \u00eele r\u00e9sidentielle prestigieuse au pass\u00e9 historique unique. Ses 11 kilom\u00e8tres de long font de cette \u00eele un lieu r\u00eav\u00e9 pour le farniente, au contact d\u2019une nature pr\u00e9serv\u00e9e. C\u2019est en 1940 que ce petit coin de paradis et de [&hellip;]\" \/>\n<meta property=\"og:url\" content=\"https:\/\/www.barnes-miami.com\/es\/cayo-vizcaino\/\" \/>\n<meta property=\"og:site_name\" content=\"BARNES Miami\" \/>\n<meta property=\"article:publisher\" content=\"https:\/\/www.facebook.com\/barnesinternationalmiami\/\" \/>\n<meta property=\"og:image\" content=\"https:\/\/www.barnes-miami.com\/wp-content\/uploads\/2019\/12\/key-biscayne.jpg\" \/>\n<meta name=\"twitter:card\" content=\"summary_large_image\" \/>\n<meta name=\"twitter:site\" content=\"@barnesmiami\" \/>\n<meta name=\"twitter:label1\" content=\"Tiempo de lectura\" \/>\n\t<meta name=\"twitter:data1\" content=\"2 minutos\" \/>\n<script type=\"application\/ld+json\" class=\"yoast-schema-graph\">{\"@context\":\"https:\\\/\\\/schema.org\",\"@graph\":[{\"@type\":\"WebPage\",\"@id\":\"https:\\\/\\\/www.barnes-miami.com\\\/en\\\/key-biscayne\\\/\",\"url\":\"https:\\\/\\\/www.barnes-miami.com\\\/en\\\/key-biscayne\\\/\",\"name\":\"Key Biscayne - BARNES Miami\",\"isPartOf\":{\"@id\":\"https:\\\/\\\/www.barnes-miami.com\\\/#website\"},\"primaryImageOfPage\":{\"@id\":\"https:\\\/\\\/www.barnes-miami.com\\\/en\\\/key-biscayne\\\/#primaryimage\"},\"image\":{\"@id\":\"https:\\\/\\\/www.barnes-miami.com\\\/en\\\/key-biscayne\\\/#primaryimage\"},\"thumbnailUrl\":\"https:\\\/\\\/www.barnes-miami.com\\\/wp-content\\\/uploads\\\/2019\\\/12\\\/key-biscayne.jpg\",\"datePublished\":\"2019-12-01T23:06:32+00:00\",\"breadcrumb\":{\"@id\":\"https:\\\/\\\/www.barnes-miami.com\\\/en\\\/key-biscayne\\\/#breadcrumb\"},\"inLanguage\":\"es\",\"potentialAction\":[{\"@type\":\"ReadAction\",\"target\":[\"https:\\\/\\\/www.barnes-miami.com\\\/en\\\/key-biscayne\\\/\"]}]},{\"@type\":\"ImageObject\",\"inLanguage\":\"es\",\"@id\":\"https:\\\/\\\/www.barnes-miami.com\\\/en\\\/key-biscayne\\\/#primaryimage\",\"url\":\"https:\\\/\\\/www.barnes-miami.com\\\/wp-content\\\/uploads\\\/2019\\\/12\\\/key-biscayne.jpg\",\"contentUrl\":\"https:\\\/\\\/www.barnes-miami.com\\\/wp-content\\\/uploads\\\/2019\\\/12\\\/key-biscayne.jpg\"},{\"@type\":\"BreadcrumbList\",\"@id\":\"https:\\\/\\\/www.barnes-miami.com\\\/en\\\/key-biscayne\\\/#breadcrumb\",\"itemListElement\":[{\"@type\":\"ListItem\",\"position\":1,\"name\":\"Accueil\",\"item\":\"https:\\\/\\\/www.barnes-miami.com\\\/\"},{\"@type\":\"ListItem\",\"position\":2,\"name\":\"Key Biscayne\"}]},{\"@type\":\"WebSite\",\"@id\":\"https:\\\/\\\/www.barnes-miami.com\\\/#website\",\"url\":\"https:\\\/\\\/www.barnes-miami.com\\\/\",\"name\":\"BARNES Miami\",\"description\":\"#1 International Real Estate Brokerage in South Florida\",\"publisher\":{\"@id\":\"https:\\\/\\\/www.barnes-miami.com\\\/#organization\"},\"potentialAction\":[{\"@type\":\"SearchAction\",\"target\":{\"@type\":\"EntryPoint\",\"urlTemplate\":\"https:\\\/\\\/www.barnes-miami.com\\\/?s={search_term_string}\"},\"query-input\":{\"@type\":\"PropertyValueSpecification\",\"valueRequired\":true,\"valueName\":\"search_term_string\"}}],\"inLanguage\":\"es\"},{\"@type\":\"Organization\",\"@id\":\"https:\\\/\\\/www.barnes-miami.com\\\/#organization\",\"name\":\"BARNES Miami\",\"url\":\"https:\\\/\\\/www.barnes-miami.com\\\/\",\"logo\":{\"@type\":\"ImageObject\",\"inLanguage\":\"es\",\"@id\":\"https:\\\/\\\/www.barnes-miami.com\\\/#\\\/schema\\\/logo\\\/image\\\/\",\"url\":\"https:\\\/\\\/www.barnes-miami.com\\\/wp-content\\\/uploads\\\/2026\\\/01\\\/logo-2.png\",\"contentUrl\":\"https:\\\/\\\/www.barnes-miami.com\\\/wp-content\\\/uploads\\\/2026\\\/01\\\/logo-2.png\",\"width\":1100,\"height\":1100,\"caption\":\"BARNES Miami\"},\"image\":{\"@id\":\"https:\\\/\\\/www.barnes-miami.com\\\/#\\\/schema\\\/logo\\\/image\\\/\"},\"sameAs\":[\"https:\\\/\\\/www.facebook.com\\\/barnesinternationalmiami\\\/\",\"https:\\\/\\\/x.com\\\/barnesmiami\",\"https:\\\/\\\/www.instagram.com\\\/barnesmiami\\\/\",\"https:\\\/\\\/www.linkedin.com\\\/company\\\/barnes-international-miami\\\/\",\"https:\\\/\\\/www.youtube.com\\\/user\\\/BarnesImmoMiami\\\/\"]}]}<\/script>\n<!-- \/ Yoast SEO plugin. -->","yoast_head_json":{"title":"Key Biscayne - BARNES Miami","robots":{"index":"index","follow":"follow","max-snippet":"max-snippet:-1","max-image-preview":"max-image-preview:large","max-video-preview":"max-video-preview:-1"},"canonical":"https:\/\/www.barnes-miami.com\/es\/cayo-vizcaino\/","og_locale":"es_ES","og_type":"article","og_title":"Key Biscayne - BARNES Miami","og_description":"Id\u00e9alement situ\u00e9e \u00e0 20 minutes de South Beach et du centre de Miami, Key Biscayne est une \u00eele r\u00e9sidentielle prestigieuse au pass\u00e9 historique unique. Ses 11 kilom\u00e8tres de long font de cette \u00eele un lieu r\u00eav\u00e9 pour le farniente, au contact d\u2019une nature pr\u00e9serv\u00e9e. C\u2019est en 1940 que ce petit coin de paradis et de [&hellip;]","og_url":"https:\/\/www.barnes-miami.com\/es\/cayo-vizcaino\/","og_site_name":"BARNES Miami","article_publisher":"https:\/\/www.facebook.com\/barnesinternationalmiami\/","og_image":[{"url":"https:\/\/www.barnes-miami.com\/wp-content\/uploads\/2019\/12\/key-biscayne.jpg","type":"","width":"","height":""}],"twitter_card":"summary_large_image","twitter_site":"@barnesmiami","twitter_misc":{"Tiempo de lectura":"2 minutos"},"schema":{"@context":"https:\/\/schema.org","@graph":[{"@type":"WebPage","@id":"https:\/\/www.barnes-miami.com\/en\/key-biscayne\/","url":"https:\/\/www.barnes-miami.com\/en\/key-biscayne\/","name":"Key Biscayne - BARNES Miami","isPartOf":{"@id":"https:\/\/www.barnes-miami.com\/#website"},"primaryImageOfPage":{"@id":"https:\/\/www.barnes-miami.com\/en\/key-biscayne\/#primaryimage"},"image":{"@id":"https:\/\/www.barnes-miami.com\/en\/key-biscayne\/#primaryimage"},"thumbnailUrl":"https:\/\/www.barnes-miami.com\/wp-content\/uploads\/2019\/12\/key-biscayne.jpg","datePublished":"2019-12-01T23:06:32+00:00","breadcrumb":{"@id":"https:\/\/www.barnes-miami.com\/en\/key-biscayne\/#breadcrumb"},"inLanguage":"es","potentialAction":[{"@type":"ReadAction","target":["https:\/\/www.barnes-miami.com\/en\/key-biscayne\/"]}]},{"@type":"ImageObject","inLanguage":"es","@id":"https:\/\/www.barnes-miami.com\/en\/key-biscayne\/#primaryimage","url":"https:\/\/www.barnes-miami.com\/wp-content\/uploads\/2019\/12\/key-biscayne.jpg","contentUrl":"https:\/\/www.barnes-miami.com\/wp-content\/uploads\/2019\/12\/key-biscayne.jpg"},{"@type":"BreadcrumbList","@id":"https:\/\/www.barnes-miami.com\/en\/key-biscayne\/#breadcrumb","itemListElement":[{"@type":"ListItem","position":1,"name":"Accueil","item":"https:\/\/www.barnes-miami.com\/"},{"@type":"ListItem","position":2,"name":"Key Biscayne"}]},{"@type":"WebSite","@id":"https:\/\/www.barnes-miami.com\/#website","url":"https:\/\/www.barnes-miami.com\/","name":"BARNES Miami","description":"#1 Corretaje internacional de bienes ra\u00edces en el sur de Florida","publisher":{"@id":"https:\/\/www.barnes-miami.com\/#organization"},"potentialAction":[{"@type":"SearchAction","target":{"@type":"EntryPoint","urlTemplate":"https:\/\/www.barnes-miami.com\/?s={search_term_string}"},"query-input":{"@type":"PropertyValueSpecification","valueRequired":true,"valueName":"search_term_string"}}],"inLanguage":"es"},{"@type":"Organization","@id":"https:\/\/www.barnes-miami.com\/#organization","name":"BARNES Miami","url":"https:\/\/www.barnes-miami.com\/","logo":{"@type":"ImageObject","inLanguage":"es","@id":"https:\/\/www.barnes-miami.com\/#\/schema\/logo\/image\/","url":"https:\/\/www.barnes-miami.com\/wp-content\/uploads\/2026\/01\/logo-2.png","contentUrl":"https:\/\/www.barnes-miami.com\/wp-content\/uploads\/2026\/01\/logo-2.png","width":1100,"height":1100,"caption":"BARNES Miami"},"image":{"@id":"https:\/\/www.barnes-miami.com\/#\/schema\/logo\/image\/"},"sameAs":["https:\/\/www.facebook.com\/barnesinternationalmiami\/","https:\/\/x.com\/barnesmiami","https:\/\/www.instagram.com\/barnesmiami\/","https:\/\/www.linkedin.com\/company\/barnes-international-miami\/","https:\/\/www.youtube.com\/user\/BarnesImmoMiami\/"]}]}},"_links":{"self":[{"href":"https:\/\/www.barnes-miami.com\/es\/wp-json\/wp\/v2\/pages\/23102","targetHints":{"allow":["GET"]}}],"collection":[{"href":"https:\/\/www.barnes-miami.com\/es\/wp-json\/wp\/v2\/pages"}],"about":[{"href":"https:\/\/www.barnes-miami.com\/es\/wp-json\/wp\/v2\/types\/page"}],"author":[{"embeddable":true,"href":"https:\/\/www.barnes-miami.com\/es\/wp-json\/wp\/v2\/users\/1"}],"replies":[{"embeddable":true,"href":"https:\/\/www.barnes-miami.com\/es\/wp-json\/wp\/v2\/comments?post=23102"}],"version-history":[{"count":1,"href":"https:\/\/www.barnes-miami.com\/es\/wp-json\/wp\/v2\/pages\/23102\/revisions"}],"predecessor-version":[{"id":23104,"href":"https:\/\/www.barnes-miami.com\/es\/wp-json\/wp\/v2\/pages\/23102\/revisions\/23104"}],"wp:attachment":[{"href":"https:\/\/www.barnes-miami.com\/es\/wp-json\/wp\/v2\/media?parent=23102"}],"curies":[{"name":"gracias","href":"https:\/\/api.w.org\/{rel}","templated":true}]}}