{"id":23590,"date":"2020-01-29T14:45:20","date_gmt":"2020-01-29T19:45:20","guid":{"rendered":"https:\/\/www.barnes-miami.com\/?page_id=23590"},"modified":"2025-11-20T09:04:35","modified_gmt":"2025-11-20T14:04:35","slug":"el-perfil-de-jacqueline-pero-pryor","status":"publish","type":"page","link":"https:\/\/www.barnes-miami.com\/es\/profil-jacqueline-mais-pryor\/","title":{"rendered":"Perfil Jacqueline MAIS PRYOR"},"content":{"rendered":"\n<div class=\"wp-block-columns is-layout-flex wp-container-core-columns-is-layout-9d6595d7 wp-block-columns-is-layout-flex\">\n<div class=\"wp-block-column is-vertically-aligned-center is-layout-flow wp-block-column-is-layout-flow\" style=\"flex-basis:65%\"><\/div>\n\n\n\n<div class=\"wp-block-column is-layout-flow wp-block-column-is-layout-flow\" style=\"flex-basis:35%\">\n<figure class=\"wp-block-gallery has-nested-images columns-default is-cropped wp-block-gallery-1 is-layout-flex wp-block-gallery-is-layout-flex\">\n<figure class=\"wp-block-image size-full\"><img loading=\"lazy\" decoding=\"async\" width=\"1000\" height=\"1000\" data-id=\"27692\" src=\"https:\/\/www.barnes-miami.com\/wp-content\/uploads\/2024\/04\/Jacqueline.jpg\" alt=\"Jacqueline-pryor-real-estate-agent-miami\" class=\"wp-image-27692\" srcset=\"https:\/\/www.barnes-miami.com\/wp-content\/uploads\/2024\/04\/Jacqueline.jpg 1000w, https:\/\/www.barnes-miami.com\/wp-content\/uploads\/2024\/04\/Jacqueline-300x300.jpg 300w, https:\/\/www.barnes-miami.com\/wp-content\/uploads\/2024\/04\/Jacqueline-150x150.jpg 150w, https:\/\/www.barnes-miami.com\/wp-content\/uploads\/2024\/04\/Jacqueline-768x768.jpg 768w, https:\/\/www.barnes-miami.com\/wp-content\/uploads\/2024\/04\/Jacqueline-12x12.jpg 12w\" sizes=\"auto, (max-width: 1000px) 100vw, 1000px\" \/><\/figure>\n<\/figure>\n<\/div>\n<\/div>\n\n\n\n<div class=\"wp-block-columns is-layout-flex wp-container-core-columns-is-layout-9d6595d7 wp-block-columns-is-layout-flex\">\n<div class=\"wp-block-column is-layout-flow wp-block-column-is-layout-flow\" style=\"flex-basis:65%\">\n<div class=\"wp-block-barnes-blocks-signature\"><h2 class=\"name\">Jacqueline MAIS PRYOR<\/h2><p class=\"title\">Consultante <\/p><p class=\"phone\">+1 (267) 446 8682<\/p><p class=\"email\">j.pryor@barnes-international.com<\/p><a class=\"linkedin hide\" href=\"#\" target=\"_blank\" rel=\"noopener nofollow noreferrer\"><\/a><a class=\"zillow hide\" href=\"#\" target=\"_blank\" rel=\"noopener nofollow noreferrer\"><\/a><a class=\"website hide\" href=\"#\" target=\"_blank\" rel=\"noopener nofollow noreferrer\"><\/a><\/div>\n<\/div>\n\n\n\n<div class=\"wp-block-column is-layout-flow wp-block-column-is-layout-flow\" style=\"flex-basis:35%\">\n<h5 class=\"wp-block-heading\">Langues Parl\u00e9es:<\/h5>\n\n\n\n<ul class=\"wp-block-list\">\n<li>Anglais<\/li>\n\n\n\n<li>Espagnol<\/li>\n<\/ul>\n<\/div>\n<\/div>\n\n\n\n<h5 class=\"wp-block-heading\">Pr\u00e9sentation<\/h5>\n\n\n\n<p>Professionnelle de la vente et du marketing ax\u00e9e sur les r\u00e9sultats, Jacqueline est tomb\u00e9e amoureuse de Miami d\u00e8s son enfance \u00e0 Kingston, en Jama\u00efque. Par cons\u00e9quent, apr\u00e8s avoir v\u00e9cu dans le Nord-Est pendant plus de 20 ans et en Afrique du Sud pendant 5 ans, elle a finalement pu d\u00e9m\u00e9nager avec sa famille sous le soleil de Miami.<\/p>\n\n\n\n<p>Avec son exp\u00e9rience dans la vente (diamants et bijoux pr\u00e9cieux) et sa passion pour tout ce qui est beau, en particulier les maisons et la d\u00e9coration int\u00e9rieure\u2026 se lancer dans le secteur immobilier semblait \u00eatre un match parfait&nbsp;!<\/p>\n\n\n\n<p>Ce qui diff\u00e9rencie Jacqueline, c&rsquo;est son \u00e9l\u00e9gante pr\u00e9sence ex\u00e9cutive et son entregent fort et naturel. Elle croit au service \u00e0 la client\u00e8le \u00ab de la soupe aux noix \u00bb, aidant ses clients \u00e0 chaque \u00e9tape du processus d&rsquo;achat, de vente ou de location de leur maison ou de leur investissement. Elle conna\u00eet tr\u00e8s bien l&rsquo;attrait de Miami pour les investisseurs tout en connaissant de premi\u00e8re main la joie de poss\u00e9der une maison dans un endroit qui est plus qu&rsquo;une ville\u2026 .. C&rsquo;est un style de vie!<\/p>\n\n\n\n<p>En plus de son sens aigu des affaires, Jacqueline est une d\u00e9coratrice d&rsquo;int\u00e9rieur tr\u00e8s respect\u00e9e. Par cons\u00e9quent, les clients b\u00e9n\u00e9ficient de ses comp\u00e9tences en mise en sc\u00e8ne et de son style exquis inn\u00e9. Sa connaissance de tous les domaines de cette ville dynamique et son enthousiasme pour sa croissance culturelle passionnante rendent le travail avec elle stimulant et rempli de possibilit\u00e9s infinies.<\/p>\n\n\n\n<div class=\"wp-block-barnes-blocks-contactme\"><div class=\"contactme_wrapper\"><h3>Contactez moi<\/h3><form><div class=\"form-group\"><input type=\"text\" value=\"\" name=\"name\" pattern=\".{4,}\"\/><label>Nom *<\/label><\/div><div class=\"form-group\"><input type=\"text\" value=\"\" name=\"email\" pattern=\".{4,}\"\/><label>Email *<\/label><\/div><div class=\"form-group\"><input type=\"text\" value=\"\" name=\"phone\" pattern=\".{8,}\"\/><label>T\u00e9l\u00e9phone *<\/label><\/div><div class=\"form-group\"><textarea name=\"message\"><\/textarea><label>Message<\/label><\/div><div><input type=\"hidden\" name=\"referral\" class=\"referral\" value=\"Jacqueline MAIS PRYOR\"\/><input type=\"hidden\" name=\"phoneto\" class=\"phoneto\" value=\"+1 (267) 446 8682\"\/><input type=\"hidden\" name=\"emailto\" class=\"emailto\" value=\"j.pryor@barnes-international.com\"\/><button class=\"contactme_btn\">Envoyer<\/button><\/div><\/form><\/div><\/div>\n\n\n\n<h5 class=\"wp-block-heading\">Mes Biens<\/h5>\n\n\n\n<div class=\"wp-block-barnes-blocks-searchmap\"><script src=\"https:\/\/api.tiles.mapbox.com\/mapbox-gl-js\/v1.5.0\/mapbox-gl.js\"><\/script><link href=\"https:\/\/api.tiles.mapbox.com\/mapbox-gl-js\/v1.5.0\/mapbox-gl.css\" rel=\"stylesheet\"\/><script src=\"https:\/\/cdn.jsdelivr.net\/npm\/intersection-observer@0.7.0\/intersection-observer.js\"><\/script><script src=\"https:\/\/cdn.jsdelivr.net\/npm\/vanilla-lazyload@12.3.0\/dist\/lazyload.min.js\"><\/script><link href=\"\/wp-content\/themes\/barnes\/searchmap.css\" rel=\"stylesheet\"\/><script src=\"\/wp-content\/themes\/barnes\/searchmap.js\"><\/script><div id=\"search1\" class=\"blockmap\" data-bathmax=\"\" data-bed=\"\" data-bedmax=\"\" data-center=\"-80.2351, 25.7256\" data-detail_url=\"\" data-exclu=\"1\" data-limit=\"\" data-map_urls=\"\" data-mix_urls=\"\" data-mode=\"\" data-near=\"\" data-order=\"\" data-pitch=\"\" data-pmax=\"\" data-pmin=\"\" data-popup_urls=\"\" data-ratio=\"\" data-sold=\"\" data-sortby=\"\" data-transaction=\"\" data-type=\"\" data-zoom=\"\"><\/div><script>\n          var search;\n          document.addEventListener(\"DOMContentLoaded\", function() {\n            var config = {\n              'api': {\n                'near': \"\",\n                'transaction': \"\",\n                'center': [-80.2351, 25.7256],\n                'limit': 18,\n                'exclu': '1',\n                'agent_id': '',\n                'sold': '',\n                'view': '',\n                'sortby': \"price\",\n                'order': \"desc\",\n                'pmin': \"\",\n                'pmax': \"\",\n                'type': \"\",\n                'bed': \"\",\n                'bedmax': \"\",\n                'bathmax': \"\",\n              },\n              'pitch': 15,\n              'zoom': 11,\n              'ratio': \"50%\",\n              'mode': \"\",\n              'container': 'search1',\n              'locale': 'en_US',\n              'reverse': true,\n              'scrollzoom': false,\n              'mapbox_token': 'pk.eyJ1IjoiaG9tZTYxIiwiYSI6IkRSZVdLTzAifQ.j0DbHOgstXjXHYfR5e3jPA',\n              'mapbox_style': 'mapbox:\/\/styles\/home61\/ck115ahbu0d1i1crw5mggkbag?optimize=true',\n              'mapbox_satellite': 'mapbox:\/\/styles\/home61\/ck44sdmai1d4u1clti4rl3203?optimize=true',\n              'lazyload_data': 'data:image\/png;base64,iVBORw0KGgoAAAANSUhEUgAAAAMAAAACCAMAAACqqpYoAAAAA1BMVEX\/\/\/+nxBvIAAAAE0lEQVR42gEIAPf\/AAAAAAAAAAAACAABb5b2YgAAAABJRU5ErkJggg==',\n              'icon_image': 'barnes-16',\n              'icon_image_hover': 'barnes-gray-16',\n              'dot_color': \"#B4002F\"\n            };\n            config['container'] = document.querySelector(\".blockmap\").id || \"search1\";\n            config['api']['agent_id'] = document.querySelector(\".blockmap\").dataset.agent_id || \"\";\n            config['api']['bathmax'] = document.querySelector(\".blockmap\").dataset.bathmax || \"\";\n            config['api']['bed'] = document.querySelector(\".blockmap\").dataset.bed || \"\";\n            config['api']['bedmax'] = document.querySelector(\".blockmap\").dataset.bedmax || \"\";\n            config['api']['center'] = (document.querySelector(\".blockmap\").dataset.center || \"-80.2351, 25.7256\").replace(\/ \/g,\"\").split(\",\");\n            config['detail_url'] = !!document.querySelector(\".blockmap\").dataset.detail_url ? document.querySelector(\".blockmap\").dataset.detail_url : null;\n            config['api']['exclu'] = document.querySelector(\".blockmap\").dataset.exclu || \"\";\n            config['api']['limit'] = !!document.querySelector(\".blockmap\").dataset.limit ? parseInt(document.querySelector(\".blockmap\").dataset.limit) : 18;\n            config['map_urls'] = !!document.querySelector(\".blockmap\").dataset.map_urls ? [document.querySelector(\".blockmap\").dataset.map_urls] : null;\n            config['mix_urls'] = !!document.querySelector(\".blockmap\").dataset.mix_urls ? [document.querySelector(\".blockmap\").dataset.mix_urls] : null;\n            config['mode'] = !!document.querySelector(\".blockmap\").dataset.mode ? document.querySelector(\".blockmap\").dataset.mode : \"\";\n            config['api']['near'] = document.querySelector(\".blockmap\").dataset.near || \"\";\n            config['api']['order'] = document.querySelector(\".blockmap\").dataset.order || \"desc\";\n            config['pitch'] = document.querySelector(\".blockmap\").dataset.pitch || 15;\n            config['api']['pmax'] = document.querySelector(\".blockmap\").dataset.pmax || \"\";\n            config['api']['pmin'] = document.querySelector(\".blockmap\").dataset.pmin || \"\";\n            config['popup_urls'] = !!document.querySelector(\".blockmap\").dataset.popup_urls ? [document.querySelector(\".blockmap\").dataset.popup_urls] : null;\n            config['ratio'] = document.querySelector(\".blockmap\").dataset.ratio || \"50%\";\n            config['api']['sold'] = document.querySelector(\".blockmap\").dataset.sold || \"\";\n            config['api']['sortby'] = document.querySelector(\".blockmap\").dataset.sortby || \"price\";\n            config['api']['transaction'] = document.querySelector(\".blockmap\").dataset.transaction || \"\";\n            config['api']['type'] = document.querySelector(\".blockmap\").dataset.type || \"\";\n            config['zoom'] = document.querySelector(\".blockmap\").dataset.zoom || 11;\n            if(typeof document.documentElement.lang != \"undefined\") {\n              config['locale'] = document.documentElement.lang.replace(\"-\",\"_\");\n            }\n            if(typeof trp_data != \"undefined\") { \n              config['locale'] = trp_data.trp_current_language;\n            }\n            search = new SearchMap(config);\n          });\n        <\/script><\/div>\n","protected":false},"excerpt":{"rendered":"<p>Langues Parl\u00e9es: Pr\u00e9sentation Professionnelle de la vente et du marketing ax\u00e9e sur les r\u00e9sultats, Jacqueline est tomb\u00e9e amoureuse de Miami d\u00e8s son enfance \u00e0 Kingston, en Jama\u00efque. Par cons\u00e9quent, apr\u00e8s avoir v\u00e9cu dans le Nord-Est pendant plus de 20 ans et en Afrique du Sud pendant 5 ans, elle a finalement pu d\u00e9m\u00e9nager avec sa [&hellip;]<\/p>\n","protected":false},"author":1,"featured_media":0,"parent":0,"menu_order":0,"comment_status":"closed","ping_status":"closed","template":"","meta":{"inline_featured_image":false,"footnotes":""},"class_list":["post-23590","page","type-page","status-publish","hentry"],"yoast_head":"<!-- This site is optimized with the Yoast SEO plugin v27.4 - https:\/\/yoast.com\/product\/yoast-seo-wordpress\/ -->\n<title>Jacqueline MAIS PRYOR | Notre \u00e9quipe | BARNES Miami<\/title>\n<meta name=\"description\" content=\"Professionnelle des ventes et du marketing ax\u00e9 sur les r\u00e9sultats, Jacqueline est tomb\u00e9e amoureuse de Miami quand elle \u00e9tait une jeune fille.\" \/>\n<meta name=\"robots\" content=\"index, follow, max-snippet:-1, max-image-preview:large, max-video-preview:-1\" \/>\n<link rel=\"canonical\" href=\"https:\/\/www.barnes-miami.com\/es\/el-perfil-de-jacqueline-pero-pryor\/\" \/>\n<meta property=\"og:locale\" content=\"es_ES\" \/>\n<meta property=\"og:type\" content=\"article\" \/>\n<meta property=\"og:title\" content=\"Jacqueline MAIS PRYOR | Notre \u00e9quipe | BARNES Miami\" \/>\n<meta property=\"og:description\" content=\"Professionnelle des ventes et du marketing ax\u00e9 sur les r\u00e9sultats, Jacqueline est tomb\u00e9e amoureuse de Miami quand elle \u00e9tait une jeune fille.\" \/>\n<meta property=\"og:url\" content=\"https:\/\/www.barnes-miami.com\/es\/el-perfil-de-jacqueline-pero-pryor\/\" \/>\n<meta property=\"og:site_name\" content=\"BARNES Miami\" \/>\n<meta property=\"article:publisher\" content=\"https:\/\/www.facebook.com\/barnesinternationalmiami\/\" \/>\n<meta property=\"article:modified_time\" content=\"2025-11-20T14:04:35+00:00\" \/>\n<meta property=\"og:image\" content=\"https:\/\/www.barnes-miami.com\/wp-content\/uploads\/2024\/04\/Jacqueline.jpg\" \/>\n\t<meta property=\"og:image:width\" content=\"1000\" \/>\n\t<meta property=\"og:image:height\" content=\"1000\" \/>\n\t<meta property=\"og:image:type\" content=\"image\/jpeg\" \/>\n<meta name=\"twitter:card\" content=\"summary_large_image\" \/>\n<meta name=\"twitter:site\" content=\"@barnesmiami\" \/>\n<meta name=\"twitter:label1\" content=\"Tiempo de lectura\" \/>\n\t<meta name=\"twitter:data1\" content=\"1 minuto\" \/>\n<script type=\"application\/ld+json\" class=\"yoast-schema-graph\">{\"@context\":\"https:\\\/\\\/schema.org\",\"@graph\":[{\"@type\":\"WebPage\",\"@id\":\"https:\\\/\\\/www.barnes-miami.com\\\/profil-jacqueline-mais-pryor\\\/\",\"url\":\"https:\\\/\\\/www.barnes-miami.com\\\/profil-jacqueline-mais-pryor\\\/\",\"name\":\"Jacqueline MAIS PRYOR | Notre \u00e9quipe | BARNES Miami\",\"isPartOf\":{\"@id\":\"https:\\\/\\\/www.barnes-miami.com\\\/#website\"},\"primaryImageOfPage\":{\"@id\":\"https:\\\/\\\/www.barnes-miami.com\\\/profil-jacqueline-mais-pryor\\\/#primaryimage\"},\"image\":{\"@id\":\"https:\\\/\\\/www.barnes-miami.com\\\/profil-jacqueline-mais-pryor\\\/#primaryimage\"},\"thumbnailUrl\":\"https:\\\/\\\/www.barnes-miami.com\\\/wp-content\\\/uploads\\\/2024\\\/04\\\/Jacqueline.jpg\",\"datePublished\":\"2020-01-29T19:45:20+00:00\",\"dateModified\":\"2025-11-20T14:04:35+00:00\",\"description\":\"Professionnelle des ventes et du marketing ax\u00e9 sur les r\u00e9sultats, Jacqueline est tomb\u00e9e amoureuse de Miami quand elle \u00e9tait une jeune fille.\",\"breadcrumb\":{\"@id\":\"https:\\\/\\\/www.barnes-miami.com\\\/profil-jacqueline-mais-pryor\\\/#breadcrumb\"},\"inLanguage\":\"es\",\"potentialAction\":[{\"@type\":\"ReadAction\",\"target\":[\"https:\\\/\\\/www.barnes-miami.com\\\/profil-jacqueline-mais-pryor\\\/\"]}]},{\"@type\":\"ImageObject\",\"inLanguage\":\"es\",\"@id\":\"https:\\\/\\\/www.barnes-miami.com\\\/profil-jacqueline-mais-pryor\\\/#primaryimage\",\"url\":\"https:\\\/\\\/www.barnes-miami.com\\\/wp-content\\\/uploads\\\/2024\\\/04\\\/Jacqueline.jpg\",\"contentUrl\":\"https:\\\/\\\/www.barnes-miami.com\\\/wp-content\\\/uploads\\\/2024\\\/04\\\/Jacqueline.jpg\"},{\"@type\":\"BreadcrumbList\",\"@id\":\"https:\\\/\\\/www.barnes-miami.com\\\/profil-jacqueline-mais-pryor\\\/#breadcrumb\",\"itemListElement\":[{\"@type\":\"ListItem\",\"position\":1,\"name\":\"Accueil\",\"item\":\"https:\\\/\\\/www.barnes-miami.com\\\/\"},{\"@type\":\"ListItem\",\"position\":2,\"name\":\"Profil Jacqueline MAIS PRYOR\"}]},{\"@type\":\"WebSite\",\"@id\":\"https:\\\/\\\/www.barnes-miami.com\\\/#website\",\"url\":\"https:\\\/\\\/www.barnes-miami.com\\\/\",\"name\":\"BARNES Miami\",\"description\":\"#1 International Real Estate Brokerage in South Florida\",\"publisher\":{\"@id\":\"https:\\\/\\\/www.barnes-miami.com\\\/#organization\"},\"potentialAction\":[{\"@type\":\"SearchAction\",\"target\":{\"@type\":\"EntryPoint\",\"urlTemplate\":\"https:\\\/\\\/www.barnes-miami.com\\\/?s={search_term_string}\"},\"query-input\":{\"@type\":\"PropertyValueSpecification\",\"valueRequired\":true,\"valueName\":\"search_term_string\"}}],\"inLanguage\":\"es\"},{\"@type\":\"Organization\",\"@id\":\"https:\\\/\\\/www.barnes-miami.com\\\/#organization\",\"name\":\"BARNES Miami\",\"url\":\"https:\\\/\\\/www.barnes-miami.com\\\/\",\"logo\":{\"@type\":\"ImageObject\",\"inLanguage\":\"es\",\"@id\":\"https:\\\/\\\/www.barnes-miami.com\\\/#\\\/schema\\\/logo\\\/image\\\/\",\"url\":\"https:\\\/\\\/www.barnes-miami.com\\\/wp-content\\\/uploads\\\/2026\\\/01\\\/logo-2.png\",\"contentUrl\":\"https:\\\/\\\/www.barnes-miami.com\\\/wp-content\\\/uploads\\\/2026\\\/01\\\/logo-2.png\",\"width\":1100,\"height\":1100,\"caption\":\"BARNES Miami\"},\"image\":{\"@id\":\"https:\\\/\\\/www.barnes-miami.com\\\/#\\\/schema\\\/logo\\\/image\\\/\"},\"sameAs\":[\"https:\\\/\\\/www.facebook.com\\\/barnesinternationalmiami\\\/\",\"https:\\\/\\\/x.com\\\/barnesmiami\",\"https:\\\/\\\/www.instagram.com\\\/barnesmiami\\\/\",\"https:\\\/\\\/www.linkedin.com\\\/company\\\/barnes-international-miami\\\/\",\"https:\\\/\\\/www.youtube.com\\\/user\\\/BarnesImmoMiami\\\/\"]}]}<\/script>\n<!-- \/ Yoast SEO plugin. -->","yoast_head_json":{"title":"Jacqueline MAIS PRYOR | Nuestro equipo | BARNES Miami","description":"Jacqueline, una profesional de marketing y ventas orientada a los resultados, se enamor\u00f3 de Miami cuando era ni\u00f1a.","robots":{"index":"index","follow":"follow","max-snippet":"max-snippet:-1","max-image-preview":"max-image-preview:large","max-video-preview":"max-video-preview:-1"},"canonical":"https:\/\/www.barnes-miami.com\/es\/el-perfil-de-jacqueline-pero-pryor\/","og_locale":"es_ES","og_type":"article","og_title":"Jacqueline MAIS PRYOR | Notre \u00e9quipe | BARNES Miami","og_description":"Professionnelle des ventes et du marketing ax\u00e9 sur les r\u00e9sultats, Jacqueline est tomb\u00e9e amoureuse de Miami quand elle \u00e9tait une jeune fille.","og_url":"https:\/\/www.barnes-miami.com\/es\/el-perfil-de-jacqueline-pero-pryor\/","og_site_name":"BARNES Miami","article_publisher":"https:\/\/www.facebook.com\/barnesinternationalmiami\/","article_modified_time":"2025-11-20T14:04:35+00:00","og_image":[{"width":1000,"height":1000,"url":"https:\/\/www.barnes-miami.com\/wp-content\/uploads\/2024\/04\/Jacqueline.jpg","type":"image\/jpeg"}],"twitter_card":"summary_large_image","twitter_site":"@barnesmiami","twitter_misc":{"Tiempo de lectura":"1 minuto"},"schema":{"@context":"https:\/\/schema.org","@graph":[{"@type":"WebPage","@id":"https:\/\/www.barnes-miami.com\/profil-jacqueline-mais-pryor\/","url":"https:\/\/www.barnes-miami.com\/profil-jacqueline-mais-pryor\/","name":"Jacqueline MAIS PRYOR | Nuestro equipo | BARNES Miami","isPartOf":{"@id":"https:\/\/www.barnes-miami.com\/#website"},"primaryImageOfPage":{"@id":"https:\/\/www.barnes-miami.com\/profil-jacqueline-mais-pryor\/#primaryimage"},"image":{"@id":"https:\/\/www.barnes-miami.com\/profil-jacqueline-mais-pryor\/#primaryimage"},"thumbnailUrl":"https:\/\/www.barnes-miami.com\/wp-content\/uploads\/2024\/04\/Jacqueline.jpg","datePublished":"2020-01-29T19:45:20+00:00","dateModified":"2025-11-20T14:04:35+00:00","description":"Jacqueline, una profesional de marketing y ventas orientada a los resultados, se enamor\u00f3 de Miami cuando era ni\u00f1a.","breadcrumb":{"@id":"https:\/\/www.barnes-miami.com\/profil-jacqueline-mais-pryor\/#breadcrumb"},"inLanguage":"es","potentialAction":[{"@type":"ReadAction","target":["https:\/\/www.barnes-miami.com\/profil-jacqueline-mais-pryor\/"]}]},{"@type":"ImageObject","inLanguage":"es","@id":"https:\/\/www.barnes-miami.com\/profil-jacqueline-mais-pryor\/#primaryimage","url":"https:\/\/www.barnes-miami.com\/wp-content\/uploads\/2024\/04\/Jacqueline.jpg","contentUrl":"https:\/\/www.barnes-miami.com\/wp-content\/uploads\/2024\/04\/Jacqueline.jpg"},{"@type":"BreadcrumbList","@id":"https:\/\/www.barnes-miami.com\/profil-jacqueline-mais-pryor\/#breadcrumb","itemListElement":[{"@type":"ListItem","position":1,"name":"Accueil","item":"https:\/\/www.barnes-miami.com\/"},{"@type":"ListItem","position":2,"name":"Profil Jacqueline MAIS PRYOR"}]},{"@type":"WebSite","@id":"https:\/\/www.barnes-miami.com\/#website","url":"https:\/\/www.barnes-miami.com\/","name":"BARNES Miami","description":"#1 Corretaje internacional de bienes ra\u00edces en el sur de Florida","publisher":{"@id":"https:\/\/www.barnes-miami.com\/#organization"},"potentialAction":[{"@type":"SearchAction","target":{"@type":"EntryPoint","urlTemplate":"https:\/\/www.barnes-miami.com\/?s={search_term_string}"},"query-input":{"@type":"PropertyValueSpecification","valueRequired":true,"valueName":"search_term_string"}}],"inLanguage":"es"},{"@type":"Organization","@id":"https:\/\/www.barnes-miami.com\/#organization","name":"BARNES Miami","url":"https:\/\/www.barnes-miami.com\/","logo":{"@type":"ImageObject","inLanguage":"es","@id":"https:\/\/www.barnes-miami.com\/#\/schema\/logo\/image\/","url":"https:\/\/www.barnes-miami.com\/wp-content\/uploads\/2026\/01\/logo-2.png","contentUrl":"https:\/\/www.barnes-miami.com\/wp-content\/uploads\/2026\/01\/logo-2.png","width":1100,"height":1100,"caption":"BARNES Miami"},"image":{"@id":"https:\/\/www.barnes-miami.com\/#\/schema\/logo\/image\/"},"sameAs":["https:\/\/www.facebook.com\/barnesinternationalmiami\/","https:\/\/x.com\/barnesmiami","https:\/\/www.instagram.com\/barnesmiami\/","https:\/\/www.linkedin.com\/company\/barnes-international-miami\/","https:\/\/www.youtube.com\/user\/BarnesImmoMiami\/"]}]}},"_links":{"self":[{"href":"https:\/\/www.barnes-miami.com\/es\/wp-json\/wp\/v2\/pages\/23590","targetHints":{"allow":["GET"]}}],"collection":[{"href":"https:\/\/www.barnes-miami.com\/es\/wp-json\/wp\/v2\/pages"}],"about":[{"href":"https:\/\/www.barnes-miami.com\/es\/wp-json\/wp\/v2\/types\/page"}],"author":[{"embeddable":true,"href":"https:\/\/www.barnes-miami.com\/es\/wp-json\/wp\/v2\/users\/1"}],"replies":[{"embeddable":true,"href":"https:\/\/www.barnes-miami.com\/es\/wp-json\/wp\/v2\/comments?post=23590"}],"version-history":[{"count":24,"href":"https:\/\/www.barnes-miami.com\/es\/wp-json\/wp\/v2\/pages\/23590\/revisions"}],"predecessor-version":[{"id":27714,"href":"https:\/\/www.barnes-miami.com\/es\/wp-json\/wp\/v2\/pages\/23590\/revisions\/27714"}],"wp:attachment":[{"href":"https:\/\/www.barnes-miami.com\/es\/wp-json\/wp\/v2\/media?parent=23590"}],"curies":[{"name":"gracias","href":"https:\/\/api.w.org\/{rel}","templated":true}]}}