{"id":23594,"date":"2020-01-29T17:41:50","date_gmt":"2020-01-29T22:41:50","guid":{"rendered":"https:\/\/www.barnes-miami.com\/?page_id=23594"},"modified":"2024-04-11T11:42:37","modified_gmt":"2024-04-11T16:42:37","slug":"perfil-mehdi-mejjati","status":"publish","type":"page","link":"https:\/\/www.barnes-miami.com\/es\/profil-mehdi-mejjati\/","title":{"rendered":"Perfil Mehdi Mejjati"},"content":{"rendered":"\n<div class=\"wp-block-columns is-layout-flex wp-container-core-columns-is-layout-9d6595d7 wp-block-columns-is-layout-flex\">\n<div class=\"wp-block-column is-vertically-aligned-center is-layout-flow wp-block-column-is-layout-flow\" style=\"flex-basis:65%\">\n<blockquote class=\"wp-block-quote is-layout-flow wp-block-quote-is-layout-flow\">\n<p>Je suis sp\u00e9cialis\u00e9 en conseils en investissement, nouveaux d\u00e9veloppements, \u00e9valuation de biens immobiliers et \u00e9laboration de strat\u00e9gie immobili\u00e8re<\/p>\n<\/blockquote>\n<\/div>\n\n\n\n<div class=\"wp-block-column is-layout-flow wp-block-column-is-layout-flow\" style=\"flex-basis:35%\">\n<figure class=\"wp-block-gallery has-nested-images columns-default is-cropped wp-block-gallery-1 is-layout-flex wp-block-gallery-is-layout-flex\">\n<figure class=\"wp-block-image size-full\"><img loading=\"lazy\" decoding=\"async\" width=\"1000\" height=\"1000\" data-id=\"27691\" src=\"https:\/\/www.barnes-miami.com\/wp-content\/uploads\/2024\/04\/Medhi.jpg\" alt=\"Medhi-mejjati-real-estate-agent-miami\" class=\"wp-image-27691\" srcset=\"https:\/\/www.barnes-miami.com\/wp-content\/uploads\/2024\/04\/Medhi.jpg 1000w, https:\/\/www.barnes-miami.com\/wp-content\/uploads\/2024\/04\/Medhi-300x300.jpg 300w, https:\/\/www.barnes-miami.com\/wp-content\/uploads\/2024\/04\/Medhi-150x150.jpg 150w, https:\/\/www.barnes-miami.com\/wp-content\/uploads\/2024\/04\/Medhi-768x768.jpg 768w, https:\/\/www.barnes-miami.com\/wp-content\/uploads\/2024\/04\/Medhi-12x12.jpg 12w\" sizes=\"auto, (max-width: 1000px) 100vw, 1000px\" \/><\/figure>\n<\/figure>\n<\/div>\n<\/div>\n\n\n\n<div class=\"wp-block-columns is-layout-flex wp-container-core-columns-is-layout-9d6595d7 wp-block-columns-is-layout-flex\">\n<div class=\"wp-block-column is-layout-flow wp-block-column-is-layout-flow\" style=\"flex-basis:65%\">\n<div class=\"wp-block-barnes-blocks-signature\"><h2 class=\"name\">Mehdi Mejjati<\/h2><p class=\"title\">Consultant<\/p><p class=\"phone\">+1 (305) 853 6398<\/p><p class=\"email\">m.mejjati@barnes-international.com<\/p><a class=\"linkedin\" href=\"https:\/\/www.linkedin.com\/in\/mehdi-mejjati-alami-9792a233\/\" target=\"_blank\" rel=\"noopener nofollow noreferrer\"><\/a><a class=\"zillow\" href=\"https:\/\/www.zillow.com\/profile\/m-mejjati\/\" target=\"_blank\" rel=\"noopener nofollow noreferrer\"><\/a><a class=\"website\" href=\"https:\/\/mehdi.barnes-miami.com\" target=\"_blank\" rel=\"noopener nofollow noreferrer\"><\/a><\/div>\n<\/div>\n\n\n\n<div class=\"wp-block-column is-layout-flow wp-block-column-is-layout-flow\" style=\"flex-basis:35%\">\n<h5 class=\"wp-block-heading\">Langues Parl\u00e9es:<\/h5>\n\n\n\n<ul class=\"wp-block-list\">\n<li>Anglais<\/li>\n\n\n\n<li>Fran\u00e7ais<\/li>\n\n\n\n<li>Espagnol<\/li>\n\n\n\n<li>Arabe<\/li>\n<\/ul>\n<\/div>\n<\/div>\n\n\n\n<h5 class=\"wp-block-heading\">Pr\u00e9sentation<\/h5>\n\n\n\n<figure class=\"wp-block-embed is-type-video is-provider-youtube wp-block-embed-youtube wp-embed-aspect-16-9 wp-has-aspect-ratio\"><div class=\"wp-block-embed__wrapper\">\n<iframe loading=\"lazy\" hcb-fetch-image-from=\"https:\/\/www.youtube.com\/watch?v=XXFxN9QJIog&amp;feature=youtu.be\" title=\"Mehdi Mejjati | Real Estate Consultant | BARNES Miami\" width=\"640\" height=\"360\" src=\"https:\/\/www.youtube.com\/embed\/XXFxN9QJIog?feature=oembed\" frameborder=\"0\" allow=\"accelerometer; autoplay; clipboard-write; encrypted-media; gyroscope; picture-in-picture; web-share\" referrerpolicy=\"strict-origin-when-cross-origin\" allowfullscreen><\/iframe>\n<\/div><\/figure>\n\n\n\n<h5 class=\"wp-block-heading\">Exp\u00e9rience<\/h5>\n\n\n\n<p>Mehdi Mejjati, entrepreneur dans l\u2019\u00e2me, d\u00e9bute sa vie professionnelle en reprenant le domaine viticole familial et en le d\u00e9veloppant depuis la Bour- gogne en France vers les Etats-Unis, et plus particuli\u00e8rement Chicago.<br>C\u2019est donc tout naturellement que l\u2019entreprise se tourne alors vers l\u2019export et la distribution de vins et spiritueux.&nbsp;<\/p>\n\n\n\n<p>Quelques ann\u00e9es plus tard, fort de son r\u00e9seau international, Mehdi se passionne pour le march\u00e9 de l\u2019immobilier. Il d\u00e9cide de se sp\u00e9cialiser dans la construction, la vente et la gestion de propri\u00e9t\u00e9s, et multiplie les r\u00e9ussites, notamment dans le domaine des Programmes Neufs.&nbsp;<\/p>\n\n\n\n<p>Mehdi met \u00e0 profit son expertise et son exp\u00e9rience pour fonder&nbsp;<em>Vista Construction and Remodeling&nbsp;<\/em>et&nbsp;<em>Vista Property Management.<br><\/em>De nombreuses grandes marques lui font confiance (Dior, Bentley, Fendi, Luxury Living) tout comme certaines c\u00e9l\u00e9brit\u00e9s internationales.&nbsp;<\/p>\n\n\n\n<p>En 2018, Mehdi rejoint la Maison BARNES \u00e0 Miami et se sp\u00e9cialise en conseils en investissement, nouveaux d\u00e9veloppements, \u00e9valuation de biens immobiliers, \u00e9laboration de strat\u00e9gie immobili\u00e8re, gestion immobili\u00e8re.&nbsp;<\/p>\n\n\n\n<h2 class=\"wp-block-heading\">Revues Clients<\/h2>\n\n\n\n<p><strong>Mehdi nous a aid\u00e9 \u00e0 louer un bien \u00e0 Key Biscayne<\/strong><\/p>\n\n\n\n<p><strong>24 janvier 2020 \u2013 Brendan Singer<\/strong><\/p>\n\n\n\n<p><em>\u00ab&nbsp;Notre exp\u00e9rience a \u00e9t\u00e9 de grande qualit\u00e9. M\u00eame apr\u00e8s le d\u00e9but du bail, Mehdi \u00e9tait tr\u00e8s accommodant. Nous louons un appartement refait \u00e0 neuf et il y avait des petits ajustements \u00e0 faire apr\u00e8s notre emm\u00e9nagement, que Mehdi a r\u00e9gl\u00e9 pour notre bien-\u00eatre.&nbsp;\u00bb<\/em><\/p>\n\n\n\n<p><strong>Mehdi m\u2019a aid\u00e9 \u00e0 louer une maison \u00e0 Key Biscayne<\/strong><\/p>\n\n\n\n<p><strong>22 janvier 2020 \u2013 Juventasesthetic<\/strong><\/p>\n\n\n\n<p><em>Mehdi a \u00e9t\u00e9 tr\u00e8s ing\u00e9nieux et professionnel et m\u2019a aid\u00e9 \u00e0 trouver la maison parfaite \u00e0 Key Biscayne. Il m\u2019a aid\u00e9 \u00e0 finaliser un accord des plus avantageux pour les deux parties. Il s\u2019est rendu toujours disponible pour me permettre de visiter la maison et pour r\u00e9pondre \u00e0 toutes mes questions sur le bien.<\/em>&nbsp;<\/p>\n\n\n\n<div class=\"wp-block-barnes-blocks-contactme\"><div class=\"contactme_wrapper\"><h3>Contactez moi<\/h3><form><div class=\"form-group\"><input type=\"text\" value=\"\" name=\"name\" pattern=\".{4,}\"\/><label>Nom *<\/label><\/div><div class=\"form-group\"><input type=\"text\" value=\"\" name=\"email\" pattern=\".{4,}\"\/><label>Email *<\/label><\/div><div class=\"form-group\"><input type=\"text\" value=\"\" name=\"phone\" pattern=\".{8,}\"\/><label>T\u00e9l\u00e9phone *<\/label><\/div><div class=\"form-group\"><textarea name=\"message\"><\/textarea><label>Message<\/label><\/div><div><input type=\"hidden\" name=\"referral\" class=\"referral\" value=\"Mehdi\"\/><input type=\"hidden\" name=\"phoneto\" class=\"phoneto\" value=\"\"\/><input type=\"hidden\" name=\"emailto\" class=\"emailto\" value=\"\"\/><button class=\"contactme_btn\">Envoyer<\/button><\/div><\/form><\/div><\/div>\n\n\n\n<h5 class=\"wp-block-heading\">Mes Biens<\/h5>\n\n\n\n<div class=\"wp-block-barnes-blocks-searchmap\"><script src=\"https:\/\/api.tiles.mapbox.com\/mapbox-gl-js\/v1.5.0\/mapbox-gl.js\"><\/script><link href=\"https:\/\/api.tiles.mapbox.com\/mapbox-gl-js\/v1.5.0\/mapbox-gl.css\" rel=\"stylesheet\"\/><script src=\"https:\/\/cdn.jsdelivr.net\/npm\/intersection-observer@0.7.0\/intersection-observer.js\"><\/script><script src=\"https:\/\/cdn.jsdelivr.net\/npm\/vanilla-lazyload@12.3.0\/dist\/lazyload.min.js\"><\/script><link href=\"\/wp-content\/themes\/barnes\/searchmap.css\" rel=\"stylesheet\"\/><script src=\"\/wp-content\/themes\/barnes\/searchmap.js\"><\/script><div id=\"search1\" class=\"blockmap\" data-exclu=\"1\"><\/div><script>\n          var search;\n          document.addEventListener(\"DOMContentLoaded\", function() {\n            var config = {\n              'api': {\n                'near': \"\",\n                'transaction': \"\",\n                'center': [-80.2351, 25.7256],\n                'limit': 18,\n                'exclu': '1',\n                'agent_id': '',\n                'sold': '',\n                'view': '',\n                'sortby': \"price\",\n                'order': \"desc\"\n              },\n              'container': 'search1',\n              'locale': 'en_US',\n              'reverse': true,\n              'scrollzoom': false,\n              'mapbox_token': 'pk.eyJ1IjoiaG9tZTYxIiwiYSI6IkRSZVdLTzAifQ.j0DbHOgstXjXHYfR5e3jPA',\n              'mapbox_style': 'mapbox:\/\/styles\/home61\/ck115ahbu0d1i1crw5mggkbag?optimize=true',\n              'mapbox_satellite': 'mapbox:\/\/styles\/home61\/ck44sdmai1d4u1clti4rl3203?optimize=true',\n              'lazyload_data': 'data:image\/png;base64,iVBORw0KGgoAAAANSUhEUgAAAAMAAAACCAMAAACqqpYoAAAAA1BMVEX\/\/\/+nxBvIAAAAE0lEQVR42gEIAPf\/AAAAAAAAAAAACAABb5b2YgAAAABJRU5ErkJggg==',\n              'icon_image': 'barnes-16',\n              'icon_image_hover': 'barnes-gray-16',\n              'dot_color': \"#B4002F\"\n            };\n            config['container'] = document.querySelector(\".blockmap\").id;\n            config['api']['near'] = document.querySelector(\".blockmap\").dataset.near;\n            config['api']['agent_id'] = document.querySelector(\".blockmap\").dataset.agent_id;\n            config['api']['sold'] = document.querySelector(\".blockmap\").dataset.sold;\n            config['api']['exclu'] = document.querySelector(\".blockmap\").dataset.exclu;\n            config['api']['transaction'] = document.querySelector(\".blockmap\").dataset.transaction;\n            if(typeof document.documentElement.lang != \"undefined\") {\n              config['locale'] = document.documentElement.lang.replace(\"-\",\"_\");\n            }\n            if(typeof trp_data != \"undefined\") { \n              config['locale'] = trp_data.trp_current_language;\n            }\n            search = new SearchMap(config);\n          });\n        <\/script><\/div>\n","protected":false},"excerpt":{"rendered":"<p>Je suis sp\u00e9cialis\u00e9 en conseils en investissement, nouveaux d\u00e9veloppements, \u00e9valuation de biens immobiliers et \u00e9laboration de strat\u00e9gie immobili\u00e8re Langues Parl\u00e9es: Pr\u00e9sentation Exp\u00e9rience Mehdi Mejjati, entrepreneur dans l\u2019\u00e2me, d\u00e9bute sa vie professionnelle en reprenant le domaine viticole familial et en le d\u00e9veloppant depuis la Bour- gogne en France vers les Etats-Unis, et plus particuli\u00e8rement Chicago.C\u2019est donc [&hellip;]<\/p>\n","protected":false},"author":2,"featured_media":0,"parent":0,"menu_order":0,"comment_status":"closed","ping_status":"closed","template":"","meta":{"inline_featured_image":false,"footnotes":""},"class_list":["post-23594","page","type-page","status-publish","hentry"],"yoast_head":"<!-- This site is optimized with the Yoast SEO plugin v27.4 - https:\/\/yoast.com\/product\/yoast-seo-wordpress\/ -->\n<title>Mehdi Mejjati | Notre \u00e9quipe | BARNES Miami<\/title>\n<meta name=\"description\" content=\"En 2018, Mehdi rejoint la Maison BARNES \u00e0 Miami et se sp\u00e9cialise en conseils en investissement, nouveaux d\u00e9veloppements, \u00e9valuation de biens immobiliers.\" \/>\n<meta name=\"robots\" content=\"index, follow, max-snippet:-1, max-image-preview:large, max-video-preview:-1\" \/>\n<link rel=\"canonical\" href=\"https:\/\/www.barnes-miami.com\/es\/perfil-mehdi-mejjati\/\" \/>\n<meta property=\"og:locale\" content=\"es_ES\" \/>\n<meta property=\"og:type\" content=\"article\" \/>\n<meta property=\"og:title\" content=\"Mehdi Mejjati | Notre \u00e9quipe | BARNES Miami\" \/>\n<meta property=\"og:description\" content=\"En 2018, Mehdi rejoint la Maison BARNES \u00e0 Miami et se sp\u00e9cialise en conseils en investissement, nouveaux d\u00e9veloppements, \u00e9valuation de biens immobiliers.\" \/>\n<meta property=\"og:url\" content=\"https:\/\/www.barnes-miami.com\/es\/perfil-mehdi-mejjati\/\" \/>\n<meta property=\"og:site_name\" content=\"BARNES Miami\" \/>\n<meta property=\"article:publisher\" content=\"https:\/\/www.facebook.com\/barnesinternationalmiami\/\" \/>\n<meta property=\"article:modified_time\" content=\"2024-04-11T16:42:37+00:00\" \/>\n<meta property=\"og:image\" content=\"https:\/\/www.barnes-miami.com\/wp-content\/uploads\/2024\/04\/Medhi.jpg\" \/>\n<meta name=\"twitter:card\" content=\"summary_large_image\" \/>\n<meta name=\"twitter:site\" content=\"@barnesmiami\" \/>\n<meta name=\"twitter:label1\" content=\"Tiempo de lectura\" \/>\n\t<meta name=\"twitter:data1\" content=\"2 minutos\" \/>\n<script type=\"application\/ld+json\" class=\"yoast-schema-graph\">{\"@context\":\"https:\\\/\\\/schema.org\",\"@graph\":[{\"@type\":\"WebPage\",\"@id\":\"https:\\\/\\\/www.barnes-miami.com\\\/profil-mehdi-mejjati\\\/\",\"url\":\"https:\\\/\\\/www.barnes-miami.com\\\/profil-mehdi-mejjati\\\/\",\"name\":\"Mehdi Mejjati | Notre \u00e9quipe | BARNES Miami\",\"isPartOf\":{\"@id\":\"https:\\\/\\\/www.barnes-miami.com\\\/#website\"},\"primaryImageOfPage\":{\"@id\":\"https:\\\/\\\/www.barnes-miami.com\\\/profil-mehdi-mejjati\\\/#primaryimage\"},\"image\":{\"@id\":\"https:\\\/\\\/www.barnes-miami.com\\\/profil-mehdi-mejjati\\\/#primaryimage\"},\"thumbnailUrl\":\"https:\\\/\\\/www.barnes-miami.com\\\/wp-content\\\/uploads\\\/2024\\\/04\\\/Medhi.jpg\",\"datePublished\":\"2020-01-29T22:41:50+00:00\",\"dateModified\":\"2024-04-11T16:42:37+00:00\",\"description\":\"En 2018, Mehdi rejoint la Maison BARNES \u00e0 Miami et se sp\u00e9cialise en conseils en investissement, nouveaux d\u00e9veloppements, \u00e9valuation de biens immobiliers.\",\"breadcrumb\":{\"@id\":\"https:\\\/\\\/www.barnes-miami.com\\\/profil-mehdi-mejjati\\\/#breadcrumb\"},\"inLanguage\":\"es\",\"potentialAction\":[{\"@type\":\"ReadAction\",\"target\":[\"https:\\\/\\\/www.barnes-miami.com\\\/profil-mehdi-mejjati\\\/\"]}]},{\"@type\":\"ImageObject\",\"inLanguage\":\"es\",\"@id\":\"https:\\\/\\\/www.barnes-miami.com\\\/profil-mehdi-mejjati\\\/#primaryimage\",\"url\":\"https:\\\/\\\/www.barnes-miami.com\\\/wp-content\\\/uploads\\\/2024\\\/04\\\/Medhi.jpg\",\"contentUrl\":\"https:\\\/\\\/www.barnes-miami.com\\\/wp-content\\\/uploads\\\/2024\\\/04\\\/Medhi.jpg\"},{\"@type\":\"BreadcrumbList\",\"@id\":\"https:\\\/\\\/www.barnes-miami.com\\\/profil-mehdi-mejjati\\\/#breadcrumb\",\"itemListElement\":[{\"@type\":\"ListItem\",\"position\":1,\"name\":\"Accueil\",\"item\":\"https:\\\/\\\/www.barnes-miami.com\\\/\"},{\"@type\":\"ListItem\",\"position\":2,\"name\":\"Profil Mehdi Mejjati\"}]},{\"@type\":\"WebSite\",\"@id\":\"https:\\\/\\\/www.barnes-miami.com\\\/#website\",\"url\":\"https:\\\/\\\/www.barnes-miami.com\\\/\",\"name\":\"BARNES Miami\",\"description\":\"#1 International Real Estate Brokerage in South Florida\",\"publisher\":{\"@id\":\"https:\\\/\\\/www.barnes-miami.com\\\/#organization\"},\"potentialAction\":[{\"@type\":\"SearchAction\",\"target\":{\"@type\":\"EntryPoint\",\"urlTemplate\":\"https:\\\/\\\/www.barnes-miami.com\\\/?s={search_term_string}\"},\"query-input\":{\"@type\":\"PropertyValueSpecification\",\"valueRequired\":true,\"valueName\":\"search_term_string\"}}],\"inLanguage\":\"es\"},{\"@type\":\"Organization\",\"@id\":\"https:\\\/\\\/www.barnes-miami.com\\\/#organization\",\"name\":\"BARNES Miami\",\"url\":\"https:\\\/\\\/www.barnes-miami.com\\\/\",\"logo\":{\"@type\":\"ImageObject\",\"inLanguage\":\"es\",\"@id\":\"https:\\\/\\\/www.barnes-miami.com\\\/#\\\/schema\\\/logo\\\/image\\\/\",\"url\":\"https:\\\/\\\/www.barnes-miami.com\\\/wp-content\\\/uploads\\\/2026\\\/01\\\/logo-2.png\",\"contentUrl\":\"https:\\\/\\\/www.barnes-miami.com\\\/wp-content\\\/uploads\\\/2026\\\/01\\\/logo-2.png\",\"width\":1100,\"height\":1100,\"caption\":\"BARNES Miami\"},\"image\":{\"@id\":\"https:\\\/\\\/www.barnes-miami.com\\\/#\\\/schema\\\/logo\\\/image\\\/\"},\"sameAs\":[\"https:\\\/\\\/www.facebook.com\\\/barnesinternationalmiami\\\/\",\"https:\\\/\\\/x.com\\\/barnesmiami\",\"https:\\\/\\\/www.instagram.com\\\/barnesmiami\\\/\",\"https:\\\/\\\/www.linkedin.com\\\/company\\\/barnes-international-miami\\\/\",\"https:\\\/\\\/www.youtube.com\\\/user\\\/BarnesImmoMiami\\\/\"]}]}<\/script>\n<!-- \/ Yoast SEO plugin. -->","yoast_head_json":{"title":"Mehdi Mejjati | Nuestro equipo | BARNES Miami","description":"En 2018, Mehdi se uni\u00f3 a Maison BARNES en Miami y se especializ\u00f3 en asesoramiento de inversiones, nuevos desarrollos y valoraci\u00f3n de bienes ra\u00edces.","robots":{"index":"index","follow":"follow","max-snippet":"max-snippet:-1","max-image-preview":"max-image-preview:large","max-video-preview":"max-video-preview:-1"},"canonical":"https:\/\/www.barnes-miami.com\/es\/perfil-mehdi-mejjati\/","og_locale":"es_ES","og_type":"article","og_title":"Mehdi Mejjati | Notre \u00e9quipe | BARNES Miami","og_description":"En 2018, Mehdi rejoint la Maison BARNES \u00e0 Miami et se sp\u00e9cialise en conseils en investissement, nouveaux d\u00e9veloppements, \u00e9valuation de biens immobiliers.","og_url":"https:\/\/www.barnes-miami.com\/es\/perfil-mehdi-mejjati\/","og_site_name":"BARNES Miami","article_publisher":"https:\/\/www.facebook.com\/barnesinternationalmiami\/","article_modified_time":"2024-04-11T16:42:37+00:00","og_image":[{"url":"https:\/\/www.barnes-miami.com\/wp-content\/uploads\/2024\/04\/Medhi.jpg","type":"","width":"","height":""}],"twitter_card":"summary_large_image","twitter_site":"@barnesmiami","twitter_misc":{"Tiempo de lectura":"2 minutos"},"schema":{"@context":"https:\/\/schema.org","@graph":[{"@type":"WebPage","@id":"https:\/\/www.barnes-miami.com\/profil-mehdi-mejjati\/","url":"https:\/\/www.barnes-miami.com\/profil-mehdi-mejjati\/","name":"Mehdi Mejjati | Nuestro equipo | BARNES Miami","isPartOf":{"@id":"https:\/\/www.barnes-miami.com\/#website"},"primaryImageOfPage":{"@id":"https:\/\/www.barnes-miami.com\/profil-mehdi-mejjati\/#primaryimage"},"image":{"@id":"https:\/\/www.barnes-miami.com\/profil-mehdi-mejjati\/#primaryimage"},"thumbnailUrl":"https:\/\/www.barnes-miami.com\/wp-content\/uploads\/2024\/04\/Medhi.jpg","datePublished":"2020-01-29T22:41:50+00:00","dateModified":"2024-04-11T16:42:37+00:00","description":"En 2018, Mehdi se uni\u00f3 a Maison BARNES en Miami y se especializ\u00f3 en asesoramiento de inversiones, nuevos desarrollos y valoraci\u00f3n de bienes ra\u00edces.","breadcrumb":{"@id":"https:\/\/www.barnes-miami.com\/profil-mehdi-mejjati\/#breadcrumb"},"inLanguage":"es","potentialAction":[{"@type":"ReadAction","target":["https:\/\/www.barnes-miami.com\/profil-mehdi-mejjati\/"]}]},{"@type":"ImageObject","inLanguage":"es","@id":"https:\/\/www.barnes-miami.com\/profil-mehdi-mejjati\/#primaryimage","url":"https:\/\/www.barnes-miami.com\/wp-content\/uploads\/2024\/04\/Medhi.jpg","contentUrl":"https:\/\/www.barnes-miami.com\/wp-content\/uploads\/2024\/04\/Medhi.jpg"},{"@type":"BreadcrumbList","@id":"https:\/\/www.barnes-miami.com\/profil-mehdi-mejjati\/#breadcrumb","itemListElement":[{"@type":"ListItem","position":1,"name":"Accueil","item":"https:\/\/www.barnes-miami.com\/"},{"@type":"ListItem","position":2,"name":"Profil Mehdi Mejjati"}]},{"@type":"WebSite","@id":"https:\/\/www.barnes-miami.com\/#website","url":"https:\/\/www.barnes-miami.com\/","name":"BARNES Miami","description":"#1 Corretaje internacional de bienes ra\u00edces en el sur de Florida","publisher":{"@id":"https:\/\/www.barnes-miami.com\/#organization"},"potentialAction":[{"@type":"SearchAction","target":{"@type":"EntryPoint","urlTemplate":"https:\/\/www.barnes-miami.com\/?s={search_term_string}"},"query-input":{"@type":"PropertyValueSpecification","valueRequired":true,"valueName":"search_term_string"}}],"inLanguage":"es"},{"@type":"Organization","@id":"https:\/\/www.barnes-miami.com\/#organization","name":"BARNES Miami","url":"https:\/\/www.barnes-miami.com\/","logo":{"@type":"ImageObject","inLanguage":"es","@id":"https:\/\/www.barnes-miami.com\/#\/schema\/logo\/image\/","url":"https:\/\/www.barnes-miami.com\/wp-content\/uploads\/2026\/01\/logo-2.png","contentUrl":"https:\/\/www.barnes-miami.com\/wp-content\/uploads\/2026\/01\/logo-2.png","width":1100,"height":1100,"caption":"BARNES Miami"},"image":{"@id":"https:\/\/www.barnes-miami.com\/#\/schema\/logo\/image\/"},"sameAs":["https:\/\/www.facebook.com\/barnesinternationalmiami\/","https:\/\/x.com\/barnesmiami","https:\/\/www.instagram.com\/barnesmiami\/","https:\/\/www.linkedin.com\/company\/barnes-international-miami\/","https:\/\/www.youtube.com\/user\/BarnesImmoMiami\/"]}]}},"_links":{"self":[{"href":"https:\/\/www.barnes-miami.com\/es\/wp-json\/wp\/v2\/pages\/23594","targetHints":{"allow":["GET"]}}],"collection":[{"href":"https:\/\/www.barnes-miami.com\/es\/wp-json\/wp\/v2\/pages"}],"about":[{"href":"https:\/\/www.barnes-miami.com\/es\/wp-json\/wp\/v2\/types\/page"}],"author":[{"embeddable":true,"href":"https:\/\/www.barnes-miami.com\/es\/wp-json\/wp\/v2\/users\/2"}],"replies":[{"embeddable":true,"href":"https:\/\/www.barnes-miami.com\/es\/wp-json\/wp\/v2\/comments?post=23594"}],"version-history":[{"count":26,"href":"https:\/\/www.barnes-miami.com\/es\/wp-json\/wp\/v2\/pages\/23594\/revisions"}],"predecessor-version":[{"id":27710,"href":"https:\/\/www.barnes-miami.com\/es\/wp-json\/wp\/v2\/pages\/23594\/revisions\/27710"}],"wp:attachment":[{"href":"https:\/\/www.barnes-miami.com\/es\/wp-json\/wp\/v2\/media?parent=23594"}],"curies":[{"name":"gracias","href":"https:\/\/api.w.org\/{rel}","templated":true}]}}