{"id":26492,"date":"2023-08-14T13:44:59","date_gmt":"2023-08-14T18:44:59","guid":{"rendered":"https:\/\/www.barnes-miami.com\/?page_id=26492"},"modified":"2024-04-11T11:42:00","modified_gmt":"2024-04-11T16:42:00","slug":"perfil-de-diana-joch","status":"publish","type":"page","link":"https:\/\/www.barnes-miami.com\/es\/profil-diana-joch\/","title":{"rendered":"Perfil Diana JOCH"},"content":{"rendered":"\n<div class=\"wp-block-columns is-layout-flex wp-container-core-columns-is-layout-9d6595d7 wp-block-columns-is-layout-flex\">\n<div class=\"wp-block-column is-vertically-aligned-center is-layout-flow wp-block-column-is-layout-flow\" style=\"flex-basis:65%\"><\/div>\n\n\n\n<div class=\"wp-block-column is-layout-flow wp-block-column-is-layout-flow\" style=\"flex-basis:35%\">\n<figure class=\"wp-block-gallery has-nested-images columns-default is-cropped wp-block-gallery-1 is-layout-flex wp-block-gallery-is-layout-flex\">\n<figure class=\"wp-block-image size-full\"><img loading=\"lazy\" decoding=\"async\" width=\"1000\" height=\"1000\" data-id=\"27697\" src=\"https:\/\/www.barnes-miami.com\/wp-content\/uploads\/2024\/04\/Diana.jpg\" alt=\"Diana-joch-real-estate-agent-miami\" class=\"wp-image-27697\" srcset=\"https:\/\/www.barnes-miami.com\/wp-content\/uploads\/2024\/04\/Diana.jpg 1000w, https:\/\/www.barnes-miami.com\/wp-content\/uploads\/2024\/04\/Diana-300x300.jpg 300w, https:\/\/www.barnes-miami.com\/wp-content\/uploads\/2024\/04\/Diana-150x150.jpg 150w, https:\/\/www.barnes-miami.com\/wp-content\/uploads\/2024\/04\/Diana-768x768.jpg 768w, https:\/\/www.barnes-miami.com\/wp-content\/uploads\/2024\/04\/Diana-12x12.jpg 12w\" sizes=\"auto, (max-width: 1000px) 100vw, 1000px\" \/><\/figure>\n<\/figure>\n<\/div>\n<\/div>\n\n\n\n<div class=\"wp-block-columns is-layout-flex wp-container-core-columns-is-layout-9d6595d7 wp-block-columns-is-layout-flex\">\n<div class=\"wp-block-column is-layout-flow wp-block-column-is-layout-flow\" style=\"flex-basis:65%\">\n<div class=\"wp-block-barnes-blocks-signature\"><h2 class=\"name\">Diana Joch<\/h2><p class=\"title\">Consultante <\/p><p class=\"phone\">+1 (305) 747-3919<\/p><p class=\"email\">d.joch@barnes-international.com<\/p><a class=\"linkedin hide\" href=\"#\" target=\"_blank\" rel=\"noopener nofollow noreferrer\"><\/a><a class=\"zillow hide\" href=\"#\" target=\"_blank\" rel=\"noopener nofollow noreferrer\"><\/a><a class=\"website hide\" href=\"#\" target=\"_blank\" rel=\"noopener nofollow noreferrer\"><\/a><a class=\"whatsapp hide\" href=\"#\" target=\"_blank\" rel=\"noopener nofollow noreferrer\"><\/a><a class=\"facebook hide\" href=\"#\" target=\"_blank\" rel=\"noopener nofollow noreferrer\"><\/a><a class=\"instagram\" href=\"https:\/\/www.instagram.com\/dinajoch\" target=\"_blank\" rel=\"noopener nofollow noreferrer\"><\/a><\/div>\n<\/div>\n\n\n\n<div class=\"wp-block-column is-layout-flow wp-block-column-is-layout-flow\" style=\"flex-basis:35%\">\n<h5 class=\"wp-block-heading\">Langues Parl\u00e9es:<\/h5>\n\n\n\n<ul class=\"wp-block-list\">\n<li>Anglais<\/li>\n\n\n\n<li>Fran\u00e7ais<\/li>\n\n\n\n<li>Espagnol<\/li>\n<\/ul>\n<\/div>\n<\/div>\n\n\n\n<h5 class=\"wp-block-heading\">Pr\u00e9sentation<\/h5>\n\n\n\n<p>Diana Joch, agent immobilier agr\u00e9\u00e9, est titulaire d&rsquo;une ma\u00eetrise en ing\u00e9nierie et d&rsquo;un dipl\u00f4me en relations publiques. Elle a travaill\u00e9 en tant qu&rsquo;ing\u00e9nieur et manager pour deux entreprises internationales au cours des vingt derni\u00e8res ann\u00e9es. Au cours des cinq derni\u00e8res ann\u00e9es, Diana a r\u00e9sid\u00e9 aux \u00c9tats-Unis, \u00e0 Key Biscayne, o\u00f9 elle a appris le fran\u00e7ais et l&rsquo;espagnol. Son dipl\u00f4me a \u00e9t\u00e9 \u00e9valu\u00e9 et elle a obtenu l&rsquo;\u00e9quivalent d&rsquo;un Master of Science aux \u00c9tats-Unis. Diana a r\u00e9cemment obtenu son dipl\u00f4me \u00e0 l&rsquo;universit\u00e9 de Miami, o\u00f9 elle a poursuivi sa passion pour la d\u00e9coration d&rsquo;int\u00e9rieur. Dot\u00e9e d&rsquo;un sens aigu de l&rsquo;esth\u00e9tique et d&rsquo;une passion pour l&rsquo;art, l&rsquo;architecture et le design, Diana poss\u00e8de de solides comp\u00e9tences non techniques, notamment en mati\u00e8re de communication et de mise en r\u00e9seau. Elle a des exigences personnelles \u00e9lev\u00e9es et s&rsquo;efforce de les respecter dans tous les aspects de son travail. Pendant son temps libre, elle aime pratiquer le yoga, jouer au tennis et voyager vers des destinations magnifiques pour apprendre et se perfectionner.<\/p>\n\n\n\n<div class=\"wp-block-barnes-blocks-contactme\"><div class=\"contactme_wrapper\"><h3>Contactez moi<\/h3><form><div class=\"form-group\"><input type=\"text\" value=\"\" name=\"name\" pattern=\".{4,}\"\/><label>Nom *<\/label><\/div><div class=\"form-group\"><input type=\"text\" value=\"\" name=\"email\" pattern=\".{4,}\"\/><label>Email *<\/label><\/div><div class=\"form-group\"><input type=\"text\" value=\"\" name=\"phone\" pattern=\".{8,}\"\/><label>T\u00e9l\u00e9phone *<\/label><\/div><div class=\"form-group\"><textarea name=\"message\"><\/textarea><label>Message<\/label><\/div><div><input type=\"hidden\" name=\"referral\" class=\"referral\" value=\"Diana Joch\"\/><input type=\"hidden\" name=\"phoneto\" class=\"phoneto\" value=\"+1 (305) 747-3919\"\/><input type=\"hidden\" name=\"emailto\" class=\"emailto\" value=\"d.joch@barnes-international.com\"\/><button class=\"contactme_btn\">Envoyer<\/button><\/div><\/form><\/div><\/div>\n\n\n\n<h5 class=\"wp-block-heading\">Mes Biens<\/h5>\n\n\n\n<div class=\"wp-block-barnes-blocks-searchmap\"><script src=\"https:\/\/api.tiles.mapbox.com\/mapbox-gl-js\/v1.5.0\/mapbox-gl.js\"><\/script><link href=\"https:\/\/api.tiles.mapbox.com\/mapbox-gl-js\/v1.5.0\/mapbox-gl.css\" rel=\"stylesheet\"\/><script src=\"https:\/\/cdn.jsdelivr.net\/npm\/intersection-observer@0.7.0\/intersection-observer.js\"><\/script><script src=\"https:\/\/cdn.jsdelivr.net\/npm\/vanilla-lazyload@12.3.0\/dist\/lazyload.min.js\"><\/script><link href=\"\/wp-content\/themes\/barnes\/searchmap.css\" rel=\"stylesheet\"\/><script src=\"\/wp-content\/themes\/barnes\/searchmap.js\"><\/script><div id=\"search1\" class=\"blockmap\" data-bathmax=\"\" data-bed=\"\" data-bedmax=\"\" data-center=\"-80.2351, 25.7256\" data-detail_url=\"\" data-exclu=\"1\" data-limit=\"\" data-map_urls=\"\" data-mix_urls=\"\" data-mode=\"\" data-near=\"\" data-order=\"\" data-pitch=\"\" data-pmax=\"\" data-pmin=\"\" data-popup_urls=\"\" data-ratio=\"\" data-sold=\"\" data-sortby=\"\" data-transaction=\"\" data-type=\"\" data-zoom=\"\"><\/div><script>\n          var search;\n          document.addEventListener(\"DOMContentLoaded\", function() {\n            var config = {\n              'api': {\n                'near': \"\",\n                'transaction': \"\",\n                'center': [-80.2351, 25.7256],\n                'limit': 18,\n                'exclu': '1',\n                'agent_id': '',\n                'sold': '',\n                'view': '',\n                'sortby': \"price\",\n                'order': \"desc\",\n                'pmin': \"\",\n                'pmax': \"\",\n                'type': \"\",\n                'bed': \"\",\n                'bedmax': \"\",\n                'bathmax': \"\",\n              },\n              'pitch': 15,\n              'zoom': 11,\n              'ratio': \"50%\",\n              'mode': \"\",\n              'container': 'search1',\n              'locale': 'en_US',\n              'reverse': true,\n              'scrollzoom': false,\n              'mapbox_token': 'pk.eyJ1IjoiaG9tZTYxIiwiYSI6IkRSZVdLTzAifQ.j0DbHOgstXjXHYfR5e3jPA',\n              'mapbox_style': 'mapbox:\/\/styles\/home61\/ck115ahbu0d1i1crw5mggkbag?optimize=true',\n              'mapbox_satellite': 'mapbox:\/\/styles\/home61\/ck44sdmai1d4u1clti4rl3203?optimize=true',\n              'lazyload_data': 'data:image\/png;base64,iVBORw0KGgoAAAANSUhEUgAAAAMAAAACCAMAAACqqpYoAAAAA1BMVEX\/\/\/+nxBvIAAAAE0lEQVR42gEIAPf\/AAAAAAAAAAAACAABb5b2YgAAAABJRU5ErkJggg==',\n              'icon_image': 'barnes-16',\n              'icon_image_hover': 'barnes-gray-16',\n              'dot_color': \"#B4002F\"\n            };\n            config['container'] = document.querySelector(\".blockmap\").id || \"search1\";\n            config['api']['agent_id'] = document.querySelector(\".blockmap\").dataset.agent_id || \"\";\n            config['api']['bathmax'] = document.querySelector(\".blockmap\").dataset.bathmax || \"\";\n            config['api']['bed'] = document.querySelector(\".blockmap\").dataset.bed || \"\";\n            config['api']['bedmax'] = document.querySelector(\".blockmap\").dataset.bedmax || \"\";\n            config['api']['center'] = (document.querySelector(\".blockmap\").dataset.center || \"-80.2351, 25.7256\").replace(\/ \/g,\"\").split(\",\");\n            config['detail_url'] = !!document.querySelector(\".blockmap\").dataset.detail_url ? document.querySelector(\".blockmap\").dataset.detail_url : null;\n            config['api']['exclu'] = document.querySelector(\".blockmap\").dataset.exclu || \"\";\n            config['api']['limit'] = !!document.querySelector(\".blockmap\").dataset.limit ? parseInt(document.querySelector(\".blockmap\").dataset.limit) : 18;\n            config['map_urls'] = !!document.querySelector(\".blockmap\").dataset.map_urls ? [document.querySelector(\".blockmap\").dataset.map_urls] : null;\n            config['mix_urls'] = !!document.querySelector(\".blockmap\").dataset.mix_urls ? [document.querySelector(\".blockmap\").dataset.mix_urls] : null;\n            config['mode'] = !!document.querySelector(\".blockmap\").dataset.mode ? document.querySelector(\".blockmap\").dataset.mode : \"\";\n            config['api']['near'] = document.querySelector(\".blockmap\").dataset.near || \"\";\n            config['api']['order'] = document.querySelector(\".blockmap\").dataset.order || \"desc\";\n            config['pitch'] = document.querySelector(\".blockmap\").dataset.pitch || 15;\n            config['api']['pmax'] = document.querySelector(\".blockmap\").dataset.pmax || \"\";\n            config['api']['pmin'] = document.querySelector(\".blockmap\").dataset.pmin || \"\";\n            config['popup_urls'] = !!document.querySelector(\".blockmap\").dataset.popup_urls ? [document.querySelector(\".blockmap\").dataset.popup_urls] : null;\n            config['ratio'] = document.querySelector(\".blockmap\").dataset.ratio || \"50%\";\n            config['api']['sold'] = document.querySelector(\".blockmap\").dataset.sold || \"\";\n            config['api']['sortby'] = document.querySelector(\".blockmap\").dataset.sortby || \"price\";\n            config['api']['transaction'] = document.querySelector(\".blockmap\").dataset.transaction || \"\";\n            config['api']['type'] = document.querySelector(\".blockmap\").dataset.type || \"\";\n            config['zoom'] = document.querySelector(\".blockmap\").dataset.zoom || 11;\n            if(typeof document.documentElement.lang != \"undefined\") {\n              config['locale'] = document.documentElement.lang.replace(\"-\",\"_\");\n            }\n            if(typeof trp_data != \"undefined\") { \n              config['locale'] = trp_data.trp_current_language;\n            }\n            search = new SearchMap(config);\n          });\n        <\/script><\/div>\n","protected":false},"excerpt":{"rendered":"<p>Langues Parl\u00e9es: Pr\u00e9sentation Diana Joch, agent immobilier agr\u00e9\u00e9, est titulaire d&rsquo;une ma\u00eetrise en ing\u00e9nierie et d&rsquo;un dipl\u00f4me en relations publiques. Elle a travaill\u00e9 en tant qu&rsquo;ing\u00e9nieur et manager pour deux entreprises internationales au cours des vingt derni\u00e8res ann\u00e9es. Au cours des cinq derni\u00e8res ann\u00e9es, Diana a r\u00e9sid\u00e9 aux \u00c9tats-Unis, \u00e0 Key Biscayne, o\u00f9 elle a [&hellip;]<\/p>\n","protected":false},"author":1,"featured_media":0,"parent":0,"menu_order":0,"comment_status":"closed","ping_status":"closed","template":"","meta":{"inline_featured_image":false,"footnotes":""},"class_list":["post-26492","page","type-page","status-publish","hentry"],"yoast_head":"<!-- This site is optimized with the Yoast SEO plugin v27.4 - https:\/\/yoast.com\/product\/yoast-seo-wordpress\/ -->\n<title>Profil Diana JOCH - BARNES Miami<\/title>\n<meta name=\"robots\" content=\"index, follow, max-snippet:-1, max-image-preview:large, max-video-preview:-1\" \/>\n<link rel=\"canonical\" href=\"https:\/\/www.barnes-miami.com\/es\/perfil-de-diana-joch\/\" \/>\n<meta property=\"og:locale\" content=\"es_ES\" \/>\n<meta property=\"og:type\" content=\"article\" \/>\n<meta property=\"og:title\" content=\"Profil Diana JOCH - BARNES Miami\" \/>\n<meta property=\"og:description\" content=\"Langues Parl\u00e9es: Pr\u00e9sentation Diana Joch, agent immobilier agr\u00e9\u00e9, est titulaire d&rsquo;une ma\u00eetrise en ing\u00e9nierie et d&rsquo;un dipl\u00f4me en relations publiques. Elle a travaill\u00e9 en tant qu&rsquo;ing\u00e9nieur et manager pour deux entreprises internationales au cours des vingt derni\u00e8res ann\u00e9es. Au cours des cinq derni\u00e8res ann\u00e9es, Diana a r\u00e9sid\u00e9 aux \u00c9tats-Unis, \u00e0 Key Biscayne, o\u00f9 elle a [&hellip;]\" \/>\n<meta property=\"og:url\" content=\"https:\/\/www.barnes-miami.com\/es\/perfil-de-diana-joch\/\" \/>\n<meta property=\"og:site_name\" content=\"BARNES Miami\" \/>\n<meta property=\"article:publisher\" content=\"https:\/\/www.facebook.com\/barnesinternationalmiami\/\" \/>\n<meta property=\"article:modified_time\" content=\"2024-04-11T16:42:00+00:00\" \/>\n<meta property=\"og:image\" content=\"https:\/\/www.barnes-miami.com\/wp-content\/uploads\/2024\/04\/Diana.jpg\" \/>\n<meta name=\"twitter:card\" content=\"summary_large_image\" \/>\n<meta name=\"twitter:site\" content=\"@barnesmiami\" \/>\n<meta name=\"twitter:label1\" content=\"Tiempo de lectura\" \/>\n\t<meta name=\"twitter:data1\" content=\"1 minuto\" \/>\n<script type=\"application\/ld+json\" class=\"yoast-schema-graph\">{\"@context\":\"https:\\\/\\\/schema.org\",\"@graph\":[{\"@type\":\"WebPage\",\"@id\":\"https:\\\/\\\/www.barnes-miami.com\\\/profil-diana-joch\\\/\",\"url\":\"https:\\\/\\\/www.barnes-miami.com\\\/profil-diana-joch\\\/\",\"name\":\"Profil Diana JOCH - BARNES Miami\",\"isPartOf\":{\"@id\":\"https:\\\/\\\/www.barnes-miami.com\\\/#website\"},\"primaryImageOfPage\":{\"@id\":\"https:\\\/\\\/www.barnes-miami.com\\\/profil-diana-joch\\\/#primaryimage\"},\"image\":{\"@id\":\"https:\\\/\\\/www.barnes-miami.com\\\/profil-diana-joch\\\/#primaryimage\"},\"thumbnailUrl\":\"https:\\\/\\\/www.barnes-miami.com\\\/wp-content\\\/uploads\\\/2024\\\/04\\\/Diana.jpg\",\"datePublished\":\"2023-08-14T18:44:59+00:00\",\"dateModified\":\"2024-04-11T16:42:00+00:00\",\"breadcrumb\":{\"@id\":\"https:\\\/\\\/www.barnes-miami.com\\\/profil-diana-joch\\\/#breadcrumb\"},\"inLanguage\":\"es\",\"potentialAction\":[{\"@type\":\"ReadAction\",\"target\":[\"https:\\\/\\\/www.barnes-miami.com\\\/profil-diana-joch\\\/\"]}]},{\"@type\":\"ImageObject\",\"inLanguage\":\"es\",\"@id\":\"https:\\\/\\\/www.barnes-miami.com\\\/profil-diana-joch\\\/#primaryimage\",\"url\":\"https:\\\/\\\/www.barnes-miami.com\\\/wp-content\\\/uploads\\\/2024\\\/04\\\/Diana.jpg\",\"contentUrl\":\"https:\\\/\\\/www.barnes-miami.com\\\/wp-content\\\/uploads\\\/2024\\\/04\\\/Diana.jpg\"},{\"@type\":\"BreadcrumbList\",\"@id\":\"https:\\\/\\\/www.barnes-miami.com\\\/profil-diana-joch\\\/#breadcrumb\",\"itemListElement\":[{\"@type\":\"ListItem\",\"position\":1,\"name\":\"Accueil\",\"item\":\"https:\\\/\\\/www.barnes-miami.com\\\/\"},{\"@type\":\"ListItem\",\"position\":2,\"name\":\"Profil Diana JOCH\"}]},{\"@type\":\"WebSite\",\"@id\":\"https:\\\/\\\/www.barnes-miami.com\\\/#website\",\"url\":\"https:\\\/\\\/www.barnes-miami.com\\\/\",\"name\":\"BARNES Miami\",\"description\":\"#1 International Real Estate Brokerage in South Florida\",\"publisher\":{\"@id\":\"https:\\\/\\\/www.barnes-miami.com\\\/#organization\"},\"potentialAction\":[{\"@type\":\"SearchAction\",\"target\":{\"@type\":\"EntryPoint\",\"urlTemplate\":\"https:\\\/\\\/www.barnes-miami.com\\\/?s={search_term_string}\"},\"query-input\":{\"@type\":\"PropertyValueSpecification\",\"valueRequired\":true,\"valueName\":\"search_term_string\"}}],\"inLanguage\":\"es\"},{\"@type\":\"Organization\",\"@id\":\"https:\\\/\\\/www.barnes-miami.com\\\/#organization\",\"name\":\"BARNES Miami\",\"url\":\"https:\\\/\\\/www.barnes-miami.com\\\/\",\"logo\":{\"@type\":\"ImageObject\",\"inLanguage\":\"es\",\"@id\":\"https:\\\/\\\/www.barnes-miami.com\\\/#\\\/schema\\\/logo\\\/image\\\/\",\"url\":\"https:\\\/\\\/www.barnes-miami.com\\\/wp-content\\\/uploads\\\/2026\\\/01\\\/logo-2.png\",\"contentUrl\":\"https:\\\/\\\/www.barnes-miami.com\\\/wp-content\\\/uploads\\\/2026\\\/01\\\/logo-2.png\",\"width\":1100,\"height\":1100,\"caption\":\"BARNES Miami\"},\"image\":{\"@id\":\"https:\\\/\\\/www.barnes-miami.com\\\/#\\\/schema\\\/logo\\\/image\\\/\"},\"sameAs\":[\"https:\\\/\\\/www.facebook.com\\\/barnesinternationalmiami\\\/\",\"https:\\\/\\\/x.com\\\/barnesmiami\",\"https:\\\/\\\/www.instagram.com\\\/barnesmiami\\\/\",\"https:\\\/\\\/www.linkedin.com\\\/company\\\/barnes-international-miami\\\/\",\"https:\\\/\\\/www.youtube.com\\\/user\\\/BarnesImmoMiami\\\/\"]}]}<\/script>\n<!-- \/ Yoast SEO plugin. -->","yoast_head_json":{"title":"Perfil Diana JOCH - BARNES Miami","robots":{"index":"index","follow":"follow","max-snippet":"max-snippet:-1","max-image-preview":"max-image-preview:large","max-video-preview":"max-video-preview:-1"},"canonical":"https:\/\/www.barnes-miami.com\/es\/perfil-de-diana-joch\/","og_locale":"es_ES","og_type":"article","og_title":"Profil Diana JOCH - BARNES Miami","og_description":"Langues Parl\u00e9es: Pr\u00e9sentation Diana Joch, agent immobilier agr\u00e9\u00e9, est titulaire d&rsquo;une ma\u00eetrise en ing\u00e9nierie et d&rsquo;un dipl\u00f4me en relations publiques. Elle a travaill\u00e9 en tant qu&rsquo;ing\u00e9nieur et manager pour deux entreprises internationales au cours des vingt derni\u00e8res ann\u00e9es. Au cours des cinq derni\u00e8res ann\u00e9es, Diana a r\u00e9sid\u00e9 aux \u00c9tats-Unis, \u00e0 Key Biscayne, o\u00f9 elle a [&hellip;]","og_url":"https:\/\/www.barnes-miami.com\/es\/perfil-de-diana-joch\/","og_site_name":"BARNES Miami","article_publisher":"https:\/\/www.facebook.com\/barnesinternationalmiami\/","article_modified_time":"2024-04-11T16:42:00+00:00","og_image":[{"url":"https:\/\/www.barnes-miami.com\/wp-content\/uploads\/2024\/04\/Diana.jpg","type":"","width":"","height":""}],"twitter_card":"summary_large_image","twitter_site":"@barnesmiami","twitter_misc":{"Tiempo de lectura":"1 minuto"},"schema":{"@context":"https:\/\/schema.org","@graph":[{"@type":"WebPage","@id":"https:\/\/www.barnes-miami.com\/profil-diana-joch\/","url":"https:\/\/www.barnes-miami.com\/profil-diana-joch\/","name":"Perfil Diana JOCH - BARNES Miami","isPartOf":{"@id":"https:\/\/www.barnes-miami.com\/#website"},"primaryImageOfPage":{"@id":"https:\/\/www.barnes-miami.com\/profil-diana-joch\/#primaryimage"},"image":{"@id":"https:\/\/www.barnes-miami.com\/profil-diana-joch\/#primaryimage"},"thumbnailUrl":"https:\/\/www.barnes-miami.com\/wp-content\/uploads\/2024\/04\/Diana.jpg","datePublished":"2023-08-14T18:44:59+00:00","dateModified":"2024-04-11T16:42:00+00:00","breadcrumb":{"@id":"https:\/\/www.barnes-miami.com\/profil-diana-joch\/#breadcrumb"},"inLanguage":"es","potentialAction":[{"@type":"ReadAction","target":["https:\/\/www.barnes-miami.com\/profil-diana-joch\/"]}]},{"@type":"ImageObject","inLanguage":"es","@id":"https:\/\/www.barnes-miami.com\/profil-diana-joch\/#primaryimage","url":"https:\/\/www.barnes-miami.com\/wp-content\/uploads\/2024\/04\/Diana.jpg","contentUrl":"https:\/\/www.barnes-miami.com\/wp-content\/uploads\/2024\/04\/Diana.jpg"},{"@type":"BreadcrumbList","@id":"https:\/\/www.barnes-miami.com\/profil-diana-joch\/#breadcrumb","itemListElement":[{"@type":"ListItem","position":1,"name":"Accueil","item":"https:\/\/www.barnes-miami.com\/"},{"@type":"ListItem","position":2,"name":"Profil Diana JOCH"}]},{"@type":"WebSite","@id":"https:\/\/www.barnes-miami.com\/#website","url":"https:\/\/www.barnes-miami.com\/","name":"BARNES Miami","description":"#1 Corretaje internacional de bienes ra\u00edces en el sur de Florida","publisher":{"@id":"https:\/\/www.barnes-miami.com\/#organization"},"potentialAction":[{"@type":"SearchAction","target":{"@type":"EntryPoint","urlTemplate":"https:\/\/www.barnes-miami.com\/?s={search_term_string}"},"query-input":{"@type":"PropertyValueSpecification","valueRequired":true,"valueName":"search_term_string"}}],"inLanguage":"es"},{"@type":"Organization","@id":"https:\/\/www.barnes-miami.com\/#organization","name":"BARNES Miami","url":"https:\/\/www.barnes-miami.com\/","logo":{"@type":"ImageObject","inLanguage":"es","@id":"https:\/\/www.barnes-miami.com\/#\/schema\/logo\/image\/","url":"https:\/\/www.barnes-miami.com\/wp-content\/uploads\/2026\/01\/logo-2.png","contentUrl":"https:\/\/www.barnes-miami.com\/wp-content\/uploads\/2026\/01\/logo-2.png","width":1100,"height":1100,"caption":"BARNES Miami"},"image":{"@id":"https:\/\/www.barnes-miami.com\/#\/schema\/logo\/image\/"},"sameAs":["https:\/\/www.facebook.com\/barnesinternationalmiami\/","https:\/\/x.com\/barnesmiami","https:\/\/www.instagram.com\/barnesmiami\/","https:\/\/www.linkedin.com\/company\/barnes-international-miami\/","https:\/\/www.youtube.com\/user\/BarnesImmoMiami\/"]}]}},"_links":{"self":[{"href":"https:\/\/www.barnes-miami.com\/es\/wp-json\/wp\/v2\/pages\/26492","targetHints":{"allow":["GET"]}}],"collection":[{"href":"https:\/\/www.barnes-miami.com\/es\/wp-json\/wp\/v2\/pages"}],"about":[{"href":"https:\/\/www.barnes-miami.com\/es\/wp-json\/wp\/v2\/types\/page"}],"author":[{"embeddable":true,"href":"https:\/\/www.barnes-miami.com\/es\/wp-json\/wp\/v2\/users\/1"}],"replies":[{"embeddable":true,"href":"https:\/\/www.barnes-miami.com\/es\/wp-json\/wp\/v2\/comments?post=26492"}],"version-history":[{"count":6,"href":"https:\/\/www.barnes-miami.com\/es\/wp-json\/wp\/v2\/pages\/26492\/revisions"}],"predecessor-version":[{"id":27708,"href":"https:\/\/www.barnes-miami.com\/es\/wp-json\/wp\/v2\/pages\/26492\/revisions\/27708"}],"wp:attachment":[{"href":"https:\/\/www.barnes-miami.com\/es\/wp-json\/wp\/v2\/media?parent=26492"}],"curies":[{"name":"gracias","href":"https:\/\/api.w.org\/{rel}","templated":true}]}}