{"id":14,"date":"2018-01-18T15:32:51","date_gmt":"2018-01-18T15:32:51","guid":{"rendered":"https:\/\/www.barnes-miami.com\/?page_id=14"},"modified":"2025-12-18T14:19:31","modified_gmt":"2025-12-18T19:19:31","slug":"contato","status":"publish","type":"page","link":"https:\/\/www.barnes-miami.com\/pt\/contact\/","title":{"rendered":"Entre em contato com sua ag\u00eancia BARNES"},"content":{"rendered":"<div style=\"height:45px\" aria-hidden=\"true\" class=\"wp-block-spacer\"><\/div>\n\n\n\n<h4 class=\"wp-block-heading has-text-align-center has-text-color has-link-color has-medium-font-size wp-elements-04efae875b88ab1183fabb2983c9d4c4\" style=\"color:#bcaa88\">AS PROPRIEDADES MAIS BONITAS DE MIAMI<\/h4>\n\n\n\n<p class=\"has-text-align-center p80\">A BARNES Miami est\u00e1 \u00e0 sua disposi\u00e7\u00e3o e oferece seus servi\u00e7os relacionados ao setor imobili\u00e1rio de luxo. Com uma clientela internacional e uma reputa\u00e7\u00e3o global, a Barnes International Miami se esfor\u00e7a para trazer a voc\u00ea um n\u00edvel de experi\u00eancia e servi\u00e7os dignos dos locais mais exclusivos onde est\u00e1 presente. Com serenidade e confidencialidade, podemos apoi\u00e1-lo em todos os seus projetos imobili\u00e1rios.<\/p>\n\n\n\n<div style=\"height:46px\" aria-hidden=\"true\" class=\"wp-block-spacer\"><\/div>\n\n\n\n<div class=\"wp-block-columns is-layout-flex wp-container-core-columns-is-layout-9d6595d7 wp-block-columns-is-layout-flex\">\n<div class=\"wp-block-column is-layout-flow wp-block-column-is-layout-flow\">\n<h2 class=\"wp-block-heading has-text-align-center\">BARNES Miami<\/h2>\n\n\n\n<p class=\"has-text-align-center\">1150 SW 22nd St, Miami FL 33129 EUA<\/p>\n<\/div>\n\n\n\n<div class=\"wp-block-column is-vertically-aligned-center is-layout-flow wp-block-column-is-layout-flow\">\n<h2 class=\"wp-block-heading has-text-align-center\">BARNES Aventura<\/h2>\n\n\n\n<p class=\"has-text-align-center\">3565 Mystic Pointe Dr, Aventura, FL 33180 EUA<\/p>\n<\/div>\n<\/div>\n\n\n\n<div style=\"height:36px\" aria-hidden=\"true\" class=\"wp-block-spacer\"><\/div>\n\n\n\n<div class=\"wp-block-barnes-blocks-contact\"><div class=\"contact_wrapper\"><h3>Contate-nos<\/h3><form action=\"\"><div class=\"form-group\"><input type=\"text\" value=\"\" name=\"name\" pattern=\".{4,}\"\/><label>Nome *<\/label><\/div><div class=\"form-group\"><input type=\"text\" value=\"\" name=\"email\" pattern=\".{4,}\"\/><label>E-mail *<\/label><\/div><div class=\"form-group\"><div class=\"phone-wrapper\"><div class=\"phone-ext\"><select class=\"phonePrefix\"><option>Estados Unidos: +1<\/option><option>Fran\u00e7a: +33<\/option><option>Afeganist\u00e3o: +93<\/option><option>Alb\u00e2nia: +355<\/option><option>Arg\u00e9lia: +213<\/option><option>Andorra: +376<\/option><option>Angola: +244<\/option><option>Ant\u00edgua e Barbuda: +1-268<\/option><option>Argentina: +54<\/option><option>Arm\u00eania: +374<\/option><option>Austr\u00e1lia: +61<\/option><option>\u00c1ustria: +43<\/option><option>Azerbaij\u00e3o: +994<\/option><option>Bahamas: +1-242<\/option><option>Bahrein: +973<\/option><option>Bangladeche: +880<\/option><option>Barbados: +1-246<\/option><option>Bielorr\u00fassia: +375<\/option><option>B\u00e9lgica: +32<\/option><option>Belize: +501<\/option><option>Benim: +229<\/option><option>But\u00e3o: +975<\/option><option>Bol\u00edvia: +591<\/option><option>B\u00f3snia e Herzegovina: +387<\/option><option>Botsuana: +267<\/option><option>Brasil: +55<\/option><option>Brunei: +673<\/option><option>Bulg\u00e1ria: +359<\/option><option>Burquina Faso: +226<\/option><option>Burundi: +257<\/option><option>Camboja: +855<\/option><option>Camar\u00f5es: +237<\/option><option>Canad\u00e1: +1<\/option><option>Cabo Verde: +238<\/option><option>Rep\u00fablica Centro-Africana: +236<\/option><option>Chade: +235<\/option><option>Chile: +56<\/option><option>China: +86<\/option><option>Col\u00f4mbia: +57<\/option><option>Comores: +269<\/option><option>Congo RDC: +243<\/option><option>Rep\u00fablica do Congo: +242<\/option><option>Costa Rica: +506<\/option><option>Cro\u00e1cia: +385<\/option><option>Cuba: +53<\/option><option>Chipre: +357<\/option><option>Rep\u00fablica Tcheca: +420<\/option><option>Dinamarca: +45<\/option><option>Djibuti: +253<\/option><option>Dom\u00ednica: +1-767<\/option><option>Rep\u00fablica Dominicana: +1-809<\/option><option>Timor Leste: +670<\/option><option>Equador: +593<\/option><option>Egito: +20<\/option><option>Salvador: +503<\/option><option>Guin\u00e9 Equatorial: +240<\/option><option>Eritreia: +291<\/option><option>Est\u00f4nia: +372<\/option><option>Suazil\u00e2ndia: +268<\/option><option>Eti\u00f3pia: +251<\/option><option>Fiji: +679<\/option><option>Finl\u00e2ndia: +358<\/option><option>Fran\u00e7a: +33<\/option><option>Gab\u00e3o: +241<\/option><option>G\u00e2mbia: +220<\/option><option>Ge\u00f3rgia: +995<\/option><option>Alemanha: +49<\/option><option>Gana: +233<\/option><option>Gr\u00e9cia: +30<\/option><option>Granada: +1-473<\/option><option>Guatemala: +502<\/option><option>Guin\u00e9: +224<\/option><option>Guin\u00e9-Bissau: +245<\/option><option>Guiana: +592<\/option><option>Haiti: +509<\/option><option>Honduras: +504<\/option><option>Hungria: +36<\/option><option>Isl\u00e2ndia: +354<\/option><option>\u00cdndia: +91<\/option><option>Indon\u00e9sia: +62<\/option><option>Ir\u00e3: +98<\/option><option>Iraque: +964<\/option><option>Irlanda: +353<\/option><option>Israel: +972<\/option><option>It\u00e1lia: +39<\/option><option>Costa do Marfim: +225<\/option><option>Jamaica: +1-876<\/option><option>Jap\u00e3o: +81<\/option><option>Jord\u00e2nia: +962<\/option><option>Cazaquist\u00e3o: +7<\/option><option>Qu\u00eania: +254<\/option><option>Quirib\u00e1ti: +686<\/option><option>Kuwait: +965<\/option><option>Quirguist\u00e3o: +996<\/option><option>Laos: +856<\/option><option>Let\u00f4nia: +371<\/option><option>L\u00edbano: +961<\/option><option>Lesoto: +266<\/option><option>Lib\u00e9ria: +231<\/option><option>L\u00edbia: +218<\/option><option>Liechtenstein: +423<\/option><option>Litu\u00e2nia: +370<\/option><option>Luxemburgo: +352<\/option><option>Madag\u00e1scar: +261<\/option><option>Malaui: +265<\/option><option>Mal\u00e1sia: +60<\/option><option>Maldivas: +960<\/option><option>Mali: +223<\/option><option>Malta: +356<\/option><option>Ilhas Marshall: +692<\/option><option>Maurit\u00e2nia: +222<\/option><option>Maur\u00edcio: +230<\/option><option>M\u00e9xico: +52<\/option><option>Micron\u00e9sia: +691<\/option><option>Mold\u00e1via: +373<\/option><option>M\u00f4naco: +377<\/option><option>Mong\u00f3lia: +976<\/option><option>Montenegro: +382<\/option><option>Marrocos: +212<\/option><option>Mo\u00e7ambique: +258<\/option><option>Mianmar: +95<\/option><option>Nam\u00edbia: +264<\/option><option>Nauru: +674<\/option><option>Nepal: +977<\/option><option>Holanda: +31<\/option><option>Nova Zel\u00e2ndia: +64<\/option><option>Nicar\u00e1gua: +505<\/option><option>N\u00edger: +227<\/option><option>Nig\u00e9ria: +234<\/option><option>Coreia do Norte: +850<\/option><option>Maced\u00f4nia do Norte: +389<\/option><option>Noruega: +47<\/option><option>Om\u00e3: +968<\/option><option>Paquist\u00e3o: +92<\/option><option>Palau: +680<\/option><option>Panam\u00e1: +507<\/option><option>Papua Nova Guin\u00e9: +675<\/option><option>Paraguai: +595<\/option><option>Per\u00fa: +51<\/option><option>Filipinas: +63<\/option><option>Pol\u00f4nia: +48<\/option><option>Portugal: +351<\/option><option>Catar: +974<\/option><option>Rom\u00eania: +40<\/option><option>R\u00fassia: +7<\/option><option>Ruanda: +250<\/option><option>S\u00e3o Crist\u00f3v\u00e3o e Nevis: +1-869<\/option><option>Santa L\u00facia: +1-758<\/option><option>S\u00e3o Vicente e Granadinas: +1-784<\/option><option>Samoa: +685<\/option><option>S\u00e3o Marino: +378<\/option><option>S\u00e3o Tom\u00e9 e Pr\u00edncipe: +239<\/option><option>Ar\u00e1bia Saudita: +966<\/option><option>Senegal: +221<\/option><option>S\u00e9rvia: +381<\/option><option>Seicheles: +248<\/option><option>Serra Leoa: +232<\/option><option>Singapura: +65<\/option><option>Eslov\u00e1quia: +421<\/option><option>Eslov\u00eania: +386<\/option><option>Ilhas Salom\u00e3o: +677<\/option><option>Som\u00e1lia: +252<\/option><option>\u00c1frica do Sul: +27<\/option><option>Coreia do Sul: +82<\/option><option>Sud\u00e3o do Sul: +211<\/option><option>Espanha: +34<\/option><option>Sri Lanca: +94<\/option><option>Sud\u00e3o: +249<\/option><option>Suriname: +597<\/option><option>Su\u00e9cia: +46<\/option><option>Su\u00ed\u00e7a: +41<\/option><option>S\u00edria: +963<\/option><option>Taiwan: +886<\/option><option>Tajiquist\u00e3o: +992<\/option><option>Tanz\u00e2nia: +255<\/option><option>Tail\u00e2ndia: +66<\/option><option>Togo: +228<\/option><option>Tonga: +676<\/option><option>Trinidad e Tobago: +1-868<\/option><option>Tun\u00edsia: +216<\/option><option>Turquia: +90<\/option><option>Turcomenist\u00e3o: +993<\/option><option>Tuvalu: +688<\/option><option>Uganda: +256<\/option><option>Ucr\u00e2nia: +380<\/option><option>Emirados \u00c1rabes Unidos: +971<\/option><option>Reino Unido: +44<\/option><option>Estados Unidos: +1<\/option><option>Uruguai: +598<\/option><option>Uzbequist\u00e3o: +998<\/option><option>Vanuatu: +678<\/option><option>Cidade do Vaticano: +379<\/option><option>Venezuela: +58<\/option><option>Vietn\u00e3: +84<\/option><option>I\u00eamen: +967<\/option><option>Z\u00e2mbia: +260<\/option><option>Zimb\u00e1bue: +263<\/option><\/select><\/div><div class=\"phone-phone\"><input type=\"text\" value=\"\" name=\"phone\" pattern=\".{8,}\"\/><label>Telefone *<\/label><\/div><\/div><\/div><div class=\"form-group\"><textarea name=\"message\"><\/textarea><label>Mensagem<\/label><\/div><div><input type=\"hidden\" name=\"referral\" class=\"referral\" value=\"contact\"\/><button class=\"contact_btn\">Enviar<\/button><\/div><input type=\"hidden\" name=\"trp-form-language\" value=\"pt\"\/><\/form><\/div><\/div>\n\n\n\n<div style=\"height:46px\" aria-hidden=\"true\" class=\"wp-block-spacer\"><\/div>\n\n\n\n<p class=\"has-text-align-center\">Venda, compra, investimento, aluguer ou relocaliza\u00e7\u00e3o: a nossa <a href=\"https:\/\/www.barnes-miami.com\/pt\/\">ag\u00eancia imobili\u00e1ria<\/a> acompanha voc\u00ea na jornada de uma vida, em todos os seus grandes projetos. Seja entrando em nossa ag\u00eancia boutique na Golden Square Mile, escrevendo-nos ou ligando para n\u00f3s, mime-se com uma experi\u00eancia imobili\u00e1ria de luxo sob medida. Abra-se para um mundo de possibilidades.<\/p>\n\n\n\n<p><\/p>\n\n\n\n<div class=\"wp-block-barnes-blocks-newsletter-en\"><div class=\"newsletter_wrapper\"><h3>Assine a newsletter mensal<\/h3><form action=\"\"><div class=\"form-group\"><input type=\"text\" value=\"\" name=\"email\" pattern=\".{4,}\"\/><label>E-mail *<\/label><\/div><div><button class=\"newsletter_btn\">Enviar<\/button><\/div><input type=\"hidden\" name=\"trp-form-language\" value=\"pt\"\/><\/form><\/div><\/div>\n\n\n\n<p><\/p>","protected":false},"excerpt":{"rendered":"<p>LES PLUS BELLES PROPRI\u00c9T\u00c9S DE MIAMI BARNES Miami est \u00e0 votre disposition et vous propose ses services li\u00e9s \u00e0 l&rsquo;immobilier de luxe. Avec une client\u00e8le internationale et une r\u00e9putation mondiale, Barnes International Miami s&rsquo;efforce de vous apporter un niveau d&rsquo;expertise et de services digne des lieux les plus exclusifs dans lesquels il est pr\u00e9sent. Avec [&hellip;]<\/p>\n","protected":false},"author":2,"featured_media":30353,"parent":0,"menu_order":0,"comment_status":"closed","ping_status":"closed","template":"","meta":{"inline_featured_image":false,"footnotes":""},"class_list":["post-14","page","type-page","status-publish","has-post-thumbnail","hentry"],"yoast_head":"<!-- This site is optimized with the Yoast SEO plugin v27.4 - https:\/\/yoast.com\/product\/yoast-seo-wordpress\/ -->\n<title>Contact | Immobilier de prestige | BARNES Miami<\/title>\n<meta name=\"description\" content=\"BARNES Miami vous propose ses services li\u00e9s \u00e0 l&#039;immobilier de luxe. Notre agence est votre point de contact de confiance en Floride.\" \/>\n<meta name=\"robots\" content=\"index, follow, max-snippet:-1, max-image-preview:large, max-video-preview:-1\" \/>\n<link rel=\"canonical\" href=\"https:\/\/www.barnes-miami.com\/pt\/contato\/\" \/>\n<meta property=\"og:locale\" content=\"pt_BR\" \/>\n<meta property=\"og:type\" content=\"article\" \/>\n<meta property=\"og:title\" content=\"Contact | Immobilier de prestige | BARNES Miami\" \/>\n<meta property=\"og:description\" content=\"BARNES Miami vous propose ses services li\u00e9s \u00e0 l&#039;immobilier de luxe. Notre agence est votre point de contact de confiance en Floride.\" \/>\n<meta property=\"og:url\" content=\"https:\/\/www.barnes-miami.com\/pt\/contato\/\" \/>\n<meta property=\"og:site_name\" content=\"BARNES Miami\" \/>\n<meta property=\"article:publisher\" content=\"https:\/\/www.facebook.com\/barnesinternationalmiami\/\" \/>\n<meta property=\"article:modified_time\" content=\"2025-12-18T19:19:31+00:00\" \/>\n<meta property=\"og:image\" content=\"https:\/\/www.barnes-miami.com\/wp-content\/uploads\/2025\/10\/BINYAN_RTG2446_BrickellAve_S033_EXT_Hummingbird3_FINAL_5k_Disclaimer.jpeg\" \/>\n\t<meta property=\"og:image:width\" content=\"1920\" \/>\n\t<meta property=\"og:image:height\" content=\"1169\" \/>\n\t<meta property=\"og:image:type\" content=\"image\/jpeg\" \/>\n<meta name=\"twitter:card\" content=\"summary_large_image\" \/>\n<meta name=\"twitter:site\" content=\"@barnesmiami\" \/>\n<meta name=\"twitter:label1\" content=\"Est. tempo de leitura\" \/>\n\t<meta name=\"twitter:data1\" content=\"1 minuto\" \/>\n<script type=\"application\/ld+json\" class=\"yoast-schema-graph\">{\"@context\":\"https:\\\/\\\/schema.org\",\"@graph\":[{\"@type\":\"WebPage\",\"@id\":\"https:\\\/\\\/www.barnes-miami.com\\\/contact\\\/\",\"url\":\"https:\\\/\\\/www.barnes-miami.com\\\/contact\\\/\",\"name\":\"Contact | Immobilier de prestige | BARNES Miami\",\"isPartOf\":{\"@id\":\"https:\\\/\\\/www.barnes-miami.com\\\/#website\"},\"primaryImageOfPage\":{\"@id\":\"https:\\\/\\\/www.barnes-miami.com\\\/contact\\\/#primaryimage\"},\"image\":{\"@id\":\"https:\\\/\\\/www.barnes-miami.com\\\/contact\\\/#primaryimage\"},\"thumbnailUrl\":\"https:\\\/\\\/www.barnes-miami.com\\\/wp-content\\\/uploads\\\/2025\\\/10\\\/BINYAN_RTG2446_BrickellAve_S033_EXT_Hummingbird3_FINAL_5k_Disclaimer.jpeg\",\"datePublished\":\"2018-01-18T15:32:51+00:00\",\"dateModified\":\"2025-12-18T19:19:31+00:00\",\"description\":\"BARNES Miami vous propose ses services li\u00e9s \u00e0 l'immobilier de luxe. Notre agence est votre point de contact de confiance en Floride.\",\"breadcrumb\":{\"@id\":\"https:\\\/\\\/www.barnes-miami.com\\\/contact\\\/#breadcrumb\"},\"inLanguage\":\"pt-BR\",\"potentialAction\":[{\"@type\":\"ReadAction\",\"target\":[\"https:\\\/\\\/www.barnes-miami.com\\\/contact\\\/\"]}]},{\"@type\":\"ImageObject\",\"inLanguage\":\"pt-BR\",\"@id\":\"https:\\\/\\\/www.barnes-miami.com\\\/contact\\\/#primaryimage\",\"url\":\"https:\\\/\\\/www.barnes-miami.com\\\/wp-content\\\/uploads\\\/2025\\\/10\\\/BINYAN_RTG2446_BrickellAve_S033_EXT_Hummingbird3_FINAL_5k_Disclaimer.jpeg\",\"contentUrl\":\"https:\\\/\\\/www.barnes-miami.com\\\/wp-content\\\/uploads\\\/2025\\\/10\\\/BINYAN_RTG2446_BrickellAve_S033_EXT_Hummingbird3_FINAL_5k_Disclaimer.jpeg\",\"width\":1920,\"height\":1169},{\"@type\":\"BreadcrumbList\",\"@id\":\"https:\\\/\\\/www.barnes-miami.com\\\/contact\\\/#breadcrumb\",\"itemListElement\":[{\"@type\":\"ListItem\",\"position\":1,\"name\":\"Accueil\",\"item\":\"https:\\\/\\\/www.barnes-miami.com\\\/\"},{\"@type\":\"ListItem\",\"position\":2,\"name\":\"Contactez votre agence BARNES\"}]},{\"@type\":\"WebSite\",\"@id\":\"https:\\\/\\\/www.barnes-miami.com\\\/#website\",\"url\":\"https:\\\/\\\/www.barnes-miami.com\\\/\",\"name\":\"BARNES Miami\",\"description\":\"#1 International Real Estate Brokerage in South Florida\",\"publisher\":{\"@id\":\"https:\\\/\\\/www.barnes-miami.com\\\/#organization\"},\"potentialAction\":[{\"@type\":\"SearchAction\",\"target\":{\"@type\":\"EntryPoint\",\"urlTemplate\":\"https:\\\/\\\/www.barnes-miami.com\\\/?s={search_term_string}\"},\"query-input\":{\"@type\":\"PropertyValueSpecification\",\"valueRequired\":true,\"valueName\":\"search_term_string\"}}],\"inLanguage\":\"pt-BR\"},{\"@type\":\"Organization\",\"@id\":\"https:\\\/\\\/www.barnes-miami.com\\\/#organization\",\"name\":\"BARNES Miami\",\"url\":\"https:\\\/\\\/www.barnes-miami.com\\\/\",\"logo\":{\"@type\":\"ImageObject\",\"inLanguage\":\"pt-BR\",\"@id\":\"https:\\\/\\\/www.barnes-miami.com\\\/#\\\/schema\\\/logo\\\/image\\\/\",\"url\":\"https:\\\/\\\/www.barnes-miami.com\\\/wp-content\\\/uploads\\\/2026\\\/01\\\/logo-2.png\",\"contentUrl\":\"https:\\\/\\\/www.barnes-miami.com\\\/wp-content\\\/uploads\\\/2026\\\/01\\\/logo-2.png\",\"width\":1100,\"height\":1100,\"caption\":\"BARNES Miami\"},\"image\":{\"@id\":\"https:\\\/\\\/www.barnes-miami.com\\\/#\\\/schema\\\/logo\\\/image\\\/\"},\"sameAs\":[\"https:\\\/\\\/www.facebook.com\\\/barnesinternationalmiami\\\/\",\"https:\\\/\\\/x.com\\\/barnesmiami\",\"https:\\\/\\\/www.instagram.com\\\/barnesmiami\\\/\",\"https:\\\/\\\/www.linkedin.com\\\/company\\\/barnes-international-miami\\\/\",\"https:\\\/\\\/www.youtube.com\\\/user\\\/BarnesImmoMiami\\\/\"]}]}<\/script>\n<!-- \/ Yoast SEO plugin. -->","yoast_head_json":{"title":"Contato | Im\u00f3veis de prest\u00edgio | BARNES Miami","description":"BARNES Miami oferece seus servi\u00e7os relacionados ao setor imobili\u00e1rio de luxo. Nossa ag\u00eancia \u00e9 seu ponto de contato confi\u00e1vel na Fl\u00f3rida.","robots":{"index":"index","follow":"follow","max-snippet":"max-snippet:-1","max-image-preview":"max-image-preview:large","max-video-preview":"max-video-preview:-1"},"canonical":"https:\/\/www.barnes-miami.com\/pt\/contato\/","og_locale":"pt_BR","og_type":"article","og_title":"Contact | Immobilier de prestige | BARNES Miami","og_description":"BARNES Miami vous propose ses services li\u00e9s \u00e0 l'immobilier de luxe. Notre agence est votre point de contact de confiance en Floride.","og_url":"https:\/\/www.barnes-miami.com\/pt\/contato\/","og_site_name":"BARNES Miami","article_publisher":"https:\/\/www.facebook.com\/barnesinternationalmiami\/","article_modified_time":"2025-12-18T19:19:31+00:00","og_image":[{"width":1920,"height":1169,"url":"https:\/\/www.barnes-miami.com\/wp-content\/uploads\/2025\/10\/BINYAN_RTG2446_BrickellAve_S033_EXT_Hummingbird3_FINAL_5k_Disclaimer.jpeg","type":"image\/jpeg"}],"twitter_card":"summary_large_image","twitter_site":"@barnesmiami","twitter_misc":{"Est. tempo de leitura":"1 minuto"},"schema":{"@context":"https:\/\/schema.org","@graph":[{"@type":"WebPage","@id":"https:\/\/www.barnes-miami.com\/contact\/","url":"https:\/\/www.barnes-miami.com\/contact\/","name":"Contato | Im\u00f3veis de prest\u00edgio | BARNES Miami","isPartOf":{"@id":"https:\/\/www.barnes-miami.com\/#website"},"primaryImageOfPage":{"@id":"https:\/\/www.barnes-miami.com\/contact\/#primaryimage"},"image":{"@id":"https:\/\/www.barnes-miami.com\/contact\/#primaryimage"},"thumbnailUrl":"https:\/\/www.barnes-miami.com\/wp-content\/uploads\/2025\/10\/BINYAN_RTG2446_BrickellAve_S033_EXT_Hummingbird3_FINAL_5k_Disclaimer.jpeg","datePublished":"2018-01-18T15:32:51+00:00","dateModified":"2025-12-18T19:19:31+00:00","description":"BARNES Miami oferece seus servi\u00e7os relacionados ao setor imobili\u00e1rio de luxo. Nossa ag\u00eancia \u00e9 seu ponto de contato confi\u00e1vel na Fl\u00f3rida.","breadcrumb":{"@id":"https:\/\/www.barnes-miami.com\/contact\/#breadcrumb"},"inLanguage":"pt-BR","potentialAction":[{"@type":"ReadAction","target":["https:\/\/www.barnes-miami.com\/contact\/"]}]},{"@type":"ImageObject","inLanguage":"pt-BR","@id":"https:\/\/www.barnes-miami.com\/contact\/#primaryimage","url":"https:\/\/www.barnes-miami.com\/wp-content\/uploads\/2025\/10\/BINYAN_RTG2446_BrickellAve_S033_EXT_Hummingbird3_FINAL_5k_Disclaimer.jpeg","contentUrl":"https:\/\/www.barnes-miami.com\/wp-content\/uploads\/2025\/10\/BINYAN_RTG2446_BrickellAve_S033_EXT_Hummingbird3_FINAL_5k_Disclaimer.jpeg","width":1920,"height":1169},{"@type":"BreadcrumbList","@id":"https:\/\/www.barnes-miami.com\/contact\/#breadcrumb","itemListElement":[{"@type":"ListItem","position":1,"name":"Accueil","item":"https:\/\/www.barnes-miami.com\/"},{"@type":"ListItem","position":2,"name":"Contactez votre agence BARNES"}]},{"@type":"WebSite","@id":"https:\/\/www.barnes-miami.com\/#website","url":"https:\/\/www.barnes-miami.com\/","name":"BARNES Miami","description":"#1 Corretora Imobili\u00e1ria Internacional no Sul da Fl\u00f3rida","publisher":{"@id":"https:\/\/www.barnes-miami.com\/#organization"},"potentialAction":[{"@type":"SearchAction","target":{"@type":"EntryPoint","urlTemplate":"https:\/\/www.barnes-miami.com\/?s={search_term_string}"},"query-input":{"@type":"PropertyValueSpecification","valueRequired":true,"valueName":"search_term_string"}}],"inLanguage":"pt-BR"},{"@type":"Organization","@id":"https:\/\/www.barnes-miami.com\/#organization","name":"BARNES Miami","url":"https:\/\/www.barnes-miami.com\/","logo":{"@type":"ImageObject","inLanguage":"pt-BR","@id":"https:\/\/www.barnes-miami.com\/#\/schema\/logo\/image\/","url":"https:\/\/www.barnes-miami.com\/wp-content\/uploads\/2026\/01\/logo-2.png","contentUrl":"https:\/\/www.barnes-miami.com\/wp-content\/uploads\/2026\/01\/logo-2.png","width":1100,"height":1100,"caption":"BARNES Miami"},"image":{"@id":"https:\/\/www.barnes-miami.com\/#\/schema\/logo\/image\/"},"sameAs":["https:\/\/www.facebook.com\/barnesinternationalmiami\/","https:\/\/x.com\/barnesmiami","https:\/\/www.instagram.com\/barnesmiami\/","https:\/\/www.linkedin.com\/company\/barnes-international-miami\/","https:\/\/www.youtube.com\/user\/BarnesImmoMiami\/"]}]}},"_links":{"self":[{"href":"https:\/\/www.barnes-miami.com\/pt\/wp-json\/wp\/v2\/pages\/14","targetHints":{"allow":["GET"]}}],"collection":[{"href":"https:\/\/www.barnes-miami.com\/pt\/wp-json\/wp\/v2\/pages"}],"about":[{"href":"https:\/\/www.barnes-miami.com\/pt\/wp-json\/wp\/v2\/types\/page"}],"author":[{"embeddable":true,"href":"https:\/\/www.barnes-miami.com\/pt\/wp-json\/wp\/v2\/users\/2"}],"replies":[{"embeddable":true,"href":"https:\/\/www.barnes-miami.com\/pt\/wp-json\/wp\/v2\/comments?post=14"}],"version-history":[{"count":47,"href":"https:\/\/www.barnes-miami.com\/pt\/wp-json\/wp\/v2\/pages\/14\/revisions"}],"predecessor-version":[{"id":30988,"href":"https:\/\/www.barnes-miami.com\/pt\/wp-json\/wp\/v2\/pages\/14\/revisions\/30988"}],"wp:featuredmedia":[{"embeddable":true,"href":"https:\/\/www.barnes-miami.com\/pt\/wp-json\/wp\/v2\/media\/30353"}],"wp:attachment":[{"href":"https:\/\/www.barnes-miami.com\/pt\/wp-json\/wp\/v2\/media?parent=14"}],"curies":[{"name":"wp","href":"https:\/\/api.w.org\/{rel}","templated":true}]}}