{"id":17110,"date":"2018-06-07T16:54:14","date_gmt":"2018-06-07T16:54:14","guid":{"rendered":"https:\/\/www.barnes-miami.com\/?page_id=17110"},"modified":"2018-06-07T16:54:14","modified_gmt":"2018-06-07T16:54:14","slug":"rede-2","status":"publish","type":"page","link":"https:\/\/www.barnes-miami.com\/pt\/networking-2\/","title":{"rendered":"Vinculando"},"content":{"rendered":"<h1 style=\"text-align: justify;\"><b>Nossa rede de agentes imobili\u00e1rios em Miami e em todo o mundo\u00a0<\/b><\/h1>\n<p style=\"text-align: justify;\"><span style=\"font-weight: 400;\">Para satisfazer as necessidades dos nossos clientes e apoi\u00e1-lo no seu projecto de compra ou venda no estrangeiro, as equipas dos nossos escrit\u00f3rios s\u00e3o constitu\u00eddas por<a href=\"https:\/\/www.barnes-miami.com\/pt\/notre-equipe\/\">corretores imobili\u00e1rios especializados<\/a> em propriedades luxuosas e excepcionais. Se voc\u00ea deseja investir ou morar na Fl\u00f3rida, nossa imobili\u00e1ria localizada em Miami pode te ajudar na busca por um apartamento ou casa. Dependendo das suas necessidades, podemos coloc\u00e1-lo em contato com um especialista que poder\u00e1 aconselh\u00e1-lo e encontrar a solu\u00e7\u00e3o certa <a href=\"https:\/\/www.barnes-miami.com\/pt\/nos-biens\/\">bem dos seus sonhos<\/a>. Da mesma forma, se o seu projeto diz respeito a outra cidade, como Paris, Nova Iorque, Genebra ou Saint-Barth, podemos encaminh\u00e1-lo para um dos nossos especialistas nestes destinos. <\/span><\/p>\n<h2 style=\"text-align: justify;\"><b>Nossa for\u00e7a: presen\u00e7a internacional em muitas cidades<\/b><\/h2>\n<p style=\"text-align: justify;\"><span style=\"font-weight: 400;\">Nossa imobili\u00e1ria est\u00e1 estabelecida em Miami, na costa sudeste dos Estados Unidos, h\u00e1 mais de quinze anos. Conhecemos, portanto, muito bem o mercado, os bairros e as comunidades da cidade. Mas n\u00e3o \u00e9 a nossa \u00fanica antena. Ao longo dos anos, nossa rede cresceu e hoje contamos com v\u00e1rios escrit\u00f3rios em <a href=\"https:\/\/www.barnes-international.com\">Fran\u00e7a<\/a> (Paris, Deauville, Biarritz, Cannes e Courchevel) e internacionalmente (Genebra, Londres, Nova Iorque). Tamb\u00e9m temos correspondentes e agentes imobili\u00e1rios na R\u00fassia ou na \u00c1sia. Portanto, seja qual for o seu projeto, podemos oferecer-lhe uma solu\u00e7\u00e3o personalizada.<\/span><\/p>\n<h2 style=\"text-align: justify;\"><b>Especialistas ao seu servi\u00e7o para o seu investimento\u00a0<\/b><\/h2>\n<p style=\"text-align: justify;\"><span style=\"font-weight: 400;\">Como especialistas em im\u00f3veis de luxo em Miami, nossos agentes s\u00e3o competentes para cuidar da venda, administra\u00e7\u00e3o, aluguel de um im\u00f3vel e tamb\u00e9m da busca por uma casa, apartamento ou villa como parte de uma compra. Voc\u00ea pode entrar em contato conosco antes ou depois de sua chegada \u00e0 Fl\u00f3rida. Al\u00e9m disso, se desejar ser contactado pelas nossas outras ag\u00eancias imobili\u00e1rias internacionais ou pelos nossos correspondentes, basta contactar-nos. Ap\u00f3s analisar seu arquivo, iremos direcion\u00e1-lo para o contato certo. Assim, poder\u00e1 ser assessorado por um verdadeiro especialista que conhece perfeitamente o seu setor de atividade e que selecionar\u00e1 para voc\u00ea im\u00f3veis de prest\u00edgio nos Estados Unidos ou em outros pa\u00edses do mundo.<br \/>\n<\/span><\/p>\n<p><a href=\"https:\/\/www.barnes-miami.com\/pt\/contato\/\">Contate-nos<\/a> !<\/p>","protected":false},"excerpt":{"rendered":"<p>Notre r\u00e9seau d\u2019agents immobiliers \u00e0 Miami et partout dans le monde\u00a0 Afin de r\u00e9pondre aux exigences de nos clients et vous accompagner dans votre projet d\u2019achat ou de vente \u00e0 l\u2019\u00e9tranger, les \u00e9quipes de nos bureaux sont compos\u00e9s d\u2019agents immobiliers sp\u00e9cialis\u00e9s dans les propri\u00e9t\u00e9s de luxe et d\u2019exception. Si vous souhaitez investir ou vivre en [&hellip;]<\/p>\n","protected":false},"author":2,"featured_media":17111,"parent":0,"menu_order":0,"comment_status":"closed","ping_status":"closed","template":"","meta":{"inline_featured_image":false,"footnotes":""},"class_list":["post-17110","page","type-page","status-publish","has-post-thumbnail","hentry"],"yoast_head":"<!-- This site is optimized with the Yoast SEO plugin v27.4 - https:\/\/yoast.com\/product\/yoast-seo-wordpress\/ -->\n<title>International | Immobilier de prestige | BARNES MIAMI<\/title>\n<meta name=\"description\" content=\"Notre r\u00e9seau d\u2019agents immobiliers \u00e0 Miami et partout dans le monde. Contactez-nous !\" \/>\n<meta name=\"robots\" content=\"index, follow, max-snippet:-1, max-image-preview:large, max-video-preview:-1\" \/>\n<link rel=\"canonical\" href=\"https:\/\/www.barnes-miami.com\/pt\/rede-2\/\" \/>\n<meta property=\"og:locale\" content=\"pt_BR\" \/>\n<meta property=\"og:type\" content=\"article\" \/>\n<meta property=\"og:title\" content=\"International | Immobilier de prestige | BARNES MIAMI\" \/>\n<meta property=\"og:description\" content=\"Notre r\u00e9seau d\u2019agents immobiliers \u00e0 Miami et partout dans le monde. Contactez-nous !\" \/>\n<meta property=\"og:url\" content=\"https:\/\/www.barnes-miami.com\/pt\/rede-2\/\" \/>\n<meta property=\"og:site_name\" content=\"BARNES Miami\" \/>\n<meta property=\"article:publisher\" content=\"https:\/\/www.facebook.com\/barnesinternationalmiami\/\" \/>\n<meta property=\"og:image\" content=\"https:\/\/www.barnes-miami.com\/wp-content\/uploads\/2018\/06\/networking.jpg\" \/>\n\t<meta property=\"og:image:width\" content=\"1235\" \/>\n\t<meta property=\"og:image:height\" content=\"403\" \/>\n\t<meta property=\"og:image:type\" content=\"image\/jpeg\" \/>\n<meta name=\"twitter:card\" content=\"summary_large_image\" \/>\n<meta name=\"twitter:site\" content=\"@barnesmiami\" \/>\n<meta name=\"twitter:label1\" content=\"Est. tempo de leitura\" \/>\n\t<meta name=\"twitter:data1\" content=\"2 minutos\" \/>\n<script type=\"application\/ld+json\" class=\"yoast-schema-graph\">{\"@context\":\"https:\\\/\\\/schema.org\",\"@graph\":[{\"@type\":\"WebPage\",\"@id\":\"https:\\\/\\\/www.barnes-miami.com\\\/networking-2\\\/\",\"url\":\"https:\\\/\\\/www.barnes-miami.com\\\/networking-2\\\/\",\"name\":\"International | Immobilier de prestige | BARNES MIAMI\",\"isPartOf\":{\"@id\":\"https:\\\/\\\/www.barnes-miami.com\\\/#website\"},\"primaryImageOfPage\":{\"@id\":\"https:\\\/\\\/www.barnes-miami.com\\\/networking-2\\\/#primaryimage\"},\"image\":{\"@id\":\"https:\\\/\\\/www.barnes-miami.com\\\/networking-2\\\/#primaryimage\"},\"thumbnailUrl\":\"https:\\\/\\\/www.barnes-miami.com\\\/wp-content\\\/uploads\\\/2018\\\/06\\\/networking.jpg\",\"datePublished\":\"2018-06-07T16:54:14+00:00\",\"description\":\"Notre r\u00e9seau d\u2019agents immobiliers \u00e0 Miami et partout dans le monde. Contactez-nous !\",\"breadcrumb\":{\"@id\":\"https:\\\/\\\/www.barnes-miami.com\\\/networking-2\\\/#breadcrumb\"},\"inLanguage\":\"pt-BR\",\"potentialAction\":[{\"@type\":\"ReadAction\",\"target\":[\"https:\\\/\\\/www.barnes-miami.com\\\/networking-2\\\/\"]}]},{\"@type\":\"ImageObject\",\"inLanguage\":\"pt-BR\",\"@id\":\"https:\\\/\\\/www.barnes-miami.com\\\/networking-2\\\/#primaryimage\",\"url\":\"https:\\\/\\\/www.barnes-miami.com\\\/wp-content\\\/uploads\\\/2018\\\/06\\\/networking.jpg\",\"contentUrl\":\"https:\\\/\\\/www.barnes-miami.com\\\/wp-content\\\/uploads\\\/2018\\\/06\\\/networking.jpg\",\"width\":1235,\"height\":403},{\"@type\":\"BreadcrumbList\",\"@id\":\"https:\\\/\\\/www.barnes-miami.com\\\/networking-2\\\/#breadcrumb\",\"itemListElement\":[{\"@type\":\"ListItem\",\"position\":1,\"name\":\"Accueil\",\"item\":\"https:\\\/\\\/www.barnes-miami.com\\\/\"},{\"@type\":\"ListItem\",\"position\":2,\"name\":\"Mise en relation\"}]},{\"@type\":\"WebSite\",\"@id\":\"https:\\\/\\\/www.barnes-miami.com\\\/#website\",\"url\":\"https:\\\/\\\/www.barnes-miami.com\\\/\",\"name\":\"BARNES Miami\",\"description\":\"#1 International Real Estate Brokerage in South Florida\",\"publisher\":{\"@id\":\"https:\\\/\\\/www.barnes-miami.com\\\/#organization\"},\"potentialAction\":[{\"@type\":\"SearchAction\",\"target\":{\"@type\":\"EntryPoint\",\"urlTemplate\":\"https:\\\/\\\/www.barnes-miami.com\\\/?s={search_term_string}\"},\"query-input\":{\"@type\":\"PropertyValueSpecification\",\"valueRequired\":true,\"valueName\":\"search_term_string\"}}],\"inLanguage\":\"pt-BR\"},{\"@type\":\"Organization\",\"@id\":\"https:\\\/\\\/www.barnes-miami.com\\\/#organization\",\"name\":\"BARNES Miami\",\"url\":\"https:\\\/\\\/www.barnes-miami.com\\\/\",\"logo\":{\"@type\":\"ImageObject\",\"inLanguage\":\"pt-BR\",\"@id\":\"https:\\\/\\\/www.barnes-miami.com\\\/#\\\/schema\\\/logo\\\/image\\\/\",\"url\":\"https:\\\/\\\/www.barnes-miami.com\\\/wp-content\\\/uploads\\\/2026\\\/01\\\/logo-2.png\",\"contentUrl\":\"https:\\\/\\\/www.barnes-miami.com\\\/wp-content\\\/uploads\\\/2026\\\/01\\\/logo-2.png\",\"width\":1100,\"height\":1100,\"caption\":\"BARNES Miami\"},\"image\":{\"@id\":\"https:\\\/\\\/www.barnes-miami.com\\\/#\\\/schema\\\/logo\\\/image\\\/\"},\"sameAs\":[\"https:\\\/\\\/www.facebook.com\\\/barnesinternationalmiami\\\/\",\"https:\\\/\\\/x.com\\\/barnesmiami\",\"https:\\\/\\\/www.instagram.com\\\/barnesmiami\\\/\",\"https:\\\/\\\/www.linkedin.com\\\/company\\\/barnes-international-miami\\\/\",\"https:\\\/\\\/www.youtube.com\\\/user\\\/BarnesImmoMiami\\\/\"]}]}<\/script>\n<!-- \/ Yoast SEO plugin. -->","yoast_head_json":{"title":"Internacional | Im\u00f3veis de prest\u00edgio | BARNES MIAMI","description":"Nossa rede de agentes imobili\u00e1rios em Miami e em todo o mundo. Contate-nos!","robots":{"index":"index","follow":"follow","max-snippet":"max-snippet:-1","max-image-preview":"max-image-preview:large","max-video-preview":"max-video-preview:-1"},"canonical":"https:\/\/www.barnes-miami.com\/pt\/rede-2\/","og_locale":"pt_BR","og_type":"article","og_title":"International | Immobilier de prestige | BARNES MIAMI","og_description":"Notre r\u00e9seau d\u2019agents immobiliers \u00e0 Miami et partout dans le monde. Contactez-nous !","og_url":"https:\/\/www.barnes-miami.com\/pt\/rede-2\/","og_site_name":"BARNES Miami","article_publisher":"https:\/\/www.facebook.com\/barnesinternationalmiami\/","og_image":[{"width":1235,"height":403,"url":"https:\/\/www.barnes-miami.com\/wp-content\/uploads\/2018\/06\/networking.jpg","type":"image\/jpeg"}],"twitter_card":"summary_large_image","twitter_site":"@barnesmiami","twitter_misc":{"Est. tempo de leitura":"2 minutos"},"schema":{"@context":"https:\/\/schema.org","@graph":[{"@type":"WebPage","@id":"https:\/\/www.barnes-miami.com\/networking-2\/","url":"https:\/\/www.barnes-miami.com\/networking-2\/","name":"Internacional | Im\u00f3veis de prest\u00edgio | BARNES MIAMI","isPartOf":{"@id":"https:\/\/www.barnes-miami.com\/#website"},"primaryImageOfPage":{"@id":"https:\/\/www.barnes-miami.com\/networking-2\/#primaryimage"},"image":{"@id":"https:\/\/www.barnes-miami.com\/networking-2\/#primaryimage"},"thumbnailUrl":"https:\/\/www.barnes-miami.com\/wp-content\/uploads\/2018\/06\/networking.jpg","datePublished":"2018-06-07T16:54:14+00:00","description":"Nossa rede de agentes imobili\u00e1rios em Miami e em todo o mundo. Contate-nos!","breadcrumb":{"@id":"https:\/\/www.barnes-miami.com\/networking-2\/#breadcrumb"},"inLanguage":"pt-BR","potentialAction":[{"@type":"ReadAction","target":["https:\/\/www.barnes-miami.com\/networking-2\/"]}]},{"@type":"ImageObject","inLanguage":"pt-BR","@id":"https:\/\/www.barnes-miami.com\/networking-2\/#primaryimage","url":"https:\/\/www.barnes-miami.com\/wp-content\/uploads\/2018\/06\/networking.jpg","contentUrl":"https:\/\/www.barnes-miami.com\/wp-content\/uploads\/2018\/06\/networking.jpg","width":1235,"height":403},{"@type":"BreadcrumbList","@id":"https:\/\/www.barnes-miami.com\/networking-2\/#breadcrumb","itemListElement":[{"@type":"ListItem","position":1,"name":"Accueil","item":"https:\/\/www.barnes-miami.com\/"},{"@type":"ListItem","position":2,"name":"Mise en relation"}]},{"@type":"WebSite","@id":"https:\/\/www.barnes-miami.com\/#website","url":"https:\/\/www.barnes-miami.com\/","name":"BARNES Miami","description":"#1 Corretora Imobili\u00e1ria Internacional no Sul da Fl\u00f3rida","publisher":{"@id":"https:\/\/www.barnes-miami.com\/#organization"},"potentialAction":[{"@type":"SearchAction","target":{"@type":"EntryPoint","urlTemplate":"https:\/\/www.barnes-miami.com\/?s={search_term_string}"},"query-input":{"@type":"PropertyValueSpecification","valueRequired":true,"valueName":"search_term_string"}}],"inLanguage":"pt-BR"},{"@type":"Organization","@id":"https:\/\/www.barnes-miami.com\/#organization","name":"BARNES Miami","url":"https:\/\/www.barnes-miami.com\/","logo":{"@type":"ImageObject","inLanguage":"pt-BR","@id":"https:\/\/www.barnes-miami.com\/#\/schema\/logo\/image\/","url":"https:\/\/www.barnes-miami.com\/wp-content\/uploads\/2026\/01\/logo-2.png","contentUrl":"https:\/\/www.barnes-miami.com\/wp-content\/uploads\/2026\/01\/logo-2.png","width":1100,"height":1100,"caption":"BARNES Miami"},"image":{"@id":"https:\/\/www.barnes-miami.com\/#\/schema\/logo\/image\/"},"sameAs":["https:\/\/www.facebook.com\/barnesinternationalmiami\/","https:\/\/x.com\/barnesmiami","https:\/\/www.instagram.com\/barnesmiami\/","https:\/\/www.linkedin.com\/company\/barnes-international-miami\/","https:\/\/www.youtube.com\/user\/BarnesImmoMiami\/"]}]}},"_links":{"self":[{"href":"https:\/\/www.barnes-miami.com\/pt\/wp-json\/wp\/v2\/pages\/17110","targetHints":{"allow":["GET"]}}],"collection":[{"href":"https:\/\/www.barnes-miami.com\/pt\/wp-json\/wp\/v2\/pages"}],"about":[{"href":"https:\/\/www.barnes-miami.com\/pt\/wp-json\/wp\/v2\/types\/page"}],"author":[{"embeddable":true,"href":"https:\/\/www.barnes-miami.com\/pt\/wp-json\/wp\/v2\/users\/2"}],"replies":[{"embeddable":true,"href":"https:\/\/www.barnes-miami.com\/pt\/wp-json\/wp\/v2\/comments?post=17110"}],"version-history":[{"count":0,"href":"https:\/\/www.barnes-miami.com\/pt\/wp-json\/wp\/v2\/pages\/17110\/revisions"}],"wp:featuredmedia":[{"embeddable":true,"href":"https:\/\/www.barnes-miami.com\/pt\/wp-json\/wp\/v2\/media\/17111"}],"wp:attachment":[{"href":"https:\/\/www.barnes-miami.com\/pt\/wp-json\/wp\/v2\/media?parent=17110"}],"curies":[{"name":"wp","href":"https:\/\/api.w.org\/{rel}","templated":true}]}}