{"id":22407,"date":"2019-04-24T20:46:52","date_gmt":"2019-04-25T01:46:52","guid":{"rendered":"https:\/\/www.barnes-miami.com\/?p=22407"},"modified":"2019-11-15T08:18:31","modified_gmt":"2019-11-15T13:18:31","slug":"investindo-em-imoveis-em-miami-florida","status":"publish","type":"page","link":"https:\/\/www.barnes-miami.com\/pt\/investir-dans-limmobilier-a-miami-floride\/","title":{"rendered":"Investir em im\u00f3veis em Miami, Fl\u00f3rida"},"content":{"rendered":"<p><\/p>\n\n\n\n<p><\/p>\n\n\n\n<p><a href=\"https:\/\/www.barnes-miami.com\/pt\/comment-miami-se-reinvente\/\">Miami<\/a>, uma verdadeira encruzilhada das Am\u00e9ricas e um destino popular pelo seu dinamismo e clima, est\u00e1 a atrair um interesse crescente.\u00a0<br>Os investidores que recorrem\u00a0<a rel=\"noreferrer noopener\" aria-label=\" (abre em uma nova aba)\" href=\"https:\/\/www.barnes-miami.com\/pt\/comment-financer-son-achat-a-miami-et-en-floride\/\" target=\"_blank\">investimento imobili\u00e1rio<\/a>  tem\u00a0<a rel=\"noreferrer noopener\" aria-label=\" (abre em uma nova aba)\" href=\"https:\/\/www.barnes-miami.com\/pt\/comment-miami-se-reinvente\/\" target=\"_blank\">Miami<\/a>  promover o crescimento econ\u00f4mico da metr\u00f3pole da Fl\u00f3rida, seu lugar \u00fanico no cen\u00e1rio nacional e internacional, um mercado de trabalho favor\u00e1vel que atrai cada vez mais empresas e jovens executivos.\u00a0\u00a0<\/p>\n\n\n\n<h2 class=\"wp-block-heading\"><strong>Investir em im\u00f3veis em Miami: acesso a um mercado ainda acess\u00edvel e favor\u00e1vel aos compradores\u00a0<\/strong><\/h2>\n\n\n\n<p><a rel=\"noreferrer noopener\" aria-label=\" (abre em uma nova aba)\" href=\"https:\/\/www.barnes-miami.com\/pt\/comment-miami-se-reinvente\/\" target=\"_blank\">Miami<\/a>  oferece a possibilidade de realizar\u00a0<a href=\"https:\/\/www.barnes-miami.com\/pt\/comment-financer-son-achat-a-miami-et-en-floride\/\">eu<\/a><a rel=\"noreferrer noopener\" aria-label=\"ninvestmentslong (abre em uma nova guia)\" href=\"https:\/\/www.barnes-miami.com\/pt\/comment-financer-son-achat-a-miami-et-en-floride\/\" target=\"_blank\">ninvestimentos<\/a> longo prazo, tanto em im\u00f3veis residenciais como em investimentos comerciais. Um dos aspectos que atrai os investidores \u00e9 a rapidez com que s\u00e3o alugados os produtos certos, ao pre\u00e7o certo, sobretudo nos centros das cidades. A demanda por aluguel \u00e9 forte e os per\u00edodos de f\u00e9rias s\u00e3o limitados. Observe tamb\u00e9m a vantagem de ser propriet\u00e1rio na Fl\u00f3rida: um mercado onde um inquilino que n\u00e3o paga \u00e9 despejado em um m\u00eas, onde os contratos de aluguel de um ano permitem que os alugu\u00e9is sejam revisados de acordo com a evolu\u00e7\u00e3o do mercado, e onde as receitas de aluguel podem ser amortizadas. para limitar a tributa\u00e7\u00e3o se o propriet\u00e1rio tiver formado uma empresa do tipo SCI de responsabilidade limitada (uma LLC).\u00a0<\/p>\n\n\n\n<p><br>Assim, eu<a href=\"https:\/\/www.barnes-miami.com\/pt\/achat-a-miami\/\" target=\"_blank\" rel=\"noreferrer noopener\" aria-label=\" (abre em uma nova aba)\">ninvestir em Miami<\/a>, significa posicionar-se em uma cidade agrad\u00e1vel e muito internacional, que se move rapidamente, que oferece grandes perspectivas, ao mesmo tempo que se beneficia do clima fiscal vantajoso da Fl\u00f3rida.\u00a0<\/p>\n\n\n\n<h2 class=\"wp-block-heading\"><strong>Investir em im\u00f3veis em Miami: Qual bairro escolher?<\/strong><\/h2>\n\n\n\n<p>A diversidade de Miami n\u00e3o \u00e9 segredo. O investimento imobili\u00e1rio ser\u00e1, portanto, t\u00e3o variado quanto os bairros da cidade.&nbsp;<\/p>\n\n\n\n<p>Num mercado onde a oferta \u00e9 hoje muito ampla, e os lojistas t\u00eam muita escolha, se procuramos rentabilidade devemos apostar num \u201caluguel premium\u201d portanto um bairro que tem raz\u00f5es para ser essencial, com um ou mais ingredientes \u00fanicos : uma vista deslumbrante, uma Penthouse (\u00faltimo andar), servi\u00e7os e seguran\u00e7a 24 horas, acessos a p\u00e9 (praia, centro comercial, centro urbano etc.) sem esquecer taxas tudo inclu\u00eddo gerido, uma co-propriedade bem gerida.&nbsp;<\/p>\n\n\n\n<p>Por exemplo, os investimentos em arrendamento de uma casa ou apartamento familiar devem estar localizados num bairro onde o mapa escolar internacional ou a oferta escolar atraiam muitos clientes como\u00a0<a rel=\"noreferrer noopener\" aria-label=\" (abre em uma nova aba)\" href=\"https:\/\/www.barnes-miami.com\/pt\/coconut-grove\/\" target=\"_blank\">Coqueiral<\/a>,\u00a0<a href=\"https:\/\/www.barnes-miami.com\/pt\/coral-gables\/\">Coral Gables<\/a>,\u00a0<a href=\"https:\/\/www.barnes-miami.com\/pt\/key-biscayne\/\" target=\"_blank\" rel=\"noreferrer noopener\" aria-label=\" (abre em uma nova aba)\">Key Biscayne<\/a>, Surfside\u2026 s\u00f3 para citar alguns.<\/p>\n\n\n\n<p>O  <a rel=\"noreferrer noopener\" aria-label=\" (abre em uma nova aba)\" href=\"https:\/\/www.barnes-miami.com\/pt\/comment-financer-son-achat-a-miami-et-en-floride\/\" target=\"_blank\">investimentos imobili\u00e1rios<\/a>  de Miami que podem oferecer bons retornos em aluguel por temporada est\u00e3o limitados a pr\u00e9dios e bairros onde est\u00e1 oficialmente autorizado como\u00a0<a rel=\"noreferrer noopener\" aria-label=\" (abre em uma nova aba)\" href=\"https:\/\/www.barnes-miami.com\/pt\/predio\/mondrian-south-beach-2\/#!for-sale\" target=\"_blank\">o Mondriano<\/a>, Dissocia\u00e7\u00e3o,\u00a0<a href=\"https:\/\/www.barnes-miami.com\/pt\/predio\/setai-residences-2\/#!for-sale\">Setai<\/a>,<a rel=\"noreferrer noopener\" aria-label=\"W (abre em uma nova guia)\" href=\"https:\/\/www.barnes-miami.com\/pt\/predio\/w-south-beach-2\/#!for-sale\" target=\"_blank\">C<\/a>, Um hotel,\u00a0<a rel=\"noreferrer noopener\" aria-label=\" (abre em uma nova aba)\" href=\"https:\/\/www.barnes-miami.com\/pt\/predio\/6080-collins-2\/#!for-sale\" target=\"_blank\">Collins<\/a>  em Miami Beach; Hotel Motim e Aria em Coconut Grove; Hyde em Midtown Miami, Icon III em Brickell\u2026 Novos projetos \u00e0 venda fora do plano, como o Yotel no centro de Miami, oferecem excelente rentabilidade garantida, a pre\u00e7os de compra muito razo\u00e1veis, para atender \u00e0 forte demanda tur\u00edstica ligada principalmente aos cruzeiros. Foram concebidos para serem oferecidos de forma muito oficial em alugueres sazonais, num quadro de gest\u00e3o hoteleira onde o operador, que desenvolve uma marca de moda e j\u00e1 comprovada, cuida de tudo.<\/p>\n\n\n\n<div class=\"wp-block-image\"><figure class=\"aligncenter\"><img loading=\"lazy\" decoding=\"async\" width=\"1024\" height=\"577\" src=\"https:\/\/www.barnes-miami.com\/wp-content\/uploads\/2019\/04\/xw-100-1024x577.jpg\" alt=\"investir-miami\" class=\"wp-image-22410\" srcset=\"https:\/\/www.barnes-miami.com\/wp-content\/uploads\/2019\/04\/xw-100-1024x577.jpg 1024w, https:\/\/www.barnes-miami.com\/wp-content\/uploads\/2019\/04\/xw-100-300x169.jpg 300w, https:\/\/www.barnes-miami.com\/wp-content\/uploads\/2019\/04\/xw-100-768x433.jpg 768w, https:\/\/www.barnes-miami.com\/wp-content\/uploads\/2019\/04\/xw-100-1568x883.jpg 1568w, https:\/\/www.barnes-miami.com\/wp-content\/uploads\/2019\/04\/xw-100.jpg 1924w\" sizes=\"auto, (max-width: 1024px) 100vw, 1024px\" \/><\/figure><\/div>\n\n\n\n<p>As recentes constru\u00e7\u00f5es de\u00a0<a rel=\"noreferrer noopener\" aria-label=\" (abre em uma nova aba)\" href=\"https:\/\/www.barnes-miami.com\/pt\/brickell\/\" target=\"_blank\">Brickell<\/a>,\u00a0<a href=\"https:\/\/www.barnes-miami.com\/pt\/edgewater\/\">Edgewater<\/a>,\u00a0<a rel=\"noreferrer noopener\" aria-label=\" (abre em uma nova aba)\" href=\"https:\/\/www.barnes-miami.com\/pt\/centro-da-cidade\/\" target=\"_blank\">Centro de Miami<\/a>, e at\u00e9 mesmo alguns bairros residenciais movimentados com\u00a0<a href=\"https:\/\/www.barnes-miami.com\/pt\/miami-beach\/\">praia do Sul<\/a> como Avenida Oeste ou\u00a0<a rel=\"noreferrer noopener\" aria-label=\" (abre em uma nova aba)\" href=\"https:\/\/communitynewspapers.com\/miami-beach\/sunset-harbour-the-ultimate-locals-guide-map\/\" target=\"_blank\">Porto do P\u00f4r do Sol<\/a> atraem muitos inquilinos executivos e executivos que trabalham no centro da cidade e se preocupam com uma qualidade de vida excepcional (praia e\/ou esporte, entretenimento pr\u00f3ximo).<\/p>\n\n\n\n<p><br>Compra fora do plano para novos empreendimentos no centro da cidade, casa paradis\u00edaca em\u00a0<a rel=\"noreferrer noopener\" aria-label=\" (abre em uma nova aba)\" href=\"https:\/\/www.barnes-miami.com\/pt\/coconut-grove\/\" target=\"_blank\">Coqueiral<\/a> Ou\u00a0<a rel=\"noreferrer noopener\" aria-label=\" (abre em uma nova aba)\" href=\"https:\/\/www.barnes-miami.com\/pt\/coral-gables\/\" target=\"_blank\">Coral Gables<\/a>, condo-hotel art d\u00e9co em Miami Beach, ou at\u00e9 villas aqu\u00e1ticas, a escolha \u00e9 sua\u00a0<a rel=\"noreferrer noopener\" aria-label=\" (abre em uma nova aba)\" href=\"https:\/\/www.barnes-miami.com\/pt\/notre-equipe\/\" target=\"_blank\">as equipes da Barnes International<\/a>  ter um conhecimento de campo incompar\u00e1vel que lhe permitir\u00e1 ter em m\u00e3os todos os ingredientes para a decis\u00e3o final. Para todas as quest\u00f5es relacionadas com um projeto imobili\u00e1rio  <a rel=\"noreferrer noopener\" aria-label=\" (abre em uma nova aba)\" href=\"https:\/\/www.barnes-miami.com\/pt\/contato\/\" target=\"_blank\">Contate-nos<\/a>. Nossos especialistas orientar\u00e3o voc\u00ea a investir em Miami nas melhores condi\u00e7\u00f5es!\u00a0<\/p>\n\n\n\n<p><\/p>","protected":false},"excerpt":{"rendered":"<p>Miami, v\u00e9ritable carrefour des Am\u00e9riques et destination pris\u00e9e pour son dynamisme et son climat, suscite un int\u00e9r\u00eat grandissant.\u00a0Les investisseurs qui se tournent vers\u00a0l\u2019investissement immobilier \u00e0\u00a0Miami valorisent l\u2019essor \u00e9conomique de la m\u00e9tropole floridienne, sa place unique sur la sc\u00e8ne nationale et internationale, un march\u00e9 de l\u2019emploi favorable qui attire chaque fois plus d\u2019entreprises et de jeunes [&hellip;]<\/p>\n","protected":false},"author":2,"featured_media":22411,"parent":0,"menu_order":0,"comment_status":"open","ping_status":"open","template":"","meta":{"inline_featured_image":false,"footnotes":""},"class_list":["post-22407","page","type-page","status-publish","has-post-thumbnail","hentry"],"yoast_head":"<!-- This site is optimized with the Yoast SEO plugin v27.5 - https:\/\/yoast.com\/product\/yoast-seo-wordpress\/ -->\n<title>Investir dans l&#039;immobilier \u00e0 Miami - Articles - BARNES MIAMI<\/title>\n<meta name=\"description\" content=\"Miami, destination pris\u00e9e pour son dynamisme et son climat, suscite un int\u00e9r\u00eat grandissant pour les investissements immobiliers.\" \/>\n<meta name=\"robots\" content=\"index, follow, max-snippet:-1, max-image-preview:large, max-video-preview:-1\" \/>\n<link rel=\"canonical\" href=\"https:\/\/www.barnes-miami.com\/pt\/investindo-em-imoveis-em-miami-florida\/\" \/>\n<meta property=\"og:locale\" content=\"pt_BR\" \/>\n<meta property=\"og:type\" content=\"article\" \/>\n<meta property=\"og:title\" content=\"Investir dans l&#039;immobilier \u00e0 Miami - Articles - BARNES MIAMI\" \/>\n<meta property=\"og:description\" content=\"Miami, destination pris\u00e9e pour son dynamisme et son climat, suscite un int\u00e9r\u00eat grandissant pour les investissements immobiliers.\" \/>\n<meta property=\"og:url\" content=\"https:\/\/www.barnes-miami.com\/pt\/investindo-em-imoveis-em-miami-florida\/\" \/>\n<meta property=\"og:site_name\" content=\"BARNES Miami\" \/>\n<meta property=\"article:publisher\" content=\"https:\/\/www.facebook.com\/barnesinternationalmiami\/\" \/>\n<meta property=\"article:modified_time\" content=\"2019-11-15T13:18:31+00:00\" \/>\n<meta property=\"og:image\" content=\"https:\/\/www.barnes-miami.com\/wp-content\/uploads\/2019\/04\/miami-3915622_1920.jpg\" \/>\n\t<meta property=\"og:image:width\" content=\"1920\" \/>\n\t<meta property=\"og:image:height\" content=\"1079\" \/>\n\t<meta property=\"og:image:type\" content=\"image\/jpeg\" \/>\n<meta name=\"twitter:card\" content=\"summary_large_image\" \/>\n<meta name=\"twitter:site\" content=\"@barnesmiami\" \/>\n<meta name=\"twitter:label1\" content=\"Est. tempo de leitura\" \/>\n\t<meta name=\"twitter:data1\" content=\"3 minutos\" \/>\n<script type=\"application\/ld+json\" class=\"yoast-schema-graph\">{\"@context\":\"https:\\\/\\\/schema.org\",\"@graph\":[{\"@type\":\"WebPage\",\"@id\":\"https:\\\/\\\/www.barnes-miami.com\\\/investir-dans-limmobilier-a-miami-floride\\\/\",\"url\":\"https:\\\/\\\/www.barnes-miami.com\\\/investir-dans-limmobilier-a-miami-floride\\\/\",\"name\":\"Investir dans l'immobilier \u00e0 Miami - Articles - BARNES MIAMI\",\"isPartOf\":{\"@id\":\"https:\\\/\\\/www.barnes-miami.com\\\/#website\"},\"primaryImageOfPage\":{\"@id\":\"https:\\\/\\\/www.barnes-miami.com\\\/investir-dans-limmobilier-a-miami-floride\\\/#primaryimage\"},\"image\":{\"@id\":\"https:\\\/\\\/www.barnes-miami.com\\\/investir-dans-limmobilier-a-miami-floride\\\/#primaryimage\"},\"thumbnailUrl\":\"https:\\\/\\\/www.barnes-miami.com\\\/wp-content\\\/uploads\\\/2019\\\/04\\\/miami-3915622_1920.jpg\",\"datePublished\":\"2019-04-25T01:46:52+00:00\",\"dateModified\":\"2019-11-15T13:18:31+00:00\",\"description\":\"Miami, destination pris\u00e9e pour son dynamisme et son climat, suscite un int\u00e9r\u00eat grandissant pour les investissements immobiliers.\",\"breadcrumb\":{\"@id\":\"https:\\\/\\\/www.barnes-miami.com\\\/investir-dans-limmobilier-a-miami-floride\\\/#breadcrumb\"},\"inLanguage\":\"pt-BR\",\"potentialAction\":[{\"@type\":\"ReadAction\",\"target\":[\"https:\\\/\\\/www.barnes-miami.com\\\/investir-dans-limmobilier-a-miami-floride\\\/\"]}]},{\"@type\":\"ImageObject\",\"inLanguage\":\"pt-BR\",\"@id\":\"https:\\\/\\\/www.barnes-miami.com\\\/investir-dans-limmobilier-a-miami-floride\\\/#primaryimage\",\"url\":\"https:\\\/\\\/www.barnes-miami.com\\\/wp-content\\\/uploads\\\/2019\\\/04\\\/miami-3915622_1920.jpg\",\"contentUrl\":\"https:\\\/\\\/www.barnes-miami.com\\\/wp-content\\\/uploads\\\/2019\\\/04\\\/miami-3915622_1920.jpg\",\"width\":1920,\"height\":1079,\"caption\":\"investissement-miami\"},{\"@type\":\"BreadcrumbList\",\"@id\":\"https:\\\/\\\/www.barnes-miami.com\\\/investir-dans-limmobilier-a-miami-floride\\\/#breadcrumb\",\"itemListElement\":[{\"@type\":\"ListItem\",\"position\":1,\"name\":\"Accueil\",\"item\":\"https:\\\/\\\/www.barnes-miami.com\\\/\"},{\"@type\":\"ListItem\",\"position\":2,\"name\":\"Investir dans l\u2019immobilier \u00e0 Miami, Floride\"}]},{\"@type\":\"WebSite\",\"@id\":\"https:\\\/\\\/www.barnes-miami.com\\\/#website\",\"url\":\"https:\\\/\\\/www.barnes-miami.com\\\/\",\"name\":\"BARNES Miami\",\"description\":\"#1 International Real Estate Brokerage in South Florida\",\"publisher\":{\"@id\":\"https:\\\/\\\/www.barnes-miami.com\\\/#organization\"},\"potentialAction\":[{\"@type\":\"SearchAction\",\"target\":{\"@type\":\"EntryPoint\",\"urlTemplate\":\"https:\\\/\\\/www.barnes-miami.com\\\/?s={search_term_string}\"},\"query-input\":{\"@type\":\"PropertyValueSpecification\",\"valueRequired\":true,\"valueName\":\"search_term_string\"}}],\"inLanguage\":\"pt-BR\"},{\"@type\":\"Organization\",\"@id\":\"https:\\\/\\\/www.barnes-miami.com\\\/#organization\",\"name\":\"BARNES Miami\",\"url\":\"https:\\\/\\\/www.barnes-miami.com\\\/\",\"logo\":{\"@type\":\"ImageObject\",\"inLanguage\":\"pt-BR\",\"@id\":\"https:\\\/\\\/www.barnes-miami.com\\\/#\\\/schema\\\/logo\\\/image\\\/\",\"url\":\"https:\\\/\\\/www.barnes-miami.com\\\/wp-content\\\/uploads\\\/2026\\\/01\\\/logo-2.png\",\"contentUrl\":\"https:\\\/\\\/www.barnes-miami.com\\\/wp-content\\\/uploads\\\/2026\\\/01\\\/logo-2.png\",\"width\":1100,\"height\":1100,\"caption\":\"BARNES Miami\"},\"image\":{\"@id\":\"https:\\\/\\\/www.barnes-miami.com\\\/#\\\/schema\\\/logo\\\/image\\\/\"},\"sameAs\":[\"https:\\\/\\\/www.facebook.com\\\/barnesinternationalmiami\\\/\",\"https:\\\/\\\/x.com\\\/barnesmiami\",\"https:\\\/\\\/www.instagram.com\\\/barnesmiami\\\/\",\"https:\\\/\\\/www.linkedin.com\\\/company\\\/barnes-international-miami\\\/\",\"https:\\\/\\\/www.youtube.com\\\/user\\\/BarnesImmoMiami\\\/\"]}]}<\/script>\n<!-- \/ Yoast SEO plugin. -->","yoast_head_json":{"title":"Investindo em im\u00f3veis em Miami - Artigos - BARNES MIAMI","description":"Miami, destino popular por seu dinamismo e clima, atrai cada vez mais interesse em investimentos imobili\u00e1rios.","robots":{"index":"index","follow":"follow","max-snippet":"max-snippet:-1","max-image-preview":"max-image-preview:large","max-video-preview":"max-video-preview:-1"},"canonical":"https:\/\/www.barnes-miami.com\/pt\/investindo-em-imoveis-em-miami-florida\/","og_locale":"pt_BR","og_type":"article","og_title":"Investir dans l'immobilier \u00e0 Miami - Articles - BARNES MIAMI","og_description":"Miami, destination pris\u00e9e pour son dynamisme et son climat, suscite un int\u00e9r\u00eat grandissant pour les investissements immobiliers.","og_url":"https:\/\/www.barnes-miami.com\/pt\/investindo-em-imoveis-em-miami-florida\/","og_site_name":"BARNES Miami","article_publisher":"https:\/\/www.facebook.com\/barnesinternationalmiami\/","article_modified_time":"2019-11-15T13:18:31+00:00","og_image":[{"width":1920,"height":1079,"url":"https:\/\/www.barnes-miami.com\/wp-content\/uploads\/2019\/04\/miami-3915622_1920.jpg","type":"image\/jpeg"}],"twitter_card":"summary_large_image","twitter_site":"@barnesmiami","twitter_misc":{"Est. tempo de leitura":"3 minutos"},"schema":{"@context":"https:\/\/schema.org","@graph":[{"@type":"WebPage","@id":"https:\/\/www.barnes-miami.com\/investir-dans-limmobilier-a-miami-floride\/","url":"https:\/\/www.barnes-miami.com\/investir-dans-limmobilier-a-miami-floride\/","name":"Investindo em im\u00f3veis em Miami - Artigos - BARNES MIAMI","isPartOf":{"@id":"https:\/\/www.barnes-miami.com\/#website"},"primaryImageOfPage":{"@id":"https:\/\/www.barnes-miami.com\/investir-dans-limmobilier-a-miami-floride\/#primaryimage"},"image":{"@id":"https:\/\/www.barnes-miami.com\/investir-dans-limmobilier-a-miami-floride\/#primaryimage"},"thumbnailUrl":"https:\/\/www.barnes-miami.com\/wp-content\/uploads\/2019\/04\/miami-3915622_1920.jpg","datePublished":"2019-04-25T01:46:52+00:00","dateModified":"2019-11-15T13:18:31+00:00","description":"Miami, destino popular por seu dinamismo e clima, atrai cada vez mais interesse em investimentos imobili\u00e1rios.","breadcrumb":{"@id":"https:\/\/www.barnes-miami.com\/investir-dans-limmobilier-a-miami-floride\/#breadcrumb"},"inLanguage":"pt-BR","potentialAction":[{"@type":"ReadAction","target":["https:\/\/www.barnes-miami.com\/investir-dans-limmobilier-a-miami-floride\/"]}]},{"@type":"ImageObject","inLanguage":"pt-BR","@id":"https:\/\/www.barnes-miami.com\/investir-dans-limmobilier-a-miami-floride\/#primaryimage","url":"https:\/\/www.barnes-miami.com\/wp-content\/uploads\/2019\/04\/miami-3915622_1920.jpg","contentUrl":"https:\/\/www.barnes-miami.com\/wp-content\/uploads\/2019\/04\/miami-3915622_1920.jpg","width":1920,"height":1079,"caption":"investissement-miami"},{"@type":"BreadcrumbList","@id":"https:\/\/www.barnes-miami.com\/investir-dans-limmobilier-a-miami-floride\/#breadcrumb","itemListElement":[{"@type":"ListItem","position":1,"name":"Accueil","item":"https:\/\/www.barnes-miami.com\/"},{"@type":"ListItem","position":2,"name":"Investir dans l\u2019immobilier \u00e0 Miami, Floride"}]},{"@type":"WebSite","@id":"https:\/\/www.barnes-miami.com\/#website","url":"https:\/\/www.barnes-miami.com\/","name":"BARNES Miami","description":"#1 Corretora Imobili\u00e1ria Internacional no Sul da Fl\u00f3rida","publisher":{"@id":"https:\/\/www.barnes-miami.com\/#organization"},"potentialAction":[{"@type":"SearchAction","target":{"@type":"EntryPoint","urlTemplate":"https:\/\/www.barnes-miami.com\/?s={search_term_string}"},"query-input":{"@type":"PropertyValueSpecification","valueRequired":true,"valueName":"search_term_string"}}],"inLanguage":"pt-BR"},{"@type":"Organization","@id":"https:\/\/www.barnes-miami.com\/#organization","name":"BARNES Miami","url":"https:\/\/www.barnes-miami.com\/","logo":{"@type":"ImageObject","inLanguage":"pt-BR","@id":"https:\/\/www.barnes-miami.com\/#\/schema\/logo\/image\/","url":"https:\/\/www.barnes-miami.com\/wp-content\/uploads\/2026\/01\/logo-2.png","contentUrl":"https:\/\/www.barnes-miami.com\/wp-content\/uploads\/2026\/01\/logo-2.png","width":1100,"height":1100,"caption":"BARNES Miami"},"image":{"@id":"https:\/\/www.barnes-miami.com\/#\/schema\/logo\/image\/"},"sameAs":["https:\/\/www.facebook.com\/barnesinternationalmiami\/","https:\/\/x.com\/barnesmiami","https:\/\/www.instagram.com\/barnesmiami\/","https:\/\/www.linkedin.com\/company\/barnes-international-miami\/","https:\/\/www.youtube.com\/user\/BarnesImmoMiami\/"]}]}},"_links":{"self":[{"href":"https:\/\/www.barnes-miami.com\/pt\/wp-json\/wp\/v2\/pages\/22407","targetHints":{"allow":["GET"]}}],"collection":[{"href":"https:\/\/www.barnes-miami.com\/pt\/wp-json\/wp\/v2\/pages"}],"about":[{"href":"https:\/\/www.barnes-miami.com\/pt\/wp-json\/wp\/v2\/types\/page"}],"author":[{"embeddable":true,"href":"https:\/\/www.barnes-miami.com\/pt\/wp-json\/wp\/v2\/users\/2"}],"replies":[{"embeddable":true,"href":"https:\/\/www.barnes-miami.com\/pt\/wp-json\/wp\/v2\/comments?post=22407"}],"version-history":[{"count":1,"href":"https:\/\/www.barnes-miami.com\/pt\/wp-json\/wp\/v2\/pages\/22407\/revisions"}],"predecessor-version":[{"id":22847,"href":"https:\/\/www.barnes-miami.com\/pt\/wp-json\/wp\/v2\/pages\/22407\/revisions\/22847"}],"wp:featuredmedia":[{"embeddable":true,"href":"https:\/\/www.barnes-miami.com\/pt\/wp-json\/wp\/v2\/media\/22411"}],"wp:attachment":[{"href":"https:\/\/www.barnes-miami.com\/pt\/wp-json\/wp\/v2\/media?parent=22407"}],"curies":[{"name":"wp","href":"https:\/\/api.w.org\/{rel}","templated":true}]}}