{"id":22520,"date":"2019-11-12T10:31:23","date_gmt":"2019-11-12T15:31:23","guid":{"rendered":"https:\/\/www.barnes-miami.com\/?page_id=22520"},"modified":"2025-10-13T13:40:03","modified_gmt":"2025-10-13T18:40:03","slug":"barnes-iates","status":"publish","type":"page","link":"https:\/\/www.barnes-miami.com\/pt\/a-propos\/barnes-yachts\/","title":{"rendered":"IATE"},"content":{"rendered":"<div style=\"height:45px\" aria-hidden=\"true\" class=\"wp-block-spacer\"><\/div>\n\n\n\n<h4 class=\"wp-block-heading has-text-align-center has-text-color has-link-color has-medium-font-size wp-elements-27a878244dcb3a37d55597a760e30f06\" style=\"color:#bcaa88\">ELEG\u00c2NCIA NO MAR<\/h4>\n\n\n\n<p class=\"has-text-align-center p80 justify has-medium-font-size\">Motivada pela arte de viver da BARNES, a BARNES Yachting convida seus clientes a explorar um novo horizonte de prest\u00edgio. Especializada na venda, aluguel e gest\u00e3o de iates excepcionais, nossa divis\u00e3o mar\u00edtima incorpora a mesma filosofia da BARNES: excel\u00eancia, discri\u00e7\u00e3o e servi\u00e7o personalizado.<\/p>\n\n\n\n<div style=\"height:51px\" aria-hidden=\"true\" class=\"wp-block-spacer\"><\/div>\n\n\n\n<div class=\"wp-block-buttons is-content-justification-center is-layout-flex wp-container-core-buttons-is-layout-16018d1d wp-block-buttons-is-layout-flex\">\n<div class=\"wp-block-button is-style-outline is-style-outline--1\"><a class=\"wp-block-button__link has-custom-font-size wp-element-button\" href=\"https:\/\/www.barnes-yachting.com\/\" style=\"border-radius:4px;font-size:16px\">COMECE SUA EXPERI\u00caNCIA<\/a><\/div>\n<\/div>\n\n\n\n<div style=\"height:148px\" aria-hidden=\"true\" class=\"wp-block-spacer\"><\/div>\n\n\n\n<h4 class=\"wp-block-heading has-text-align-center\">KNOW-HOW \u00daNICO<\/h4>\n\n\n\n<h2 class=\"wp-block-heading has-text-align-center has-text-color has-link-color has-large-font-size wp-elements-1d324cd6ff1b29d0e280c739224c637f\" style=\"color:#bcaa88\">ATENDENDO \u00c0S SUAS AMBI\u00c7\u00d5ES<\/h2>\n\n\n\n<p class=\"p80 justify has-medium-font-size\">Com base na rede internacional BARNES, nossa equipe oferece ampla expertise no mercado n\u00e1utico, combinando conhecimento t\u00e9cnico, aten\u00e7\u00e3o aos detalhes e paix\u00e3o pelo mar. Nossa abordagem se baseia em tr\u00eas pilares essenciais: aten\u00e7\u00e3o, personaliza\u00e7\u00e3o e excel\u00eancia no atendimento.<\/p>\n\n\n\n<p class=\"p80 justify has-medium-font-size\">N\u00e3o importa se voc\u00ea deseja comprar, vender ou alugar um iate, nossos especialistas est\u00e3o dispon\u00edveis para ajudar voc\u00ea a criar a experi\u00eancia mar\u00edtima que melhor combina com voc\u00ea.<\/p>\n\n\n\n<div style=\"height:24px\" aria-hidden=\"true\" class=\"wp-block-spacer\"><\/div>\n\n\n\n<div class=\"wp-block-columns are-vertically-aligned-top is-layout-flex wp-container-core-columns-is-layout-9d6595d7 wp-block-columns-is-layout-flex\">\n<div class=\"wp-block-column is-layout-flow wp-block-column-is-layout-flow\" style=\"flex-basis:12%\"><\/div>\n\n\n\n<div class=\"wp-block-column is-vertically-aligned-top has-background-background-color has-background is-layout-flow wp-block-column-is-layout-flow\" style=\"flex-basis:40%\">\n<div class=\"wp-block-cover banniere\" style=\"min-height:200px;aspect-ratio:unset;\"><img loading=\"lazy\" decoding=\"async\" width=\"1920\" height=\"1218\" class=\"wp-block-cover__image-background wp-image-29932 size-full\" alt=\"\" src=\"https:\/\/www.barnes-miami.com\/wp-content\/uploads\/2025\/10\/acquisition.jpg\" data-object-fit=\"cover\" srcset=\"https:\/\/www.barnes-miami.com\/wp-content\/uploads\/2025\/10\/acquisition.jpg 1920w, https:\/\/www.barnes-miami.com\/wp-content\/uploads\/2025\/10\/acquisition-300x190.jpg 300w, https:\/\/www.barnes-miami.com\/wp-content\/uploads\/2025\/10\/acquisition-1024x650.jpg 1024w, https:\/\/www.barnes-miami.com\/wp-content\/uploads\/2025\/10\/acquisition-768x487.jpg 768w, https:\/\/www.barnes-miami.com\/wp-content\/uploads\/2025\/10\/acquisition-1536x974.jpg 1536w, https:\/\/www.barnes-miami.com\/wp-content\/uploads\/2025\/10\/acquisition-18x12.jpg 18w\" sizes=\"auto, (max-width: 1920px) 100vw, 1920px\" \/><span aria-hidden=\"true\" class=\"wp-block-cover__background has-background-dim\"><\/span><div class=\"wp-block-cover__inner-container is-layout-flow wp-block-cover-is-layout-flow\">\n<h3 class=\"wp-block-heading has-text-align-center\" style=\"font-size:24px\">Aquisi\u00e7\u00e3o<\/h3>\n<\/div><\/div>\n<\/div>\n\n\n\n<div class=\"wp-block-column is-vertically-aligned-top has-background-background-color has-background is-layout-flow wp-block-column-is-layout-flow\" style=\"flex-basis:40%\">\n<div class=\"wp-block-cover banniere\" style=\"min-height:200px;aspect-ratio:unset;\"><img loading=\"lazy\" decoding=\"async\" width=\"1024\" height=\"882\" class=\"wp-block-cover__image-background wp-image-29931 size-large\" alt=\"\" src=\"https:\/\/www.barnes-miami.com\/wp-content\/uploads\/2025\/10\/deck-1024x882.jpg\" data-object-fit=\"cover\" srcset=\"https:\/\/www.barnes-miami.com\/wp-content\/uploads\/2025\/10\/deck-1024x882.jpg 1024w, https:\/\/www.barnes-miami.com\/wp-content\/uploads\/2025\/10\/deck-300x258.jpg 300w, https:\/\/www.barnes-miami.com\/wp-content\/uploads\/2025\/10\/deck-768x662.jpg 768w, https:\/\/www.barnes-miami.com\/wp-content\/uploads\/2025\/10\/deck-1536x1323.jpg 1536w, https:\/\/www.barnes-miami.com\/wp-content\/uploads\/2025\/10\/deck-2048x1764.jpg 2048w, https:\/\/www.barnes-miami.com\/wp-content\/uploads\/2025\/10\/deck-14x12.jpg 14w\" sizes=\"auto, (max-width: 1024px) 100vw, 1024px\" \/><span aria-hidden=\"true\" class=\"wp-block-cover__background has-background-dim-40 has-background-dim\"><\/span><div class=\"wp-block-cover__inner-container is-layout-flow wp-block-cover-is-layout-flow\">\n<h3 class=\"wp-block-heading has-text-align-center\" style=\"font-size:24px\">Aluguel<\/h3>\n<\/div><\/div>\n<\/div>\n\n\n\n<div class=\"wp-block-column is-layout-flow wp-block-column-is-layout-flow\" style=\"flex-basis:12%\"><\/div>\n<\/div>\n\n\n\n<div style=\"height:24px\" aria-hidden=\"true\" class=\"wp-block-spacer\"><\/div>\n\n\n\n<div class=\"wp-block-columns are-vertically-aligned-top is-layout-flex wp-container-core-columns-is-layout-9d6595d7 wp-block-columns-is-layout-flex\">\n<div class=\"wp-block-column is-layout-flow wp-block-column-is-layout-flow\" style=\"flex-basis:12%\"><\/div>\n\n\n\n<div class=\"wp-block-column is-vertically-aligned-top has-background-background-color has-background is-layout-flow wp-block-column-is-layout-flow\" style=\"flex-basis:40%\">\n<div class=\"wp-block-cover banniere\" style=\"min-height:200px;aspect-ratio:unset;\"><img loading=\"lazy\" decoding=\"async\" width=\"1024\" height=\"706\" class=\"wp-block-cover__image-background wp-image-29933 size-large\" alt=\"\" src=\"https:\/\/www.barnes-miami.com\/wp-content\/uploads\/2025\/10\/boat-up-1024x706.jpg\" data-object-fit=\"cover\" srcset=\"https:\/\/www.barnes-miami.com\/wp-content\/uploads\/2025\/10\/boat-up-1024x706.jpg 1024w, https:\/\/www.barnes-miami.com\/wp-content\/uploads\/2025\/10\/boat-up-300x207.jpg 300w, https:\/\/www.barnes-miami.com\/wp-content\/uploads\/2025\/10\/boat-up-768x530.jpg 768w, https:\/\/www.barnes-miami.com\/wp-content\/uploads\/2025\/10\/boat-up-1536x1059.jpg 1536w, https:\/\/www.barnes-miami.com\/wp-content\/uploads\/2025\/10\/boat-up-18x12.jpg 18w, https:\/\/www.barnes-miami.com\/wp-content\/uploads\/2025\/10\/boat-up.jpg 2000w\" sizes=\"auto, (max-width: 1024px) 100vw, 1024px\" \/><span aria-hidden=\"true\" class=\"wp-block-cover__background has-background-dim-40 has-background-dim\"><\/span><div class=\"wp-block-cover__inner-container is-layout-flow wp-block-cover-is-layout-flow\">\n<h3 class=\"wp-block-heading has-text-align-center\" style=\"font-size:24px\">Oferta<\/h3>\n<\/div><\/div>\n<\/div>\n\n\n\n<div class=\"wp-block-column is-vertically-aligned-top has-background-background-color has-background is-layout-flow wp-block-column-is-layout-flow\" style=\"flex-basis:40%\">\n<div class=\"wp-block-cover banniere\" style=\"min-height:200px;aspect-ratio:unset;\"><img loading=\"lazy\" decoding=\"async\" width=\"1024\" height=\"647\" class=\"wp-block-cover__image-background wp-image-29934 size-large\" alt=\"\" src=\"https:\/\/www.barnes-miami.com\/wp-content\/uploads\/2025\/10\/copropriete-low-1024x647.jpg\" data-object-fit=\"cover\" srcset=\"https:\/\/www.barnes-miami.com\/wp-content\/uploads\/2025\/10\/copropriete-low-1024x647.jpg 1024w, https:\/\/www.barnes-miami.com\/wp-content\/uploads\/2025\/10\/copropriete-low-300x189.jpg 300w, https:\/\/www.barnes-miami.com\/wp-content\/uploads\/2025\/10\/copropriete-low-768x485.jpg 768w, https:\/\/www.barnes-miami.com\/wp-content\/uploads\/2025\/10\/copropriete-low-1536x970.jpg 1536w, https:\/\/www.barnes-miami.com\/wp-content\/uploads\/2025\/10\/copropriete-low-18x12.jpg 18w, https:\/\/www.barnes-miami.com\/wp-content\/uploads\/2025\/10\/copropriete-low.jpg 1900w\" sizes=\"auto, (max-width: 1024px) 100vw, 1024px\" \/><span aria-hidden=\"true\" class=\"wp-block-cover__background has-background-dim-40 has-background-dim\"><\/span><div class=\"wp-block-cover__inner-container is-layout-flow wp-block-cover-is-layout-flow\">\n<h3 class=\"wp-block-heading has-text-align-center\" style=\"font-size:24px\">Co-propriedade<\/h3>\n<\/div><\/div>\n<\/div>\n\n\n\n<div class=\"wp-block-column is-layout-flow wp-block-column-is-layout-flow\" style=\"flex-basis:12%\"><\/div>\n<\/div>\n\n\n\n<div style=\"height:102px\" aria-hidden=\"true\" class=\"wp-block-spacer\"><\/div>\n\n\n\n<h4 class=\"wp-block-heading has-text-align-center\">A ARTE DE NAVEGAR<\/h4>\n\n\n\n<h2 class=\"wp-block-heading has-text-align-center has-text-color has-link-color has-large-font-size wp-elements-4cc199f2774ccc0d5f54d1a58fd42f8d\" style=\"color:#bcaa88\">UMA COLE\u00c7\u00c3O EXCEPCIONAL<\/h2>\n\n\n\n<p class=\"has-text-align-center p80 justify has-medium-font-size\">A BARNES Yachting abre as portas para uma sele\u00e7\u00e3o exclusiva de alguns dos iates mais renomados do mundo. Com designs ic\u00f4nicos, embarca\u00e7\u00f5es personalizadas e acabamentos refinados, cada embarca\u00e7\u00e3o foi escolhida por seu car\u00e1ter \u00fanico e n\u00edvel impec\u00e1vel de conforto. Seja para um cruzeiro pelo Mediterr\u00e2neo, uma travessia para o Caribe ou um ver\u00e3o em Capri, nossos especialistas ajudar\u00e3o voc\u00ea a criar uma viagem que corresponda \u00e0s suas expectativas.<\/p>\n\n\n\n<div style=\"height:51px\" aria-hidden=\"true\" class=\"wp-block-spacer\"><\/div>\n\n\n\n<div class=\"wp-block-buttons is-content-justification-center is-layout-flex wp-container-core-buttons-is-layout-16018d1d wp-block-buttons-is-layout-flex\">\n<div class=\"wp-block-button is-style-outline is-style-outline--2\"><a class=\"wp-block-button__link has-custom-font-size wp-element-button\" href=\"https:\/\/www.barnes-miami.com\/pt\/contato\/\" style=\"border-radius:4px;font-size:16px\">CONTATO BARNES YACHTING<\/a><\/div>\n<\/div>\n\n\n\n<div style=\"height:73px\" aria-hidden=\"true\" class=\"wp-block-spacer\"><\/div>\n\n\n\n<div class=\"wp-block-cover has-parallax\"><div class=\"wp-block-cover__image-background wp-image-29941 size-full has-parallax\" style=\"background-position:50% 50%;background-image:url(https:\/\/www.barnes-miami.com\/wp-content\/uploads\/2025\/10\/deck-side-scaled.jpg)\"><\/div><span aria-hidden=\"true\" class=\"wp-block-cover__background has-foreground-background-color has-background-dim-70 has-background-dim\"><\/span><div class=\"wp-block-cover__inner-container is-layout-constrained wp-container-core-cover-is-layout-23fe5839 wp-block-cover-is-layout-constrained\">\n<h2 class=\"wp-block-heading has-text-align-center scroll-animate has-large-font-size\"><br>Cada viagem, um momento excepcional<\/h2>\n<\/div><\/div>","protected":false},"excerpt":{"rendered":"<p>L\u2019ELEGANCE EN MER Port\u00e9e par l\u2019art de vivre BARNES, BARNES Yachting invite ses clients \u00e0 explorer un nouvel horizon de prestige. Sp\u00e9cialis\u00e9e dans la vente, la location et la gestion de yachts d\u2019exception, notre division maritime incarne la m\u00eame philosophie que la Maison BARNES : excellence, discr\u00e9tion et service sur mesure. SAVOIR-FAIRE UNIQUE \u00c0 LA [&hellip;]<\/p>\n","protected":false},"author":2,"featured_media":29930,"parent":22777,"menu_order":0,"comment_status":"closed","ping_status":"closed","template":"","meta":{"inline_featured_image":false,"footnotes":""},"class_list":["post-22520","page","type-page","status-publish","has-post-thumbnail","hentry"],"yoast_head":"<!-- This site is optimized with the Yoast SEO plugin v27.4 - https:\/\/yoast.com\/product\/yoast-seo-wordpress\/ -->\n<title>BARNES Yachting | Art de Vivre | BARNES Miami<\/title>\n<meta name=\"description\" content=\"BARNES Yachting s\u2019appuie sur le r\u00e9seau BARNES pour offrir des\u00a0services\u00a0vari\u00e9s dans les destinations o\u00f9 le yachting est un art de vivre.\" \/>\n<meta name=\"robots\" content=\"index, follow, max-snippet:-1, max-image-preview:large, max-video-preview:-1\" \/>\n<link rel=\"canonical\" href=\"https:\/\/www.barnes-miami.com\/pt\/sobre\/barnes-iates\/\" \/>\n<meta property=\"og:locale\" content=\"pt_BR\" \/>\n<meta property=\"og:type\" content=\"article\" \/>\n<meta property=\"og:title\" content=\"BARNES Yachting | Art de Vivre | BARNES Miami\" \/>\n<meta property=\"og:description\" content=\"BARNES Yachting s\u2019appuie sur le r\u00e9seau BARNES pour offrir des\u00a0services\u00a0vari\u00e9s dans les destinations o\u00f9 le yachting est un art de vivre.\" \/>\n<meta property=\"og:url\" content=\"https:\/\/www.barnes-miami.com\/pt\/sobre\/barnes-iates\/\" \/>\n<meta property=\"og:site_name\" content=\"BARNES Miami\" \/>\n<meta property=\"article:publisher\" content=\"https:\/\/www.facebook.com\/barnesinternationalmiami\/\" \/>\n<meta property=\"article:modified_time\" content=\"2025-10-13T18:40:03+00:00\" \/>\n<meta property=\"og:image\" content=\"https:\/\/www.barnes-miami.com\/wp-content\/uploads\/2025\/10\/boat-deck.jpg\" \/>\n\t<meta property=\"og:image:width\" content=\"2048\" \/>\n\t<meta property=\"og:image:height\" content=\"1365\" \/>\n\t<meta property=\"og:image:type\" content=\"image\/jpeg\" \/>\n<meta name=\"twitter:card\" content=\"summary_large_image\" \/>\n<meta name=\"twitter:site\" content=\"@barnesmiami\" \/>\n<meta name=\"twitter:label1\" content=\"Est. tempo de leitura\" \/>\n\t<meta name=\"twitter:data1\" content=\"2 minutos\" \/>\n<script type=\"application\/ld+json\" class=\"yoast-schema-graph\">{\"@context\":\"https:\\\/\\\/schema.org\",\"@graph\":[{\"@type\":\"WebPage\",\"@id\":\"https:\\\/\\\/www.barnes-miami.com\\\/a-propos\\\/barnes-yachts\\\/\",\"url\":\"https:\\\/\\\/www.barnes-miami.com\\\/a-propos\\\/barnes-yachts\\\/\",\"name\":\"BARNES Yachting | Art de Vivre | BARNES Miami\",\"isPartOf\":{\"@id\":\"https:\\\/\\\/www.barnes-miami.com\\\/#website\"},\"primaryImageOfPage\":{\"@id\":\"https:\\\/\\\/www.barnes-miami.com\\\/a-propos\\\/barnes-yachts\\\/#primaryimage\"},\"image\":{\"@id\":\"https:\\\/\\\/www.barnes-miami.com\\\/a-propos\\\/barnes-yachts\\\/#primaryimage\"},\"thumbnailUrl\":\"https:\\\/\\\/www.barnes-miami.com\\\/wp-content\\\/uploads\\\/2025\\\/10\\\/boat-deck.jpg\",\"datePublished\":\"2019-11-12T15:31:23+00:00\",\"dateModified\":\"2025-10-13T18:40:03+00:00\",\"description\":\"BARNES Yachting s\u2019appuie sur le r\u00e9seau BARNES pour offrir des\u00a0services\u00a0vari\u00e9s dans les destinations o\u00f9 le yachting est un art de vivre.\",\"breadcrumb\":{\"@id\":\"https:\\\/\\\/www.barnes-miami.com\\\/a-propos\\\/barnes-yachts\\\/#breadcrumb\"},\"inLanguage\":\"pt-BR\",\"potentialAction\":[{\"@type\":\"ReadAction\",\"target\":[\"https:\\\/\\\/www.barnes-miami.com\\\/a-propos\\\/barnes-yachts\\\/\"]}]},{\"@type\":\"ImageObject\",\"inLanguage\":\"pt-BR\",\"@id\":\"https:\\\/\\\/www.barnes-miami.com\\\/a-propos\\\/barnes-yachts\\\/#primaryimage\",\"url\":\"https:\\\/\\\/www.barnes-miami.com\\\/wp-content\\\/uploads\\\/2025\\\/10\\\/boat-deck.jpg\",\"contentUrl\":\"https:\\\/\\\/www.barnes-miami.com\\\/wp-content\\\/uploads\\\/2025\\\/10\\\/boat-deck.jpg\",\"width\":2048,\"height\":1365},{\"@type\":\"BreadcrumbList\",\"@id\":\"https:\\\/\\\/www.barnes-miami.com\\\/a-propos\\\/barnes-yachts\\\/#breadcrumb\",\"itemListElement\":[{\"@type\":\"ListItem\",\"position\":1,\"name\":\"Accueil\",\"item\":\"https:\\\/\\\/www.barnes-miami.com\\\/\"},{\"@type\":\"ListItem\",\"position\":2,\"name\":\"A PROPOS DE BARNES\",\"item\":\"https:\\\/\\\/www.barnes-miami.com\\\/a-propos\\\/\"},{\"@type\":\"ListItem\",\"position\":3,\"name\":\"YACHTING\"}]},{\"@type\":\"WebSite\",\"@id\":\"https:\\\/\\\/www.barnes-miami.com\\\/#website\",\"url\":\"https:\\\/\\\/www.barnes-miami.com\\\/\",\"name\":\"BARNES Miami\",\"description\":\"#1 International Real Estate Brokerage in South Florida\",\"publisher\":{\"@id\":\"https:\\\/\\\/www.barnes-miami.com\\\/#organization\"},\"potentialAction\":[{\"@type\":\"SearchAction\",\"target\":{\"@type\":\"EntryPoint\",\"urlTemplate\":\"https:\\\/\\\/www.barnes-miami.com\\\/?s={search_term_string}\"},\"query-input\":{\"@type\":\"PropertyValueSpecification\",\"valueRequired\":true,\"valueName\":\"search_term_string\"}}],\"inLanguage\":\"pt-BR\"},{\"@type\":\"Organization\",\"@id\":\"https:\\\/\\\/www.barnes-miami.com\\\/#organization\",\"name\":\"BARNES Miami\",\"url\":\"https:\\\/\\\/www.barnes-miami.com\\\/\",\"logo\":{\"@type\":\"ImageObject\",\"inLanguage\":\"pt-BR\",\"@id\":\"https:\\\/\\\/www.barnes-miami.com\\\/#\\\/schema\\\/logo\\\/image\\\/\",\"url\":\"https:\\\/\\\/www.barnes-miami.com\\\/wp-content\\\/uploads\\\/2026\\\/01\\\/logo-2.png\",\"contentUrl\":\"https:\\\/\\\/www.barnes-miami.com\\\/wp-content\\\/uploads\\\/2026\\\/01\\\/logo-2.png\",\"width\":1100,\"height\":1100,\"caption\":\"BARNES Miami\"},\"image\":{\"@id\":\"https:\\\/\\\/www.barnes-miami.com\\\/#\\\/schema\\\/logo\\\/image\\\/\"},\"sameAs\":[\"https:\\\/\\\/www.facebook.com\\\/barnesinternationalmiami\\\/\",\"https:\\\/\\\/x.com\\\/barnesmiami\",\"https:\\\/\\\/www.instagram.com\\\/barnesmiami\\\/\",\"https:\\\/\\\/www.linkedin.com\\\/company\\\/barnes-international-miami\\\/\",\"https:\\\/\\\/www.youtube.com\\\/user\\\/BarnesImmoMiami\\\/\"]}]}<\/script>\n<!-- \/ Yoast SEO plugin. -->","yoast_head_json":{"title":"BARNES Iate | Arte de Viver | BARNES Miami","description":"A BARNES Yachting conta com a rede BARNES para oferecer servi\u00e7os variados em destinos onde o iatismo \u00e9 um modo de vida.","robots":{"index":"index","follow":"follow","max-snippet":"max-snippet:-1","max-image-preview":"max-image-preview:large","max-video-preview":"max-video-preview:-1"},"canonical":"https:\/\/www.barnes-miami.com\/pt\/sobre\/barnes-iates\/","og_locale":"pt_BR","og_type":"article","og_title":"BARNES Yachting | Art de Vivre | BARNES Miami","og_description":"BARNES Yachting s\u2019appuie sur le r\u00e9seau BARNES pour offrir des\u00a0services\u00a0vari\u00e9s dans les destinations o\u00f9 le yachting est un art de vivre.","og_url":"https:\/\/www.barnes-miami.com\/pt\/sobre\/barnes-iates\/","og_site_name":"BARNES Miami","article_publisher":"https:\/\/www.facebook.com\/barnesinternationalmiami\/","article_modified_time":"2025-10-13T18:40:03+00:00","og_image":[{"width":2048,"height":1365,"url":"https:\/\/www.barnes-miami.com\/wp-content\/uploads\/2025\/10\/boat-deck.jpg","type":"image\/jpeg"}],"twitter_card":"summary_large_image","twitter_site":"@barnesmiami","twitter_misc":{"Est. tempo de leitura":"2 minutos"},"schema":{"@context":"https:\/\/schema.org","@graph":[{"@type":"WebPage","@id":"https:\/\/www.barnes-miami.com\/a-propos\/barnes-yachts\/","url":"https:\/\/www.barnes-miami.com\/a-propos\/barnes-yachts\/","name":"BARNES Iate | Arte de Viver | BARNES Miami","isPartOf":{"@id":"https:\/\/www.barnes-miami.com\/#website"},"primaryImageOfPage":{"@id":"https:\/\/www.barnes-miami.com\/a-propos\/barnes-yachts\/#primaryimage"},"image":{"@id":"https:\/\/www.barnes-miami.com\/a-propos\/barnes-yachts\/#primaryimage"},"thumbnailUrl":"https:\/\/www.barnes-miami.com\/wp-content\/uploads\/2025\/10\/boat-deck.jpg","datePublished":"2019-11-12T15:31:23+00:00","dateModified":"2025-10-13T18:40:03+00:00","description":"A BARNES Yachting conta com a rede BARNES para oferecer servi\u00e7os variados em destinos onde o iatismo \u00e9 um modo de vida.","breadcrumb":{"@id":"https:\/\/www.barnes-miami.com\/a-propos\/barnes-yachts\/#breadcrumb"},"inLanguage":"pt-BR","potentialAction":[{"@type":"ReadAction","target":["https:\/\/www.barnes-miami.com\/a-propos\/barnes-yachts\/"]}]},{"@type":"ImageObject","inLanguage":"pt-BR","@id":"https:\/\/www.barnes-miami.com\/a-propos\/barnes-yachts\/#primaryimage","url":"https:\/\/www.barnes-miami.com\/wp-content\/uploads\/2025\/10\/boat-deck.jpg","contentUrl":"https:\/\/www.barnes-miami.com\/wp-content\/uploads\/2025\/10\/boat-deck.jpg","width":2048,"height":1365},{"@type":"BreadcrumbList","@id":"https:\/\/www.barnes-miami.com\/a-propos\/barnes-yachts\/#breadcrumb","itemListElement":[{"@type":"ListItem","position":1,"name":"Accueil","item":"https:\/\/www.barnes-miami.com\/"},{"@type":"ListItem","position":2,"name":"A PROPOS DE BARNES","item":"https:\/\/www.barnes-miami.com\/a-propos\/"},{"@type":"ListItem","position":3,"name":"YACHTING"}]},{"@type":"WebSite","@id":"https:\/\/www.barnes-miami.com\/#website","url":"https:\/\/www.barnes-miami.com\/","name":"BARNES Miami","description":"#1 Corretora Imobili\u00e1ria Internacional no Sul da Fl\u00f3rida","publisher":{"@id":"https:\/\/www.barnes-miami.com\/#organization"},"potentialAction":[{"@type":"SearchAction","target":{"@type":"EntryPoint","urlTemplate":"https:\/\/www.barnes-miami.com\/?s={search_term_string}"},"query-input":{"@type":"PropertyValueSpecification","valueRequired":true,"valueName":"search_term_string"}}],"inLanguage":"pt-BR"},{"@type":"Organization","@id":"https:\/\/www.barnes-miami.com\/#organization","name":"BARNES Miami","url":"https:\/\/www.barnes-miami.com\/","logo":{"@type":"ImageObject","inLanguage":"pt-BR","@id":"https:\/\/www.barnes-miami.com\/#\/schema\/logo\/image\/","url":"https:\/\/www.barnes-miami.com\/wp-content\/uploads\/2026\/01\/logo-2.png","contentUrl":"https:\/\/www.barnes-miami.com\/wp-content\/uploads\/2026\/01\/logo-2.png","width":1100,"height":1100,"caption":"BARNES Miami"},"image":{"@id":"https:\/\/www.barnes-miami.com\/#\/schema\/logo\/image\/"},"sameAs":["https:\/\/www.facebook.com\/barnesinternationalmiami\/","https:\/\/x.com\/barnesmiami","https:\/\/www.instagram.com\/barnesmiami\/","https:\/\/www.linkedin.com\/company\/barnes-international-miami\/","https:\/\/www.youtube.com\/user\/BarnesImmoMiami\/"]}]}},"_links":{"self":[{"href":"https:\/\/www.barnes-miami.com\/pt\/wp-json\/wp\/v2\/pages\/22520","targetHints":{"allow":["GET"]}}],"collection":[{"href":"https:\/\/www.barnes-miami.com\/pt\/wp-json\/wp\/v2\/pages"}],"about":[{"href":"https:\/\/www.barnes-miami.com\/pt\/wp-json\/wp\/v2\/types\/page"}],"author":[{"embeddable":true,"href":"https:\/\/www.barnes-miami.com\/pt\/wp-json\/wp\/v2\/users\/2"}],"replies":[{"embeddable":true,"href":"https:\/\/www.barnes-miami.com\/pt\/wp-json\/wp\/v2\/comments?post=22520"}],"version-history":[{"count":49,"href":"https:\/\/www.barnes-miami.com\/pt\/wp-json\/wp\/v2\/pages\/22520\/revisions"}],"predecessor-version":[{"id":30114,"href":"https:\/\/www.barnes-miami.com\/pt\/wp-json\/wp\/v2\/pages\/22520\/revisions\/30114"}],"up":[{"embeddable":true,"href":"https:\/\/www.barnes-miami.com\/pt\/wp-json\/wp\/v2\/pages\/22777"}],"wp:featuredmedia":[{"embeddable":true,"href":"https:\/\/www.barnes-miami.com\/pt\/wp-json\/wp\/v2\/media\/29930"}],"wp:attachment":[{"href":"https:\/\/www.barnes-miami.com\/pt\/wp-json\/wp\/v2\/media?parent=22520"}],"curies":[{"name":"wp","href":"https:\/\/api.w.org\/{rel}","templated":true}]}}