{"id":22528,"date":"2019-11-12T10:56:02","date_gmt":"2019-11-12T15:56:02","guid":{"rendered":"https:\/\/www.barnes-miami.com\/?page_id=22528"},"modified":"2025-10-13T13:40:42","modified_gmt":"2025-10-13T18:40:42","slug":"investimento-em-vinhedos-de-barnes","status":"publish","type":"page","link":"https:\/\/www.barnes-miami.com\/pt\/a-propos\/barnes-vineyards-investment\/","title":{"rendered":"VINHEDOS"},"content":{"rendered":"<div style=\"height:45px\" aria-hidden=\"true\" class=\"wp-block-spacer\"><\/div>\n\n\n\n<h4 class=\"wp-block-heading has-text-align-center has-text-color has-link-color has-medium-font-size wp-elements-c69a8606a0e326870afd260b6230b198\" style=\"color:#bcaa88\">A ARTE DO VINHO<\/h4>\n\n\n\n<p class=\"has-text-align-center p80 justify has-medium-font-size\">Possuir um vinhedo \u00e9 o sonho de muitos amantes do vinho. Produzir vinho e v\u00ea-lo florescer, na Fran\u00e7a ou internacionalmente, \u00e9 uma aventura \u00fanica. Mais do que um estilo de vida, uma boa safra se tornou um bem raro e precioso.<\/p>\n\n\n\n<p class=\"has-text-align-center p80 justify has-medium-font-size\">Investir em um vinhedo significa aliar paix\u00e3o a uma estrat\u00e9gia de longo prazo. A BARNES Vineyards, nosso centro de investimentos dedicado, abre as portas para as oportunidades mais raras e sofisticadas.<\/p>\n\n\n\n<div style=\"height:51px\" aria-hidden=\"true\" class=\"wp-block-spacer\"><\/div>\n\n\n\n<div class=\"wp-block-buttons is-content-justification-center is-layout-flex wp-container-core-buttons-is-layout-16018d1d wp-block-buttons-is-layout-flex\">\n<div class=\"wp-block-button is-style-outline is-style-outline--1\"><a class=\"wp-block-button__link has-custom-font-size wp-element-button\" href=\"https:\/\/www.barnes-miami.com\/pt\/contato\/\" style=\"border-radius:4px;font-size:16px\">INICIE SEU PROJETO<\/a><\/div>\n<\/div>\n\n\n\n<div style=\"height:148px\" aria-hidden=\"true\" class=\"wp-block-spacer\"><\/div>\n\n\n\n<h4 class=\"wp-block-heading has-text-align-center\">IM\u00d3VEIS E BEBIDAS ALCO\u00d3LICAS<\/h4>\n\n\n\n<h2 class=\"wp-block-heading has-text-align-center has-text-color has-link-color has-large-font-size wp-elements-7d47ff896f250b8cbbec7d9897252f0a\" style=\"color:#bcaa88\">INVESTINDO NA EXCE\u00c7\u00c3O<\/h2>\n\n\n\n<p class=\"p80 justify has-medium-font-size\">De propriedades ic\u00f4nicas a marcas e empresas de bebidas alco\u00f3licas premium, nossa equipe d\u00e1 suporte aos investidores em todas as etapas da aquisi\u00e7\u00e3o.<br>Com expertise em gest\u00e3o de capital e patrim\u00f4nio vin\u00edcola, apoiamos discretamente projetos de pequena e m\u00e9dia capitaliza\u00e7\u00e3o, garantindo um monitoramento personalizado e seguro.<\/p>\n\n\n\n<p class=\"p80 justify has-medium-font-size\">A BARNES Fine Wines seleciona vinhos excepcionais, organiza eventos privados e oferece servi\u00e7os exclusivos para verdadeiros conhecedores.<\/p>\n\n\n\n<div style=\"height:40px\" aria-hidden=\"true\" class=\"wp-block-spacer\"><\/div>\n\n\n\n<h3 class=\"wp-block-heading has-text-align-center\"><br><br>Enriquecendo sua adega<\/h3>\n\n\n\n<hr class=\"wp-block-separator has-text-color has-alpha-channel-opacity has-background is-style-default\" style=\"background-color:#bcaa88;color:#bcaa88\"\/>\n\n\n\n<h3 class=\"wp-block-heading has-text-align-center\"><br>A descoberta de safras raras<\/h3>\n\n\n\n<hr class=\"wp-block-separator has-text-color has-alpha-channel-opacity has-background is-style-default\" style=\"background-color:#bcaa88;color:#bcaa88\"\/>\n\n\n\n<h3 class=\"wp-block-heading has-text-align-center\"><br>Investir em garrafas ic\u00f4nicas<\/h3>\n\n\n\n<hr class=\"wp-block-separator has-text-color has-alpha-channel-opacity has-background is-style-default\" style=\"background-color:#bcaa88;color:#bcaa88\"\/>\n\n\n\n<h3 class=\"wp-block-heading has-text-align-center\"><br>Participa\u00e7\u00e3o em degusta\u00e7\u00f5es privadas com prestigiadas quintas<\/h3>\n\n\n\n<div style=\"height:102px\" aria-hidden=\"true\" class=\"wp-block-spacer\"><\/div>\n\n\n\n<div class=\"wp-block-buttons is-content-justification-center is-layout-flex wp-container-core-buttons-is-layout-16018d1d wp-block-buttons-is-layout-flex\">\n<div class=\"wp-block-button is-style-outline is-style-outline--2\"><a class=\"wp-block-button__link has-text-align-center has-custom-font-size wp-element-button\" href=\"https:\/\/www.barnes-miami.com\/pt\/contato\/\" style=\"border-radius:4px;font-size:16px\">AGENDE SUA CONSULTA<\/a><\/div>\n<\/div>\n\n\n\n<div style=\"height:83px\" aria-hidden=\"true\" class=\"wp-block-spacer\"><\/div>\n\n\n\n<div class=\"wp-block-cover has-parallax\"><div class=\"wp-block-cover__image-background wp-image-29946 size-full has-parallax\" style=\"background-position:50% 50%;background-image:url(https:\/\/www.barnes-miami.com\/wp-content\/uploads\/2025\/10\/castle.jpg)\"><\/div><span aria-hidden=\"true\" class=\"wp-block-cover__background has-foreground-background-color has-background-dim-30 has-background-dim\"><\/span><div class=\"wp-block-cover__inner-container is-layout-constrained wp-container-core-cover-is-layout-23fe5839 wp-block-cover-is-layout-constrained\">\n<h2 class=\"wp-block-heading has-text-align-center scroll-animate has-large-font-size\"><br>A arte do vinho, sublimada<\/h2>\n<\/div><\/div>","protected":false},"excerpt":{"rendered":"<p>L\u2019ART DU VIN Poss\u00e9der un vignoble est le r\u00eave de nombreux passionn\u00e9s. Produire du vin et le voir prosp\u00e9rer, en France ou \u00e0 l\u2019international, est une aventure unique. Plus qu\u2019un art de vivre, un grand mill\u00e9sime est devenu un bien rare et pr\u00e9cieux. Investir dans un vignoble, c\u2019est allier passion et strat\u00e9gie \u00e0 long terme. [&hellip;]<\/p>\n","protected":false},"author":2,"featured_media":29950,"parent":22777,"menu_order":0,"comment_status":"closed","ping_status":"closed","template":"","meta":{"inline_featured_image":false,"footnotes":""},"class_list":["post-22528","page","type-page","status-publish","has-post-thumbnail","hentry"],"yoast_head":"<!-- This site is optimized with the Yoast SEO plugin v27.4 - https:\/\/yoast.com\/product\/yoast-seo-wordpress\/ -->\n<title>BARNES VINEYARDS | Art de Vivre | BARNES Miami<\/title>\n<meta name=\"description\" content=\"L&#039;art de vivre caract\u00e9rise \u00e9galement les vins, spiritueux et les vineyards. Un cru d&#039;exception est d\u00e9sormais un actif rare et recherch\u00e9.\" \/>\n<meta name=\"robots\" content=\"index, follow, max-snippet:-1, max-image-preview:large, max-video-preview:-1\" \/>\n<link rel=\"canonical\" href=\"https:\/\/www.barnes-miami.com\/pt\/sobre\/investimento-em-vinhedos-de-barnes\/\" \/>\n<meta property=\"og:locale\" content=\"pt_BR\" \/>\n<meta property=\"og:type\" content=\"article\" \/>\n<meta property=\"og:title\" content=\"BARNES VINEYARDS | Art de Vivre | BARNES Miami\" \/>\n<meta property=\"og:description\" content=\"L&#039;art de vivre caract\u00e9rise \u00e9galement les vins, spiritueux et les vineyards. Un cru d&#039;exception est d\u00e9sormais un actif rare et recherch\u00e9.\" \/>\n<meta property=\"og:url\" content=\"https:\/\/www.barnes-miami.com\/pt\/sobre\/investimento-em-vinhedos-de-barnes\/\" \/>\n<meta property=\"og:site_name\" content=\"BARNES Miami\" \/>\n<meta property=\"article:publisher\" content=\"https:\/\/www.facebook.com\/barnesinternationalmiami\/\" \/>\n<meta property=\"article:modified_time\" content=\"2025-10-13T18:40:42+00:00\" \/>\n<meta property=\"og:image\" content=\"https:\/\/www.barnes-miami.com\/wp-content\/uploads\/2025\/10\/vineyard.jpg\" \/>\n\t<meta property=\"og:image:width\" content=\"2000\" \/>\n\t<meta property=\"og:image:height\" content=\"1498\" \/>\n\t<meta property=\"og:image:type\" content=\"image\/jpeg\" \/>\n<meta name=\"twitter:card\" content=\"summary_large_image\" \/>\n<meta name=\"twitter:site\" content=\"@barnesmiami\" \/>\n<meta name=\"twitter:label1\" content=\"Est. tempo de leitura\" \/>\n\t<meta name=\"twitter:data1\" content=\"1 minuto\" \/>\n<script type=\"application\/ld+json\" class=\"yoast-schema-graph\">{\"@context\":\"https:\\\/\\\/schema.org\",\"@graph\":[{\"@type\":\"WebPage\",\"@id\":\"https:\\\/\\\/www.barnes-miami.com\\\/a-propos\\\/barnes-vineyards-investment\\\/\",\"url\":\"https:\\\/\\\/www.barnes-miami.com\\\/a-propos\\\/barnes-vineyards-investment\\\/\",\"name\":\"BARNES VINEYARDS | Art de Vivre | BARNES Miami\",\"isPartOf\":{\"@id\":\"https:\\\/\\\/www.barnes-miami.com\\\/#website\"},\"primaryImageOfPage\":{\"@id\":\"https:\\\/\\\/www.barnes-miami.com\\\/a-propos\\\/barnes-vineyards-investment\\\/#primaryimage\"},\"image\":{\"@id\":\"https:\\\/\\\/www.barnes-miami.com\\\/a-propos\\\/barnes-vineyards-investment\\\/#primaryimage\"},\"thumbnailUrl\":\"https:\\\/\\\/www.barnes-miami.com\\\/wp-content\\\/uploads\\\/2025\\\/10\\\/vineyard.jpg\",\"datePublished\":\"2019-11-12T15:56:02+00:00\",\"dateModified\":\"2025-10-13T18:40:42+00:00\",\"description\":\"L'art de vivre caract\u00e9rise \u00e9galement les vins, spiritueux et les vineyards. Un cru d'exception est d\u00e9sormais un actif rare et recherch\u00e9.\",\"breadcrumb\":{\"@id\":\"https:\\\/\\\/www.barnes-miami.com\\\/a-propos\\\/barnes-vineyards-investment\\\/#breadcrumb\"},\"inLanguage\":\"pt-BR\",\"potentialAction\":[{\"@type\":\"ReadAction\",\"target\":[\"https:\\\/\\\/www.barnes-miami.com\\\/a-propos\\\/barnes-vineyards-investment\\\/\"]}]},{\"@type\":\"ImageObject\",\"inLanguage\":\"pt-BR\",\"@id\":\"https:\\\/\\\/www.barnes-miami.com\\\/a-propos\\\/barnes-vineyards-investment\\\/#primaryimage\",\"url\":\"https:\\\/\\\/www.barnes-miami.com\\\/wp-content\\\/uploads\\\/2025\\\/10\\\/vineyard.jpg\",\"contentUrl\":\"https:\\\/\\\/www.barnes-miami.com\\\/wp-content\\\/uploads\\\/2025\\\/10\\\/vineyard.jpg\",\"width\":2000,\"height\":1498},{\"@type\":\"BreadcrumbList\",\"@id\":\"https:\\\/\\\/www.barnes-miami.com\\\/a-propos\\\/barnes-vineyards-investment\\\/#breadcrumb\",\"itemListElement\":[{\"@type\":\"ListItem\",\"position\":1,\"name\":\"Accueil\",\"item\":\"https:\\\/\\\/www.barnes-miami.com\\\/\"},{\"@type\":\"ListItem\",\"position\":2,\"name\":\"A PROPOS DE BARNES\",\"item\":\"https:\\\/\\\/www.barnes-miami.com\\\/a-propos\\\/\"},{\"@type\":\"ListItem\",\"position\":3,\"name\":\"VINEYARDS\"}]},{\"@type\":\"WebSite\",\"@id\":\"https:\\\/\\\/www.barnes-miami.com\\\/#website\",\"url\":\"https:\\\/\\\/www.barnes-miami.com\\\/\",\"name\":\"BARNES Miami\",\"description\":\"#1 International Real Estate Brokerage in South Florida\",\"publisher\":{\"@id\":\"https:\\\/\\\/www.barnes-miami.com\\\/#organization\"},\"potentialAction\":[{\"@type\":\"SearchAction\",\"target\":{\"@type\":\"EntryPoint\",\"urlTemplate\":\"https:\\\/\\\/www.barnes-miami.com\\\/?s={search_term_string}\"},\"query-input\":{\"@type\":\"PropertyValueSpecification\",\"valueRequired\":true,\"valueName\":\"search_term_string\"}}],\"inLanguage\":\"pt-BR\"},{\"@type\":\"Organization\",\"@id\":\"https:\\\/\\\/www.barnes-miami.com\\\/#organization\",\"name\":\"BARNES Miami\",\"url\":\"https:\\\/\\\/www.barnes-miami.com\\\/\",\"logo\":{\"@type\":\"ImageObject\",\"inLanguage\":\"pt-BR\",\"@id\":\"https:\\\/\\\/www.barnes-miami.com\\\/#\\\/schema\\\/logo\\\/image\\\/\",\"url\":\"https:\\\/\\\/www.barnes-miami.com\\\/wp-content\\\/uploads\\\/2026\\\/01\\\/logo-2.png\",\"contentUrl\":\"https:\\\/\\\/www.barnes-miami.com\\\/wp-content\\\/uploads\\\/2026\\\/01\\\/logo-2.png\",\"width\":1100,\"height\":1100,\"caption\":\"BARNES Miami\"},\"image\":{\"@id\":\"https:\\\/\\\/www.barnes-miami.com\\\/#\\\/schema\\\/logo\\\/image\\\/\"},\"sameAs\":[\"https:\\\/\\\/www.facebook.com\\\/barnesinternationalmiami\\\/\",\"https:\\\/\\\/x.com\\\/barnesmiami\",\"https:\\\/\\\/www.instagram.com\\\/barnesmiami\\\/\",\"https:\\\/\\\/www.linkedin.com\\\/company\\\/barnes-international-miami\\\/\",\"https:\\\/\\\/www.youtube.com\\\/user\\\/BarnesImmoMiami\\\/\"]}]}<\/script>\n<!-- \/ Yoast SEO plugin. -->","yoast_head_json":{"title":"VINHEDOS DE BARNES | Arte de Viver | BARNES Miami","description":"A arte de viver caracteriza tamb\u00e9m os vinhos, as bebidas espirituosas e a vinha. Uma safra excepcional \u00e9 agora um bem raro e procurado.","robots":{"index":"index","follow":"follow","max-snippet":"max-snippet:-1","max-image-preview":"max-image-preview:large","max-video-preview":"max-video-preview:-1"},"canonical":"https:\/\/www.barnes-miami.com\/pt\/sobre\/investimento-em-vinhedos-de-barnes\/","og_locale":"pt_BR","og_type":"article","og_title":"BARNES VINEYARDS | Art de Vivre | BARNES Miami","og_description":"L'art de vivre caract\u00e9rise \u00e9galement les vins, spiritueux et les vineyards. Un cru d'exception est d\u00e9sormais un actif rare et recherch\u00e9.","og_url":"https:\/\/www.barnes-miami.com\/pt\/sobre\/investimento-em-vinhedos-de-barnes\/","og_site_name":"BARNES Miami","article_publisher":"https:\/\/www.facebook.com\/barnesinternationalmiami\/","article_modified_time":"2025-10-13T18:40:42+00:00","og_image":[{"width":2000,"height":1498,"url":"https:\/\/www.barnes-miami.com\/wp-content\/uploads\/2025\/10\/vineyard.jpg","type":"image\/jpeg"}],"twitter_card":"summary_large_image","twitter_site":"@barnesmiami","twitter_misc":{"Est. tempo de leitura":"1 minuto"},"schema":{"@context":"https:\/\/schema.org","@graph":[{"@type":"WebPage","@id":"https:\/\/www.barnes-miami.com\/a-propos\/barnes-vineyards-investment\/","url":"https:\/\/www.barnes-miami.com\/a-propos\/barnes-vineyards-investment\/","name":"VINHEDOS DE BARNES | Arte de Viver | BARNES Miami","isPartOf":{"@id":"https:\/\/www.barnes-miami.com\/#website"},"primaryImageOfPage":{"@id":"https:\/\/www.barnes-miami.com\/a-propos\/barnes-vineyards-investment\/#primaryimage"},"image":{"@id":"https:\/\/www.barnes-miami.com\/a-propos\/barnes-vineyards-investment\/#primaryimage"},"thumbnailUrl":"https:\/\/www.barnes-miami.com\/wp-content\/uploads\/2025\/10\/vineyard.jpg","datePublished":"2019-11-12T15:56:02+00:00","dateModified":"2025-10-13T18:40:42+00:00","description":"A arte de viver caracteriza tamb\u00e9m os vinhos, as bebidas espirituosas e a vinha. Uma safra excepcional \u00e9 agora um bem raro e procurado.","breadcrumb":{"@id":"https:\/\/www.barnes-miami.com\/a-propos\/barnes-vineyards-investment\/#breadcrumb"},"inLanguage":"pt-BR","potentialAction":[{"@type":"ReadAction","target":["https:\/\/www.barnes-miami.com\/a-propos\/barnes-vineyards-investment\/"]}]},{"@type":"ImageObject","inLanguage":"pt-BR","@id":"https:\/\/www.barnes-miami.com\/a-propos\/barnes-vineyards-investment\/#primaryimage","url":"https:\/\/www.barnes-miami.com\/wp-content\/uploads\/2025\/10\/vineyard.jpg","contentUrl":"https:\/\/www.barnes-miami.com\/wp-content\/uploads\/2025\/10\/vineyard.jpg","width":2000,"height":1498},{"@type":"BreadcrumbList","@id":"https:\/\/www.barnes-miami.com\/a-propos\/barnes-vineyards-investment\/#breadcrumb","itemListElement":[{"@type":"ListItem","position":1,"name":"Accueil","item":"https:\/\/www.barnes-miami.com\/"},{"@type":"ListItem","position":2,"name":"A PROPOS DE BARNES","item":"https:\/\/www.barnes-miami.com\/a-propos\/"},{"@type":"ListItem","position":3,"name":"VINEYARDS"}]},{"@type":"WebSite","@id":"https:\/\/www.barnes-miami.com\/#website","url":"https:\/\/www.barnes-miami.com\/","name":"BARNES Miami","description":"#1 Corretora Imobili\u00e1ria Internacional no Sul da Fl\u00f3rida","publisher":{"@id":"https:\/\/www.barnes-miami.com\/#organization"},"potentialAction":[{"@type":"SearchAction","target":{"@type":"EntryPoint","urlTemplate":"https:\/\/www.barnes-miami.com\/?s={search_term_string}"},"query-input":{"@type":"PropertyValueSpecification","valueRequired":true,"valueName":"search_term_string"}}],"inLanguage":"pt-BR"},{"@type":"Organization","@id":"https:\/\/www.barnes-miami.com\/#organization","name":"BARNES Miami","url":"https:\/\/www.barnes-miami.com\/","logo":{"@type":"ImageObject","inLanguage":"pt-BR","@id":"https:\/\/www.barnes-miami.com\/#\/schema\/logo\/image\/","url":"https:\/\/www.barnes-miami.com\/wp-content\/uploads\/2026\/01\/logo-2.png","contentUrl":"https:\/\/www.barnes-miami.com\/wp-content\/uploads\/2026\/01\/logo-2.png","width":1100,"height":1100,"caption":"BARNES Miami"},"image":{"@id":"https:\/\/www.barnes-miami.com\/#\/schema\/logo\/image\/"},"sameAs":["https:\/\/www.facebook.com\/barnesinternationalmiami\/","https:\/\/x.com\/barnesmiami","https:\/\/www.instagram.com\/barnesmiami\/","https:\/\/www.linkedin.com\/company\/barnes-international-miami\/","https:\/\/www.youtube.com\/user\/BarnesImmoMiami\/"]}]}},"_links":{"self":[{"href":"https:\/\/www.barnes-miami.com\/pt\/wp-json\/wp\/v2\/pages\/22528","targetHints":{"allow":["GET"]}}],"collection":[{"href":"https:\/\/www.barnes-miami.com\/pt\/wp-json\/wp\/v2\/pages"}],"about":[{"href":"https:\/\/www.barnes-miami.com\/pt\/wp-json\/wp\/v2\/types\/page"}],"author":[{"embeddable":true,"href":"https:\/\/www.barnes-miami.com\/pt\/wp-json\/wp\/v2\/users\/2"}],"replies":[{"embeddable":true,"href":"https:\/\/www.barnes-miami.com\/pt\/wp-json\/wp\/v2\/comments?post=22528"}],"version-history":[{"count":25,"href":"https:\/\/www.barnes-miami.com\/pt\/wp-json\/wp\/v2\/pages\/22528\/revisions"}],"predecessor-version":[{"id":30116,"href":"https:\/\/www.barnes-miami.com\/pt\/wp-json\/wp\/v2\/pages\/22528\/revisions\/30116"}],"up":[{"embeddable":true,"href":"https:\/\/www.barnes-miami.com\/pt\/wp-json\/wp\/v2\/pages\/22777"}],"wp:featuredmedia":[{"embeddable":true,"href":"https:\/\/www.barnes-miami.com\/pt\/wp-json\/wp\/v2\/media\/29950"}],"wp:attachment":[{"href":"https:\/\/www.barnes-miami.com\/pt\/wp-json\/wp\/v2\/media?parent=22528"}],"curies":[{"name":"wp","href":"https:\/\/api.w.org\/{rel}","templated":true}]}}