{"id":23067,"date":"2019-12-01T17:46:35","date_gmt":"2019-12-01T22:46:35","guid":{"rendered":"https:\/\/www.barnes-miami.com\/?page_id=23067"},"modified":"2019-12-01T17:46:35","modified_gmt":"2019-12-01T22:46:35","slug":"costa-de-miami","status":"publish","type":"page","link":"https:\/\/www.barnes-miami.com\/pt\/miami-shores\/","title":{"rendered":"Costas de Miami"},"content":{"rendered":"<figure class=\"wp-block-image size-large\"><img loading=\"lazy\" decoding=\"async\" width=\"825\" height=\"510\" src=\"https:\/\/www.barnes-miami.com\/wp-content\/uploads\/2019\/12\/Miami_Shores.jpg\" alt=\"\" class=\"wp-image-23068\" srcset=\"https:\/\/www.barnes-miami.com\/wp-content\/uploads\/2019\/12\/Miami_Shores.jpg 825w, https:\/\/www.barnes-miami.com\/wp-content\/uploads\/2019\/12\/Miami_Shores-300x185.jpg 300w, https:\/\/www.barnes-miami.com\/wp-content\/uploads\/2019\/12\/Miami_Shores-768x475.jpg 768w\" sizes=\"auto, (max-width: 825px) 100vw, 825px\" \/><\/figure>\n\n\n\n<p>Fundada na d\u00e9cada de 1920, Miami Shores \u00e9 uma vila localizada ao norte de Miami que foi incorporada \u00e0 \u00e1rea metropolitana em 1932.<br><\/p>\n\n\n\n<p>\u00c9 uma \u00e1rea residencial onde vivem as pessoas que trabalham no centro da cidade. Com poucas constru\u00e7\u00f5es, a paisagem \u00e9 apenas de casas em estilo Art D\u00e9co ou mediterr\u00e2neo, alinhadas umas ao lado das outras. A \u00e1rea comercial do bairro se estende pela 2\u00aa Avenida e Biscayne Boulevard, tudo em um clima bem \u201cde aldeia\u201d.<\/p>","protected":false},"excerpt":{"rendered":"<p>Fond\u00e9 dans les ann\u00e9es 1920\u2019s, Miami Shores est un village situ\u00e9 en au nord de Miami qui a \u00e9t\u00e9 incorpor\u00e9 \u00e0 l\u2019agglom\u00e9ration en 1932. C\u2019est un quartier r\u00e9sidentiel o\u00f9 logent les personnes travaillant au centre-ville. Avec peu d\u2019immeubles, le paysage n\u2019est que maisons au style Art Deco ou m\u00e9diterran\u00e9en, s\u2019alignant les unes \u00e0 c\u00f4t\u00e9 des [&hellip;]<\/p>\n","protected":false},"author":1,"featured_media":0,"parent":0,"menu_order":0,"comment_status":"closed","ping_status":"closed","template":"","meta":{"inline_featured_image":false,"footnotes":""},"class_list":["post-23067","page","type-page","status-publish","hentry"],"yoast_head":"<!-- This site is optimized with the Yoast SEO plugin v27.3 - https:\/\/yoast.com\/product\/yoast-seo-wordpress\/ -->\n<title>Miami Shores - BARNES Miami<\/title>\n<meta name=\"robots\" content=\"index, follow, max-snippet:-1, max-image-preview:large, max-video-preview:-1\" \/>\n<link rel=\"canonical\" href=\"https:\/\/www.barnes-miami.com\/pt\/miami-shore\/\" \/>\n<meta property=\"og:locale\" content=\"pt_BR\" \/>\n<meta property=\"og:type\" content=\"article\" \/>\n<meta property=\"og:title\" content=\"Miami Shores - BARNES Miami\" \/>\n<meta property=\"og:description\" content=\"Fond\u00e9 dans les ann\u00e9es 1920\u2019s, Miami Shores est un village situ\u00e9 en au nord de Miami qui a \u00e9t\u00e9 incorpor\u00e9 \u00e0 l\u2019agglom\u00e9ration en 1932. C\u2019est un quartier r\u00e9sidentiel o\u00f9 logent les personnes travaillant au centre-ville. Avec peu d\u2019immeubles, le paysage n\u2019est que maisons au style Art Deco ou m\u00e9diterran\u00e9en, s\u2019alignant les unes \u00e0 c\u00f4t\u00e9 des [&hellip;]\" \/>\n<meta property=\"og:url\" content=\"https:\/\/www.barnes-miami.com\/pt\/miami-shore\/\" \/>\n<meta property=\"og:site_name\" content=\"BARNES Miami\" \/>\n<meta property=\"article:publisher\" content=\"https:\/\/www.facebook.com\/barnesinternationalmiami\/\" \/>\n<meta property=\"og:image\" content=\"https:\/\/www.barnes-miami.com\/wp-content\/uploads\/2019\/12\/Miami_Shores.jpg\" \/>\n<meta name=\"twitter:card\" content=\"summary_large_image\" \/>\n<meta name=\"twitter:site\" content=\"@barnesmiami\" \/>\n<script type=\"application\/ld+json\" class=\"yoast-schema-graph\">{\"@context\":\"https:\\\/\\\/schema.org\",\"@graph\":[{\"@type\":\"WebPage\",\"@id\":\"https:\\\/\\\/www.barnes-miami.com\\\/en\\\/miami-shore\\\/\",\"url\":\"https:\\\/\\\/www.barnes-miami.com\\\/en\\\/miami-shore\\\/\",\"name\":\"Miami Shores - BARNES Miami\",\"isPartOf\":{\"@id\":\"https:\\\/\\\/www.barnes-miami.com\\\/#website\"},\"primaryImageOfPage\":{\"@id\":\"https:\\\/\\\/www.barnes-miami.com\\\/en\\\/miami-shore\\\/#primaryimage\"},\"image\":{\"@id\":\"https:\\\/\\\/www.barnes-miami.com\\\/en\\\/miami-shore\\\/#primaryimage\"},\"thumbnailUrl\":\"https:\\\/\\\/www.barnes-miami.com\\\/wp-content\\\/uploads\\\/2019\\\/12\\\/Miami_Shores.jpg\",\"datePublished\":\"2019-12-01T22:46:35+00:00\",\"breadcrumb\":{\"@id\":\"https:\\\/\\\/www.barnes-miami.com\\\/en\\\/miami-shore\\\/#breadcrumb\"},\"inLanguage\":\"pt-BR\",\"potentialAction\":[{\"@type\":\"ReadAction\",\"target\":[\"https:\\\/\\\/www.barnes-miami.com\\\/en\\\/miami-shore\\\/\"]}]},{\"@type\":\"ImageObject\",\"inLanguage\":\"pt-BR\",\"@id\":\"https:\\\/\\\/www.barnes-miami.com\\\/en\\\/miami-shore\\\/#primaryimage\",\"url\":\"https:\\\/\\\/www.barnes-miami.com\\\/wp-content\\\/uploads\\\/2019\\\/12\\\/Miami_Shores.jpg\",\"contentUrl\":\"https:\\\/\\\/www.barnes-miami.com\\\/wp-content\\\/uploads\\\/2019\\\/12\\\/Miami_Shores.jpg\"},{\"@type\":\"BreadcrumbList\",\"@id\":\"https:\\\/\\\/www.barnes-miami.com\\\/en\\\/miami-shore\\\/#breadcrumb\",\"itemListElement\":[{\"@type\":\"ListItem\",\"position\":1,\"name\":\"Accueil\",\"item\":\"https:\\\/\\\/www.barnes-miami.com\\\/\"},{\"@type\":\"ListItem\",\"position\":2,\"name\":\"Miami Shores\"}]},{\"@type\":\"WebSite\",\"@id\":\"https:\\\/\\\/www.barnes-miami.com\\\/#website\",\"url\":\"https:\\\/\\\/www.barnes-miami.com\\\/\",\"name\":\"BARNES Miami\",\"description\":\"#1 International Real Estate Brokerage in South Florida\",\"publisher\":{\"@id\":\"https:\\\/\\\/www.barnes-miami.com\\\/#organization\"},\"potentialAction\":[{\"@type\":\"SearchAction\",\"target\":{\"@type\":\"EntryPoint\",\"urlTemplate\":\"https:\\\/\\\/www.barnes-miami.com\\\/?s={search_term_string}\"},\"query-input\":{\"@type\":\"PropertyValueSpecification\",\"valueRequired\":true,\"valueName\":\"search_term_string\"}}],\"inLanguage\":\"pt-BR\"},{\"@type\":\"Organization\",\"@id\":\"https:\\\/\\\/www.barnes-miami.com\\\/#organization\",\"name\":\"BARNES Miami\",\"url\":\"https:\\\/\\\/www.barnes-miami.com\\\/\",\"logo\":{\"@type\":\"ImageObject\",\"inLanguage\":\"pt-BR\",\"@id\":\"https:\\\/\\\/www.barnes-miami.com\\\/#\\\/schema\\\/logo\\\/image\\\/\",\"url\":\"https:\\\/\\\/www.barnes-miami.com\\\/wp-content\\\/uploads\\\/2026\\\/01\\\/logo-2.png\",\"contentUrl\":\"https:\\\/\\\/www.barnes-miami.com\\\/wp-content\\\/uploads\\\/2026\\\/01\\\/logo-2.png\",\"width\":1100,\"height\":1100,\"caption\":\"BARNES Miami\"},\"image\":{\"@id\":\"https:\\\/\\\/www.barnes-miami.com\\\/#\\\/schema\\\/logo\\\/image\\\/\"},\"sameAs\":[\"https:\\\/\\\/www.facebook.com\\\/barnesinternationalmiami\\\/\",\"https:\\\/\\\/x.com\\\/barnesmiami\",\"https:\\\/\\\/www.instagram.com\\\/barnesmiami\\\/\",\"https:\\\/\\\/www.linkedin.com\\\/company\\\/barnes-international-miami\\\/\",\"https:\\\/\\\/www.youtube.com\\\/user\\\/BarnesImmoMiami\\\/\"]}]}<\/script>\n<!-- \/ Yoast SEO plugin. -->","yoast_head_json":{"title":"Costa de Miami - BARNES Miami","robots":{"index":"index","follow":"follow","max-snippet":"max-snippet:-1","max-image-preview":"max-image-preview:large","max-video-preview":"max-video-preview:-1"},"canonical":"https:\/\/www.barnes-miami.com\/pt\/miami-shore\/","og_locale":"pt_BR","og_type":"article","og_title":"Miami Shores - BARNES Miami","og_description":"Fond\u00e9 dans les ann\u00e9es 1920\u2019s, Miami Shores est un village situ\u00e9 en au nord de Miami qui a \u00e9t\u00e9 incorpor\u00e9 \u00e0 l\u2019agglom\u00e9ration en 1932. C\u2019est un quartier r\u00e9sidentiel o\u00f9 logent les personnes travaillant au centre-ville. Avec peu d\u2019immeubles, le paysage n\u2019est que maisons au style Art Deco ou m\u00e9diterran\u00e9en, s\u2019alignant les unes \u00e0 c\u00f4t\u00e9 des [&hellip;]","og_url":"https:\/\/www.barnes-miami.com\/pt\/miami-shore\/","og_site_name":"BARNES Miami","article_publisher":"https:\/\/www.facebook.com\/barnesinternationalmiami\/","og_image":[{"url":"https:\/\/www.barnes-miami.com\/wp-content\/uploads\/2019\/12\/Miami_Shores.jpg","type":"","width":"","height":""}],"twitter_card":"summary_large_image","twitter_site":"@barnesmiami","schema":{"@context":"https:\/\/schema.org","@graph":[{"@type":"WebPage","@id":"https:\/\/www.barnes-miami.com\/en\/miami-shore\/","url":"https:\/\/www.barnes-miami.com\/en\/miami-shore\/","name":"Costa de Miami - BARNES Miami","isPartOf":{"@id":"https:\/\/www.barnes-miami.com\/#website"},"primaryImageOfPage":{"@id":"https:\/\/www.barnes-miami.com\/en\/miami-shore\/#primaryimage"},"image":{"@id":"https:\/\/www.barnes-miami.com\/en\/miami-shore\/#primaryimage"},"thumbnailUrl":"https:\/\/www.barnes-miami.com\/wp-content\/uploads\/2019\/12\/Miami_Shores.jpg","datePublished":"2019-12-01T22:46:35+00:00","breadcrumb":{"@id":"https:\/\/www.barnes-miami.com\/en\/miami-shore\/#breadcrumb"},"inLanguage":"pt-BR","potentialAction":[{"@type":"ReadAction","target":["https:\/\/www.barnes-miami.com\/en\/miami-shore\/"]}]},{"@type":"ImageObject","inLanguage":"pt-BR","@id":"https:\/\/www.barnes-miami.com\/en\/miami-shore\/#primaryimage","url":"https:\/\/www.barnes-miami.com\/wp-content\/uploads\/2019\/12\/Miami_Shores.jpg","contentUrl":"https:\/\/www.barnes-miami.com\/wp-content\/uploads\/2019\/12\/Miami_Shores.jpg"},{"@type":"BreadcrumbList","@id":"https:\/\/www.barnes-miami.com\/en\/miami-shore\/#breadcrumb","itemListElement":[{"@type":"ListItem","position":1,"name":"Accueil","item":"https:\/\/www.barnes-miami.com\/"},{"@type":"ListItem","position":2,"name":"Miami Shores"}]},{"@type":"WebSite","@id":"https:\/\/www.barnes-miami.com\/#website","url":"https:\/\/www.barnes-miami.com\/","name":"BARNES Miami","description":"#1 Corretora Imobili\u00e1ria Internacional no Sul da Fl\u00f3rida","publisher":{"@id":"https:\/\/www.barnes-miami.com\/#organization"},"potentialAction":[{"@type":"SearchAction","target":{"@type":"EntryPoint","urlTemplate":"https:\/\/www.barnes-miami.com\/?s={search_term_string}"},"query-input":{"@type":"PropertyValueSpecification","valueRequired":true,"valueName":"search_term_string"}}],"inLanguage":"pt-BR"},{"@type":"Organization","@id":"https:\/\/www.barnes-miami.com\/#organization","name":"BARNES Miami","url":"https:\/\/www.barnes-miami.com\/","logo":{"@type":"ImageObject","inLanguage":"pt-BR","@id":"https:\/\/www.barnes-miami.com\/#\/schema\/logo\/image\/","url":"https:\/\/www.barnes-miami.com\/wp-content\/uploads\/2026\/01\/logo-2.png","contentUrl":"https:\/\/www.barnes-miami.com\/wp-content\/uploads\/2026\/01\/logo-2.png","width":1100,"height":1100,"caption":"BARNES Miami"},"image":{"@id":"https:\/\/www.barnes-miami.com\/#\/schema\/logo\/image\/"},"sameAs":["https:\/\/www.facebook.com\/barnesinternationalmiami\/","https:\/\/x.com\/barnesmiami","https:\/\/www.instagram.com\/barnesmiami\/","https:\/\/www.linkedin.com\/company\/barnes-international-miami\/","https:\/\/www.youtube.com\/user\/BarnesImmoMiami\/"]}]}},"_links":{"self":[{"href":"https:\/\/www.barnes-miami.com\/pt\/wp-json\/wp\/v2\/pages\/23067","targetHints":{"allow":["GET"]}}],"collection":[{"href":"https:\/\/www.barnes-miami.com\/pt\/wp-json\/wp\/v2\/pages"}],"about":[{"href":"https:\/\/www.barnes-miami.com\/pt\/wp-json\/wp\/v2\/types\/page"}],"author":[{"embeddable":true,"href":"https:\/\/www.barnes-miami.com\/pt\/wp-json\/wp\/v2\/users\/1"}],"replies":[{"embeddable":true,"href":"https:\/\/www.barnes-miami.com\/pt\/wp-json\/wp\/v2\/comments?post=23067"}],"version-history":[{"count":1,"href":"https:\/\/www.barnes-miami.com\/pt\/wp-json\/wp\/v2\/pages\/23067\/revisions"}],"predecessor-version":[{"id":23069,"href":"https:\/\/www.barnes-miami.com\/pt\/wp-json\/wp\/v2\/pages\/23067\/revisions\/23069"}],"wp:attachment":[{"href":"https:\/\/www.barnes-miami.com\/pt\/wp-json\/wp\/v2\/media?parent=23067"}],"curies":[{"name":"wp","href":"https:\/\/api.w.org\/{rel}","templated":true}]}}