{"id":23090,"date":"2019-12-01T17:59:43","date_gmt":"2019-12-01T22:59:43","guid":{"rendered":"https:\/\/www.barnes-miami.com\/?page_id=23090"},"modified":"2019-12-01T17:59:43","modified_gmt":"2019-12-01T22:59:43","slug":"zona-leste-superior","status":"publish","type":"page","link":"https:\/\/www.barnes-miami.com\/pt\/upper-east-side\/","title":{"rendered":"Lado Leste Superior"},"content":{"rendered":"<figure class=\"wp-block-image size-large\"><img loading=\"lazy\" decoding=\"async\" width=\"732\" height=\"304\" src=\"https:\/\/www.barnes-miami.com\/wp-content\/uploads\/2019\/12\/upper-east-side.jpg\" alt=\"\" class=\"wp-image-23091\" srcset=\"https:\/\/www.barnes-miami.com\/wp-content\/uploads\/2019\/12\/upper-east-side.jpg 732w, https:\/\/www.barnes-miami.com\/wp-content\/uploads\/2019\/12\/upper-east-side-300x125.jpg 300w\" sizes=\"auto, (max-width: 732px) 100vw, 732px\" \/><\/figure>\n\n\n\n<p>O Upper East Side \u00e9 o pequeno bairro que separa o din\u00e2mico Wynwood do pac\u00edfico norte de Miami. O local \u00e9 conhecido por seus antagonismos. Entre a cidade e os sub\u00farbios, a arquitetura cl\u00e1ssica se mistura com a modernidade dos novos edif\u00edcios e as boutiques chiques ficam repletas de moradores com looks bem casuais.<\/p>\n\n\n\n<p>L\u00e1 voc\u00ea pode descobrir o MiMo Historic District, uma parte do Biscayne Boulevard que compreende um conjunto \u00fanico de edif\u00edcios com afrescos coloridos e fantasiosos, pintados em rea\u00e7\u00e3o \u00e0 triste arquitetura do p\u00f3s-guerra.<\/p>\n\n\n\n<blockquote class=\"wp-block-quote is-layout-flow wp-block-quote-is-layout-flow\"><p>Cl\u00e1ssico e moderno, residencial e chique: o Upper East Side cultiva suas contradi\u00e7\u00f5es.<\/p><\/blockquote>\n\n\n\n<p>Existem tr\u00eas comunidades muito agrad\u00e1veis para se viver:<\/p>\n\n\n\n<p><strong>Ponto da Ba\u00eda<\/strong>, com 250 casas, um lago interior, uma ilha e acesso \u00e0 ba\u00eda, \u00e9 uma das comunidades privadas mais antigas de Miami, apenas para convidados. Durante muito tempo, \u201co segredo mais bem guardado de Miami\u201d porque ningu\u00e9m sabia o que estava escondido atr\u00e1s destas grandes paredes brancas. Este pequeno para\u00edso no centro da cidade tem sido objecto de not\u00e1vel especula\u00e7\u00e3o, uma vez que os pre\u00e7os das casas por vezes mais do que triplicaram em 2 ou 3 anos.<\/p>\n\n\n\n<p><strong>Lado da manh\u00e3<\/strong>, que fica ao lado de Bay Point, \u00e9 vigiada, mas n\u00e3o privada. Os caminhos s\u00e3o largos, a vegeta\u00e7\u00e3o \u00e9 soberba e luxuriante, e h\u00e1 um encantador conjunto arquitect\u00f3nico com casas da d\u00e9cada de 1930, exemplar da arquitectura dos anos 50 e at\u00e9 MIMO dos anos 60. Parte da \u00e1rea tamb\u00e9m est\u00e1 classificada e protegida. \u00c0 beira da ba\u00eda, um parque p\u00fablico oferece quadras de t\u00eanis e esportes.<\/p>\n\n\n\n<p>Um pouco mais alto, <strong>Bela Meade<\/strong> tamb\u00e9m \u00e9 guardado, mas n\u00e3o privado. Os franceses se apaixonaram por esse bairro muito verde e descontra\u00eddo e muitos deles compraram l\u00e1 uma casa \u00e0 beira-mar, embora os pre\u00e7os fossem bem mais baixos do que em Miami Beach. Belle Meade se beneficia da transforma\u00e7\u00e3o do bairro <strong>MIMO<\/strong> onde os antigos e dilapidados mot\u00e9is s\u00e3o gradualmente transformados em hot\u00e9is de charme, como se estiv\u00e9ssemos revisitando filmes americanos da d\u00e9cada de 1960. Sob a lideran\u00e7a de alguns aficionados desta \u00e9poca, incluindo a empreendedora Avra Jain, os edif\u00edcios dedicados \u00e0 destrui\u00e7\u00e3o chegam a vida e conte uma hist\u00f3ria esquecida de Miami.<\/p>","protected":false},"excerpt":{"rendered":"<p>L\u2019Upper East Side est le petit quartier s\u00e9parant le dynamique Wynwood du paisible North Miami. L\u2019endroit est connu pour ses antagonismes. Entre ville et banlieue, l\u2019architecture classique se m\u00eale \u00e0 la modernit\u00e9 des nouveaux b\u00e2timents et les boutiques chics regorgent de r\u00e9sidents aux looks tr\u00e8s d\u00e9contract\u00e9s. On peut y d\u00e9couvrir le MiMo Historic District, une [&hellip;]<\/p>\n","protected":false},"author":1,"featured_media":0,"parent":0,"menu_order":0,"comment_status":"closed","ping_status":"closed","template":"","meta":{"inline_featured_image":false,"footnotes":""},"class_list":["post-23090","page","type-page","status-publish","hentry"],"yoast_head":"<!-- This site is optimized with the Yoast SEO plugin v27.4 - https:\/\/yoast.com\/product\/yoast-seo-wordpress\/ -->\n<title>Upper East Side - BARNES Miami<\/title>\n<meta name=\"robots\" content=\"index, follow, max-snippet:-1, max-image-preview:large, max-video-preview:-1\" \/>\n<link rel=\"canonical\" href=\"https:\/\/www.barnes-miami.com\/pt\/zona-leste-superior\/\" \/>\n<meta property=\"og:locale\" content=\"pt_BR\" \/>\n<meta property=\"og:type\" content=\"article\" \/>\n<meta property=\"og:title\" content=\"Upper East Side - BARNES Miami\" \/>\n<meta property=\"og:description\" content=\"L\u2019Upper East Side est le petit quartier s\u00e9parant le dynamique Wynwood du paisible North Miami. L\u2019endroit est connu pour ses antagonismes. Entre ville et banlieue, l\u2019architecture classique se m\u00eale \u00e0 la modernit\u00e9 des nouveaux b\u00e2timents et les boutiques chics regorgent de r\u00e9sidents aux looks tr\u00e8s d\u00e9contract\u00e9s. On peut y d\u00e9couvrir le MiMo Historic District, une [&hellip;]\" \/>\n<meta property=\"og:url\" content=\"https:\/\/www.barnes-miami.com\/pt\/zona-leste-superior\/\" \/>\n<meta property=\"og:site_name\" content=\"BARNES Miami\" \/>\n<meta property=\"article:publisher\" content=\"https:\/\/www.facebook.com\/barnesinternationalmiami\/\" \/>\n<meta property=\"og:image\" content=\"https:\/\/www.barnes-miami.com\/wp-content\/uploads\/2019\/12\/upper-east-side.jpg\" \/>\n<meta name=\"twitter:card\" content=\"summary_large_image\" \/>\n<meta name=\"twitter:site\" content=\"@barnesmiami\" \/>\n<meta name=\"twitter:label1\" content=\"Est. tempo de leitura\" \/>\n\t<meta name=\"twitter:data1\" content=\"2 minutos\" \/>\n<script type=\"application\/ld+json\" class=\"yoast-schema-graph\">{\"@context\":\"https:\\\/\\\/schema.org\",\"@graph\":[{\"@type\":\"WebPage\",\"@id\":\"https:\\\/\\\/www.barnes-miami.com\\\/en\\\/upper-east-side\\\/\",\"url\":\"https:\\\/\\\/www.barnes-miami.com\\\/en\\\/upper-east-side\\\/\",\"name\":\"Upper East Side - BARNES Miami\",\"isPartOf\":{\"@id\":\"https:\\\/\\\/www.barnes-miami.com\\\/#website\"},\"primaryImageOfPage\":{\"@id\":\"https:\\\/\\\/www.barnes-miami.com\\\/en\\\/upper-east-side\\\/#primaryimage\"},\"image\":{\"@id\":\"https:\\\/\\\/www.barnes-miami.com\\\/en\\\/upper-east-side\\\/#primaryimage\"},\"thumbnailUrl\":\"https:\\\/\\\/www.barnes-miami.com\\\/wp-content\\\/uploads\\\/2019\\\/12\\\/upper-east-side.jpg\",\"datePublished\":\"2019-12-01T22:59:43+00:00\",\"breadcrumb\":{\"@id\":\"https:\\\/\\\/www.barnes-miami.com\\\/en\\\/upper-east-side\\\/#breadcrumb\"},\"inLanguage\":\"pt-BR\",\"potentialAction\":[{\"@type\":\"ReadAction\",\"target\":[\"https:\\\/\\\/www.barnes-miami.com\\\/en\\\/upper-east-side\\\/\"]}]},{\"@type\":\"ImageObject\",\"inLanguage\":\"pt-BR\",\"@id\":\"https:\\\/\\\/www.barnes-miami.com\\\/en\\\/upper-east-side\\\/#primaryimage\",\"url\":\"https:\\\/\\\/www.barnes-miami.com\\\/wp-content\\\/uploads\\\/2019\\\/12\\\/upper-east-side.jpg\",\"contentUrl\":\"https:\\\/\\\/www.barnes-miami.com\\\/wp-content\\\/uploads\\\/2019\\\/12\\\/upper-east-side.jpg\"},{\"@type\":\"BreadcrumbList\",\"@id\":\"https:\\\/\\\/www.barnes-miami.com\\\/en\\\/upper-east-side\\\/#breadcrumb\",\"itemListElement\":[{\"@type\":\"ListItem\",\"position\":1,\"name\":\"Accueil\",\"item\":\"https:\\\/\\\/www.barnes-miami.com\\\/\"},{\"@type\":\"ListItem\",\"position\":2,\"name\":\"Upper East Side\"}]},{\"@type\":\"WebSite\",\"@id\":\"https:\\\/\\\/www.barnes-miami.com\\\/#website\",\"url\":\"https:\\\/\\\/www.barnes-miami.com\\\/\",\"name\":\"BARNES Miami\",\"description\":\"#1 International Real Estate Brokerage in South Florida\",\"publisher\":{\"@id\":\"https:\\\/\\\/www.barnes-miami.com\\\/#organization\"},\"potentialAction\":[{\"@type\":\"SearchAction\",\"target\":{\"@type\":\"EntryPoint\",\"urlTemplate\":\"https:\\\/\\\/www.barnes-miami.com\\\/?s={search_term_string}\"},\"query-input\":{\"@type\":\"PropertyValueSpecification\",\"valueRequired\":true,\"valueName\":\"search_term_string\"}}],\"inLanguage\":\"pt-BR\"},{\"@type\":\"Organization\",\"@id\":\"https:\\\/\\\/www.barnes-miami.com\\\/#organization\",\"name\":\"BARNES Miami\",\"url\":\"https:\\\/\\\/www.barnes-miami.com\\\/\",\"logo\":{\"@type\":\"ImageObject\",\"inLanguage\":\"pt-BR\",\"@id\":\"https:\\\/\\\/www.barnes-miami.com\\\/#\\\/schema\\\/logo\\\/image\\\/\",\"url\":\"https:\\\/\\\/www.barnes-miami.com\\\/wp-content\\\/uploads\\\/2026\\\/01\\\/logo-2.png\",\"contentUrl\":\"https:\\\/\\\/www.barnes-miami.com\\\/wp-content\\\/uploads\\\/2026\\\/01\\\/logo-2.png\",\"width\":1100,\"height\":1100,\"caption\":\"BARNES Miami\"},\"image\":{\"@id\":\"https:\\\/\\\/www.barnes-miami.com\\\/#\\\/schema\\\/logo\\\/image\\\/\"},\"sameAs\":[\"https:\\\/\\\/www.facebook.com\\\/barnesinternationalmiami\\\/\",\"https:\\\/\\\/x.com\\\/barnesmiami\",\"https:\\\/\\\/www.instagram.com\\\/barnesmiami\\\/\",\"https:\\\/\\\/www.linkedin.com\\\/company\\\/barnes-international-miami\\\/\",\"https:\\\/\\\/www.youtube.com\\\/user\\\/BarnesImmoMiami\\\/\"]}]}<\/script>\n<!-- \/ Yoast SEO plugin. -->","yoast_head_json":{"title":"Upper East Side - BARNES Miami","robots":{"index":"index","follow":"follow","max-snippet":"max-snippet:-1","max-image-preview":"max-image-preview:large","max-video-preview":"max-video-preview:-1"},"canonical":"https:\/\/www.barnes-miami.com\/pt\/zona-leste-superior\/","og_locale":"pt_BR","og_type":"article","og_title":"Upper East Side - BARNES Miami","og_description":"L\u2019Upper East Side est le petit quartier s\u00e9parant le dynamique Wynwood du paisible North Miami. L\u2019endroit est connu pour ses antagonismes. Entre ville et banlieue, l\u2019architecture classique se m\u00eale \u00e0 la modernit\u00e9 des nouveaux b\u00e2timents et les boutiques chics regorgent de r\u00e9sidents aux looks tr\u00e8s d\u00e9contract\u00e9s. On peut y d\u00e9couvrir le MiMo Historic District, une [&hellip;]","og_url":"https:\/\/www.barnes-miami.com\/pt\/zona-leste-superior\/","og_site_name":"BARNES Miami","article_publisher":"https:\/\/www.facebook.com\/barnesinternationalmiami\/","og_image":[{"url":"https:\/\/www.barnes-miami.com\/wp-content\/uploads\/2019\/12\/upper-east-side.jpg","type":"","width":"","height":""}],"twitter_card":"summary_large_image","twitter_site":"@barnesmiami","twitter_misc":{"Est. tempo de leitura":"2 minutos"},"schema":{"@context":"https:\/\/schema.org","@graph":[{"@type":"WebPage","@id":"https:\/\/www.barnes-miami.com\/en\/upper-east-side\/","url":"https:\/\/www.barnes-miami.com\/en\/upper-east-side\/","name":"Upper East Side - BARNES Miami","isPartOf":{"@id":"https:\/\/www.barnes-miami.com\/#website"},"primaryImageOfPage":{"@id":"https:\/\/www.barnes-miami.com\/en\/upper-east-side\/#primaryimage"},"image":{"@id":"https:\/\/www.barnes-miami.com\/en\/upper-east-side\/#primaryimage"},"thumbnailUrl":"https:\/\/www.barnes-miami.com\/wp-content\/uploads\/2019\/12\/upper-east-side.jpg","datePublished":"2019-12-01T22:59:43+00:00","breadcrumb":{"@id":"https:\/\/www.barnes-miami.com\/en\/upper-east-side\/#breadcrumb"},"inLanguage":"pt-BR","potentialAction":[{"@type":"ReadAction","target":["https:\/\/www.barnes-miami.com\/en\/upper-east-side\/"]}]},{"@type":"ImageObject","inLanguage":"pt-BR","@id":"https:\/\/www.barnes-miami.com\/en\/upper-east-side\/#primaryimage","url":"https:\/\/www.barnes-miami.com\/wp-content\/uploads\/2019\/12\/upper-east-side.jpg","contentUrl":"https:\/\/www.barnes-miami.com\/wp-content\/uploads\/2019\/12\/upper-east-side.jpg"},{"@type":"BreadcrumbList","@id":"https:\/\/www.barnes-miami.com\/en\/upper-east-side\/#breadcrumb","itemListElement":[{"@type":"ListItem","position":1,"name":"Accueil","item":"https:\/\/www.barnes-miami.com\/"},{"@type":"ListItem","position":2,"name":"Upper East Side"}]},{"@type":"WebSite","@id":"https:\/\/www.barnes-miami.com\/#website","url":"https:\/\/www.barnes-miami.com\/","name":"BARNES Miami","description":"#1 Corretora Imobili\u00e1ria Internacional no Sul da Fl\u00f3rida","publisher":{"@id":"https:\/\/www.barnes-miami.com\/#organization"},"potentialAction":[{"@type":"SearchAction","target":{"@type":"EntryPoint","urlTemplate":"https:\/\/www.barnes-miami.com\/?s={search_term_string}"},"query-input":{"@type":"PropertyValueSpecification","valueRequired":true,"valueName":"search_term_string"}}],"inLanguage":"pt-BR"},{"@type":"Organization","@id":"https:\/\/www.barnes-miami.com\/#organization","name":"BARNES Miami","url":"https:\/\/www.barnes-miami.com\/","logo":{"@type":"ImageObject","inLanguage":"pt-BR","@id":"https:\/\/www.barnes-miami.com\/#\/schema\/logo\/image\/","url":"https:\/\/www.barnes-miami.com\/wp-content\/uploads\/2026\/01\/logo-2.png","contentUrl":"https:\/\/www.barnes-miami.com\/wp-content\/uploads\/2026\/01\/logo-2.png","width":1100,"height":1100,"caption":"BARNES Miami"},"image":{"@id":"https:\/\/www.barnes-miami.com\/#\/schema\/logo\/image\/"},"sameAs":["https:\/\/www.facebook.com\/barnesinternationalmiami\/","https:\/\/x.com\/barnesmiami","https:\/\/www.instagram.com\/barnesmiami\/","https:\/\/www.linkedin.com\/company\/barnes-international-miami\/","https:\/\/www.youtube.com\/user\/BarnesImmoMiami\/"]}]}},"_links":{"self":[{"href":"https:\/\/www.barnes-miami.com\/pt\/wp-json\/wp\/v2\/pages\/23090","targetHints":{"allow":["GET"]}}],"collection":[{"href":"https:\/\/www.barnes-miami.com\/pt\/wp-json\/wp\/v2\/pages"}],"about":[{"href":"https:\/\/www.barnes-miami.com\/pt\/wp-json\/wp\/v2\/types\/page"}],"author":[{"embeddable":true,"href":"https:\/\/www.barnes-miami.com\/pt\/wp-json\/wp\/v2\/users\/1"}],"replies":[{"embeddable":true,"href":"https:\/\/www.barnes-miami.com\/pt\/wp-json\/wp\/v2\/comments?post=23090"}],"version-history":[{"count":1,"href":"https:\/\/www.barnes-miami.com\/pt\/wp-json\/wp\/v2\/pages\/23090\/revisions"}],"predecessor-version":[{"id":23092,"href":"https:\/\/www.barnes-miami.com\/pt\/wp-json\/wp\/v2\/pages\/23090\/revisions\/23092"}],"wp:attachment":[{"href":"https:\/\/www.barnes-miami.com\/pt\/wp-json\/wp\/v2\/media?parent=23090"}],"curies":[{"name":"wp","href":"https:\/\/api.w.org\/{rel}","templated":true}]}}