{"id":23096,"date":"2019-12-01T18:04:20","date_gmt":"2019-12-01T23:04:20","guid":{"rendered":"https:\/\/www.barnes-miami.com\/?page_id=23096"},"modified":"2019-12-01T18:04:20","modified_gmt":"2019-12-01T23:04:20","slug":"sul-de-miami","status":"publish","type":"page","link":"https:\/\/www.barnes-miami.com\/pt\/south-miami\/","title":{"rendered":"Sul de Miami \/ Pinecrest"},"content":{"rendered":"<figure class=\"wp-block-image size-large\"><img loading=\"lazy\" decoding=\"async\" width=\"732\" height=\"304\" src=\"https:\/\/www.barnes-miami.com\/wp-content\/uploads\/2019\/12\/pinecrest.jpg\" alt=\"\" class=\"wp-image-23097\" srcset=\"https:\/\/www.barnes-miami.com\/wp-content\/uploads\/2019\/12\/pinecrest.jpg 732w, https:\/\/www.barnes-miami.com\/wp-content\/uploads\/2019\/12\/pinecrest-300x125.jpg 300w\" sizes=\"auto, (max-width: 732px) 100vw, 732px\" \/><\/figure>\n\n\n\n<p><strong>Sul de Miami<\/strong>, como <strong>Pinho<\/strong> eram originalmente \u00e1reas reservadas para fazendas. Na d\u00e9cada de 1990, foram criadas divis\u00f5es (por vezes complicadas de seguir) para transform\u00e1-los em munic\u00edpios de dimens\u00e3o humana e mais f\u00e1ceis de gerir. Hoje, para os amantes dos espa\u00e7os abertos, da tranquilidade, de uma vida familiar desportiva e com boas escolas envolventes, Pinecrest e South Miami oferecem uma boa qualidade de vida. Aqui, voc\u00ea pode desfrutar de uma quadra de t\u00eanis em seus jardins e da proximidade de parques verdes como Matheson, Fairchild Tropical Gardens, Pinecrest Gardens, Deering Estates que fazem deste bairro o local ideal para fam\u00edlias e amantes da natureza. Aos fins-de-semana, as crian\u00e7as exploram as ciclovias e praticam in\u00fameras atividades desportivas ou educativas integradas em equipas competitivas das diversas escolas envolventes.<\/p>\n\n\n\n<p>Para o ensino fundamental, Pinecrest tem uma escola p\u00fablica muito procurada. Em seguida, o sistema p\u00fablico oferece escolas secund\u00e1rias Palmetto Middle e Palmetto. O primeiro campus prim\u00e1rio da escola franco-americana de Miami EFAM est\u00e1 localizado neste mesmo distrito, assim como <a href=\"https:\/\/internationalstudiesprep.net\" target=\"_blank\" rel=\"noreferrer noopener\">ISPA<\/a>, uma escola p\u00fablica internacional que inclui um curr\u00edculo bil\u00edngue franc\u00eas-ingl\u00eas. A escola particular de Gulliver oferece um programa de Bacharelado Internacional (IB). As escolas secund\u00e1rias Epiphany, Westminster e Palmer Trinity (escolas religiosas privadas) localizadas neste distrito tamb\u00e9m t\u00eam grande reputa\u00e7\u00e3o.<\/p>\n\n\n\n<p>A aldeia de Pinecrest, com menos de 20.000 habitantes, tamb\u00e9m \u00e9 conhecida pela sua seguran\u00e7a, uma vez que a pol\u00edcia realiza patrulhas 24 horas por dia num per\u00edmetro bastante restrito. As casas a\u00ed s\u00e3o cada vez maiores, modernas e luxuosas, tendo as constru\u00e7\u00f5es mais recentes beneficiado de terrenos acess\u00edveis.<\/p>\n\n\n\n<p>Aqui moramos de carro, para aproveitar tamb\u00e9m os gigantescos shoppings: As Cataratas, ao sul, tem mais de 100 marcas, cinemas e lojas de departamentos. Dadeland e Sunset oferecem muitas op\u00e7\u00f5es para os entusiastas das compras.<\/p>\n\n\n\n<p>O bairro Sunset tamb\u00e9m \u00e9 muito popular entre os franceses devido \u00e0 proximidade da Sunset Elementary School (v\u00e1rios programas de franc\u00eas, ingl\u00eas, espanhol, alem\u00e3o) e da EFAM. Hoje Pinecrest e South Miami oferecem uma qualidade de vida ineg\u00e1vel gra\u00e7as \u00e0s suas muitas boas escolas circundantes, aos seus grandes parques e infra-estruturas desportivas, aos seus amplos espa\u00e7os abertos, \u00e0 sua vegeta\u00e7\u00e3o e \u00e0 sua tranquilidade. Perto de Sunset, um pequeno centro de cidade se desenvolveu com restaurantes, entretenimento e lojas independentes.<\/p>","protected":false},"excerpt":{"rendered":"<p>South Miami, comme Pinecrest \u00e9taient \u00e0 l\u2019origine des \u00e9tendues r\u00e9serv\u00e9es aux fermes. Dans les ann\u00e9es 1990, des d\u00e9coupages (parfois compliqu\u00e9s \u00e0 suivre) ont \u00e9t\u00e9 cr\u00e9\u00e9s pour les transformer en municipalit\u00e9s de taille humaine et plus faciles \u00e0 g\u00e9rer. Aujourd\u2019hui, pour les amateurs de grands espaces, de tranquillit\u00e9, de vie familiale sportive avec de bonnes \u00e9coles [&hellip;]<\/p>\n","protected":false},"author":1,"featured_media":0,"parent":0,"menu_order":0,"comment_status":"closed","ping_status":"closed","template":"","meta":{"inline_featured_image":false,"footnotes":""},"class_list":["post-23096","page","type-page","status-publish","hentry"],"yoast_head":"<!-- This site is optimized with the Yoast SEO plugin v27.3 - https:\/\/yoast.com\/product\/yoast-seo-wordpress\/ -->\n<title>South Miami \/ Pinecrest - BARNES Miami<\/title>\n<meta name=\"robots\" content=\"index, follow, max-snippet:-1, max-image-preview:large, max-video-preview:-1\" \/>\n<link rel=\"canonical\" href=\"https:\/\/www.barnes-miami.com\/pt\/sul-de-miami\/\" \/>\n<meta property=\"og:locale\" content=\"pt_BR\" \/>\n<meta property=\"og:type\" content=\"article\" \/>\n<meta property=\"og:title\" content=\"South Miami \/ Pinecrest - BARNES Miami\" \/>\n<meta property=\"og:description\" content=\"South Miami, comme Pinecrest \u00e9taient \u00e0 l\u2019origine des \u00e9tendues r\u00e9serv\u00e9es aux fermes. Dans les ann\u00e9es 1990, des d\u00e9coupages (parfois compliqu\u00e9s \u00e0 suivre) ont \u00e9t\u00e9 cr\u00e9\u00e9s pour les transformer en municipalit\u00e9s de taille humaine et plus faciles \u00e0 g\u00e9rer. Aujourd\u2019hui, pour les amateurs de grands espaces, de tranquillit\u00e9, de vie familiale sportive avec de bonnes \u00e9coles [&hellip;]\" \/>\n<meta property=\"og:url\" content=\"https:\/\/www.barnes-miami.com\/pt\/sul-de-miami\/\" \/>\n<meta property=\"og:site_name\" content=\"BARNES Miami\" \/>\n<meta property=\"article:publisher\" content=\"https:\/\/www.facebook.com\/barnesinternationalmiami\/\" \/>\n<meta property=\"og:image\" content=\"https:\/\/www.barnes-miami.com\/wp-content\/uploads\/2019\/12\/pinecrest.jpg\" \/>\n<meta name=\"twitter:card\" content=\"summary_large_image\" \/>\n<meta name=\"twitter:site\" content=\"@barnesmiami\" \/>\n<meta name=\"twitter:label1\" content=\"Est. tempo de leitura\" \/>\n\t<meta name=\"twitter:data1\" content=\"2 minutos\" \/>\n<script type=\"application\/ld+json\" class=\"yoast-schema-graph\">{\"@context\":\"https:\\\/\\\/schema.org\",\"@graph\":[{\"@type\":\"WebPage\",\"@id\":\"https:\\\/\\\/www.barnes-miami.com\\\/en\\\/south-miami\\\/\",\"url\":\"https:\\\/\\\/www.barnes-miami.com\\\/en\\\/south-miami\\\/\",\"name\":\"South Miami \\\/ Pinecrest - BARNES Miami\",\"isPartOf\":{\"@id\":\"https:\\\/\\\/www.barnes-miami.com\\\/#website\"},\"primaryImageOfPage\":{\"@id\":\"https:\\\/\\\/www.barnes-miami.com\\\/en\\\/south-miami\\\/#primaryimage\"},\"image\":{\"@id\":\"https:\\\/\\\/www.barnes-miami.com\\\/en\\\/south-miami\\\/#primaryimage\"},\"thumbnailUrl\":\"https:\\\/\\\/www.barnes-miami.com\\\/wp-content\\\/uploads\\\/2019\\\/12\\\/pinecrest.jpg\",\"datePublished\":\"2019-12-01T23:04:20+00:00\",\"breadcrumb\":{\"@id\":\"https:\\\/\\\/www.barnes-miami.com\\\/en\\\/south-miami\\\/#breadcrumb\"},\"inLanguage\":\"pt-BR\",\"potentialAction\":[{\"@type\":\"ReadAction\",\"target\":[\"https:\\\/\\\/www.barnes-miami.com\\\/en\\\/south-miami\\\/\"]}]},{\"@type\":\"ImageObject\",\"inLanguage\":\"pt-BR\",\"@id\":\"https:\\\/\\\/www.barnes-miami.com\\\/en\\\/south-miami\\\/#primaryimage\",\"url\":\"https:\\\/\\\/www.barnes-miami.com\\\/wp-content\\\/uploads\\\/2019\\\/12\\\/pinecrest.jpg\",\"contentUrl\":\"https:\\\/\\\/www.barnes-miami.com\\\/wp-content\\\/uploads\\\/2019\\\/12\\\/pinecrest.jpg\"},{\"@type\":\"BreadcrumbList\",\"@id\":\"https:\\\/\\\/www.barnes-miami.com\\\/en\\\/south-miami\\\/#breadcrumb\",\"itemListElement\":[{\"@type\":\"ListItem\",\"position\":1,\"name\":\"Accueil\",\"item\":\"https:\\\/\\\/www.barnes-miami.com\\\/\"},{\"@type\":\"ListItem\",\"position\":2,\"name\":\"South Miami \\\/ Pinecrest\"}]},{\"@type\":\"WebSite\",\"@id\":\"https:\\\/\\\/www.barnes-miami.com\\\/#website\",\"url\":\"https:\\\/\\\/www.barnes-miami.com\\\/\",\"name\":\"BARNES Miami\",\"description\":\"#1 International Real Estate Brokerage in South Florida\",\"publisher\":{\"@id\":\"https:\\\/\\\/www.barnes-miami.com\\\/#organization\"},\"potentialAction\":[{\"@type\":\"SearchAction\",\"target\":{\"@type\":\"EntryPoint\",\"urlTemplate\":\"https:\\\/\\\/www.barnes-miami.com\\\/?s={search_term_string}\"},\"query-input\":{\"@type\":\"PropertyValueSpecification\",\"valueRequired\":true,\"valueName\":\"search_term_string\"}}],\"inLanguage\":\"pt-BR\"},{\"@type\":\"Organization\",\"@id\":\"https:\\\/\\\/www.barnes-miami.com\\\/#organization\",\"name\":\"BARNES Miami\",\"url\":\"https:\\\/\\\/www.barnes-miami.com\\\/\",\"logo\":{\"@type\":\"ImageObject\",\"inLanguage\":\"pt-BR\",\"@id\":\"https:\\\/\\\/www.barnes-miami.com\\\/#\\\/schema\\\/logo\\\/image\\\/\",\"url\":\"https:\\\/\\\/www.barnes-miami.com\\\/wp-content\\\/uploads\\\/2026\\\/01\\\/logo-2.png\",\"contentUrl\":\"https:\\\/\\\/www.barnes-miami.com\\\/wp-content\\\/uploads\\\/2026\\\/01\\\/logo-2.png\",\"width\":1100,\"height\":1100,\"caption\":\"BARNES Miami\"},\"image\":{\"@id\":\"https:\\\/\\\/www.barnes-miami.com\\\/#\\\/schema\\\/logo\\\/image\\\/\"},\"sameAs\":[\"https:\\\/\\\/www.facebook.com\\\/barnesinternationalmiami\\\/\",\"https:\\\/\\\/x.com\\\/barnesmiami\",\"https:\\\/\\\/www.instagram.com\\\/barnesmiami\\\/\",\"https:\\\/\\\/www.linkedin.com\\\/company\\\/barnes-international-miami\\\/\",\"https:\\\/\\\/www.youtube.com\\\/user\\\/BarnesImmoMiami\\\/\"]}]}<\/script>\n<!-- \/ Yoast SEO plugin. -->","yoast_head_json":{"title":"Sul de Miami \/ Pinecrest - BARNES Miami","robots":{"index":"index","follow":"follow","max-snippet":"max-snippet:-1","max-image-preview":"max-image-preview:large","max-video-preview":"max-video-preview:-1"},"canonical":"https:\/\/www.barnes-miami.com\/pt\/sul-de-miami\/","og_locale":"pt_BR","og_type":"article","og_title":"South Miami \/ Pinecrest - BARNES Miami","og_description":"South Miami, comme Pinecrest \u00e9taient \u00e0 l\u2019origine des \u00e9tendues r\u00e9serv\u00e9es aux fermes. Dans les ann\u00e9es 1990, des d\u00e9coupages (parfois compliqu\u00e9s \u00e0 suivre) ont \u00e9t\u00e9 cr\u00e9\u00e9s pour les transformer en municipalit\u00e9s de taille humaine et plus faciles \u00e0 g\u00e9rer. Aujourd\u2019hui, pour les amateurs de grands espaces, de tranquillit\u00e9, de vie familiale sportive avec de bonnes \u00e9coles [&hellip;]","og_url":"https:\/\/www.barnes-miami.com\/pt\/sul-de-miami\/","og_site_name":"BARNES Miami","article_publisher":"https:\/\/www.facebook.com\/barnesinternationalmiami\/","og_image":[{"url":"https:\/\/www.barnes-miami.com\/wp-content\/uploads\/2019\/12\/pinecrest.jpg","type":"","width":"","height":""}],"twitter_card":"summary_large_image","twitter_site":"@barnesmiami","twitter_misc":{"Est. tempo de leitura":"2 minutos"},"schema":{"@context":"https:\/\/schema.org","@graph":[{"@type":"WebPage","@id":"https:\/\/www.barnes-miami.com\/en\/south-miami\/","url":"https:\/\/www.barnes-miami.com\/en\/south-miami\/","name":"Sul de Miami \/ Pinecrest - BARNES Miami","isPartOf":{"@id":"https:\/\/www.barnes-miami.com\/#website"},"primaryImageOfPage":{"@id":"https:\/\/www.barnes-miami.com\/en\/south-miami\/#primaryimage"},"image":{"@id":"https:\/\/www.barnes-miami.com\/en\/south-miami\/#primaryimage"},"thumbnailUrl":"https:\/\/www.barnes-miami.com\/wp-content\/uploads\/2019\/12\/pinecrest.jpg","datePublished":"2019-12-01T23:04:20+00:00","breadcrumb":{"@id":"https:\/\/www.barnes-miami.com\/en\/south-miami\/#breadcrumb"},"inLanguage":"pt-BR","potentialAction":[{"@type":"ReadAction","target":["https:\/\/www.barnes-miami.com\/en\/south-miami\/"]}]},{"@type":"ImageObject","inLanguage":"pt-BR","@id":"https:\/\/www.barnes-miami.com\/en\/south-miami\/#primaryimage","url":"https:\/\/www.barnes-miami.com\/wp-content\/uploads\/2019\/12\/pinecrest.jpg","contentUrl":"https:\/\/www.barnes-miami.com\/wp-content\/uploads\/2019\/12\/pinecrest.jpg"},{"@type":"BreadcrumbList","@id":"https:\/\/www.barnes-miami.com\/en\/south-miami\/#breadcrumb","itemListElement":[{"@type":"ListItem","position":1,"name":"Accueil","item":"https:\/\/www.barnes-miami.com\/"},{"@type":"ListItem","position":2,"name":"South Miami \/ Pinecrest"}]},{"@type":"WebSite","@id":"https:\/\/www.barnes-miami.com\/#website","url":"https:\/\/www.barnes-miami.com\/","name":"BARNES Miami","description":"#1 Corretora Imobili\u00e1ria Internacional no Sul da Fl\u00f3rida","publisher":{"@id":"https:\/\/www.barnes-miami.com\/#organization"},"potentialAction":[{"@type":"SearchAction","target":{"@type":"EntryPoint","urlTemplate":"https:\/\/www.barnes-miami.com\/?s={search_term_string}"},"query-input":{"@type":"PropertyValueSpecification","valueRequired":true,"valueName":"search_term_string"}}],"inLanguage":"pt-BR"},{"@type":"Organization","@id":"https:\/\/www.barnes-miami.com\/#organization","name":"BARNES Miami","url":"https:\/\/www.barnes-miami.com\/","logo":{"@type":"ImageObject","inLanguage":"pt-BR","@id":"https:\/\/www.barnes-miami.com\/#\/schema\/logo\/image\/","url":"https:\/\/www.barnes-miami.com\/wp-content\/uploads\/2026\/01\/logo-2.png","contentUrl":"https:\/\/www.barnes-miami.com\/wp-content\/uploads\/2026\/01\/logo-2.png","width":1100,"height":1100,"caption":"BARNES Miami"},"image":{"@id":"https:\/\/www.barnes-miami.com\/#\/schema\/logo\/image\/"},"sameAs":["https:\/\/www.facebook.com\/barnesinternationalmiami\/","https:\/\/x.com\/barnesmiami","https:\/\/www.instagram.com\/barnesmiami\/","https:\/\/www.linkedin.com\/company\/barnes-international-miami\/","https:\/\/www.youtube.com\/user\/BarnesImmoMiami\/"]}]}},"_links":{"self":[{"href":"https:\/\/www.barnes-miami.com\/pt\/wp-json\/wp\/v2\/pages\/23096","targetHints":{"allow":["GET"]}}],"collection":[{"href":"https:\/\/www.barnes-miami.com\/pt\/wp-json\/wp\/v2\/pages"}],"about":[{"href":"https:\/\/www.barnes-miami.com\/pt\/wp-json\/wp\/v2\/types\/page"}],"author":[{"embeddable":true,"href":"https:\/\/www.barnes-miami.com\/pt\/wp-json\/wp\/v2\/users\/1"}],"replies":[{"embeddable":true,"href":"https:\/\/www.barnes-miami.com\/pt\/wp-json\/wp\/v2\/comments?post=23096"}],"version-history":[{"count":1,"href":"https:\/\/www.barnes-miami.com\/pt\/wp-json\/wp\/v2\/pages\/23096\/revisions"}],"predecessor-version":[{"id":23098,"href":"https:\/\/www.barnes-miami.com\/pt\/wp-json\/wp\/v2\/pages\/23096\/revisions\/23098"}],"wp:attachment":[{"href":"https:\/\/www.barnes-miami.com\/pt\/wp-json\/wp\/v2\/media?parent=23096"}],"curies":[{"name":"wp","href":"https:\/\/api.w.org\/{rel}","templated":true}]}}