{"id":23102,"date":"2019-12-01T18:06:32","date_gmt":"2019-12-01T23:06:32","guid":{"rendered":"https:\/\/www.barnes-miami.com\/?page_id=23102"},"modified":"2019-12-01T18:06:32","modified_gmt":"2019-12-01T23:06:32","slug":"key-biscayne","status":"publish","type":"page","link":"https:\/\/www.barnes-miami.com\/pt\/key-biscayne\/","title":{"rendered":"Key Biscayne"},"content":{"rendered":"<figure class=\"wp-block-image size-large\"><img loading=\"lazy\" decoding=\"async\" width=\"825\" height=\"496\" src=\"https:\/\/www.barnes-miami.com\/wp-content\/uploads\/2019\/12\/key-biscayne.jpg\" alt=\"\" class=\"wp-image-23103\" srcset=\"https:\/\/www.barnes-miami.com\/wp-content\/uploads\/2019\/12\/key-biscayne.jpg 825w, https:\/\/www.barnes-miami.com\/wp-content\/uploads\/2019\/12\/key-biscayne-300x180.jpg 300w, https:\/\/www.barnes-miami.com\/wp-content\/uploads\/2019\/12\/key-biscayne-768x462.jpg 768w\" sizes=\"auto, (max-width: 825px) 100vw, 825px\" \/><\/figure>\n\n\n\n<p>Idealmente localizada a 20 minutos de South Beach e do centro de Miami, Key Biscayne \u00e9 uma ilha residencial de prest\u00edgio com um passado hist\u00f3rico \u00fanico. Os seus 11 quil\u00f3metros de extens\u00e3o fazem desta ilha um local de sonho para relaxar, em contacto com a natureza preservada.<\/p>\n\n\n\n<p>Foi em 1940 que este cantinho de para\u00edso e tranquilidade ganhou suas cartas de nobreza: a fam\u00edlia de <a href=\"http:\/\/www.keyshistory.org\/Matheson-1.html\" target=\"_blank\" rel=\"noreferrer noopener\">William Matheson<\/a>, rico propriet\u00e1rio da antiga maior planta\u00e7\u00e3o de coco da Am\u00e9rica do Norte, doou parte da ilha para que fosse criado um parque p\u00fablico: <a href=\"http:\/\/www.miamidade.gov\/parks\/crandon.asp\" target=\"_blank\" rel=\"noreferrer noopener\">Parque Crandon<\/a>.<\/p>\n\n\n\n<p>Com mais de 800 hectares, este parque natural re\u00fane a fauna e a flora caracter\u00edsticas de Miami. Al\u00e9m de praias magn\u00edficas, este exuberante parque, que recebe os maiores nomes do t\u00eanis mundial no final de mar\u00e7o para o famoso torneio Miami Masters, ir\u00e1 agradar aos entusiastas do esporte com seu majestoso campo de golfe. Para uma experi\u00eancia de areia fina longe da agita\u00e7\u00e3o de Miami Beach, os amantes do relaxamento podem relaxar na longa praia de areia branca, Crandon Park Beach, uma praia ao mesmo tempo tranquila e animada onde lanchonetes e \u00e1reas de piquenique se encontram. e quadras de v\u00f4lei de praia.<\/p>\n\n\n\n<p>\u00c0 sombra de coqueiros e palmeiras, um passeio pelas ciclovias que cruzam a ilha leva os moradores ao Parque Estadual Bills Baggs Cape Florida e seu hist\u00f3rico farol erguido em 1825. Com seus 109 degraus, o monumento mais antigo do condado de Miami Dade oferece vistas deslumbrantes. vistas de Key Biscayne e seus condom\u00ednios luxuosos e resid\u00eancias milion\u00e1rias hist\u00f3ricas.<\/p>\n\n\n\n<p>Destino ideal de fim de semana, longe da exuber\u00e2ncia de Miami, a original planta\u00e7\u00e3o de coqueiros foi transformada em uma vila com um ambiente de vida privilegiado que oferece uma infinidade de atividades: Key Biscayne \u00e9 um ref\u00fagio de paz para compartilhar com a fam\u00edlia.<\/p>","protected":false},"excerpt":{"rendered":"<p>Id\u00e9alement situ\u00e9e \u00e0 20 minutes de South Beach et du centre de Miami, Key Biscayne est une \u00eele r\u00e9sidentielle prestigieuse au pass\u00e9 historique unique. Ses 11 kilom\u00e8tres de long font de cette \u00eele un lieu r\u00eav\u00e9 pour le farniente, au contact d\u2019une nature pr\u00e9serv\u00e9e. C\u2019est en 1940 que ce petit coin de paradis et de [&hellip;]<\/p>\n","protected":false},"author":1,"featured_media":0,"parent":0,"menu_order":0,"comment_status":"closed","ping_status":"closed","template":"","meta":{"inline_featured_image":false,"footnotes":""},"class_list":["post-23102","page","type-page","status-publish","hentry"],"yoast_head":"<!-- This site is optimized with the Yoast SEO plugin v27.5 - https:\/\/yoast.com\/product\/yoast-seo-wordpress\/ -->\n<title>Key Biscayne - BARNES Miami<\/title>\n<meta name=\"robots\" content=\"index, follow, max-snippet:-1, max-image-preview:large, max-video-preview:-1\" \/>\n<link rel=\"canonical\" href=\"https:\/\/www.barnes-miami.com\/pt\/key-biscayne\/\" \/>\n<meta property=\"og:locale\" content=\"pt_BR\" \/>\n<meta property=\"og:type\" content=\"article\" \/>\n<meta property=\"og:title\" content=\"Key Biscayne - BARNES Miami\" \/>\n<meta property=\"og:description\" content=\"Id\u00e9alement situ\u00e9e \u00e0 20 minutes de South Beach et du centre de Miami, Key Biscayne est une \u00eele r\u00e9sidentielle prestigieuse au pass\u00e9 historique unique. Ses 11 kilom\u00e8tres de long font de cette \u00eele un lieu r\u00eav\u00e9 pour le farniente, au contact d\u2019une nature pr\u00e9serv\u00e9e. C\u2019est en 1940 que ce petit coin de paradis et de [&hellip;]\" \/>\n<meta property=\"og:url\" content=\"https:\/\/www.barnes-miami.com\/pt\/key-biscayne\/\" \/>\n<meta property=\"og:site_name\" content=\"BARNES Miami\" \/>\n<meta property=\"article:publisher\" content=\"https:\/\/www.facebook.com\/barnesinternationalmiami\/\" \/>\n<meta property=\"og:image\" content=\"https:\/\/www.barnes-miami.com\/wp-content\/uploads\/2019\/12\/key-biscayne.jpg\" \/>\n<meta name=\"twitter:card\" content=\"summary_large_image\" \/>\n<meta name=\"twitter:site\" content=\"@barnesmiami\" \/>\n<meta name=\"twitter:label1\" content=\"Est. tempo de leitura\" \/>\n\t<meta name=\"twitter:data1\" content=\"2 minutos\" \/>\n<script type=\"application\/ld+json\" class=\"yoast-schema-graph\">{\"@context\":\"https:\\\/\\\/schema.org\",\"@graph\":[{\"@type\":\"WebPage\",\"@id\":\"https:\\\/\\\/www.barnes-miami.com\\\/en\\\/key-biscayne\\\/\",\"url\":\"https:\\\/\\\/www.barnes-miami.com\\\/en\\\/key-biscayne\\\/\",\"name\":\"Key Biscayne - BARNES Miami\",\"isPartOf\":{\"@id\":\"https:\\\/\\\/www.barnes-miami.com\\\/#website\"},\"primaryImageOfPage\":{\"@id\":\"https:\\\/\\\/www.barnes-miami.com\\\/en\\\/key-biscayne\\\/#primaryimage\"},\"image\":{\"@id\":\"https:\\\/\\\/www.barnes-miami.com\\\/en\\\/key-biscayne\\\/#primaryimage\"},\"thumbnailUrl\":\"https:\\\/\\\/www.barnes-miami.com\\\/wp-content\\\/uploads\\\/2019\\\/12\\\/key-biscayne.jpg\",\"datePublished\":\"2019-12-01T23:06:32+00:00\",\"breadcrumb\":{\"@id\":\"https:\\\/\\\/www.barnes-miami.com\\\/en\\\/key-biscayne\\\/#breadcrumb\"},\"inLanguage\":\"pt-BR\",\"potentialAction\":[{\"@type\":\"ReadAction\",\"target\":[\"https:\\\/\\\/www.barnes-miami.com\\\/en\\\/key-biscayne\\\/\"]}]},{\"@type\":\"ImageObject\",\"inLanguage\":\"pt-BR\",\"@id\":\"https:\\\/\\\/www.barnes-miami.com\\\/en\\\/key-biscayne\\\/#primaryimage\",\"url\":\"https:\\\/\\\/www.barnes-miami.com\\\/wp-content\\\/uploads\\\/2019\\\/12\\\/key-biscayne.jpg\",\"contentUrl\":\"https:\\\/\\\/www.barnes-miami.com\\\/wp-content\\\/uploads\\\/2019\\\/12\\\/key-biscayne.jpg\"},{\"@type\":\"BreadcrumbList\",\"@id\":\"https:\\\/\\\/www.barnes-miami.com\\\/en\\\/key-biscayne\\\/#breadcrumb\",\"itemListElement\":[{\"@type\":\"ListItem\",\"position\":1,\"name\":\"Accueil\",\"item\":\"https:\\\/\\\/www.barnes-miami.com\\\/\"},{\"@type\":\"ListItem\",\"position\":2,\"name\":\"Key Biscayne\"}]},{\"@type\":\"WebSite\",\"@id\":\"https:\\\/\\\/www.barnes-miami.com\\\/#website\",\"url\":\"https:\\\/\\\/www.barnes-miami.com\\\/\",\"name\":\"BARNES Miami\",\"description\":\"#1 International Real Estate Brokerage in South Florida\",\"publisher\":{\"@id\":\"https:\\\/\\\/www.barnes-miami.com\\\/#organization\"},\"potentialAction\":[{\"@type\":\"SearchAction\",\"target\":{\"@type\":\"EntryPoint\",\"urlTemplate\":\"https:\\\/\\\/www.barnes-miami.com\\\/?s={search_term_string}\"},\"query-input\":{\"@type\":\"PropertyValueSpecification\",\"valueRequired\":true,\"valueName\":\"search_term_string\"}}],\"inLanguage\":\"pt-BR\"},{\"@type\":\"Organization\",\"@id\":\"https:\\\/\\\/www.barnes-miami.com\\\/#organization\",\"name\":\"BARNES Miami\",\"url\":\"https:\\\/\\\/www.barnes-miami.com\\\/\",\"logo\":{\"@type\":\"ImageObject\",\"inLanguage\":\"pt-BR\",\"@id\":\"https:\\\/\\\/www.barnes-miami.com\\\/#\\\/schema\\\/logo\\\/image\\\/\",\"url\":\"https:\\\/\\\/www.barnes-miami.com\\\/wp-content\\\/uploads\\\/2026\\\/01\\\/logo-2.png\",\"contentUrl\":\"https:\\\/\\\/www.barnes-miami.com\\\/wp-content\\\/uploads\\\/2026\\\/01\\\/logo-2.png\",\"width\":1100,\"height\":1100,\"caption\":\"BARNES Miami\"},\"image\":{\"@id\":\"https:\\\/\\\/www.barnes-miami.com\\\/#\\\/schema\\\/logo\\\/image\\\/\"},\"sameAs\":[\"https:\\\/\\\/www.facebook.com\\\/barnesinternationalmiami\\\/\",\"https:\\\/\\\/x.com\\\/barnesmiami\",\"https:\\\/\\\/www.instagram.com\\\/barnesmiami\\\/\",\"https:\\\/\\\/www.linkedin.com\\\/company\\\/barnes-international-miami\\\/\",\"https:\\\/\\\/www.youtube.com\\\/user\\\/BarnesImmoMiami\\\/\"]}]}<\/script>\n<!-- \/ Yoast SEO plugin. -->","yoast_head_json":{"title":"Key Biscayne - BARNES Miami","robots":{"index":"index","follow":"follow","max-snippet":"max-snippet:-1","max-image-preview":"max-image-preview:large","max-video-preview":"max-video-preview:-1"},"canonical":"https:\/\/www.barnes-miami.com\/pt\/key-biscayne\/","og_locale":"pt_BR","og_type":"article","og_title":"Key Biscayne - BARNES Miami","og_description":"Id\u00e9alement situ\u00e9e \u00e0 20 minutes de South Beach et du centre de Miami, Key Biscayne est une \u00eele r\u00e9sidentielle prestigieuse au pass\u00e9 historique unique. Ses 11 kilom\u00e8tres de long font de cette \u00eele un lieu r\u00eav\u00e9 pour le farniente, au contact d\u2019une nature pr\u00e9serv\u00e9e. C\u2019est en 1940 que ce petit coin de paradis et de [&hellip;]","og_url":"https:\/\/www.barnes-miami.com\/pt\/key-biscayne\/","og_site_name":"BARNES Miami","article_publisher":"https:\/\/www.facebook.com\/barnesinternationalmiami\/","og_image":[{"url":"https:\/\/www.barnes-miami.com\/wp-content\/uploads\/2019\/12\/key-biscayne.jpg","type":"","width":"","height":""}],"twitter_card":"summary_large_image","twitter_site":"@barnesmiami","twitter_misc":{"Est. tempo de leitura":"2 minutos"},"schema":{"@context":"https:\/\/schema.org","@graph":[{"@type":"WebPage","@id":"https:\/\/www.barnes-miami.com\/en\/key-biscayne\/","url":"https:\/\/www.barnes-miami.com\/en\/key-biscayne\/","name":"Key Biscayne - BARNES Miami","isPartOf":{"@id":"https:\/\/www.barnes-miami.com\/#website"},"primaryImageOfPage":{"@id":"https:\/\/www.barnes-miami.com\/en\/key-biscayne\/#primaryimage"},"image":{"@id":"https:\/\/www.barnes-miami.com\/en\/key-biscayne\/#primaryimage"},"thumbnailUrl":"https:\/\/www.barnes-miami.com\/wp-content\/uploads\/2019\/12\/key-biscayne.jpg","datePublished":"2019-12-01T23:06:32+00:00","breadcrumb":{"@id":"https:\/\/www.barnes-miami.com\/en\/key-biscayne\/#breadcrumb"},"inLanguage":"pt-BR","potentialAction":[{"@type":"ReadAction","target":["https:\/\/www.barnes-miami.com\/en\/key-biscayne\/"]}]},{"@type":"ImageObject","inLanguage":"pt-BR","@id":"https:\/\/www.barnes-miami.com\/en\/key-biscayne\/#primaryimage","url":"https:\/\/www.barnes-miami.com\/wp-content\/uploads\/2019\/12\/key-biscayne.jpg","contentUrl":"https:\/\/www.barnes-miami.com\/wp-content\/uploads\/2019\/12\/key-biscayne.jpg"},{"@type":"BreadcrumbList","@id":"https:\/\/www.barnes-miami.com\/en\/key-biscayne\/#breadcrumb","itemListElement":[{"@type":"ListItem","position":1,"name":"Accueil","item":"https:\/\/www.barnes-miami.com\/"},{"@type":"ListItem","position":2,"name":"Key Biscayne"}]},{"@type":"WebSite","@id":"https:\/\/www.barnes-miami.com\/#website","url":"https:\/\/www.barnes-miami.com\/","name":"BARNES Miami","description":"#1 Corretora Imobili\u00e1ria Internacional no Sul da Fl\u00f3rida","publisher":{"@id":"https:\/\/www.barnes-miami.com\/#organization"},"potentialAction":[{"@type":"SearchAction","target":{"@type":"EntryPoint","urlTemplate":"https:\/\/www.barnes-miami.com\/?s={search_term_string}"},"query-input":{"@type":"PropertyValueSpecification","valueRequired":true,"valueName":"search_term_string"}}],"inLanguage":"pt-BR"},{"@type":"Organization","@id":"https:\/\/www.barnes-miami.com\/#organization","name":"BARNES Miami","url":"https:\/\/www.barnes-miami.com\/","logo":{"@type":"ImageObject","inLanguage":"pt-BR","@id":"https:\/\/www.barnes-miami.com\/#\/schema\/logo\/image\/","url":"https:\/\/www.barnes-miami.com\/wp-content\/uploads\/2026\/01\/logo-2.png","contentUrl":"https:\/\/www.barnes-miami.com\/wp-content\/uploads\/2026\/01\/logo-2.png","width":1100,"height":1100,"caption":"BARNES Miami"},"image":{"@id":"https:\/\/www.barnes-miami.com\/#\/schema\/logo\/image\/"},"sameAs":["https:\/\/www.facebook.com\/barnesinternationalmiami\/","https:\/\/x.com\/barnesmiami","https:\/\/www.instagram.com\/barnesmiami\/","https:\/\/www.linkedin.com\/company\/barnes-international-miami\/","https:\/\/www.youtube.com\/user\/BarnesImmoMiami\/"]}]}},"_links":{"self":[{"href":"https:\/\/www.barnes-miami.com\/pt\/wp-json\/wp\/v2\/pages\/23102","targetHints":{"allow":["GET"]}}],"collection":[{"href":"https:\/\/www.barnes-miami.com\/pt\/wp-json\/wp\/v2\/pages"}],"about":[{"href":"https:\/\/www.barnes-miami.com\/pt\/wp-json\/wp\/v2\/types\/page"}],"author":[{"embeddable":true,"href":"https:\/\/www.barnes-miami.com\/pt\/wp-json\/wp\/v2\/users\/1"}],"replies":[{"embeddable":true,"href":"https:\/\/www.barnes-miami.com\/pt\/wp-json\/wp\/v2\/comments?post=23102"}],"version-history":[{"count":1,"href":"https:\/\/www.barnes-miami.com\/pt\/wp-json\/wp\/v2\/pages\/23102\/revisions"}],"predecessor-version":[{"id":23104,"href":"https:\/\/www.barnes-miami.com\/pt\/wp-json\/wp\/v2\/pages\/23102\/revisions\/23104"}],"wp:attachment":[{"href":"https:\/\/www.barnes-miami.com\/pt\/wp-json\/wp\/v2\/media?parent=23102"}],"curies":[{"name":"wp","href":"https:\/\/api.w.org\/{rel}","templated":true}]}}