{"id":23235,"date":"2019-12-18T10:24:53","date_gmt":"2019-12-18T15:24:53","guid":{"rendered":"https:\/\/www.barnes-miami.com\/?page_id=23235"},"modified":"2025-10-15T18:17:32","modified_gmt":"2025-10-15T23:17:32","slug":"nossos-parceiros","status":"publish","type":"page","link":"https:\/\/www.barnes-miami.com\/pt\/nos-partenaires\/","title":{"rendered":"Nossos parceiros"},"content":{"rendered":"<div style=\"height:45px\" aria-hidden=\"true\" class=\"wp-block-spacer\"><\/div>\n\n\n\n<h4 class=\"wp-block-heading has-text-align-center has-text-color has-link-color has-medium-font-size wp-elements-d954daf7c6735314078b9505f682b130\" style=\"color:#bcaa88\">NOSSOS PARCEIROS DE CONFIAN\u00c7A<\/h4>\n\n\n\n<p class=\"has-text-align-center\">Os nossos parceiros, jogadores de confian\u00e7a e de excel\u00eancia que partilham a nossa vis\u00e3o do imobili\u00e1rio de prest\u00edgio e da arte de viver.<\/p>\n\n\n\n<div style=\"height:54px\" aria-hidden=\"true\" class=\"wp-block-spacer\"><\/div>\n\n\n\n<div class=\"wp-block-cover is-light\"><span aria-hidden=\"true\" class=\"wp-block-cover__background has-background-dim-100 has-background-dim\" style=\"background-color:#f9f9f9\"><\/span><div class=\"wp-block-cover__inner-container is-layout-constrained wp-block-cover-is-layout-constrained\">\n<div class=\"wp-block-columns is-layout-flex wp-container-core-columns-is-layout-9d6595d7 wp-block-columns-is-layout-flex\">\n<div class=\"wp-block-column is-layout-flow wp-block-column-is-layout-flow\">\n<figure class=\"wp-block-image size-full is-style-default wp-duotone-unset-1\"><a href=\"https:\/\/sobarnes.com\/\" target=\"_blank\" rel=\" noreferrer noopener\"><img loading=\"lazy\" decoding=\"async\" width=\"1500\" height=\"1000\" src=\"https:\/\/www.barnes-miami.com\/wp-content\/uploads\/2025\/10\/logo-sobarnes.jpg\" alt=\"\" class=\"wp-image-30516\" srcset=\"https:\/\/www.barnes-miami.com\/wp-content\/uploads\/2025\/10\/logo-sobarnes.jpg 1500w, https:\/\/www.barnes-miami.com\/wp-content\/uploads\/2025\/10\/logo-sobarnes-300x200.jpg 300w, https:\/\/www.barnes-miami.com\/wp-content\/uploads\/2025\/10\/logo-sobarnes-1024x683.jpg 1024w, https:\/\/www.barnes-miami.com\/wp-content\/uploads\/2025\/10\/logo-sobarnes-768x512.jpg 768w, https:\/\/www.barnes-miami.com\/wp-content\/uploads\/2025\/10\/logo-sobarnes-18x12.jpg 18w\" sizes=\"auto, (max-width: 1500px) 100vw, 1500px\" \/><\/a><\/figure>\n\n\n\n<h4 class=\"wp-block-heading\">Ent\u00e3o Barnes<\/h4>\n<\/div>\n\n\n\n<div class=\"wp-block-column is-layout-flow wp-block-column-is-layout-flow\">\n<figure class=\"wp-block-image size-full\"><a href=\"https:\/\/www.embassair.com\/fbo-embassair\" target=\"_blank\" rel=\" noreferrer noopener\"><img loading=\"lazy\" decoding=\"async\" width=\"1500\" height=\"1000\" src=\"https:\/\/www.barnes-miami.com\/wp-content\/uploads\/2025\/10\/logo-embassair.jpg\" alt=\"\" class=\"wp-image-30517\" srcset=\"https:\/\/www.barnes-miami.com\/wp-content\/uploads\/2025\/10\/logo-embassair.jpg 1500w, https:\/\/www.barnes-miami.com\/wp-content\/uploads\/2025\/10\/logo-embassair-300x200.jpg 300w, https:\/\/www.barnes-miami.com\/wp-content\/uploads\/2025\/10\/logo-embassair-1024x683.jpg 1024w, https:\/\/www.barnes-miami.com\/wp-content\/uploads\/2025\/10\/logo-embassair-768x512.jpg 768w, https:\/\/www.barnes-miami.com\/wp-content\/uploads\/2025\/10\/logo-embassair-18x12.jpg 18w\" sizes=\"auto, (max-width: 1500px) 100vw, 1500px\" \/><\/a><\/figure>\n\n\n\n<h4 class=\"wp-block-heading\">Embaixada<\/h4>\n<\/div>\n<\/div>\n\n\n\n<div style=\"height:20px\" aria-hidden=\"true\" class=\"wp-block-spacer\"><\/div>\n\n\n\n<div class=\"wp-block-columns is-layout-flex wp-container-core-columns-is-layout-9d6595d7 wp-block-columns-is-layout-flex\">\n<div class=\"wp-block-column is-layout-flow wp-block-column-is-layout-flow\">\n<figure class=\"wp-block-image size-full\"><a href=\"https:\/\/www.ccfc-france-canada.com\" target=\"_blank\" rel=\" noreferrer noopener\"><img loading=\"lazy\" decoding=\"async\" width=\"1500\" height=\"1000\" src=\"https:\/\/www.barnes-miami.com\/wp-content\/uploads\/2025\/10\/logo-ccf-canada.jpg\" alt=\"\" class=\"wp-image-30518\" srcset=\"https:\/\/www.barnes-miami.com\/wp-content\/uploads\/2025\/10\/logo-ccf-canada.jpg 1500w, https:\/\/www.barnes-miami.com\/wp-content\/uploads\/2025\/10\/logo-ccf-canada-300x200.jpg 300w, https:\/\/www.barnes-miami.com\/wp-content\/uploads\/2025\/10\/logo-ccf-canada-1024x683.jpg 1024w, https:\/\/www.barnes-miami.com\/wp-content\/uploads\/2025\/10\/logo-ccf-canada-768x512.jpg 768w, https:\/\/www.barnes-miami.com\/wp-content\/uploads\/2025\/10\/logo-ccf-canada-18x12.jpg 18w\" sizes=\"auto, (max-width: 1500px) 100vw, 1500px\" \/><\/a><\/figure>\n\n\n\n<h4 class=\"wp-block-heading\">C\u00e2mara de Com\u00e9rcio Fran\u00e7a \u2013 Canad\u00e1<\/h4>\n<\/div>\n\n\n\n<div class=\"wp-block-column is-layout-flow wp-block-column-is-layout-flow\">\n<figure class=\"wp-block-image size-full\"><a href=\"https:\/\/frenchdistrict.com\" target=\"_blank\" rel=\" noreferrer noopener\"><img loading=\"lazy\" decoding=\"async\" width=\"1500\" height=\"1000\" src=\"https:\/\/www.barnes-miami.com\/wp-content\/uploads\/2025\/10\/logo-french-district.jpg\" alt=\"\" class=\"wp-image-30519\" srcset=\"https:\/\/www.barnes-miami.com\/wp-content\/uploads\/2025\/10\/logo-french-district.jpg 1500w, https:\/\/www.barnes-miami.com\/wp-content\/uploads\/2025\/10\/logo-french-district-300x200.jpg 300w, https:\/\/www.barnes-miami.com\/wp-content\/uploads\/2025\/10\/logo-french-district-1024x683.jpg 1024w, https:\/\/www.barnes-miami.com\/wp-content\/uploads\/2025\/10\/logo-french-district-768x512.jpg 768w, https:\/\/www.barnes-miami.com\/wp-content\/uploads\/2025\/10\/logo-french-district-18x12.jpg 18w\" sizes=\"auto, (max-width: 1500px) 100vw, 1500px\" \/><\/a><\/figure>\n\n\n\n<h4 class=\"wp-block-heading\">Distrito Franc\u00eas<\/h4>\n<\/div>\n<\/div>\n\n\n\n<div style=\"height:20px\" aria-hidden=\"true\" class=\"wp-block-spacer\"><\/div>\n\n\n\n<div class=\"wp-block-columns is-layout-flex wp-container-core-columns-is-layout-9d6595d7 wp-block-columns-is-layout-flex\">\n<div class=\"wp-block-column is-layout-flow wp-block-column-is-layout-flow\">\n<figure class=\"wp-block-image size-full\"><a href=\"https:\/\/www.frenchfounders.com\" target=\"_blank\" rel=\" noreferrer noopener\"><img loading=\"lazy\" decoding=\"async\" width=\"1500\" height=\"1000\" src=\"https:\/\/www.barnes-miami.com\/wp-content\/uploads\/2025\/10\/logo-french-founders.jpg\" alt=\"\" class=\"wp-image-30520\" srcset=\"https:\/\/www.barnes-miami.com\/wp-content\/uploads\/2025\/10\/logo-french-founders.jpg 1500w, https:\/\/www.barnes-miami.com\/wp-content\/uploads\/2025\/10\/logo-french-founders-300x200.jpg 300w, https:\/\/www.barnes-miami.com\/wp-content\/uploads\/2025\/10\/logo-french-founders-1024x683.jpg 1024w, https:\/\/www.barnes-miami.com\/wp-content\/uploads\/2025\/10\/logo-french-founders-768x512.jpg 768w, https:\/\/www.barnes-miami.com\/wp-content\/uploads\/2025\/10\/logo-french-founders-18x12.jpg 18w\" sizes=\"auto, (max-width: 1500px) 100vw, 1500px\" \/><\/a><\/figure>\n\n\n\n<h4 class=\"wp-block-heading\">Fundadores Franceses<\/h4>\n<\/div>\n\n\n\n<div class=\"wp-block-column is-layout-flow wp-block-column-is-layout-flow\">\n<figure class=\"wp-block-image size-full\"><a href=\"https:\/\/www.miami-accueil.org\" target=\"_blank\" rel=\" noreferrer noopener\"><img loading=\"lazy\" decoding=\"async\" width=\"1500\" height=\"1000\" src=\"https:\/\/www.barnes-miami.com\/wp-content\/uploads\/2025\/10\/logo-miami-acceuil.jpg\" alt=\"\" class=\"wp-image-30521\" srcset=\"https:\/\/www.barnes-miami.com\/wp-content\/uploads\/2025\/10\/logo-miami-acceuil.jpg 1500w, https:\/\/www.barnes-miami.com\/wp-content\/uploads\/2025\/10\/logo-miami-acceuil-300x200.jpg 300w, https:\/\/www.barnes-miami.com\/wp-content\/uploads\/2025\/10\/logo-miami-acceuil-1024x683.jpg 1024w, https:\/\/www.barnes-miami.com\/wp-content\/uploads\/2025\/10\/logo-miami-acceuil-768x512.jpg 768w, https:\/\/www.barnes-miami.com\/wp-content\/uploads\/2025\/10\/logo-miami-acceuil-18x12.jpg 18w\" sizes=\"auto, (max-width: 1500px) 100vw, 1500px\" \/><\/a><\/figure>\n\n\n\n<h4 class=\"wp-block-heading\">Casa em Miami<\/h4>\n<\/div>\n<\/div>\n\n\n\n<div style=\"height:20px\" aria-hidden=\"true\" class=\"wp-block-spacer\"><\/div>\n\n\n\n<div class=\"wp-block-columns is-layout-flex wp-container-core-columns-is-layout-9d6595d7 wp-block-columns-is-layout-flex\">\n<div class=\"wp-block-column is-layout-flow wp-block-column-is-layout-flow\">\n<figure class=\"wp-block-image size-full\"><a href=\"https:\/\/miami.consulfrance.org\" target=\"_blank\" rel=\" noreferrer noopener\"><img loading=\"lazy\" decoding=\"async\" width=\"1500\" height=\"1000\" src=\"https:\/\/www.barnes-miami.com\/wp-content\/uploads\/2025\/10\/logo-consulat-france-miami.jpg\" alt=\"\" class=\"wp-image-30522\" srcset=\"https:\/\/www.barnes-miami.com\/wp-content\/uploads\/2025\/10\/logo-consulat-france-miami.jpg 1500w, https:\/\/www.barnes-miami.com\/wp-content\/uploads\/2025\/10\/logo-consulat-france-miami-300x200.jpg 300w, https:\/\/www.barnes-miami.com\/wp-content\/uploads\/2025\/10\/logo-consulat-france-miami-1024x683.jpg 1024w, https:\/\/www.barnes-miami.com\/wp-content\/uploads\/2025\/10\/logo-consulat-france-miami-768x512.jpg 768w, https:\/\/www.barnes-miami.com\/wp-content\/uploads\/2025\/10\/logo-consulat-france-miami-18x12.jpg 18w\" sizes=\"auto, (max-width: 1500px) 100vw, 1500px\" \/><\/a><\/figure>\n\n\n\n<h4 class=\"wp-block-heading\">Consulado Geral da Fran\u00e7a em Miami<\/h4>\n<\/div>\n\n\n\n<div class=\"wp-block-column is-layout-flow wp-block-column-is-layout-flow\">\n<h3 class=\"wp-block-heading\"><\/h3>\n<\/div>\n<\/div>\n<\/div><\/div>\n\n\n\n<div style=\"height:20px\" aria-hidden=\"true\" class=\"wp-block-spacer\"><\/div>","protected":false},"excerpt":{"rendered":"<p>NOSSOS PARCEIROS DE CONFIAN\u00c7A Nossos parceiros s\u00e3o jogadores confi\u00e1veis e excelentes que compartilham nossa vis\u00e3o de im\u00f3veis de luxo e da arte de viver.<\/p>","protected":false},"author":2,"featured_media":17111,"parent":0,"menu_order":0,"comment_status":"closed","ping_status":"closed","template":"","meta":{"inline_featured_image":false,"footnotes":""},"class_list":["post-23235","page","type-page","status-publish","has-post-thumbnail","hentry"],"yoast_head":"<!-- This site is optimized with the Yoast SEO plugin v27.4 - https:\/\/yoast.com\/product\/yoast-seo-wordpress\/ -->\n<title>Nos partenaires | Immobilier de prestige | BARNES Miami<\/title>\n<meta name=\"description\" content=\"D\u00e9couvrez l&#039;ensemble des partenaires de BARNES Miami. Une relation de confiance.\" \/>\n<meta name=\"robots\" content=\"index, follow, max-snippet:-1, max-image-preview:large, max-video-preview:-1\" \/>\n<link rel=\"canonical\" href=\"https:\/\/www.barnes-miami.com\/pt\/nossos-parceiros\/\" \/>\n<meta property=\"og:locale\" content=\"pt_BR\" \/>\n<meta property=\"og:type\" content=\"article\" \/>\n<meta property=\"og:title\" content=\"Nos partenaires | Immobilier de prestige | BARNES Miami\" \/>\n<meta property=\"og:description\" content=\"D\u00e9couvrez l&#039;ensemble des partenaires de BARNES Miami. Une relation de confiance.\" \/>\n<meta property=\"og:url\" content=\"https:\/\/www.barnes-miami.com\/pt\/nossos-parceiros\/\" \/>\n<meta property=\"og:site_name\" content=\"BARNES Miami\" \/>\n<meta property=\"article:publisher\" content=\"https:\/\/www.facebook.com\/barnesinternationalmiami\/\" \/>\n<meta property=\"article:modified_time\" content=\"2025-10-15T23:17:32+00:00\" \/>\n<meta property=\"og:image\" content=\"https:\/\/www.barnes-miami.com\/wp-content\/uploads\/2018\/06\/networking.jpg\" \/>\n\t<meta property=\"og:image:width\" content=\"1235\" \/>\n\t<meta property=\"og:image:height\" content=\"403\" \/>\n\t<meta property=\"og:image:type\" content=\"image\/jpeg\" \/>\n<meta name=\"twitter:card\" content=\"summary_large_image\" \/>\n<meta name=\"twitter:site\" content=\"@barnesmiami\" \/>\n<meta name=\"twitter:label1\" content=\"Est. tempo de leitura\" \/>\n\t<meta name=\"twitter:data1\" content=\"3 minutos\" \/>\n<script type=\"application\/ld+json\" class=\"yoast-schema-graph\">{\"@context\":\"https:\\\/\\\/schema.org\",\"@graph\":[{\"@type\":\"WebPage\",\"@id\":\"https:\\\/\\\/www.barnes-miami.com\\\/nos-partenaires\\\/\",\"url\":\"https:\\\/\\\/www.barnes-miami.com\\\/nos-partenaires\\\/\",\"name\":\"Nos partenaires | Immobilier de prestige | BARNES Miami\",\"isPartOf\":{\"@id\":\"https:\\\/\\\/www.barnes-miami.com\\\/#website\"},\"primaryImageOfPage\":{\"@id\":\"https:\\\/\\\/www.barnes-miami.com\\\/nos-partenaires\\\/#primaryimage\"},\"image\":{\"@id\":\"https:\\\/\\\/www.barnes-miami.com\\\/nos-partenaires\\\/#primaryimage\"},\"thumbnailUrl\":\"https:\\\/\\\/www.barnes-miami.com\\\/wp-content\\\/uploads\\\/2018\\\/06\\\/networking.jpg\",\"datePublished\":\"2019-12-18T15:24:53+00:00\",\"dateModified\":\"2025-10-15T23:17:32+00:00\",\"description\":\"D\u00e9couvrez l'ensemble des partenaires de BARNES Miami. Une relation de confiance.\",\"breadcrumb\":{\"@id\":\"https:\\\/\\\/www.barnes-miami.com\\\/nos-partenaires\\\/#breadcrumb\"},\"inLanguage\":\"pt-BR\",\"potentialAction\":[{\"@type\":\"ReadAction\",\"target\":[\"https:\\\/\\\/www.barnes-miami.com\\\/nos-partenaires\\\/\"]}]},{\"@type\":\"ImageObject\",\"inLanguage\":\"pt-BR\",\"@id\":\"https:\\\/\\\/www.barnes-miami.com\\\/nos-partenaires\\\/#primaryimage\",\"url\":\"https:\\\/\\\/www.barnes-miami.com\\\/wp-content\\\/uploads\\\/2018\\\/06\\\/networking.jpg\",\"contentUrl\":\"https:\\\/\\\/www.barnes-miami.com\\\/wp-content\\\/uploads\\\/2018\\\/06\\\/networking.jpg\",\"width\":1235,\"height\":403},{\"@type\":\"BreadcrumbList\",\"@id\":\"https:\\\/\\\/www.barnes-miami.com\\\/nos-partenaires\\\/#breadcrumb\",\"itemListElement\":[{\"@type\":\"ListItem\",\"position\":1,\"name\":\"Accueil\",\"item\":\"https:\\\/\\\/www.barnes-miami.com\\\/\"},{\"@type\":\"ListItem\",\"position\":2,\"name\":\"Nos Partenaires\"}]},{\"@type\":\"WebSite\",\"@id\":\"https:\\\/\\\/www.barnes-miami.com\\\/#website\",\"url\":\"https:\\\/\\\/www.barnes-miami.com\\\/\",\"name\":\"BARNES Miami\",\"description\":\"#1 International Real Estate Brokerage in South Florida\",\"publisher\":{\"@id\":\"https:\\\/\\\/www.barnes-miami.com\\\/#organization\"},\"potentialAction\":[{\"@type\":\"SearchAction\",\"target\":{\"@type\":\"EntryPoint\",\"urlTemplate\":\"https:\\\/\\\/www.barnes-miami.com\\\/?s={search_term_string}\"},\"query-input\":{\"@type\":\"PropertyValueSpecification\",\"valueRequired\":true,\"valueName\":\"search_term_string\"}}],\"inLanguage\":\"pt-BR\"},{\"@type\":\"Organization\",\"@id\":\"https:\\\/\\\/www.barnes-miami.com\\\/#organization\",\"name\":\"BARNES Miami\",\"url\":\"https:\\\/\\\/www.barnes-miami.com\\\/\",\"logo\":{\"@type\":\"ImageObject\",\"inLanguage\":\"pt-BR\",\"@id\":\"https:\\\/\\\/www.barnes-miami.com\\\/#\\\/schema\\\/logo\\\/image\\\/\",\"url\":\"https:\\\/\\\/www.barnes-miami.com\\\/wp-content\\\/uploads\\\/2026\\\/01\\\/logo-2.png\",\"contentUrl\":\"https:\\\/\\\/www.barnes-miami.com\\\/wp-content\\\/uploads\\\/2026\\\/01\\\/logo-2.png\",\"width\":1100,\"height\":1100,\"caption\":\"BARNES Miami\"},\"image\":{\"@id\":\"https:\\\/\\\/www.barnes-miami.com\\\/#\\\/schema\\\/logo\\\/image\\\/\"},\"sameAs\":[\"https:\\\/\\\/www.facebook.com\\\/barnesinternationalmiami\\\/\",\"https:\\\/\\\/x.com\\\/barnesmiami\",\"https:\\\/\\\/www.instagram.com\\\/barnesmiami\\\/\",\"https:\\\/\\\/www.linkedin.com\\\/company\\\/barnes-international-miami\\\/\",\"https:\\\/\\\/www.youtube.com\\\/user\\\/BarnesImmoMiami\\\/\"]}]}<\/script>\n<!-- \/ Yoast SEO plugin. -->","yoast_head_json":{"title":"Nossos parceiros | Im\u00f3veis de prest\u00edgio | BARNES Miami","description":"Conhe\u00e7a todos os parceiros da BARNES Miami. Uma rela\u00e7\u00e3o de confian\u00e7a.","robots":{"index":"index","follow":"follow","max-snippet":"max-snippet:-1","max-image-preview":"max-image-preview:large","max-video-preview":"max-video-preview:-1"},"canonical":"https:\/\/www.barnes-miami.com\/pt\/nossos-parceiros\/","og_locale":"pt_BR","og_type":"article","og_title":"Nos partenaires | Immobilier de prestige | BARNES Miami","og_description":"D\u00e9couvrez l'ensemble des partenaires de BARNES Miami. Une relation de confiance.","og_url":"https:\/\/www.barnes-miami.com\/pt\/nossos-parceiros\/","og_site_name":"BARNES Miami","article_publisher":"https:\/\/www.facebook.com\/barnesinternationalmiami\/","article_modified_time":"2025-10-15T23:17:32+00:00","og_image":[{"width":1235,"height":403,"url":"https:\/\/www.barnes-miami.com\/wp-content\/uploads\/2018\/06\/networking.jpg","type":"image\/jpeg"}],"twitter_card":"summary_large_image","twitter_site":"@barnesmiami","twitter_misc":{"Est. tempo de leitura":"3 minutos"},"schema":{"@context":"https:\/\/schema.org","@graph":[{"@type":"WebPage","@id":"https:\/\/www.barnes-miami.com\/nos-partenaires\/","url":"https:\/\/www.barnes-miami.com\/nos-partenaires\/","name":"Nossos parceiros | Im\u00f3veis de prest\u00edgio | BARNES Miami","isPartOf":{"@id":"https:\/\/www.barnes-miami.com\/#website"},"primaryImageOfPage":{"@id":"https:\/\/www.barnes-miami.com\/nos-partenaires\/#primaryimage"},"image":{"@id":"https:\/\/www.barnes-miami.com\/nos-partenaires\/#primaryimage"},"thumbnailUrl":"https:\/\/www.barnes-miami.com\/wp-content\/uploads\/2018\/06\/networking.jpg","datePublished":"2019-12-18T15:24:53+00:00","dateModified":"2025-10-15T23:17:32+00:00","description":"Conhe\u00e7a todos os parceiros da BARNES Miami. Uma rela\u00e7\u00e3o de confian\u00e7a.","breadcrumb":{"@id":"https:\/\/www.barnes-miami.com\/nos-partenaires\/#breadcrumb"},"inLanguage":"pt-BR","potentialAction":[{"@type":"ReadAction","target":["https:\/\/www.barnes-miami.com\/nos-partenaires\/"]}]},{"@type":"ImageObject","inLanguage":"pt-BR","@id":"https:\/\/www.barnes-miami.com\/nos-partenaires\/#primaryimage","url":"https:\/\/www.barnes-miami.com\/wp-content\/uploads\/2018\/06\/networking.jpg","contentUrl":"https:\/\/www.barnes-miami.com\/wp-content\/uploads\/2018\/06\/networking.jpg","width":1235,"height":403},{"@type":"BreadcrumbList","@id":"https:\/\/www.barnes-miami.com\/nos-partenaires\/#breadcrumb","itemListElement":[{"@type":"ListItem","position":1,"name":"Accueil","item":"https:\/\/www.barnes-miami.com\/"},{"@type":"ListItem","position":2,"name":"Nos Partenaires"}]},{"@type":"WebSite","@id":"https:\/\/www.barnes-miami.com\/#website","url":"https:\/\/www.barnes-miami.com\/","name":"BARNES Miami","description":"#1 Corretora Imobili\u00e1ria Internacional no Sul da Fl\u00f3rida","publisher":{"@id":"https:\/\/www.barnes-miami.com\/#organization"},"potentialAction":[{"@type":"SearchAction","target":{"@type":"EntryPoint","urlTemplate":"https:\/\/www.barnes-miami.com\/?s={search_term_string}"},"query-input":{"@type":"PropertyValueSpecification","valueRequired":true,"valueName":"search_term_string"}}],"inLanguage":"pt-BR"},{"@type":"Organization","@id":"https:\/\/www.barnes-miami.com\/#organization","name":"BARNES Miami","url":"https:\/\/www.barnes-miami.com\/","logo":{"@type":"ImageObject","inLanguage":"pt-BR","@id":"https:\/\/www.barnes-miami.com\/#\/schema\/logo\/image\/","url":"https:\/\/www.barnes-miami.com\/wp-content\/uploads\/2026\/01\/logo-2.png","contentUrl":"https:\/\/www.barnes-miami.com\/wp-content\/uploads\/2026\/01\/logo-2.png","width":1100,"height":1100,"caption":"BARNES Miami"},"image":{"@id":"https:\/\/www.barnes-miami.com\/#\/schema\/logo\/image\/"},"sameAs":["https:\/\/www.facebook.com\/barnesinternationalmiami\/","https:\/\/x.com\/barnesmiami","https:\/\/www.instagram.com\/barnesmiami\/","https:\/\/www.linkedin.com\/company\/barnes-international-miami\/","https:\/\/www.youtube.com\/user\/BarnesImmoMiami\/"]}]}},"_links":{"self":[{"href":"https:\/\/www.barnes-miami.com\/pt\/wp-json\/wp\/v2\/pages\/23235","targetHints":{"allow":["GET"]}}],"collection":[{"href":"https:\/\/www.barnes-miami.com\/pt\/wp-json\/wp\/v2\/pages"}],"about":[{"href":"https:\/\/www.barnes-miami.com\/pt\/wp-json\/wp\/v2\/types\/page"}],"author":[{"embeddable":true,"href":"https:\/\/www.barnes-miami.com\/pt\/wp-json\/wp\/v2\/users\/2"}],"replies":[{"embeddable":true,"href":"https:\/\/www.barnes-miami.com\/pt\/wp-json\/wp\/v2\/comments?post=23235"}],"version-history":[{"count":53,"href":"https:\/\/www.barnes-miami.com\/pt\/wp-json\/wp\/v2\/pages\/23235\/revisions"}],"predecessor-version":[{"id":30529,"href":"https:\/\/www.barnes-miami.com\/pt\/wp-json\/wp\/v2\/pages\/23235\/revisions\/30529"}],"wp:featuredmedia":[{"embeddable":true,"href":"https:\/\/www.barnes-miami.com\/pt\/wp-json\/wp\/v2\/media\/17111"}],"wp:attachment":[{"href":"https:\/\/www.barnes-miami.com\/pt\/wp-json\/wp\/v2\/media?parent=23235"}],"curies":[{"name":"wp","href":"https:\/\/api.w.org\/{rel}","templated":true}]}}