{"id":24039,"date":"2020-02-13T11:48:04","date_gmt":"2020-02-13T16:48:04","guid":{"rendered":"https:\/\/www.barnes-miami.com\/?page_id=24039"},"modified":"2020-02-14T14:33:12","modified_gmt":"2020-02-14T19:33:12","slug":"investimento-especial-em-park-grove-coconut-grove","status":"publish","type":"page","link":"https:\/\/www.barnes-miami.com\/pt\/special-invest-in-park-grove-coconut-grove\/","title":{"rendered":"Invista em Park Grove, Coconut Grove"},"content":{"rendered":"<blockquote class=\"wp-block-quote is-layout-flow wp-block-quote-is-layout-flow\"><p>Park Grove \u00e9 um condom\u00ednio totalmente novo e ultraluxuoso que oferece uma experi\u00eancia de vida \u00edntima e luxuosa no sentido mais verdadeiro.&nbsp;<\/p><\/blockquote>\n\n\n\n<div class=\"wp-block-barnes-blocks-contact\"><div class=\"contact_wrapper\"><h3>Contate-nos<\/h3><form action=\"\"><div class=\"form-group\"><input type=\"text\" value=\"\" name=\"name\" pattern=\".{4,}\"\/><label>Nome *<\/label><\/div><div class=\"form-group\"><input type=\"text\" value=\"\" name=\"email\" pattern=\".{4,}\"\/><label>E-mail *<\/label><\/div><div class=\"form-group\"><input type=\"text\" value=\"\" name=\"phone\" pattern=\".{8,}\"\/><label>Telefone *<\/label><\/div><div class=\"form-group\"><textarea name=\"message\"><\/textarea><label>Mensagem<\/label><\/div><div><input type=\"hidden\" name=\"referral\" class=\"referral\"\/><button class=\"contact_btn\">Enviar<\/button><\/div><input type=\"hidden\" name=\"trp-form-language\" value=\"pt\"\/><\/form><\/div><\/div>\n\n\n\n<div class=\"wp-block-columns is-layout-flex wp-container-core-columns-is-layout-9d6595d7 wp-block-columns-is-layout-flex\">\n<div class=\"wp-block-column is-layout-flow wp-block-column-is-layout-flow\">\n<figure class=\"wp-block-image size-large\"><img loading=\"lazy\" decoding=\"async\" width=\"1024\" height=\"717\" src=\"https:\/\/www.barnes-miami.com\/wp-content\/uploads\/2020\/02\/park-grove-condos-1024x717.jpg\" alt=\"condom\u00ednios-park-grove\" class=\"wp-image-24040\" srcset=\"https:\/\/www.barnes-miami.com\/wp-content\/uploads\/2020\/02\/park-grove-condos-1024x717.jpg 1024w, https:\/\/www.barnes-miami.com\/wp-content\/uploads\/2020\/02\/park-grove-condos-300x210.jpg 300w, https:\/\/www.barnes-miami.com\/wp-content\/uploads\/2020\/02\/park-grove-condos-768x538.jpg 768w, https:\/\/www.barnes-miami.com\/wp-content\/uploads\/2020\/02\/park-grove-condos.jpg 1280w\" sizes=\"auto, (max-width: 1024px) 100vw, 1024px\" \/><figcaption>Edif\u00edcio Park Grove<\/figcaption><\/figure>\n<\/div>\n\n\n\n<div class=\"wp-block-column is-layout-flow wp-block-column-is-layout-flow\">\n<figure class=\"wp-block-image size-large\"><img loading=\"lazy\" decoding=\"async\" width=\"1024\" height=\"717\" src=\"https:\/\/www.barnes-miami.com\/wp-content\/uploads\/2020\/02\/park-grove-indoor-outdoor-flow-through-1024x717.jpg\" alt=\"\" class=\"wp-image-24041\" srcset=\"https:\/\/www.barnes-miami.com\/wp-content\/uploads\/2020\/02\/park-grove-indoor-outdoor-flow-through-1024x717.jpg 1024w, https:\/\/www.barnes-miami.com\/wp-content\/uploads\/2020\/02\/park-grove-indoor-outdoor-flow-through-300x210.jpg 300w, https:\/\/www.barnes-miami.com\/wp-content\/uploads\/2020\/02\/park-grove-indoor-outdoor-flow-through-768x538.jpg 768w, https:\/\/www.barnes-miami.com\/wp-content\/uploads\/2020\/02\/park-grove-indoor-outdoor-flow-through.jpg 1280w\" sizes=\"auto, (max-width: 1024px) 100vw, 1024px\" \/><figcaption>Comodidades do Park Grove<\/figcaption><\/figure>\n<\/div>\n\n\n\n<div class=\"wp-block-column is-layout-flow wp-block-column-is-layout-flow\">\n<figure class=\"wp-block-image size-large\"><img loading=\"lazy\" decoding=\"async\" width=\"1024\" height=\"717\" src=\"https:\/\/www.barnes-miami.com\/wp-content\/uploads\/2020\/02\/park-grove-pool-1024x717.jpg\" alt=\"\" class=\"wp-image-24042\" srcset=\"https:\/\/www.barnes-miami.com\/wp-content\/uploads\/2020\/02\/park-grove-pool-1024x717.jpg 1024w, https:\/\/www.barnes-miami.com\/wp-content\/uploads\/2020\/02\/park-grove-pool-300x210.jpg 300w, https:\/\/www.barnes-miami.com\/wp-content\/uploads\/2020\/02\/park-grove-pool-768x538.jpg 768w, https:\/\/www.barnes-miami.com\/wp-content\/uploads\/2020\/02\/park-grove-pool.jpg 1280w\" sizes=\"auto, (max-width: 1024px) 100vw, 1024px\" \/><figcaption>Piscina do Parque Grove<\/figcaption><\/figure>\n<\/div>\n<\/div>\n\n\n\n<div class=\"wp-block-barnes-blocks-text-image-right\"><div class=\"textimg-container\"><div class=\"textimg-child1\"><h3 class=\"textimg-title\">Experi\u00eancia da BARNES<\/h3><p class=\"textimg-text\">A BARNES conta com uma equipe dedicada e especializada em Coconut Grove.<\/p><p><a href=\"#\" class=\"textimg-link first hide\">Consulte Mais informa\u00e7\u00e3o<\/a><\/p><\/div><div class=\"textimg-child2\"><div class=\"textimg-bg\"><figure><a href=\"#\" class=\"second\"><img class=\"textimg-image effect lazy\" data-src=\"https:\/\/res.cloudinary.com\/barnesmiami\/image\/fetch\/w_auto,dpr_auto,q_auto\/https:\/\/www.barnes-miami.com\/wp-content\/uploads\/2020\/02\/park-grove-lobby.jpg\" alt=\"lobby do parque\"\/><\/a><\/figure><div class=\"textimg-caption\">Coqueiral<\/div><\/div><\/div><\/div><\/div>\n\n\n\n<p>Localizados nas ruas serenas e valorizadas pela comunidade em Bayfront, em Coconut Grove, mas a poucos minutos das elegantes e metropolitanas ruas de Brickell e das vibrantes ruas de South Beach, os condom\u00ednios Park Grove oferecem um local desej\u00e1vel para residir.<\/p>\n\n\n\n<p>Projetado por uma equipe de arquitetos, designers e desenvolvedores de renome mundial, Park Grove possui uma beleza sem precedentes. Os moradores do condom\u00ednio Park Grove ir\u00e3o desfrutar da arquitetura de alta classe do famoso Rem Koolhaas do OMA, interiores personalizados pelo famoso William Sofield, conhecido por seus princ\u00edpios hist\u00f3ricos e modernistas e cria\u00e7\u00f5es de harmonia entre o conforto esteticamente agrad\u00e1vel e cotidiano, e os jardins paisag\u00edsticos exuberantes de Enzo Enea.<\/p>\n\n\n\n<p>Os condom\u00ednios Park Grove est\u00e3o localizados em 2701 South Bayshore Drive e consistem em 276 unidades de condom\u00ednio de luxo em tr\u00eas torres de condom\u00ednio, que s\u00e3o escalonadas para permitir amplas vistas diretas do mar de cada torre.<\/p>\n\n\n\n<h2 class=\"has-text-align-center wp-block-heading\"><em><strong>Quer saber a faixa de pre\u00e7o ou unidades dispon\u00edveis? <\/strong><\/em><\/h2>\n\n\n\n<div class=\"wp-block-barnes-blocks-contact\"><div class=\"contact_wrapper\"><h3>Contate-nos<\/h3><form action=\"\"><div class=\"form-group\"><input type=\"text\" value=\"\" name=\"name\" pattern=\".{4,}\"\/><label>Nome *<\/label><\/div><div class=\"form-group\"><input type=\"text\" value=\"\" name=\"email\" pattern=\".{4,}\"\/><label>E-mail *<\/label><\/div><div class=\"form-group\"><input type=\"text\" value=\"\" name=\"phone\" pattern=\".{8,}\"\/><label>Telefone *<\/label><\/div><div class=\"form-group\"><textarea name=\"message\"><\/textarea><label>Mensagem<\/label><\/div><div><input type=\"hidden\" name=\"referral\" class=\"referral\"\/><button class=\"contact_btn\">Enviar<\/button><\/div><input type=\"hidden\" name=\"trp-form-language\" value=\"pt\"\/><\/form><\/div><\/div>","protected":false},"excerpt":{"rendered":"<p>Park Grove is a brand-new, ultra-luxury condominium development that provides an intimate, luxurious living experience in the truest sense.&nbsp; Located on the serene, community-valued, Bayfront streets of Coconut Grove, but only minutes away from the chic, metropolitan streets of Brickell and the vibrant streets of South Beach, Park Grove condos offer a desirable place to [&hellip;]<\/p>\n","protected":false},"author":2,"featured_media":0,"parent":0,"menu_order":0,"comment_status":"closed","ping_status":"closed","template":"","meta":{"inline_featured_image":false,"footnotes":""},"class_list":["post-24039","page","type-page","status-publish","hentry"],"yoast_head":"<!-- This site is optimized with the Yoast SEO plugin v27.5 - https:\/\/yoast.com\/product\/yoast-seo-wordpress\/ -->\n<title>Invest in Park Grove, Coconut Grove - BARNES Miami<\/title>\n<meta name=\"robots\" content=\"index, follow, max-snippet:-1, max-image-preview:large, max-video-preview:-1\" \/>\n<link rel=\"canonical\" href=\"https:\/\/www.barnes-miami.com\/pt\/investimento-especial-em-park-grove-coconut-grove\/\" \/>\n<meta property=\"og:locale\" content=\"pt_BR\" \/>\n<meta property=\"og:type\" content=\"article\" \/>\n<meta property=\"og:title\" content=\"Invest in Park Grove, Coconut Grove - BARNES Miami\" \/>\n<meta property=\"og:description\" content=\"Park Grove is a brand-new, ultra-luxury condominium development that provides an intimate, luxurious living experience in the truest sense.&nbsp; Located on the serene, community-valued, Bayfront streets of Coconut Grove, but only minutes away from the chic, metropolitan streets of Brickell and the vibrant streets of South Beach, Park Grove condos offer a desirable place to [&hellip;]\" \/>\n<meta property=\"og:url\" content=\"https:\/\/www.barnes-miami.com\/pt\/investimento-especial-em-park-grove-coconut-grove\/\" \/>\n<meta property=\"og:site_name\" content=\"BARNES Miami\" \/>\n<meta property=\"article:publisher\" content=\"https:\/\/www.facebook.com\/barnesinternationalmiami\/\" \/>\n<meta property=\"article:modified_time\" content=\"2020-02-14T19:33:12+00:00\" \/>\n<meta property=\"og:image\" content=\"https:\/\/www.barnes-miami.com\/wp-content\/uploads\/2020\/02\/park-grove-condos-1024x717.jpg\" \/>\n<meta name=\"twitter:card\" content=\"summary_large_image\" \/>\n<meta name=\"twitter:site\" content=\"@barnesmiami\" \/>\n<meta name=\"twitter:label1\" content=\"Est. tempo de leitura\" \/>\n\t<meta name=\"twitter:data1\" content=\"1 minuto\" \/>\n<script type=\"application\/ld+json\" class=\"yoast-schema-graph\">{\"@context\":\"https:\\\/\\\/schema.org\",\"@graph\":[{\"@type\":\"WebPage\",\"@id\":\"https:\\\/\\\/www.barnes-miami.com\\\/en\\\/special-invest-in-park-grove-coconut-grove\\\/\",\"url\":\"https:\\\/\\\/www.barnes-miami.com\\\/en\\\/special-invest-in-park-grove-coconut-grove\\\/\",\"name\":\"Invest in Park Grove, Coconut Grove - BARNES Miami\",\"isPartOf\":{\"@id\":\"https:\\\/\\\/www.barnes-miami.com\\\/#website\"},\"primaryImageOfPage\":{\"@id\":\"https:\\\/\\\/www.barnes-miami.com\\\/en\\\/special-invest-in-park-grove-coconut-grove\\\/#primaryimage\"},\"image\":{\"@id\":\"https:\\\/\\\/www.barnes-miami.com\\\/en\\\/special-invest-in-park-grove-coconut-grove\\\/#primaryimage\"},\"thumbnailUrl\":\"https:\\\/\\\/www.barnes-miami.com\\\/wp-content\\\/uploads\\\/2020\\\/02\\\/park-grove-condos-1024x717.jpg\",\"datePublished\":\"2020-02-13T16:48:04+00:00\",\"dateModified\":\"2020-02-14T19:33:12+00:00\",\"breadcrumb\":{\"@id\":\"https:\\\/\\\/www.barnes-miami.com\\\/en\\\/special-invest-in-park-grove-coconut-grove\\\/#breadcrumb\"},\"inLanguage\":\"pt-BR\",\"potentialAction\":[{\"@type\":\"ReadAction\",\"target\":[\"https:\\\/\\\/www.barnes-miami.com\\\/en\\\/special-invest-in-park-grove-coconut-grove\\\/\"]}]},{\"@type\":\"ImageObject\",\"inLanguage\":\"pt-BR\",\"@id\":\"https:\\\/\\\/www.barnes-miami.com\\\/en\\\/special-invest-in-park-grove-coconut-grove\\\/#primaryimage\",\"url\":\"https:\\\/\\\/www.barnes-miami.com\\\/wp-content\\\/uploads\\\/2020\\\/02\\\/park-grove-condos-1024x717.jpg\",\"contentUrl\":\"https:\\\/\\\/www.barnes-miami.com\\\/wp-content\\\/uploads\\\/2020\\\/02\\\/park-grove-condos-1024x717.jpg\"},{\"@type\":\"BreadcrumbList\",\"@id\":\"https:\\\/\\\/www.barnes-miami.com\\\/en\\\/special-invest-in-park-grove-coconut-grove\\\/#breadcrumb\",\"itemListElement\":[{\"@type\":\"ListItem\",\"position\":1,\"name\":\"Accueil\",\"item\":\"https:\\\/\\\/www.barnes-miami.com\\\/\"},{\"@type\":\"ListItem\",\"position\":2,\"name\":\"Invest in Park Grove, Coconut Grove\"}]},{\"@type\":\"WebSite\",\"@id\":\"https:\\\/\\\/www.barnes-miami.com\\\/#website\",\"url\":\"https:\\\/\\\/www.barnes-miami.com\\\/\",\"name\":\"BARNES Miami\",\"description\":\"#1 International Real Estate Brokerage in South Florida\",\"publisher\":{\"@id\":\"https:\\\/\\\/www.barnes-miami.com\\\/#organization\"},\"potentialAction\":[{\"@type\":\"SearchAction\",\"target\":{\"@type\":\"EntryPoint\",\"urlTemplate\":\"https:\\\/\\\/www.barnes-miami.com\\\/?s={search_term_string}\"},\"query-input\":{\"@type\":\"PropertyValueSpecification\",\"valueRequired\":true,\"valueName\":\"search_term_string\"}}],\"inLanguage\":\"pt-BR\"},{\"@type\":\"Organization\",\"@id\":\"https:\\\/\\\/www.barnes-miami.com\\\/#organization\",\"name\":\"BARNES Miami\",\"url\":\"https:\\\/\\\/www.barnes-miami.com\\\/\",\"logo\":{\"@type\":\"ImageObject\",\"inLanguage\":\"pt-BR\",\"@id\":\"https:\\\/\\\/www.barnes-miami.com\\\/#\\\/schema\\\/logo\\\/image\\\/\",\"url\":\"https:\\\/\\\/www.barnes-miami.com\\\/wp-content\\\/uploads\\\/2026\\\/01\\\/logo-2.png\",\"contentUrl\":\"https:\\\/\\\/www.barnes-miami.com\\\/wp-content\\\/uploads\\\/2026\\\/01\\\/logo-2.png\",\"width\":1100,\"height\":1100,\"caption\":\"BARNES Miami\"},\"image\":{\"@id\":\"https:\\\/\\\/www.barnes-miami.com\\\/#\\\/schema\\\/logo\\\/image\\\/\"},\"sameAs\":[\"https:\\\/\\\/www.facebook.com\\\/barnesinternationalmiami\\\/\",\"https:\\\/\\\/x.com\\\/barnesmiami\",\"https:\\\/\\\/www.instagram.com\\\/barnesmiami\\\/\",\"https:\\\/\\\/www.linkedin.com\\\/company\\\/barnes-international-miami\\\/\",\"https:\\\/\\\/www.youtube.com\\\/user\\\/BarnesImmoMiami\\\/\"]}]}<\/script>\n<!-- \/ Yoast SEO plugin. -->","yoast_head_json":{"title":"Invista em Park Grove, Coconut Grove - BARNES Miami","robots":{"index":"index","follow":"follow","max-snippet":"max-snippet:-1","max-image-preview":"max-image-preview:large","max-video-preview":"max-video-preview:-1"},"canonical":"https:\/\/www.barnes-miami.com\/pt\/investimento-especial-em-park-grove-coconut-grove\/","og_locale":"pt_BR","og_type":"article","og_title":"Invest in Park Grove, Coconut Grove - BARNES Miami","og_description":"Park Grove is a brand-new, ultra-luxury condominium development that provides an intimate, luxurious living experience in the truest sense.&nbsp; Located on the serene, community-valued, Bayfront streets of Coconut Grove, but only minutes away from the chic, metropolitan streets of Brickell and the vibrant streets of South Beach, Park Grove condos offer a desirable place to [&hellip;]","og_url":"https:\/\/www.barnes-miami.com\/pt\/investimento-especial-em-park-grove-coconut-grove\/","og_site_name":"BARNES Miami","article_publisher":"https:\/\/www.facebook.com\/barnesinternationalmiami\/","article_modified_time":"2020-02-14T19:33:12+00:00","og_image":[{"url":"https:\/\/www.barnes-miami.com\/wp-content\/uploads\/2020\/02\/park-grove-condos-1024x717.jpg","type":"","width":"","height":""}],"twitter_card":"summary_large_image","twitter_site":"@barnesmiami","twitter_misc":{"Est. tempo de leitura":"1 minuto"},"schema":{"@context":"https:\/\/schema.org","@graph":[{"@type":"WebPage","@id":"https:\/\/www.barnes-miami.com\/en\/special-invest-in-park-grove-coconut-grove\/","url":"https:\/\/www.barnes-miami.com\/en\/special-invest-in-park-grove-coconut-grove\/","name":"Invista em Park Grove, Coconut Grove - BARNES Miami","isPartOf":{"@id":"https:\/\/www.barnes-miami.com\/#website"},"primaryImageOfPage":{"@id":"https:\/\/www.barnes-miami.com\/en\/special-invest-in-park-grove-coconut-grove\/#primaryimage"},"image":{"@id":"https:\/\/www.barnes-miami.com\/en\/special-invest-in-park-grove-coconut-grove\/#primaryimage"},"thumbnailUrl":"https:\/\/www.barnes-miami.com\/wp-content\/uploads\/2020\/02\/park-grove-condos-1024x717.jpg","datePublished":"2020-02-13T16:48:04+00:00","dateModified":"2020-02-14T19:33:12+00:00","breadcrumb":{"@id":"https:\/\/www.barnes-miami.com\/en\/special-invest-in-park-grove-coconut-grove\/#breadcrumb"},"inLanguage":"pt-BR","potentialAction":[{"@type":"ReadAction","target":["https:\/\/www.barnes-miami.com\/en\/special-invest-in-park-grove-coconut-grove\/"]}]},{"@type":"ImageObject","inLanguage":"pt-BR","@id":"https:\/\/www.barnes-miami.com\/en\/special-invest-in-park-grove-coconut-grove\/#primaryimage","url":"https:\/\/www.barnes-miami.com\/wp-content\/uploads\/2020\/02\/park-grove-condos-1024x717.jpg","contentUrl":"https:\/\/www.barnes-miami.com\/wp-content\/uploads\/2020\/02\/park-grove-condos-1024x717.jpg"},{"@type":"BreadcrumbList","@id":"https:\/\/www.barnes-miami.com\/en\/special-invest-in-park-grove-coconut-grove\/#breadcrumb","itemListElement":[{"@type":"ListItem","position":1,"name":"Accueil","item":"https:\/\/www.barnes-miami.com\/"},{"@type":"ListItem","position":2,"name":"Invest in Park Grove, Coconut Grove"}]},{"@type":"WebSite","@id":"https:\/\/www.barnes-miami.com\/#website","url":"https:\/\/www.barnes-miami.com\/","name":"BARNES Miami","description":"#1 Corretora Imobili\u00e1ria Internacional no Sul da Fl\u00f3rida","publisher":{"@id":"https:\/\/www.barnes-miami.com\/#organization"},"potentialAction":[{"@type":"SearchAction","target":{"@type":"EntryPoint","urlTemplate":"https:\/\/www.barnes-miami.com\/?s={search_term_string}"},"query-input":{"@type":"PropertyValueSpecification","valueRequired":true,"valueName":"search_term_string"}}],"inLanguage":"pt-BR"},{"@type":"Organization","@id":"https:\/\/www.barnes-miami.com\/#organization","name":"BARNES Miami","url":"https:\/\/www.barnes-miami.com\/","logo":{"@type":"ImageObject","inLanguage":"pt-BR","@id":"https:\/\/www.barnes-miami.com\/#\/schema\/logo\/image\/","url":"https:\/\/www.barnes-miami.com\/wp-content\/uploads\/2026\/01\/logo-2.png","contentUrl":"https:\/\/www.barnes-miami.com\/wp-content\/uploads\/2026\/01\/logo-2.png","width":1100,"height":1100,"caption":"BARNES Miami"},"image":{"@id":"https:\/\/www.barnes-miami.com\/#\/schema\/logo\/image\/"},"sameAs":["https:\/\/www.facebook.com\/barnesinternationalmiami\/","https:\/\/x.com\/barnesmiami","https:\/\/www.instagram.com\/barnesmiami\/","https:\/\/www.linkedin.com\/company\/barnes-international-miami\/","https:\/\/www.youtube.com\/user\/BarnesImmoMiami\/"]}]}},"_links":{"self":[{"href":"https:\/\/www.barnes-miami.com\/pt\/wp-json\/wp\/v2\/pages\/24039","targetHints":{"allow":["GET"]}}],"collection":[{"href":"https:\/\/www.barnes-miami.com\/pt\/wp-json\/wp\/v2\/pages"}],"about":[{"href":"https:\/\/www.barnes-miami.com\/pt\/wp-json\/wp\/v2\/types\/page"}],"author":[{"embeddable":true,"href":"https:\/\/www.barnes-miami.com\/pt\/wp-json\/wp\/v2\/users\/2"}],"replies":[{"embeddable":true,"href":"https:\/\/www.barnes-miami.com\/pt\/wp-json\/wp\/v2\/comments?post=24039"}],"version-history":[{"count":7,"href":"https:\/\/www.barnes-miami.com\/pt\/wp-json\/wp\/v2\/pages\/24039\/revisions"}],"predecessor-version":[{"id":24059,"href":"https:\/\/www.barnes-miami.com\/pt\/wp-json\/wp\/v2\/pages\/24039\/revisions\/24059"}],"wp:attachment":[{"href":"https:\/\/www.barnes-miami.com\/pt\/wp-json\/wp\/v2\/media?parent=24039"}],"curies":[{"name":"wp","href":"https:\/\/api.w.org\/{rel}","templated":true}]}}