{"id":25161,"date":"2021-07-01T19:25:23","date_gmt":"2021-07-02T00:25:23","guid":{"rendered":"https:\/\/www.barnes-miami.com\/?page_id=25161"},"modified":"2024-04-11T11:42:17","modified_gmt":"2024-04-11T16:42:17","slug":"perfil-de-stefania-digiallorenzo","status":"publish","type":"page","link":"https:\/\/www.barnes-miami.com\/pt\/profil-stefania-digiallorenzo\/","title":{"rendered":"Sobre Stefania DiGiallorenzo"},"content":{"rendered":"\n<div class=\"wp-block-columns is-layout-flex wp-container-core-columns-is-layout-9d6595d7 wp-block-columns-is-layout-flex\">\n<div class=\"wp-block-column is-layout-flow wp-block-column-is-layout-flow\" style=\"flex-basis:66.66%\">\n<blockquote class=\"wp-block-quote is-layout-flow wp-block-quote-is-layout-flow\">\n<p>Stefania a d\u00e9velopp\u00e9 un vaste r\u00e9seau \u00e0 l\u2019international<\/p>\n<\/blockquote>\n\n\n\n<p><\/p>\n<\/div>\n\n\n\n<div class=\"wp-block-column is-layout-flow wp-block-column-is-layout-flow\" style=\"flex-basis:33.33%\">\n<figure class=\"wp-block-image size-full\"><img loading=\"lazy\" decoding=\"async\" width=\"1000\" height=\"1000\" src=\"https:\/\/www.barnes-miami.com\/wp-content\/uploads\/2024\/04\/Stefaniapng.jpg\" alt=\"Stefania-digiallorenzo-real-estate-agent-miami\" class=\"wp-image-27694\" srcset=\"https:\/\/www.barnes-miami.com\/wp-content\/uploads\/2024\/04\/Stefaniapng.jpg 1000w, https:\/\/www.barnes-miami.com\/wp-content\/uploads\/2024\/04\/Stefaniapng-300x300.jpg 300w, https:\/\/www.barnes-miami.com\/wp-content\/uploads\/2024\/04\/Stefaniapng-150x150.jpg 150w, https:\/\/www.barnes-miami.com\/wp-content\/uploads\/2024\/04\/Stefaniapng-768x768.jpg 768w, https:\/\/www.barnes-miami.com\/wp-content\/uploads\/2024\/04\/Stefaniapng-12x12.jpg 12w\" sizes=\"auto, (max-width: 1000px) 100vw, 1000px\" \/><\/figure>\n\n\n\n<p><\/p>\n<\/div>\n<\/div>\n\n\n\n<div class=\"wp-block-columns is-layout-flex wp-container-core-columns-is-layout-9d6595d7 wp-block-columns-is-layout-flex\">\n<div class=\"wp-block-column is-layout-flow wp-block-column-is-layout-flow\" style=\"flex-basis:66.66%\">\n<div class=\"wp-block-barnes-blocks-signature\"><h2 class=\"name\">Stefania DiGiallorenzo<\/h2><p class=\"title\">Consultante<\/p><p class=\"phone\">(610) 715-2016<\/p><p class=\"email\">s.digiallorenzo@barnes-international.com<\/p><a class=\"linkedin\" href=\"https:\/\/www.linkedin.com\/in\/stefania-digiallorenzo-b330a3156\/\" target=\"_blank\" rel=\"noopener nofollow noreferrer\"><\/a><a class=\"zillow hide\" href=\"#\" target=\"_blank\" rel=\"noopener nofollow noreferrer\"><\/a><a class=\"website\" href=\"https:\/\/stefania.barnes-miami.com\" target=\"_blank\" rel=\"noopener nofollow noreferrer\"><\/a><\/div>\n<\/div>\n\n\n\n<div class=\"wp-block-column is-layout-flow wp-block-column-is-layout-flow\" style=\"flex-basis:33.33%\">\n<p><strong>Langues Parl\u00e9s:<\/strong><\/p>\n\n\n\n<ul class=\"wp-block-list\">\n<li>Anglais<\/li>\n\n\n\n<li>Spanish<\/li>\n<\/ul>\n\n\n\n<p><\/p>\n<\/div>\n<\/div>\n\n\n\n<p>Forte de nombreuses exp\u00e9riences dans les domaines des arts, du divertissement et de la m\u00e9decine, Stefania a d\u00e9velopp\u00e9 un vaste r\u00e9seau \u00e0 l\u2019international et s\u2019est tout naturellement dirig\u00e9e vers le secteur de l\u2019immobilier. Elle a maintenu une perspective biculturelle dans toutes ses activit\u00e9s commerciales, avec un r\u00e9seau important \u00e0 Miami, Los Angeles, et New York entre autres. Ses connaissances du march\u00e9 immobilier vont au del\u00e0 du march\u00e9 de Miami ou elle r\u00e9side depuis plusieurs ann\u00e9es en tant que jeune dipl\u00f4m\u00e9e de l&rsquo;Universit\u00e9 de Miami. Stefania s\u2019appr\u00eate donc \u00e0 construire son avenir sur le march\u00e9 concurrentiel de l\u2019immobilier \u00e0 Miami en tant que jeune entrepreneure.&nbsp;<\/p>\n\n\n\n<div class=\"wp-block-barnes-blocks-contactme\"><div class=\"contactme_wrapper\"><h3>Contactez moi<\/h3><form><div class=\"form-group\"><input type=\"text\" value=\"\" name=\"name\" pattern=\".{4,}\"\/><label>Nom *<\/label><\/div><div class=\"form-group\"><input type=\"text\" value=\"\" name=\"email\" pattern=\".{4,}\"\/><label>Email *<\/label><\/div><div class=\"form-group\"><input type=\"text\" value=\"\" name=\"phone\" pattern=\".{8,}\"\/><label>T\u00e9l\u00e9phone *<\/label><\/div><div class=\"form-group\"><textarea name=\"message\"><\/textarea><label>Message<\/label><\/div><div><input type=\"hidden\" name=\"referral\" class=\"referral\" value=\"barnes team page\"\/><input type=\"hidden\" name=\"phoneto\" class=\"phoneto\" value=\"+13476244718\"\/><input type=\"hidden\" name=\"emailto\" class=\"emailto\" value=\"s.digiallorenzo@barnes-international.com\"\/><button class=\"contactme_btn\">Envoyer<\/button><\/div><\/form><\/div><\/div>\n\n\n\n<div class=\"wp-block-barnes-blocks-searchmap\"><script src=\"https:\/\/api.tiles.mapbox.com\/mapbox-gl-js\/v1.5.0\/mapbox-gl.js\"><\/script><link href=\"https:\/\/api.tiles.mapbox.com\/mapbox-gl-js\/v1.5.0\/mapbox-gl.css\" rel=\"stylesheet\"\/><script src=\"https:\/\/cdn.jsdelivr.net\/npm\/intersection-observer@0.7.0\/intersection-observer.js\"><\/script><script src=\"https:\/\/cdn.jsdelivr.net\/npm\/vanilla-lazyload@12.3.0\/dist\/lazyload.min.js\"><\/script><link href=\"\/wp-content\/themes\/barnes\/searchmap.css\" rel=\"stylesheet\"\/><script src=\"\/wp-content\/themes\/barnes\/searchmap.js\"><\/script><div id=\"search1\" class=\"blockmap\" data-agent_id=\"3489813\" data-sold=\"\" data-exclu=\"1\" data-center=\"-80.2351, 25.7256\"><\/div><script>\n          var search;\n          document.addEventListener(\"DOMContentLoaded\", function() {\n            var config = {\n              'api': {\n                'near': \"\",\n                'transaction': \"\",\n                'center': [-80.2351, 25.7256],\n                'limit': 18,\n                'exclu': '1',\n                'agent_id': '',\n                'sold': '',\n                'view': '',\n                'sortby': \"price\",\n                'order': \"desc\"\n              },\n              'container': 'search1',\n              'locale': 'en_US',\n              'reverse': true,\n              'scrollzoom': false,\n              'mapbox_token': 'pk.eyJ1IjoiaG9tZTYxIiwiYSI6IkRSZVdLTzAifQ.j0DbHOgstXjXHYfR5e3jPA',\n              'mapbox_style': 'mapbox:\/\/styles\/home61\/ck115ahbu0d1i1crw5mggkbag?optimize=true',\n              'mapbox_satellite': 'mapbox:\/\/styles\/home61\/ck44sdmai1d4u1clti4rl3203?optimize=true',\n              'lazyload_data': 'data:image\/png;base64,iVBORw0KGgoAAAANSUhEUgAAAAMAAAACCAMAAACqqpYoAAAAA1BMVEX\/\/\/+nxBvIAAAAE0lEQVR42gEIAPf\/AAAAAAAAAAAACAABb5b2YgAAAABJRU5ErkJggg==',\n              'icon_image': 'barnes-16',\n              'icon_image_hover': 'barnes-gray-16',\n              'dot_color': \"#B4002F\"\n            };\n            config['container'] = document.querySelector(\".blockmap\").id || \"search1\";\n            config['api']['near'] = document.querySelector(\".blockmap\").dataset.near || \"\";\n            config['api']['agent_id'] = document.querySelector(\".blockmap\").dataset.agent_id || \"\";\n            config['api']['sold'] = document.querySelector(\".blockmap\").dataset.sold || \"\";\n            config['api']['exclu'] = document.querySelector(\".blockmap\").dataset.exclu || \"\";\n            config['api']['transaction'] = document.querySelector(\".blockmap\").dataset.transaction || \"\";\n            config['api']['center'] = (document.querySelector(\".blockmap\").dataset.center || \"-80.2351, 25.7256\").replace(\/ \/g,\"\").split(\",\");\n            if(typeof document.documentElement.lang != \"undefined\") {\n              config['locale'] = document.documentElement.lang.replace(\"-\",\"_\");\n            }\n            if(typeof trp_data != \"undefined\") { \n              config['locale'] = trp_data.trp_current_language;\n            }\n            search = new SearchMap(config);\n          });\n        <\/script><\/div>\n","protected":false},"excerpt":{"rendered":"<p>Stefania a d\u00e9velopp\u00e9 un vaste r\u00e9seau \u00e0 l\u2019international Langues Parl\u00e9s: Forte de nombreuses exp\u00e9riences dans les domaines des arts, du divertissement et de la m\u00e9decine, Stefania a d\u00e9velopp\u00e9 un vaste r\u00e9seau \u00e0 l\u2019international et s\u2019est tout naturellement dirig\u00e9e vers le secteur de l\u2019immobilier. Elle a maintenu une perspective biculturelle dans toutes ses activit\u00e9s commerciales, avec [&hellip;]<\/p>\n","protected":false},"author":1,"featured_media":0,"parent":0,"menu_order":0,"comment_status":"closed","ping_status":"closed","template":"","meta":{"inline_featured_image":false,"footnotes":""},"class_list":["post-25161","page","type-page","status-publish","hentry"],"yoast_head":"<!-- This site is optimized with the Yoast SEO plugin v27.4 - https:\/\/yoast.com\/product\/yoast-seo-wordpress\/ -->\n<title>Profil Stefania DiGiallorenzo - BARNES Miami<\/title>\n<meta name=\"robots\" content=\"index, follow, max-snippet:-1, max-image-preview:large, max-video-preview:-1\" \/>\n<link rel=\"canonical\" href=\"https:\/\/www.barnes-miami.com\/pt\/perfil-de-stefania-digiallorenzo\/\" \/>\n<meta property=\"og:locale\" content=\"pt_BR\" \/>\n<meta property=\"og:type\" content=\"article\" \/>\n<meta property=\"og:title\" content=\"Profil Stefania DiGiallorenzo - BARNES Miami\" \/>\n<meta property=\"og:description\" content=\"Stefania a d\u00e9velopp\u00e9 un vaste r\u00e9seau \u00e0 l\u2019international Langues Parl\u00e9s: Forte de nombreuses exp\u00e9riences dans les domaines des arts, du divertissement et de la m\u00e9decine, Stefania a d\u00e9velopp\u00e9 un vaste r\u00e9seau \u00e0 l\u2019international et s\u2019est tout naturellement dirig\u00e9e vers le secteur de l\u2019immobilier. Elle a maintenu une perspective biculturelle dans toutes ses activit\u00e9s commerciales, avec [&hellip;]\" \/>\n<meta property=\"og:url\" content=\"https:\/\/www.barnes-miami.com\/pt\/perfil-de-stefania-digiallorenzo\/\" \/>\n<meta property=\"og:site_name\" content=\"BARNES Miami\" \/>\n<meta property=\"article:publisher\" content=\"https:\/\/www.facebook.com\/barnesinternationalmiami\/\" \/>\n<meta property=\"article:modified_time\" content=\"2024-04-11T16:42:17+00:00\" \/>\n<meta property=\"og:image\" content=\"https:\/\/www.barnes-miami.com\/wp-content\/uploads\/2024\/04\/Stefaniapng.jpg\" \/>\n<meta name=\"twitter:card\" content=\"summary_large_image\" \/>\n<meta name=\"twitter:site\" content=\"@barnesmiami\" \/>\n<meta name=\"twitter:label1\" content=\"Est. tempo de leitura\" \/>\n\t<meta name=\"twitter:data1\" content=\"2 minutos\" \/>\n<script type=\"application\/ld+json\" class=\"yoast-schema-graph\">{\"@context\":\"https:\\\/\\\/schema.org\",\"@graph\":[{\"@type\":\"WebPage\",\"@id\":\"https:\\\/\\\/www.barnes-miami.com\\\/profil-stefania-digiallorenzo\\\/\",\"url\":\"https:\\\/\\\/www.barnes-miami.com\\\/profil-stefania-digiallorenzo\\\/\",\"name\":\"Profil Stefania DiGiallorenzo - BARNES Miami\",\"isPartOf\":{\"@id\":\"https:\\\/\\\/www.barnes-miami.com\\\/#website\"},\"primaryImageOfPage\":{\"@id\":\"https:\\\/\\\/www.barnes-miami.com\\\/profil-stefania-digiallorenzo\\\/#primaryimage\"},\"image\":{\"@id\":\"https:\\\/\\\/www.barnes-miami.com\\\/profil-stefania-digiallorenzo\\\/#primaryimage\"},\"thumbnailUrl\":\"https:\\\/\\\/www.barnes-miami.com\\\/wp-content\\\/uploads\\\/2024\\\/04\\\/Stefaniapng.jpg\",\"datePublished\":\"2021-07-02T00:25:23+00:00\",\"dateModified\":\"2024-04-11T16:42:17+00:00\",\"breadcrumb\":{\"@id\":\"https:\\\/\\\/www.barnes-miami.com\\\/profil-stefania-digiallorenzo\\\/#breadcrumb\"},\"inLanguage\":\"pt-BR\",\"potentialAction\":[{\"@type\":\"ReadAction\",\"target\":[\"https:\\\/\\\/www.barnes-miami.com\\\/profil-stefania-digiallorenzo\\\/\"]}]},{\"@type\":\"ImageObject\",\"inLanguage\":\"pt-BR\",\"@id\":\"https:\\\/\\\/www.barnes-miami.com\\\/profil-stefania-digiallorenzo\\\/#primaryimage\",\"url\":\"https:\\\/\\\/www.barnes-miami.com\\\/wp-content\\\/uploads\\\/2024\\\/04\\\/Stefaniapng.jpg\",\"contentUrl\":\"https:\\\/\\\/www.barnes-miami.com\\\/wp-content\\\/uploads\\\/2024\\\/04\\\/Stefaniapng.jpg\"},{\"@type\":\"BreadcrumbList\",\"@id\":\"https:\\\/\\\/www.barnes-miami.com\\\/profil-stefania-digiallorenzo\\\/#breadcrumb\",\"itemListElement\":[{\"@type\":\"ListItem\",\"position\":1,\"name\":\"Accueil\",\"item\":\"https:\\\/\\\/www.barnes-miami.com\\\/\"},{\"@type\":\"ListItem\",\"position\":2,\"name\":\"Profil Stefania DiGiallorenzo\"}]},{\"@type\":\"WebSite\",\"@id\":\"https:\\\/\\\/www.barnes-miami.com\\\/#website\",\"url\":\"https:\\\/\\\/www.barnes-miami.com\\\/\",\"name\":\"BARNES Miami\",\"description\":\"#1 International Real Estate Brokerage in South Florida\",\"publisher\":{\"@id\":\"https:\\\/\\\/www.barnes-miami.com\\\/#organization\"},\"potentialAction\":[{\"@type\":\"SearchAction\",\"target\":{\"@type\":\"EntryPoint\",\"urlTemplate\":\"https:\\\/\\\/www.barnes-miami.com\\\/?s={search_term_string}\"},\"query-input\":{\"@type\":\"PropertyValueSpecification\",\"valueRequired\":true,\"valueName\":\"search_term_string\"}}],\"inLanguage\":\"pt-BR\"},{\"@type\":\"Organization\",\"@id\":\"https:\\\/\\\/www.barnes-miami.com\\\/#organization\",\"name\":\"BARNES Miami\",\"url\":\"https:\\\/\\\/www.barnes-miami.com\\\/\",\"logo\":{\"@type\":\"ImageObject\",\"inLanguage\":\"pt-BR\",\"@id\":\"https:\\\/\\\/www.barnes-miami.com\\\/#\\\/schema\\\/logo\\\/image\\\/\",\"url\":\"https:\\\/\\\/www.barnes-miami.com\\\/wp-content\\\/uploads\\\/2026\\\/01\\\/logo-2.png\",\"contentUrl\":\"https:\\\/\\\/www.barnes-miami.com\\\/wp-content\\\/uploads\\\/2026\\\/01\\\/logo-2.png\",\"width\":1100,\"height\":1100,\"caption\":\"BARNES Miami\"},\"image\":{\"@id\":\"https:\\\/\\\/www.barnes-miami.com\\\/#\\\/schema\\\/logo\\\/image\\\/\"},\"sameAs\":[\"https:\\\/\\\/www.facebook.com\\\/barnesinternationalmiami\\\/\",\"https:\\\/\\\/x.com\\\/barnesmiami\",\"https:\\\/\\\/www.instagram.com\\\/barnesmiami\\\/\",\"https:\\\/\\\/www.linkedin.com\\\/company\\\/barnes-international-miami\\\/\",\"https:\\\/\\\/www.youtube.com\\\/user\\\/BarnesImmoMiami\\\/\"]}]}<\/script>\n<!-- \/ Yoast SEO plugin. -->","yoast_head_json":{"title":"Perfil de Stefania DiGiallorenzo - BARNES Miami","robots":{"index":"index","follow":"follow","max-snippet":"max-snippet:-1","max-image-preview":"max-image-preview:large","max-video-preview":"max-video-preview:-1"},"canonical":"https:\/\/www.barnes-miami.com\/pt\/perfil-de-stefania-digiallorenzo\/","og_locale":"pt_BR","og_type":"article","og_title":"Profil Stefania DiGiallorenzo - BARNES Miami","og_description":"Stefania a d\u00e9velopp\u00e9 un vaste r\u00e9seau \u00e0 l\u2019international Langues Parl\u00e9s: Forte de nombreuses exp\u00e9riences dans les domaines des arts, du divertissement et de la m\u00e9decine, Stefania a d\u00e9velopp\u00e9 un vaste r\u00e9seau \u00e0 l\u2019international et s\u2019est tout naturellement dirig\u00e9e vers le secteur de l\u2019immobilier. Elle a maintenu une perspective biculturelle dans toutes ses activit\u00e9s commerciales, avec [&hellip;]","og_url":"https:\/\/www.barnes-miami.com\/pt\/perfil-de-stefania-digiallorenzo\/","og_site_name":"BARNES Miami","article_publisher":"https:\/\/www.facebook.com\/barnesinternationalmiami\/","article_modified_time":"2024-04-11T16:42:17+00:00","og_image":[{"url":"https:\/\/www.barnes-miami.com\/wp-content\/uploads\/2024\/04\/Stefaniapng.jpg","type":"","width":"","height":""}],"twitter_card":"summary_large_image","twitter_site":"@barnesmiami","twitter_misc":{"Est. tempo de leitura":"2 minutos"},"schema":{"@context":"https:\/\/schema.org","@graph":[{"@type":"WebPage","@id":"https:\/\/www.barnes-miami.com\/profil-stefania-digiallorenzo\/","url":"https:\/\/www.barnes-miami.com\/profil-stefania-digiallorenzo\/","name":"Perfil de Stefania DiGiallorenzo - BARNES Miami","isPartOf":{"@id":"https:\/\/www.barnes-miami.com\/#website"},"primaryImageOfPage":{"@id":"https:\/\/www.barnes-miami.com\/profil-stefania-digiallorenzo\/#primaryimage"},"image":{"@id":"https:\/\/www.barnes-miami.com\/profil-stefania-digiallorenzo\/#primaryimage"},"thumbnailUrl":"https:\/\/www.barnes-miami.com\/wp-content\/uploads\/2024\/04\/Stefaniapng.jpg","datePublished":"2021-07-02T00:25:23+00:00","dateModified":"2024-04-11T16:42:17+00:00","breadcrumb":{"@id":"https:\/\/www.barnes-miami.com\/profil-stefania-digiallorenzo\/#breadcrumb"},"inLanguage":"pt-BR","potentialAction":[{"@type":"ReadAction","target":["https:\/\/www.barnes-miami.com\/profil-stefania-digiallorenzo\/"]}]},{"@type":"ImageObject","inLanguage":"pt-BR","@id":"https:\/\/www.barnes-miami.com\/profil-stefania-digiallorenzo\/#primaryimage","url":"https:\/\/www.barnes-miami.com\/wp-content\/uploads\/2024\/04\/Stefaniapng.jpg","contentUrl":"https:\/\/www.barnes-miami.com\/wp-content\/uploads\/2024\/04\/Stefaniapng.jpg"},{"@type":"BreadcrumbList","@id":"https:\/\/www.barnes-miami.com\/profil-stefania-digiallorenzo\/#breadcrumb","itemListElement":[{"@type":"ListItem","position":1,"name":"Accueil","item":"https:\/\/www.barnes-miami.com\/"},{"@type":"ListItem","position":2,"name":"Profil Stefania DiGiallorenzo"}]},{"@type":"WebSite","@id":"https:\/\/www.barnes-miami.com\/#website","url":"https:\/\/www.barnes-miami.com\/","name":"BARNES Miami","description":"#1 Corretora Imobili\u00e1ria Internacional no Sul da Fl\u00f3rida","publisher":{"@id":"https:\/\/www.barnes-miami.com\/#organization"},"potentialAction":[{"@type":"SearchAction","target":{"@type":"EntryPoint","urlTemplate":"https:\/\/www.barnes-miami.com\/?s={search_term_string}"},"query-input":{"@type":"PropertyValueSpecification","valueRequired":true,"valueName":"search_term_string"}}],"inLanguage":"pt-BR"},{"@type":"Organization","@id":"https:\/\/www.barnes-miami.com\/#organization","name":"BARNES Miami","url":"https:\/\/www.barnes-miami.com\/","logo":{"@type":"ImageObject","inLanguage":"pt-BR","@id":"https:\/\/www.barnes-miami.com\/#\/schema\/logo\/image\/","url":"https:\/\/www.barnes-miami.com\/wp-content\/uploads\/2026\/01\/logo-2.png","contentUrl":"https:\/\/www.barnes-miami.com\/wp-content\/uploads\/2026\/01\/logo-2.png","width":1100,"height":1100,"caption":"BARNES Miami"},"image":{"@id":"https:\/\/www.barnes-miami.com\/#\/schema\/logo\/image\/"},"sameAs":["https:\/\/www.facebook.com\/barnesinternationalmiami\/","https:\/\/x.com\/barnesmiami","https:\/\/www.instagram.com\/barnesmiami\/","https:\/\/www.linkedin.com\/company\/barnes-international-miami\/","https:\/\/www.youtube.com\/user\/BarnesImmoMiami\/"]}]}},"_links":{"self":[{"href":"https:\/\/www.barnes-miami.com\/pt\/wp-json\/wp\/v2\/pages\/25161","targetHints":{"allow":["GET"]}}],"collection":[{"href":"https:\/\/www.barnes-miami.com\/pt\/wp-json\/wp\/v2\/pages"}],"about":[{"href":"https:\/\/www.barnes-miami.com\/pt\/wp-json\/wp\/v2\/types\/page"}],"author":[{"embeddable":true,"href":"https:\/\/www.barnes-miami.com\/pt\/wp-json\/wp\/v2\/users\/1"}],"replies":[{"embeddable":true,"href":"https:\/\/www.barnes-miami.com\/pt\/wp-json\/wp\/v2\/comments?post=25161"}],"version-history":[{"count":7,"href":"https:\/\/www.barnes-miami.com\/pt\/wp-json\/wp\/v2\/pages\/25161\/revisions"}],"predecessor-version":[{"id":27709,"href":"https:\/\/www.barnes-miami.com\/pt\/wp-json\/wp\/v2\/pages\/25161\/revisions\/27709"}],"wp:attachment":[{"href":"https:\/\/www.barnes-miami.com\/pt\/wp-json\/wp\/v2\/media?parent=25161"}],"curies":[{"name":"wp","href":"https:\/\/api.w.org\/{rel}","templated":true}]}}