{"id":25697,"date":"2022-04-08T13:47:53","date_gmt":"2022-04-08T18:47:53","guid":{"rendered":"https:\/\/www.barnes-miami.com\/?page_id=25697"},"modified":"2022-04-19T14:35:37","modified_gmt":"2022-04-19T19:35:37","slug":"comprar-um-imovel-em-miami-beach","status":"publish","type":"page","link":"https:\/\/www.barnes-miami.com\/pt\/acheter-une-propriete-a-miami-beach\/","title":{"rendered":"Comprar im\u00f3vel em Miami Beach"},"content":{"rendered":"<figure class=\"wp-block-image size-large\"><img loading=\"lazy\" decoding=\"async\" width=\"1024\" height=\"591\" src=\"https:\/\/www.barnes-miami.com\/wp-content\/uploads\/2022\/04\/acheter-propriete-miami-beach-1024x591.jpg\" alt=\"\" class=\"wp-image-25519\" srcset=\"https:\/\/www.barnes-miami.com\/wp-content\/uploads\/2022\/04\/acheter-propriete-miami-beach-1024x591.jpg 1024w, https:\/\/www.barnes-miami.com\/wp-content\/uploads\/2022\/04\/acheter-propriete-miami-beach-300x173.jpg 300w, https:\/\/www.barnes-miami.com\/wp-content\/uploads\/2022\/04\/acheter-propriete-miami-beach-768x443.jpg 768w, https:\/\/www.barnes-miami.com\/wp-content\/uploads\/2022\/04\/acheter-propriete-miami-beach-18x10.jpg 18w, https:\/\/www.barnes-miami.com\/wp-content\/uploads\/2022\/04\/acheter-propriete-miami-beach.jpg 1200w\" sizes=\"auto, (max-width: 1024px) 100vw, 1024px\" \/><figcaption>53263141 \u2013 maravilhoso horizonte de Miami ao p\u00f4r do sol, vista a\u00e9rea.<\/figcaption><\/figure>\n\n\n\n<p>Considerada a \u201cPorta de entrada para as Am\u00e9ricas\u201d, a cidade de Miami, capital econ\u00f4mica do estado da Fl\u00f3rida, atrai turistas do mundo todo o ano todo. Ensolarada, din\u00e2mica, formada por jovens perfis internacionais e um cen\u00e1rio cultural diversificado, Miami, e em particular a ilha de Miami Beach, encanta investidores imobili\u00e1rios.<\/p>\n\n\n\n<div class=\"wp-block-barnes-blocks-contact\"><div class=\"contact_wrapper\"><h3>Contate-nos<\/h3><form action=\"\"><div class=\"form-group\"><input type=\"text\" value=\"\" name=\"name\" pattern=\".{4,}\"\/><label>Nome *<\/label><\/div><div class=\"form-group\"><input type=\"text\" value=\"\" name=\"email\" pattern=\".{4,}\"\/><label>E-mail *<\/label><\/div><div class=\"form-group\"><input type=\"text\" value=\"\" name=\"phone\" pattern=\".{8,}\"\/><label>Telefone *<\/label><\/div><div class=\"form-group\"><textarea name=\"message\"><\/textarea><label>Mensagem<\/label><\/div><div><input type=\"hidden\" name=\"referral\" class=\"referral\" value=\"ads\"\/><button class=\"contact_btn\">Enviar<\/button><\/div><input type=\"hidden\" name=\"trp-form-language\" value=\"pt\"\/><\/form><\/div><\/div>\n\n\n\n<h2 class=\"has-text-align-center wp-block-heading\">Imobili\u00e1rio em Miami Beach, entre a praia e o luxo<\/h2>\n\n\n\n<p>A BARNES Miami pode oferecer im\u00f3veis exclusivos, que ainda n\u00e3o est\u00e3o dispon\u00edveis no mercado imobili\u00e1rio de Miami Beach. Estes im\u00f3veis fazem parte dos nossos muitos ativos: desta forma, tem a garantia de que est\u00e1 a visitar antecipadamente um im\u00f3vel de luxo, que vai ao encontro das suas expectativas.<\/p>\n\n\n\n<div class=\"wp-block-barnes-blocks-text-image-right\"><div class=\"textimg-container\"><div class=\"textimg-child1\"><h3 class=\"textimg-title\">Vista panor\u00e2mica do oceano da Collins Avenue<\/h3><p class=\"textimg-text\">Este apartamento com vista panor\u00e2mica para o mar cristalino possui 2 varandas privadas, e beneficia das comodidades da sua resid\u00eancia exclusiva: gin\u00e1sio, sauna, piscina, spa, sala de jogos, parque infantil, bem como acesso direto \u00e0 praia.<\/p><p><a href=\"#contact\" class=\"textimg-link first\">SABER MAIS<\/a><\/p><\/div><div class=\"textimg-child2\"><div class=\"textimg-bg\"><figure><a href=\"#contact\" class=\"second\"><img class=\"textimg-image effect lazy\" data-src=\"https:\/\/res.cloudinary.com\/barnesmiami\/image\/fetch\/w_auto,dpr_auto,f_auto,q_auto\/https:\/\/www.barnes-miami.com\/wp-content\/uploads\/2022\/04\/acheter-propriete-miami-beach-3.jpg\" alt=\"\"\/><\/a><\/figure><div class=\"textimg-caption\">1.380.000 | 2 canais | 2 banheiros | 1.440 p\u00e9s quadrados<\/div><\/div><\/div><\/div><\/div>\n\n\n\n<div class=\"wp-block-barnes-blocks-text-image-left\"><div class=\"textimg-container left\"><div class=\"textimg-child1\"><div class=\"textimg-bg\"><figure><a href=\"#contact\" class=\"second\"><img class=\"textimg-image effect lazy\" data-src=\"https:\/\/res.cloudinary.com\/barnesmiami\/image\/fetch\/w_auto,dpr_auto,f_auto,q_auto\/https:\/\/www.barnes-miami.com\/wp-content\/uploads\/2022\/04\/acheter-propriete-miami-beach-1.jpg\" alt=\"\"\/><\/a><\/figure><div class=\"textimg-caption\">$2.450.000 | 3 canais | 3 banheiros | 1.728 p\u00e9s quadrados<\/div><\/div><\/div><div class=\"textimg-child2\"><h3 class=\"textimg-title\">O encanto tropical de Miami Beach<\/h3><p class=\"textimg-text\">Este apartamento de 3 quartos localizado em um edif\u00edcio boutique completamente reformado no bairro de Sunset Harbor, oferece mais de 1.700 p\u00e9s quadrados de \u00e1rea \u00fatil, duas varandas espa\u00e7osas e vista para o mar com vista para as ilhas ao p\u00f4r do sol.<\/p><p><a href=\"#contact\" class=\"textimg-link first\">SABER MAIS<\/a><\/p><\/div><\/div><\/div>\n\n\n\n<div class=\"wp-block-barnes-blocks-text-image-right\"><div class=\"textimg-container\"><div class=\"textimg-child1\"><h3 class=\"textimg-title\">Uma obra-prima arquitet\u00f4nica em uma ilha de prest\u00edgio<\/h3><p class=\"textimg-text\">Localizada na prestigiosa Ilha Hibiscus, esta villa de 5 quartos\/5,5 banheiros possui mais de 9.000 p\u00e9s quadrados de terreno. Os tetos altos da casa combinados com espa\u00e7os abertos de estar e cozinha proporcionam uma luminosidade excepcional no dia a dia.<\/p><p><a href=\"#contact\" class=\"textimg-link first\">SABER MAIS<\/a><\/p><\/div><div class=\"textimg-child2\"><div class=\"textimg-bg\"><figure><a href=\"#contact\" class=\"second\"><img class=\"textimg-image effect lazy\" data-src=\"https:\/\/res.cloudinary.com\/barnesmiami\/image\/fetch\/w_auto,dpr_auto,f_auto,q_auto\/https:\/\/www.barnes-miami.com\/wp-content\/uploads\/2022\/04\/acheter-propriete-miami-beach.webp\" alt=\"\"\/><\/a><\/figure><div class=\"textimg-caption\">$6.500.000 | 4 canais | 5 banheiros | 4.000 p\u00e9s quadrados<\/div><\/div><\/div><\/div><\/div>\n\n\n\n<blockquote class=\"wp-block-quote is-layout-flow wp-block-quote-is-layout-flow\"><p>BARNES Miami, uma equipe multil\u00edngue e multicultural atenta \u00e0s suas necessidades de suporte personalizado e exclusivo. <\/p><\/blockquote>\n\n\n\n<div class=\"wp-block-buttons is-layout-flex wp-block-buttons-is-layout-flex\"><\/div>\n\n\n\n<div class=\"wp-block-columns is-layout-flex wp-container-core-columns-is-layout-9d6595d7 wp-block-columns-is-layout-flex\">\n<div class=\"wp-block-column is-layout-flow wp-block-column-is-layout-flow\" style=\"flex-basis:100%\">\n<figure class=\"wp-block-image size-large\"><img loading=\"lazy\" decoding=\"async\" width=\"1024\" height=\"683\" src=\"https:\/\/www.barnes-miami.com\/wp-content\/uploads\/2022\/04\/Group-1-scaled-nb-1024x683.jpg\" alt=\"\" class=\"wp-image-25492\" srcset=\"https:\/\/www.barnes-miami.com\/wp-content\/uploads\/2022\/04\/Group-1-scaled-nb-1024x683.jpg 1024w, https:\/\/www.barnes-miami.com\/wp-content\/uploads\/2022\/04\/Group-1-scaled-nb-300x200.jpg 300w, https:\/\/www.barnes-miami.com\/wp-content\/uploads\/2022\/04\/Group-1-scaled-nb-768x512.jpg 768w, https:\/\/www.barnes-miami.com\/wp-content\/uploads\/2022\/04\/Group-1-scaled-nb-1536x1024.jpg 1536w, https:\/\/www.barnes-miami.com\/wp-content\/uploads\/2022\/04\/Group-1-scaled-nb-18x12.jpg 18w, https:\/\/www.barnes-miami.com\/wp-content\/uploads\/2022\/04\/Group-1-scaled-nb.jpg 1920w\" sizes=\"auto, (max-width: 1024px) 100vw, 1024px\" \/><\/figure>\n<\/div>\n<\/div>\n\n\n\n<div class=\"wp-block-barnes-blocks-text-image-left\"><div class=\"textimg-container left\"><div class=\"textimg-child1\"><div class=\"textimg-bg\"><figure><a href=\"#contact\" class=\"second\"><img class=\"textimg-image effect lazy\" data-src=\"https:\/\/res.cloudinary.com\/barnesmiami\/image\/fetch\/w_auto,dpr_auto,f_auto,q_auto\/https:\/\/www.barnes-miami.com\/wp-content\/uploads\/2021\/01\/Relocation-Pic.png\" alt=\"\"\/><\/a><\/figure><div class=\"textimg-caption\">$1.390.000 | 3 canais | 2 banheiros | 1.330 p\u00e9s quadrados<\/div><\/div><\/div><div class=\"textimg-child2\"><h3 class=\"textimg-title\">Um plano para se mudar para Miami?<\/h3><p class=\"textimg-text\">A BARNES oferece aos seus clientes franceses e internacionais um servi\u00e7o \u00fanico e personalizado atrav\u00e9s do seu departamento de Relocation.<\/p><p><a href=\"#contact\" class=\"textimg-link first\">SABER MAIS<\/a><\/p><\/div><\/div><\/div>\n\n\n\n<hp id=\"contact\"><p><\/p><\/hp>\n\n\n\n<div class=\"wp-block-barnes-blocks-contact\"><div class=\"contact_wrapper\"><h3>Contate-nos<\/h3><form action=\"\"><div class=\"form-group\"><input type=\"text\" value=\"\" name=\"name\" pattern=\".{4,}\"\/><label>Nome *<\/label><\/div><div class=\"form-group\"><input type=\"text\" value=\"\" name=\"email\" pattern=\".{4,}\"\/><label>E-mail *<\/label><\/div><div class=\"form-group\"><input type=\"text\" value=\"\" name=\"phone\" pattern=\".{8,}\"\/><label>Telefone *<\/label><\/div><div class=\"form-group\"><textarea name=\"message\"><\/textarea><label>Mensagem<\/label><\/div><div><input type=\"hidden\" name=\"referral\" class=\"referral\" value=\"ads\"\/><button class=\"contact_btn\">Enviar<\/button><\/div><input type=\"hidden\" name=\"trp-form-language\" value=\"pt\"\/><\/form><\/div><\/div>\n\n\n\n<p><\/p>","protected":false},"excerpt":{"rendered":"<p>Consid\u00e9r\u00e9e comme la \u00ab Porte des Am\u00e9riques \u00bb, la ville de Miami, capitale \u00e9conomique de l\u2019\u00e9tat de Floride, attire les touristes du monde entier tout au long de l\u2019ann\u00e9e. Ensoleill\u00e9e, dynamique, compos\u00e9e de jeunes profils internationaux et d\u2019une actualit\u00e9 culturelle diversifi\u00e9e, Miami, et notamment l\u2019\u00eele de Miami Beach, charment les investisseurs immobiliers. L\u2019immobilier \u00e0 Miami [&hellip;]<\/p>\n","protected":false},"author":10,"featured_media":0,"parent":0,"menu_order":0,"comment_status":"closed","ping_status":"closed","template":"","meta":{"inline_featured_image":false,"footnotes":""},"class_list":["post-25697","page","type-page","status-publish","hentry"],"yoast_head":"<!-- This site is optimized with the Yoast SEO plugin v27.3 - https:\/\/yoast.com\/product\/yoast-seo-wordpress\/ -->\n<title>Acheter une propri\u00e9t\u00e9 \u00e0 Miami Beach - BARNES Miami<\/title>\n<meta name=\"robots\" content=\"index, follow, max-snippet:-1, max-image-preview:large, max-video-preview:-1\" \/>\n<link rel=\"canonical\" href=\"https:\/\/www.barnes-miami.com\/pt\/comprar-um-imovel-em-miami-beach\/\" \/>\n<meta property=\"og:locale\" content=\"pt_BR\" \/>\n<meta property=\"og:type\" content=\"article\" \/>\n<meta property=\"og:title\" content=\"Acheter une propri\u00e9t\u00e9 \u00e0 Miami Beach - BARNES Miami\" \/>\n<meta property=\"og:description\" content=\"Consid\u00e9r\u00e9e comme la \u00ab Porte des Am\u00e9riques \u00bb, la ville de Miami, capitale \u00e9conomique de l\u2019\u00e9tat de Floride, attire les touristes du monde entier tout au long de l\u2019ann\u00e9e. Ensoleill\u00e9e, dynamique, compos\u00e9e de jeunes profils internationaux et d\u2019une actualit\u00e9 culturelle diversifi\u00e9e, Miami, et notamment l\u2019\u00eele de Miami Beach, charment les investisseurs immobiliers. L\u2019immobilier \u00e0 Miami [&hellip;]\" \/>\n<meta property=\"og:url\" content=\"https:\/\/www.barnes-miami.com\/pt\/comprar-um-imovel-em-miami-beach\/\" \/>\n<meta property=\"og:site_name\" content=\"BARNES Miami\" \/>\n<meta property=\"article:publisher\" content=\"https:\/\/www.facebook.com\/barnesinternationalmiami\/\" \/>\n<meta property=\"article:modified_time\" content=\"2022-04-19T19:35:37+00:00\" \/>\n<meta property=\"og:image\" content=\"https:\/\/www.barnes-miami.com\/wp-content\/uploads\/2022\/04\/acheter-propriete-miami-beach-1024x591.jpg\" \/>\n<meta name=\"twitter:card\" content=\"summary_large_image\" \/>\n<meta name=\"twitter:site\" content=\"@barnesmiami\" \/>\n<meta name=\"twitter:label1\" content=\"Est. tempo de leitura\" \/>\n\t<meta name=\"twitter:data1\" content=\"4 minutos\" \/>\n<script type=\"application\/ld+json\" class=\"yoast-schema-graph\">{\"@context\":\"https:\\\/\\\/schema.org\",\"@graph\":[{\"@type\":\"WebPage\",\"@id\":\"https:\\\/\\\/www.barnes-miami.com\\\/acheter-une-propriete-a-miami-beach\\\/\",\"url\":\"https:\\\/\\\/www.barnes-miami.com\\\/acheter-une-propriete-a-miami-beach\\\/\",\"name\":\"Acheter une propri\u00e9t\u00e9 \u00e0 Miami Beach - BARNES Miami\",\"isPartOf\":{\"@id\":\"https:\\\/\\\/www.barnes-miami.com\\\/#website\"},\"primaryImageOfPage\":{\"@id\":\"https:\\\/\\\/www.barnes-miami.com\\\/acheter-une-propriete-a-miami-beach\\\/#primaryimage\"},\"image\":{\"@id\":\"https:\\\/\\\/www.barnes-miami.com\\\/acheter-une-propriete-a-miami-beach\\\/#primaryimage\"},\"thumbnailUrl\":\"https:\\\/\\\/www.barnes-miami.com\\\/wp-content\\\/uploads\\\/2022\\\/04\\\/acheter-propriete-miami-beach-1024x591.jpg\",\"datePublished\":\"2022-04-08T18:47:53+00:00\",\"dateModified\":\"2022-04-19T19:35:37+00:00\",\"breadcrumb\":{\"@id\":\"https:\\\/\\\/www.barnes-miami.com\\\/acheter-une-propriete-a-miami-beach\\\/#breadcrumb\"},\"inLanguage\":\"pt-BR\",\"potentialAction\":[{\"@type\":\"ReadAction\",\"target\":[\"https:\\\/\\\/www.barnes-miami.com\\\/acheter-une-propriete-a-miami-beach\\\/\"]}]},{\"@type\":\"ImageObject\",\"inLanguage\":\"pt-BR\",\"@id\":\"https:\\\/\\\/www.barnes-miami.com\\\/acheter-une-propriete-a-miami-beach\\\/#primaryimage\",\"url\":\"https:\\\/\\\/www.barnes-miami.com\\\/wp-content\\\/uploads\\\/2022\\\/04\\\/acheter-propriete-miami-beach-1024x591.jpg\",\"contentUrl\":\"https:\\\/\\\/www.barnes-miami.com\\\/wp-content\\\/uploads\\\/2022\\\/04\\\/acheter-propriete-miami-beach-1024x591.jpg\"},{\"@type\":\"BreadcrumbList\",\"@id\":\"https:\\\/\\\/www.barnes-miami.com\\\/acheter-une-propriete-a-miami-beach\\\/#breadcrumb\",\"itemListElement\":[{\"@type\":\"ListItem\",\"position\":1,\"name\":\"Accueil\",\"item\":\"https:\\\/\\\/www.barnes-miami.com\\\/\"},{\"@type\":\"ListItem\",\"position\":2,\"name\":\"Acheter une propri\u00e9t\u00e9 \u00e0 Miami Beach\"}]},{\"@type\":\"WebSite\",\"@id\":\"https:\\\/\\\/www.barnes-miami.com\\\/#website\",\"url\":\"https:\\\/\\\/www.barnes-miami.com\\\/\",\"name\":\"BARNES Miami\",\"description\":\"#1 International Real Estate Brokerage in South Florida\",\"publisher\":{\"@id\":\"https:\\\/\\\/www.barnes-miami.com\\\/#organization\"},\"potentialAction\":[{\"@type\":\"SearchAction\",\"target\":{\"@type\":\"EntryPoint\",\"urlTemplate\":\"https:\\\/\\\/www.barnes-miami.com\\\/?s={search_term_string}\"},\"query-input\":{\"@type\":\"PropertyValueSpecification\",\"valueRequired\":true,\"valueName\":\"search_term_string\"}}],\"inLanguage\":\"pt-BR\"},{\"@type\":\"Organization\",\"@id\":\"https:\\\/\\\/www.barnes-miami.com\\\/#organization\",\"name\":\"BARNES Miami\",\"url\":\"https:\\\/\\\/www.barnes-miami.com\\\/\",\"logo\":{\"@type\":\"ImageObject\",\"inLanguage\":\"pt-BR\",\"@id\":\"https:\\\/\\\/www.barnes-miami.com\\\/#\\\/schema\\\/logo\\\/image\\\/\",\"url\":\"https:\\\/\\\/www.barnes-miami.com\\\/wp-content\\\/uploads\\\/2026\\\/01\\\/logo-2.png\",\"contentUrl\":\"https:\\\/\\\/www.barnes-miami.com\\\/wp-content\\\/uploads\\\/2026\\\/01\\\/logo-2.png\",\"width\":1100,\"height\":1100,\"caption\":\"BARNES Miami\"},\"image\":{\"@id\":\"https:\\\/\\\/www.barnes-miami.com\\\/#\\\/schema\\\/logo\\\/image\\\/\"},\"sameAs\":[\"https:\\\/\\\/www.facebook.com\\\/barnesinternationalmiami\\\/\",\"https:\\\/\\\/x.com\\\/barnesmiami\",\"https:\\\/\\\/www.instagram.com\\\/barnesmiami\\\/\",\"https:\\\/\\\/www.linkedin.com\\\/company\\\/barnes-international-miami\\\/\",\"https:\\\/\\\/www.youtube.com\\\/user\\\/BarnesImmoMiami\\\/\"]}]}<\/script>\n<!-- \/ Yoast SEO plugin. -->","yoast_head_json":{"title":"Comprar im\u00f3vel em Miami Beach - BARNES Miami","robots":{"index":"index","follow":"follow","max-snippet":"max-snippet:-1","max-image-preview":"max-image-preview:large","max-video-preview":"max-video-preview:-1"},"canonical":"https:\/\/www.barnes-miami.com\/pt\/comprar-um-imovel-em-miami-beach\/","og_locale":"pt_BR","og_type":"article","og_title":"Acheter une propri\u00e9t\u00e9 \u00e0 Miami Beach - BARNES Miami","og_description":"Consid\u00e9r\u00e9e comme la \u00ab Porte des Am\u00e9riques \u00bb, la ville de Miami, capitale \u00e9conomique de l\u2019\u00e9tat de Floride, attire les touristes du monde entier tout au long de l\u2019ann\u00e9e. Ensoleill\u00e9e, dynamique, compos\u00e9e de jeunes profils internationaux et d\u2019une actualit\u00e9 culturelle diversifi\u00e9e, Miami, et notamment l\u2019\u00eele de Miami Beach, charment les investisseurs immobiliers. L\u2019immobilier \u00e0 Miami [&hellip;]","og_url":"https:\/\/www.barnes-miami.com\/pt\/comprar-um-imovel-em-miami-beach\/","og_site_name":"BARNES Miami","article_publisher":"https:\/\/www.facebook.com\/barnesinternationalmiami\/","article_modified_time":"2022-04-19T19:35:37+00:00","og_image":[{"url":"https:\/\/www.barnes-miami.com\/wp-content\/uploads\/2022\/04\/acheter-propriete-miami-beach-1024x591.jpg","type":"","width":"","height":""}],"twitter_card":"summary_large_image","twitter_site":"@barnesmiami","twitter_misc":{"Est. tempo de leitura":"4 minutos"},"schema":{"@context":"https:\/\/schema.org","@graph":[{"@type":"WebPage","@id":"https:\/\/www.barnes-miami.com\/acheter-une-propriete-a-miami-beach\/","url":"https:\/\/www.barnes-miami.com\/acheter-une-propriete-a-miami-beach\/","name":"Comprar im\u00f3vel em Miami Beach - BARNES Miami","isPartOf":{"@id":"https:\/\/www.barnes-miami.com\/#website"},"primaryImageOfPage":{"@id":"https:\/\/www.barnes-miami.com\/acheter-une-propriete-a-miami-beach\/#primaryimage"},"image":{"@id":"https:\/\/www.barnes-miami.com\/acheter-une-propriete-a-miami-beach\/#primaryimage"},"thumbnailUrl":"https:\/\/www.barnes-miami.com\/wp-content\/uploads\/2022\/04\/acheter-propriete-miami-beach-1024x591.jpg","datePublished":"2022-04-08T18:47:53+00:00","dateModified":"2022-04-19T19:35:37+00:00","breadcrumb":{"@id":"https:\/\/www.barnes-miami.com\/acheter-une-propriete-a-miami-beach\/#breadcrumb"},"inLanguage":"pt-BR","potentialAction":[{"@type":"ReadAction","target":["https:\/\/www.barnes-miami.com\/acheter-une-propriete-a-miami-beach\/"]}]},{"@type":"ImageObject","inLanguage":"pt-BR","@id":"https:\/\/www.barnes-miami.com\/acheter-une-propriete-a-miami-beach\/#primaryimage","url":"https:\/\/www.barnes-miami.com\/wp-content\/uploads\/2022\/04\/acheter-propriete-miami-beach-1024x591.jpg","contentUrl":"https:\/\/www.barnes-miami.com\/wp-content\/uploads\/2022\/04\/acheter-propriete-miami-beach-1024x591.jpg"},{"@type":"BreadcrumbList","@id":"https:\/\/www.barnes-miami.com\/acheter-une-propriete-a-miami-beach\/#breadcrumb","itemListElement":[{"@type":"ListItem","position":1,"name":"Accueil","item":"https:\/\/www.barnes-miami.com\/"},{"@type":"ListItem","position":2,"name":"Acheter une propri\u00e9t\u00e9 \u00e0 Miami Beach"}]},{"@type":"WebSite","@id":"https:\/\/www.barnes-miami.com\/#website","url":"https:\/\/www.barnes-miami.com\/","name":"BARNES Miami","description":"#1 Corretora Imobili\u00e1ria Internacional no Sul da Fl\u00f3rida","publisher":{"@id":"https:\/\/www.barnes-miami.com\/#organization"},"potentialAction":[{"@type":"SearchAction","target":{"@type":"EntryPoint","urlTemplate":"https:\/\/www.barnes-miami.com\/?s={search_term_string}"},"query-input":{"@type":"PropertyValueSpecification","valueRequired":true,"valueName":"search_term_string"}}],"inLanguage":"pt-BR"},{"@type":"Organization","@id":"https:\/\/www.barnes-miami.com\/#organization","name":"BARNES Miami","url":"https:\/\/www.barnes-miami.com\/","logo":{"@type":"ImageObject","inLanguage":"pt-BR","@id":"https:\/\/www.barnes-miami.com\/#\/schema\/logo\/image\/","url":"https:\/\/www.barnes-miami.com\/wp-content\/uploads\/2026\/01\/logo-2.png","contentUrl":"https:\/\/www.barnes-miami.com\/wp-content\/uploads\/2026\/01\/logo-2.png","width":1100,"height":1100,"caption":"BARNES Miami"},"image":{"@id":"https:\/\/www.barnes-miami.com\/#\/schema\/logo\/image\/"},"sameAs":["https:\/\/www.facebook.com\/barnesinternationalmiami\/","https:\/\/x.com\/barnesmiami","https:\/\/www.instagram.com\/barnesmiami\/","https:\/\/www.linkedin.com\/company\/barnes-international-miami\/","https:\/\/www.youtube.com\/user\/BarnesImmoMiami\/"]}]}},"_links":{"self":[{"href":"https:\/\/www.barnes-miami.com\/pt\/wp-json\/wp\/v2\/pages\/25697","targetHints":{"allow":["GET"]}}],"collection":[{"href":"https:\/\/www.barnes-miami.com\/pt\/wp-json\/wp\/v2\/pages"}],"about":[{"href":"https:\/\/www.barnes-miami.com\/pt\/wp-json\/wp\/v2\/types\/page"}],"author":[{"embeddable":true,"href":"https:\/\/www.barnes-miami.com\/pt\/wp-json\/wp\/v2\/users\/10"}],"replies":[{"embeddable":true,"href":"https:\/\/www.barnes-miami.com\/pt\/wp-json\/wp\/v2\/comments?post=25697"}],"version-history":[{"count":3,"href":"https:\/\/www.barnes-miami.com\/pt\/wp-json\/wp\/v2\/pages\/25697\/revisions"}],"predecessor-version":[{"id":25756,"href":"https:\/\/www.barnes-miami.com\/pt\/wp-json\/wp\/v2\/pages\/25697\/revisions\/25756"}],"wp:attachment":[{"href":"https:\/\/www.barnes-miami.com\/pt\/wp-json\/wp\/v2\/media?parent=25697"}],"curies":[{"name":"wp","href":"https:\/\/api.w.org\/{rel}","templated":true}]}}