{"id":28700,"date":"2024-10-01T21:18:57","date_gmt":"2024-10-02T02:18:57","guid":{"rendered":"https:\/\/www.barnes-miami.com\/?page_id=28700"},"modified":"2025-11-20T09:04:40","modified_gmt":"2025-11-20T14:04:40","slug":"perfil-de-karla-primerano-diaz","status":"publish","type":"page","link":"https:\/\/www.barnes-miami.com\/pt\/profil-karla-primerano-diaz\/","title":{"rendered":"Perfil de Karla Primerano Diaz"},"content":{"rendered":"\n<div class=\"wp-block-columns is-layout-flex wp-container-core-columns-is-layout-9d6595d7 wp-block-columns-is-layout-flex\">\n<div class=\"wp-block-column is-vertically-aligned-center is-layout-flow wp-block-column-is-layout-flow\" style=\"flex-basis:65%\"><\/div>\n\n\n\n<div class=\"wp-block-column is-layout-flow wp-block-column-is-layout-flow\" style=\"flex-basis:35%\">\n<figure class=\"wp-block-image size-full\"><img loading=\"lazy\" decoding=\"async\" width=\"1000\" height=\"1000\" src=\"https:\/\/www.barnes-miami.com\/wp-content\/uploads\/2024\/10\/Karla.png\" alt=\"\" class=\"wp-image-28695\" srcset=\"https:\/\/www.barnes-miami.com\/wp-content\/uploads\/2024\/10\/Karla.png 1000w, https:\/\/www.barnes-miami.com\/wp-content\/uploads\/2024\/10\/Karla-300x300.png 300w, https:\/\/www.barnes-miami.com\/wp-content\/uploads\/2024\/10\/Karla-150x150.png 150w, https:\/\/www.barnes-miami.com\/wp-content\/uploads\/2024\/10\/Karla-768x768.png 768w, https:\/\/www.barnes-miami.com\/wp-content\/uploads\/2024\/10\/Karla-12x12.png 12w\" sizes=\"auto, (max-width: 1000px) 100vw, 1000px\" \/><\/figure>\n<\/div>\n<\/div>\n\n\n\n<div class=\"wp-block-columns is-layout-flex wp-container-core-columns-is-layout-9d6595d7 wp-block-columns-is-layout-flex\">\n<div class=\"wp-block-column is-layout-flow wp-block-column-is-layout-flow\" style=\"flex-basis:65%\">\n<div class=\"wp-block-columns is-layout-flex wp-container-core-columns-is-layout-9d6595d7 wp-block-columns-is-layout-flex\">\n<div class=\"wp-block-column is-layout-flow wp-block-column-is-layout-flow\" style=\"flex-basis:100%\">\n<div class=\"wp-block-barnes-blocks-signature\"><h2 class=\"name\">Karla Primerano Diaz<\/h2><p class=\"title\">Office Manager<\/p><p class=\"phone\">+1 786-512-9950<\/p><p class=\"email\">k.primerano@barnes-international.com<\/p><a class=\"linkedin\" href=\"https:\/\/www.linkedin.com\/company\/barnes-international-miami\/\" target=\"_blank\" rel=\"noopener nofollow noreferrer\"><\/a><a class=\"zillow hide\" href=\"#\" target=\"_blank\" rel=\"noopener nofollow noreferrer\"><\/a><a class=\"website\" href=\"https:\/\/karla.barnes-miami.com\/\" target=\"_blank\" rel=\"noopener nofollow noreferrer\"><\/a><a class=\"whatsapp hide\" href=\"#\" target=\"_blank\" rel=\"noopener nofollow noreferrer\"><\/a><a class=\"facebook hide\" href=\"#\" target=\"_blank\" rel=\"noopener nofollow noreferrer\"><\/a><a class=\"instagram hide\" href=\"#\" target=\"_blank\" rel=\"noopener nofollow noreferrer\"><\/a><\/div>\n<\/div>\n<\/div>\n<\/div>\n\n\n\n<div class=\"wp-block-column is-layout-flow wp-block-column-is-layout-flow\" style=\"flex-basis:35%\">\n<h5 class=\"wp-block-heading\" id=\"langues-parlees\">Langues Parl\u00e9es:<\/h5>\n\n\n\n<ul class=\"wp-block-list\">\n<li>Anglais<\/li>\n\n\n\n<li>Espagnol<\/li>\n<\/ul>\n<\/div>\n<\/div>\n\n\n\n<p>Karla apporte une riche exp\u00e9rience gr\u00e2ce \u00e0 son parcours dans le yachting, ainsi qu\u2019\u00e0 son succ\u00e8s en tant qu\u2019entrepreneure dans les secteurs de l\u2019immobilier et du yachting. Ses voyages \u00e0 travers le monde, motiv\u00e9s par ses activit\u00e9s professionnelles, lui ont permis de b\u00e2tir une client\u00e8le internationale exceptionnelle et diversifi\u00e9e. Karla est engag\u00e9e \u00e0 offrir un service de la plus haute qualit\u00e9, visant \u00e0 procurer des exp\u00e9riences in\u00e9gal\u00e9es \u00e0 ses clients.<\/p>\n\n\n\n<p>Avec ses racines latines, Karla valorise la chaleur et la vitalit\u00e9 de sa culture, o\u00f9 la musique festive et les traditions profondes ont largement influenc\u00e9 sa vision de la vie. En dehors de ses activit\u00e9s professionnelles, elle est une grande voyageuse, passionn\u00e9e par la d\u00e9couverte de nouvelles cultures, notamment \u00e0 travers leur gastronomie.<\/p>\n\n\n\n<p>Le yachting reste l\u2019une des passions les plus pr\u00e9cieuses de Karla. Tout aussi important pour elle est son d\u00e9sir constant d\u2019apprendre, s\u2019engageant pleinement \u00e0 \u00e9largir ses connaissances et \u00e0 saisir de nouvelles opportunit\u00e9s pour grandir personnellement et professionnellement.<\/p>\n\n\n\n<p><\/p>\n\n\n\n<p><\/p>\n\n\n\n<p><\/p>\n\n\n\n<p><\/p>\n\n\n\n<p><\/p>\n\n\n\n<div class=\"wp-block-barnes-blocks-contactme\"><div class=\"contactme_wrapper\"><h3>Contactez moi<\/h3><form><div class=\"form-group\"><input type=\"text\" value=\"\" name=\"name\" pattern=\".{4,}\"\/><label>Nom *<\/label><\/div><div class=\"form-group\"><input type=\"text\" value=\"\" name=\"email\" pattern=\".{4,}\"\/><label>Email *<\/label><\/div><div class=\"form-group\"><input type=\"text\" value=\"\" name=\"phone\" pattern=\".{8,}\"\/><label>T\u00e9l\u00e9phone *<\/label><\/div><div class=\"form-group\"><textarea name=\"message\"><\/textarea><label>Message<\/label><\/div><div><input type=\"hidden\" name=\"referral\" class=\"referral\" value=\"Javier\"\/><input type=\"hidden\" name=\"phoneto\" class=\"phoneto\" value=\"\"\/><input type=\"hidden\" name=\"emailto\" class=\"emailto\" value=\"\"\/><button class=\"contactme_btn\">Envoyer<\/button><\/div><\/form><\/div><\/div>\n\n\n\n<h5 class=\"wp-block-heading\" id=\"mes-biens\">Mes Biens<\/h5>\n\n\n\n<div class=\"wp-block-barnes-blocks-searchmap\"><script src=\"https:\/\/api.tiles.mapbox.com\/mapbox-gl-js\/v1.5.0\/mapbox-gl.js\"><\/script><link href=\"https:\/\/api.tiles.mapbox.com\/mapbox-gl-js\/v1.5.0\/mapbox-gl.css\" rel=\"stylesheet\"\/><script src=\"https:\/\/cdn.jsdelivr.net\/npm\/intersection-observer@0.7.0\/intersection-observer.js\"><\/script><script src=\"https:\/\/cdn.jsdelivr.net\/npm\/vanilla-lazyload@12.3.0\/dist\/lazyload.min.js\"><\/script><link href=\"\/wp-content\/themes\/barnes\/searchmap.css\" rel=\"stylesheet\"\/><script src=\"\/wp-content\/themes\/barnes\/searchmap.js\"><\/script><div id=\"search1\" class=\"blockmap\" data-near=\"\" data-exclu=\"1\" data-center=\"-80.1300, 25.7907\" data-zoom=\"11\"><\/div><script>\n          var search;\n          document.addEventListener(\"DOMContentLoaded\", function() {\n            var config = {\n              'api': {\n                'near': \"\",\n                'transaction': \"\",\n                'center': [-80.2351, 25.7256],\n                'limit': 18,\n                'exclu': '1',\n                'agent_id': '',\n                'sold': '',\n                'view': '',\n                'sortby': \"price\",\n                'order': \"desc\",\n                'pmin': \"\",\n                'pmax': \"\",\n                'type': \"\",\n                'bed': \"\",\n                'bedmax': \"\",\n                'bathmax': \"\",\n              },\n              'pitch': 15,\n              'zoom': 11,\n              'ratio': \"50%\",\n              'mode': \"\",\n              'container': 'search1',\n              'locale': 'en_US',\n              'reverse': true,\n              'scrollzoom': false,\n              'mapbox_token': 'pk.eyJ1IjoiaG9tZTYxIiwiYSI6IkRSZVdLTzAifQ.j0DbHOgstXjXHYfR5e3jPA',\n              'mapbox_style': 'mapbox:\/\/styles\/home61\/ck115ahbu0d1i1crw5mggkbag?optimize=true',\n              'mapbox_satellite': 'mapbox:\/\/styles\/home61\/ck44sdmai1d4u1clti4rl3203?optimize=true',\n              'lazyload_data': 'data:image\/png;base64,iVBORw0KGgoAAAANSUhEUgAAAAMAAAACCAMAAACqqpYoAAAAA1BMVEX\/\/\/+nxBvIAAAAE0lEQVR42gEIAPf\/AAAAAAAAAAAACAABb5b2YgAAAABJRU5ErkJggg==',\n              'icon_image': 'barnes-16',\n              'icon_image_hover': 'barnes-gray-16',\n              'dot_color': \"#B4002F\"\n            };\n            config['container'] = document.querySelector(\".blockmap\").id || \"search1\";\n            config['api']['near'] = document.querySelector(\".blockmap\").dataset.near || \"\";\n            config['api']['agent_id'] = document.querySelector(\".blockmap\").dataset.agent_id || \"\";\n            config['api']['sold'] = document.querySelector(\".blockmap\").dataset.sold || \"\";\n            config['api']['exclu'] = document.querySelector(\".blockmap\").dataset.exclu || \"\";\n            config['api']['transaction'] = document.querySelector(\".blockmap\").dataset.transaction || \"\";\n            config['api']['sortby'] = document.querySelector(\".blockmap\").dataset.sortby || \"price\";\n            config['api']['order'] = document.querySelector(\".blockmap\").dataset.order || \"desc\";\n            config['mode'] = document.querySelector(\".blockmap\").dataset.mode || \"\";\n            config['zoom'] = document.querySelector(\".blockmap\").dataset.zoom || 11;\n            config['pitch'] = document.querySelector(\".blockmap\").dataset.pitch || 15;\n            config['ratio'] = document.querySelector(\".blockmap\").dataset.ratio || \"50%\";\n            config['api']['pmin'] = document.querySelector(\".blockmap\").dataset.pmin || \"\";\n            config['api']['pmax'] = document.querySelector(\".blockmap\").dataset.pmax || \"\";\n            config['api']['type'] = document.querySelector(\".blockmap\").dataset.type || \"\";\n            config['api']['bed'] = document.querySelector(\".blockmap\").dataset.bed || \"\";\n            config['api']['bedmax'] = document.querySelector(\".blockmap\").dataset.bedmax || \"\";\n            config['api']['bathmax'] = document.querySelector(\".blockmap\").dataset.bathmax || \"\";\n            config['api']['center'] = (document.querySelector(\".blockmap\").dataset.center || \"-80.2351, 25.7256\").replace(\/ \/g,\"\").split(\",\");\n            if(typeof document.documentElement.lang != \"undefined\") {\n              config['locale'] = document.documentElement.lang.replace(\"-\",\"_\");\n            }\n            if(typeof trp_data != \"undefined\") { \n              config['locale'] = trp_data.trp_current_language;\n            }\n            search = new SearchMap(config);\n          });\n        <\/script><\/div>\n","protected":false},"excerpt":{"rendered":"<p>Langues Parl\u00e9es: Karla apporte une riche exp\u00e9rience gr\u00e2ce \u00e0 son parcours dans le yachting, ainsi qu\u2019\u00e0 son succ\u00e8s en tant qu\u2019entrepreneure dans les secteurs de l\u2019immobilier et du yachting. Ses voyages \u00e0 travers le monde, motiv\u00e9s par ses activit\u00e9s professionnelles, lui ont permis de b\u00e2tir une client\u00e8le internationale exceptionnelle et diversifi\u00e9e. Karla est engag\u00e9e \u00e0 [&hellip;]<\/p>\n","protected":false},"author":1,"featured_media":0,"parent":0,"menu_order":0,"comment_status":"closed","ping_status":"closed","template":"","meta":{"inline_featured_image":false,"footnotes":""},"class_list":["post-28700","page","type-page","status-publish","hentry"],"yoast_head":"<!-- This site is optimized with the Yoast SEO plugin v27.4 - https:\/\/yoast.com\/product\/yoast-seo-wordpress\/ -->\n<title>Profil Karla Primerano Diaz - BARNES Miami<\/title>\n<meta name=\"robots\" content=\"index, follow, max-snippet:-1, max-image-preview:large, max-video-preview:-1\" \/>\n<link rel=\"canonical\" href=\"https:\/\/www.barnes-miami.com\/pt\/perfil-de-karla-primerano-diaz\/\" \/>\n<meta property=\"og:locale\" content=\"pt_BR\" \/>\n<meta property=\"og:type\" content=\"article\" \/>\n<meta property=\"og:title\" content=\"Profil Karla Primerano Diaz - BARNES Miami\" \/>\n<meta property=\"og:description\" content=\"Langues Parl\u00e9es: Karla apporte une riche exp\u00e9rience gr\u00e2ce \u00e0 son parcours dans le yachting, ainsi qu\u2019\u00e0 son succ\u00e8s en tant qu\u2019entrepreneure dans les secteurs de l\u2019immobilier et du yachting. Ses voyages \u00e0 travers le monde, motiv\u00e9s par ses activit\u00e9s professionnelles, lui ont permis de b\u00e2tir une client\u00e8le internationale exceptionnelle et diversifi\u00e9e. Karla est engag\u00e9e \u00e0 [&hellip;]\" \/>\n<meta property=\"og:url\" content=\"https:\/\/www.barnes-miami.com\/pt\/perfil-de-karla-primerano-diaz\/\" \/>\n<meta property=\"og:site_name\" content=\"BARNES Miami\" \/>\n<meta property=\"article:publisher\" content=\"https:\/\/www.facebook.com\/barnesinternationalmiami\/\" \/>\n<meta property=\"article:modified_time\" content=\"2025-11-20T14:04:40+00:00\" \/>\n<meta property=\"og:image\" content=\"https:\/\/www.barnes-miami.com\/wp-content\/uploads\/2024\/10\/Karla.png\" \/>\n\t<meta property=\"og:image:width\" content=\"1000\" \/>\n\t<meta property=\"og:image:height\" content=\"1000\" \/>\n\t<meta property=\"og:image:type\" content=\"image\/png\" \/>\n<meta name=\"twitter:card\" content=\"summary_large_image\" \/>\n<meta name=\"twitter:site\" content=\"@barnesmiami\" \/>\n<meta name=\"twitter:label1\" content=\"Est. tempo de leitura\" \/>\n\t<meta name=\"twitter:data1\" content=\"3 minutos\" \/>\n<script type=\"application\/ld+json\" class=\"yoast-schema-graph\">{\"@context\":\"https:\\\/\\\/schema.org\",\"@graph\":[{\"@type\":\"WebPage\",\"@id\":\"https:\\\/\\\/www.barnes-miami.com\\\/profil-karla-primerano-diaz\\\/\",\"url\":\"https:\\\/\\\/www.barnes-miami.com\\\/profil-karla-primerano-diaz\\\/\",\"name\":\"Profil Karla Primerano Diaz - BARNES Miami\",\"isPartOf\":{\"@id\":\"https:\\\/\\\/www.barnes-miami.com\\\/#website\"},\"primaryImageOfPage\":{\"@id\":\"https:\\\/\\\/www.barnes-miami.com\\\/profil-karla-primerano-diaz\\\/#primaryimage\"},\"image\":{\"@id\":\"https:\\\/\\\/www.barnes-miami.com\\\/profil-karla-primerano-diaz\\\/#primaryimage\"},\"thumbnailUrl\":\"https:\\\/\\\/www.barnes-miami.com\\\/wp-content\\\/uploads\\\/2024\\\/10\\\/Karla.png\",\"datePublished\":\"2024-10-02T02:18:57+00:00\",\"dateModified\":\"2025-11-20T14:04:40+00:00\",\"breadcrumb\":{\"@id\":\"https:\\\/\\\/www.barnes-miami.com\\\/profil-karla-primerano-diaz\\\/#breadcrumb\"},\"inLanguage\":\"pt-BR\",\"potentialAction\":[{\"@type\":\"ReadAction\",\"target\":[\"https:\\\/\\\/www.barnes-miami.com\\\/profil-karla-primerano-diaz\\\/\"]}]},{\"@type\":\"ImageObject\",\"inLanguage\":\"pt-BR\",\"@id\":\"https:\\\/\\\/www.barnes-miami.com\\\/profil-karla-primerano-diaz\\\/#primaryimage\",\"url\":\"https:\\\/\\\/www.barnes-miami.com\\\/wp-content\\\/uploads\\\/2024\\\/10\\\/Karla.png\",\"contentUrl\":\"https:\\\/\\\/www.barnes-miami.com\\\/wp-content\\\/uploads\\\/2024\\\/10\\\/Karla.png\"},{\"@type\":\"BreadcrumbList\",\"@id\":\"https:\\\/\\\/www.barnes-miami.com\\\/profil-karla-primerano-diaz\\\/#breadcrumb\",\"itemListElement\":[{\"@type\":\"ListItem\",\"position\":1,\"name\":\"Accueil\",\"item\":\"https:\\\/\\\/www.barnes-miami.com\\\/\"},{\"@type\":\"ListItem\",\"position\":2,\"name\":\"Profil Karla Primerano Diaz\"}]},{\"@type\":\"WebSite\",\"@id\":\"https:\\\/\\\/www.barnes-miami.com\\\/#website\",\"url\":\"https:\\\/\\\/www.barnes-miami.com\\\/\",\"name\":\"BARNES Miami\",\"description\":\"#1 International Real Estate Brokerage in South Florida\",\"publisher\":{\"@id\":\"https:\\\/\\\/www.barnes-miami.com\\\/#organization\"},\"potentialAction\":[{\"@type\":\"SearchAction\",\"target\":{\"@type\":\"EntryPoint\",\"urlTemplate\":\"https:\\\/\\\/www.barnes-miami.com\\\/?s={search_term_string}\"},\"query-input\":{\"@type\":\"PropertyValueSpecification\",\"valueRequired\":true,\"valueName\":\"search_term_string\"}}],\"inLanguage\":\"pt-BR\"},{\"@type\":\"Organization\",\"@id\":\"https:\\\/\\\/www.barnes-miami.com\\\/#organization\",\"name\":\"BARNES Miami\",\"url\":\"https:\\\/\\\/www.barnes-miami.com\\\/\",\"logo\":{\"@type\":\"ImageObject\",\"inLanguage\":\"pt-BR\",\"@id\":\"https:\\\/\\\/www.barnes-miami.com\\\/#\\\/schema\\\/logo\\\/image\\\/\",\"url\":\"https:\\\/\\\/www.barnes-miami.com\\\/wp-content\\\/uploads\\\/2026\\\/01\\\/logo-2.png\",\"contentUrl\":\"https:\\\/\\\/www.barnes-miami.com\\\/wp-content\\\/uploads\\\/2026\\\/01\\\/logo-2.png\",\"width\":1100,\"height\":1100,\"caption\":\"BARNES Miami\"},\"image\":{\"@id\":\"https:\\\/\\\/www.barnes-miami.com\\\/#\\\/schema\\\/logo\\\/image\\\/\"},\"sameAs\":[\"https:\\\/\\\/www.facebook.com\\\/barnesinternationalmiami\\\/\",\"https:\\\/\\\/x.com\\\/barnesmiami\",\"https:\\\/\\\/www.instagram.com\\\/barnesmiami\\\/\",\"https:\\\/\\\/www.linkedin.com\\\/company\\\/barnes-international-miami\\\/\",\"https:\\\/\\\/www.youtube.com\\\/user\\\/BarnesImmoMiami\\\/\"]}]}<\/script>\n<!-- \/ Yoast SEO plugin. -->","yoast_head_json":{"title":"Perfil de Karla Primerano Diaz - BARNES Miami","robots":{"index":"index","follow":"follow","max-snippet":"max-snippet:-1","max-image-preview":"max-image-preview:large","max-video-preview":"max-video-preview:-1"},"canonical":"https:\/\/www.barnes-miami.com\/pt\/perfil-de-karla-primerano-diaz\/","og_locale":"pt_BR","og_type":"article","og_title":"Profil Karla Primerano Diaz - BARNES Miami","og_description":"Langues Parl\u00e9es: Karla apporte une riche exp\u00e9rience gr\u00e2ce \u00e0 son parcours dans le yachting, ainsi qu\u2019\u00e0 son succ\u00e8s en tant qu\u2019entrepreneure dans les secteurs de l\u2019immobilier et du yachting. Ses voyages \u00e0 travers le monde, motiv\u00e9s par ses activit\u00e9s professionnelles, lui ont permis de b\u00e2tir une client\u00e8le internationale exceptionnelle et diversifi\u00e9e. Karla est engag\u00e9e \u00e0 [&hellip;]","og_url":"https:\/\/www.barnes-miami.com\/pt\/perfil-de-karla-primerano-diaz\/","og_site_name":"BARNES Miami","article_publisher":"https:\/\/www.facebook.com\/barnesinternationalmiami\/","article_modified_time":"2025-11-20T14:04:40+00:00","og_image":[{"width":1000,"height":1000,"url":"https:\/\/www.barnes-miami.com\/wp-content\/uploads\/2024\/10\/Karla.png","type":"image\/png"}],"twitter_card":"summary_large_image","twitter_site":"@barnesmiami","twitter_misc":{"Est. tempo de leitura":"3 minutos"},"schema":{"@context":"https:\/\/schema.org","@graph":[{"@type":"WebPage","@id":"https:\/\/www.barnes-miami.com\/profil-karla-primerano-diaz\/","url":"https:\/\/www.barnes-miami.com\/profil-karla-primerano-diaz\/","name":"Perfil de Karla Primerano Diaz - BARNES Miami","isPartOf":{"@id":"https:\/\/www.barnes-miami.com\/#website"},"primaryImageOfPage":{"@id":"https:\/\/www.barnes-miami.com\/profil-karla-primerano-diaz\/#primaryimage"},"image":{"@id":"https:\/\/www.barnes-miami.com\/profil-karla-primerano-diaz\/#primaryimage"},"thumbnailUrl":"https:\/\/www.barnes-miami.com\/wp-content\/uploads\/2024\/10\/Karla.png","datePublished":"2024-10-02T02:18:57+00:00","dateModified":"2025-11-20T14:04:40+00:00","breadcrumb":{"@id":"https:\/\/www.barnes-miami.com\/profil-karla-primerano-diaz\/#breadcrumb"},"inLanguage":"pt-BR","potentialAction":[{"@type":"ReadAction","target":["https:\/\/www.barnes-miami.com\/profil-karla-primerano-diaz\/"]}]},{"@type":"ImageObject","inLanguage":"pt-BR","@id":"https:\/\/www.barnes-miami.com\/profil-karla-primerano-diaz\/#primaryimage","url":"https:\/\/www.barnes-miami.com\/wp-content\/uploads\/2024\/10\/Karla.png","contentUrl":"https:\/\/www.barnes-miami.com\/wp-content\/uploads\/2024\/10\/Karla.png"},{"@type":"BreadcrumbList","@id":"https:\/\/www.barnes-miami.com\/profil-karla-primerano-diaz\/#breadcrumb","itemListElement":[{"@type":"ListItem","position":1,"name":"Accueil","item":"https:\/\/www.barnes-miami.com\/"},{"@type":"ListItem","position":2,"name":"Profil Karla Primerano Diaz"}]},{"@type":"WebSite","@id":"https:\/\/www.barnes-miami.com\/#website","url":"https:\/\/www.barnes-miami.com\/","name":"BARNES Miami","description":"#1 Corretora Imobili\u00e1ria Internacional no Sul da Fl\u00f3rida","publisher":{"@id":"https:\/\/www.barnes-miami.com\/#organization"},"potentialAction":[{"@type":"SearchAction","target":{"@type":"EntryPoint","urlTemplate":"https:\/\/www.barnes-miami.com\/?s={search_term_string}"},"query-input":{"@type":"PropertyValueSpecification","valueRequired":true,"valueName":"search_term_string"}}],"inLanguage":"pt-BR"},{"@type":"Organization","@id":"https:\/\/www.barnes-miami.com\/#organization","name":"BARNES Miami","url":"https:\/\/www.barnes-miami.com\/","logo":{"@type":"ImageObject","inLanguage":"pt-BR","@id":"https:\/\/www.barnes-miami.com\/#\/schema\/logo\/image\/","url":"https:\/\/www.barnes-miami.com\/wp-content\/uploads\/2026\/01\/logo-2.png","contentUrl":"https:\/\/www.barnes-miami.com\/wp-content\/uploads\/2026\/01\/logo-2.png","width":1100,"height":1100,"caption":"BARNES Miami"},"image":{"@id":"https:\/\/www.barnes-miami.com\/#\/schema\/logo\/image\/"},"sameAs":["https:\/\/www.facebook.com\/barnesinternationalmiami\/","https:\/\/x.com\/barnesmiami","https:\/\/www.instagram.com\/barnesmiami\/","https:\/\/www.linkedin.com\/company\/barnes-international-miami\/","https:\/\/www.youtube.com\/user\/BarnesImmoMiami\/"]}]}},"_links":{"self":[{"href":"https:\/\/www.barnes-miami.com\/pt\/wp-json\/wp\/v2\/pages\/28700","targetHints":{"allow":["GET"]}}],"collection":[{"href":"https:\/\/www.barnes-miami.com\/pt\/wp-json\/wp\/v2\/pages"}],"about":[{"href":"https:\/\/www.barnes-miami.com\/pt\/wp-json\/wp\/v2\/types\/page"}],"author":[{"embeddable":true,"href":"https:\/\/www.barnes-miami.com\/pt\/wp-json\/wp\/v2\/users\/1"}],"replies":[{"embeddable":true,"href":"https:\/\/www.barnes-miami.com\/pt\/wp-json\/wp\/v2\/comments?post=28700"}],"version-history":[{"count":2,"href":"https:\/\/www.barnes-miami.com\/pt\/wp-json\/wp\/v2\/pages\/28700\/revisions"}],"predecessor-version":[{"id":28866,"href":"https:\/\/www.barnes-miami.com\/pt\/wp-json\/wp\/v2\/pages\/28700\/revisions\/28866"}],"wp:attachment":[{"href":"https:\/\/www.barnes-miami.com\/pt\/wp-json\/wp\/v2\/media?parent=28700"}],"curies":[{"name":"wp","href":"https:\/\/api.w.org\/{rel}","templated":true}]}}