{"id":15,"date":"2018-01-18T15:33:28","date_gmt":"2018-01-18T15:33:28","guid":{"rendered":"https:\/\/www.barnes-miami.com\/?page_id=15"},"modified":"2018-01-18T15:33:28","modified_gmt":"2018-01-18T15:33:28","slug":"%d0%b1%d0%bb%d0%be%d0%b3","status":"publish","type":"page","link":"https:\/\/www.barnes-miami.com\/ru\/blog\/","title":{"rendered":"\u0411\u043b\u043e\u0433"},"content":{"rendered":"","protected":false},"excerpt":{"rendered":"","protected":false},"author":2,"featured_media":0,"parent":0,"menu_order":0,"comment_status":"closed","ping_status":"closed","template":"","meta":{"inline_featured_image":false,"footnotes":""},"class_list":["post-15","page","type-page","status-publish","hentry"],"yoast_head":"<!-- This site is optimized with the Yoast SEO plugin v27.5 - https:\/\/yoast.com\/product\/yoast-seo-wordpress\/ -->\n<title>Articles | IMMOBILIER DE PRESTIGE | BARNES MIAMI<\/title>\n<meta name=\"description\" content=\"D\u00e9couvrez nos articles sur le march\u00e9 de l&#039;immobilier \u00e0 Miami et sur la &quot;Magic City&quot;. Vous trouverez \u00e9galement tous nos conseils pour investir.\" \/>\n<meta name=\"robots\" content=\"index, follow, max-snippet:-1, max-image-preview:large, max-video-preview:-1\" \/>\n<link rel=\"canonical\" href=\"https:\/\/www.barnes-miami.com\/ru\/\u0431\u043b\u043e\u0433\/\" \/>\n<meta property=\"og:locale\" content=\"ru_RU\" \/>\n<meta property=\"og:type\" content=\"article\" \/>\n<meta property=\"og:title\" content=\"Articles | IMMOBILIER DE PRESTIGE | BARNES MIAMI\" \/>\n<meta property=\"og:description\" content=\"D\u00e9couvrez nos articles sur le march\u00e9 de l&#039;immobilier \u00e0 Miami et sur la &quot;Magic City&quot;. Vous trouverez \u00e9galement tous nos conseils pour investir.\" \/>\n<meta property=\"og:url\" content=\"https:\/\/www.barnes-miami.com\/ru\/\u0431\u043b\u043e\u0433\/\" \/>\n<meta property=\"og:site_name\" content=\"BARNES Miami\" \/>\n<meta property=\"article:publisher\" content=\"https:\/\/www.facebook.com\/barnesinternationalmiami\/\" \/>\n<meta property=\"og:image\" content=\"https:\/\/www.barnes-miami.com\/wp-content\/uploads\/2026\/01\/logo-1.png\" \/>\n\t<meta property=\"og:image:width\" content=\"1100\" \/>\n\t<meta property=\"og:image:height\" content=\"600\" \/>\n\t<meta property=\"og:image:type\" content=\"image\/png\" \/>\n<meta name=\"twitter:card\" content=\"summary_large_image\" \/>\n<meta name=\"twitter:site\" content=\"@barnesmiami\" \/>\n<script type=\"application\/ld+json\" class=\"yoast-schema-graph\">{\"@context\":\"https:\\\/\\\/schema.org\",\"@graph\":[{\"@type\":\"WebPage\",\"@id\":\"https:\\\/\\\/www.barnes-miami.com\\\/en\\\/blog\\\/\",\"url\":\"https:\\\/\\\/www.barnes-miami.com\\\/en\\\/blog\\\/\",\"name\":\"Articles | IMMOBILIER DE PRESTIGE | BARNES MIAMI\",\"isPartOf\":{\"@id\":\"https:\\\/\\\/www.barnes-miami.com\\\/#website\"},\"datePublished\":\"2018-01-18T15:33:28+00:00\",\"description\":\"D\u00e9couvrez nos articles sur le march\u00e9 de l'immobilier \u00e0 Miami et sur la \\\"Magic City\\\". Vous trouverez \u00e9galement tous nos conseils pour investir.\",\"breadcrumb\":{\"@id\":\"https:\\\/\\\/www.barnes-miami.com\\\/en\\\/blog\\\/#breadcrumb\"},\"inLanguage\":\"ru-RU\",\"potentialAction\":[{\"@type\":\"ReadAction\",\"target\":[\"https:\\\/\\\/www.barnes-miami.com\\\/en\\\/blog\\\/\"]}]},{\"@type\":\"BreadcrumbList\",\"@id\":\"https:\\\/\\\/www.barnes-miami.com\\\/en\\\/blog\\\/#breadcrumb\",\"itemListElement\":[{\"@type\":\"ListItem\",\"position\":1,\"name\":\"Accueil\",\"item\":\"https:\\\/\\\/www.barnes-miami.com\\\/\"},{\"@type\":\"ListItem\",\"position\":2,\"name\":\"Blog\"}]},{\"@type\":\"WebSite\",\"@id\":\"https:\\\/\\\/www.barnes-miami.com\\\/#website\",\"url\":\"https:\\\/\\\/www.barnes-miami.com\\\/\",\"name\":\"BARNES Miami\",\"description\":\"#1 International Real Estate Brokerage in South Florida\",\"publisher\":{\"@id\":\"https:\\\/\\\/www.barnes-miami.com\\\/#organization\"},\"potentialAction\":[{\"@type\":\"SearchAction\",\"target\":{\"@type\":\"EntryPoint\",\"urlTemplate\":\"https:\\\/\\\/www.barnes-miami.com\\\/?s={search_term_string}\"},\"query-input\":{\"@type\":\"PropertyValueSpecification\",\"valueRequired\":true,\"valueName\":\"search_term_string\"}}],\"inLanguage\":\"ru-RU\"},{\"@type\":\"Organization\",\"@id\":\"https:\\\/\\\/www.barnes-miami.com\\\/#organization\",\"name\":\"BARNES Miami\",\"url\":\"https:\\\/\\\/www.barnes-miami.com\\\/\",\"logo\":{\"@type\":\"ImageObject\",\"inLanguage\":\"ru-RU\",\"@id\":\"https:\\\/\\\/www.barnes-miami.com\\\/#\\\/schema\\\/logo\\\/image\\\/\",\"url\":\"https:\\\/\\\/www.barnes-miami.com\\\/wp-content\\\/uploads\\\/2026\\\/01\\\/logo-2.png\",\"contentUrl\":\"https:\\\/\\\/www.barnes-miami.com\\\/wp-content\\\/uploads\\\/2026\\\/01\\\/logo-2.png\",\"width\":1100,\"height\":1100,\"caption\":\"BARNES Miami\"},\"image\":{\"@id\":\"https:\\\/\\\/www.barnes-miami.com\\\/#\\\/schema\\\/logo\\\/image\\\/\"},\"sameAs\":[\"https:\\\/\\\/www.facebook.com\\\/barnesinternationalmiami\\\/\",\"https:\\\/\\\/x.com\\\/barnesmiami\",\"https:\\\/\\\/www.instagram.com\\\/barnesmiami\\\/\",\"https:\\\/\\\/www.linkedin.com\\\/company\\\/barnes-international-miami\\\/\",\"https:\\\/\\\/www.youtube.com\\\/user\\\/BarnesImmoMiami\\\/\"]}]}<\/script>\n<!-- \/ Yoast SEO plugin. -->","yoast_head_json":{"title":"\u0421\u0442\u0430\u0442\u044c\u0438 | \u041f\u0420\u0415\u0421\u0422\u0418\u0416\u041d\u0410\u042f \u041d\u0415\u0414\u0412\u0418\u0416\u0418\u041c\u041e\u0421\u0422\u042c | \u0411\u0410\u0420\u041d\u0421 \u041c\u0410\u0419\u0410\u041c\u0418","description":"\u041e\u0437\u043d\u0430\u043a\u043e\u043c\u044c\u0442\u0435\u0441\u044c \u0441 \u043d\u0430\u0448\u0438\u043c\u0438 \u0441\u0442\u0430\u0442\u044c\u044f\u043c\u0438 \u043e \u0440\u044b\u043d\u043a\u0435 \u043d\u0435\u0434\u0432\u0438\u0436\u0438\u043c\u043e\u0441\u0442\u0438 \u041c\u0430\u0439\u0430\u043c\u0438 \u0438 \u00ab\u0412\u043e\u043b\u0448\u0435\u0431\u043d\u043e\u043c \u0433\u043e\u0440\u043e\u0434\u0435\u00bb. \u0412\u044b \u0442\u0430\u043a\u0436\u0435 \u043d\u0430\u0439\u0434\u0435\u0442\u0435 \u0432\u0441\u0435 \u043d\u0430\u0448\u0438 \u0441\u043e\u0432\u0435\u0442\u044b \u043f\u043e \u0438\u043d\u0432\u0435\u0441\u0442\u0438\u0440\u043e\u0432\u0430\u043d\u0438\u044e.","robots":{"index":"index","follow":"follow","max-snippet":"max-snippet:-1","max-image-preview":"max-image-preview:large","max-video-preview":"max-video-preview:-1"},"canonical":"https:\/\/www.barnes-miami.com\/ru\/\u0431\u043b\u043e\u0433\/","og_locale":"ru_RU","og_type":"article","og_title":"Articles | IMMOBILIER DE PRESTIGE | BARNES MIAMI","og_description":"D\u00e9couvrez nos articles sur le march\u00e9 de l'immobilier \u00e0 Miami et sur la \"Magic City\". Vous trouverez \u00e9galement tous nos conseils pour investir.","og_url":"https:\/\/www.barnes-miami.com\/ru\/\u0431\u043b\u043e\u0433\/","og_site_name":"BARNES Miami","article_publisher":"https:\/\/www.facebook.com\/barnesinternationalmiami\/","og_image":[{"width":1100,"height":600,"url":"https:\/\/www.barnes-miami.com\/wp-content\/uploads\/2026\/01\/logo-1.png","type":"image\/png"}],"twitter_card":"summary_large_image","twitter_site":"@barnesmiami","schema":{"@context":"https:\/\/schema.org","@graph":[{"@type":"WebPage","@id":"https:\/\/www.barnes-miami.com\/en\/blog\/","url":"https:\/\/www.barnes-miami.com\/en\/blog\/","name":"\u0421\u0442\u0430\u0442\u044c\u0438 | \u041f\u0420\u0415\u0421\u0422\u0418\u0416\u041d\u0410\u042f \u041d\u0415\u0414\u0412\u0418\u0416\u0418\u041c\u041e\u0421\u0422\u042c | \u0411\u0410\u0420\u041d\u0421 \u041c\u0410\u0419\u0410\u041c\u0418","isPartOf":{"@id":"https:\/\/www.barnes-miami.com\/#website"},"datePublished":"2018-01-18T15:33:28+00:00","description":"\u041e\u0437\u043d\u0430\u043a\u043e\u043c\u044c\u0442\u0435\u0441\u044c \u0441 \u043d\u0430\u0448\u0438\u043c\u0438 \u0441\u0442\u0430\u0442\u044c\u044f\u043c\u0438 \u043e \u0440\u044b\u043d\u043a\u0435 \u043d\u0435\u0434\u0432\u0438\u0436\u0438\u043c\u043e\u0441\u0442\u0438 \u041c\u0430\u0439\u0430\u043c\u0438 \u0438 \u00ab\u0412\u043e\u043b\u0448\u0435\u0431\u043d\u043e\u043c \u0433\u043e\u0440\u043e\u0434\u0435\u00bb. \u0412\u044b \u0442\u0430\u043a\u0436\u0435 \u043d\u0430\u0439\u0434\u0435\u0442\u0435 \u0432\u0441\u0435 \u043d\u0430\u0448\u0438 \u0441\u043e\u0432\u0435\u0442\u044b \u043f\u043e \u0438\u043d\u0432\u0435\u0441\u0442\u0438\u0440\u043e\u0432\u0430\u043d\u0438\u044e.","breadcrumb":{"@id":"https:\/\/www.barnes-miami.com\/en\/blog\/#breadcrumb"},"inLanguage":"ru-RU","potentialAction":[{"@type":"ReadAction","target":["https:\/\/www.barnes-miami.com\/en\/blog\/"]}]},{"@type":"BreadcrumbList","@id":"https:\/\/www.barnes-miami.com\/en\/blog\/#breadcrumb","itemListElement":[{"@type":"ListItem","position":1,"name":"Accueil","item":"https:\/\/www.barnes-miami.com\/"},{"@type":"ListItem","position":2,"name":"Blog"}]},{"@type":"WebSite","@id":"https:\/\/www.barnes-miami.com\/#website","url":"https:\/\/www.barnes-miami.com\/","name":"\u0411\u0410\u0420\u041d\u0421 \u041c\u0430\u0439\u0430\u043c\u0438","description":"#1 \u041c\u0435\u0436\u0434\u0443\u043d\u0430\u0440\u043e\u0434\u043d\u0430\u044f \u0431\u0440\u043e\u043a\u0435\u0440\u0441\u043a\u0430\u044f \u043a\u043e\u043c\u043f\u0430\u043d\u0438\u044f \u043f\u043e \u043d\u0435\u0434\u0432\u0438\u0436\u0438\u043c\u043e\u0441\u0442\u0438 \u0432 \u042e\u0436\u043d\u043e\u0439 \u0424\u043b\u043e\u0440\u0438\u0434\u0435","publisher":{"@id":"https:\/\/www.barnes-miami.com\/#organization"},"potentialAction":[{"@type":"SearchAction","target":{"@type":"EntryPoint","urlTemplate":"https:\/\/www.barnes-miami.com\/?s={search_term_string}"},"query-input":{"@type":"PropertyValueSpecification","valueRequired":true,"valueName":"search_term_string"}}],"inLanguage":"ru-RU"},{"@type":"Organization","@id":"https:\/\/www.barnes-miami.com\/#organization","name":"\u0411\u0410\u0420\u041d\u0421 \u041c\u0430\u0439\u0430\u043c\u0438","url":"https:\/\/www.barnes-miami.com\/","logo":{"@type":"ImageObject","inLanguage":"ru-RU","@id":"https:\/\/www.barnes-miami.com\/#\/schema\/logo\/image\/","url":"https:\/\/www.barnes-miami.com\/wp-content\/uploads\/2026\/01\/logo-2.png","contentUrl":"https:\/\/www.barnes-miami.com\/wp-content\/uploads\/2026\/01\/logo-2.png","width":1100,"height":1100,"caption":"BARNES Miami"},"image":{"@id":"https:\/\/www.barnes-miami.com\/#\/schema\/logo\/image\/"},"sameAs":["https:\/\/www.facebook.com\/barnesinternationalmiami\/","https:\/\/x.com\/barnesmiami","https:\/\/www.instagram.com\/barnesmiami\/","https:\/\/www.linkedin.com\/company\/barnes-international-miami\/","https:\/\/www.youtube.com\/user\/BarnesImmoMiami\/"]}]}},"_links":{"self":[{"href":"https:\/\/www.barnes-miami.com\/ru\/wp-json\/wp\/v2\/pages\/15","targetHints":{"allow":["GET"]}}],"collection":[{"href":"https:\/\/www.barnes-miami.com\/ru\/wp-json\/wp\/v2\/pages"}],"about":[{"href":"https:\/\/www.barnes-miami.com\/ru\/wp-json\/wp\/v2\/types\/page"}],"author":[{"embeddable":true,"href":"https:\/\/www.barnes-miami.com\/ru\/wp-json\/wp\/v2\/users\/2"}],"replies":[{"embeddable":true,"href":"https:\/\/www.barnes-miami.com\/ru\/wp-json\/wp\/v2\/comments?post=15"}],"version-history":[{"count":0,"href":"https:\/\/www.barnes-miami.com\/ru\/wp-json\/wp\/v2\/pages\/15\/revisions"}],"wp:attachment":[{"href":"https:\/\/www.barnes-miami.com\/ru\/wp-json\/wp\/v2\/media?parent=15"}],"curies":[{"name":"WP","href":"https:\/\/api.w.org\/{rel}","templated":true}]}}