{"id":17110,"date":"2018-06-07T16:54:14","date_gmt":"2018-06-07T16:54:14","guid":{"rendered":"https:\/\/www.barnes-miami.com\/?page_id=17110"},"modified":"2018-06-07T16:54:14","modified_gmt":"2018-06-07T16:54:14","slug":"%d1%81%d0%b5%d1%82%d1%8c-2","status":"publish","type":"page","link":"https:\/\/www.barnes-miami.com\/ru\/networking-2\/","title":{"rendered":"\u0421\u0432\u044f\u0437\u044b\u0432\u0430\u043d\u0438\u0435"},"content":{"rendered":"<h1 style=\"text-align: justify;\"><b>\u041d\u0430\u0448\u0430 \u0441\u0435\u0442\u044c \u0430\u0433\u0435\u043d\u0442\u043e\u0432 \u043f\u043e \u043d\u0435\u0434\u0432\u0438\u0436\u0438\u043c\u043e\u0441\u0442\u0438 \u0432 \u041c\u0430\u0439\u0430\u043c\u0438 \u0438 \u043f\u043e \u0432\u0441\u0435\u043c\u0443 \u043c\u0438\u0440\u0443\u00a0<\/b><\/h1>\n<p style=\"text-align: justify;\"><span style=\"font-weight: 400;\">\u0427\u0442\u043e\u0431\u044b \u0443\u0434\u043e\u0432\u043b\u0435\u0442\u0432\u043e\u0440\u0438\u0442\u044c \u0442\u0440\u0435\u0431\u043e\u0432\u0430\u043d\u0438\u044f \u043d\u0430\u0448\u0438\u0445 \u043a\u043b\u0438\u0435\u043d\u0442\u043e\u0432 \u0438 \u043f\u043e\u0434\u0434\u0435\u0440\u0436\u0430\u0442\u044c \u0432\u0430\u0441 \u0432 \u0432\u0430\u0448\u0435\u043c \u043f\u0440\u043e\u0435\u043a\u0442\u0435 \u043f\u043e\u043a\u0443\u043f\u043a\u0438 \u0438\u043b\u0438 \u043f\u0440\u043e\u0434\u0430\u0436\u0438 \u0437\u0430 \u0440\u0443\u0431\u0435\u0436\u043e\u043c, \u043a\u043e\u043c\u0430\u043d\u0434\u044b \u0432 \u043d\u0430\u0448\u0438\u0445 \u043e\u0444\u0438\u0441\u0430\u0445 \u0441\u043e\u0441\u0442\u043e\u044f\u0442 \u0438\u0437<a href=\"https:\/\/www.barnes-miami.com\/ru\/notre-equipe\/\">\u0441\u043f\u0435\u0446\u0438\u0430\u043b\u0438\u0437\u0438\u0440\u043e\u0432\u0430\u043d\u043d\u044b\u0435 \u0430\u0433\u0435\u043d\u0442\u044b \u043f\u043e \u043d\u0435\u0434\u0432\u0438\u0436\u0438\u043c\u043e\u0441\u0442\u0438<\/a> \u0432 \u044d\u043b\u0438\u0442\u043d\u043e\u0439 \u0438 \u0438\u0441\u043a\u043b\u044e\u0447\u0438\u0442\u0435\u043b\u044c\u043d\u043e\u0439 \u043d\u0435\u0434\u0432\u0438\u0436\u0438\u043c\u043e\u0441\u0442\u0438. \u0415\u0441\u043b\u0438 \u0432\u044b \u0445\u043e\u0442\u0438\u0442\u0435 \u0438\u043d\u0432\u0435\u0441\u0442\u0438\u0440\u043e\u0432\u0430\u0442\u044c \u0438\u043b\u0438 \u0436\u0438\u0442\u044c \u0432\u043e \u0424\u043b\u043e\u0440\u0438\u0434\u0435, \u043d\u0430\u0448\u0435 \u0430\u0433\u0435\u043d\u0442\u0441\u0442\u0432\u043e \u043d\u0435\u0434\u0432\u0438\u0436\u0438\u043c\u043e\u0441\u0442\u0438, \u0440\u0430\u0441\u043f\u043e\u043b\u043e\u0436\u0435\u043d\u043d\u043e\u0435 \u0432 \u041c\u0430\u0439\u0430\u043c\u0438, \u043c\u043e\u0436\u0435\u0442 \u043f\u043e\u043c\u043e\u0447\u044c \u0432\u0430\u043c \u0432 \u043f\u043e\u0438\u0441\u043a\u0435 \u043a\u0432\u0430\u0440\u0442\u0438\u0440\u044b \u0438\u043b\u0438 \u0434\u043e\u043c\u0430. \u0412 \u0437\u0430\u0432\u0438\u0441\u0438\u043c\u043e\u0441\u0442\u0438 \u043e\u0442 \u0432\u0430\u0448\u0438\u0445 \u043f\u043e\u0442\u0440\u0435\u0431\u043d\u043e\u0441\u0442\u0435\u0439 \u043c\u044b \u043c\u043e\u0436\u0435\u043c \u0441\u0432\u044f\u0437\u0430\u0442\u044c \u0432\u0430\u0441 \u0441\u043e \u0441\u043f\u0435\u0446\u0438\u0430\u043b\u0438\u0441\u0442\u043e\u043c, \u043a\u043e\u0442\u043e\u0440\u044b\u0439 \u0441\u043c\u043e\u0436\u0435\u0442 \u043f\u0440\u043e\u043a\u043e\u043d\u0441\u0443\u043b\u044c\u0442\u0438\u0440\u043e\u0432\u0430\u0442\u044c \u0432\u0430\u0441 \u0438 \u043f\u043e\u0434\u043e\u0431\u0440\u0430\u0442\u044c \u043f\u043e\u0434\u0445\u043e\u0434\u044f\u0449\u0435\u0435 \u0440\u0435\u0448\u0435\u043d\u0438\u0435. <a href=\"https:\/\/www.barnes-miami.com\/ru\/nos-biens\/\">\u043a\u043e\u043b\u043e\u0434\u0435\u0446 \u0442\u0432\u043e\u0435\u0439 \u043c\u0435\u0447\u0442\u044b<\/a>. \u0410\u043d\u0430\u043b\u043e\u0433\u0438\u0447\u043d\u043e, \u0435\u0441\u043b\u0438 \u0432\u0430\u0448 \u043f\u0440\u043e\u0435\u043a\u0442 \u043a\u0430\u0441\u0430\u0435\u0442\u0441\u044f \u0434\u0440\u0443\u0433\u043e\u0433\u043e \u0433\u043e\u0440\u043e\u0434\u0430, \u043d\u0430\u043f\u0440\u0438\u043c\u0435\u0440 \u041f\u0430\u0440\u0438\u0436\u0430, \u041d\u044c\u044e-\u0419\u043e\u0440\u043a\u0430, \u0416\u0435\u043d\u0435\u0432\u044b \u0438\u043b\u0438 \u0421\u0435\u043d-\u0411\u0430\u0440\u0442\u0430, \u043c\u044b \u043c\u043e\u0436\u0435\u043c \u043d\u0430\u043f\u0440\u0430\u0432\u0438\u0442\u044c \u0432\u0430\u0441 \u043a \u043e\u0434\u043d\u043e\u043c\u0443 \u0438\u0437 \u043d\u0430\u0448\u0438\u0445 \u0441\u043f\u0435\u0446\u0438\u0430\u043b\u0438\u0441\u0442\u043e\u0432 \u043f\u043e \u044d\u0442\u0438\u043c \u043d\u0430\u043f\u0440\u0430\u0432\u043b\u0435\u043d\u0438\u044f\u043c. <\/span><\/p>\n<h2 style=\"text-align: justify;\"><b>\u041d\u0430\u0448\u0430 \u0441\u0438\u043b\u0430: \u043c\u0435\u0436\u0434\u0443\u043d\u0430\u0440\u043e\u0434\u043d\u043e\u0435 \u043f\u0440\u0438\u0441\u0443\u0442\u0441\u0442\u0432\u0438\u0435 \u0432\u043e \u043c\u043d\u043e\u0433\u0438\u0445 \u0433\u043e\u0440\u043e\u0434\u0430\u0445<\/b><\/h2>\n<p style=\"text-align: justify;\"><span style=\"font-weight: 400;\">\u041d\u0430\u0448\u0435 \u0430\u0433\u0435\u043d\u0442\u0441\u0442\u0432\u043e \u043d\u0435\u0434\u0432\u0438\u0436\u0438\u043c\u043e\u0441\u0442\u0438 \u0441\u0443\u0449\u0435\u0441\u0442\u0432\u0443\u0435\u0442 \u0432 \u041c\u0430\u0439\u0430\u043c\u0438, \u043d\u0430 \u044e\u0433\u043e-\u0432\u043e\u0441\u0442\u043e\u0447\u043d\u043e\u043c \u043f\u043e\u0431\u0435\u0440\u0435\u0436\u044c\u0435 \u0421\u0428\u0410, \u0443\u0436\u0435 \u0431\u043e\u043b\u0435\u0435 \u043f\u044f\u0442\u043d\u0430\u0434\u0446\u0430\u0442\u0438 \u043b\u0435\u0442. \u041f\u043e\u044d\u0442\u043e\u043c\u0443 \u043c\u044b \u043e\u0447\u0435\u043d\u044c \u0445\u043e\u0440\u043e\u0448\u043e \u0437\u043d\u0430\u0435\u043c \u0433\u043e\u0440\u043e\u0434\u0441\u043a\u043e\u0439 \u0440\u044b\u043d\u043e\u043a, \u0440\u0430\u0439\u043e\u043d\u044b \u0438 \u0441\u043e\u043e\u0431\u0449\u0435\u0441\u0442\u0432\u0430. \u041d\u043e \u044d\u0442\u043e \u043d\u0435 \u0435\u0434\u0438\u043d\u0441\u0442\u0432\u0435\u043d\u043d\u0430\u044f \u043d\u0430\u0448\u0430 \u0430\u043d\u0442\u0435\u043d\u043d\u0430. \u0421 \u0433\u043e\u0434\u0430\u043c\u0438 \u043d\u0430\u0448\u0430 \u0441\u0435\u0442\u044c \u0440\u0430\u0437\u0440\u043e\u0441\u043b\u0430\u0441\u044c \u0438 \u0441\u0435\u0433\u043e\u0434\u043d\u044f \u0443 \u043d\u0430\u0441 \u0435\u0441\u0442\u044c \u043d\u0435\u0441\u043a\u043e\u043b\u044c\u043a\u043e \u043e\u0444\u0438\u0441\u043e\u0432 \u0432 \u0433. <a href=\"https:\/\/www.barnes-international.com\">\u0424\u0440\u0430\u043d\u0446\u0438\u044f<\/a> (\u041f\u0430\u0440\u0438\u0436, \u0414\u043e\u0432\u0438\u043b\u044c, \u0411\u0438\u0430\u0440\u0440\u0438\u0446, \u041a\u0430\u043d\u043d\u044b \u0438 \u041a\u0443\u0440\u0448\u0435\u0432\u0435\u043b\u044c) \u0438 \u043d\u0430 \u043c\u0435\u0436\u0434\u0443\u043d\u0430\u0440\u043e\u0434\u043d\u043e\u043c \u0443\u0440\u043e\u0432\u043d\u0435 (\u0416\u0435\u043d\u0435\u0432\u0430, \u041b\u043e\u043d\u0434\u043e\u043d, \u041d\u044c\u044e-\u0419\u043e\u0440\u043a). \u0423 \u043d\u0430\u0441 \u0442\u0430\u043a\u0436\u0435 \u0435\u0441\u0442\u044c \u043a\u043e\u0440\u0440\u0435\u0441\u043f\u043e\u043d\u0434\u0435\u043d\u0442\u044b \u0438 \u0430\u0433\u0435\u043d\u0442\u044b \u043f\u043e \u043d\u0435\u0434\u0432\u0438\u0436\u0438\u043c\u043e\u0441\u0442\u0438 \u0432 \u0420\u043e\u0441\u0441\u0438\u0438 \u0438 \u0410\u0437\u0438\u0438. \u041f\u043e\u044d\u0442\u043e\u043c\u0443, \u043a\u0430\u043a\u0438\u043c \u0431\u044b \u043d\u0438 \u0431\u044b\u043b \u0432\u0430\u0448 \u043f\u0440\u043e\u0435\u043a\u0442, \u043c\u044b \u043c\u043e\u0436\u0435\u043c \u043f\u0440\u0435\u0434\u043b\u043e\u0436\u0438\u0442\u044c \u0432\u0430\u043c \u0438\u043d\u0434\u0438\u0432\u0438\u0434\u0443\u0430\u043b\u044c\u043d\u043e\u0435 \u0440\u0435\u0448\u0435\u043d\u0438\u0435.<\/span><\/p>\n<h2 style=\"text-align: justify;\"><b>\u042d\u043a\u0441\u043f\u0435\u0440\u0442\u044b \u043a \u0432\u0430\u0448\u0438\u043c \u0443\u0441\u043b\u0443\u0433\u0430\u043c \u0434\u043b\u044f \u0432\u0430\u0448\u0438\u0445 \u0438\u043d\u0432\u0435\u0441\u0442\u0438\u0446\u0438\u0439\u00a0<\/b><\/h2>\n<p style=\"text-align: justify;\"><span style=\"font-weight: 400;\">\u041a\u0430\u043a \u0441\u043f\u0435\u0446\u0438\u0430\u043b\u0438\u0441\u0442\u044b \u043f\u043e \u044d\u043b\u0438\u0442\u043d\u043e\u0439 \u043d\u0435\u0434\u0432\u0438\u0436\u0438\u043c\u043e\u0441\u0442\u0438 \u0432 \u041c\u0430\u0439\u0430\u043c\u0438, \u043d\u0430\u0448\u0438 \u0430\u0433\u0435\u043d\u0442\u044b \u043a\u043e\u043c\u043f\u0435\u0442\u0435\u043d\u0442\u043d\u044b \u043f\u043e\u0437\u0430\u0431\u043e\u0442\u0438\u0442\u044c\u0441\u044f \u043e \u043f\u0440\u043e\u0434\u0430\u0436\u0435, \u0443\u043f\u0440\u0430\u0432\u043b\u0435\u043d\u0438\u0438, \u0430\u0440\u0435\u043d\u0434\u0435 \u043d\u0435\u0434\u0432\u0438\u0436\u0438\u043c\u043e\u0441\u0442\u0438, \u0430 \u0442\u0430\u043a\u0436\u0435 \u043e \u0432\u0430\u0448\u0435\u043c \u043f\u043e\u0438\u0441\u043a\u0435 \u0434\u043e\u043c\u0430, \u043a\u0432\u0430\u0440\u0442\u0438\u0440\u044b \u0438\u043b\u0438 \u0432\u0438\u043b\u043b\u044b \u0432 \u0440\u0430\u043c\u043a\u0430\u0445 \u043f\u043e\u043a\u0443\u043f\u043a\u0438. \u0412\u044b \u043c\u043e\u0436\u0435\u0442\u0435 \u0441\u0432\u044f\u0437\u0430\u0442\u044c\u0441\u044f \u0441 \u043d\u0430\u043c\u0438 \u0434\u043e \u0432\u0430\u0448\u0435\u0433\u043e \u043f\u0440\u0438\u0435\u0437\u0434\u0430 \u0432\u043e \u0424\u043b\u043e\u0440\u0438\u0434\u0443 \u0438\u043b\u0438 \u043f\u043e\u0441\u043b\u0435. \u041a\u0440\u043e\u043c\u0435 \u0442\u043e\u0433\u043e, \u0435\u0441\u043b\u0438 \u0432\u044b \u0445\u043e\u0442\u0438\u0442\u0435 \u0441\u0432\u044f\u0437\u0430\u0442\u044c\u0441\u044f \u0441 \u0434\u0440\u0443\u0433\u0438\u043c\u0438 \u043d\u0430\u0448\u0438\u043c\u0438 \u043c\u0435\u0436\u0434\u0443\u043d\u0430\u0440\u043e\u0434\u043d\u044b\u043c\u0438 \u0430\u0433\u0435\u043d\u0442\u0441\u0442\u0432\u0430\u043c\u0438 \u043d\u0435\u0434\u0432\u0438\u0436\u0438\u043c\u043e\u0441\u0442\u0438 \u0438\u043b\u0438 \u043d\u0430\u0448\u0438\u043c\u0438 \u043a\u043e\u0440\u0440\u0435\u0441\u043f\u043e\u043d\u0434\u0435\u043d\u0442\u0430\u043c\u0438, \u043f\u0440\u043e\u0441\u0442\u043e \u0441\u0432\u044f\u0436\u0438\u0442\u0435\u0441\u044c \u0441 \u043d\u0430\u043c\u0438. \u041f\u043e\u0441\u043b\u0435 \u0430\u043d\u0430\u043b\u0438\u0437\u0430 \u0432\u0430\u0448\u0435\u0433\u043e \u0444\u0430\u0439\u043b\u0430 \u043c\u044b \u043d\u0430\u043f\u0440\u0430\u0432\u0438\u043c \u0432\u0430\u0441 \u043a \u043d\u0443\u0436\u043d\u043e\u043c\u0443 \u043a\u043e\u043d\u0442\u0430\u043a\u0442\u0443. \u0422\u0430\u043a\u0438\u043c \u043e\u0431\u0440\u0430\u0437\u043e\u043c, \u0432\u044b \u0441\u043c\u043e\u0436\u0435\u0442\u0435 \u043f\u043e\u043b\u0443\u0447\u0438\u0442\u044c \u043a\u043e\u043d\u0441\u0443\u043b\u044c\u0442\u0430\u0446\u0438\u044e \u043d\u0430\u0441\u0442\u043e\u044f\u0449\u0435\u0433\u043e \u044d\u043a\u0441\u043f\u0435\u0440\u0442\u0430, \u043a\u043e\u0442\u043e\u0440\u044b\u0439 \u043f\u0440\u0435\u043a\u0440\u0430\u0441\u043d\u043e \u0437\u043d\u0430\u0435\u0442 \u0441\u0432\u043e\u044e \u0441\u0444\u0435\u0440\u0443 \u0434\u0435\u044f\u0442\u0435\u043b\u044c\u043d\u043e\u0441\u0442\u0438 \u0438 \u043f\u043e\u0434\u0431\u0435\u0440\u0435\u0442 \u0434\u043b\u044f \u0432\u0430\u0441 \u043f\u0440\u0435\u0441\u0442\u0438\u0436\u043d\u0443\u044e \u043d\u0435\u0434\u0432\u0438\u0436\u0438\u043c\u043e\u0441\u0442\u044c \u0432 \u0421\u0428\u0410 \u0438\u043b\u0438 \u0434\u0440\u0443\u0433\u0438\u0445 \u0441\u0442\u0440\u0430\u043d\u0430\u0445 \u043c\u0438\u0440\u0430.<br \/>\n<\/span><\/p>\n<p><a href=\"https:\/\/www.barnes-miami.com\/ru\/%d0%ba%d0%be%d0%bd%d1%82%d0%b0%d0%ba%d1%82\/\">\u0421\u0432\u044f\u0437\u0430\u0442\u044c\u0441\u044f \u0441 \u043d\u0430\u043c\u0438<\/a> !<\/p>","protected":false},"excerpt":{"rendered":"<p>Notre r\u00e9seau d\u2019agents immobiliers \u00e0 Miami et partout dans le monde\u00a0 Afin de r\u00e9pondre aux exigences de nos clients et vous accompagner dans votre projet d\u2019achat ou de vente \u00e0 l\u2019\u00e9tranger, les \u00e9quipes de nos bureaux sont compos\u00e9s d\u2019agents immobiliers sp\u00e9cialis\u00e9s dans les propri\u00e9t\u00e9s de luxe et d\u2019exception. Si vous souhaitez investir ou vivre en [&hellip;]<\/p>\n","protected":false},"author":2,"featured_media":17111,"parent":0,"menu_order":0,"comment_status":"closed","ping_status":"closed","template":"","meta":{"inline_featured_image":false,"footnotes":""},"class_list":["post-17110","page","type-page","status-publish","has-post-thumbnail","hentry"],"yoast_head":"<!-- This site is optimized with the Yoast SEO plugin v27.4 - https:\/\/yoast.com\/product\/yoast-seo-wordpress\/ -->\n<title>International | Immobilier de prestige | BARNES MIAMI<\/title>\n<meta name=\"description\" content=\"Notre r\u00e9seau d\u2019agents immobiliers \u00e0 Miami et partout dans le monde. Contactez-nous !\" \/>\n<meta name=\"robots\" content=\"index, follow, max-snippet:-1, max-image-preview:large, max-video-preview:-1\" \/>\n<link rel=\"canonical\" href=\"https:\/\/www.barnes-miami.com\/ru\/\u0441\u0435\u0442\u044c-2\/\" \/>\n<meta property=\"og:locale\" content=\"ru_RU\" \/>\n<meta property=\"og:type\" content=\"article\" \/>\n<meta property=\"og:title\" content=\"International | Immobilier de prestige | BARNES MIAMI\" \/>\n<meta property=\"og:description\" content=\"Notre r\u00e9seau d\u2019agents immobiliers \u00e0 Miami et partout dans le monde. Contactez-nous !\" \/>\n<meta property=\"og:url\" content=\"https:\/\/www.barnes-miami.com\/ru\/\u0441\u0435\u0442\u044c-2\/\" \/>\n<meta property=\"og:site_name\" content=\"BARNES Miami\" \/>\n<meta property=\"article:publisher\" content=\"https:\/\/www.facebook.com\/barnesinternationalmiami\/\" \/>\n<meta property=\"og:image\" content=\"https:\/\/www.barnes-miami.com\/wp-content\/uploads\/2018\/06\/networking.jpg\" \/>\n\t<meta property=\"og:image:width\" content=\"1235\" \/>\n\t<meta property=\"og:image:height\" content=\"403\" \/>\n\t<meta property=\"og:image:type\" content=\"image\/jpeg\" \/>\n<meta name=\"twitter:card\" content=\"summary_large_image\" \/>\n<meta name=\"twitter:site\" content=\"@barnesmiami\" \/>\n<meta name=\"twitter:label1\" content=\"\u041f\u0440\u0438\u043c\u0435\u0440\u043d\u043e\u0435 \u0432\u0440\u0435\u043c\u044f \u0434\u043b\u044f \u0447\u0442\u0435\u043d\u0438\u044f\" \/>\n\t<meta name=\"twitter:data1\" content=\"2 \u043c\u0438\u043d\u0443\u0442\u044b\" \/>\n<script type=\"application\/ld+json\" class=\"yoast-schema-graph\">{\"@context\":\"https:\\\/\\\/schema.org\",\"@graph\":[{\"@type\":\"WebPage\",\"@id\":\"https:\\\/\\\/www.barnes-miami.com\\\/networking-2\\\/\",\"url\":\"https:\\\/\\\/www.barnes-miami.com\\\/networking-2\\\/\",\"name\":\"International | Immobilier de prestige | BARNES MIAMI\",\"isPartOf\":{\"@id\":\"https:\\\/\\\/www.barnes-miami.com\\\/#website\"},\"primaryImageOfPage\":{\"@id\":\"https:\\\/\\\/www.barnes-miami.com\\\/networking-2\\\/#primaryimage\"},\"image\":{\"@id\":\"https:\\\/\\\/www.barnes-miami.com\\\/networking-2\\\/#primaryimage\"},\"thumbnailUrl\":\"https:\\\/\\\/www.barnes-miami.com\\\/wp-content\\\/uploads\\\/2018\\\/06\\\/networking.jpg\",\"datePublished\":\"2018-06-07T16:54:14+00:00\",\"description\":\"Notre r\u00e9seau d\u2019agents immobiliers \u00e0 Miami et partout dans le monde. Contactez-nous !\",\"breadcrumb\":{\"@id\":\"https:\\\/\\\/www.barnes-miami.com\\\/networking-2\\\/#breadcrumb\"},\"inLanguage\":\"ru-RU\",\"potentialAction\":[{\"@type\":\"ReadAction\",\"target\":[\"https:\\\/\\\/www.barnes-miami.com\\\/networking-2\\\/\"]}]},{\"@type\":\"ImageObject\",\"inLanguage\":\"ru-RU\",\"@id\":\"https:\\\/\\\/www.barnes-miami.com\\\/networking-2\\\/#primaryimage\",\"url\":\"https:\\\/\\\/www.barnes-miami.com\\\/wp-content\\\/uploads\\\/2018\\\/06\\\/networking.jpg\",\"contentUrl\":\"https:\\\/\\\/www.barnes-miami.com\\\/wp-content\\\/uploads\\\/2018\\\/06\\\/networking.jpg\",\"width\":1235,\"height\":403},{\"@type\":\"BreadcrumbList\",\"@id\":\"https:\\\/\\\/www.barnes-miami.com\\\/networking-2\\\/#breadcrumb\",\"itemListElement\":[{\"@type\":\"ListItem\",\"position\":1,\"name\":\"Accueil\",\"item\":\"https:\\\/\\\/www.barnes-miami.com\\\/\"},{\"@type\":\"ListItem\",\"position\":2,\"name\":\"Mise en relation\"}]},{\"@type\":\"WebSite\",\"@id\":\"https:\\\/\\\/www.barnes-miami.com\\\/#website\",\"url\":\"https:\\\/\\\/www.barnes-miami.com\\\/\",\"name\":\"BARNES Miami\",\"description\":\"#1 International Real Estate Brokerage in South Florida\",\"publisher\":{\"@id\":\"https:\\\/\\\/www.barnes-miami.com\\\/#organization\"},\"potentialAction\":[{\"@type\":\"SearchAction\",\"target\":{\"@type\":\"EntryPoint\",\"urlTemplate\":\"https:\\\/\\\/www.barnes-miami.com\\\/?s={search_term_string}\"},\"query-input\":{\"@type\":\"PropertyValueSpecification\",\"valueRequired\":true,\"valueName\":\"search_term_string\"}}],\"inLanguage\":\"ru-RU\"},{\"@type\":\"Organization\",\"@id\":\"https:\\\/\\\/www.barnes-miami.com\\\/#organization\",\"name\":\"BARNES Miami\",\"url\":\"https:\\\/\\\/www.barnes-miami.com\\\/\",\"logo\":{\"@type\":\"ImageObject\",\"inLanguage\":\"ru-RU\",\"@id\":\"https:\\\/\\\/www.barnes-miami.com\\\/#\\\/schema\\\/logo\\\/image\\\/\",\"url\":\"https:\\\/\\\/www.barnes-miami.com\\\/wp-content\\\/uploads\\\/2026\\\/01\\\/logo-2.png\",\"contentUrl\":\"https:\\\/\\\/www.barnes-miami.com\\\/wp-content\\\/uploads\\\/2026\\\/01\\\/logo-2.png\",\"width\":1100,\"height\":1100,\"caption\":\"BARNES Miami\"},\"image\":{\"@id\":\"https:\\\/\\\/www.barnes-miami.com\\\/#\\\/schema\\\/logo\\\/image\\\/\"},\"sameAs\":[\"https:\\\/\\\/www.facebook.com\\\/barnesinternationalmiami\\\/\",\"https:\\\/\\\/x.com\\\/barnesmiami\",\"https:\\\/\\\/www.instagram.com\\\/barnesmiami\\\/\",\"https:\\\/\\\/www.linkedin.com\\\/company\\\/barnes-international-miami\\\/\",\"https:\\\/\\\/www.youtube.com\\\/user\\\/BarnesImmoMiami\\\/\"]}]}<\/script>\n<!-- \/ Yoast SEO plugin. -->","yoast_head_json":{"title":"\u041c\u0435\u0436\u0434\u0443\u043d\u0430\u0440\u043e\u0434\u043d\u044b\u0439 | \u041f\u0440\u0435\u0441\u0442\u0438\u0436\u043d\u0430\u044f \u043d\u0435\u0434\u0432\u0438\u0436\u0438\u043c\u043e\u0441\u0442\u044c | \u0411\u0410\u0420\u041d\u0421 \u041c\u0410\u0419\u0410\u041c\u0418","description":"\u041d\u0430\u0448\u0430 \u0441\u0435\u0442\u044c \u0430\u0433\u0435\u043d\u0442\u043e\u0432 \u043f\u043e \u043d\u0435\u0434\u0432\u0438\u0436\u0438\u043c\u043e\u0441\u0442\u0438 \u0432 \u041c\u0430\u0439\u0430\u043c\u0438 \u0438 \u043f\u043e \u0432\u0441\u0435\u043c\u0443 \u043c\u0438\u0440\u0443. \u0421\u0432\u044f\u0437\u0430\u0442\u044c\u0441\u044f \u0441 \u043d\u0430\u043c\u0438!","robots":{"index":"index","follow":"follow","max-snippet":"max-snippet:-1","max-image-preview":"max-image-preview:large","max-video-preview":"max-video-preview:-1"},"canonical":"https:\/\/www.barnes-miami.com\/ru\/\u0441\u0435\u0442\u044c-2\/","og_locale":"ru_RU","og_type":"article","og_title":"International | Immobilier de prestige | BARNES MIAMI","og_description":"Notre r\u00e9seau d\u2019agents immobiliers \u00e0 Miami et partout dans le monde. Contactez-nous !","og_url":"https:\/\/www.barnes-miami.com\/ru\/\u0441\u0435\u0442\u044c-2\/","og_site_name":"BARNES Miami","article_publisher":"https:\/\/www.facebook.com\/barnesinternationalmiami\/","og_image":[{"width":1235,"height":403,"url":"https:\/\/www.barnes-miami.com\/wp-content\/uploads\/2018\/06\/networking.jpg","type":"image\/jpeg"}],"twitter_card":"summary_large_image","twitter_site":"@barnesmiami","twitter_misc":{"\u041f\u0440\u0438\u043c\u0435\u0440\u043d\u043e\u0435 \u0432\u0440\u0435\u043c\u044f \u0434\u043b\u044f \u0447\u0442\u0435\u043d\u0438\u044f":"2 \u043c\u0438\u043d\u0443\u0442\u044b"},"schema":{"@context":"https:\/\/schema.org","@graph":[{"@type":"WebPage","@id":"https:\/\/www.barnes-miami.com\/networking-2\/","url":"https:\/\/www.barnes-miami.com\/networking-2\/","name":"\u041c\u0435\u0436\u0434\u0443\u043d\u0430\u0440\u043e\u0434\u043d\u044b\u0439 | \u041f\u0440\u0435\u0441\u0442\u0438\u0436\u043d\u0430\u044f \u043d\u0435\u0434\u0432\u0438\u0436\u0438\u043c\u043e\u0441\u0442\u044c | \u0411\u0410\u0420\u041d\u0421 \u041c\u0410\u0419\u0410\u041c\u0418","isPartOf":{"@id":"https:\/\/www.barnes-miami.com\/#website"},"primaryImageOfPage":{"@id":"https:\/\/www.barnes-miami.com\/networking-2\/#primaryimage"},"image":{"@id":"https:\/\/www.barnes-miami.com\/networking-2\/#primaryimage"},"thumbnailUrl":"https:\/\/www.barnes-miami.com\/wp-content\/uploads\/2018\/06\/networking.jpg","datePublished":"2018-06-07T16:54:14+00:00","description":"\u041d\u0430\u0448\u0430 \u0441\u0435\u0442\u044c \u0430\u0433\u0435\u043d\u0442\u043e\u0432 \u043f\u043e \u043d\u0435\u0434\u0432\u0438\u0436\u0438\u043c\u043e\u0441\u0442\u0438 \u0432 \u041c\u0430\u0439\u0430\u043c\u0438 \u0438 \u043f\u043e \u0432\u0441\u0435\u043c\u0443 \u043c\u0438\u0440\u0443. \u0421\u0432\u044f\u0437\u0430\u0442\u044c\u0441\u044f \u0441 \u043d\u0430\u043c\u0438!","breadcrumb":{"@id":"https:\/\/www.barnes-miami.com\/networking-2\/#breadcrumb"},"inLanguage":"ru-RU","potentialAction":[{"@type":"ReadAction","target":["https:\/\/www.barnes-miami.com\/networking-2\/"]}]},{"@type":"ImageObject","inLanguage":"ru-RU","@id":"https:\/\/www.barnes-miami.com\/networking-2\/#primaryimage","url":"https:\/\/www.barnes-miami.com\/wp-content\/uploads\/2018\/06\/networking.jpg","contentUrl":"https:\/\/www.barnes-miami.com\/wp-content\/uploads\/2018\/06\/networking.jpg","width":1235,"height":403},{"@type":"BreadcrumbList","@id":"https:\/\/www.barnes-miami.com\/networking-2\/#breadcrumb","itemListElement":[{"@type":"ListItem","position":1,"name":"Accueil","item":"https:\/\/www.barnes-miami.com\/"},{"@type":"ListItem","position":2,"name":"Mise en relation"}]},{"@type":"WebSite","@id":"https:\/\/www.barnes-miami.com\/#website","url":"https:\/\/www.barnes-miami.com\/","name":"\u0411\u0410\u0420\u041d\u0421 \u041c\u0430\u0439\u0430\u043c\u0438","description":"#1 \u041c\u0435\u0436\u0434\u0443\u043d\u0430\u0440\u043e\u0434\u043d\u0430\u044f \u0431\u0440\u043e\u043a\u0435\u0440\u0441\u043a\u0430\u044f \u043a\u043e\u043c\u043f\u0430\u043d\u0438\u044f \u043f\u043e \u043d\u0435\u0434\u0432\u0438\u0436\u0438\u043c\u043e\u0441\u0442\u0438 \u0432 \u042e\u0436\u043d\u043e\u0439 \u0424\u043b\u043e\u0440\u0438\u0434\u0435","publisher":{"@id":"https:\/\/www.barnes-miami.com\/#organization"},"potentialAction":[{"@type":"SearchAction","target":{"@type":"EntryPoint","urlTemplate":"https:\/\/www.barnes-miami.com\/?s={search_term_string}"},"query-input":{"@type":"PropertyValueSpecification","valueRequired":true,"valueName":"search_term_string"}}],"inLanguage":"ru-RU"},{"@type":"Organization","@id":"https:\/\/www.barnes-miami.com\/#organization","name":"\u0411\u0410\u0420\u041d\u0421 \u041c\u0430\u0439\u0430\u043c\u0438","url":"https:\/\/www.barnes-miami.com\/","logo":{"@type":"ImageObject","inLanguage":"ru-RU","@id":"https:\/\/www.barnes-miami.com\/#\/schema\/logo\/image\/","url":"https:\/\/www.barnes-miami.com\/wp-content\/uploads\/2026\/01\/logo-2.png","contentUrl":"https:\/\/www.barnes-miami.com\/wp-content\/uploads\/2026\/01\/logo-2.png","width":1100,"height":1100,"caption":"BARNES Miami"},"image":{"@id":"https:\/\/www.barnes-miami.com\/#\/schema\/logo\/image\/"},"sameAs":["https:\/\/www.facebook.com\/barnesinternationalmiami\/","https:\/\/x.com\/barnesmiami","https:\/\/www.instagram.com\/barnesmiami\/","https:\/\/www.linkedin.com\/company\/barnes-international-miami\/","https:\/\/www.youtube.com\/user\/BarnesImmoMiami\/"]}]}},"_links":{"self":[{"href":"https:\/\/www.barnes-miami.com\/ru\/wp-json\/wp\/v2\/pages\/17110","targetHints":{"allow":["GET"]}}],"collection":[{"href":"https:\/\/www.barnes-miami.com\/ru\/wp-json\/wp\/v2\/pages"}],"about":[{"href":"https:\/\/www.barnes-miami.com\/ru\/wp-json\/wp\/v2\/types\/page"}],"author":[{"embeddable":true,"href":"https:\/\/www.barnes-miami.com\/ru\/wp-json\/wp\/v2\/users\/2"}],"replies":[{"embeddable":true,"href":"https:\/\/www.barnes-miami.com\/ru\/wp-json\/wp\/v2\/comments?post=17110"}],"version-history":[{"count":0,"href":"https:\/\/www.barnes-miami.com\/ru\/wp-json\/wp\/v2\/pages\/17110\/revisions"}],"wp:featuredmedia":[{"embeddable":true,"href":"https:\/\/www.barnes-miami.com\/ru\/wp-json\/wp\/v2\/media\/17111"}],"wp:attachment":[{"href":"https:\/\/www.barnes-miami.com\/ru\/wp-json\/wp\/v2\/media?parent=17110"}],"curies":[{"name":"WP","href":"https:\/\/api.w.org\/{rel}","templated":true}]}}