{"id":22528,"date":"2019-11-12T10:56:02","date_gmt":"2019-11-12T15:56:02","guid":{"rendered":"https:\/\/www.barnes-miami.com\/?page_id=22528"},"modified":"2025-10-13T13:40:42","modified_gmt":"2025-10-13T18:40:42","slug":"%d0%b8%d0%bd%d0%b2%d0%b5%d1%81%d1%82%d0%b8%d1%86%d0%b8%d0%b8-%d0%b2-%d0%b2%d0%b8%d0%bd%d0%be%d0%b3%d1%80%d0%b0%d0%b4%d0%bd%d0%b8%d0%ba%d0%b8-%d0%b1%d0%b0%d1%80%d0%bd%d1%81%d0%b0","status":"publish","type":"page","link":"https:\/\/www.barnes-miami.com\/ru\/a-propos\/barnes-vineyards-investment\/","title":{"rendered":"\u0412\u0418\u041d\u041e\u0413\u0420\u0410\u0414\u041d\u0418\u041a\u0418"},"content":{"rendered":"<div style=\"height:45px\" aria-hidden=\"true\" class=\"wp-block-spacer\"><\/div>\n\n\n\n<h4 class=\"wp-block-heading has-text-align-center has-text-color has-link-color has-medium-font-size wp-elements-c69a8606a0e326870afd260b6230b198\" style=\"color:#bcaa88\">\u0418\u0421\u041a\u0423\u0421\u0421\u0422\u0412\u041e \u0412\u0418\u041d\u0410<\/h4>\n\n\n\n<p class=\"has-text-align-center p80 justify has-medium-font-size\">\u0412\u043b\u0430\u0434\u0435\u0442\u044c \u0432\u0438\u043d\u043e\u0433\u0440\u0430\u0434\u043d\u0438\u043a\u043e\u043c \u2014 \u043c\u0435\u0447\u0442\u0430 \u043c\u043d\u043e\u0433\u0438\u0445 \u0446\u0435\u043d\u0438\u0442\u0435\u043b\u0435\u0439 \u0432\u0438\u043d\u0430. \u041f\u0440\u043e\u0438\u0437\u0432\u043e\u0434\u0438\u0442\u044c \u0432\u0438\u043d\u043e \u0438 \u043d\u0430\u0431\u043b\u044e\u0434\u0430\u0442\u044c \u0435\u0433\u043e \u0440\u0430\u0441\u0446\u0432\u0435\u0442, \u0431\u0443\u0434\u044c \u0442\u043e \u0432\u043e \u0424\u0440\u0430\u043d\u0446\u0438\u0438 \u0438\u043b\u0438 \u0437\u0430 \u0440\u0443\u0431\u0435\u0436\u043e\u043c, \u2014 \u044d\u0442\u043e \u0443\u043d\u0438\u043a\u0430\u043b\u044c\u043d\u043e\u0435 \u043f\u0440\u0438\u043a\u043b\u044e\u0447\u0435\u043d\u0438\u0435. \u0412\u044b\u0434\u0430\u044e\u0449\u0438\u0439\u0441\u044f \u0443\u0440\u043e\u0436\u0430\u0439 \u0432\u0438\u043d\u0430 \u0441\u0442\u0430\u043b \u043d\u0435 \u043f\u0440\u043e\u0441\u0442\u043e \u043e\u0431\u0440\u0430\u0437\u043e\u043c \u0436\u0438\u0437\u043d\u0438, \u0430 \u0440\u0435\u0434\u043a\u043e\u0441\u0442\u044c\u044e \u0438 \u0434\u0440\u0430\u0433\u043e\u0446\u0435\u043d\u043d\u043e\u0441\u0442\u044c\u044e.<\/p>\n\n\n\n<p class=\"has-text-align-center p80 justify has-medium-font-size\">\u0418\u043d\u0432\u0435\u0441\u0442\u0438\u0440\u043e\u0432\u0430\u043d\u0438\u0435 \u0432 \u0432\u0438\u043d\u043e\u0433\u0440\u0430\u0434\u043d\u0438\u043a \u2014 \u044d\u0442\u043e \u0441\u043e\u0447\u0435\u0442\u0430\u043d\u0438\u0435 \u0441\u0442\u0440\u0430\u0441\u0442\u0438 \u0438 \u0434\u043e\u043b\u0433\u043e\u0441\u0440\u043e\u0447\u043d\u043e\u0439 \u0441\u0442\u0440\u0430\u0442\u0435\u0433\u0438\u0438. BARNES Vineyards, \u043d\u0430\u0448 \u0441\u043f\u0435\u0446\u0438\u0430\u043b\u0438\u0437\u0438\u0440\u043e\u0432\u0430\u043d\u043d\u044b\u0439 \u0438\u043d\u0432\u0435\u0441\u0442\u0438\u0446\u0438\u043e\u043d\u043d\u044b\u0439 \u0446\u0435\u043d\u0442\u0440, \u043e\u0442\u043a\u0440\u044b\u0432\u0430\u0435\u0442 \u0434\u0432\u0435\u0440\u0438 \u043a \u0441\u0430\u043c\u044b\u043c \u0440\u0435\u0434\u043a\u0438\u043c \u0438 \u044d\u043a\u0441\u043a\u043b\u044e\u0437\u0438\u0432\u043d\u044b\u043c \u0432\u043e\u0437\u043c\u043e\u0436\u043d\u043e\u0441\u0442\u044f\u043c.<\/p>\n\n\n\n<div style=\"height:51px\" aria-hidden=\"true\" class=\"wp-block-spacer\"><\/div>\n\n\n\n<div class=\"wp-block-buttons is-content-justification-center is-layout-flex wp-container-core-buttons-is-layout-16018d1d wp-block-buttons-is-layout-flex\">\n<div class=\"wp-block-button is-style-outline is-style-outline--1\"><a class=\"wp-block-button__link has-custom-font-size wp-element-button\" href=\"https:\/\/www.barnes-miami.com\/ru\/%d0%ba%d0%be%d0%bd%d1%82%d0%b0%d0%ba%d1%82\/\" style=\"border-radius:4px;font-size:16px\">\u041d\u0410\u0427\u041d\u0418\u0422\u0415 \u0421\u0412\u041e\u0419 \u041f\u0420\u041e\u0415\u041a\u0422<\/a><\/div>\n<\/div>\n\n\n\n<div style=\"height:148px\" aria-hidden=\"true\" class=\"wp-block-spacer\"><\/div>\n\n\n\n<h4 class=\"wp-block-heading has-text-align-center\">\u0418\u041c\u0415\u041d\u0418\u0415 \u0418 \u0410\u041b\u041a\u041e\u0413\u041e\u041b\u042c<\/h4>\n\n\n\n<h2 class=\"wp-block-heading has-text-align-center has-text-color has-link-color has-large-font-size wp-elements-7d47ff896f250b8cbbec7d9897252f0a\" style=\"color:#bcaa88\">\u0418\u041d\u0412\u0415\u0421\u0422\u0418\u0426\u0418\u0418 \u0412 \u0418\u0421\u041a\u041b\u042e\u0427\u0415\u041d\u0418\u0415<\/h2>\n\n\n\n<p class=\"p80 justify has-medium-font-size\">\u041d\u0430\u0448\u0430 \u043a\u043e\u043c\u0430\u043d\u0434\u0430 \u043e\u043a\u0430\u0437\u044b\u0432\u0430\u0435\u0442 \u043f\u043e\u0434\u0434\u0435\u0440\u0436\u043a\u0443 \u0438\u043d\u0432\u0435\u0441\u0442\u043e\u0440\u0430\u043c \u043d\u0430 \u043a\u0430\u0436\u0434\u043e\u043c \u044d\u0442\u0430\u043f\u0435 \u043f\u0440\u0438\u043e\u0431\u0440\u0435\u0442\u0435\u043d\u0438\u044f \u2014 \u043e\u0442 \u043a\u0443\u043b\u044c\u0442\u043e\u0432\u044b\u0445 \u0432\u0438\u043d\u043e\u0434\u0435\u043b\u044c\u0447\u0435\u0441\u043a\u0438\u0445 \u0445\u043e\u0437\u044f\u0439\u0441\u0442\u0432 \u0434\u043e \u0431\u0440\u0435\u043d\u0434\u043e\u0432 \u0438 \u043a\u043e\u043c\u043f\u0430\u043d\u0438\u0439 \u043f\u0440\u0435\u043c\u0438\u0443\u043c-\u043a\u043b\u0430\u0441\u0441\u0430.<br>\u041e\u0431\u043b\u0430\u0434\u0430\u044f \u043e\u043f\u044b\u0442\u043e\u043c \u0432 \u0443\u043f\u0440\u0430\u0432\u043b\u0435\u043d\u0438\u0438 \u043a\u0430\u043f\u0438\u0442\u0430\u043b\u043e\u043c \u0438 \u0432\u0438\u043d\u043e\u0434\u0435\u043b\u044c\u0447\u0435\u0441\u043a\u0438\u043c\u0438 \u0445\u043e\u0437\u044f\u0439\u0441\u0442\u0432\u0430\u043c\u0438, \u043c\u044b \u043e\u0441\u0443\u0449\u0435\u0441\u0442\u0432\u043b\u044f\u0435\u043c \u043a\u043e\u043d\u0444\u0438\u0434\u0435\u043d\u0446\u0438\u0430\u043b\u044c\u043d\u0443\u044e \u043f\u043e\u0434\u0434\u0435\u0440\u0436\u043a\u0443 \u043f\u0440\u043e\u0435\u043a\u0442\u043e\u0432 \u043c\u0430\u043b\u043e\u0439 \u0438 \u0441\u0440\u0435\u0434\u043d\u0435\u0439 \u043a\u0430\u043f\u0438\u0442\u0430\u043b\u0438\u0437\u0430\u0446\u0438\u0438, \u043e\u0431\u0435\u0441\u043f\u0435\u0447\u0438\u0432\u0430\u044f \u0438\u043d\u0434\u0438\u0432\u0438\u0434\u0443\u0430\u043b\u044c\u043d\u044b\u0439 \u0438 \u0431\u0435\u0437\u043e\u043f\u0430\u0441\u043d\u044b\u0439 \u043c\u043e\u043d\u0438\u0442\u043e\u0440\u0438\u043d\u0433.<\/p>\n\n\n\n<p class=\"p80 justify has-medium-font-size\">BARNES Fine Wines \u0432\u044b\u0431\u0438\u0440\u0430\u0435\u0442 \u0438\u0441\u043a\u043b\u044e\u0447\u0438\u0442\u0435\u043b\u044c\u043d\u044b\u0435 \u0432\u0438\u043d\u0430, \u043e\u0440\u0433\u0430\u043d\u0438\u0437\u0443\u0435\u0442 \u0447\u0430\u0441\u0442\u043d\u044b\u0435 \u043c\u0435\u0440\u043e\u043f\u0440\u0438\u044f\u0442\u0438\u044f \u0438 \u043f\u0440\u0435\u0434\u043b\u0430\u0433\u0430\u0435\u0442 \u044d\u043a\u0441\u043a\u043b\u044e\u0437\u0438\u0432\u043d\u044b\u0435 \u0443\u0441\u043b\u0443\u0433\u0438 \u0434\u043b\u044f \u043d\u0430\u0441\u0442\u043e\u044f\u0449\u0438\u0445 \u0446\u0435\u043d\u0438\u0442\u0435\u043b\u0435\u0439.<\/p>\n\n\n\n<div style=\"height:40px\" aria-hidden=\"true\" class=\"wp-block-spacer\"><\/div>\n\n\n\n<h3 class=\"wp-block-heading has-text-align-center\"><br><br>\u041e\u0431\u043e\u0433\u0430\u0449\u0435\u043d\u0438\u0435 \u0432\u0430\u0448\u0435\u0433\u043e \u043f\u043e\u0433\u0440\u0435\u0431\u0430<\/h3>\n\n\n\n<hr class=\"wp-block-separator has-text-color has-alpha-channel-opacity has-background is-style-default\" style=\"background-color:#bcaa88;color:#bcaa88\"\/>\n\n\n\n<h3 class=\"wp-block-heading has-text-align-center\"><br>\u041e\u0442\u043a\u0440\u044b\u0442\u0438\u0435 \u0440\u0435\u0434\u043a\u0438\u0445 \u0432\u0438\u043d\u0442\u0430\u0436\u043d\u044b\u0445 \u0432\u0438\u043d<\/h3>\n\n\n\n<hr class=\"wp-block-separator has-text-color has-alpha-channel-opacity has-background is-style-default\" style=\"background-color:#bcaa88;color:#bcaa88\"\/>\n\n\n\n<h3 class=\"wp-block-heading has-text-align-center\"><br>\u0418\u043d\u0432\u0435\u0441\u0442\u0438\u0446\u0438\u0438 \u0432 \u043a\u0443\u043b\u044c\u0442\u043e\u0432\u044b\u0435 \u0431\u0443\u0442\u044b\u043b\u043a\u0438<\/h3>\n\n\n\n<hr class=\"wp-block-separator has-text-color has-alpha-channel-opacity has-background is-style-default\" style=\"background-color:#bcaa88;color:#bcaa88\"\/>\n\n\n\n<h3 class=\"wp-block-heading has-text-align-center\"><br>\u0423\u0447\u0430\u0441\u0442\u0438\u0435 \u0432 \u0447\u0430\u0441\u0442\u043d\u044b\u0445 \u0434\u0435\u0433\u0443\u0441\u0442\u0430\u0446\u0438\u044f\u0445 \u0441 \u043f\u0440\u0435\u0441\u0442\u0438\u0436\u043d\u044b\u043c\u0438 \u043f\u043e\u043c\u0435\u0441\u0442\u044c\u044f\u043c\u0438<\/h3>\n\n\n\n<div style=\"height:102px\" aria-hidden=\"true\" class=\"wp-block-spacer\"><\/div>\n\n\n\n<div class=\"wp-block-buttons is-content-justification-center is-layout-flex wp-container-core-buttons-is-layout-16018d1d wp-block-buttons-is-layout-flex\">\n<div class=\"wp-block-button is-style-outline is-style-outline--2\"><a class=\"wp-block-button__link has-text-align-center has-custom-font-size wp-element-button\" href=\"https:\/\/www.barnes-miami.com\/ru\/%d0%ba%d0%be%d0%bd%d1%82%d0%b0%d0%ba%d1%82\/\" style=\"border-radius:4px;font-size:16px\">\u0417\u0410\u041f\u0418\u0421\u0410\u0422\u042c\u0421\u042f \u041d\u0410 \u041a\u041e\u041d\u0421\u0423\u041b\u042c\u0422\u0410\u0426\u0418\u042e<\/a><\/div>\n<\/div>\n\n\n\n<div style=\"height:83px\" aria-hidden=\"true\" class=\"wp-block-spacer\"><\/div>\n\n\n\n<div class=\"wp-block-cover has-parallax\"><div class=\"wp-block-cover__image-background wp-image-29946 size-full has-parallax\" style=\"background-position:50% 50%;background-image:url(https:\/\/www.barnes-miami.com\/wp-content\/uploads\/2025\/10\/castle.jpg)\"><\/div><span aria-hidden=\"true\" class=\"wp-block-cover__background has-foreground-background-color has-background-dim-30 has-background-dim\"><\/span><div class=\"wp-block-cover__inner-container is-layout-constrained wp-container-core-cover-is-layout-23fe5839 wp-block-cover-is-layout-constrained\">\n<h2 class=\"wp-block-heading has-text-align-center scroll-animate has-large-font-size\"><br>\u0418\u0441\u043a\u0443\u0441\u0441\u0442\u0432\u043e \u0432\u0438\u043d\u0430, \u0441\u0443\u0431\u043b\u0438\u043c\u0438\u0440\u043e\u0432\u0430\u043d\u043d\u043e\u0435<\/h2>\n<\/div><\/div>","protected":false},"excerpt":{"rendered":"<p>L\u2019ART DU VIN Poss\u00e9der un vignoble est le r\u00eave de nombreux passionn\u00e9s. Produire du vin et le voir prosp\u00e9rer, en France ou \u00e0 l\u2019international, est une aventure unique. Plus qu\u2019un art de vivre, un grand mill\u00e9sime est devenu un bien rare et pr\u00e9cieux. Investir dans un vignoble, c\u2019est allier passion et strat\u00e9gie \u00e0 long terme. [&hellip;]<\/p>\n","protected":false},"author":2,"featured_media":29950,"parent":22777,"menu_order":0,"comment_status":"closed","ping_status":"closed","template":"","meta":{"inline_featured_image":false,"footnotes":""},"class_list":["post-22528","page","type-page","status-publish","has-post-thumbnail","hentry"],"yoast_head":"<!-- This site is optimized with the Yoast SEO plugin v27.4 - https:\/\/yoast.com\/product\/yoast-seo-wordpress\/ -->\n<title>BARNES VINEYARDS | Art de Vivre | BARNES Miami<\/title>\n<meta name=\"description\" content=\"L&#039;art de vivre caract\u00e9rise \u00e9galement les vins, spiritueux et les vineyards. Un cru d&#039;exception est d\u00e9sormais un actif rare et recherch\u00e9.\" \/>\n<meta name=\"robots\" content=\"index, follow, max-snippet:-1, max-image-preview:large, max-video-preview:-1\" \/>\n<link rel=\"canonical\" href=\"https:\/\/www.barnes-miami.com\/ru\/\u0438\u0441\u043a\u0443\u0441\u0441\u0442\u0432\u043e-\u0436\u0438\u0437\u043d\u0438\/\u0438\u043d\u0432\u0435\u0441\u0442\u0438\u0446\u0438\u0438-\u0432-\u0432\u0438\u043d\u043e\u0433\u0440\u0430\u0434\u043d\u0438\u043a\u0438-\u0431\u0430\u0440\u043d\u0441\u0430\/\" \/>\n<meta property=\"og:locale\" content=\"ru_RU\" \/>\n<meta property=\"og:type\" content=\"article\" \/>\n<meta property=\"og:title\" content=\"BARNES VINEYARDS | Art de Vivre | BARNES Miami\" \/>\n<meta property=\"og:description\" content=\"L&#039;art de vivre caract\u00e9rise \u00e9galement les vins, spiritueux et les vineyards. Un cru d&#039;exception est d\u00e9sormais un actif rare et recherch\u00e9.\" \/>\n<meta property=\"og:url\" content=\"https:\/\/www.barnes-miami.com\/ru\/\u0438\u0441\u043a\u0443\u0441\u0441\u0442\u0432\u043e-\u0436\u0438\u0437\u043d\u0438\/\u0438\u043d\u0432\u0435\u0441\u0442\u0438\u0446\u0438\u0438-\u0432-\u0432\u0438\u043d\u043e\u0433\u0440\u0430\u0434\u043d\u0438\u043a\u0438-\u0431\u0430\u0440\u043d\u0441\u0430\/\" \/>\n<meta property=\"og:site_name\" content=\"BARNES Miami\" \/>\n<meta property=\"article:publisher\" content=\"https:\/\/www.facebook.com\/barnesinternationalmiami\/\" \/>\n<meta property=\"article:modified_time\" content=\"2025-10-13T18:40:42+00:00\" \/>\n<meta property=\"og:image\" content=\"https:\/\/www.barnes-miami.com\/wp-content\/uploads\/2025\/10\/vineyard.jpg\" \/>\n\t<meta property=\"og:image:width\" content=\"2000\" \/>\n\t<meta property=\"og:image:height\" content=\"1498\" \/>\n\t<meta property=\"og:image:type\" content=\"image\/jpeg\" \/>\n<meta name=\"twitter:card\" content=\"summary_large_image\" \/>\n<meta name=\"twitter:site\" content=\"@barnesmiami\" \/>\n<meta name=\"twitter:label1\" content=\"\u041f\u0440\u0438\u043c\u0435\u0440\u043d\u043e\u0435 \u0432\u0440\u0435\u043c\u044f \u0434\u043b\u044f \u0447\u0442\u0435\u043d\u0438\u044f\" \/>\n\t<meta name=\"twitter:data1\" content=\"1 \u043c\u0438\u043d\u0443\u0442\u0430\" \/>\n<script type=\"application\/ld+json\" class=\"yoast-schema-graph\">{\"@context\":\"https:\\\/\\\/schema.org\",\"@graph\":[{\"@type\":\"WebPage\",\"@id\":\"https:\\\/\\\/www.barnes-miami.com\\\/a-propos\\\/barnes-vineyards-investment\\\/\",\"url\":\"https:\\\/\\\/www.barnes-miami.com\\\/a-propos\\\/barnes-vineyards-investment\\\/\",\"name\":\"BARNES VINEYARDS | Art de Vivre | BARNES Miami\",\"isPartOf\":{\"@id\":\"https:\\\/\\\/www.barnes-miami.com\\\/#website\"},\"primaryImageOfPage\":{\"@id\":\"https:\\\/\\\/www.barnes-miami.com\\\/a-propos\\\/barnes-vineyards-investment\\\/#primaryimage\"},\"image\":{\"@id\":\"https:\\\/\\\/www.barnes-miami.com\\\/a-propos\\\/barnes-vineyards-investment\\\/#primaryimage\"},\"thumbnailUrl\":\"https:\\\/\\\/www.barnes-miami.com\\\/wp-content\\\/uploads\\\/2025\\\/10\\\/vineyard.jpg\",\"datePublished\":\"2019-11-12T15:56:02+00:00\",\"dateModified\":\"2025-10-13T18:40:42+00:00\",\"description\":\"L'art de vivre caract\u00e9rise \u00e9galement les vins, spiritueux et les vineyards. Un cru d'exception est d\u00e9sormais un actif rare et recherch\u00e9.\",\"breadcrumb\":{\"@id\":\"https:\\\/\\\/www.barnes-miami.com\\\/a-propos\\\/barnes-vineyards-investment\\\/#breadcrumb\"},\"inLanguage\":\"ru-RU\",\"potentialAction\":[{\"@type\":\"ReadAction\",\"target\":[\"https:\\\/\\\/www.barnes-miami.com\\\/a-propos\\\/barnes-vineyards-investment\\\/\"]}]},{\"@type\":\"ImageObject\",\"inLanguage\":\"ru-RU\",\"@id\":\"https:\\\/\\\/www.barnes-miami.com\\\/a-propos\\\/barnes-vineyards-investment\\\/#primaryimage\",\"url\":\"https:\\\/\\\/www.barnes-miami.com\\\/wp-content\\\/uploads\\\/2025\\\/10\\\/vineyard.jpg\",\"contentUrl\":\"https:\\\/\\\/www.barnes-miami.com\\\/wp-content\\\/uploads\\\/2025\\\/10\\\/vineyard.jpg\",\"width\":2000,\"height\":1498},{\"@type\":\"BreadcrumbList\",\"@id\":\"https:\\\/\\\/www.barnes-miami.com\\\/a-propos\\\/barnes-vineyards-investment\\\/#breadcrumb\",\"itemListElement\":[{\"@type\":\"ListItem\",\"position\":1,\"name\":\"Accueil\",\"item\":\"https:\\\/\\\/www.barnes-miami.com\\\/\"},{\"@type\":\"ListItem\",\"position\":2,\"name\":\"A PROPOS DE BARNES\",\"item\":\"https:\\\/\\\/www.barnes-miami.com\\\/a-propos\\\/\"},{\"@type\":\"ListItem\",\"position\":3,\"name\":\"VINEYARDS\"}]},{\"@type\":\"WebSite\",\"@id\":\"https:\\\/\\\/www.barnes-miami.com\\\/#website\",\"url\":\"https:\\\/\\\/www.barnes-miami.com\\\/\",\"name\":\"BARNES Miami\",\"description\":\"#1 International Real Estate Brokerage in South Florida\",\"publisher\":{\"@id\":\"https:\\\/\\\/www.barnes-miami.com\\\/#organization\"},\"potentialAction\":[{\"@type\":\"SearchAction\",\"target\":{\"@type\":\"EntryPoint\",\"urlTemplate\":\"https:\\\/\\\/www.barnes-miami.com\\\/?s={search_term_string}\"},\"query-input\":{\"@type\":\"PropertyValueSpecification\",\"valueRequired\":true,\"valueName\":\"search_term_string\"}}],\"inLanguage\":\"ru-RU\"},{\"@type\":\"Organization\",\"@id\":\"https:\\\/\\\/www.barnes-miami.com\\\/#organization\",\"name\":\"BARNES Miami\",\"url\":\"https:\\\/\\\/www.barnes-miami.com\\\/\",\"logo\":{\"@type\":\"ImageObject\",\"inLanguage\":\"ru-RU\",\"@id\":\"https:\\\/\\\/www.barnes-miami.com\\\/#\\\/schema\\\/logo\\\/image\\\/\",\"url\":\"https:\\\/\\\/www.barnes-miami.com\\\/wp-content\\\/uploads\\\/2026\\\/01\\\/logo-2.png\",\"contentUrl\":\"https:\\\/\\\/www.barnes-miami.com\\\/wp-content\\\/uploads\\\/2026\\\/01\\\/logo-2.png\",\"width\":1100,\"height\":1100,\"caption\":\"BARNES Miami\"},\"image\":{\"@id\":\"https:\\\/\\\/www.barnes-miami.com\\\/#\\\/schema\\\/logo\\\/image\\\/\"},\"sameAs\":[\"https:\\\/\\\/www.facebook.com\\\/barnesinternationalmiami\\\/\",\"https:\\\/\\\/x.com\\\/barnesmiami\",\"https:\\\/\\\/www.instagram.com\\\/barnesmiami\\\/\",\"https:\\\/\\\/www.linkedin.com\\\/company\\\/barnes-international-miami\\\/\",\"https:\\\/\\\/www.youtube.com\\\/user\\\/BarnesImmoMiami\\\/\"]}]}<\/script>\n<!-- \/ Yoast SEO plugin. -->","yoast_head_json":{"title":"\u0411\u0410\u0420\u041d\u0421 \u0412\u0418\u041d\u042f\u0420\u0414\u0421 | \u0418\u0441\u043a\u0443\u0441\u0441\u0442\u0432\u043e \u0416\u0438\u0437\u043d\u0438 | \u0411\u0410\u0420\u041d\u0421 \u041c\u0430\u0439\u0430\u043c\u0438","description":"\u0418\u0441\u043a\u0443\u0441\u0441\u0442\u0432\u043e \u0436\u0438\u0437\u043d\u0438 \u0442\u0430\u043a\u0436\u0435 \u0445\u0430\u0440\u0430\u043a\u0442\u0435\u0440\u0438\u0437\u0443\u0435\u0442 \u0432\u0438\u043d\u0430, \u0441\u043f\u0438\u0440\u0442\u043d\u044b\u0435 \u043d\u0430\u043f\u0438\u0442\u043a\u0438 \u0438 \u0432\u0438\u043d\u043e\u0433\u0440\u0430\u0434\u043d\u0438\u043a\u0438. \u0418\u0441\u043a\u043b\u044e\u0447\u0438\u0442\u0435\u043b\u044c\u043d\u044b\u0439 \u0432\u0438\u043d\u0442\u0430\u0436 \u0442\u0435\u043f\u0435\u0440\u044c \u044f\u0432\u043b\u044f\u0435\u0442\u0441\u044f \u0440\u0435\u0434\u043a\u0438\u043c \u0438 \u0432\u043e\u0441\u0442\u0440\u0435\u0431\u043e\u0432\u0430\u043d\u043d\u044b\u043c \u0430\u043a\u0442\u0438\u0432\u043e\u043c.","robots":{"index":"index","follow":"follow","max-snippet":"max-snippet:-1","max-image-preview":"max-image-preview:large","max-video-preview":"max-video-preview:-1"},"canonical":"https:\/\/www.barnes-miami.com\/ru\/\u0438\u0441\u043a\u0443\u0441\u0441\u0442\u0432\u043e-\u0436\u0438\u0437\u043d\u0438\/\u0438\u043d\u0432\u0435\u0441\u0442\u0438\u0446\u0438\u0438-\u0432-\u0432\u0438\u043d\u043e\u0433\u0440\u0430\u0434\u043d\u0438\u043a\u0438-\u0431\u0430\u0440\u043d\u0441\u0430\/","og_locale":"ru_RU","og_type":"article","og_title":"BARNES VINEYARDS | Art de Vivre | BARNES Miami","og_description":"L'art de vivre caract\u00e9rise \u00e9galement les vins, spiritueux et les vineyards. Un cru d'exception est d\u00e9sormais un actif rare et recherch\u00e9.","og_url":"https:\/\/www.barnes-miami.com\/ru\/\u0438\u0441\u043a\u0443\u0441\u0441\u0442\u0432\u043e-\u0436\u0438\u0437\u043d\u0438\/\u0438\u043d\u0432\u0435\u0441\u0442\u0438\u0446\u0438\u0438-\u0432-\u0432\u0438\u043d\u043e\u0433\u0440\u0430\u0434\u043d\u0438\u043a\u0438-\u0431\u0430\u0440\u043d\u0441\u0430\/","og_site_name":"BARNES Miami","article_publisher":"https:\/\/www.facebook.com\/barnesinternationalmiami\/","article_modified_time":"2025-10-13T18:40:42+00:00","og_image":[{"width":2000,"height":1498,"url":"https:\/\/www.barnes-miami.com\/wp-content\/uploads\/2025\/10\/vineyard.jpg","type":"image\/jpeg"}],"twitter_card":"summary_large_image","twitter_site":"@barnesmiami","twitter_misc":{"\u041f\u0440\u0438\u043c\u0435\u0440\u043d\u043e\u0435 \u0432\u0440\u0435\u043c\u044f \u0434\u043b\u044f \u0447\u0442\u0435\u043d\u0438\u044f":"1 \u043c\u0438\u043d\u0443\u0442\u0430"},"schema":{"@context":"https:\/\/schema.org","@graph":[{"@type":"WebPage","@id":"https:\/\/www.barnes-miami.com\/a-propos\/barnes-vineyards-investment\/","url":"https:\/\/www.barnes-miami.com\/a-propos\/barnes-vineyards-investment\/","name":"\u0411\u0410\u0420\u041d\u0421 \u0412\u0418\u041d\u042f\u0420\u0414\u0421 | \u0418\u0441\u043a\u0443\u0441\u0441\u0442\u0432\u043e \u0416\u0438\u0437\u043d\u0438 | \u0411\u0410\u0420\u041d\u0421 \u041c\u0430\u0439\u0430\u043c\u0438","isPartOf":{"@id":"https:\/\/www.barnes-miami.com\/#website"},"primaryImageOfPage":{"@id":"https:\/\/www.barnes-miami.com\/a-propos\/barnes-vineyards-investment\/#primaryimage"},"image":{"@id":"https:\/\/www.barnes-miami.com\/a-propos\/barnes-vineyards-investment\/#primaryimage"},"thumbnailUrl":"https:\/\/www.barnes-miami.com\/wp-content\/uploads\/2025\/10\/vineyard.jpg","datePublished":"2019-11-12T15:56:02+00:00","dateModified":"2025-10-13T18:40:42+00:00","description":"\u0418\u0441\u043a\u0443\u0441\u0441\u0442\u0432\u043e \u0436\u0438\u0437\u043d\u0438 \u0442\u0430\u043a\u0436\u0435 \u0445\u0430\u0440\u0430\u043a\u0442\u0435\u0440\u0438\u0437\u0443\u0435\u0442 \u0432\u0438\u043d\u0430, \u0441\u043f\u0438\u0440\u0442\u043d\u044b\u0435 \u043d\u0430\u043f\u0438\u0442\u043a\u0438 \u0438 \u0432\u0438\u043d\u043e\u0433\u0440\u0430\u0434\u043d\u0438\u043a\u0438. \u0418\u0441\u043a\u043b\u044e\u0447\u0438\u0442\u0435\u043b\u044c\u043d\u044b\u0439 \u0432\u0438\u043d\u0442\u0430\u0436 \u0442\u0435\u043f\u0435\u0440\u044c \u044f\u0432\u043b\u044f\u0435\u0442\u0441\u044f \u0440\u0435\u0434\u043a\u0438\u043c \u0438 \u0432\u043e\u0441\u0442\u0440\u0435\u0431\u043e\u0432\u0430\u043d\u043d\u044b\u043c \u0430\u043a\u0442\u0438\u0432\u043e\u043c.","breadcrumb":{"@id":"https:\/\/www.barnes-miami.com\/a-propos\/barnes-vineyards-investment\/#breadcrumb"},"inLanguage":"ru-RU","potentialAction":[{"@type":"ReadAction","target":["https:\/\/www.barnes-miami.com\/a-propos\/barnes-vineyards-investment\/"]}]},{"@type":"ImageObject","inLanguage":"ru-RU","@id":"https:\/\/www.barnes-miami.com\/a-propos\/barnes-vineyards-investment\/#primaryimage","url":"https:\/\/www.barnes-miami.com\/wp-content\/uploads\/2025\/10\/vineyard.jpg","contentUrl":"https:\/\/www.barnes-miami.com\/wp-content\/uploads\/2025\/10\/vineyard.jpg","width":2000,"height":1498},{"@type":"BreadcrumbList","@id":"https:\/\/www.barnes-miami.com\/a-propos\/barnes-vineyards-investment\/#breadcrumb","itemListElement":[{"@type":"ListItem","position":1,"name":"Accueil","item":"https:\/\/www.barnes-miami.com\/"},{"@type":"ListItem","position":2,"name":"A PROPOS DE BARNES","item":"https:\/\/www.barnes-miami.com\/a-propos\/"},{"@type":"ListItem","position":3,"name":"VINEYARDS"}]},{"@type":"WebSite","@id":"https:\/\/www.barnes-miami.com\/#website","url":"https:\/\/www.barnes-miami.com\/","name":"\u0411\u0410\u0420\u041d\u0421 \u041c\u0430\u0439\u0430\u043c\u0438","description":"#1 \u041c\u0435\u0436\u0434\u0443\u043d\u0430\u0440\u043e\u0434\u043d\u0430\u044f \u0431\u0440\u043e\u043a\u0435\u0440\u0441\u043a\u0430\u044f \u043a\u043e\u043c\u043f\u0430\u043d\u0438\u044f \u043f\u043e \u043d\u0435\u0434\u0432\u0438\u0436\u0438\u043c\u043e\u0441\u0442\u0438 \u0432 \u042e\u0436\u043d\u043e\u0439 \u0424\u043b\u043e\u0440\u0438\u0434\u0435","publisher":{"@id":"https:\/\/www.barnes-miami.com\/#organization"},"potentialAction":[{"@type":"SearchAction","target":{"@type":"EntryPoint","urlTemplate":"https:\/\/www.barnes-miami.com\/?s={search_term_string}"},"query-input":{"@type":"PropertyValueSpecification","valueRequired":true,"valueName":"search_term_string"}}],"inLanguage":"ru-RU"},{"@type":"Organization","@id":"https:\/\/www.barnes-miami.com\/#organization","name":"\u0411\u0410\u0420\u041d\u0421 \u041c\u0430\u0439\u0430\u043c\u0438","url":"https:\/\/www.barnes-miami.com\/","logo":{"@type":"ImageObject","inLanguage":"ru-RU","@id":"https:\/\/www.barnes-miami.com\/#\/schema\/logo\/image\/","url":"https:\/\/www.barnes-miami.com\/wp-content\/uploads\/2026\/01\/logo-2.png","contentUrl":"https:\/\/www.barnes-miami.com\/wp-content\/uploads\/2026\/01\/logo-2.png","width":1100,"height":1100,"caption":"BARNES Miami"},"image":{"@id":"https:\/\/www.barnes-miami.com\/#\/schema\/logo\/image\/"},"sameAs":["https:\/\/www.facebook.com\/barnesinternationalmiami\/","https:\/\/x.com\/barnesmiami","https:\/\/www.instagram.com\/barnesmiami\/","https:\/\/www.linkedin.com\/company\/barnes-international-miami\/","https:\/\/www.youtube.com\/user\/BarnesImmoMiami\/"]}]}},"_links":{"self":[{"href":"https:\/\/www.barnes-miami.com\/ru\/wp-json\/wp\/v2\/pages\/22528","targetHints":{"allow":["GET"]}}],"collection":[{"href":"https:\/\/www.barnes-miami.com\/ru\/wp-json\/wp\/v2\/pages"}],"about":[{"href":"https:\/\/www.barnes-miami.com\/ru\/wp-json\/wp\/v2\/types\/page"}],"author":[{"embeddable":true,"href":"https:\/\/www.barnes-miami.com\/ru\/wp-json\/wp\/v2\/users\/2"}],"replies":[{"embeddable":true,"href":"https:\/\/www.barnes-miami.com\/ru\/wp-json\/wp\/v2\/comments?post=22528"}],"version-history":[{"count":25,"href":"https:\/\/www.barnes-miami.com\/ru\/wp-json\/wp\/v2\/pages\/22528\/revisions"}],"predecessor-version":[{"id":30116,"href":"https:\/\/www.barnes-miami.com\/ru\/wp-json\/wp\/v2\/pages\/22528\/revisions\/30116"}],"up":[{"embeddable":true,"href":"https:\/\/www.barnes-miami.com\/ru\/wp-json\/wp\/v2\/pages\/22777"}],"wp:featuredmedia":[{"embeddable":true,"href":"https:\/\/www.barnes-miami.com\/ru\/wp-json\/wp\/v2\/media\/29950"}],"wp:attachment":[{"href":"https:\/\/www.barnes-miami.com\/ru\/wp-json\/wp\/v2\/media?parent=22528"}],"curies":[{"name":"WP","href":"https:\/\/api.w.org\/{rel}","templated":true}]}}